{"id":9494,"date":"2025-11-04T14:51:37","date_gmt":"2025-11-04T13:51:37","guid":{"rendered":"https:\/\/korsarger3500.de\/?page_id=9494"},"modified":"2025-11-19T17:05:04","modified_gmt":"2025-11-19T16:05:04","slug":"comer-see-training-2025","status":"publish","type":"page","link":"https:\/\/korsarger3500.de\/index.php\/comer-see-training-2025\/","title":{"rendered":"Training am Comer See 2025"},"content":{"rendered":"<p style=\"text-align: justify;\">Auch dieses Jahr hat die Crew mich zum Comers See geschleppt. Die Fahrt ging wieder \u00fcber die Alpen und den Spl\u00fcgenpass. Die \u00fcber 50 Kehren und die sehr enge Passstra\u00dfe sind jedes mal ein besonderes Erlebnis. Nach der Ankunft in Domaso wurde ich bald aufgeriggt und f\u00fcr den n\u00e4chsten Tag segelfertig gemacht. Es folgte eine abwechslungsreiche Woche mit einigen Trainingsregatten welche die Stuttgarter Segler wie immer hervorragend organisiert hatten. Wenn keine Regatta geplant war unternahmen wir mit <em>forever wett<\/em> und den anderen einige Trimmschl\u00e4ge.<\/p>\n<div id='gallery-1' class='gallery galleryid-9494 gallery-columns-4 gallery-size-thumbnail'><figure class='gallery-item'>\n\t\t\t<div class='gallery-icon portrait'>\n\t\t\t\t<a href='https:\/\/korsarger3500.de\/wp-content\/uploads\/2025\/11\/Domaso_2025_15.jpg'><img loading=\"lazy\" decoding=\"async\" width=\"150\" height=\"150\" src=\"https:\/\/korsarger3500.de\/wp-content\/uploads\/2025\/11\/Domaso_2025_15-150x150.jpg\" class=\"attachment-thumbnail size-thumbnail\" alt=\"\" \/><\/a>\n\t\t\t<\/div><\/figure><figure class='gallery-item'>\n\t\t\t<div class='gallery-icon landscape'>\n\t\t\t\t<a href='https:\/\/korsarger3500.de\/wp-content\/uploads\/2025\/11\/Domaso_2025_24.jpg'><img loading=\"lazy\" decoding=\"async\" width=\"150\" height=\"150\" src=\"https:\/\/korsarger3500.de\/wp-content\/uploads\/2025\/11\/Domaso_2025_24-150x150.jpg\" class=\"attachment-thumbnail size-thumbnail\" alt=\"\" \/><\/a>\n\t\t\t<\/div><\/figure><figure class='gallery-item'>\n\t\t\t<div class='gallery-icon portrait'>\n\t\t\t\t<a href='https:\/\/korsarger3500.de\/wp-content\/uploads\/2025\/11\/Domaso_2025_40.jpg'><img loading=\"lazy\" decoding=\"async\" width=\"150\" height=\"150\" src=\"https:\/\/korsarger3500.de\/wp-content\/uploads\/2025\/11\/Domaso_2025_40-150x150.jpg\" class=\"attachment-thumbnail size-thumbnail\" alt=\"\" \/><\/a>\n\t\t\t<\/div><\/figure><figure class='gallery-item'>\n\t\t\t<div class='gallery-icon landscape'>\n\t\t\t\t<a href='https:\/\/korsarger3500.de\/wp-content\/uploads\/2025\/11\/Domaso_2025_22.jpg'><img loading=\"lazy\" decoding=\"async\" width=\"150\" height=\"150\" src=\"https:\/\/korsarger3500.de\/wp-content\/uploads\/2025\/11\/Domaso_2025_22-150x150.jpg\" class=\"attachment-thumbnail size-thumbnail\" alt=\"\" \/><\/a>\n\t\t\t<\/div><\/figure><figure class='gallery-item'>\n\t\t\t<div class='gallery-icon landscape'>\n\t\t\t\t<a href='https:\/\/korsarger3500.de\/wp-content\/uploads\/2025\/11\/Domaso_2025_34.jpg'><img loading=\"lazy\" decoding=\"async\" width=\"150\" height=\"150\" src=\"https:\/\/korsarger3500.de\/wp-content\/uploads\/2025\/11\/Domaso_2025_34-150x150.jpg\" class=\"attachment-thumbnail size-thumbnail\" alt=\"\" \/><\/a>\n\t\t\t<\/div><\/figure><figure class='gallery-item'>\n\t\t\t<div class='gallery-icon landscape'>\n\t\t\t\t<a href='https:\/\/korsarger3500.de\/wp-content\/uploads\/2025\/11\/Domaso_2025_29.jpg'><img loading=\"lazy\" decoding=\"async\" width=\"150\" height=\"150\" src=\"https:\/\/korsarger3500.de\/wp-content\/uploads\/2025\/11\/Domaso_2025_29-150x150.jpg\" class=\"attachment-thumbnail size-thumbnail\" alt=\"\" \/><\/a>\n\t\t\t<\/div><\/figure><figure class='gallery-item'>\n\t\t\t<div class='gallery-icon landscape'>\n\t\t\t\t<a href='https:\/\/korsarger3500.de\/wp-content\/uploads\/2025\/11\/Domaso_2025_38.jpg'><img loading=\"lazy\" decoding=\"async\" width=\"150\" height=\"150\" src=\"https:\/\/korsarger3500.de\/wp-content\/uploads\/2025\/11\/Domaso_2025_38-150x150.jpg\" class=\"attachment-thumbnail size-thumbnail\" alt=\"\" \/><\/a>\n\t\t\t<\/div><\/figure><figure class='gallery-item'>\n\t\t\t<div class='gallery-icon landscape'>\n\t\t\t\t<a href='https:\/\/korsarger3500.de\/wp-content\/uploads\/2025\/11\/Domaso_2025_18.jpg'><img loading=\"lazy\" decoding=\"async\" width=\"150\" height=\"150\" src=\"https:\/\/korsarger3500.de\/wp-content\/uploads\/2025\/11\/Domaso_2025_18-150x150.jpg\" class=\"attachment-thumbnail size-thumbnail\" alt=\"\" \/><\/a>\n\t\t\t<\/div><\/figure><figure class='gallery-item'>\n\t\t\t<div class='gallery-icon landscape'>\n\t\t\t\t<a href='https:\/\/korsarger3500.de\/wp-content\/uploads\/2025\/11\/Domaso_2025_20.jpg'><img loading=\"lazy\" decoding=\"async\" width=\"150\" height=\"150\" src=\"https:\/\/korsarger3500.de\/wp-content\/uploads\/2025\/11\/Domaso_2025_20-150x150.jpg\" class=\"attachment-thumbnail size-thumbnail\" alt=\"\" \/><\/a>\n\t\t\t<\/div><\/figure><figure class='gallery-item'>\n\t\t\t<div class='gallery-icon landscape'>\n\t\t\t\t<a href='https:\/\/korsarger3500.de\/wp-content\/uploads\/2025\/11\/Domaso_2025_6.jpg'><img loading=\"lazy\" decoding=\"async\" width=\"150\" height=\"150\" src=\"https:\/\/korsarger3500.de\/wp-content\/uploads\/2025\/11\/Domaso_2025_6-150x150.jpg\" class=\"attachment-thumbnail size-thumbnail\" alt=\"\" \/><\/a>\n\t\t\t<\/div><\/figure><figure class='gallery-item'>\n\t\t\t<div class='gallery-icon landscape'>\n\t\t\t\t<a href='https:\/\/korsarger3500.de\/wp-content\/uploads\/2025\/11\/Domaso_2025_9.jpg'><img loading=\"lazy\" decoding=\"async\" width=\"150\" height=\"150\" src=\"https:\/\/korsarger3500.de\/wp-content\/uploads\/2025\/11\/Domaso_2025_9-150x150.jpg\" class=\"attachment-thumbnail size-thumbnail\" alt=\"\" \/><\/a>\n\t\t\t<\/div><\/figure><figure class='gallery-item'>\n\t\t\t<div class='gallery-icon landscape'>\n\t\t\t\t<a href='https:\/\/korsarger3500.de\/wp-content\/uploads\/2025\/11\/Domaso_2025_v3.jpg'><img loading=\"lazy\" decoding=\"async\" width=\"150\" height=\"150\" src=\"https:\/\/korsarger3500.de\/wp-content\/uploads\/2025\/11\/Domaso_2025_v3-150x150.jpg\" class=\"attachment-thumbnail size-thumbnail\" alt=\"\" \/><\/a>\n\t\t\t<\/div><\/figure><figure class='gallery-item'>\n\t\t\t<div class='gallery-icon landscape'>\n\t\t\t\t<a href='https:\/\/korsarger3500.de\/wp-content\/uploads\/2025\/11\/Domaso_2025_v5.jpg'><img loading=\"lazy\" decoding=\"async\" width=\"150\" height=\"150\" src=\"https:\/\/korsarger3500.de\/wp-content\/uploads\/2025\/11\/Domaso_2025_v5-150x150.jpg\" class=\"attachment-thumbnail size-thumbnail\" alt=\"\" \/><\/a>\n\t\t\t<\/div><\/figure><figure class='gallery-item'>\n\t\t\t<div class='gallery-icon landscape'>\n\t\t\t\t<a href='https:\/\/korsarger3500.de\/wp-content\/uploads\/2025\/11\/Domaso_2025_v7.jpg'><img loading=\"lazy\" decoding=\"async\" width=\"150\" height=\"150\" src=\"https:\/\/korsarger3500.de\/wp-content\/uploads\/2025\/11\/Domaso_2025_v7-150x150.jpg\" class=\"attachment-thumbnail size-thumbnail\" alt=\"\" \/><\/a>\n\t\t\t<\/div><\/figure><figure class='gallery-item'>\n\t\t\t<div class='gallery-icon portrait'>\n\t\t\t\t<a href='https:\/\/korsarger3500.de\/wp-content\/uploads\/2025\/11\/Domaso_2025_v1.jpg'><img loading=\"lazy\" decoding=\"async\" width=\"150\" height=\"150\" src=\"https:\/\/korsarger3500.de\/wp-content\/uploads\/2025\/11\/Domaso_2025_v1-150x150.jpg\" class=\"attachment-thumbnail size-thumbnail\" alt=\"\" \/><\/a>\n\t\t\t<\/div><\/figure><figure class='gallery-item'>\n\t\t\t<div class='gallery-icon landscape'>\n\t\t\t\t<a href='https:\/\/korsarger3500.de\/wp-content\/uploads\/2025\/11\/Domaso_2025_21.jpg'><img loading=\"lazy\" decoding=\"async\" width=\"150\" height=\"150\" src=\"https:\/\/korsarger3500.de\/wp-content\/uploads\/2025\/11\/Domaso_2025_21-150x150.jpg\" class=\"attachment-thumbnail size-thumbnail\" alt=\"\" \/><\/a>\n\t\t\t<\/div><\/figure>\n\t\t<\/div>\n\n<div style=\"width: 660px;\" class=\"wp-video\"><video class=\"wp-video-shortcode\" id=\"video-9494-1\" width=\"660\" height=\"371\" preload=\"metadata\" controls=\"controls\"><source type=\"video\/mp4\" src=\"https:\/\/korsarger3500.de\/wp-content\/uploads\/2025\/11\/Domaso2025-Web.mp4?_=1\" \/><a href=\"https:\/\/korsarger3500.de\/wp-content\/uploads\/2025\/11\/Domaso2025-Web.mp4\">https:\/\/korsarger3500.de\/wp-content\/uploads\/2025\/11\/Domaso2025-Web.mp4<\/a><\/video><\/div>\n<p>Am letzten Tag der Woche konnten und wollten wir nicht mehr aufs Wasser. Der Nordwind hackte mit 6 Windst\u00e4rken \u00fcber den See.<\/p>\n<div style=\"width: 660px;\" class=\"wp-video\"><video class=\"wp-video-shortcode\" id=\"video-9494-2\" width=\"660\" height=\"371\" preload=\"metadata\" controls=\"controls\"><source type=\"video\/mp4\" src=\"https:\/\/korsarger3500.de\/wp-content\/uploads\/2025\/11\/Nordwind.mp4?_=2\" \/><a href=\"https:\/\/korsarger3500.de\/wp-content\/uploads\/2025\/11\/Nordwind.mp4\">https:\/\/korsarger3500.de\/wp-content\/uploads\/2025\/11\/Nordwind.mp4<\/a><\/video><\/div>\n<p><a href=\"https:\/\/korsarger3500.de\/index.php\/korsarenschwert-am-goldkanal-2025\/\">weiter<\/a>\u00a0\u2026oder zur\u00a0<a href=\"http:\/\/korsarger3500.de\/\">Startseite<\/a><\/p>\n","protected":false},"excerpt":{"rendered":"<p>Auch dieses Jahr hat die Crew mich zum Comers See geschleppt. Die Fahrt ging wieder \u00fcber die Alpen und den Spl\u00fcgenpass. Die \u00fcber 50 Kehren und die sehr enge Passstra\u00dfe sind jedes mal ein besonderes Erlebnis. Nach der Ankunft in Domaso wurde ich bald aufgeriggt und f\u00fcr den n\u00e4chsten Tag segelfertig gemacht. Es folgte eine &hellip; <a href=\"https:\/\/korsarger3500.de\/index.php\/comer-see-training-2025\/\" class=\"more-link\"><span class=\"screen-reader-text\">Training am Comer See 2025<\/span> weiterlesen<\/a><\/p>\n","protected":false},"author":1,"featured_media":0,"parent":0,"menu_order":0,"comment_status":"closed","ping_status":"closed","template":"","meta":{"footnotes":""},"class_list":["post-9494","page","type-page","status-publish","hentry"],"_links":{"self":[{"href":"https:\/\/korsarger3500.de\/index.php\/wp-json\/wp\/v2\/pages\/9494","targetHints":{"allow":["GET"]}}],"collection":[{"href":"https:\/\/korsarger3500.de\/index.php\/wp-json\/wp\/v2\/pages"}],"about":[{"href":"https:\/\/korsarger3500.de\/index.php\/wp-json\/wp\/v2\/types\/page"}],"author":[{"embeddable":true,"href":"https:\/\/korsarger3500.de\/index.php\/wp-json\/wp\/v2\/users\/1"}],"replies":[{"embeddable":true,"href":"https:\/\/korsarger3500.de\/index.php\/wp-json\/wp\/v2\/comments?post=9494"}],"version-history":[{"count":13,"href":"https:\/\/korsarger3500.de\/index.php\/wp-json\/wp\/v2\/pages\/9494\/revisions"}],"predecessor-version":[{"id":9847,"href":"https:\/\/korsarger3500.de\/index.php\/wp-json\/wp\/v2\/pages\/9494\/revisions\/9847"}],"wp:attachment":[{"href":"https:\/\/korsarger3500.de\/index.php\/wp-json\/wp\/v2\/media?parent=9494"}],"curies":[{"name":"wp","href":"https:\/\/api.w.org\/{rel}","templated":true}]}}