{"id":927,"date":"2016-03-10T23:03:07","date_gmt":"2016-03-10T22:03:07","guid":{"rendered":"http:\/\/korsarger3500.de\/?page_id=927"},"modified":"2024-08-21T04:22:30","modified_gmt":"2024-08-21T02:22:30","slug":"mastcontroller","status":"publish","type":"page","link":"https:\/\/korsarger3500.de\/index.php\/mastcontroller\/","title":{"rendered":"Mastcontroller"},"content":{"rendered":"<p style=\"text-align: justify;\">Ein Mastcontroller mit dem man auch was kontrollieren kann, <a href=\"http:\/\/korsarger3500.de\/wp-content\/uploads\/2016\/01\/Mastcontroler_1.jpg\" rel=\"attachment wp-att-945\" data-lbwps-width=\"992\" data-lbwps-height=\"732\" data-lbwps-srcsmall=\"https:\/\/korsarger3500.de\/wp-content\/uploads\/2016\/01\/Mastcontroler_1-300x221.jpg\"><img loading=\"lazy\" decoding=\"async\" class=\"alignright wp-image-945 size-thumbnail\" src=\"http:\/\/korsarger3500.de\/wp-content\/uploads\/2016\/01\/Mastcontroler_1-150x150.jpg\" alt=\"Schlaufe als Mastcontroler\" width=\"150\" height=\"150\" \/><\/a>das w\u00e4r mal was. Momentan versuche ich meinen Mast gerade zu halten indem ich die Mastschlaufe per Curryklemme festhalte. Die Klemme ist aber alt und nicht mehr scharf, die Schot ist ausgelutscht und gescheit einstellen kann man den Mast damit auch nicht. Bei der Kuhschelle ist mir die Schot aus der Klemme gerutscht und die Crew hats nicht gemerkt. Sie haben sich nur gewundert warum ich nicht ins Laufen gekommen bin, obwohl genau der richtige Wind f\u00fcr uns war und eigentlich alles stimmen sollte. Erst als die Wettfahrt vorbei war haben die beiden gesehen, dass der Controller lose war und haben ihn wieder festgesetzt. Schwupp, dann ging es auch gleich wieder besser. Die Regatta war aber leider vorbei. F\u00fcr den Skipper war klar &#8211; das muss anders werden. Die M\u00f6glichkeiten die es da gibt sind vielf\u00e4ltig. Ne neue Schot und Klemme w\u00e4ren das Einfachste, aber damit kann man immer noch nicht den Mast genau einstellen. Das Gleiche gilt f\u00fcr die Holzkeile die in der Backskiste zu Hause liegen.\u00a0 Unterwanten erfordern ein Y-Schot, was ich sogar habe, aber die Stellen im Rumpf an denen die dann ansetzen w\u00fcrden, m\u00fcssten erst noch gefunden werden. Au\u00dferdem m\u00fcsste die Schottin zum An-und Ablegen immer dar\u00fcber steigen. Um eine Stange auf Deck zu befestigen m\u00fcssten Verst\u00e4rkungen unter Deck verbaut werden und jetzt mal ehrlich &#8211; sch\u00f6n sieht das nicht aus und die Genua schrabbelt auch immer dr\u00fcber. Man k\u00f6nnte auch einen Bierkasten als Schieber ins Deck einzubauen aber daf\u00fcr fehlt der Platz. Der <a href=\"http:\/\/korsarger3500.de\/wp-content\/uploads\/2016\/03\/Mastcontroler.jpg\" rel=\"attachment wp-att-939\" data-lbwps-width=\"1085\" data-lbwps-height=\"756\" data-lbwps-srcsmall=\"https:\/\/korsarger3500.de\/wp-content\/uploads\/2016\/03\/Mastcontroler-300x209.jpg\"><img loading=\"lazy\" decoding=\"async\" class=\"alignleft wp-image-939 size-thumbnail\" src=\"http:\/\/korsarger3500.de\/wp-content\/uploads\/2016\/03\/Mastcontroler-150x150.jpg\" alt=\"Prinzip\" width=\"150\" height=\"150\" \/><\/a>Skipper hatte mal bei einem alten Korsar eine Mechanik gesehen, bei der der Mast mit einer Gewindestange bewegt wurde auf der eine Scheibe montiert war. So etwas in dieser Art m\u00fcsste man bauen. Der Nachteil an diesem System ist, dass die Scheibe &#8222;wandert&#8220;, was wiederum die Schotf\u00fchrung massiv erschwert. Dann hatte er die Idee einen Wantenspanner einzubauen. Der Mittelpunkt des Spanners, dort wo die Scheibe sitzen muss, ver\u00e4ndert sich nur um die H\u00e4lfte des Verstellweges. Das m\u00fcsste gehen. Au\u00dferdem k\u00f6nnte man damit auch am Mast ziehen und\u00a0 nicht nur gegen ihn schieben. Also wurde gemessen und get\u00fcftelt wie weit der Verstellweg denn \u00fcberhaupt sein muss und ob die Idee funktionieren k\u00f6nnte.<a href=\"http:\/\/korsarger3500.de\/wp-content\/uploads\/2016\/03\/\u00dcbersicht.jpg\" rel=\"attachment wp-att-926\" data-lbwps-width=\"2853\" data-lbwps-height=\"1446\" data-lbwps-srcsmall=\"https:\/\/korsarger3500.de\/wp-content\/uploads\/2016\/03\/\u00dcbersicht-300x152.jpg\"><img loading=\"lazy\" decoding=\"async\" class=\"wp-image-926 size-medium alignright\" src=\"http:\/\/korsarger3500.de\/wp-content\/uploads\/2016\/03\/\u00dcbersicht-300x152.jpg\" alt=\"Mastfall \u00dcbersicht\" width=\"300\" height=\"152\" srcset=\"https:\/\/korsarger3500.de\/wp-content\/uploads\/2016\/03\/\u00dcbersicht-300x152.jpg 300w, https:\/\/korsarger3500.de\/wp-content\/uploads\/2016\/03\/\u00dcbersicht-768x389.jpg 768w, https:\/\/korsarger3500.de\/wp-content\/uploads\/2016\/03\/\u00dcbersicht-1024x519.jpg 1024w\" sizes=\"auto, (max-width: 300px) 100vw, 300px\" \/><\/a>\u00a0 Dann musste ein passender Spanner gefunden\u00a0 werden, der den Verstellweg aufweist und der auch stabil genug ist um die Kr\u00e4fte aufzunehmen. Nun war noch die Frage zu kl\u00e4ren wie man auf dem Edelstahlspanner eine Scheibe befestigt, auf der dann die Schot laufen kann. Da nichts passendes zur Hand war hat der Skipper die Scheibe dann selbst gebaut. Einfach den Wantenspanner in die Kappe einer Spr\u00fchdose stecken und dann die Kappe zur H\u00e4lfte mit Fieberglasharz ausgie\u00dfen. Das war eh noch von laminieren des Slipwagens \u00fcbrig. Vorher noch eine Gummidichtung eines Abwasserrohres in die Dose einlegen, dann hat man nachher gleich die Nut f\u00fcr die Schot in der Scheibe. Eine Nacht aush\u00e4rten, auspacken, entgraten. Die Nut musste dann noch besandet werden damit die Schot einen besseren Grip hat. Fertig, der Controller konnte eingebaut werden. Die Befestigungen am Mast und unter Deck wurden mit B\u00fcgeln und Nieten gemacht. Nun noch zwei Umlenkrollen neben den Mastfu\u00df gesetzt damit die Verstellung nach hinten gef\u00fchrt werden konnte. Die Endlos Schot wird am Spiegel mit einer Umlenkrolle und einem Gummistrap auf Zug gehalten, das wars dann.<\/p>\n<div id='gallery-1' class='gallery galleryid-927 gallery-columns-4 gallery-size-thumbnail'><figure class='gallery-item'>\n\t\t\t<div class='gallery-icon landscape'>\n\t\t\t\t<a href='https:\/\/korsarger3500.de\/wp-content\/uploads\/2016\/03\/Controler_03.jpg'><img loading=\"lazy\" decoding=\"async\" width=\"150\" height=\"150\" src=\"https:\/\/korsarger3500.de\/wp-content\/uploads\/2016\/03\/Controler_03-150x150.jpg\" class=\"attachment-thumbnail size-thumbnail\" alt=\"welcher Wantenspanner ist geeignet?\" \/><\/a>\n\t\t\t<\/div><\/figure><figure class='gallery-item'>\n\t\t\t<div class='gallery-icon landscape'>\n\t\t\t\t<a href='https:\/\/korsarger3500.de\/wp-content\/uploads\/2016\/03\/Controler_02.jpg'><img loading=\"lazy\" decoding=\"async\" width=\"150\" height=\"150\" src=\"https:\/\/korsarger3500.de\/wp-content\/uploads\/2016\/03\/Controler_02-150x150.jpg\" class=\"attachment-thumbnail size-thumbnail\" alt=\"6 mm Spanner kurze Variante\" \/><\/a>\n\t\t\t<\/div><\/figure><figure class='gallery-item'>\n\t\t\t<div class='gallery-icon landscape'>\n\t\t\t\t<a href='https:\/\/korsarger3500.de\/wp-content\/uploads\/2016\/03\/Controler_05.jpg'><img loading=\"lazy\" decoding=\"async\" width=\"150\" height=\"150\" src=\"https:\/\/korsarger3500.de\/wp-content\/uploads\/2016\/03\/Controler_05-150x150.jpg\" class=\"attachment-thumbnail size-thumbnail\" alt=\"Da muss die Mastbefestigung hin\" \/><\/a>\n\t\t\t<\/div><\/figure><figure class='gallery-item'>\n\t\t\t<div class='gallery-icon landscape'>\n\t\t\t\t<a href='https:\/\/korsarger3500.de\/wp-content\/uploads\/2016\/03\/Controler_04.jpg'><img loading=\"lazy\" decoding=\"async\" width=\"150\" height=\"150\" src=\"https:\/\/korsarger3500.de\/wp-content\/uploads\/2016\/03\/Controler_04-150x150.jpg\" class=\"attachment-thumbnail size-thumbnail\" alt=\"Unter Deck - wie soll da was halten ?\" \/><\/a>\n\t\t\t<\/div><\/figure><figure class='gallery-item'>\n\t\t\t<div class='gallery-icon landscape'>\n\t\t\t\t<a href='https:\/\/korsarger3500.de\/wp-content\/uploads\/2016\/03\/Controler_06.jpg'><img loading=\"lazy\" decoding=\"async\" width=\"150\" height=\"150\" src=\"https:\/\/korsarger3500.de\/wp-content\/uploads\/2016\/03\/Controler_06-150x150.jpg\" class=\"attachment-thumbnail size-thumbnail\" alt=\"Eine Dose voller fl\u00fcssig Harz trocknet an der Heizung\" \/><\/a>\n\t\t\t<\/div><\/figure><figure class='gallery-item'>\n\t\t\t<div class='gallery-icon landscape'>\n\t\t\t\t<a href='https:\/\/korsarger3500.de\/wp-content\/uploads\/2016\/03\/Controler_07.jpg'><img loading=\"lazy\" decoding=\"async\" width=\"150\" height=\"150\" src=\"https:\/\/korsarger3500.de\/wp-content\/uploads\/2016\/03\/Controler_07-150x150.jpg\" class=\"attachment-thumbnail size-thumbnail\" alt=\"auspacken - jetzt wirds spannend\" \/><\/a>\n\t\t\t<\/div><\/figure><figure class='gallery-item'>\n\t\t\t<div class='gallery-icon landscape'>\n\t\t\t\t<a href='https:\/\/korsarger3500.de\/wp-content\/uploads\/2016\/03\/Controler_08.jpg'><img loading=\"lazy\" decoding=\"async\" width=\"150\" height=\"150\" src=\"https:\/\/korsarger3500.de\/wp-content\/uploads\/2016\/03\/Controler_08-150x150.jpg\" class=\"attachment-thumbnail size-thumbnail\" alt=\"Gerade ausgepackt\" \/><\/a>\n\t\t\t<\/div><\/figure><figure class='gallery-item'>\n\t\t\t<div class='gallery-icon landscape'>\n\t\t\t\t<a href='https:\/\/korsarger3500.de\/wp-content\/uploads\/2016\/03\/Controler_09.jpg'><img loading=\"lazy\" decoding=\"async\" width=\"150\" height=\"150\" src=\"https:\/\/korsarger3500.de\/wp-content\/uploads\/2016\/03\/Controler_09-150x150.jpg\" class=\"attachment-thumbnail size-thumbnail\" alt=\"Gummidichtung entfernt\" \/><\/a>\n\t\t\t<\/div><\/figure><figure class='gallery-item'>\n\t\t\t<div class='gallery-icon portrait'>\n\t\t\t\t<a href='https:\/\/korsarger3500.de\/wp-content\/uploads\/2016\/03\/Controler_15.jpg'><img loading=\"lazy\" decoding=\"async\" width=\"150\" height=\"150\" src=\"https:\/\/korsarger3500.de\/wp-content\/uploads\/2016\/03\/Controler_15-150x150.jpg\" class=\"attachment-thumbnail size-thumbnail\" alt=\"Haltelager unter Deck - echt Fummelkram\" \/><\/a>\n\t\t\t<\/div><\/figure><figure class='gallery-item'>\n\t\t\t<div class='gallery-icon landscape'>\n\t\t\t\t<a href='https:\/\/korsarger3500.de\/wp-content\/uploads\/2016\/03\/Controler_12.jpg'><img loading=\"lazy\" decoding=\"async\" width=\"150\" height=\"150\" src=\"https:\/\/korsarger3500.de\/wp-content\/uploads\/2016\/03\/Controler_12-150x150.jpg\" class=\"attachment-thumbnail size-thumbnail\" alt=\"Minimale Auslenkung\" \/><\/a>\n\t\t\t<\/div><\/figure><figure class='gallery-item'>\n\t\t\t<div class='gallery-icon landscape'>\n\t\t\t\t<a href='https:\/\/korsarger3500.de\/wp-content\/uploads\/2016\/03\/Controler_14.jpg'><img loading=\"lazy\" decoding=\"async\" width=\"150\" height=\"150\" src=\"https:\/\/korsarger3500.de\/wp-content\/uploads\/2016\/03\/Controler_14-150x150.jpg\" class=\"attachment-thumbnail size-thumbnail\" alt=\"Maximale Auslenkung\" \/><\/a>\n\t\t\t<\/div><\/figure><figure class='gallery-item'>\n\t\t\t<div class='gallery-icon landscape'>\n\t\t\t\t<a href='https:\/\/korsarger3500.de\/wp-content\/uploads\/2016\/03\/Controler_13.jpg'><img loading=\"lazy\" decoding=\"async\" width=\"150\" height=\"150\" src=\"https:\/\/korsarger3500.de\/wp-content\/uploads\/2016\/03\/Controler_13-150x150.jpg\" class=\"attachment-thumbnail size-thumbnail\" alt=\"Maximale Auslenkung\" \/><\/a>\n\t\t\t<\/div><\/figure><figure class='gallery-item'>\n\t\t\t<div class='gallery-icon landscape'>\n\t\t\t\t<a href='https:\/\/korsarger3500.de\/wp-content\/uploads\/2016\/03\/Controler_16.jpg'><img loading=\"lazy\" decoding=\"async\" width=\"150\" height=\"150\" src=\"https:\/\/korsarger3500.de\/wp-content\/uploads\/2016\/03\/Controler_16-150x150.jpg\" class=\"attachment-thumbnail size-thumbnail\" alt=\"Haltelager am Mast\" \/><\/a>\n\t\t\t<\/div><\/figure><figure class='gallery-item'>\n\t\t\t<div class='gallery-icon landscape'>\n\t\t\t\t<a href='https:\/\/korsarger3500.de\/wp-content\/uploads\/2016\/03\/Controler_17.jpg'><img loading=\"lazy\" decoding=\"async\" width=\"150\" height=\"150\" src=\"https:\/\/korsarger3500.de\/wp-content\/uploads\/2016\/03\/Controler_17-150x150.jpg\" class=\"attachment-thumbnail size-thumbnail\" alt=\"Schotf\u00fchrung\" \/><\/a>\n\t\t\t<\/div><\/figure><figure class='gallery-item'>\n\t\t\t<div class='gallery-icon portrait'>\n\t\t\t\t<a href='https:\/\/korsarger3500.de\/wp-content\/uploads\/2016\/03\/Controler_18.jpg'><img loading=\"lazy\" decoding=\"async\" width=\"150\" height=\"150\" src=\"https:\/\/korsarger3500.de\/wp-content\/uploads\/2016\/03\/Controler_18-150x150.jpg\" class=\"attachment-thumbnail size-thumbnail\" alt=\"Verstellung mittels Endlosschot\" \/><\/a>\n\t\t\t<\/div><\/figure><figure class='gallery-item'>\n\t\t\t<div class='gallery-icon landscape'>\n\t\t\t\t<a href='https:\/\/korsarger3500.de\/wp-content\/uploads\/2016\/03\/GwK_04.jpg'><img loading=\"lazy\" decoding=\"async\" width=\"150\" height=\"150\" src=\"https:\/\/korsarger3500.de\/wp-content\/uploads\/2016\/03\/GwK_04-150x150.jpg\" class=\"attachment-thumbnail size-thumbnail\" alt=\"endlos Strecker\" \/><\/a>\n\t\t\t<\/div><\/figure>\n\t\t<\/div>\n\n<p style=\"text-align: justify;\">Auf dem Trockenen funktioniert der Mechanismus prima &#8211; bleibt abzuwarten wie es beim Segeln klappt. Meine Bedenken das das Gewinde des Wantenspanners auf Dauer zu schwach ist zerstreut der Skipper mit &#8230;<\/p>\n<p style=\"text-align: center;\"><em>&#8222;Dann \u00fcberlegen wir uns halt was Besseres&#8220;<\/em><\/p>\n<h4 id=\"Aug_2017\" style=\"text-align: justify;\">Mastcontroler die Zweite<\/h4>\n<p style=\"text-align: justify;\">Es war Ende 2015 als Skipper dieses Statement von sich gegeben hat. Jetzt im Sommer 2017 zeigen sich massive Schw\u00e4chen an dem System. Durch das Bewegen des Mastes unter Druck leiden die Gewinde im Wantenspanner doch sehr. Das vordere Gewinde hat schon Aufl\u00f6sungserscheinungen und muss dringend ersetzt werden. Naja verstellen und trimmen kann man den Mast mit diesem System schon, aber wenn es immer nur eine Saison h\u00e4lt, ist das auf Dauer doch nix. Und dann ist noch zu erw\u00e4hnen, dass der Ansatzpunkt am Mast auf H\u00f6he des Decks nat\u00fcrlich nicht so der &#8222;Bringer&#8220; ist. Da muss ja viel mehr Druck aufgebracht werden um den Mast gerade zu halten als bei einem &#8222;Knickebein&#8220; oder bei Unterwanten. Ich glaube es dauert nicht lange dann bekomme ich ein anderes System verpasst. Es wird wohl auf ein &#8222;Knickebein&#8220; hinauslaufen, weil die Unterwanten der Schottin immer im Weg w\u00e4ren wenn sie \u00fcbers Deck l\u00e4uft. Und so kam es auch. Skipper hat sich f\u00fcr die &#8222;Knickebein&#8220;\u00a0 Variante entschieden. Ein solches System kann man kaufen oder auch selber basteln. Da noch ein <a href=\"https:\/\/korsarger3500.de\/wp-content\/uploads\/2017\/07\/Controler_01.jpg\" data-lbwps-width=\"4000\" data-lbwps-height=\"3000\" data-lbwps-srcsmall=\"https:\/\/korsarger3500.de\/wp-content\/uploads\/2017\/07\/Controler_01-300x225.jpg\"><img loading=\"lazy\" decoding=\"async\" class=\"alignleft wp-image-4317 size-thumbnail\" src=\"https:\/\/korsarger3500.de\/wp-content\/uploads\/2017\/07\/Controler_01-150x150.jpg\" alt=\"Die Einzelteile\" width=\"150\" height=\"150\" \/><\/a>St\u00fcck Carbonrohr vom Spibaum und auch noch ein paar Edelstahlteile vom Gro\u00dfschotb\u00fcgel \u00fcbrig waren, entschied er sich f\u00fcrs selber bauen. Beim <em>Kraftzwerg<\/em>, der auch mit einem Knikebein ausgestattet ist, hat er sich das Prinzip angeschaut. Allerdings w\u00e4re ein Schlitten auf Deck besser als am Mast, weil dadurch beim setzen des Mastes nicht so viel &#8222;T\u00fcdellei&#8220; notwendig ist und vor allem der Angriffspunkt am Mast immer der Selbe ist.. Daf\u00fcr muss aber dann die Leinenf\u00fchrung\u00a0 vom Deck zum Mastfu\u00df einmal umgelenkt werden. Es hat schon einige Abende des T\u00fcftelns gebraucht bis der Umlenkblock, die Schiene, die Tailen und die Verstellung fertig gebastelt waren. Jetzt bin ich gespannt wie sich dieses System bew\u00e4hrt.<\/p>\n<div id='gallery-2' class='gallery galleryid-927 gallery-columns-4 gallery-size-thumbnail'><figure class='gallery-item'>\n\t\t\t<div class='gallery-icon landscape'>\n\t\t\t\t<a href='https:\/\/korsarger3500.de\/wp-content\/uploads\/2017\/07\/Controler_02.jpg'><img loading=\"lazy\" decoding=\"async\" width=\"150\" height=\"150\" src=\"https:\/\/korsarger3500.de\/wp-content\/uploads\/2017\/07\/Controler_02-150x150.jpg\" class=\"attachment-thumbnail size-thumbnail\" alt=\"Schlitten\" \/><\/a>\n\t\t\t<\/div><\/figure><figure class='gallery-item'>\n\t\t\t<div class='gallery-icon landscape'>\n\t\t\t\t<a href='https:\/\/korsarger3500.de\/wp-content\/uploads\/2017\/07\/Controler_03.jpg'><img loading=\"lazy\" decoding=\"async\" width=\"150\" height=\"150\" src=\"https:\/\/korsarger3500.de\/wp-content\/uploads\/2017\/07\/Controler_03-150x150.jpg\" class=\"attachment-thumbnail size-thumbnail\" alt=\"Deckverbindung\" \/><\/a>\n\t\t\t<\/div><\/figure><figure class='gallery-item'>\n\t\t\t<div class='gallery-icon landscape'>\n\t\t\t\t<a href='https:\/\/korsarger3500.de\/wp-content\/uploads\/2017\/07\/Controler_04.jpg'><img loading=\"lazy\" decoding=\"async\" width=\"150\" height=\"150\" src=\"https:\/\/korsarger3500.de\/wp-content\/uploads\/2017\/07\/Controler_04-150x150.jpg\" class=\"attachment-thumbnail size-thumbnail\" alt=\"Mastseitig\" \/><\/a>\n\t\t\t<\/div><\/figure><figure class='gallery-item'>\n\t\t\t<div class='gallery-icon landscape'>\n\t\t\t\t<a href='https:\/\/korsarger3500.de\/wp-content\/uploads\/2017\/07\/Controler_05.jpg'><img loading=\"lazy\" decoding=\"async\" width=\"150\" height=\"150\" src=\"https:\/\/korsarger3500.de\/wp-content\/uploads\/2017\/07\/Controler_05-150x150.jpg\" class=\"attachment-thumbnail size-thumbnail\" alt=\"Umlenkblock\" \/><\/a>\n\t\t\t<\/div><\/figure><figure class='gallery-item'>\n\t\t\t<div class='gallery-icon landscape'>\n\t\t\t\t<a href='https:\/\/korsarger3500.de\/wp-content\/uploads\/2017\/07\/Controler_08.jpg'><img loading=\"lazy\" decoding=\"async\" width=\"150\" height=\"150\" src=\"https:\/\/korsarger3500.de\/wp-content\/uploads\/2017\/07\/Controler_08-150x150.jpg\" class=\"attachment-thumbnail size-thumbnail\" alt=\"schleifen\" \/><\/a>\n\t\t\t<\/div><\/figure><figure class='gallery-item'>\n\t\t\t<div class='gallery-icon landscape'>\n\t\t\t\t<a href='https:\/\/korsarger3500.de\/wp-content\/uploads\/2017\/07\/Controler_10.jpg'><img loading=\"lazy\" decoding=\"async\" width=\"150\" height=\"150\" src=\"https:\/\/korsarger3500.de\/wp-content\/uploads\/2017\/07\/Controler_10-150x150.jpg\" class=\"attachment-thumbnail size-thumbnail\" alt=\"wouling\" \/><\/a>\n\t\t\t<\/div><\/figure><figure class='gallery-item'>\n\t\t\t<div class='gallery-icon landscape'>\n\t\t\t\t<a href='https:\/\/korsarger3500.de\/wp-content\/uploads\/2017\/07\/Controler_13.jpg'><img loading=\"lazy\" decoding=\"async\" width=\"150\" height=\"150\" src=\"https:\/\/korsarger3500.de\/wp-content\/uploads\/2017\/07\/Controler_13-150x150.jpg\" class=\"attachment-thumbnail size-thumbnail\" alt=\"vordere Position\" \/><\/a>\n\t\t\t<\/div><\/figure><figure class='gallery-item'>\n\t\t\t<div class='gallery-icon landscape'>\n\t\t\t\t<a href='https:\/\/korsarger3500.de\/wp-content\/uploads\/2017\/07\/Controler_14.jpg'><img loading=\"lazy\" decoding=\"async\" width=\"150\" height=\"150\" src=\"https:\/\/korsarger3500.de\/wp-content\/uploads\/2017\/07\/Controler_14-150x150.jpg\" class=\"attachment-thumbnail size-thumbnail\" alt=\"hintere Position\" \/><\/a>\n\t\t\t<\/div><\/figure><figure class='gallery-item'>\n\t\t\t<div class='gallery-icon landscape'>\n\t\t\t\t<a href='https:\/\/korsarger3500.de\/wp-content\/uploads\/2017\/07\/Controler_19.jpg'><img loading=\"lazy\" decoding=\"async\" width=\"150\" height=\"150\" src=\"https:\/\/korsarger3500.de\/wp-content\/uploads\/2017\/07\/Controler_19-150x150.jpg\" class=\"attachment-thumbnail size-thumbnail\" alt=\"fast fertig\" \/><\/a>\n\t\t\t<\/div><\/figure><figure class='gallery-item'>\n\t\t\t<div class='gallery-icon landscape'>\n\t\t\t\t<a href='https:\/\/korsarger3500.de\/wp-content\/uploads\/2017\/08\/Controler_02.jpg'><img loading=\"lazy\" decoding=\"async\" width=\"150\" height=\"150\" src=\"https:\/\/korsarger3500.de\/wp-content\/uploads\/2017\/08\/Controler_02-150x150.jpg\" class=\"attachment-thumbnail size-thumbnail\" alt=\"neue Klemme\" \/><\/a>\n\t\t\t<\/div><\/figure><figure class='gallery-item'>\n\t\t\t<div class='gallery-icon landscape'>\n\t\t\t\t<a href='https:\/\/korsarger3500.de\/wp-content\/uploads\/2017\/08\/Controler_04.jpg'><img loading=\"lazy\" decoding=\"async\" width=\"150\" height=\"150\" src=\"https:\/\/korsarger3500.de\/wp-content\/uploads\/2017\/08\/Controler_04-150x150.jpg\" class=\"attachment-thumbnail size-thumbnail\" alt=\"zwei neue Talien\" \/><\/a>\n\t\t\t<\/div><\/figure><figure class='gallery-item'>\n\t\t\t<div class='gallery-icon landscape'>\n\t\t\t\t<a href='https:\/\/korsarger3500.de\/wp-content\/uploads\/2017\/07\/Controler_16.jpg'><img loading=\"lazy\" decoding=\"async\" width=\"150\" height=\"150\" src=\"https:\/\/korsarger3500.de\/wp-content\/uploads\/2017\/07\/Controler_16-150x150.jpg\" class=\"attachment-thumbnail size-thumbnail\" alt=\"Segelschutz\" \/><\/a>\n\t\t\t<\/div><\/figure><figure class='gallery-item'>\n\t\t\t<div class='gallery-icon landscape'>\n\t\t\t\t<a href='https:\/\/korsarger3500.de\/wp-content\/uploads\/2017\/08\/Controler_22.jpg'><img loading=\"lazy\" decoding=\"async\" width=\"150\" height=\"150\" src=\"https:\/\/korsarger3500.de\/wp-content\/uploads\/2017\/08\/Controler_22-150x150.jpg\" class=\"attachment-thumbnail size-thumbnail\" alt=\"mit leichtem Zug nach vorne\" \/><\/a>\n\t\t\t<\/div><\/figure><figure class='gallery-item'>\n\t\t\t<div class='gallery-icon landscape'>\n\t\t\t\t<a href='https:\/\/korsarger3500.de\/wp-content\/uploads\/2017\/08\/Controler_21.jpg'><img loading=\"lazy\" decoding=\"async\" width=\"150\" height=\"150\" src=\"https:\/\/korsarger3500.de\/wp-content\/uploads\/2017\/08\/Controler_21-150x150.jpg\" class=\"attachment-thumbnail size-thumbnail\" alt=\"max Mastfall\" \/><\/a>\n\t\t\t<\/div><\/figure>\n\t\t<\/div>\n\n<p style=\"text-align: justify;\">Nach den ersten Tests und nach der Auerhahn Regatta kann ich feststellen das das System gut funktioniert. Ich kann damit prima die Kr\u00e4fte des Baumniederholers abfangen und gegen halten.<\/p>\n<p style=\"text-align: justify;\"><a href=\"http:\/\/korsarger3500.de\/index.php\/deck-streichen-die-zweite\/\">weiter &#8230;<\/a><\/p>\n","protected":false},"excerpt":{"rendered":"<p>Ein Mastcontroller mit dem man auch was kontrollieren kann, das w\u00e4r mal was. Momentan versuche ich meinen Mast gerade zu halten indem ich die Mastschlaufe per Curryklemme festhalte. Die Klemme ist aber alt und nicht mehr scharf, die Schot ist ausgelutscht und gescheit einstellen kann man den Mast damit auch nicht. Bei der Kuhschelle ist &hellip; <a href=\"https:\/\/korsarger3500.de\/index.php\/mastcontroller\/\" class=\"more-link\"><span class=\"screen-reader-text\">Mastcontroller<\/span> weiterlesen<\/a><\/p>\n","protected":false},"author":1,"featured_media":0,"parent":0,"menu_order":0,"comment_status":"closed","ping_status":"closed","template":"","meta":{"footnotes":""},"class_list":["post-927","page","type-page","status-publish","hentry"],"_links":{"self":[{"href":"https:\/\/korsarger3500.de\/index.php\/wp-json\/wp\/v2\/pages\/927","targetHints":{"allow":["GET"]}}],"collection":[{"href":"https:\/\/korsarger3500.de\/index.php\/wp-json\/wp\/v2\/pages"}],"about":[{"href":"https:\/\/korsarger3500.de\/index.php\/wp-json\/wp\/v2\/types\/page"}],"author":[{"embeddable":true,"href":"https:\/\/korsarger3500.de\/index.php\/wp-json\/wp\/v2\/users\/1"}],"replies":[{"embeddable":true,"href":"https:\/\/korsarger3500.de\/index.php\/wp-json\/wp\/v2\/comments?post=927"}],"version-history":[{"count":41,"href":"https:\/\/korsarger3500.de\/index.php\/wp-json\/wp\/v2\/pages\/927\/revisions"}],"predecessor-version":[{"id":9201,"href":"https:\/\/korsarger3500.de\/index.php\/wp-json\/wp\/v2\/pages\/927\/revisions\/9201"}],"wp:attachment":[{"href":"https:\/\/korsarger3500.de\/index.php\/wp-json\/wp\/v2\/media?parent=927"}],"curies":[{"name":"wp","href":"https:\/\/api.w.org\/{rel}","templated":true}]}}