{"id":9268,"date":"2025-05-06T09:26:05","date_gmt":"2025-05-06T07:26:05","guid":{"rendered":"https:\/\/korsarger3500.de\/?page_id=9268"},"modified":"2026-01-09T20:42:19","modified_gmt":"2026-01-09T19:42:19","slug":"regatta-2025","status":"publish","type":"page","link":"https:\/\/korsarger3500.de\/index.php\/regatta-2025\/","title":{"rendered":"Regatta 2025"},"content":{"rendered":"<p><a href=\"https:\/\/korsarger3500.de\/index.php\/training-graben-neudorf-2025\/\">Training beim beim SCGN 2025<\/a><\/p>\n<p><a href=\"https:\/\/korsarger3500.de\/index.php\/training-graben-neudorf-2025\/\"><img loading=\"lazy\" decoding=\"async\" class=\"wp-image-9285 size-medium alignnone\" src=\"https:\/\/korsarger3500.de\/wp-content\/uploads\/2025\/06\/TrainingGrabenNeudorf_2025_20-300x225.jpg\" alt=\"\" width=\"300\" height=\"225\" srcset=\"https:\/\/korsarger3500.de\/wp-content\/uploads\/2025\/06\/TrainingGrabenNeudorf_2025_20-300x225.jpg 300w, https:\/\/korsarger3500.de\/wp-content\/uploads\/2025\/06\/TrainingGrabenNeudorf_2025_20-1024x768.jpg 1024w, https:\/\/korsarger3500.de\/wp-content\/uploads\/2025\/06\/TrainingGrabenNeudorf_2025_20-768x576.jpg 768w, https:\/\/korsarger3500.de\/wp-content\/uploads\/2025\/06\/TrainingGrabenNeudorf_2025_20-1536x1152.jpg 1536w, https:\/\/korsarger3500.de\/wp-content\/uploads\/2025\/06\/TrainingGrabenNeudorf_2025_20.jpg 1680w\" sizes=\"auto, (max-width: 300px) 100vw, 300px\" \/><\/a><\/p>\n<p><a href=\"https:\/\/korsarger3500.de\/index.php\/fruehjahrstreffen-inheiden-2025\/\">Fr\u00fchjahrstreffen in Inheiden 2025<\/a><\/p>\n<p><a href=\"https:\/\/korsarger3500.de\/index.php\/fruehjahrstreffen-inheiden-2025\/\"><img loading=\"lazy\" decoding=\"async\" class=\"wp-image-9313 size-medium alignnone\" src=\"https:\/\/korsarger3500.de\/wp-content\/uploads\/2025\/06\/Inheiden_2025_23-300x135.jpg\" alt=\"\" width=\"300\" height=\"135\" srcset=\"https:\/\/korsarger3500.de\/wp-content\/uploads\/2025\/06\/Inheiden_2025_23-300x135.jpg 300w, https:\/\/korsarger3500.de\/wp-content\/uploads\/2025\/06\/Inheiden_2025_23-1024x461.jpg 1024w, https:\/\/korsarger3500.de\/wp-content\/uploads\/2025\/06\/Inheiden_2025_23-768x346.jpg 768w, https:\/\/korsarger3500.de\/wp-content\/uploads\/2025\/06\/Inheiden_2025_23-1536x692.jpg 1536w, https:\/\/korsarger3500.de\/wp-content\/uploads\/2025\/06\/Inheiden_2025_23.jpg 1680w\" sizes=\"auto, (max-width: 300px) 100vw, 300px\" \/><\/a><\/p>\n<p><a href=\"https:\/\/korsarger3500.de\/index.php\/spargel-cup-graben-neudorf-2025\/\">Spargel-Cup in Graben-Neudorf 2025<\/a><\/p>\n<p><a href=\"https:\/\/korsarger3500.de\/index.php\/spargel-cup-graben-neudorf-2025\/\"><img loading=\"lazy\" decoding=\"async\" class=\"wp-image-9333 size-medium alignnone\" src=\"https:\/\/korsarger3500.de\/wp-content\/uploads\/2025\/06\/GrabenNeudorf_2025_09-300x200.jpg\" alt=\"\" width=\"300\" height=\"200\" srcset=\"https:\/\/korsarger3500.de\/wp-content\/uploads\/2025\/06\/GrabenNeudorf_2025_09-300x200.jpg 300w, https:\/\/korsarger3500.de\/wp-content\/uploads\/2025\/06\/GrabenNeudorf_2025_09-1024x683.jpg 1024w, https:\/\/korsarger3500.de\/wp-content\/uploads\/2025\/06\/GrabenNeudorf_2025_09-768x512.jpg 768w, https:\/\/korsarger3500.de\/wp-content\/uploads\/2025\/06\/GrabenNeudorf_2025_09-1536x1024.jpg 1536w, https:\/\/korsarger3500.de\/wp-content\/uploads\/2025\/06\/GrabenNeudorf_2025_09.jpg 1680w\" sizes=\"auto, (max-width: 300px) 100vw, 300px\" \/><\/a><\/p>\n<p><a href=\"https:\/\/korsarger3500.de\/index.php\/sandhasen-kahl-2025\/\">Sandhasenregatta in Kahl 2025<\/a><\/p>\n<p><a href=\"https:\/\/korsarger3500.de\/index.php\/sandhasen-kahl-2025\/\"><img loading=\"lazy\" decoding=\"async\" class=\"wp-image-9365 size-medium alignnone\" src=\"https:\/\/korsarger3500.de\/wp-content\/uploads\/2025\/06\/Kahl_2025_02-300x225.jpg\" alt=\"\" width=\"300\" height=\"225\" srcset=\"https:\/\/korsarger3500.de\/wp-content\/uploads\/2025\/06\/Kahl_2025_02-300x225.jpg 300w, https:\/\/korsarger3500.de\/wp-content\/uploads\/2025\/06\/Kahl_2025_02-1024x768.jpg 1024w, https:\/\/korsarger3500.de\/wp-content\/uploads\/2025\/06\/Kahl_2025_02-768x576.jpg 768w, https:\/\/korsarger3500.de\/wp-content\/uploads\/2025\/06\/Kahl_2025_02-1536x1152.jpg 1536w, https:\/\/korsarger3500.de\/wp-content\/uploads\/2025\/06\/Kahl_2025_02.jpg 1680w\" sizes=\"auto, (max-width: 300px) 100vw, 300px\" \/><\/a><\/p>\n<p><a href=\"https:\/\/korsarger3500.de\/index.php\/comer-see-training-2025\/\">Training<\/a><a href=\"https:\/\/korsarger3500.de\/index.php\/comer-see-training-2025\/\"> am Comer See 2025<\/a><\/p>\n<p><a href=\"https:\/\/korsarger3500.de\/index.php\/comer-see-training-2025\/\"><img loading=\"lazy\" decoding=\"async\" class=\"alignnone wp-image-9506 size-medium\" src=\"https:\/\/korsarger3500.de\/wp-content\/uploads\/2025\/11\/Domaso_2025_29-300x169.jpg\" alt=\"\" width=\"300\" height=\"169\" srcset=\"https:\/\/korsarger3500.de\/wp-content\/uploads\/2025\/11\/Domaso_2025_29-300x169.jpg 300w, https:\/\/korsarger3500.de\/wp-content\/uploads\/2025\/11\/Domaso_2025_29-1024x576.jpg 1024w, https:\/\/korsarger3500.de\/wp-content\/uploads\/2025\/11\/Domaso_2025_29-768x432.jpg 768w, https:\/\/korsarger3500.de\/wp-content\/uploads\/2025\/11\/Domaso_2025_29-1536x864.jpg 1536w, https:\/\/korsarger3500.de\/wp-content\/uploads\/2025\/11\/Domaso_2025_29.jpg 1680w\" sizes=\"auto, (max-width: 300px) 100vw, 300px\" \/><\/a><\/p>\n<p><a href=\"https:\/\/korsarger3500.de\/index.php\/korsarenschwert-am-goldkanal-2025\/\">Korsarenschwert am Goldkanal 2025<\/a><\/p>\n<p><a href=\"https:\/\/korsarger3500.de\/index.php\/korsarenschwert-am-goldkanal-2025\/\"><img loading=\"lazy\" decoding=\"async\" class=\"alignnone wp-image-9411 size-medium\" src=\"https:\/\/korsarger3500.de\/wp-content\/uploads\/2025\/07\/Goldkanal_2025_04-300x200.jpg\" alt=\"\" width=\"300\" height=\"200\" srcset=\"https:\/\/korsarger3500.de\/wp-content\/uploads\/2025\/07\/Goldkanal_2025_04-300x200.jpg 300w, https:\/\/korsarger3500.de\/wp-content\/uploads\/2025\/07\/Goldkanal_2025_04-1024x683.jpg 1024w, https:\/\/korsarger3500.de\/wp-content\/uploads\/2025\/07\/Goldkanal_2025_04-768x512.jpg 768w, https:\/\/korsarger3500.de\/wp-content\/uploads\/2025\/07\/Goldkanal_2025_04-1536x1025.jpg 1536w, https:\/\/korsarger3500.de\/wp-content\/uploads\/2025\/07\/Goldkanal_2025_04.jpg 1680w\" sizes=\"auto, (max-width: 300px) 100vw, 300px\" \/><\/a><\/p>\n<p><a href=\"https:\/\/korsarger3500.de\/index.php\/cremant-cup-2025\/\">WAP Cr\u00e9mant Cup DSCL in Langen 2025<\/a><\/p>\n<p><a href=\"https:\/\/korsarger3500.de\/index.php\/cremant-cup-2025\/\"><img loading=\"lazy\" decoding=\"async\" class=\"alignnone wp-image-9447 size-medium\" src=\"https:\/\/korsarger3500.de\/wp-content\/uploads\/2025\/09\/Cremant_Cup_2025_8-300x225.jpg\" alt=\"\" width=\"300\" height=\"225\" srcset=\"https:\/\/korsarger3500.de\/wp-content\/uploads\/2025\/09\/Cremant_Cup_2025_8-300x225.jpg 300w, https:\/\/korsarger3500.de\/wp-content\/uploads\/2025\/09\/Cremant_Cup_2025_8-1024x768.jpg 1024w, https:\/\/korsarger3500.de\/wp-content\/uploads\/2025\/09\/Cremant_Cup_2025_8-768x576.jpg 768w, https:\/\/korsarger3500.de\/wp-content\/uploads\/2025\/09\/Cremant_Cup_2025_8-1536x1152.jpg 1536w, https:\/\/korsarger3500.de\/wp-content\/uploads\/2025\/09\/Cremant_Cup_2025_8.jpg 1600w\" sizes=\"auto, (max-width: 300px) 100vw, 300px\" \/><\/a><\/p>\n<p style=\"text-align: justify;\">Bei vier Regatten bin ich diese Jahr gesegelt. Das ist wirklich mager. W\u00e4r da nicht ein Training und ne Woche Comer See gewesen w\u00e4r ich glatt &#8222;verlangweilt&#8220;. Aber ich hab so eine Ahnung das dass n\u00e4chstes Jahr besser wird und ich \u00f6fters aufs Wasser komme. Jetzt geht&#8217;s erst mal in die Winter Garage bis zum Fr\u00fchling 2026.<\/p>\n<p>Nach ein paar Wochen kam ich dann aber schon in meine kleine Werft. Skipper hat sich endlich dazu aufgerafft <a href=\"https:\/\/korsarger3500.de\/index.php\/innen-refit\/\">mein Cockpit zu \u00fcberarbeiten.<\/a><\/p>\n","protected":false},"excerpt":{"rendered":"<p>Training beim beim SCGN 2025 Fr\u00fchjahrstreffen in Inheiden 2025 Spargel-Cup in Graben-Neudorf 2025 Sandhasenregatta in Kahl 2025 Training am Comer See 2025 Korsarenschwert am Goldkanal 2025 WAP Cr\u00e9mant Cup DSCL in Langen 2025 Bei vier Regatten bin ich diese Jahr gesegelt. Das ist wirklich mager. W\u00e4r da nicht ein Training und ne Woche Comer See &hellip; <a href=\"https:\/\/korsarger3500.de\/index.php\/regatta-2025\/\" class=\"more-link\"><span class=\"screen-reader-text\">Regatta 2025<\/span> weiterlesen<\/a><\/p>\n","protected":false},"author":1,"featured_media":0,"parent":0,"menu_order":0,"comment_status":"closed","ping_status":"closed","template":"","meta":{"footnotes":""},"class_list":["post-9268","page","type-page","status-publish","hentry"],"_links":{"self":[{"href":"https:\/\/korsarger3500.de\/index.php\/wp-json\/wp\/v2\/pages\/9268","targetHints":{"allow":["GET"]}}],"collection":[{"href":"https:\/\/korsarger3500.de\/index.php\/wp-json\/wp\/v2\/pages"}],"about":[{"href":"https:\/\/korsarger3500.de\/index.php\/wp-json\/wp\/v2\/types\/page"}],"author":[{"embeddable":true,"href":"https:\/\/korsarger3500.de\/index.php\/wp-json\/wp\/v2\/users\/1"}],"replies":[{"embeddable":true,"href":"https:\/\/korsarger3500.de\/index.php\/wp-json\/wp\/v2\/comments?post=9268"}],"version-history":[{"count":25,"href":"https:\/\/korsarger3500.de\/index.php\/wp-json\/wp\/v2\/pages\/9268\/revisions"}],"predecessor-version":[{"id":9894,"href":"https:\/\/korsarger3500.de\/index.php\/wp-json\/wp\/v2\/pages\/9268\/revisions\/9894"}],"wp:attachment":[{"href":"https:\/\/korsarger3500.de\/index.php\/wp-json\/wp\/v2\/media?parent=9268"}],"curies":[{"name":"wp","href":"https:\/\/api.w.org\/{rel}","templated":true}]}}