{"id":9240,"date":"2025-11-17T14:13:28","date_gmt":"2025-11-17T13:13:28","guid":{"rendered":"https:\/\/korsarger3500.de\/?page_id=9240"},"modified":"2025-11-17T15:34:59","modified_gmt":"2025-11-17T14:34:59","slug":"auerhahn-regatta-2024","status":"publish","type":"page","link":"https:\/\/korsarger3500.de\/index.php\/auerhahn-regatta-2024\/","title":{"rendered":"Auerhahn Regatta 2024"},"content":{"rendered":"<p style=\"text-align: justify;\">Der Schluchsee war dieses Jahr randvoll und glasklar aber leider mit Blaualgenwarnung \u2013 also, auf keinen Fall kentern!\u00a0Am Samstag p\u00fcnktlich um 12:30 Uhr treffen sich alle zur Steuerleutebesprechung. Leider sind nur 13 Korsare am Start. Nach der Steuerleutebesprechung hei\u00dft es dann z\u00fcgig auslaufen, denn um 13:30 Uhr sollte der erste Start sein. Wir segeln bei 2 Windst\u00e4rken gem\u00fctlich zur Startlinie.\u00a0Beim 1. Start gab es zun\u00e4chst einen Gesammtr\u00fcckruf, der einen 2. Start erforderlich machte. Gesegelt wurden 3 Runden und wir haben das Schreiben mit einer halben Bootsl\u00e4nge R\u00fcckstand auf Hajo gewonnen.\u00a0Im 2. Lauf waren ebenfalls 3 Runden angezeigt, bei wieder nur schwachem Wind.\u00a0Manchem Segler fehlte es wohl bei so wenig Wind an Konzentration, um die 3 Runden sauber ab zu segeln und so geht er auf die 4. Runde anstatt ins Ziel zu fahren.\u00a0Nach Lauf 2 mit mehreren Startversuchen, die wegen drehenden Winden abgebrochen wurden, gab es dann einen 3. Lauf mit nur 2 Runden. In diesem Lauf sorgte die Lage der Ablauftonne f\u00fcr Fragen und Diskussionen und manch einer musste nochmal zur\u00fcck um die Tonne ordnungsgem\u00e4\u00df zu runden.\u00a0Nach der 3. Wettfahrt, die wir auch wieder mit Platz 5 beendeten, ging es dann zur\u00fcck zum Anleger. Zweimal 5ter und nur einmal schreiben &#8211; das kommt uns irgendwie bekannt vor. Die Wirtsleute des Seglerhofs hatten wieder ein hervorragendes Abendessen vorbereitet (Hauptsach gudd gess &#8211; sagt der Saarl\u00e4nder) und wir lie\u00dfen den Abend am Lagerfeuer ausklingen. Am Sonntag kam dann keine Wettfahrt mehr zu Stande und p\u00fcnktlich zum Abbau begann es zu regnen. Die Siegerehrung fand daher in der gro\u00dfen Tenne des Segelerhofs statt \u2013 drau\u00dfen tobte mittlerweile ein kleines Unwetter.\u00a0Im Anschluss an die Siegerehrung wurde, wie hier \u00fcblich, die Verleihung der Trottltanne (der Wanderpreis) ausgelobt. F\u00fcr die Tanne gab es dieses Jahr 3 Anw\u00e4rter:<\/p>\n<p style=\"text-align: justify;\">Zun\u00e4chst w\u00e4re da die Wettfahrtleitung selbst ein Kandidat, da sie mit unkonventionellen Flaggensignalen und ungew\u00f6hnlicher Tonnenlegung doch sehr zur Verwirrung auf dem Wasser beigetragen hat.<\/p>\n<p style=\"text-align: justify;\">Dieter der wegen des Auslassens der Ablauftonne noch einmal zur\u00fcckfahren musste, hat sich damit auch fast die Tanne ersegelt.<\/p>\n<p style=\"text-align: justify;\">Aber wenn jemand weit in F\u00fchrung liegend nach 3 gesegelten Runden noch gerne eine weitere Runde f\u00e4hrt und dadurch am Ziel vorbei segelt, ist er damit eindeutig der Gewinner der Tanne. Herzlichen Gl\u00fcckwunsch Hajo \ud83d\ude42<\/p>\n<p style=\"text-align: justify;\">Es war sch\u00f6n im Schwarzwald und wir kommen n\u00e4chstes Jahr gerne wieder<\/p>\n<div id='gallery-1' class='gallery galleryid-9240 gallery-columns-4 gallery-size-thumbnail'><figure class='gallery-item'>\n\t\t\t<div class='gallery-icon landscape'>\n\t\t\t\t<a href='https:\/\/korsarger3500.de\/wp-content\/uploads\/2025\/11\/Auerhahn_2024_05.jpg'><img loading=\"lazy\" decoding=\"async\" width=\"150\" height=\"150\" src=\"https:\/\/korsarger3500.de\/wp-content\/uploads\/2025\/11\/Auerhahn_2024_05-150x150.jpg\" class=\"attachment-thumbnail size-thumbnail\" alt=\"\" \/><\/a>\n\t\t\t<\/div><\/figure><figure class='gallery-item'>\n\t\t\t<div class='gallery-icon landscape'>\n\t\t\t\t<a href='https:\/\/korsarger3500.de\/wp-content\/uploads\/2025\/11\/Auerhahn_2024_33.jpg'><img loading=\"lazy\" decoding=\"async\" width=\"150\" height=\"150\" src=\"https:\/\/korsarger3500.de\/wp-content\/uploads\/2025\/11\/Auerhahn_2024_33-150x150.jpg\" class=\"attachment-thumbnail size-thumbnail\" alt=\"\" \/><\/a>\n\t\t\t<\/div><\/figure><figure class='gallery-item'>\n\t\t\t<div class='gallery-icon landscape'>\n\t\t\t\t<a href='https:\/\/korsarger3500.de\/wp-content\/uploads\/2025\/11\/Auerhahn_2024_41.jpg'><img loading=\"lazy\" decoding=\"async\" width=\"150\" height=\"150\" src=\"https:\/\/korsarger3500.de\/wp-content\/uploads\/2025\/11\/Auerhahn_2024_41-150x150.jpg\" class=\"attachment-thumbnail size-thumbnail\" alt=\"\" \/><\/a>\n\t\t\t<\/div><\/figure><figure class='gallery-item'>\n\t\t\t<div class='gallery-icon landscape'>\n\t\t\t\t<a href='https:\/\/korsarger3500.de\/wp-content\/uploads\/2025\/11\/Auerhahn_2024_30.jpg'><img loading=\"lazy\" decoding=\"async\" width=\"150\" height=\"150\" src=\"https:\/\/korsarger3500.de\/wp-content\/uploads\/2025\/11\/Auerhahn_2024_30-150x150.jpg\" class=\"attachment-thumbnail size-thumbnail\" alt=\"\" \/><\/a>\n\t\t\t<\/div><\/figure><figure class='gallery-item'>\n\t\t\t<div class='gallery-icon landscape'>\n\t\t\t\t<a href='https:\/\/korsarger3500.de\/wp-content\/uploads\/2025\/11\/Auerhahn_2024_27.jpg'><img loading=\"lazy\" decoding=\"async\" width=\"150\" height=\"150\" src=\"https:\/\/korsarger3500.de\/wp-content\/uploads\/2025\/11\/Auerhahn_2024_27-150x150.jpg\" class=\"attachment-thumbnail size-thumbnail\" alt=\"\" \/><\/a>\n\t\t\t<\/div><\/figure><figure class='gallery-item'>\n\t\t\t<div class='gallery-icon landscape'>\n\t\t\t\t<a href='https:\/\/korsarger3500.de\/wp-content\/uploads\/2025\/11\/Auerhahn_2024_07.jpg'><img loading=\"lazy\" decoding=\"async\" width=\"150\" height=\"150\" src=\"https:\/\/korsarger3500.de\/wp-content\/uploads\/2025\/11\/Auerhahn_2024_07-150x150.jpg\" class=\"attachment-thumbnail size-thumbnail\" alt=\"\" \/><\/a>\n\t\t\t<\/div><\/figure><figure class='gallery-item'>\n\t\t\t<div class='gallery-icon landscape'>\n\t\t\t\t<a href='https:\/\/korsarger3500.de\/wp-content\/uploads\/2025\/11\/Auerhahn_2024_10.jpg'><img loading=\"lazy\" decoding=\"async\" width=\"150\" height=\"150\" src=\"https:\/\/korsarger3500.de\/wp-content\/uploads\/2025\/11\/Auerhahn_2024_10-150x150.jpg\" class=\"attachment-thumbnail size-thumbnail\" alt=\"\" \/><\/a>\n\t\t\t<\/div><\/figure><figure class='gallery-item'>\n\t\t\t<div class='gallery-icon landscape'>\n\t\t\t\t<a href='https:\/\/korsarger3500.de\/wp-content\/uploads\/2025\/11\/Auerhahn_2024_03.jpg'><img loading=\"lazy\" decoding=\"async\" width=\"150\" height=\"150\" src=\"https:\/\/korsarger3500.de\/wp-content\/uploads\/2025\/11\/Auerhahn_2024_03-150x150.jpg\" class=\"attachment-thumbnail size-thumbnail\" alt=\"\" \/><\/a>\n\t\t\t<\/div><\/figure>\n\t\t<\/div>\n\n<p>ah-so gewonnen hat\u00a0<em>AUT 811 <\/em>mit Kristin und Lara<\/p>\n<p><a href=\"https:\/\/www.manage2sail.com\/de-de\/event\/7e611d79-9dfe-4de9-9b78-a525d121d058#!\/results?classId=ed03b037-91dc-431b-aba8-8bfa3d2bca7d\">Ergebnis<\/a><\/p>\n<p><a href=\"https:\/\/korsarger3500.de\/index.php\/7-schwaben-2024\/\">weiter\u00a0<\/a>\u2026oder zur\u00a0<a href=\"http:\/\/korsarger3500.de\/\">Startseite<\/a><\/p>\n<p>&nbsp;<\/p>\n","protected":false},"excerpt":{"rendered":"<p>Der Schluchsee war dieses Jahr randvoll und glasklar aber leider mit Blaualgenwarnung \u2013 also, auf keinen Fall kentern!\u00a0Am Samstag p\u00fcnktlich um 12:30 Uhr treffen sich alle zur Steuerleutebesprechung. Leider sind nur 13 Korsare am Start. Nach der Steuerleutebesprechung hei\u00dft es dann z\u00fcgig auslaufen, denn um 13:30 Uhr sollte der erste Start sein. Wir segeln bei &hellip; <a href=\"https:\/\/korsarger3500.de\/index.php\/auerhahn-regatta-2024\/\" class=\"more-link\"><span class=\"screen-reader-text\">Auerhahn Regatta 2024<\/span> weiterlesen<\/a><\/p>\n","protected":false},"author":1,"featured_media":0,"parent":0,"menu_order":0,"comment_status":"closed","ping_status":"closed","template":"","meta":{"footnotes":""},"class_list":["post-9240","page","type-page","status-publish","hentry"],"_links":{"self":[{"href":"https:\/\/korsarger3500.de\/index.php\/wp-json\/wp\/v2\/pages\/9240","targetHints":{"allow":["GET"]}}],"collection":[{"href":"https:\/\/korsarger3500.de\/index.php\/wp-json\/wp\/v2\/pages"}],"about":[{"href":"https:\/\/korsarger3500.de\/index.php\/wp-json\/wp\/v2\/types\/page"}],"author":[{"embeddable":true,"href":"https:\/\/korsarger3500.de\/index.php\/wp-json\/wp\/v2\/users\/1"}],"replies":[{"embeddable":true,"href":"https:\/\/korsarger3500.de\/index.php\/wp-json\/wp\/v2\/comments?post=9240"}],"version-history":[{"count":11,"href":"https:\/\/korsarger3500.de\/index.php\/wp-json\/wp\/v2\/pages\/9240\/revisions"}],"predecessor-version":[{"id":9821,"href":"https:\/\/korsarger3500.de\/index.php\/wp-json\/wp\/v2\/pages\/9240\/revisions\/9821"}],"wp:attachment":[{"href":"https:\/\/korsarger3500.de\/index.php\/wp-json\/wp\/v2\/media?parent=9240"}],"curies":[{"name":"wp","href":"https:\/\/api.w.org\/{rel}","templated":true}]}}