{"id":9069,"date":"2024-06-26T18:46:47","date_gmt":"2024-06-26T16:46:47","guid":{"rendered":"https:\/\/korsarger3500.de\/?page_id=9069"},"modified":"2026-02-15T13:34:52","modified_gmt":"2026-02-15T12:34:52","slug":"neue-strecker-fuer-mastfall-und-wantenspannung","status":"publish","type":"page","link":"https:\/\/korsarger3500.de\/index.php\/neue-strecker-fuer-mastfall-und-wantenspannung\/","title":{"rendered":"Neue Strecker f\u00fcr Mastfall und Wantenspannung"},"content":{"rendered":"<p style=\"text-align: justify;\"><a href=\"https:\/\/korsarger3500.de\/wp-content\/uploads\/2024\/04\/2024_Training_SCGN_02.jpg\" data-lbwps-width=\"945\" data-lbwps-height=\"1260\" data-lbwps-srcsmall=\"https:\/\/korsarger3500.de\/wp-content\/uploads\/2024\/04\/2024_Training_SCGN_02-225x300.jpg\"><img loading=\"lazy\" decoding=\"async\" class=\"alignleft wp-image-9028 size-medium\" src=\"https:\/\/korsarger3500.de\/wp-content\/uploads\/2024\/04\/2024_Training_SCGN_02-225x300.jpg\" alt=\"Ihr faths so schee\" width=\"225\" height=\"300\" srcset=\"https:\/\/korsarger3500.de\/wp-content\/uploads\/2024\/04\/2024_Training_SCGN_02-225x300.jpg 225w, https:\/\/korsarger3500.de\/wp-content\/uploads\/2024\/04\/2024_Training_SCGN_02-768x1024.jpg 768w, https:\/\/korsarger3500.de\/wp-content\/uploads\/2024\/04\/2024_Training_SCGN_02.jpg 945w\" sizes=\"auto, (max-width: 225px) 100vw, 225px\" \/><\/a>Es war beim Training der Korsare in Graben Neudorf. Wir waren gemeinsam mit 14 weiteren Mannschaften auf dem Wasser, als Trainer Peter mit dem Motorboot hinter uns her fuhr und immer etwas zu uns r\u00fcber rief. &#8222;Nimmst die Lose aus der Leewante&#8220; So oder so \u00e4hnlich kam es nach mehreren Zurufen beim Skipper an. Als er das dann endlich verstanden hatte, stellte sich die Frage wie sollte er die Wantenspannung erh\u00f6hen. Die Schottin stand im Trapez und meine Talje zum Spannen der Wanten liegt Mittschiffs neben dem Kielschwein auf dem Boden von meinem Rumpf. Es gibt keine Chance dies w\u00e4hrend der Fahrt einzustellen. Und auch die Mastfallverstellung l\u00e4sst sich nur einstellen, wenn Skipper in der Mitte des Rumpfes steht und senkrecht nach oben ziehen kann. Die Strecker m\u00fcssen also auf beide Seiten unter das Deck umgelegt werden. Zu Hause wurde dann gegr\u00fcbelt und gebastelt. Die Kraft, die zum Durchsetzen der Wanten notwendig ist, ist sehr hoch. Das ziehen im Stehen geht ja noch, aber seitlich mit einer Hand ziehen&#8230; unm\u00f6glich. Es war daher notwendig zuerst die Zugkr\u00e4fte zu verkleinern und die Taljen der Wanten mit einer weiteren Umlenkrolle auszustatten. Ein neuer Befestigungspunkt f\u00fcr das Ende des Dynemas musste auch gefunden werden. Das war ja noch relativ schnell und problemlos erledigt, mal davon abgesehen dass das Dynema ersetzt und auch sp\u00e4ter komplett neu einjustiert werden musste.<\/p>\n<div id='gallery-1' class='gallery galleryid-9069 gallery-columns-4 gallery-size-thumbnail'><figure class='gallery-item'>\n\t\t\t<div class='gallery-icon landscape'>\n\t\t\t\t<a href='https:\/\/korsarger3500.de\/wp-content\/uploads\/2024\/06\/Wantenspannung_24_01.jpg'><img loading=\"lazy\" decoding=\"async\" width=\"150\" height=\"150\" src=\"https:\/\/korsarger3500.de\/wp-content\/uploads\/2024\/06\/Wantenspannung_24_01-150x150.jpg\" class=\"attachment-thumbnail size-thumbnail\" alt=\"hier muss eine zus\u00e4tzliche Rolle hin\" \/><\/a>\n\t\t\t<\/div><\/figure><figure class='gallery-item'>\n\t\t\t<div class='gallery-icon portrait'>\n\t\t\t\t<a href='https:\/\/korsarger3500.de\/wp-content\/uploads\/2024\/06\/Wantenspannung_24_02.jpg'><img loading=\"lazy\" decoding=\"async\" width=\"150\" height=\"150\" src=\"https:\/\/korsarger3500.de\/wp-content\/uploads\/2024\/06\/Wantenspannung_24_02-150x150.jpg\" class=\"attachment-thumbnail size-thumbnail\" alt=\"zum Beispiel so ...\" \/><\/a>\n\t\t\t<\/div><\/figure><figure class='gallery-item'>\n\t\t\t<div class='gallery-icon portrait'>\n\t\t\t\t<a href='https:\/\/korsarger3500.de\/wp-content\/uploads\/2024\/06\/Wantenspannung_24_03.jpg'><img loading=\"lazy\" decoding=\"async\" width=\"150\" height=\"150\" src=\"https:\/\/korsarger3500.de\/wp-content\/uploads\/2024\/06\/Wantenspannung_24_03-150x150.jpg\" class=\"attachment-thumbnail size-thumbnail\" alt=\"Neuer Anschlagpunkt f\u00fcrs Dynema\" \/><\/a>\n\t\t\t<\/div><\/figure><figure class='gallery-item'>\n\t\t\t<div class='gallery-icon landscape'>\n\t\t\t\t<a href='https:\/\/korsarger3500.de\/wp-content\/uploads\/2024\/06\/Wantenspannung_24_04-e1719420613431.jpg'><img loading=\"lazy\" decoding=\"async\" width=\"150\" height=\"150\" src=\"https:\/\/korsarger3500.de\/wp-content\/uploads\/2024\/06\/Wantenspannung_24_04-e1719420613431-150x150.jpg\" class=\"attachment-thumbnail size-thumbnail\" alt=\"Die Strecken m\u00fcssen beidseitig bedienbar sein\" \/><\/a>\n\t\t\t<\/div><\/figure>\n\t\t<\/div>\n\n<p style=\"text-align: justify;\">Eigentlich geh\u00f6ren die Klemmen f\u00fcr diese Strecker ja auf das Klavier, da aber dort kein Platz mehr ist um neue Klemmen anzubringen, musste eine andere L\u00f6sung daf\u00fcr gefunden werden. Der Platz konnte nur in der Mitte auf meinem Kielschwein sein. Skipper hat dann aus 2mm Alublech eine Halterung gebaut, die Platz f\u00fcr vier Umlenkrollen und Servoklemmen hat. Diese hat er dann auf dem zuvor von Macken \u00b4befreiten und neu lackiertem Kielschwein angeschraubt. Jetzt kann man auch bei mir von beiden Seiten aus die Mastfall und die Wanten Spannung einstellen, so wie es bei neuen Schiffen eh Standard ist. So sind wir dann zum Comer See ged\u00fcst und haben diese Einstellm\u00f6glichkeiten ausprobiert. Das funktionierte auch schon ganz prima, aber die je vier Meter langen Streckerleinen der Mastfallverstellung und Wanteneinstellung m\u00fcssen noch aufr\u00e4umt werden. Die liegen jetzt wie ein Wollkn\u00e4ul im Rumpf und vert\u00fcdeln sich dauernd. Das hei\u00dft, zu Hause gleich mal wieder basteln und \u00fcberlegen wo die Seile hin sollen. Eine Idee w\u00e4re die, wie beim Baumniederholer endlos zu splei\u00dfen und unter Deck zu verseilen. Das braucht aber ne Menge Gummileine und Umlenkrollen. Ein anderer Gedanke war &#8222;Roll die Leinen einfach auf ne Spule so wie du es beim Fallenaufr\u00e4umer gemacht hast und lass einen Gummi das Aufrollen \u00fcbernehmen&#8220; Das m\u00fcsste doch funktionieren und daf\u00fcr ist unter Deck auch Platz.<\/p>\n<div id='gallery-2' class='gallery galleryid-9069 gallery-columns-4 gallery-size-thumbnail'><figure class='gallery-item'>\n\t\t\t<div class='gallery-icon portrait'>\n\t\t\t\t<a href='https:\/\/korsarger3500.de\/wp-content\/uploads\/2024\/06\/Wantenspannung_24_05.jpg'><img loading=\"lazy\" decoding=\"async\" width=\"150\" height=\"150\" src=\"https:\/\/korsarger3500.de\/wp-content\/uploads\/2024\/06\/Wantenspannung_24_05-150x150.jpg\" class=\"attachment-thumbnail size-thumbnail\" alt=\"Neues &quot;Klavier&quot;\" \/><\/a>\n\t\t\t<\/div><\/figure><figure class='gallery-item'>\n\t\t\t<div class='gallery-icon landscape'>\n\t\t\t\t<a href='https:\/\/korsarger3500.de\/wp-content\/uploads\/2024\/06\/Wantenspannung_24_12.jpg'><img loading=\"lazy\" decoding=\"async\" width=\"150\" height=\"150\" src=\"https:\/\/korsarger3500.de\/wp-content\/uploads\/2024\/06\/Wantenspannung_24_12-150x150.jpg\" class=\"attachment-thumbnail size-thumbnail\" alt=\"lose Fallen aufr\u00e4umen\" \/><\/a>\n\t\t\t<\/div><\/figure><figure class='gallery-item'>\n\t\t\t<div class='gallery-icon landscape'>\n\t\t\t\t<a href='https:\/\/korsarger3500.de\/wp-content\/uploads\/2024\/06\/Wantenspannung_24_11.jpg'><img loading=\"lazy\" decoding=\"async\" width=\"150\" height=\"150\" src=\"https:\/\/korsarger3500.de\/wp-content\/uploads\/2024\/06\/Wantenspannung_24_11-150x150.jpg\" class=\"attachment-thumbnail size-thumbnail\" alt=\"lose Fallen aufr\u00e4umen\" \/><\/a>\n\t\t\t<\/div><\/figure><figure class='gallery-item'>\n\t\t\t<div class='gallery-icon landscape'>\n\t\t\t\t<a href='https:\/\/korsarger3500.de\/wp-content\/uploads\/2024\/06\/Wantenspannung_24_06.jpg'><img loading=\"lazy\" decoding=\"async\" width=\"150\" height=\"150\" src=\"https:\/\/korsarger3500.de\/wp-content\/uploads\/2024\/06\/Wantenspannung_24_06-150x150.jpg\" class=\"attachment-thumbnail size-thumbnail\" alt=\"\" \/><\/a>\n\t\t\t<\/div><\/figure>\n\t\t<\/div>\n\n<p style=\"text-align: justify;\">Skipper baute dann eine Spule mit einen gro\u00dfen Durchmesser f\u00fcr den Strecker und einem kleinen Durchmesser f\u00fcr den Aufrollgummi. Diese musste jetzt so unter das Deck angebracht werden, dass sie beim Benutzen der Strecker deren Lose immer selbstst\u00e4ndig klariert, also gespannt h\u00e4lt. Da hat er schon ein paar Stunden gebastelt, bis die Lagerung der Rollen und die F\u00fchrung des Gummis reibungslos funktionierte und dass dazu die Auftriebsk\u00f6rper neu eingepasst werden mussten war Ihm auch sofort klar. An der Stelle, an der die Spulen jetzt sitzen, ist ja kein Styropor mehr und das fehlt nat\u00fcrlich an Auftrieb. Da aber unter Deck noch viele L\u00fccken zwischen den alten Auftriebsk\u00f6rpern waren, hat er die Styroporst\u00fccke alle neu zugeschnitten und so eingepasst das keine Luft mehr dazwischen ist. Grob gesch\u00e4tzt ist jetzt sogar mehr Aufrieb vorhanden als zuvor. Die n\u00e4chste Kenterung wird zeigen ob er Recht hat. Das alte\u00a0 Segeltuch mit dem die K\u00f6rper unter Deck gehalten wurden, hat er dann auch gerade mal durch ne Polystyrolplatte ersetzt. Dadurch kommt man relativ unkompliziert an die Spulen. Zu guter Letzt hat die Crew dann den Mast gestellt und das Rigg komplett neu eingemessen. Das Ganze macht mich jetzt mal wieder ein bisschen schwerer. Aber der erste Test am Alpsee vor der Kuhschelle 2024 war schon sehr zufriedenstellend. Auch bei\u00a0 vier Beaufort konnte Skipper die Strecker bedienen und verstellen. Lediglich die provisorische Holzlatte, die er zur Leinenf\u00fchrung kurzerhand noch angeschraubt hat, muss er durch was ordentliches ersetzen.<\/p>\n<div id='gallery-3' class='gallery galleryid-9069 gallery-columns-4 gallery-size-thumbnail'><figure class='gallery-item'>\n\t\t\t<div class='gallery-icon landscape'>\n\t\t\t\t<a href='https:\/\/korsarger3500.de\/wp-content\/uploads\/2024\/06\/Wantenspannung_24_07.jpg'><img loading=\"lazy\" decoding=\"async\" width=\"150\" height=\"150\" src=\"https:\/\/korsarger3500.de\/wp-content\/uploads\/2024\/06\/Wantenspannung_24_07-150x150.jpg\" class=\"attachment-thumbnail size-thumbnail\" alt=\"Auftriebsk\u00f6rper neu einpassenden\" \/><\/a>\n\t\t\t<\/div><\/figure><figure class='gallery-item'>\n\t\t\t<div class='gallery-icon landscape'>\n\t\t\t\t<a href='https:\/\/korsarger3500.de\/wp-content\/uploads\/2024\/06\/Wantenspannung_24_08.jpg'><img loading=\"lazy\" decoding=\"async\" width=\"150\" height=\"150\" src=\"https:\/\/korsarger3500.de\/wp-content\/uploads\/2024\/06\/Wantenspannung_24_08-150x150.jpg\" class=\"attachment-thumbnail size-thumbnail\" alt=\"Auftriebsk\u00f6rper neu einpassenden\" \/><\/a>\n\t\t\t<\/div><\/figure><figure class='gallery-item'>\n\t\t\t<div class='gallery-icon landscape'>\n\t\t\t\t<a href='https:\/\/korsarger3500.de\/wp-content\/uploads\/2024\/06\/Wantenspannung_24_09.jpg'><img loading=\"lazy\" decoding=\"async\" width=\"150\" height=\"150\" src=\"https:\/\/korsarger3500.de\/wp-content\/uploads\/2024\/06\/Wantenspannung_24_09-150x150.jpg\" class=\"attachment-thumbnail size-thumbnail\" alt=\"und eine neue Abdeckung\" \/><\/a>\n\t\t\t<\/div><\/figure><figure class='gallery-item'>\n\t\t\t<div class='gallery-icon landscape'>\n\t\t\t\t<a href='https:\/\/korsarger3500.de\/wp-content\/uploads\/2024\/06\/Wantenspannung_24_10.jpg'><img loading=\"lazy\" decoding=\"async\" width=\"150\" height=\"150\" src=\"https:\/\/korsarger3500.de\/wp-content\/uploads\/2024\/06\/Wantenspannung_24_10-150x150.jpg\" class=\"attachment-thumbnail size-thumbnail\" alt=\"mit F\u00fchrung f\u00fcr die Strecker\" \/><\/a>\n\t\t\t<\/div><\/figure>\n\t\t<\/div>\n\n<p><a href=\"https:\/\/korsarger3500.de\/index.php\/innen-refit\/\">Weiter<\/a><\/p>\n","protected":false},"excerpt":{"rendered":"<p>Es war beim Training der Korsare in Graben Neudorf. Wir waren gemeinsam mit 14 weiteren Mannschaften auf dem Wasser, als Trainer Peter mit dem Motorboot hinter uns her fuhr und immer etwas zu uns r\u00fcber rief. &#8222;Nimmst die Lose aus der Leewante&#8220; So oder so \u00e4hnlich kam es nach mehreren Zurufen beim Skipper an. Als &hellip; <a href=\"https:\/\/korsarger3500.de\/index.php\/neue-strecker-fuer-mastfall-und-wantenspannung\/\" class=\"more-link\"><span class=\"screen-reader-text\">Neue Strecker f\u00fcr Mastfall und Wantenspannung<\/span> weiterlesen<\/a><\/p>\n","protected":false},"author":1,"featured_media":0,"parent":0,"menu_order":0,"comment_status":"closed","ping_status":"closed","template":"","meta":{"footnotes":""},"class_list":["post-9069","page","type-page","status-publish","hentry"],"_links":{"self":[{"href":"https:\/\/korsarger3500.de\/index.php\/wp-json\/wp\/v2\/pages\/9069","targetHints":{"allow":["GET"]}}],"collection":[{"href":"https:\/\/korsarger3500.de\/index.php\/wp-json\/wp\/v2\/pages"}],"about":[{"href":"https:\/\/korsarger3500.de\/index.php\/wp-json\/wp\/v2\/types\/page"}],"author":[{"embeddable":true,"href":"https:\/\/korsarger3500.de\/index.php\/wp-json\/wp\/v2\/users\/1"}],"replies":[{"embeddable":true,"href":"https:\/\/korsarger3500.de\/index.php\/wp-json\/wp\/v2\/comments?post=9069"}],"version-history":[{"count":18,"href":"https:\/\/korsarger3500.de\/index.php\/wp-json\/wp\/v2\/pages\/9069\/revisions"}],"predecessor-version":[{"id":9899,"href":"https:\/\/korsarger3500.de\/index.php\/wp-json\/wp\/v2\/pages\/9069\/revisions\/9899"}],"wp:attachment":[{"href":"https:\/\/korsarger3500.de\/index.php\/wp-json\/wp\/v2\/media?parent=9069"}],"curies":[{"name":"wp","href":"https:\/\/api.w.org\/{rel}","templated":true}]}}