{"id":879,"date":"2016-03-09T23:28:33","date_gmt":"2016-03-09T22:28:33","guid":{"rendered":"http:\/\/korsarger3500.de\/?page_id=879"},"modified":"2024-08-21T05:28:48","modified_gmt":"2024-08-21T03:28:48","slug":"die-buegelfrage","status":"publish","type":"page","link":"https:\/\/korsarger3500.de\/index.php\/die-buegelfrage\/","title":{"rendered":"Die B\u00fcgelfrage"},"content":{"rendered":"<p style=\"text-align: justify;\">Nicht das da was verwechselt wird &#8211; ich bin ein Schiff\u00a0 &#8211; das einzige was ich b\u00fcgele sind Wellen&#8230; aber hier geht es um was anderes.<\/p>\n<p style=\"text-align: justify;\">Ich wei\u00df es noch genau&#8230;<br \/>\nAls ich das erste mal in Inheiden vor dem Clubgel\u00e4nde stand und von der Crew aufgeriggt wurde, kam eine Korsaren-Skipperin und gesellte sich zu uns. Sie erz\u00e4hlte, dass sie sich schon viele Jahre als Wanderschottin verdingt, mittlerweile aber ein eigenes Schiff besitzt. Die Crew und sie plauderten nett w\u00e4hrend des Aufbaus. Und ich dachte noch &#8211; das geht mir heute zu lasch. Aber irgendwann stand dann auch mein Mast. Als die Fock dann angeschlagen wurde fiel den beiden auf, dass die Endlos-Fockschot nicht vorne um den Mast lief. Also Mast wieder runter&#8230; Na ja &#8211; Irgendwann war dann alles an seinem Platz. Mit einem<a href=\"https:\/\/korsarger3500.de\/wp-content\/uploads\/2016\/03\/B\u00fcgel_alt.jpg\" rel=\"attachment wp-att-900\" data-lbwps-width=\"696\" data-lbwps-height=\"417\" data-lbwps-srcsmall=\"https:\/\/korsarger3500.de\/wp-content\/uploads\/2016\/03\/B\u00fcgel_alt-300x180.jpg\"><img loading=\"lazy\" decoding=\"async\" class=\"alignright wp-image-900 size-thumbnail\" src=\"https:\/\/korsarger3500.de\/wp-content\/uploads\/2016\/03\/B\u00fcgel_alt-150x150.jpg\" alt=\"das B\u00fcgelchen\" width=\"150\" height=\"150\" \/><\/a> L\u00e4cheln zeigte Skipperin dann auf meinen Gro\u00dfschotb\u00fcgel und meinte &#8222;Was ist das den f\u00fcr ein B\u00fcgelchen.&#8220; Ich war erstaunt, den zu der Zeit als ich gebaut wurde, war der B\u00fcgel der letzte Schrei. Es gab Schiffe mit Traveller und einige wenige mit B\u00fcgel. Ich war eines davon. Als ich dann aber mal bei den andern Schiffen nachgesehen hatte was heute so angesagt ist, war mir klar was sie meinte. Mein B\u00fcgel war nicht so hoch wie die B\u00fcgel der Anderen, da fehlen mindestens 25cm bis zum Baum. Also musste hier nachgebessert werden. Einen Traveller oder ein Gro\u00dfschotdreieck einzubauen geht nicht, das passt bei mir gar nicht. Ein h\u00f6herer B\u00fcgel musste her. Aus Edelstahl und verstellbar sollte er sein, damit man ihn je nach Mastfall mit verstellen kann und die Seitenkr\u00e4fte muss er ab k\u00f6nnen und nicht so klobig soll er sein und unter der Transportpersening verschwinden und &#8230;<\/p>\n<div id='gallery-1' class='gallery galleryid-879 gallery-columns-4 gallery-size-thumbnail'><figure class='gallery-item'>\n\t\t\t<div class='gallery-icon landscape'>\n\t\t\t\t<a href='https:\/\/korsarger3500.de\/wp-content\/uploads\/2016\/03\/Buegel_01.jpg'><img loading=\"lazy\" decoding=\"async\" width=\"150\" height=\"150\" src=\"https:\/\/korsarger3500.de\/wp-content\/uploads\/2016\/03\/Buegel_01-150x150.jpg\" class=\"attachment-thumbnail size-thumbnail\" alt=\"B\u00fcgel\" \/><\/a>\n\t\t\t<\/div><\/figure><figure class='gallery-item'>\n\t\t\t<div class='gallery-icon landscape'>\n\t\t\t\t<a href='https:\/\/korsarger3500.de\/wp-content\/uploads\/2016\/03\/Buegel_10.jpg'><img loading=\"lazy\" decoding=\"async\" width=\"150\" height=\"150\" src=\"https:\/\/korsarger3500.de\/wp-content\/uploads\/2016\/03\/Buegel_10-150x150.jpg\" class=\"attachment-thumbnail size-thumbnail\" alt=\"Standrohre einpassen\" \/><\/a>\n\t\t\t<\/div><\/figure><figure class='gallery-item'>\n\t\t\t<div class='gallery-icon landscape'>\n\t\t\t\t<a href='https:\/\/korsarger3500.de\/wp-content\/uploads\/2016\/03\/Buegel_05.jpg'><img loading=\"lazy\" decoding=\"async\" width=\"150\" height=\"150\" src=\"https:\/\/korsarger3500.de\/wp-content\/uploads\/2016\/03\/Buegel_05-150x150.jpg\" class=\"attachment-thumbnail size-thumbnail\" alt=\"hintere Streben m\u00fcssen noch verschwei\u00dft werden\" \/><\/a>\n\t\t\t<\/div><\/figure><figure class='gallery-item'>\n\t\t\t<div class='gallery-icon landscape'>\n\t\t\t\t<a href='https:\/\/korsarger3500.de\/wp-content\/uploads\/2016\/03\/Buegel_07.jpg'><img loading=\"lazy\" decoding=\"async\" width=\"150\" height=\"150\" src=\"https:\/\/korsarger3500.de\/wp-content\/uploads\/2016\/03\/Buegel_07-150x150.jpg\" class=\"attachment-thumbnail size-thumbnail\" alt=\"erste optische Kontrollen\" \/><\/a>\n\t\t\t<\/div><\/figure><figure class='gallery-item'>\n\t\t\t<div class='gallery-icon landscape'>\n\t\t\t\t<a href='https:\/\/korsarger3500.de\/wp-content\/uploads\/2016\/03\/Buegel_09.jpg'><img loading=\"lazy\" decoding=\"async\" width=\"150\" height=\"150\" src=\"https:\/\/korsarger3500.de\/wp-content\/uploads\/2016\/03\/Buegel_09-150x150.jpg\" class=\"attachment-thumbnail size-thumbnail\" alt=\"Sitzt alles gerade?\" \/><\/a>\n\t\t\t<\/div><\/figure><figure class='gallery-item'>\n\t\t\t<div class='gallery-icon landscape'>\n\t\t\t\t<a href='https:\/\/korsarger3500.de\/wp-content\/uploads\/2016\/03\/GwK_19.jpg'><img loading=\"lazy\" decoding=\"async\" width=\"150\" height=\"150\" src=\"https:\/\/korsarger3500.de\/wp-content\/uploads\/2016\/03\/GwK_19-150x150.jpg\" class=\"attachment-thumbnail size-thumbnail\" alt=\"B\u00fcgeluntergestell\" \/><\/a>\n\t\t\t<\/div><\/figure><figure class='gallery-item'>\n\t\t\t<div class='gallery-icon portrait'>\n\t\t\t\t<a href='https:\/\/korsarger3500.de\/wp-content\/uploads\/2016\/03\/GwK_18.jpg'><img loading=\"lazy\" decoding=\"async\" width=\"150\" height=\"150\" src=\"https:\/\/korsarger3500.de\/wp-content\/uploads\/2016\/03\/GwK_18-150x150.jpg\" class=\"attachment-thumbnail size-thumbnail\" alt=\"tiefgestellt\" \/><\/a>\n\t\t\t<\/div><\/figure><figure class='gallery-item'>\n\t\t\t<div class='gallery-icon landscape'>\n\t\t\t\t<a href='https:\/\/korsarger3500.de\/wp-content\/uploads\/2016\/03\/GwK_02-1.jpg'><img loading=\"lazy\" decoding=\"async\" width=\"150\" height=\"150\" src=\"https:\/\/korsarger3500.de\/wp-content\/uploads\/2016\/03\/GwK_02-1-150x150.jpg\" class=\"attachment-thumbnail size-thumbnail\" alt=\"B\u00fcgel\" \/><\/a>\n\t\t\t<\/div><\/figure>\n\t\t<\/div>\n\n<p style=\"text-align: justify;\">Meine Vorgaben wurden dann im Winter vom Skipper umgesetzt. Aus Edelstahlrohr hat er einen B\u00fcgel gebogen der sich passgenau in zwei Standrohre versenken l\u00e4sst.\u00a0 Die Standrohre wurden genau wie der alte B\u00fcgel am<a href=\"https:\/\/korsarger3500.de\/wp-content\/uploads\/2016\/03\/B\u00fcgel_neu.jpg\" rel=\"attachment wp-att-898\" data-lbwps-width=\"498\" data-lbwps-height=\"441\" data-lbwps-srcsmall=\"https:\/\/korsarger3500.de\/wp-content\/uploads\/2016\/03\/B\u00fcgel_neu-300x266.jpg\"><img loading=\"lazy\" decoding=\"async\" class=\"alignright wp-image-898 size-thumbnail\" src=\"https:\/\/korsarger3500.de\/wp-content\/uploads\/2016\/03\/B\u00fcgel_neu-150x150.jpg\" alt=\"Der neue B\u00fcgel\" width=\"150\" height=\"150\" \/><\/a> Schwertkasten verschraubt. Die Seitenkr\u00e4fte werden \u00fcber neue Verstrebungen nach BB und SB abgeleitet.\u00a0 So entstand ein stabiles Rohrdreieck, welches den verstellbaren B\u00fcgel tr\u00e4gt. Die H\u00f6henverstellung ist mit einigen L\u00f6chern in den Rohren und Klappnasenbolzen realisiert.\u00a0 Der B\u00fcgel l\u00e4sst sich komplett aus den Standrohren herausziehen, damit passt auch alles unter die Persening.<\/p>\n<h4 id=\"Dez_2016_3\" style=\"text-align: justify;\">Der B\u00fcgel wird erneuert<\/h4>\n<p style=\"text-align: justify;\">Mir w\u00fcrde der B\u00fcgel so wie er ist vollkommen gen\u00fcgen, und ich kann das Gro\u00df auch damit prima halten. Da aber Skipper und Schottin den B\u00fcgel ab und zu mal als Rollator &#8211; Haltegriff missbrauchen, hat er nach zwei Regattajahren doch schon sehr gelitten. Der obere Teil ist so sehr verbogen dass er sich nur noch sehr schwer in die unteren F\u00fchrung stecken l\u00e4sst. Den zu erneuern w\u00e4re dann aber auch nur ne L\u00f6sung f\u00fcr ein bis zwei Jahre. Also muss Skipper wohl oder \u00fcbel das Ganze ne Nummer stabiler bauen. Die Suche nach geeignetem Edelstahl Rohr war schwieriger als man denken sollte. Kein ortsans\u00e4ssiger Schlosser hatte was da und wenn er was bestellen konnte waren es dann gleich mal 6 Meter lange Rohrst\u00fccke. Bei aller Liebe, was sollte Skipper mit dem Rest machen. Er k\u00f6nnte glatt eine Bierleitung vom Bug zum Heck und zur\u00fcck durch in meinem Rumpf verlegen. Aber es fand sich dann, nach langem Suchen, doch im gro\u00dfen WWW ein H\u00e4ndler der die passenden Rohre liefern konnte. Hoffentlich passen die beiden Rohre ineinander. Der Au\u00dfendurchmesser des B\u00fcgels ist genau so gro\u00df als der Innendurchmesser der St\u00e4nder-Rohres. Leider passten die Rohre dann doch nicht ineinander und so musste er das innere Rohr etwas verj\u00fcngen, hei\u00dft schleifen und polieren. Dann gings weiter mit dem Ausbau des alten B\u00fcgels und dem vergr\u00f6\u00dfern der L\u00f6cher am Schwertkasten. Etwas Schwertkastenholz musste noch weg gestemmt werden und dann passten die neuen Rohre auch fast schon. Das Kniffelige an der Angelegenheit war das Ausrichten der Rohre. Sie m\u00fcssen absolut parallel stehen und d\u00fcrfen sich sp\u00e4ter auch nicht verbiegen oder verziehen (so wie die Alten). Die vier Streben vom alten Gestell hat er wieder gerade gebogen und damit konnten sie wieder verwendet werden. Jetzt muss noch jemand gesucht werden der die mir die St\u00e4be im Rumpf verschwei\u00dft. Den suchen wir ab morgen, also erst n\u00e4chstes Jahr.<\/p>\n<div id='gallery-2' class='gallery galleryid-879 gallery-columns-4 gallery-size-thumbnail'><figure class='gallery-item'>\n\t\t\t<div class='gallery-icon landscape'>\n\t\t\t\t<a href='https:\/\/korsarger3500.de\/wp-content\/uploads\/2016\/12\/R_015.jpg'><img loading=\"lazy\" decoding=\"async\" width=\"150\" height=\"150\" src=\"https:\/\/korsarger3500.de\/wp-content\/uploads\/2016\/12\/R_015-150x150.jpg\" class=\"attachment-thumbnail size-thumbnail\" alt=\"Ohne das alte Zeug\" \/><\/a>\n\t\t\t<\/div><\/figure><figure class='gallery-item'>\n\t\t\t<div class='gallery-icon landscape'>\n\t\t\t\t<a href='https:\/\/korsarger3500.de\/wp-content\/uploads\/2016\/12\/R_016.jpg'><img loading=\"lazy\" decoding=\"async\" width=\"150\" height=\"150\" src=\"https:\/\/korsarger3500.de\/wp-content\/uploads\/2016\/12\/R_016-150x150.jpg\" class=\"attachment-thumbnail size-thumbnail\" alt=\"neue Streben\" \/><\/a>\n\t\t\t<\/div><\/figure><figure class='gallery-item'>\n\t\t\t<div class='gallery-icon landscape'>\n\t\t\t\t<a href='https:\/\/korsarger3500.de\/wp-content\/uploads\/2016\/12\/R_018.jpg'><img loading=\"lazy\" decoding=\"async\" width=\"150\" height=\"150\" src=\"https:\/\/korsarger3500.de\/wp-content\/uploads\/2016\/12\/R_018-150x150.jpg\" class=\"attachment-thumbnail size-thumbnail\" alt=\"von der Seite\" \/><\/a>\n\t\t\t<\/div><\/figure><figure class='gallery-item'>\n\t\t\t<div class='gallery-icon landscape'>\n\t\t\t\t<a href='https:\/\/korsarger3500.de\/wp-content\/uploads\/2016\/12\/R_020.jpg'><img loading=\"lazy\" decoding=\"async\" width=\"150\" height=\"150\" src=\"https:\/\/korsarger3500.de\/wp-content\/uploads\/2016\/12\/R_020-150x150.jpg\" class=\"attachment-thumbnail size-thumbnail\" alt=\"wie passen diese Teile wohl zusammen\" \/><\/a>\n\t\t\t<\/div><\/figure><figure class='gallery-item'>\n\t\t\t<div class='gallery-icon landscape'>\n\t\t\t\t<a href='https:\/\/korsarger3500.de\/wp-content\/uploads\/2017\/01\/R_001.jpg'><img loading=\"lazy\" decoding=\"async\" width=\"150\" height=\"150\" src=\"https:\/\/korsarger3500.de\/wp-content\/uploads\/2017\/01\/R_001-150x150.jpg\" class=\"attachment-thumbnail size-thumbnail\" alt=\"es soll ja gerade werden\" \/><\/a>\n\t\t\t<\/div><\/figure><figure class='gallery-item'>\n\t\t\t<div class='gallery-icon landscape'>\n\t\t\t\t<a href='https:\/\/korsarger3500.de\/wp-content\/uploads\/2017\/01\/R_002.jpg'><img loading=\"lazy\" decoding=\"async\" width=\"150\" height=\"150\" src=\"https:\/\/korsarger3500.de\/wp-content\/uploads\/2017\/01\/R_002-150x150.jpg\" class=\"attachment-thumbnail size-thumbnail\" alt=\"das muss genau werden\" \/><\/a>\n\t\t\t<\/div><\/figure><figure class='gallery-item'>\n\t\t\t<div class='gallery-icon landscape'>\n\t\t\t\t<a href='https:\/\/korsarger3500.de\/wp-content\/uploads\/2017\/01\/R_003.jpg'><img loading=\"lazy\" decoding=\"async\" width=\"150\" height=\"150\" src=\"https:\/\/korsarger3500.de\/wp-content\/uploads\/2017\/01\/R_003-150x150.jpg\" class=\"attachment-thumbnail size-thumbnail\" alt=\"und parallel\" \/><\/a>\n\t\t\t<\/div><\/figure><figure class='gallery-item'>\n\t\t\t<div class='gallery-icon landscape'>\n\t\t\t\t<a href='https:\/\/korsarger3500.de\/wp-content\/uploads\/2017\/01\/R_004.jpg'><img loading=\"lazy\" decoding=\"async\" width=\"150\" height=\"150\" src=\"https:\/\/korsarger3500.de\/wp-content\/uploads\/2017\/01\/R_004-150x150.jpg\" class=\"attachment-thumbnail size-thumbnail\" alt=\"exakt arbeiten\" \/><\/a>\n\t\t\t<\/div><\/figure><figure class='gallery-item'>\n\t\t\t<div class='gallery-icon landscape'>\n\t\t\t\t<a href='https:\/\/korsarger3500.de\/wp-content\/uploads\/2017\/01\/R_005.jpg'><img loading=\"lazy\" decoding=\"async\" width=\"150\" height=\"150\" src=\"https:\/\/korsarger3500.de\/wp-content\/uploads\/2017\/01\/R_005-150x150.jpg\" class=\"attachment-thumbnail size-thumbnail\" alt=\"Abstandsschablone\" \/><\/a>\n\t\t\t<\/div><\/figure><figure class='gallery-item'>\n\t\t\t<div class='gallery-icon landscape'>\n\t\t\t\t<a href='https:\/\/korsarger3500.de\/wp-content\/uploads\/2017\/01\/R_006.jpg'><img loading=\"lazy\" decoding=\"async\" width=\"150\" height=\"150\" src=\"https:\/\/korsarger3500.de\/wp-content\/uploads\/2017\/01\/R_006-150x150.jpg\" class=\"attachment-thumbnail size-thumbnail\" alt=\"Standrohre\" \/><\/a>\n\t\t\t<\/div><\/figure><figure class='gallery-item'>\n\t\t\t<div class='gallery-icon landscape'>\n\t\t\t\t<a href='https:\/\/korsarger3500.de\/wp-content\/uploads\/2017\/01\/R_007.jpg'><img loading=\"lazy\" decoding=\"async\" width=\"150\" height=\"150\" src=\"https:\/\/korsarger3500.de\/wp-content\/uploads\/2017\/01\/R_007-150x150.jpg\" class=\"attachment-thumbnail size-thumbnail\" alt=\"Verstrebungen anpassen\" \/><\/a>\n\t\t\t<\/div><\/figure><figure class='gallery-item'>\n\t\t\t<div class='gallery-icon landscape'>\n\t\t\t\t<a href='https:\/\/korsarger3500.de\/wp-content\/uploads\/2017\/01\/R_008.jpg'><img loading=\"lazy\" decoding=\"async\" width=\"150\" height=\"150\" src=\"https:\/\/korsarger3500.de\/wp-content\/uploads\/2017\/01\/R_008-150x150.jpg\" class=\"attachment-thumbnail size-thumbnail\" alt=\"B\u00fcgel vorfertigen\" \/><\/a>\n\t\t\t<\/div><\/figure>\n\t\t<\/div>\n\n<p style=\"text-align: justify;\">Zum Schwei\u00dfen musste ich dann in die Metallwerkstatt. Der Schwei\u00dfer hat sich sehr bem\u00fcht sehr feine N\u00e4hte zu legen. Leider ist das St\u00e4nderrohr dann doch zu hei\u00df geworden und hat sich leicht verzogen. Skipper und er mussten gemeinsam, mit Gewalt und Hammer, die Rohre wieder trennen. Dann zu hause war Schleifarbeit angesagt bis die Rohre wieder ineinander passten. Anschlie\u00dfend mussten noch drei feine Kerben zum Einrasten der Umlenkrolle in den Mini Traveler gefeilt werden. Jetzt fehlte nur noch die Befestigung der Grosschot. Diese sollte sich mit einem Handgriff l\u00f6sen lassen damit die L\u00e4nge der Talie ge\u00e4ndert werden kann. Eine \u00d6se, aus 3mm Draht, die sich nicht aufbiegt, war die L\u00f6sung. Jetzt ist der neue B\u00fcgel fertig und kann getestet werden.<\/p>\n<div id='gallery-3' class='gallery galleryid-879 gallery-columns-4 gallery-size-thumbnail'><figure class='gallery-item'>\n\t\t\t<div class='gallery-icon portrait'>\n\t\t\t\t<a href='https:\/\/korsarger3500.de\/wp-content\/uploads\/2017\/01\/P001.jpg'><img loading=\"lazy\" decoding=\"async\" width=\"150\" height=\"150\" src=\"https:\/\/korsarger3500.de\/wp-content\/uploads\/2017\/01\/P001-150x150.jpg\" class=\"attachment-thumbnail size-thumbnail\" alt=\"In der Schlosserei\" \/><\/a>\n\t\t\t<\/div><\/figure><figure class='gallery-item'>\n\t\t\t<div class='gallery-icon landscape'>\n\t\t\t\t<a href='https:\/\/korsarger3500.de\/wp-content\/uploads\/2017\/01\/R_003-1.jpg'><img loading=\"lazy\" decoding=\"async\" width=\"150\" height=\"150\" src=\"https:\/\/korsarger3500.de\/wp-content\/uploads\/2017\/01\/R_003-1-150x150.jpg\" class=\"attachment-thumbnail size-thumbnail\" alt=\"\" \/><\/a>\n\t\t\t<\/div><\/figure><figure class='gallery-item'>\n\t\t\t<div class='gallery-icon landscape'>\n\t\t\t\t<a href='https:\/\/korsarger3500.de\/wp-content\/uploads\/2017\/01\/R_006-1.jpg'><img loading=\"lazy\" decoding=\"async\" width=\"150\" height=\"150\" src=\"https:\/\/korsarger3500.de\/wp-content\/uploads\/2017\/01\/R_006-1-150x150.jpg\" class=\"attachment-thumbnail size-thumbnail\" alt=\"Mini Traveler\" \/><\/a>\n\t\t\t<\/div><\/figure><figure class='gallery-item'>\n\t\t\t<div class='gallery-icon landscape'>\n\t\t\t\t<a href='https:\/\/korsarger3500.de\/wp-content\/uploads\/2017\/02\/R_002-e1486286181136.jpg'><img loading=\"lazy\" decoding=\"async\" width=\"150\" height=\"150\" src=\"https:\/\/korsarger3500.de\/wp-content\/uploads\/2017\/02\/R_002-e1486286181136-150x150.jpg\" class=\"attachment-thumbnail size-thumbnail\" alt=\"l\u00f6sbare Grosschot Befestigung\" \/><\/a>\n\t\t\t<\/div><\/figure>\n\t\t<\/div>\n\n<p style=\"text-align: justify;\">Ein paar kleinen Anpassungen waren dann aber noch n\u00f6tig. Die Gro\u00dfschot Befestigung wurde versetzt damit sie schneller gel\u00f6st werden kann. Ein Gummi verhindert das der B\u00fcgel komplett herausgezogen werden kann. Und damit der Mechanismus auch bei verschiedenen Mastfall funktioniert musste die komplette <a href=\"https:\/\/korsarger3500.de\/index.php\/grossschotfuehrung\/\">Gro\u00dfschot F\u00fchrung angepasst<\/a> werden.<\/p>\n<p style=\"text-align: justify;\"><a href=\"http:\/\/korsarger3500.de\/index.php\/mastcontroller\/\">weiter &#8230;<\/a><\/p>\n","protected":false},"excerpt":{"rendered":"<p>Nicht das da was verwechselt wird &#8211; ich bin ein Schiff\u00a0 &#8211; das einzige was ich b\u00fcgele sind Wellen&#8230; aber hier geht es um was anderes. Ich wei\u00df es noch genau&#8230; Als ich das erste mal in Inheiden vor dem Clubgel\u00e4nde stand und von der Crew aufgeriggt wurde, kam eine Korsaren-Skipperin und gesellte sich zu &hellip; <a href=\"https:\/\/korsarger3500.de\/index.php\/die-buegelfrage\/\" class=\"more-link\"><span class=\"screen-reader-text\">Die B\u00fcgelfrage<\/span> weiterlesen<\/a><\/p>\n","protected":false},"author":1,"featured_media":0,"parent":0,"menu_order":0,"comment_status":"closed","ping_status":"closed","template":"","meta":{"footnotes":""},"class_list":["post-879","page","type-page","status-publish","hentry"],"_links":{"self":[{"href":"https:\/\/korsarger3500.de\/index.php\/wp-json\/wp\/v2\/pages\/879","targetHints":{"allow":["GET"]}}],"collection":[{"href":"https:\/\/korsarger3500.de\/index.php\/wp-json\/wp\/v2\/pages"}],"about":[{"href":"https:\/\/korsarger3500.de\/index.php\/wp-json\/wp\/v2\/types\/page"}],"author":[{"embeddable":true,"href":"https:\/\/korsarger3500.de\/index.php\/wp-json\/wp\/v2\/users\/1"}],"replies":[{"embeddable":true,"href":"https:\/\/korsarger3500.de\/index.php\/wp-json\/wp\/v2\/comments?post=879"}],"version-history":[{"count":47,"href":"https:\/\/korsarger3500.de\/index.php\/wp-json\/wp\/v2\/pages\/879\/revisions"}],"predecessor-version":[{"id":9210,"href":"https:\/\/korsarger3500.de\/index.php\/wp-json\/wp\/v2\/pages\/879\/revisions\/9210"}],"wp:attachment":[{"href":"https:\/\/korsarger3500.de\/index.php\/wp-json\/wp\/v2\/media?parent=879"}],"curies":[{"name":"wp","href":"https:\/\/api.w.org\/{rel}","templated":true}]}}