{"id":8670,"date":"2023-07-13T06:47:38","date_gmt":"2023-07-13T04:47:38","guid":{"rendered":"https:\/\/korsarger3500.de\/?page_id=8670"},"modified":"2023-07-14T07:32:59","modified_gmt":"2023-07-14T05:32:59","slug":"cremant-cup-am-langener-waldsee-2022","status":"publish","type":"page","link":"https:\/\/korsarger3500.de\/index.php\/cremant-cup-am-langener-waldsee-2022\/","title":{"rendered":"Cremant-Cup am Langener Waldsee 2022"},"content":{"rendered":"<p style=\"text-align: justify;\">Sehr schade fand ich das ich nicht nach Langen konnte. Leider musste die Schottin zu Hause bleiben und sich um Ihre Mama k\u00fcmmern. Das ist schlie\u00dflich auch wichtig und kann nicht verschoben werden. Skipper hat dann kurzerhand den MX mit Prickelwasser best\u00fcckt und ist nach Langen ged\u00fcst. Schlie\u00dflich muss es ja beim Cermant-Cup auch Cremant geben. Er ist also wie immer Samstag morgens\u00a0 &#8230; \u00e4h &#8211; was plapper ich blos &#8211; ich war doch gar nicht dabei &#8230;<\/p>\n<p style=\"text-align: justify;\">Aber Ihr k\u00f6nnt hier den Bericht von Karin lesen.<\/p>\n<p style=\"text-align: justify;\"><a href=\"https:\/\/korsarger3500.de\/wp-content\/uploads\/2023\/07\/Cremant-Cup-der-Korsare-oder-die-traditionsreichste-Regatta-\u2013-DSCL.pdf\">Cremant Cup der Korsare oder die traditionsreichste Regatta \u2013 DSCL<\/a><\/p>\n<p>N\u00e4chstes Jahr will ich aber wieder mit zum Cup.<\/p>\n<p><a href=\"https:\/\/korsarger3500.de\/index.php\/regatta-2022\/\">weiter\u00a0<\/a>\u2026oder zur\u00a0<a href=\"http:\/\/korsarger3500.de\/\">Startseite<\/a><\/p>\n","protected":false},"excerpt":{"rendered":"<p>Sehr schade fand ich das ich nicht nach Langen konnte. Leider musste die Schottin zu Hause bleiben und sich um Ihre Mama k\u00fcmmern. Das ist schlie\u00dflich auch wichtig und kann nicht verschoben werden. Skipper hat dann kurzerhand den MX mit Prickelwasser best\u00fcckt und ist nach Langen ged\u00fcst. Schlie\u00dflich muss es ja beim Cermant-Cup auch Cremant &hellip; <a href=\"https:\/\/korsarger3500.de\/index.php\/cremant-cup-am-langener-waldsee-2022\/\" class=\"more-link\"><span class=\"screen-reader-text\">Cremant-Cup am Langener Waldsee 2022<\/span> weiterlesen<\/a><\/p>\n","protected":false},"author":1,"featured_media":0,"parent":0,"menu_order":0,"comment_status":"closed","ping_status":"closed","template":"","meta":{"footnotes":""},"class_list":["post-8670","page","type-page","status-publish","hentry"],"_links":{"self":[{"href":"https:\/\/korsarger3500.de\/index.php\/wp-json\/wp\/v2\/pages\/8670","targetHints":{"allow":["GET"]}}],"collection":[{"href":"https:\/\/korsarger3500.de\/index.php\/wp-json\/wp\/v2\/pages"}],"about":[{"href":"https:\/\/korsarger3500.de\/index.php\/wp-json\/wp\/v2\/types\/page"}],"author":[{"embeddable":true,"href":"https:\/\/korsarger3500.de\/index.php\/wp-json\/wp\/v2\/users\/1"}],"replies":[{"embeddable":true,"href":"https:\/\/korsarger3500.de\/index.php\/wp-json\/wp\/v2\/comments?post=8670"}],"version-history":[{"count":5,"href":"https:\/\/korsarger3500.de\/index.php\/wp-json\/wp\/v2\/pages\/8670\/revisions"}],"predecessor-version":[{"id":8692,"href":"https:\/\/korsarger3500.de\/index.php\/wp-json\/wp\/v2\/pages\/8670\/revisions\/8692"}],"wp:attachment":[{"href":"https:\/\/korsarger3500.de\/index.php\/wp-json\/wp\/v2\/media?parent=8670"}],"curies":[{"name":"wp","href":"https:\/\/api.w.org\/{rel}","templated":true}]}}