{"id":8626,"date":"2023-07-10T07:41:31","date_gmt":"2023-07-10T05:41:31","guid":{"rendered":"https:\/\/korsarger3500.de\/?page_id=8626"},"modified":"2024-02-21T08:43:36","modified_gmt":"2024-02-21T07:43:36","slug":"korsarenpreis-2023-am-goldkanal","status":"publish","type":"page","link":"https:\/\/korsarger3500.de\/index.php\/korsarenpreis-2023-am-goldkanal\/","title":{"rendered":"Korsarenpreis 2023 am Goldkanal"},"content":{"rendered":"<p style=\"text-align: justify;\">Skipper hatte gerade Zeit genug, um meine Konsolen f\u00fcr die Klemmen neu zu bauen, dann sind wir auch schon wieder unterwegs gewesen zum Goldkanal. Es war f\u00fcr das Wochenende kein Wind angesagt und umso erstaunter war ich, als ich <em>forever wet<\/em> bei sch\u00f6nstem Trapezwind auf dem Goldkanal fahren sah. Ich wurde schnell aufgebaut und dann war auch schon die Begr\u00fc\u00dfung durch den RCR und die Steuerleute Besprechung. Anschlie\u00dfend sind wir aufs Wasser und die Crew hat mich auf den vorhandenen Wind eingetrimmt. Auf dem Weg zur Startlinie schlief der Wind dann ein. Die Windprognose des Windfinders\u00a0 traf also dann doch zu. Wir d\u00fcmpelten alle noch ne Weile an der Startlinie herum, bis die Wettfahrtleitung entschied erstmal wieder zur\u00fcck zum Hafen zu fahren. Da mit segeln nix drin war und keiner Lust zu paddeln hatte, wurden wir freundlicherweise geschleppt. Alle Schiffe wurden dann die lange steile Rampe hinauf geslippt. Das ging dank der vielen helfenden H\u00e4nde ruck zuck. Den Rest des Tages vertrieben die Crews sich die Zeit mit schwimmen, spielen, fachsimpeln und dem einen oder andern Plausch. Skipper und Schottin bauten dann noch ein kleines Zelt zum \u00dcbernachten auf &#8211; auf was f\u00fcr Ideen die mittlerweile kommen. Dann gingen alle zum Abendessen in das angegliederte Restaurant. <em>plan-b&#8217;s<\/em> Skipper und auch meine Crew hatten etwas Cremant dabei und so klang der Abend gem\u00fctlich im Schatten der gro\u00dfen Weide aus.\u00a0 Ich wurde das erste Mal, seit ich mit der Crew unterwegs bin, nicht f\u00fcr die Nacht abgedeckt. Dadurch war ich am fr\u00fchen morgen Pitschnass vom Morgentau &#8211; auch sehr erfrischend. Bald waren die Reste des gestrigen Abends entsorgt und die Tafel f\u00fcr das Fr\u00fchst\u00fcck wurde gerichtet. Das zog sich dann mangels Wind bis zum Nachmittag hin. Die Wettfahrtleitung versuchte alles, um aus dem bisschen Wind einen segelbaren Kurs zu bauen, aber es setzte sich einfach kein konstanter Wind durch. Die Abstimmung ob trotzdem gesegelt werden sollte, verlief eindeutig zu Gunsten des nicht segelns und so wurde ich bald darauf abgeriggt und verladen. Die Preise die sonst ersegelt werden, wurden via Los verteilt und jeder Teilnehmer bekam auch eine RCR Tasse der neuen Edition. Obwohl nicht gesegelt werden konnte, war es sch\u00f6n beim RCR und nach eine letzten Bad im Rhein und der Verabschiedungsrunde machten wir uns auf den Heimweg. Bei 36Grd blieb das Cabrio Dach zu und die Klimaanlage im MX musste gegen die Temperaturen im Innenraum anschuften.<\/p>\n<p>Hier noch einige Bilder &#8230;.<\/p>\n<div id='gallery-1' class='gallery galleryid-8626 gallery-columns-4 gallery-size-thumbnail'><figure class='gallery-item'>\n\t\t\t<div class='gallery-icon landscape'>\n\t\t\t\t<a href='https:\/\/korsarger3500.de\/wp-content\/uploads\/2023\/07\/RCR_23_18.jpg'><img loading=\"lazy\" decoding=\"async\" width=\"150\" height=\"150\" src=\"https:\/\/korsarger3500.de\/wp-content\/uploads\/2023\/07\/RCR_23_18-150x150.jpg\" class=\"attachment-thumbnail size-thumbnail\" alt=\"\" \/><\/a>\n\t\t\t<\/div><\/figure><figure class='gallery-item'>\n\t\t\t<div class='gallery-icon landscape'>\n\t\t\t\t<a href='https:\/\/korsarger3500.de\/wp-content\/uploads\/2023\/07\/RCR_23_19.jpg'><img loading=\"lazy\" decoding=\"async\" width=\"150\" height=\"150\" src=\"https:\/\/korsarger3500.de\/wp-content\/uploads\/2023\/07\/RCR_23_19-150x150.jpg\" class=\"attachment-thumbnail size-thumbnail\" alt=\"\" \/><\/a>\n\t\t\t<\/div><\/figure><figure class='gallery-item'>\n\t\t\t<div class='gallery-icon landscape'>\n\t\t\t\t<a href='https:\/\/korsarger3500.de\/wp-content\/uploads\/2023\/07\/RCR_23_01.jpg'><img loading=\"lazy\" decoding=\"async\" width=\"150\" height=\"150\" src=\"https:\/\/korsarger3500.de\/wp-content\/uploads\/2023\/07\/RCR_23_01-150x150.jpg\" class=\"attachment-thumbnail size-thumbnail\" alt=\"\" \/><\/a>\n\t\t\t<\/div><\/figure><figure class='gallery-item'>\n\t\t\t<div class='gallery-icon landscape'>\n\t\t\t\t<a href='https:\/\/korsarger3500.de\/wp-content\/uploads\/2023\/07\/RCR_23_02.jpg'><img loading=\"lazy\" decoding=\"async\" width=\"150\" height=\"150\" src=\"https:\/\/korsarger3500.de\/wp-content\/uploads\/2023\/07\/RCR_23_02-150x150.jpg\" class=\"attachment-thumbnail size-thumbnail\" alt=\"\" \/><\/a>\n\t\t\t<\/div><\/figure><figure class='gallery-item'>\n\t\t\t<div class='gallery-icon landscape'>\n\t\t\t\t<a href='https:\/\/korsarger3500.de\/wp-content\/uploads\/2023\/07\/RCR_23_03.jpg'><img loading=\"lazy\" decoding=\"async\" width=\"150\" height=\"150\" src=\"https:\/\/korsarger3500.de\/wp-content\/uploads\/2023\/07\/RCR_23_03-150x150.jpg\" class=\"attachment-thumbnail size-thumbnail\" alt=\"\" \/><\/a>\n\t\t\t<\/div><\/figure><figure class='gallery-item'>\n\t\t\t<div class='gallery-icon landscape'>\n\t\t\t\t<a href='https:\/\/korsarger3500.de\/wp-content\/uploads\/2023\/07\/RCR_23_04.jpg'><img loading=\"lazy\" decoding=\"async\" width=\"150\" height=\"150\" src=\"https:\/\/korsarger3500.de\/wp-content\/uploads\/2023\/07\/RCR_23_04-150x150.jpg\" class=\"attachment-thumbnail size-thumbnail\" alt=\"\" \/><\/a>\n\t\t\t<\/div><\/figure><figure class='gallery-item'>\n\t\t\t<div class='gallery-icon landscape'>\n\t\t\t\t<a href='https:\/\/korsarger3500.de\/wp-content\/uploads\/2023\/07\/RCR_23_05.jpg'><img loading=\"lazy\" decoding=\"async\" width=\"150\" height=\"150\" src=\"https:\/\/korsarger3500.de\/wp-content\/uploads\/2023\/07\/RCR_23_05-150x150.jpg\" class=\"attachment-thumbnail size-thumbnail\" alt=\"\" \/><\/a>\n\t\t\t<\/div><\/figure><figure class='gallery-item'>\n\t\t\t<div class='gallery-icon landscape'>\n\t\t\t\t<a href='https:\/\/korsarger3500.de\/wp-content\/uploads\/2023\/07\/RCR_23_06.jpg'><img loading=\"lazy\" decoding=\"async\" width=\"150\" height=\"150\" src=\"https:\/\/korsarger3500.de\/wp-content\/uploads\/2023\/07\/RCR_23_06-150x150.jpg\" class=\"attachment-thumbnail size-thumbnail\" alt=\"\" \/><\/a>\n\t\t\t<\/div><\/figure><figure class='gallery-item'>\n\t\t\t<div class='gallery-icon landscape'>\n\t\t\t\t<a href='https:\/\/korsarger3500.de\/wp-content\/uploads\/2023\/07\/RCR_23_07.jpg'><img loading=\"lazy\" decoding=\"async\" width=\"150\" height=\"150\" src=\"https:\/\/korsarger3500.de\/wp-content\/uploads\/2023\/07\/RCR_23_07-150x150.jpg\" class=\"attachment-thumbnail size-thumbnail\" alt=\"\" \/><\/a>\n\t\t\t<\/div><\/figure><figure class='gallery-item'>\n\t\t\t<div class='gallery-icon landscape'>\n\t\t\t\t<a href='https:\/\/korsarger3500.de\/wp-content\/uploads\/2023\/07\/RCR_23_20.jpg'><img loading=\"lazy\" decoding=\"async\" width=\"150\" height=\"150\" src=\"https:\/\/korsarger3500.de\/wp-content\/uploads\/2023\/07\/RCR_23_20-150x150.jpg\" class=\"attachment-thumbnail size-thumbnail\" alt=\"\" \/><\/a>\n\t\t\t<\/div><\/figure><figure class='gallery-item'>\n\t\t\t<div class='gallery-icon landscape'>\n\t\t\t\t<a href='https:\/\/korsarger3500.de\/wp-content\/uploads\/2023\/07\/RCR_23_08.jpg'><img loading=\"lazy\" decoding=\"async\" width=\"150\" height=\"150\" src=\"https:\/\/korsarger3500.de\/wp-content\/uploads\/2023\/07\/RCR_23_08-150x150.jpg\" class=\"attachment-thumbnail size-thumbnail\" alt=\"\" \/><\/a>\n\t\t\t<\/div><\/figure><figure class='gallery-item'>\n\t\t\t<div class='gallery-icon landscape'>\n\t\t\t\t<a href='https:\/\/korsarger3500.de\/wp-content\/uploads\/2023\/07\/RCR_23_09.jpg'><img loading=\"lazy\" decoding=\"async\" width=\"150\" height=\"150\" src=\"https:\/\/korsarger3500.de\/wp-content\/uploads\/2023\/07\/RCR_23_09-150x150.jpg\" class=\"attachment-thumbnail size-thumbnail\" alt=\"\" \/><\/a>\n\t\t\t<\/div><\/figure><figure class='gallery-item'>\n\t\t\t<div class='gallery-icon landscape'>\n\t\t\t\t<a href='https:\/\/korsarger3500.de\/wp-content\/uploads\/2023\/07\/RCR_23_10.jpg'><img loading=\"lazy\" decoding=\"async\" width=\"150\" height=\"150\" src=\"https:\/\/korsarger3500.de\/wp-content\/uploads\/2023\/07\/RCR_23_10-150x150.jpg\" class=\"attachment-thumbnail size-thumbnail\" alt=\"\" \/><\/a>\n\t\t\t<\/div><\/figure><figure class='gallery-item'>\n\t\t\t<div class='gallery-icon landscape'>\n\t\t\t\t<a href='https:\/\/korsarger3500.de\/wp-content\/uploads\/2023\/07\/RCR_23_11.jpg'><img loading=\"lazy\" decoding=\"async\" width=\"150\" height=\"150\" src=\"https:\/\/korsarger3500.de\/wp-content\/uploads\/2023\/07\/RCR_23_11-150x150.jpg\" class=\"attachment-thumbnail size-thumbnail\" alt=\"\" \/><\/a>\n\t\t\t<\/div><\/figure><figure class='gallery-item'>\n\t\t\t<div class='gallery-icon landscape'>\n\t\t\t\t<a href='https:\/\/korsarger3500.de\/wp-content\/uploads\/2023\/07\/RCR_23_12.jpg'><img loading=\"lazy\" decoding=\"async\" width=\"150\" height=\"150\" src=\"https:\/\/korsarger3500.de\/wp-content\/uploads\/2023\/07\/RCR_23_12-150x150.jpg\" class=\"attachment-thumbnail size-thumbnail\" alt=\"\" \/><\/a>\n\t\t\t<\/div><\/figure><figure class='gallery-item'>\n\t\t\t<div class='gallery-icon landscape'>\n\t\t\t\t<a href='https:\/\/korsarger3500.de\/wp-content\/uploads\/2023\/07\/RCR_23_13.jpg'><img loading=\"lazy\" decoding=\"async\" width=\"150\" height=\"150\" src=\"https:\/\/korsarger3500.de\/wp-content\/uploads\/2023\/07\/RCR_23_13-150x150.jpg\" class=\"attachment-thumbnail size-thumbnail\" alt=\"\" \/><\/a>\n\t\t\t<\/div><\/figure><figure class='gallery-item'>\n\t\t\t<div class='gallery-icon landscape'>\n\t\t\t\t<a href='https:\/\/korsarger3500.de\/wp-content\/uploads\/2023\/07\/RCR_23_14.jpg'><img loading=\"lazy\" decoding=\"async\" width=\"150\" height=\"150\" src=\"https:\/\/korsarger3500.de\/wp-content\/uploads\/2023\/07\/RCR_23_14-150x150.jpg\" class=\"attachment-thumbnail size-thumbnail\" alt=\"\" \/><\/a>\n\t\t\t<\/div><\/figure><figure class='gallery-item'>\n\t\t\t<div class='gallery-icon landscape'>\n\t\t\t\t<a href='https:\/\/korsarger3500.de\/wp-content\/uploads\/2023\/07\/RCR_23_15.jpg'><img loading=\"lazy\" decoding=\"async\" width=\"150\" height=\"150\" src=\"https:\/\/korsarger3500.de\/wp-content\/uploads\/2023\/07\/RCR_23_15-150x150.jpg\" class=\"attachment-thumbnail size-thumbnail\" alt=\"\" \/><\/a>\n\t\t\t<\/div><\/figure><figure class='gallery-item'>\n\t\t\t<div class='gallery-icon landscape'>\n\t\t\t\t<a href='https:\/\/korsarger3500.de\/wp-content\/uploads\/2023\/07\/RCR_23_16.jpg'><img loading=\"lazy\" decoding=\"async\" width=\"150\" height=\"150\" src=\"https:\/\/korsarger3500.de\/wp-content\/uploads\/2023\/07\/RCR_23_16-150x150.jpg\" class=\"attachment-thumbnail size-thumbnail\" alt=\"\" \/><\/a>\n\t\t\t<\/div><\/figure><figure class='gallery-item'>\n\t\t\t<div class='gallery-icon landscape'>\n\t\t\t\t<a href='https:\/\/korsarger3500.de\/wp-content\/uploads\/2023\/07\/RCR_23_17.jpg'><img loading=\"lazy\" decoding=\"async\" width=\"150\" height=\"150\" src=\"https:\/\/korsarger3500.de\/wp-content\/uploads\/2023\/07\/RCR_23_17-150x150.jpg\" class=\"attachment-thumbnail size-thumbnail\" alt=\"\" \/><\/a>\n\t\t\t<\/div><\/figure>\n\t\t<\/div>\n\n<p>ah-so gewonnen haben alle die da waren \u2026<\/p>\n<p><a href=\"https:\/\/korsarger3500.de\/index.php\/korsaren-trichter-2023-am-brombachsee\/\">weiter\u00a0<\/a>\u2026oder zur\u00a0<a href=\"http:\/\/korsarger3500.de\/\">Startseite<\/a><\/p>\n<p>&nbsp;<\/p>\n<p style=\"text-align: justify;\">\n","protected":false},"excerpt":{"rendered":"<p>Skipper hatte gerade Zeit genug, um meine Konsolen f\u00fcr die Klemmen neu zu bauen, dann sind wir auch schon wieder unterwegs gewesen zum Goldkanal. Es war f\u00fcr das Wochenende kein Wind angesagt und umso erstaunter war ich, als ich forever wet bei sch\u00f6nstem Trapezwind auf dem Goldkanal fahren sah. Ich wurde schnell aufgebaut und dann &hellip; <a href=\"https:\/\/korsarger3500.de\/index.php\/korsarenpreis-2023-am-goldkanal\/\" class=\"more-link\"><span class=\"screen-reader-text\">Korsarenpreis 2023 am Goldkanal<\/span> weiterlesen<\/a><\/p>\n","protected":false},"author":1,"featured_media":0,"parent":0,"menu_order":0,"comment_status":"closed","ping_status":"closed","template":"","meta":{"footnotes":""},"class_list":["post-8626","page","type-page","status-publish","hentry"],"_links":{"self":[{"href":"https:\/\/korsarger3500.de\/index.php\/wp-json\/wp\/v2\/pages\/8626","targetHints":{"allow":["GET"]}}],"collection":[{"href":"https:\/\/korsarger3500.de\/index.php\/wp-json\/wp\/v2\/pages"}],"about":[{"href":"https:\/\/korsarger3500.de\/index.php\/wp-json\/wp\/v2\/types\/page"}],"author":[{"embeddable":true,"href":"https:\/\/korsarger3500.de\/index.php\/wp-json\/wp\/v2\/users\/1"}],"replies":[{"embeddable":true,"href":"https:\/\/korsarger3500.de\/index.php\/wp-json\/wp\/v2\/comments?post=8626"}],"version-history":[{"count":7,"href":"https:\/\/korsarger3500.de\/index.php\/wp-json\/wp\/v2\/pages\/8626\/revisions"}],"predecessor-version":[{"id":9021,"href":"https:\/\/korsarger3500.de\/index.php\/wp-json\/wp\/v2\/pages\/8626\/revisions\/9021"}],"wp:attachment":[{"href":"https:\/\/korsarger3500.de\/index.php\/wp-json\/wp\/v2\/media?parent=8626"}],"curies":[{"name":"wp","href":"https:\/\/api.w.org\/{rel}","templated":true}]}}