{"id":8464,"date":"2023-05-26T10:07:31","date_gmt":"2023-05-26T08:07:31","guid":{"rendered":"https:\/\/korsarger3500.de\/?page_id=8464"},"modified":"2024-08-21T22:47:22","modified_gmt":"2024-08-21T20:47:22","slug":"fallenaufraeumer","status":"publish","type":"page","link":"https:\/\/korsarger3500.de\/index.php\/fallenaufraeumer\/","title":{"rendered":"Fallenaufr\u00e4umer"},"content":{"rendered":"<p style=\"text-align: justify;\">Wenn die Segel oben sind, werden meine Genua- und Gro\u00dffall Vorl\u00e4ufer immer aufgewickelt und in eine eigens daf\u00fcr angefertigte Tasche unter dem Scharndeck verstaut. Beim Segel einholen passiert es dann gelegentlich, dass sich die Fallen in sich selbst oder miteinander vert\u00fcdeln. Dann ist meistens das Gro\u00df oder die Genua noch halb oben und laut Murphy ist dann auch immer viel Wind. Dann ziehen die flatternden Segel die Knoten zu das Bergen dauert entsprechend l\u00e4nger und damit leiden die Segel. Um das Vert\u00fcdeln zu verhindern hat Skipper sich einen Aufrollmechanismus ausgedacht. Es sollte so \u00e4hnlich wie der Kabelaufwickler bei einem Bodenstaubsauger funktionieren, nur halt von Hand. Nat\u00fcrlich m\u00fcssen die Fallen auf verschiedene Rollen da sie unterschiedlich lang sind und unabh\u00e4ngig voneinander auf- und abgerollt werden. Aus Bastelplexiglas und Kunststoff Abflussrohr fertigte er zwei Rollenscheiben. Diese\u00a0 hat er auf einer Achse nebeneinander angeordnet und unter das Scharndeck angeschraubt. Die hintere Scheibe ist f\u00fcr die Genua und die vordere f\u00fcr das Gro\u00df vorgesehen. Will man die Genua Fall aufwickeln steckt man die Stopper-Kugel in die hintere Scheibe und dreht beide Scheiben bis die Fall komplett auf der Rolle ist. Das Gro\u00dffall wird dann anschlie\u00dfend auf die vordere Scheibe aufgespult. Das Abspulen funktioniert dann in umgekehrter Reihenfolge, zuerst das Gro\u00df und dann die Genua. Der erste Test in Kahl war sehr erfolgreich, lediglich die Stopper- Kugeln m\u00fcssen noch ein wenig verj\u00fcngt werden damit sie leichter zwischen die Scheiben passen.<\/p>\n<div id='gallery-1' class='gallery galleryid-8464 gallery-columns-4 gallery-size-thumbnail'><figure class='gallery-item'>\n\t\t\t<div class='gallery-icon landscape'>\n\t\t\t\t<a href='https:\/\/korsarger3500.de\/wp-content\/uploads\/2023\/05\/Fallenaufraeumer_4.jpg'><img loading=\"lazy\" decoding=\"async\" width=\"150\" height=\"150\" src=\"https:\/\/korsarger3500.de\/wp-content\/uploads\/2023\/05\/Fallenaufraeumer_4-150x150.jpg\" class=\"attachment-thumbnail size-thumbnail\" alt=\"\" \/><\/a>\n\t\t\t<\/div><\/figure><figure class='gallery-item'>\n\t\t\t<div class='gallery-icon landscape'>\n\t\t\t\t<a href='https:\/\/korsarger3500.de\/wp-content\/uploads\/2023\/05\/Fallenaufraeumer_3.jpg'><img loading=\"lazy\" decoding=\"async\" width=\"150\" height=\"150\" src=\"https:\/\/korsarger3500.de\/wp-content\/uploads\/2023\/05\/Fallenaufraeumer_3-150x150.jpg\" class=\"attachment-thumbnail size-thumbnail\" alt=\"\" \/><\/a>\n\t\t\t<\/div><\/figure><figure class='gallery-item'>\n\t\t\t<div class='gallery-icon landscape'>\n\t\t\t\t<a href='https:\/\/korsarger3500.de\/wp-content\/uploads\/2023\/05\/Fallenaufraeumer_2.jpg'><img loading=\"lazy\" decoding=\"async\" width=\"150\" height=\"150\" src=\"https:\/\/korsarger3500.de\/wp-content\/uploads\/2023\/05\/Fallenaufraeumer_2-150x150.jpg\" class=\"attachment-thumbnail size-thumbnail\" alt=\"\" \/><\/a>\n\t\t\t<\/div><\/figure><figure class='gallery-item'>\n\t\t\t<div class='gallery-icon landscape'>\n\t\t\t\t<a href='https:\/\/korsarger3500.de\/wp-content\/uploads\/2023\/05\/Fallenaufraeumer_1.jpg'><img loading=\"lazy\" decoding=\"async\" width=\"150\" height=\"150\" src=\"https:\/\/korsarger3500.de\/wp-content\/uploads\/2023\/05\/Fallenaufraeumer_1-150x150.jpg\" class=\"attachment-thumbnail size-thumbnail\" alt=\"\" \/><\/a>\n\t\t\t<\/div><\/figure>\n\t\t<\/div>\n\n<p><a href=\"https:\/\/korsarger3500.de\/index.php\/neue-strecker-fuer-mastfall-und-wantenspannung\/\">Weiter<\/a><\/p>\n","protected":false},"excerpt":{"rendered":"<p>Wenn die Segel oben sind, werden meine Genua- und Gro\u00dffall Vorl\u00e4ufer immer aufgewickelt und in eine eigens daf\u00fcr angefertigte Tasche unter dem Scharndeck verstaut. Beim Segel einholen passiert es dann gelegentlich, dass sich die Fallen in sich selbst oder miteinander vert\u00fcdeln. Dann ist meistens das Gro\u00df oder die Genua noch halb oben und laut Murphy &hellip; <a href=\"https:\/\/korsarger3500.de\/index.php\/fallenaufraeumer\/\" class=\"more-link\"><span class=\"screen-reader-text\">Fallenaufr\u00e4umer<\/span> weiterlesen<\/a><\/p>\n","protected":false},"author":1,"featured_media":0,"parent":0,"menu_order":0,"comment_status":"closed","ping_status":"closed","template":"","meta":{"footnotes":""},"class_list":["post-8464","page","type-page","status-publish","hentry"],"_links":{"self":[{"href":"https:\/\/korsarger3500.de\/index.php\/wp-json\/wp\/v2\/pages\/8464","targetHints":{"allow":["GET"]}}],"collection":[{"href":"https:\/\/korsarger3500.de\/index.php\/wp-json\/wp\/v2\/pages"}],"about":[{"href":"https:\/\/korsarger3500.de\/index.php\/wp-json\/wp\/v2\/types\/page"}],"author":[{"embeddable":true,"href":"https:\/\/korsarger3500.de\/index.php\/wp-json\/wp\/v2\/users\/1"}],"replies":[{"embeddable":true,"href":"https:\/\/korsarger3500.de\/index.php\/wp-json\/wp\/v2\/comments?post=8464"}],"version-history":[{"count":8,"href":"https:\/\/korsarger3500.de\/index.php\/wp-json\/wp\/v2\/pages\/8464\/revisions"}],"predecessor-version":[{"id":9221,"href":"https:\/\/korsarger3500.de\/index.php\/wp-json\/wp\/v2\/pages\/8464\/revisions\/9221"}],"wp:attachment":[{"href":"https:\/\/korsarger3500.de\/index.php\/wp-json\/wp\/v2\/media?parent=8464"}],"curies":[{"name":"wp","href":"https:\/\/api.w.org\/{rel}","templated":true}]}}