{"id":839,"date":"2016-03-08T08:14:51","date_gmt":"2016-03-08T07:14:51","guid":{"rendered":"http:\/\/korsarger3500.de\/?page_id=839"},"modified":"2024-08-21T03:57:36","modified_gmt":"2024-08-21T01:57:36","slug":"ein-altes-klappruder","status":"publish","type":"page","link":"https:\/\/korsarger3500.de\/index.php\/ein-altes-klappruder\/","title":{"rendered":"ein altes Klappruder"},"content":{"rendered":"<p style=\"text-align: justify;\">Der Zufall wollte es, dass uns ein altes Korsaren Klappruderblatt in die H\u00e4nde fiel. Das ist ideal bei der Slipanlage an meinem Heimatrevier:\u00a0 Der See ist am Anleger sehr flach und das An-und Ablegen mit meinem Steckruder ist immer eine Herausforderung, weil es zum an-und ablegen immer angehoben werden muss.<a href=\"http:\/\/korsarger3500.de\/wp-content\/uploads\/2016\/03\/Klappruder_3.jpg\" rel=\"attachment wp-att-854\" data-lbwps-width=\"4000\" data-lbwps-height=\"3000\" data-lbwps-srcsmall=\"https:\/\/korsarger3500.de\/wp-content\/uploads\/2016\/03\/Klappruder_3-300x225.jpg\"><img loading=\"lazy\" decoding=\"async\" class=\"alignright wp-image-854 size-thumbnail\" src=\"http:\/\/korsarger3500.de\/wp-content\/uploads\/2016\/03\/Klappruder_3-150x150.jpg\" alt=\"Das Blatt wird einges\u00e4gt\" width=\"150\" height=\"150\" \/><\/a> Das Klappruder ist schon etliche Jahre alt und musste komplett instand gesetzt werden. Da es nicht zum Regattasegeln genutzt wird, hat der Skipper es so ge\u00e4ndert das ich damit leichter zu h\u00e4ndeln bin (meint er zu mindestens). Er wollte das es l\u00e4nger wird und es sollte steiler im Wasser stehen. Die Vorde- und Hinterkante des Blattes waren besch\u00e4digt,\u00a0 so dass\u00a0 das ganze Blatt \u00fcberarbeitet werden musste. Die Blattverl\u00e4ngerung! Er hat zun\u00e4chst von unten in das Blatt einen Schlitz ges\u00e4gt, in den dann ein Alublech eingesetzt wurde. Dadurch wurde das Blatt ca 12 cm l\u00e4nger. Anschlie\u00dfend hat er\u00a0 den \u00dcbergang mit Glasfaserspachtel grob angeglichen. Der alte Lack kam runter und die Kanten des <a href=\"http:\/\/korsarger3500.de\/wp-content\/uploads\/2016\/03\/Klappruder_5.jpg\" rel=\"attachment wp-att-856\" data-lbwps-width=\"3000\" data-lbwps-height=\"4000\" data-lbwps-srcsmall=\"https:\/\/korsarger3500.de\/wp-content\/uploads\/2016\/03\/Klappruder_5-225x300.jpg\"><img loading=\"lazy\" decoding=\"async\" class=\"alignleft wp-image-856 size-thumbnail\" src=\"http:\/\/korsarger3500.de\/wp-content\/uploads\/2016\/03\/Klappruder_5-150x150.jpg\" alt=\"Den \u00dcbergang verspachteln\" width=\"150\" height=\"150\" \/><\/a>Blattes wurde ausgebessert. Der Anstellwinkel wurde durch eine Aussparung am oberen Blattkopf ver\u00e4ndert, sodass es steiler im Wasser steht. Eine neue Buchse im Blatt sorgt daf\u00fcr das es eine bessere F\u00fchrung bekommt. Dann wurde das Blatt mit Epoxid und Gewebe zweilagig laminiert. Es folgten mehrere d\u00fcnne Epoxidharz-Auftr\u00e4ge. Anschlie\u00dfend wurde das Blatt wei\u00df gestrichen. Die Pinne und der Kopf mussten vom alten Lack befreit werden und mit mehreren Lagen Klarlack gestrichen werden. Das Verstell Drahtseil wurde durch neue Strecker ersetzt. Noch ein paar neue Schrauben, eine Kentersicherung und ein Gummigelenk f\u00fcr den Pinnenausleger, dann erstrahlte das alte Teil wieder in neuem Glanz. An unsere Slipanlage kann ich nun mit halb hohem Ruderblatt bedenkenlos heran segeln und anlegen ohne Angst zu haben, dass ich den Grund ber\u00fchre. Das steiler angestellte Blatt erzeugt, wie vom Skipper vorherorakelt, weniger Wasserwiderstand beim steuern. Aber ob ich damit bei starkem Wind besser zu h\u00e4ndeln bin, m\u00fcssen wir erst noch herausfinden. Auf jeden Fall sieht es sehr sch\u00f6n aus und passt nat\u00fcrlich optimal zu meinem Holzrumpf.<\/p>\n<div id='gallery-1' class='gallery galleryid-839 gallery-columns-4 gallery-size-thumbnail'><figure class='gallery-item'>\n\t\t\t<div class='gallery-icon landscape'>\n\t\t\t\t<a href='https:\/\/korsarger3500.de\/wp-content\/uploads\/2016\/03\/Klappruder_1.jpg'><img loading=\"lazy\" decoding=\"async\" width=\"150\" height=\"150\" src=\"https:\/\/korsarger3500.de\/wp-content\/uploads\/2016\/03\/Klappruder_1-150x150.jpg\" class=\"attachment-thumbnail size-thumbnail\" alt=\"Das alte Ruder voller Macken\" \/><\/a>\n\t\t\t<\/div><\/figure><figure class='gallery-item'>\n\t\t\t<div class='gallery-icon landscape'>\n\t\t\t\t<a href='https:\/\/korsarger3500.de\/wp-content\/uploads\/2016\/03\/Klappruder_2.jpg'><img loading=\"lazy\" decoding=\"async\" width=\"150\" height=\"150\" src=\"https:\/\/korsarger3500.de\/wp-content\/uploads\/2016\/03\/Klappruder_2-150x150.jpg\" class=\"attachment-thumbnail size-thumbnail\" alt=\"funktionsf\u00e4hig aber nicht mehr sch\u00f6n\" \/><\/a>\n\t\t\t<\/div><\/figure><figure class='gallery-item'>\n\t\t\t<div class='gallery-icon landscape'>\n\t\t\t\t<a href='https:\/\/korsarger3500.de\/wp-content\/uploads\/2016\/03\/Klappruder_3.jpg'><img loading=\"lazy\" decoding=\"async\" width=\"150\" height=\"150\" src=\"https:\/\/korsarger3500.de\/wp-content\/uploads\/2016\/03\/Klappruder_3-150x150.jpg\" class=\"attachment-thumbnail size-thumbnail\" alt=\"Das Blatt wird einges\u00e4gt\" \/><\/a>\n\t\t\t<\/div><\/figure><figure class='gallery-item'>\n\t\t\t<div class='gallery-icon portrait'>\n\t\t\t\t<a href='https:\/\/korsarger3500.de\/wp-content\/uploads\/2016\/03\/Klappruder_4.jpg'><img loading=\"lazy\" decoding=\"async\" width=\"150\" height=\"150\" src=\"https:\/\/korsarger3500.de\/wp-content\/uploads\/2016\/03\/Klappruder_4-150x150.jpg\" class=\"attachment-thumbnail size-thumbnail\" alt=\"Das Alublech anpassen\" \/><\/a>\n\t\t\t<\/div><\/figure><figure class='gallery-item'>\n\t\t\t<div class='gallery-icon portrait'>\n\t\t\t\t<a href='https:\/\/korsarger3500.de\/wp-content\/uploads\/2016\/03\/Klappruder_5.jpg'><img loading=\"lazy\" decoding=\"async\" width=\"150\" height=\"150\" src=\"https:\/\/korsarger3500.de\/wp-content\/uploads\/2016\/03\/Klappruder_5-150x150.jpg\" class=\"attachment-thumbnail size-thumbnail\" alt=\"Den \u00dcbergang verspachteln\" \/><\/a>\n\t\t\t<\/div><\/figure><figure class='gallery-item'>\n\t\t\t<div class='gallery-icon landscape'>\n\t\t\t\t<a href='https:\/\/korsarger3500.de\/wp-content\/uploads\/2016\/03\/Klappruder_6.jpg'><img loading=\"lazy\" decoding=\"async\" width=\"150\" height=\"150\" src=\"https:\/\/korsarger3500.de\/wp-content\/uploads\/2016\/03\/Klappruder_6-150x150.jpg\" class=\"attachment-thumbnail size-thumbnail\" alt=\"rundum laminieren\" \/><\/a>\n\t\t\t<\/div><\/figure><figure class='gallery-item'>\n\t\t\t<div class='gallery-icon landscape'>\n\t\t\t\t<a href='https:\/\/korsarger3500.de\/wp-content\/uploads\/2016\/03\/Klappruder_7.jpg'><img loading=\"lazy\" decoding=\"async\" width=\"150\" height=\"150\" src=\"https:\/\/korsarger3500.de\/wp-content\/uploads\/2016\/03\/Klappruder_7-150x150.jpg\" class=\"attachment-thumbnail size-thumbnail\" alt=\"mehrfach streichen und schleifen\" \/><\/a>\n\t\t\t<\/div><\/figure><figure class='gallery-item'>\n\t\t\t<div class='gallery-icon portrait'>\n\t\t\t\t<a href='https:\/\/korsarger3500.de\/wp-content\/uploads\/2016\/03\/Klappruder_8.jpg'><img loading=\"lazy\" decoding=\"async\" width=\"150\" height=\"150\" src=\"https:\/\/korsarger3500.de\/wp-content\/uploads\/2016\/03\/Klappruder_8-150x150.jpg\" class=\"attachment-thumbnail size-thumbnail\" alt=\"das fertige Blatt\" \/><\/a>\n\t\t\t<\/div><\/figure><figure class='gallery-item'>\n\t\t\t<div class='gallery-icon landscape'>\n\t\t\t\t<a href='https:\/\/korsarger3500.de\/wp-content\/uploads\/2016\/03\/Klappruder_9.jpg'><img loading=\"lazy\" decoding=\"async\" width=\"150\" height=\"150\" src=\"https:\/\/korsarger3500.de\/wp-content\/uploads\/2016\/03\/Klappruder_9-150x150.jpg\" class=\"attachment-thumbnail size-thumbnail\" alt=\"Die Pinne streichen und schleifen\" \/><\/a>\n\t\t\t<\/div><\/figure><figure class='gallery-item'>\n\t\t\t<div class='gallery-icon landscape'>\n\t\t\t\t<a href='https:\/\/korsarger3500.de\/wp-content\/uploads\/2016\/03\/Klappruder_10.jpg'><img loading=\"lazy\" decoding=\"async\" width=\"150\" height=\"150\" src=\"https:\/\/korsarger3500.de\/wp-content\/uploads\/2016\/03\/Klappruder_10-150x150.jpg\" class=\"attachment-thumbnail size-thumbnail\" alt=\"Metallteile polieren, Strecker erneuern\" \/><\/a>\n\t\t\t<\/div><\/figure><figure class='gallery-item'>\n\t\t\t<div class='gallery-icon portrait'>\n\t\t\t\t<a href='https:\/\/korsarger3500.de\/wp-content\/uploads\/2016\/03\/Klappruder_11.jpg'><img loading=\"lazy\" decoding=\"async\" width=\"150\" height=\"150\" src=\"https:\/\/korsarger3500.de\/wp-content\/uploads\/2016\/03\/Klappruder_11-150x150.jpg\" class=\"attachment-thumbnail size-thumbnail\" alt=\"Das fertige Ruder\" \/><\/a>\n\t\t\t<\/div><\/figure><figure class='gallery-item'>\n\t\t\t<div class='gallery-icon portrait'>\n\t\t\t\t<a href='https:\/\/korsarger3500.de\/wp-content\/uploads\/2016\/03\/Klappruder_12.jpg'><img loading=\"lazy\" decoding=\"async\" width=\"150\" height=\"150\" src=\"https:\/\/korsarger3500.de\/wp-content\/uploads\/2016\/03\/Klappruder_12-150x150.jpg\" class=\"attachment-thumbnail size-thumbnail\" alt=\"original Anstellwinkel\" \/><\/a>\n\t\t\t<\/div><\/figure><figure class='gallery-item'>\n\t\t\t<div class='gallery-icon landscape'>\n\t\t\t\t<a href='https:\/\/korsarger3500.de\/wp-content\/uploads\/2016\/03\/Klappruder_13.jpg'><img loading=\"lazy\" decoding=\"async\" width=\"150\" height=\"150\" src=\"https:\/\/korsarger3500.de\/wp-content\/uploads\/2016\/03\/Klappruder_13-150x150.jpg\" class=\"attachment-thumbnail size-thumbnail\" alt=\"steiler einstellbar durch ver\u00e4nderten Anstellwinkel\" \/><\/a>\n\t\t\t<\/div><\/figure>\n\t\t<\/div>\n\n<p><a href=\"http:\/\/korsarger3500.de\/index.php\/die-buegelfrage\/\">weiter &#8230;<\/a><\/p>\n","protected":false},"excerpt":{"rendered":"<p>Der Zufall wollte es, dass uns ein altes Korsaren Klappruderblatt in die H\u00e4nde fiel. Das ist ideal bei der Slipanlage an meinem Heimatrevier:\u00a0 Der See ist am Anleger sehr flach und das An-und Ablegen mit meinem Steckruder ist immer eine Herausforderung, weil es zum an-und ablegen immer angehoben werden muss. Das Klappruder ist schon etliche &hellip; <a href=\"https:\/\/korsarger3500.de\/index.php\/ein-altes-klappruder\/\" class=\"more-link\"><span class=\"screen-reader-text\">ein altes Klappruder<\/span> weiterlesen<\/a><\/p>\n","protected":false},"author":1,"featured_media":0,"parent":0,"menu_order":0,"comment_status":"closed","ping_status":"closed","template":"","meta":{"footnotes":""},"class_list":["post-839","page","type-page","status-publish","hentry"],"_links":{"self":[{"href":"https:\/\/korsarger3500.de\/index.php\/wp-json\/wp\/v2\/pages\/839","targetHints":{"allow":["GET"]}}],"collection":[{"href":"https:\/\/korsarger3500.de\/index.php\/wp-json\/wp\/v2\/pages"}],"about":[{"href":"https:\/\/korsarger3500.de\/index.php\/wp-json\/wp\/v2\/types\/page"}],"author":[{"embeddable":true,"href":"https:\/\/korsarger3500.de\/index.php\/wp-json\/wp\/v2\/users\/1"}],"replies":[{"embeddable":true,"href":"https:\/\/korsarger3500.de\/index.php\/wp-json\/wp\/v2\/comments?post=839"}],"version-history":[{"count":23,"href":"https:\/\/korsarger3500.de\/index.php\/wp-json\/wp\/v2\/pages\/839\/revisions"}],"predecessor-version":[{"id":1328,"href":"https:\/\/korsarger3500.de\/index.php\/wp-json\/wp\/v2\/pages\/839\/revisions\/1328"}],"wp:attachment":[{"href":"https:\/\/korsarger3500.de\/index.php\/wp-json\/wp\/v2\/media?parent=839"}],"curies":[{"name":"wp","href":"https:\/\/api.w.org\/{rel}","templated":true}]}}