{"id":8235,"date":"2023-05-18T18:44:18","date_gmt":"2023-05-18T16:44:18","guid":{"rendered":"https:\/\/korsarger3500.de\/?page_id=8235"},"modified":"2023-05-30T07:32:24","modified_gmt":"2023-05-30T05:32:24","slug":"fruehjahrstreff-inheiden-2023","status":"publish","type":"page","link":"https:\/\/korsarger3500.de\/index.php\/fruehjahrstreff-inheiden-2023\/","title":{"rendered":"Fr\u00fchjahrstreff Inheiden 2023"},"content":{"rendered":"<p style=\"text-align: justify;\"><a href=\"https:\/\/korsarger3500.de\/wp-content\/uploads\/2023\/05\/SCI_2023_002.jpg\" data-lbwps-width=\"1680\" data-lbwps-height=\"1260\" data-lbwps-srcsmall=\"https:\/\/korsarger3500.de\/wp-content\/uploads\/2023\/05\/SCI_2023_002-300x225.jpg\"><img loading=\"lazy\" decoding=\"async\" class=\"alignleft wp-image-8296 size-thumbnail\" src=\"https:\/\/korsarger3500.de\/wp-content\/uploads\/2023\/05\/SCI_2023_002-150x150.jpg\" alt=\"\" width=\"150\" height=\"150\" \/><\/a>Die Crew hatte mit <em>vajra<\/em> beim RCR Training letzte Woche schon abgemacht, dass man sich Freitags zeitig in Inheiden trifft, um gemeinsam ein paar Probeschl\u00e4ge zu segeln. Daf\u00fcr sind wir dann Freitagsmorgens fr\u00fch aufgebrochen und \u00fcber die Autobahn zu SCI ged\u00fcst. Als wir dort ankamen war <em>vajra<\/em> schon da und auch <em>Lucy<\/em> wurde gerade aufgebaut. W\u00e4hrend die Crew Ihre Bleibe bezog, kamen noch einige weitere Schiffe an und so gab es das \u00fcbliche hallo bevor und w\u00e4hrend ich aufgebaut wurde. Leider stellte sich \u00fcberhaupt kein Wind ein und das Wasser kr\u00e4uselte sich lediglich an den Stellen, an denen die G\u00e4nse und Schw\u00e4ne starteten oder landeten. So wurde es ein geselliger Nachmittag mit viel Fachsimpelei und Infoaustausch zwischen den anwesenden Crews. Wie auch schon letzte Woche beim RCR wurde bald der Grill angez\u00fcndet. Das Bierfass wurde angezapft und so ging es gem\u00e4chlich in den lauen Abend. Es trudelten immer mehr Crews ein und die eh schon gute Stimmung wurde bei lauter Musik immer besser. Es wurde ausgiebig getanzt und gesungen, halt so wie es in Inheiden schon lange Tradition ist. Manch einer behautet ja, dass es sich nicht um das Fr\u00fchjahrsreffen der Korsare, sondern um die Fischer Festspiele handelt. Und da tags\u00fcber nicht gesegelt werden konnte, wurde halt nachts gerudert.<a href=\"https:\/\/korsarger3500.de\/wp-content\/uploads\/2023\/05\/SCI_2023_039.jpg\" data-lbwps-width=\"1680\" data-lbwps-height=\"1260\" data-lbwps-srcsmall=\"https:\/\/korsarger3500.de\/wp-content\/uploads\/2023\/05\/SCI_2023_039-300x225.jpg\"><img loading=\"lazy\" decoding=\"async\" class=\"alignright size-thumbnail wp-image-8320\" src=\"https:\/\/korsarger3500.de\/wp-content\/uploads\/2023\/05\/SCI_2023_039-150x150.jpg\" alt=\"\" width=\"150\" height=\"150\" \/><\/a> Egal, die Crew war jedenfalls bester Laune als sie weit nach Mitternacht in Richtung\u00a0 Unterkunft aufgebrochen sind. Da ich aufgeriggt war und der erste Start erst nach Mittag stattfinden sollte, konnte meine Mannschaft lange ausschlafen. Als sie schlie\u00dflich beim SCI ankamen, war das Gel\u00e4nde proppenvoll gestellt mit Schiffen und Wohnmobilen. Skipper hatte Zeit genug, um sich bei den Schiffen umzuschauen und zu erkunden, was sich bei dem einen oder anderen \u00fcber Winter getan hat oder ob es sogar technische Neuerungen zu bestaunen gab. Dem war dann aber nicht so aber es gab trotzdem viel zu sehen und zu tun. Bei <em>Toms Boot<\/em> wurde eine neue Spischot gesplei\u00dft und bei <em>Minimax<\/em> hat er\u00a0 ausgiebig \u00fcber den Trimm der Genua und des Riggs gefachsimpelt. <em>JoeCool<\/em> soll eine zus\u00e4tzliche Rolle zur \u00dcbersetzung der Wantenspannung\u00a0 bekommen, hier musste die Stabilit\u00e4t des Doppelbodens begutachtet werden. <em>Destiny&#8217;s<\/em> Schwert ist so schwerg\u00e4ngig, dass es ausgebaut werden musste. Der Schwertkasten hat sich innen aufgebl\u00e4ht und muss abgeschliffen werden. Und dann war da auch noch ein neues Schiff zu bestaunen die <em>paranoia. <\/em>So wie ihre gemischte Crew bei der Korsaren aufgenommen wurde, werde ich sie wohl \u00f6fter auf den verschiedenen Revieren zu sehen bekommen. Da es nach der Winterpause viel zu erz\u00e4hlen gab wurde es auch an diese sch\u00f6nen Samstag keinem langweilig. Die U30 hatte sich schnell zu verschiedenen anderen sportlichen Aktivit\u00e4ten zusammengefunden.<\/p>\n<div id='gallery-1' class='gallery galleryid-8235 gallery-columns-4 gallery-size-thumbnail'><figure class='gallery-item'>\n\t\t\t<div class='gallery-icon landscape'>\n\t\t\t\t<a href='https:\/\/korsarger3500.de\/wp-content\/uploads\/2023\/05\/SCI_2023_027.jpg'><img loading=\"lazy\" decoding=\"async\" width=\"150\" height=\"150\" src=\"https:\/\/korsarger3500.de\/wp-content\/uploads\/2023\/05\/SCI_2023_027-150x150.jpg\" class=\"attachment-thumbnail size-thumbnail\" alt=\"\" \/><\/a>\n\t\t\t<\/div><\/figure><figure class='gallery-item'>\n\t\t\t<div class='gallery-icon portrait'>\n\t\t\t\t<a href='https:\/\/korsarger3500.de\/wp-content\/uploads\/2023\/05\/SCI_2023_042.jpg'><img loading=\"lazy\" decoding=\"async\" width=\"150\" height=\"150\" src=\"https:\/\/korsarger3500.de\/wp-content\/uploads\/2023\/05\/SCI_2023_042-150x150.jpg\" class=\"attachment-thumbnail size-thumbnail\" alt=\"\" \/><\/a>\n\t\t\t<\/div><\/figure><figure class='gallery-item'>\n\t\t\t<div class='gallery-icon landscape'>\n\t\t\t\t<a href='https:\/\/korsarger3500.de\/wp-content\/uploads\/2023\/05\/SCI_2023_016.jpg'><img loading=\"lazy\" decoding=\"async\" width=\"150\" height=\"150\" src=\"https:\/\/korsarger3500.de\/wp-content\/uploads\/2023\/05\/SCI_2023_016-150x150.jpg\" class=\"attachment-thumbnail size-thumbnail\" alt=\"\" \/><\/a>\n\t\t\t<\/div><\/figure><figure class='gallery-item'>\n\t\t\t<div class='gallery-icon landscape'>\n\t\t\t\t<a href='https:\/\/korsarger3500.de\/wp-content\/uploads\/2023\/05\/SCI_2023_044.jpg'><img loading=\"lazy\" decoding=\"async\" width=\"150\" height=\"150\" src=\"https:\/\/korsarger3500.de\/wp-content\/uploads\/2023\/05\/SCI_2023_044-150x150.jpg\" class=\"attachment-thumbnail size-thumbnail\" alt=\"\" \/><\/a>\n\t\t\t<\/div><\/figure><figure class='gallery-item'>\n\t\t\t<div class='gallery-icon landscape'>\n\t\t\t\t<a href='https:\/\/korsarger3500.de\/wp-content\/uploads\/2023\/05\/SCI_2023_041.jpg'><img loading=\"lazy\" decoding=\"async\" width=\"150\" height=\"150\" src=\"https:\/\/korsarger3500.de\/wp-content\/uploads\/2023\/05\/SCI_2023_041-150x150.jpg\" class=\"attachment-thumbnail size-thumbnail\" alt=\"\" \/><\/a>\n\t\t\t<\/div><\/figure><figure class='gallery-item'>\n\t\t\t<div class='gallery-icon landscape'>\n\t\t\t\t<a href='https:\/\/korsarger3500.de\/wp-content\/uploads\/2023\/05\/SCI_2023_026.jpg'><img loading=\"lazy\" decoding=\"async\" width=\"150\" height=\"150\" src=\"https:\/\/korsarger3500.de\/wp-content\/uploads\/2023\/05\/SCI_2023_026-150x150.jpg\" class=\"attachment-thumbnail size-thumbnail\" alt=\"\" \/><\/a>\n\t\t\t<\/div><\/figure><figure class='gallery-item'>\n\t\t\t<div class='gallery-icon landscape'>\n\t\t\t\t<a href='https:\/\/korsarger3500.de\/wp-content\/uploads\/2023\/05\/SCI_2023_005.jpg'><img loading=\"lazy\" decoding=\"async\" width=\"150\" height=\"150\" src=\"https:\/\/korsarger3500.de\/wp-content\/uploads\/2023\/05\/SCI_2023_005-150x150.jpg\" class=\"attachment-thumbnail size-thumbnail\" alt=\"\" \/><\/a>\n\t\t\t<\/div><\/figure><figure class='gallery-item'>\n\t\t\t<div class='gallery-icon landscape'>\n\t\t\t\t<a href='https:\/\/korsarger3500.de\/wp-content\/uploads\/2023\/05\/SCI_2023_017.jpg'><img loading=\"lazy\" decoding=\"async\" width=\"150\" height=\"150\" src=\"https:\/\/korsarger3500.de\/wp-content\/uploads\/2023\/05\/SCI_2023_017-150x150.jpg\" class=\"attachment-thumbnail size-thumbnail\" alt=\"\" \/><\/a>\n\t\t\t<\/div><\/figure>\n\t\t<\/div>\n\n<p style=\"text-align: justify;\">Pl\u00f6tzlich waren einige ganz aufgeregt. Ein Fin Segler, der bei der Flaute auf dem Wasser gekentert war, rief um Hilfe. Er war durchgekentert und konnte sein Schiff alleine nicht mehr aufrichten. Die DLRG ist ihm zu Hilfe geeilt und mit Unterst\u00fctzung von <em>Lucys<\/em> Schotten habe sie gemeinsam das Schiffchen wieder aufgerichtet. Irgendwann wurde ich zugedeckt und die Crew verschwand im Clubheim zum Abendessen. Es wurde ruhig auf der Wiese und ich hab mal durchgez\u00e4hlt. Mit mir standen 30 Korsare auf dem Gel\u00e4nde. Da f\u00fchl ich mich so richtig wohl. Bald darauf h\u00f6rten wir Gitarrenkl\u00e4nge gemischt mit Beatbox und Akkordeon. Die Skipper von<em> Sgt. Pepper, Saftschubse<\/em> und <em>wendefix<\/em> gaben mehrere Musikst\u00fccke zum Besten. Nat\u00fcrlich wurde dabei lautstark mitgesungen. Sp\u00e4ter dr\u00f6hnte es aus den Boxen zu uns her\u00fcber. Die U30 hatten die Musikmaschine angeworfen und heizten allen ein. Auf einmal stand Philip, der Chef des SCAI vom Alpsee, mitten in der Runde. Er hatte es sich nicht nehmen lassen ein paar Kisten Alpseebier pers\u00f6nlich vorbei zu bringen. Punkt 12 Uhr, gemeint ist Mitternacht, wurde dann auch noch der 60. Geburtstag von <em>Segel-Flow&#8217;s<\/em> Skipper Thomas ausgiebig gefeiert.\u00a0 Pl\u00f6tzlich, und eigentlich unerwartet fr\u00fch wurde es leise. Die Musikmaschine war \u00fcberlastet und hatte Ihren Geist aufgegeben. Sofort sprang das Trio mit der handgemachten Musik wieder ein und die Party ging nahtlos weiter. Wie lange das so ging hab ich mir nicht behalten. Irgendwann waren alle ins Nest und es kehrte noch etwas Ruhe ein bevor es zu d\u00e4mmen begann.\u00a0 Meine Crew war p\u00fcnktlich zum fr\u00fchst\u00fccken da und richtete mich anschlie\u00dfend zum segeln her. Leider stellte sich au\u00dfer ein paar B\u00f6en zwischendurch kein regattatauglicher Wind ein. Die Crew ist aber trotzdem mit mir eine Weile \u00fcber den See ged\u00fcmpelt. Das bisschen Wind nutzten auch einige andere, um wenigsten ein paar Rollwenden zu \u00fcben. Meine Crew stellte dabei fest, dass meine Genua einen Riss hat. Zum Gl\u00fcck ist aber nur eine Naht aufgegangen.\u00a0 So was aber auch, die ist doch erst 8 Jahre alt. Wir sind dann runter vom Wasser, die Wettfahrtleitung schoss die Regatta ab, ich wurde zum Parkplatz gezogen, abgeriggt und verladen. Die anschlie\u00dfende Preisverteilung fand in absteigender\u00a0 Reihenfolge der Segelnummern statt, so das meine Crew wieder ganz zum Schluss dran kam. Nach der, wie immer herzlichen Verabschiedungsrunde machten wir uns dann auf den Heimweg der gem\u00fctlich abgecruised wurde.<\/p>\n<p>hier noch ein paar Bilder vom Event<\/p>\n<div id='gallery-2' class='gallery galleryid-8235 gallery-columns-4 gallery-size-thumbnail'><figure class='gallery-item'>\n\t\t\t<div class='gallery-icon landscape'>\n\t\t\t\t<a href='https:\/\/korsarger3500.de\/wp-content\/uploads\/2023\/05\/SCI_2023_045.jpg'><img loading=\"lazy\" decoding=\"async\" width=\"150\" height=\"150\" src=\"https:\/\/korsarger3500.de\/wp-content\/uploads\/2023\/05\/SCI_2023_045-150x150.jpg\" class=\"attachment-thumbnail size-thumbnail\" alt=\"\" \/><\/a>\n\t\t\t<\/div><\/figure><figure class='gallery-item'>\n\t\t\t<div class='gallery-icon landscape'>\n\t\t\t\t<a href='https:\/\/korsarger3500.de\/wp-content\/uploads\/2023\/05\/SCI_2023_007.jpg'><img loading=\"lazy\" decoding=\"async\" width=\"150\" height=\"150\" src=\"https:\/\/korsarger3500.de\/wp-content\/uploads\/2023\/05\/SCI_2023_007-150x150.jpg\" class=\"attachment-thumbnail size-thumbnail\" alt=\"\" \/><\/a>\n\t\t\t<\/div><\/figure><figure class='gallery-item'>\n\t\t\t<div class='gallery-icon landscape'>\n\t\t\t\t<a href='https:\/\/korsarger3500.de\/wp-content\/uploads\/2023\/05\/SCI_2023_004.jpg'><img loading=\"lazy\" decoding=\"async\" width=\"150\" height=\"150\" src=\"https:\/\/korsarger3500.de\/wp-content\/uploads\/2023\/05\/SCI_2023_004-150x150.jpg\" class=\"attachment-thumbnail size-thumbnail\" alt=\"\" \/><\/a>\n\t\t\t<\/div><\/figure><figure class='gallery-item'>\n\t\t\t<div class='gallery-icon landscape'>\n\t\t\t\t<a href='https:\/\/korsarger3500.de\/wp-content\/uploads\/2023\/05\/SCI_2023_003.jpg'><img loading=\"lazy\" decoding=\"async\" width=\"150\" height=\"150\" src=\"https:\/\/korsarger3500.de\/wp-content\/uploads\/2023\/05\/SCI_2023_003-150x150.jpg\" class=\"attachment-thumbnail size-thumbnail\" alt=\"\" \/><\/a>\n\t\t\t<\/div><\/figure><figure class='gallery-item'>\n\t\t\t<div class='gallery-icon landscape'>\n\t\t\t\t<a href='https:\/\/korsarger3500.de\/wp-content\/uploads\/2023\/05\/SCI_2023_020.jpg'><img loading=\"lazy\" decoding=\"async\" width=\"150\" height=\"150\" src=\"https:\/\/korsarger3500.de\/wp-content\/uploads\/2023\/05\/SCI_2023_020-150x150.jpg\" class=\"attachment-thumbnail size-thumbnail\" alt=\"\" \/><\/a>\n\t\t\t<\/div><\/figure><figure class='gallery-item'>\n\t\t\t<div class='gallery-icon portrait'>\n\t\t\t\t<a href='https:\/\/korsarger3500.de\/wp-content\/uploads\/2023\/05\/SCI_2023_008.jpg'><img loading=\"lazy\" decoding=\"async\" width=\"150\" height=\"150\" src=\"https:\/\/korsarger3500.de\/wp-content\/uploads\/2023\/05\/SCI_2023_008-150x150.jpg\" class=\"attachment-thumbnail size-thumbnail\" alt=\"\" \/><\/a>\n\t\t\t<\/div><\/figure><figure class='gallery-item'>\n\t\t\t<div class='gallery-icon landscape'>\n\t\t\t\t<a href='https:\/\/korsarger3500.de\/wp-content\/uploads\/2023\/05\/SCI_2023_035.jpg'><img loading=\"lazy\" decoding=\"async\" width=\"150\" height=\"150\" src=\"https:\/\/korsarger3500.de\/wp-content\/uploads\/2023\/05\/SCI_2023_035-150x150.jpg\" class=\"attachment-thumbnail size-thumbnail\" alt=\"\" \/><\/a>\n\t\t\t<\/div><\/figure><figure class='gallery-item'>\n\t\t\t<div class='gallery-icon landscape'>\n\t\t\t\t<a href='https:\/\/korsarger3500.de\/wp-content\/uploads\/2023\/05\/SCI_2023_032.jpg'><img loading=\"lazy\" decoding=\"async\" width=\"150\" height=\"150\" src=\"https:\/\/korsarger3500.de\/wp-content\/uploads\/2023\/05\/SCI_2023_032-150x150.jpg\" class=\"attachment-thumbnail size-thumbnail\" alt=\"\" \/><\/a>\n\t\t\t<\/div><\/figure><figure class='gallery-item'>\n\t\t\t<div class='gallery-icon landscape'>\n\t\t\t\t<a href='https:\/\/korsarger3500.de\/wp-content\/uploads\/2023\/05\/SCI_2023_050.jpg'><img loading=\"lazy\" decoding=\"async\" width=\"150\" height=\"150\" src=\"https:\/\/korsarger3500.de\/wp-content\/uploads\/2023\/05\/SCI_2023_050-150x150.jpg\" class=\"attachment-thumbnail size-thumbnail\" alt=\"\" \/><\/a>\n\t\t\t<\/div><\/figure><figure class='gallery-item'>\n\t\t\t<div class='gallery-icon landscape'>\n\t\t\t\t<a href='https:\/\/korsarger3500.de\/wp-content\/uploads\/2023\/05\/SCI_2023_015.jpg'><img loading=\"lazy\" decoding=\"async\" width=\"150\" height=\"150\" src=\"https:\/\/korsarger3500.de\/wp-content\/uploads\/2023\/05\/SCI_2023_015-150x150.jpg\" class=\"attachment-thumbnail size-thumbnail\" alt=\"\" \/><\/a>\n\t\t\t<\/div><\/figure><figure class='gallery-item'>\n\t\t\t<div class='gallery-icon landscape'>\n\t\t\t\t<a href='https:\/\/korsarger3500.de\/wp-content\/uploads\/2023\/05\/SCI_2023_013.jpg'><img loading=\"lazy\" decoding=\"async\" width=\"150\" height=\"150\" src=\"https:\/\/korsarger3500.de\/wp-content\/uploads\/2023\/05\/SCI_2023_013-150x150.jpg\" class=\"attachment-thumbnail size-thumbnail\" alt=\"\" \/><\/a>\n\t\t\t<\/div><\/figure><figure class='gallery-item'>\n\t\t\t<div class='gallery-icon landscape'>\n\t\t\t\t<a href='https:\/\/korsarger3500.de\/wp-content\/uploads\/2023\/05\/SCI_2023_048.jpg'><img loading=\"lazy\" decoding=\"async\" width=\"150\" height=\"150\" src=\"https:\/\/korsarger3500.de\/wp-content\/uploads\/2023\/05\/SCI_2023_048-150x150.jpg\" class=\"attachment-thumbnail size-thumbnail\" alt=\"\" \/><\/a>\n\t\t\t<\/div><\/figure><figure class='gallery-item'>\n\t\t\t<div class='gallery-icon landscape'>\n\t\t\t\t<a href='https:\/\/korsarger3500.de\/wp-content\/uploads\/2023\/05\/SCI_2023_043.jpg'><img loading=\"lazy\" decoding=\"async\" width=\"150\" height=\"150\" src=\"https:\/\/korsarger3500.de\/wp-content\/uploads\/2023\/05\/SCI_2023_043-150x150.jpg\" class=\"attachment-thumbnail size-thumbnail\" alt=\"\" \/><\/a>\n\t\t\t<\/div><\/figure><figure class='gallery-item'>\n\t\t\t<div class='gallery-icon landscape'>\n\t\t\t\t<a href='https:\/\/korsarger3500.de\/wp-content\/uploads\/2023\/05\/SCI_2023_026.jpg'><img loading=\"lazy\" decoding=\"async\" width=\"150\" height=\"150\" src=\"https:\/\/korsarger3500.de\/wp-content\/uploads\/2023\/05\/SCI_2023_026-150x150.jpg\" class=\"attachment-thumbnail size-thumbnail\" alt=\"\" \/><\/a>\n\t\t\t<\/div><\/figure><figure class='gallery-item'>\n\t\t\t<div class='gallery-icon portrait'>\n\t\t\t\t<a href='https:\/\/korsarger3500.de\/wp-content\/uploads\/2023\/05\/SCI_2023_025.jpg'><img loading=\"lazy\" decoding=\"async\" width=\"150\" height=\"150\" src=\"https:\/\/korsarger3500.de\/wp-content\/uploads\/2023\/05\/SCI_2023_025-150x150.jpg\" class=\"attachment-thumbnail size-thumbnail\" alt=\"\" \/><\/a>\n\t\t\t<\/div><\/figure><figure class='gallery-item'>\n\t\t\t<div class='gallery-icon landscape'>\n\t\t\t\t<a href='https:\/\/korsarger3500.de\/wp-content\/uploads\/2023\/05\/SCI_2023_028.jpg'><img loading=\"lazy\" decoding=\"async\" width=\"150\" height=\"150\" src=\"https:\/\/korsarger3500.de\/wp-content\/uploads\/2023\/05\/SCI_2023_028-150x150.jpg\" class=\"attachment-thumbnail size-thumbnail\" alt=\"\" \/><\/a>\n\t\t\t<\/div><\/figure><figure class='gallery-item'>\n\t\t\t<div class='gallery-icon landscape'>\n\t\t\t\t<a href='https:\/\/korsarger3500.de\/wp-content\/uploads\/2023\/05\/SCI_2023_021.jpg'><img loading=\"lazy\" decoding=\"async\" width=\"150\" height=\"150\" src=\"https:\/\/korsarger3500.de\/wp-content\/uploads\/2023\/05\/SCI_2023_021-150x150.jpg\" class=\"attachment-thumbnail size-thumbnail\" alt=\"\" \/><\/a>\n\t\t\t<\/div><\/figure><figure class='gallery-item'>\n\t\t\t<div class='gallery-icon landscape'>\n\t\t\t\t<a href='https:\/\/korsarger3500.de\/wp-content\/uploads\/2023\/05\/SCI_2023_023.jpg'><img loading=\"lazy\" decoding=\"async\" width=\"150\" height=\"150\" src=\"https:\/\/korsarger3500.de\/wp-content\/uploads\/2023\/05\/SCI_2023_023-150x150.jpg\" class=\"attachment-thumbnail size-thumbnail\" alt=\"\" \/><\/a>\n\t\t\t<\/div><\/figure><figure class='gallery-item'>\n\t\t\t<div class='gallery-icon landscape'>\n\t\t\t\t<a href='https:\/\/korsarger3500.de\/wp-content\/uploads\/2023\/05\/SCI_2023_046.jpg'><img loading=\"lazy\" decoding=\"async\" width=\"150\" height=\"150\" src=\"https:\/\/korsarger3500.de\/wp-content\/uploads\/2023\/05\/SCI_2023_046-150x150.jpg\" class=\"attachment-thumbnail size-thumbnail\" alt=\"\" \/><\/a>\n\t\t\t<\/div><\/figure><figure class='gallery-item'>\n\t\t\t<div class='gallery-icon landscape'>\n\t\t\t\t<a href='https:\/\/korsarger3500.de\/wp-content\/uploads\/2023\/05\/SCI_2023_006.jpg'><img loading=\"lazy\" decoding=\"async\" width=\"150\" height=\"150\" src=\"https:\/\/korsarger3500.de\/wp-content\/uploads\/2023\/05\/SCI_2023_006-150x150.jpg\" class=\"attachment-thumbnail size-thumbnail\" alt=\"\" \/><\/a>\n\t\t\t<\/div><\/figure><figure class='gallery-item'>\n\t\t\t<div class='gallery-icon landscape'>\n\t\t\t\t<a href='https:\/\/korsarger3500.de\/wp-content\/uploads\/2023\/05\/SCI_2023_009.jpg'><img loading=\"lazy\" decoding=\"async\" width=\"150\" height=\"150\" src=\"https:\/\/korsarger3500.de\/wp-content\/uploads\/2023\/05\/SCI_2023_009-150x150.jpg\" class=\"attachment-thumbnail size-thumbnail\" alt=\"\" \/><\/a>\n\t\t\t<\/div><\/figure><figure class='gallery-item'>\n\t\t\t<div class='gallery-icon landscape'>\n\t\t\t\t<a href='https:\/\/korsarger3500.de\/wp-content\/uploads\/2023\/05\/SCI_2023_029.jpg'><img loading=\"lazy\" decoding=\"async\" width=\"150\" height=\"150\" src=\"https:\/\/korsarger3500.de\/wp-content\/uploads\/2023\/05\/SCI_2023_029-150x150.jpg\" class=\"attachment-thumbnail size-thumbnail\" alt=\"\" \/><\/a>\n\t\t\t<\/div><\/figure><figure class='gallery-item'>\n\t\t\t<div class='gallery-icon landscape'>\n\t\t\t\t<a href='https:\/\/korsarger3500.de\/wp-content\/uploads\/2023\/05\/SCI_2023_049.jpg'><img loading=\"lazy\" decoding=\"async\" width=\"150\" height=\"150\" src=\"https:\/\/korsarger3500.de\/wp-content\/uploads\/2023\/05\/SCI_2023_049-150x150.jpg\" class=\"attachment-thumbnail size-thumbnail\" alt=\"\" \/><\/a>\n\t\t\t<\/div><\/figure>\n\t\t<\/div>\n\n<p>ah-so gewonnen haben: Alle die da waren weil es ei tolle Party-Wochenende war<\/p>\n<p><a href=\"https:\/\/korsarger3500.de\/index.php\/spargel-cup-graben-neudorf-2023\/\">Weiter<\/a>\u2026 oder zur\u00a0<a href=\"https:\/\/korsarger3500.de\/\">Startseite<\/a><\/p>\n","protected":false},"excerpt":{"rendered":"<p>Die Crew hatte mit vajra beim RCR Training letzte Woche schon abgemacht, dass man sich Freitags zeitig in Inheiden trifft, um gemeinsam ein paar Probeschl\u00e4ge zu segeln. Daf\u00fcr sind wir dann Freitagsmorgens fr\u00fch aufgebrochen und \u00fcber die Autobahn zu SCI ged\u00fcst. Als wir dort ankamen war vajra schon da und auch Lucy wurde gerade aufgebaut. &hellip; <a href=\"https:\/\/korsarger3500.de\/index.php\/fruehjahrstreff-inheiden-2023\/\" class=\"more-link\"><span class=\"screen-reader-text\">Fr\u00fchjahrstreff Inheiden 2023<\/span> weiterlesen<\/a><\/p>\n","protected":false},"author":1,"featured_media":0,"parent":0,"menu_order":0,"comment_status":"closed","ping_status":"closed","template":"","meta":{"footnotes":""},"class_list":["post-8235","page","type-page","status-publish","hentry"],"_links":{"self":[{"href":"https:\/\/korsarger3500.de\/index.php\/wp-json\/wp\/v2\/pages\/8235","targetHints":{"allow":["GET"]}}],"collection":[{"href":"https:\/\/korsarger3500.de\/index.php\/wp-json\/wp\/v2\/pages"}],"about":[{"href":"https:\/\/korsarger3500.de\/index.php\/wp-json\/wp\/v2\/types\/page"}],"author":[{"embeddable":true,"href":"https:\/\/korsarger3500.de\/index.php\/wp-json\/wp\/v2\/users\/1"}],"replies":[{"embeddable":true,"href":"https:\/\/korsarger3500.de\/index.php\/wp-json\/wp\/v2\/comments?post=8235"}],"version-history":[{"count":17,"href":"https:\/\/korsarger3500.de\/index.php\/wp-json\/wp\/v2\/pages\/8235\/revisions"}],"predecessor-version":[{"id":8479,"href":"https:\/\/korsarger3500.de\/index.php\/wp-json\/wp\/v2\/pages\/8235\/revisions\/8479"}],"wp:attachment":[{"href":"https:\/\/korsarger3500.de\/index.php\/wp-json\/wp\/v2\/media?parent=8235"}],"curies":[{"name":"wp","href":"https:\/\/api.w.org\/{rel}","templated":true}]}}