{"id":8220,"date":"2023-05-08T09:24:42","date_gmt":"2023-05-08T07:24:42","guid":{"rendered":"https:\/\/korsarger3500.de\/?page_id=8220"},"modified":"2024-06-26T19:57:47","modified_gmt":"2024-06-26T17:57:47","slug":"regatta-2023","status":"publish","type":"page","link":"https:\/\/korsarger3500.de\/index.php\/regatta-2023\/","title":{"rendered":"Regatta 2023"},"content":{"rendered":"<p style=\"text-align: justify;\">Dass ich im Herbst so fr\u00fch in die Garage kam, lag an den Haarrissen in meinem Rumpf, die die Crew beseitigen wollte. Aber warum wir nicht, wie sonst so oft, im Fr\u00fchjahr nach Liblar gefahren sind, wurde mir erst klar als Skipper mit der 8 Wochen alten Leonie in die Garage kam und mich Ihr vorstellte. Ok, die Ankunft eines weiteren Enkelkindes hat dann doch Vorrang vor dem Regattasegeln. Dann ging es aber zum Training an den Goldkanal und ich war sehr gespannt, wie sich das Wasser anf\u00fchlt. Schlie\u00dflich habe ich jetzt \u00fcber meinem Holz eine Schicht Glasfaser.<\/p>\n<p><a href=\"https:\/\/korsarger3500.de\/index.php\/training-am-goldkanal-beim-rcr-2023\/\">Training beim RCR<\/a><\/p>\n<p><a href=\"https:\/\/korsarger3500.de\/index.php\/training-am-goldkanal-beim-rcr-2023\/\"><img loading=\"lazy\" decoding=\"async\" class=\"alignnone size-medium wp-image-8233\" src=\"https:\/\/korsarger3500.de\/wp-content\/uploads\/2023\/05\/Training_RCR_2023_001-300x169.jpg\" alt=\"\" width=\"300\" height=\"169\" srcset=\"https:\/\/korsarger3500.de\/wp-content\/uploads\/2023\/05\/Training_RCR_2023_001-300x169.jpg 300w, https:\/\/korsarger3500.de\/wp-content\/uploads\/2023\/05\/Training_RCR_2023_001-1024x576.jpg 1024w, https:\/\/korsarger3500.de\/wp-content\/uploads\/2023\/05\/Training_RCR_2023_001-768x432.jpg 768w, https:\/\/korsarger3500.de\/wp-content\/uploads\/2023\/05\/Training_RCR_2023_001-1536x864.jpg 1536w, https:\/\/korsarger3500.de\/wp-content\/uploads\/2023\/05\/Training_RCR_2023_001.jpg 1680w\" sizes=\"auto, (max-width: 300px) 100vw, 300px\" \/><\/a><\/p>\n<p><a href=\"https:\/\/korsarger3500.de\/index.php\/fruehjahrstreff-inheiden-2023\/\">Fr\u00fchjahrstreffen in Inheiden 2023<\/a><\/p>\n<p><a href=\"https:\/\/korsarger3500.de\/index.php\/fruehjahrstreff-inheiden-2023\/\"><img loading=\"lazy\" decoding=\"async\" class=\"alignnone size-medium wp-image-8229\" src=\"https:\/\/korsarger3500.de\/wp-content\/uploads\/2023\/05\/Inheiden_2023_41-300x169.jpg\" alt=\"\" width=\"300\" height=\"169\" srcset=\"https:\/\/korsarger3500.de\/wp-content\/uploads\/2023\/05\/Inheiden_2023_41-300x169.jpg 300w, https:\/\/korsarger3500.de\/wp-content\/uploads\/2023\/05\/Inheiden_2023_41-1024x576.jpg 1024w, https:\/\/korsarger3500.de\/wp-content\/uploads\/2023\/05\/Inheiden_2023_41-768x432.jpg 768w, https:\/\/korsarger3500.de\/wp-content\/uploads\/2023\/05\/Inheiden_2023_41-1536x864.jpg 1536w, https:\/\/korsarger3500.de\/wp-content\/uploads\/2023\/05\/Inheiden_2023_41.jpg 1680w\" sizes=\"auto, (max-width: 300px) 100vw, 300px\" \/><\/a><\/p>\n<p style=\"text-align: left;\"><a href=\"https:\/\/korsarger3500.de\/index.php\/spargel-cup-graben-neudorf-2023\/\">Spargel-Cup Graben-Neudorf 2023<\/a><\/p>\n<p><a href=\"https:\/\/korsarger3500.de\/index.php\/spargel-cup-graben-neudorf-2023\/\"><img loading=\"lazy\" decoding=\"async\" class=\"alignnone size-medium wp-image-8287\" src=\"https:\/\/korsarger3500.de\/wp-content\/uploads\/2023\/05\/SCGN_2023_033-300x225.jpg\" alt=\"\" width=\"300\" height=\"225\" srcset=\"https:\/\/korsarger3500.de\/wp-content\/uploads\/2023\/05\/SCGN_2023_033-300x225.jpg 300w, https:\/\/korsarger3500.de\/wp-content\/uploads\/2023\/05\/SCGN_2023_033-1024x768.jpg 1024w, https:\/\/korsarger3500.de\/wp-content\/uploads\/2023\/05\/SCGN_2023_033-768x576.jpg 768w, https:\/\/korsarger3500.de\/wp-content\/uploads\/2023\/05\/SCGN_2023_033-1536x1152.jpg 1536w, https:\/\/korsarger3500.de\/wp-content\/uploads\/2023\/05\/SCGN_2023_033.jpg 1680w\" sizes=\"auto, (max-width: 300px) 100vw, 300px\" \/><\/a><\/p>\n<p><a href=\"https:\/\/korsarger3500.de\/index.php\/sandhasenregatta-kahl-2023\/\">Sandhasenregatta 2023 in Kahl<\/a><\/p>\n<p><a href=\"https:\/\/korsarger3500.de\/index.php\/sandhasenregatta-kahl-2023\/\"><img loading=\"lazy\" decoding=\"async\" class=\"wp-image-8379 size-medium alignnone\" src=\"https:\/\/korsarger3500.de\/wp-content\/uploads\/2023\/05\/Kahl_2023_025-300x169.jpg\" alt=\"\" width=\"300\" height=\"169\" srcset=\"https:\/\/korsarger3500.de\/wp-content\/uploads\/2023\/05\/Kahl_2023_025-300x169.jpg 300w, https:\/\/korsarger3500.de\/wp-content\/uploads\/2023\/05\/Kahl_2023_025-1024x576.jpg 1024w, https:\/\/korsarger3500.de\/wp-content\/uploads\/2023\/05\/Kahl_2023_025-768x432.jpg 768w, https:\/\/korsarger3500.de\/wp-content\/uploads\/2023\/05\/Kahl_2023_025-1536x864.jpg 1536w, https:\/\/korsarger3500.de\/wp-content\/uploads\/2023\/05\/Kahl_2023_025.jpg 1680w\" sizes=\"auto, (max-width: 300px) 100vw, 300px\" \/><\/a><\/p>\n<p><a href=\"https:\/\/korsarger3500.de\/index.php\/idm-2023-am-alpsee\/\">IDM 2023 am Alpsee<\/a><\/p>\n<p><a href=\"https:\/\/korsarger3500.de\/index.php\/idm-2023-am-alpsee\/\"><img loading=\"lazy\" decoding=\"async\" class=\"wp-image-8818 size-medium alignnone\" src=\"https:\/\/korsarger3500.de\/wp-content\/uploads\/2023\/07\/IDM_23_121-300x200.jpg\" alt=\"\" width=\"300\" height=\"200\" srcset=\"https:\/\/korsarger3500.de\/wp-content\/uploads\/2023\/07\/IDM_23_121-300x200.jpg 300w, https:\/\/korsarger3500.de\/wp-content\/uploads\/2023\/07\/IDM_23_121-1024x683.jpg 1024w, https:\/\/korsarger3500.de\/wp-content\/uploads\/2023\/07\/IDM_23_121-768x512.jpg 768w, https:\/\/korsarger3500.de\/wp-content\/uploads\/2023\/07\/IDM_23_121-1536x1024.jpg 1536w, https:\/\/korsarger3500.de\/wp-content\/uploads\/2023\/07\/IDM_23_121.jpg 1680w\" sizes=\"auto, (max-width: 300px) 100vw, 300px\" \/><\/a><\/p>\n<p><a href=\"https:\/\/korsarger3500.de\/index.php\/korsarenpreis-2023-am-goldkanal\/\">Korsarenpreis 2023 am Goldkanal<\/a><\/p>\n<p><a href=\"https:\/\/korsarger3500.de\/index.php\/korsarenpreis-2023-am-goldkanal\/\"><img loading=\"lazy\" decoding=\"async\" class=\"wp-image-8644 size-medium alignnone\" src=\"https:\/\/korsarger3500.de\/wp-content\/uploads\/2023\/07\/RCR_23_17-300x169.jpg\" alt=\"\" width=\"300\" height=\"169\" srcset=\"https:\/\/korsarger3500.de\/wp-content\/uploads\/2023\/07\/RCR_23_17-300x169.jpg 300w, https:\/\/korsarger3500.de\/wp-content\/uploads\/2023\/07\/RCR_23_17-1024x576.jpg 1024w, https:\/\/korsarger3500.de\/wp-content\/uploads\/2023\/07\/RCR_23_17-768x432.jpg 768w, https:\/\/korsarger3500.de\/wp-content\/uploads\/2023\/07\/RCR_23_17-1536x864.jpg 1536w, https:\/\/korsarger3500.de\/wp-content\/uploads\/2023\/07\/RCR_23_17.jpg 1680w\" sizes=\"auto, (max-width: 300px) 100vw, 300px\" \/><\/a><\/p>\n<p><a href=\"https:\/\/korsarger3500.de\/index.php\/korsaren-trichter-2023-am-brombachsee\/\">Korsaren Trichter 2023 am Brombachsee<\/a><\/p>\n<p><a href=\"https:\/\/korsarger3500.de\/index.php\/korsaren-trichter-2023-am-brombachsee\/\"><img loading=\"lazy\" decoding=\"async\" class=\"alignnone wp-image-8971 size-medium\" src=\"https:\/\/korsarger3500.de\/wp-content\/uploads\/2023\/10\/Trichter_2023l_06X-300x213.jpg\" alt=\"\" width=\"300\" height=\"213\" srcset=\"https:\/\/korsarger3500.de\/wp-content\/uploads\/2023\/10\/Trichter_2023l_06X-300x213.jpg 300w, https:\/\/korsarger3500.de\/wp-content\/uploads\/2023\/10\/Trichter_2023l_06X-1024x727.jpg 1024w, https:\/\/korsarger3500.de\/wp-content\/uploads\/2023\/10\/Trichter_2023l_06X-768x545.jpg 768w, https:\/\/korsarger3500.de\/wp-content\/uploads\/2023\/10\/Trichter_2023l_06X.jpg 1066w\" sizes=\"auto, (max-width: 300px) 100vw, 300px\" \/><\/a><\/p>\n<p style=\"text-align: justify;\">Und schon wieder ist eine Regattasaison vorbei und ich werde wohl bald in meine Wintergarage verfrachtet werden. Der neue Anzug aus Glasfaser der meinen Rumpf seit Begin des Jahres einh\u00fcllt hat sich bestens bew\u00e4hrt. Kein Riss keine aufgeplatzten Stellen, gar nichts hat sich getan. W\u00e4re da nicht die eine Macke die der Steinschlag des Rasenm\u00e4hers verursacht hat h\u00e4tte Skipper \u00fcber Winter rein gar nichts zum Reparieren. So komme ich wahrscheinlich dann doch f\u00fcr ein paar Tage in meine Werft. Mal sehen&#8230;<\/p>\n<p><a href=\"https:\/\/korsarger3500.de\/index.php\/regatta-2024\/\">Weiter<\/a>\u2026 oder zur\u00a0<a href=\"https:\/\/korsarger3500.de\/\">Startseite<\/a><\/p>\n","protected":false},"excerpt":{"rendered":"<p>Dass ich im Herbst so fr\u00fch in die Garage kam, lag an den Haarrissen in meinem Rumpf, die die Crew beseitigen wollte. Aber warum wir nicht, wie sonst so oft, im Fr\u00fchjahr nach Liblar gefahren sind, wurde mir erst klar als Skipper mit der 8 Wochen alten Leonie in die Garage kam und mich Ihr &hellip; <a href=\"https:\/\/korsarger3500.de\/index.php\/regatta-2023\/\" class=\"more-link\"><span class=\"screen-reader-text\">Regatta 2023<\/span> weiterlesen<\/a><\/p>\n","protected":false},"author":1,"featured_media":0,"parent":0,"menu_order":0,"comment_status":"closed","ping_status":"closed","template":"","meta":{"footnotes":""},"class_list":["post-8220","page","type-page","status-publish","hentry"],"_links":{"self":[{"href":"https:\/\/korsarger3500.de\/index.php\/wp-json\/wp\/v2\/pages\/8220","targetHints":{"allow":["GET"]}}],"collection":[{"href":"https:\/\/korsarger3500.de\/index.php\/wp-json\/wp\/v2\/pages"}],"about":[{"href":"https:\/\/korsarger3500.de\/index.php\/wp-json\/wp\/v2\/types\/page"}],"author":[{"embeddable":true,"href":"https:\/\/korsarger3500.de\/index.php\/wp-json\/wp\/v2\/users\/1"}],"replies":[{"embeddable":true,"href":"https:\/\/korsarger3500.de\/index.php\/wp-json\/wp\/v2\/comments?post=8220"}],"version-history":[{"count":34,"href":"https:\/\/korsarger3500.de\/index.php\/wp-json\/wp\/v2\/pages\/8220\/revisions"}],"predecessor-version":[{"id":9114,"href":"https:\/\/korsarger3500.de\/index.php\/wp-json\/wp\/v2\/pages\/8220\/revisions\/9114"}],"wp:attachment":[{"href":"https:\/\/korsarger3500.de\/index.php\/wp-json\/wp\/v2\/media?parent=8220"}],"curies":[{"name":"wp","href":"https:\/\/api.w.org\/{rel}","templated":true}]}}