{"id":7939,"date":"2022-06-28T05:53:09","date_gmt":"2022-06-28T03:53:09","guid":{"rendered":"https:\/\/korsarger3500.de\/?page_id=7939"},"modified":"2024-08-21T06:13:22","modified_gmt":"2024-08-21T04:13:22","slug":"update-baumniederholer","status":"publish","type":"page","link":"https:\/\/korsarger3500.de\/index.php\/update-baumniederholer\/","title":{"rendered":"Update Baumniederholer"},"content":{"rendered":"<p style=\"text-align: justify;\"><a href=\"https:\/\/korsarger3500.de\/wp-content\/uploads\/2022\/06\/Baumniederholer_Plan-scaled-e1656393799527.jpg\" data-lbwps-width=\"945\" data-lbwps-height=\"1260\" data-lbwps-srcsmall=\"https:\/\/korsarger3500.de\/wp-content\/uploads\/2022\/06\/Baumniederholer_Plan-scaled-e1656393799527-225x300.jpg\"><img loading=\"lazy\" decoding=\"async\" class=\"alignleft wp-image-7962 size-thumbnail\" src=\"https:\/\/korsarger3500.de\/wp-content\/uploads\/2022\/06\/Baumniederholer_Plan-scaled-e1656393799527-150x150.jpg\" alt=\"Berechnung\" width=\"150\" height=\"150\" \/><\/a>Mein Baumniederholer hat sich, seit Skipper ihn vor Jahren von Drahtseil auf Dyneema umgebaut hat, immer bew\u00e4hrt. Allerdings hab ich damit der Schottin ab und zu ein paar Haare ausgezupft, wenn Sie ihm w\u00e4hrend der Verstellphase zu nahe kommt. Skipper hat letztens noch eine f\u00fcnfte fliegende Rolle eingekn\u00fcpft, damit der Streckerzug noch leichter wird. Na-ja er wird halt auch nicht j\u00fcnger. Der Zug zum Dichtholen geht jetzt super leicht, wenn auch der Weg nun l\u00e4nger ist. Die Talje mit ihren f\u00fcnf fliegenden Rollen hat allerdings nun noch mehr Eigengewicht. Das hat den Nachteil, dass bei leichtem Wind das Gro\u00df es gar nicht mehr schafft die Talje auseinander zu ziehen. Auch bei 4 Rollen musste schon immer ein klein wenig nachgeholfen werden, um den Niederholer komplett zu \u00f6ffnen. Da muss es doch eine M\u00f6glichkeit geben, um die Talje bei offenem Strecker auseinander zu ziehen oder das Eigengewicht zu reduzieren. Da er schon leichte Rollen und Dyneema verwendet hat, kann Skipper am Gewicht nicht mehr viel machen. Wenn allerdings die Talje waagerecht liegt und nicht mehr am Baum h\u00e4ngt wiegt sie sozusagen ja nichts mehr. Das hei\u00dft, sie m\u00fcsste auf dem Boden neben dem Schwertkasten liegen.<\/p>\n<div id='gallery-1' class='gallery galleryid-7939 gallery-columns-4 gallery-size-thumbnail'><figure class='gallery-item'>\n\t\t\t<div class='gallery-icon landscape'>\n\t\t\t\t<a href='https:\/\/korsarger3500.de\/wp-content\/uploads\/2022\/06\/Baumniederholer_3-scaled.jpg'><img loading=\"lazy\" decoding=\"async\" width=\"150\" height=\"150\" src=\"https:\/\/korsarger3500.de\/wp-content\/uploads\/2022\/06\/Baumniederholer_3-150x150.jpg\" class=\"attachment-thumbnail size-thumbnail\" alt=\"der alte Kicker\" \/><\/a>\n\t\t\t<\/div><\/figure><figure class='gallery-item'>\n\t\t\t<div class='gallery-icon landscape'>\n\t\t\t\t<a href='https:\/\/korsarger3500.de\/wp-content\/uploads\/2022\/06\/Baumniederholer_1-scaled.jpg'><img loading=\"lazy\" decoding=\"async\" width=\"150\" height=\"150\" src=\"https:\/\/korsarger3500.de\/wp-content\/uploads\/2022\/06\/Baumniederholer_1-150x150.jpg\" class=\"attachment-thumbnail size-thumbnail\" alt=\"f\u00fcnf Rollen = 1\/32 Kraft\" \/><\/a>\n\t\t\t<\/div><\/figure><figure class='gallery-item'>\n\t\t\t<div class='gallery-icon portrait'>\n\t\t\t\t<a href='https:\/\/korsarger3500.de\/wp-content\/uploads\/2022\/06\/Baumniederholer_5-scaled.jpg'><img loading=\"lazy\" decoding=\"async\" width=\"150\" height=\"150\" src=\"https:\/\/korsarger3500.de\/wp-content\/uploads\/2022\/06\/Baumniederholer_5-150x150.jpg\" class=\"attachment-thumbnail size-thumbnail\" alt=\"da m\u00fcssen 2 Rollen hin\" \/><\/a>\n\t\t\t<\/div><\/figure><figure class='gallery-item'>\n\t\t\t<div class='gallery-icon portrait'>\n\t\t\t\t<a href='https:\/\/korsarger3500.de\/wp-content\/uploads\/2022\/06\/Baumniederholer_4-scaled.jpg'><img loading=\"lazy\" decoding=\"async\" width=\"150\" height=\"150\" src=\"https:\/\/korsarger3500.de\/wp-content\/uploads\/2022\/06\/Baumniederholer_4-150x150.jpg\" class=\"attachment-thumbnail size-thumbnail\" alt=\"das muss anders werden\" \/><\/a>\n\t\t\t<\/div><\/figure>\n\t\t<\/div>\n\n<p style=\"text-align: justify;\">Dort k\u00f6nnte ein Gummi auch beim auseinanderziehen eingesetzt werden. Die Idee hat er dann nach l\u00e4ngerem gr\u00fcbeln und \u00fcberlegen verworfen. Neben dem Schwertkasten ist zu wenig Platz und auch die Idee, die Talje ganz nach hinten im Heck unterzubringen, scheiterte daran, dass die Strecker, die von den Seiten kommen, ja dann durch das Kielschwein durch m\u00fcssten. Wie w\u00e4r es denn, wenn die Talje im Gro\u00dfbaum ihren Platz bekommt? Das k\u00f6nnte eventuell gehen. Da scheint innen gen\u00fcgend Platz zu sein. Und auch eine zweite Auslassrolle m\u00fcsste noch neben die des Unterliekstreckers passen. Eine Skizze wie der alte Kicker funktioniert und wie der neue aussehen k\u00f6nnte war schnell gemacht. Die Umbau Arbeiten schienen \u00fcberschaubar und au\u00dfer ein paar Meter Dyneema musste noch nicht mal was gekauft werden. Einen Nachteil hat die Konstuktion allerdings. Die Kraft mit der jetzt waagerecht im Baum gezogen werden muss, ist etwas h\u00f6her als diejenige die im 45 Grad Winkel vom Baum zum Mastfu\u00df zieht. Mit den vier fliegenden Rollen hatte er bislang immer eine Untersetzung von 1:16 also Faktor 0,0625. Mit f\u00fcnf Rollen liegt die Kraft bei 1:32 also Faktor 0,03125. Jetzt bringt die erste Rollen aber nicht mehr 1:2 (0,5) sondern nur noch 1*cos(45)\u00a0 (0,7). Das hei\u00dft am Ende muss er 0,7 * 1:16 ziehen was einem Faktor von 0,04 entspricht. Aber es ist immer noch weniger als ohne die letztens eingesetzte f\u00fcnfte fliegende Rolle. Die Schottin hatte noch den Einwand ob das eine d\u00fcnne Dyneema wohl griffig genug sein w\u00fcrde bei der Starkwind-Schifte. Das muss sich also erst noch zeigen und eventuell muss da ein etwas dickeres hin. Nachdem das bestellte Dyneema angekommen war hat er die neuen Kaskade gesplei\u00dft. Jetzt musste im Baum eine Auslassrolle an der Stelle eingesetzt werden, an der bisher der Niederholer angesetzt hatte. Die Rolle fand sich noch am altem Baum und hat jetzt eine neue Verwendung. Kniffeliger war dann das Herstellen einer Doppelrolle am L\u00fcmmelbeschlag. Der Beschlag musste ausgebaut und die bestehende Rollenhalterung abges\u00e4gt werden. Damit war der Platz f\u00fcr die neue Doppelrolle da. Die Achse auf der die beiden Rollen laufen ist auch gleichzeitig die Befestigung der fliegenden Rollen. Der nicht mehr ben\u00f6tigte Schlitten der alten Kickerbefestigung am Baum\u00a0 wurde aufgebohrt und fungiert jetzt als F\u00fchrung f\u00fcr die beiden Strecker die aus dem Baum kommen. Der gelbe Gummi ist an der ersten fliegenden Rolle und am Ende des Baumes befestigt und streckt damit die Rollenkaskade.<\/p>\n<div id='gallery-2' class='gallery galleryid-7939 gallery-columns-4 gallery-size-thumbnail'><figure class='gallery-item'>\n\t\t\t<div class='gallery-icon landscape'>\n\t\t\t\t<a href='https:\/\/korsarger3500.de\/wp-content\/uploads\/2022\/06\/Baumniederholer_9-scaled.jpg'><img loading=\"lazy\" decoding=\"async\" width=\"150\" height=\"150\" src=\"https:\/\/korsarger3500.de\/wp-content\/uploads\/2022\/06\/Baumniederholer_9-150x150.jpg\" class=\"attachment-thumbnail size-thumbnail\" alt=\"Die Kaskade kommt in den Baum\" \/><\/a>\n\t\t\t<\/div><\/figure><figure class='gallery-item'>\n\t\t\t<div class='gallery-icon portrait'>\n\t\t\t\t<a href='https:\/\/korsarger3500.de\/wp-content\/uploads\/2022\/06\/Baumniederholer_10-scaled.jpg'><img loading=\"lazy\" decoding=\"async\" width=\"150\" height=\"150\" src=\"https:\/\/korsarger3500.de\/wp-content\/uploads\/2022\/06\/Baumniederholer_10-150x150.jpg\" class=\"attachment-thumbnail size-thumbnail\" alt=\"Rollenachse und Dyneema Befestigung in Einem\" \/><\/a>\n\t\t\t<\/div><\/figure><figure class='gallery-item'>\n\t\t\t<div class='gallery-icon portrait'>\n\t\t\t\t<a href='https:\/\/korsarger3500.de\/wp-content\/uploads\/2022\/06\/Baumniederholer_13-scaled.jpg'><img loading=\"lazy\" decoding=\"async\" width=\"150\" height=\"150\" src=\"https:\/\/korsarger3500.de\/wp-content\/uploads\/2022\/06\/Baumniederholer_13-150x150.jpg\" class=\"attachment-thumbnail size-thumbnail\" alt=\"Auslassf\u00fchrung musste sein\" \/><\/a>\n\t\t\t<\/div><\/figure><figure class='gallery-item'>\n\t\t\t<div class='gallery-icon portrait'>\n\t\t\t\t<a href='https:\/\/korsarger3500.de\/wp-content\/uploads\/2022\/06\/Baumniederholer_11-scaled.jpg'><img loading=\"lazy\" decoding=\"async\" width=\"150\" height=\"150\" src=\"https:\/\/korsarger3500.de\/wp-content\/uploads\/2022\/06\/Baumniederholer_11-150x150.jpg\" class=\"attachment-thumbnail size-thumbnail\" alt=\"Gimmiende\" \/><\/a>\n\t\t\t<\/div><\/figure>\n\t\t<\/div>\n\n<p style=\"text-align: justify;\">Jetzt war der Baum fertig und konnte montiert und getestet werden. Das dies nicht ohne weitere kleinere Anpassungen an der Streckerf\u00fchrung ab gehen w\u00fcrde, war mir klar und Skipper auch. Die beiden Umlenkrollen des Niederholers sitzen jetzt zu weit achtern und kreuzen den Kicker selbst auf dem Vorwindkurs wenn der Baum ausgestellt ist. Sie m\u00fcssen also weiter Richtung Bug versetzt werden. Da ist aber auf der einen Seite der Aufholer f\u00fcr das Schwert und auf der andern Seite die Umlenkung f\u00fcr die Cunningham im Weg. Beides muss also zun\u00e4chst abmontiert und neu arrangiert werden ohne dabei, wenn&#8217;s irgendwie geht, zus\u00e4tzliche L\u00f6cher im Kielschwein anzubringen. Das Holz sieht eh schon aus wie ein Schweizer K\u00e4se und ist durch die st\u00e4ndige Feuchtigkeit schon sehr angegriffen. (Da f\u00e4llt mir ein: Du wolltest dich doch mal um ne neuen Zeltpersenning k\u00fcmmern Skipper.) Da an dieser Stelle neben dem Mastfu\u00df nur gescheit geschraubt werden kann wenn der Mast nicht im Rumpf steht, die Leinenf\u00fchrung aber nur mit Mast im Boot ausprobiert werden kann, war es klar das der Mast mehrmals ein und ausgebaut werden musste bis alles richtig ausget\u00fcftelt war.\u00a0 Nachdem die Rollen nun neu positioniert sind und alle Strecker klariert laufen, k\u00f6nnte man das neue System auf dem Wasser austesten. Na ja vielleicht ist ja morgen Wind.<\/p>\n<div id='gallery-3' class='gallery galleryid-7939 gallery-columns-4 gallery-size-thumbnail'><figure class='gallery-item'>\n\t\t\t<div class='gallery-icon portrait'>\n\t\t\t\t<a href='https:\/\/korsarger3500.de\/wp-content\/uploads\/2022\/06\/Baumniederholer_12-scaled.jpg'><img loading=\"lazy\" decoding=\"async\" width=\"150\" height=\"150\" src=\"https:\/\/korsarger3500.de\/wp-content\/uploads\/2022\/06\/Baumniederholer_12-150x150.jpg\" class=\"attachment-thumbnail size-thumbnail\" alt=\"der windschl\u00fcpfrige Kicker\" \/><\/a>\n\t\t\t<\/div><\/figure><figure class='gallery-item'>\n\t\t\t<div class='gallery-icon portrait'>\n\t\t\t\t<a href='https:\/\/korsarger3500.de\/wp-content\/uploads\/2022\/06\/Baumniederholer_14-scaled.jpg'><img loading=\"lazy\" decoding=\"async\" width=\"150\" height=\"150\" src=\"https:\/\/korsarger3500.de\/wp-content\/uploads\/2022\/06\/Baumniederholer_14-150x150.jpg\" class=\"attachment-thumbnail size-thumbnail\" alt=\"letzte Rolle senkrecht\" \/><\/a>\n\t\t\t<\/div><\/figure><figure class='gallery-item'>\n\t\t\t<div class='gallery-icon portrait'>\n\t\t\t\t<a href='https:\/\/korsarger3500.de\/wp-content\/uploads\/2022\/06\/Baumniederholer_15-scaled.jpg'><img loading=\"lazy\" decoding=\"async\" width=\"150\" height=\"150\" src=\"https:\/\/korsarger3500.de\/wp-content\/uploads\/2022\/06\/Baumniederholer_15-150x150.jpg\" class=\"attachment-thumbnail size-thumbnail\" alt=\"das passt noch nicht\" \/><\/a>\n\t\t\t<\/div><\/figure><figure class='gallery-item'>\n\t\t\t<div class='gallery-icon portrait'>\n\t\t\t\t<a href='https:\/\/korsarger3500.de\/wp-content\/uploads\/2022\/06\/Baumniederholer_17.jpg'><img loading=\"lazy\" decoding=\"async\" width=\"150\" height=\"150\" src=\"https:\/\/korsarger3500.de\/wp-content\/uploads\/2022\/06\/Baumniederholer_17-150x150.jpg\" class=\"attachment-thumbnail size-thumbnail\" alt=\"fertig aufger\u00e4umte Streckerf\u00fchrung\" \/><\/a>\n\t\t\t<\/div><\/figure>\n\t\t<\/div>\n\n<p><a href=\"https:\/\/korsarger3500.de\/index.php\/zeltpersenning-naehen\/\">Weiter<\/a><\/p>\n<p style=\"text-align: justify;\">\n","protected":false},"excerpt":{"rendered":"<p>Mein Baumniederholer hat sich, seit Skipper ihn vor Jahren von Drahtseil auf Dyneema umgebaut hat, immer bew\u00e4hrt. Allerdings hab ich damit der Schottin ab und zu ein paar Haare ausgezupft, wenn Sie ihm w\u00e4hrend der Verstellphase zu nahe kommt. Skipper hat letztens noch eine f\u00fcnfte fliegende Rolle eingekn\u00fcpft, damit der Streckerzug noch leichter wird. Na-ja &hellip; <a href=\"https:\/\/korsarger3500.de\/index.php\/update-baumniederholer\/\" class=\"more-link\"><span class=\"screen-reader-text\">Update Baumniederholer<\/span> weiterlesen<\/a><\/p>\n","protected":false},"author":1,"featured_media":0,"parent":0,"menu_order":0,"comment_status":"closed","ping_status":"closed","template":"","meta":{"footnotes":""},"class_list":["post-7939","page","type-page","status-publish","hentry"],"_links":{"self":[{"href":"https:\/\/korsarger3500.de\/index.php\/wp-json\/wp\/v2\/pages\/7939","targetHints":{"allow":["GET"]}}],"collection":[{"href":"https:\/\/korsarger3500.de\/index.php\/wp-json\/wp\/v2\/pages"}],"about":[{"href":"https:\/\/korsarger3500.de\/index.php\/wp-json\/wp\/v2\/types\/page"}],"author":[{"embeddable":true,"href":"https:\/\/korsarger3500.de\/index.php\/wp-json\/wp\/v2\/users\/1"}],"replies":[{"embeddable":true,"href":"https:\/\/korsarger3500.de\/index.php\/wp-json\/wp\/v2\/comments?post=7939"}],"version-history":[{"count":30,"href":"https:\/\/korsarger3500.de\/index.php\/wp-json\/wp\/v2\/pages\/7939\/revisions"}],"predecessor-version":[{"id":9217,"href":"https:\/\/korsarger3500.de\/index.php\/wp-json\/wp\/v2\/pages\/7939\/revisions\/9217"}],"wp:attachment":[{"href":"https:\/\/korsarger3500.de\/index.php\/wp-json\/wp\/v2\/media?parent=7939"}],"curies":[{"name":"wp","href":"https:\/\/api.w.org\/{rel}","templated":true}]}}