{"id":7604,"date":"2022-05-26T11:53:40","date_gmt":"2022-05-26T09:53:40","guid":{"rendered":"https:\/\/korsarger3500.de\/?page_id=7604"},"modified":"2022-06-10T09:48:56","modified_gmt":"2022-06-10T07:48:56","slug":"spargel-cup-graben-neudorf-2022","status":"publish","type":"page","link":"https:\/\/korsarger3500.de\/index.php\/spargel-cup-graben-neudorf-2022\/","title":{"rendered":"Spargel-Cup Graben-Neudorf 2022"},"content":{"rendered":"<p style=\"text-align: justify;\">Ich komm grad gar nicht mehr an meinen See. Gerade noch war ich in Inheiden und schwupp geht es auch schon nach Graben-Neudorf. Skipper lies sich in der<a href=\"https:\/\/korsarger3500.de\/wp-content\/uploads\/2022\/05\/GN_2022_6004.jpg\" data-lbwps-width=\"1680\" data-lbwps-height=\"1260\" data-lbwps-srcsmall=\"https:\/\/korsarger3500.de\/wp-content\/uploads\/2022\/05\/GN_2022_6004-300x225.jpg\"><img loading=\"lazy\" decoding=\"async\" class=\"size-thumbnail wp-image-7640 alignright\" src=\"https:\/\/korsarger3500.de\/wp-content\/uploads\/2022\/05\/GN_2022_6004-150x150.jpg\" alt=\"\" width=\"150\" height=\"150\" \/><\/a> Zwischenzeit fast gar nicht bei mir sehen. Na ja es gab ja auch, abgesehen vom Handbremshebel am Trailer, nichts zu reparieren oder zu verbessern. Wir sind dann Freitag Nachmittag relativ zeitig aufgebrochen, gem\u00fctlich Richtung Graben-Neudorf gecruist und kamen dort bei sch\u00f6nstem Wetter an.\u00a0 Die Crew sagte kurz hallo zu den Anwesenden und baute mich dann auf. Ich bekam einen Platz direkt an der Slipbahn.\u00a0 Skipper z\u00fcndete danach an der Grillstelle ein Feuer an, denn es sollte bald gegrillt werden. Hier zeigte sich, dass die Jugendcrews zwar beim segeln ne Menge drauf haben, aber beim grillen doch noch Nachholbedarf besteht. Den restlichen Abend machten es sich alle am Lagerfeuer gem\u00fctlich und kl\u00f6nten noch bis tief in die Nacht. Am n\u00e4chsten Morgen trafen weitere Crews ein und es kam doch tats\u00e4chlich 28 Schiffe zusammen.\u00a0 Beim <a href=\"https:\/\/korsarger3500.de\/wp-content\/uploads\/2022\/05\/GN_2022_010.jpg\" data-lbwps-width=\"1680\" data-lbwps-height=\"1260\" data-lbwps-srcsmall=\"https:\/\/korsarger3500.de\/wp-content\/uploads\/2022\/05\/GN_2022_010-300x225.jpg\"><img loading=\"lazy\" decoding=\"async\" class=\"alignleft wp-image-7617 size-thumbnail\" src=\"https:\/\/korsarger3500.de\/wp-content\/uploads\/2022\/05\/GN_2022_010-150x150.jpg\" alt=\"alle Kinder helfen mit\" width=\"150\" height=\"150\" \/><\/a>aufbauen der Schiffe gab es dann tatkr\u00e4ftige Unterst\u00fctzung von den vielen kleinen Nachwuchsskippern bzw. die, die es mal werden wollen.\u00a0 Man kann schlie\u00dflich nicht fr\u00fch genug damit anfangen sich mit einem Korsar vertraut zu machen. Skipper enddeckte ein bislang unbekanntes Holzschiff &#8211; <em>Schloofer<\/em> war sein Namen. Er ist, wie ich auch, einer der zuletzt gebauten Holzboote und er ist tip-top \u00fcberarbeitet und super ausgebaut. Es war kein Wind und damit viel Zeit zum basteln. <em>My Hedi<\/em>\u00a0wurde kurzerhand auf die Seite gelegt, damit Schotte Siggi das Schwert wieder gangbar machen konnte. Bei <em>SIU<\/em> musste das Spifall getauscht werden und die Auslass-Umlenkrolle nachgefeilt werden. So verlief dann der Nachmittag mit basteln und fachsimpeln bei warten auf Wind. Irgendwann sind wir dann doch mal aufs Wasser, um mit dem Hauch von Wind der wehte, ein paar Schl\u00e4ge zu segeln. <em>bernd das boot<\/em> und <em>just for fun<\/em> hatten ihre<a href=\"https:\/\/korsarger3500.de\/wp-content\/uploads\/2022\/05\/Nachwuchs.jpg\" data-lbwps-width=\"1066\" data-lbwps-height=\"803\" data-lbwps-srcsmall=\"https:\/\/korsarger3500.de\/wp-content\/uploads\/2022\/05\/Nachwuchs-300x226.jpg\"><img loading=\"lazy\" decoding=\"async\" class=\"alignright wp-image-7643 size-thumbnail\" src=\"https:\/\/korsarger3500.de\/wp-content\/uploads\/2022\/05\/Nachwuchs-150x150.jpg\" alt=\"alle Kinder segeln mit\" width=\"150\" height=\"150\" \/><\/a> Nachwuchsskipper und Schotten an Bord, die sich schon flei\u00dfig im segeln \u00fcbten. Bald darauf sind wir auch wieder am Steg angekommen und ich wurde auf der Wiese abgestellt und zugedeckt. Die Jugendmannschaften vertrieben sich die Zeit mit kickern und anderen lustigen Spielen. Um 18 Uhr erkl\u00e4rte die\u00a0 Wettfahrtleitung mit Flaggen und Schallsignalen dann\u00a0 den Wettfahrttag f\u00fcr beendet. Wie immer in Graben-Neudorf brannte bald das Lagerfeuer und die K\u00fcchencrew rief zum Abendessen. Am n\u00e4chsten Morgen wurde ich zeitig aufgebaut, denn es sollte etwas Wind kommen. Wir waren auch mit den ersten Crews auf dem Wasser und eine leichte Briese zog ab und zu durch. Leider stabilisierte sich der Wind nicht und wir kringelten eine Ewigkeit umeinander. Irgendwann sind wir dann zusammen mit <em>vajra<\/em> und <em>andiamo<\/em> schon mal Richtung Hafen gesegelt. Es sah so aus, als w\u00fcrde das nix mehr. Auf halber Strecke tat sich dann doch noch etwas. Der Tonnenleger versetzte die Tonnen und damit lagen wir gerade mal auf H\u00f6he der Luvtonne. Jetzt schnell den Spi rauf und Richtung Startschiff segeln, denn dort waren die Korsarenflagge und der blaue Peter schon oben. Das hie\u00df, dass es weniger als 4 Minuten bis zum Start waren. Kurz nach dem ein Minuten Signal kamen wir am Schiff an. Zum Gl\u00fcck lag die Linie in dem Moment einigerma\u00dfen rechtwinklig zum Wind und <em>just for fun<\/em> hatte eine kleine L\u00fccke zwischen sich und dem Startschiff gelassen. Alle anderen Schiffe lagen im Lee so dass wir mit dem Startschuss das oberste Boot\u00a0 an der Linie waren. Mit zwei schnellen Wenden verschaffte sich die Crew etwas <a href=\"https:\/\/korsarger3500.de\/wp-content\/uploads\/2022\/05\/GN_2022_047.jpg\" data-lbwps-width=\"1680\" data-lbwps-height=\"1260\" data-lbwps-srcsmall=\"https:\/\/korsarger3500.de\/wp-content\/uploads\/2022\/05\/GN_2022_047-300x225.jpg\"><img loading=\"lazy\" decoding=\"async\" class=\"size-thumbnail wp-image-7636 alignleft\" src=\"https:\/\/korsarger3500.de\/wp-content\/uploads\/2022\/05\/GN_2022_047-150x150.jpg\" alt=\"\" width=\"150\" height=\"150\" \/><\/a>mehr Abstand zum Feld und kurze Zeit sp\u00e4ter rundeten wir hinter <em>SIU<\/em>\u00a0an zweiter Position ganz knapp vor <em>bernd das boot<\/em> das Luvfass. Auf dem Vorwindkurs schlief der Wind dann wieder ein und die Wettfahrtleitung schoss den Lauf\u00a0 auch bald ab. Das wars dann, denn f\u00fcr einen weiteren Start fehlte der Wind und auch die Zeit. Wir hatten nun allerdings den weitesten Weg zum Hafen und kamen so mit den letzten an. Slippen, abbauen und verladen ging im Handumdrehen und so waren wir zur Siegerehrung p\u00fcnktlich fertig. Die Kinder durften die ersten drei Pl\u00e4tze auslosen und damit entschied das Gl\u00fcck wer die drei gro\u00dfen Spargelk\u00f6rbe bekam. Aber alle anderen gingen ja auch nicht leer aus und nahmen Spargel und Wein mit nach Hause. <em>SIU<\/em> wurde an f\u00fcnfter Position gef\u00fchrt und so kommt es das er als f\u00fchrender im ersten Lauf &#8222;schreiben&#8220; darf. Anschlie\u00dfend begann die \u00fcbliche Verabschiedungsrunde und wir sind dann auch bald Richtung Heimat gecruised. Ein besonderer Dank meiner Crew geht an die Familie Schlindwein f\u00fcr die Gastfreundschaft.<\/p>\n<p>&nbsp;<\/p>\n<div id='gallery-1' class='gallery galleryid-7604 gallery-columns-4 gallery-size-thumbnail'><figure class='gallery-item'>\n\t\t\t<div class='gallery-icon landscape'>\n\t\t\t\t<a href='https:\/\/korsarger3500.de\/wp-content\/uploads\/2022\/05\/GN_2022_006.jpg'><img loading=\"lazy\" decoding=\"async\" width=\"150\" height=\"150\" src=\"https:\/\/korsarger3500.de\/wp-content\/uploads\/2022\/05\/GN_2022_006-150x150.jpg\" class=\"attachment-thumbnail size-thumbnail\" alt=\"alle Kinder spielen mit\" \/><\/a>\n\t\t\t<\/div><\/figure><figure class='gallery-item'>\n\t\t\t<div class='gallery-icon portrait'>\n\t\t\t\t<a href='https:\/\/korsarger3500.de\/wp-content\/uploads\/2022\/05\/GN_2022_x001.jpg'><img loading=\"lazy\" decoding=\"async\" width=\"150\" height=\"150\" src=\"https:\/\/korsarger3500.de\/wp-content\/uploads\/2022\/05\/GN_2022_x001-150x150.jpg\" class=\"attachment-thumbnail size-thumbnail\" alt=\"\" \/><\/a>\n\t\t\t<\/div><\/figure><figure class='gallery-item'>\n\t\t\t<div class='gallery-icon landscape'>\n\t\t\t\t<a href='https:\/\/korsarger3500.de\/wp-content\/uploads\/2022\/05\/GN_2022_017.jpg'><img loading=\"lazy\" decoding=\"async\" width=\"150\" height=\"150\" src=\"https:\/\/korsarger3500.de\/wp-content\/uploads\/2022\/05\/GN_2022_017-150x150.jpg\" class=\"attachment-thumbnail size-thumbnail\" alt=\"\" \/><\/a>\n\t\t\t<\/div><\/figure><figure class='gallery-item'>\n\t\t\t<div class='gallery-icon landscape'>\n\t\t\t\t<a href='https:\/\/korsarger3500.de\/wp-content\/uploads\/2022\/05\/GN_2022_005.jpg'><img loading=\"lazy\" decoding=\"async\" width=\"150\" height=\"150\" src=\"https:\/\/korsarger3500.de\/wp-content\/uploads\/2022\/05\/GN_2022_005-150x150.jpg\" class=\"attachment-thumbnail size-thumbnail\" alt=\"\" \/><\/a>\n\t\t\t<\/div><\/figure><figure class='gallery-item'>\n\t\t\t<div class='gallery-icon landscape'>\n\t\t\t\t<a href='https:\/\/korsarger3500.de\/wp-content\/uploads\/2022\/05\/GN_2022_013.jpg'><img loading=\"lazy\" decoding=\"async\" width=\"150\" height=\"150\" src=\"https:\/\/korsarger3500.de\/wp-content\/uploads\/2022\/05\/GN_2022_013-150x150.jpg\" class=\"attachment-thumbnail size-thumbnail\" alt=\"\" \/><\/a>\n\t\t\t<\/div><\/figure><figure class='gallery-item'>\n\t\t\t<div class='gallery-icon landscape'>\n\t\t\t\t<a href='https:\/\/korsarger3500.de\/wp-content\/uploads\/2022\/05\/GN_2022_011.jpg'><img loading=\"lazy\" decoding=\"async\" width=\"150\" height=\"150\" src=\"https:\/\/korsarger3500.de\/wp-content\/uploads\/2022\/05\/GN_2022_011-150x150.jpg\" class=\"attachment-thumbnail size-thumbnail\" alt=\"\" \/><\/a>\n\t\t\t<\/div><\/figure><figure class='gallery-item'>\n\t\t\t<div class='gallery-icon landscape'>\n\t\t\t\t<a href='https:\/\/korsarger3500.de\/wp-content\/uploads\/2022\/05\/GN_2022_014.jpg'><img loading=\"lazy\" decoding=\"async\" width=\"150\" height=\"150\" src=\"https:\/\/korsarger3500.de\/wp-content\/uploads\/2022\/05\/GN_2022_014-150x150.jpg\" class=\"attachment-thumbnail size-thumbnail\" alt=\"\" \/><\/a>\n\t\t\t<\/div><\/figure><figure class='gallery-item'>\n\t\t\t<div class='gallery-icon landscape'>\n\t\t\t\t<a href='https:\/\/korsarger3500.de\/wp-content\/uploads\/2022\/05\/GN_2022_008.jpg'><img loading=\"lazy\" decoding=\"async\" width=\"150\" height=\"150\" src=\"https:\/\/korsarger3500.de\/wp-content\/uploads\/2022\/05\/GN_2022_008-150x150.jpg\" class=\"attachment-thumbnail size-thumbnail\" alt=\"\" \/><\/a>\n\t\t\t<\/div><\/figure><figure class='gallery-item'>\n\t\t\t<div class='gallery-icon portrait'>\n\t\t\t\t<a href='https:\/\/korsarger3500.de\/wp-content\/uploads\/2022\/05\/GN_2022_022.jpg'><img loading=\"lazy\" decoding=\"async\" width=\"150\" height=\"150\" src=\"https:\/\/korsarger3500.de\/wp-content\/uploads\/2022\/05\/GN_2022_022-150x150.jpg\" class=\"attachment-thumbnail size-thumbnail\" alt=\"\" \/><\/a>\n\t\t\t<\/div><\/figure><figure class='gallery-item'>\n\t\t\t<div class='gallery-icon portrait'>\n\t\t\t\t<a href='https:\/\/korsarger3500.de\/wp-content\/uploads\/2022\/05\/GN_2022_020.jpg'><img loading=\"lazy\" decoding=\"async\" width=\"150\" height=\"150\" src=\"https:\/\/korsarger3500.de\/wp-content\/uploads\/2022\/05\/GN_2022_020-150x150.jpg\" class=\"attachment-thumbnail size-thumbnail\" alt=\"\" \/><\/a>\n\t\t\t<\/div><\/figure><figure class='gallery-item'>\n\t\t\t<div class='gallery-icon portrait'>\n\t\t\t\t<a href='https:\/\/korsarger3500.de\/wp-content\/uploads\/2022\/05\/GN_2022_023.jpg'><img loading=\"lazy\" decoding=\"async\" width=\"150\" height=\"150\" src=\"https:\/\/korsarger3500.de\/wp-content\/uploads\/2022\/05\/GN_2022_023-150x150.jpg\" class=\"attachment-thumbnail size-thumbnail\" alt=\"\" \/><\/a>\n\t\t\t<\/div><\/figure><figure class='gallery-item'>\n\t\t\t<div class='gallery-icon landscape'>\n\t\t\t\t<a href='https:\/\/korsarger3500.de\/wp-content\/uploads\/2022\/05\/GN_2022_028.jpg'><img loading=\"lazy\" decoding=\"async\" width=\"150\" height=\"150\" src=\"https:\/\/korsarger3500.de\/wp-content\/uploads\/2022\/05\/GN_2022_028-150x150.jpg\" class=\"attachment-thumbnail size-thumbnail\" alt=\"\" \/><\/a>\n\t\t\t<\/div><\/figure><figure class='gallery-item'>\n\t\t\t<div class='gallery-icon landscape'>\n\t\t\t\t<a href='https:\/\/korsarger3500.de\/wp-content\/uploads\/2022\/05\/GN_2022_026.jpg'><img loading=\"lazy\" decoding=\"async\" width=\"150\" height=\"150\" src=\"https:\/\/korsarger3500.de\/wp-content\/uploads\/2022\/05\/GN_2022_026-150x150.jpg\" class=\"attachment-thumbnail size-thumbnail\" alt=\"\" \/><\/a>\n\t\t\t<\/div><\/figure><figure class='gallery-item'>\n\t\t\t<div class='gallery-icon landscape'>\n\t\t\t\t<a href='https:\/\/korsarger3500.de\/wp-content\/uploads\/2022\/05\/GN_2022_043.jpg'><img loading=\"lazy\" decoding=\"async\" width=\"150\" height=\"150\" src=\"https:\/\/korsarger3500.de\/wp-content\/uploads\/2022\/05\/GN_2022_043-150x150.jpg\" class=\"attachment-thumbnail size-thumbnail\" alt=\"\" \/><\/a>\n\t\t\t<\/div><\/figure><figure class='gallery-item'>\n\t\t\t<div class='gallery-icon landscape'>\n\t\t\t\t<a href='https:\/\/korsarger3500.de\/wp-content\/uploads\/2022\/05\/GN_2022_040.jpg'><img loading=\"lazy\" decoding=\"async\" width=\"150\" height=\"150\" src=\"https:\/\/korsarger3500.de\/wp-content\/uploads\/2022\/05\/GN_2022_040-150x150.jpg\" class=\"attachment-thumbnail size-thumbnail\" alt=\"\" \/><\/a>\n\t\t\t<\/div><\/figure><figure class='gallery-item'>\n\t\t\t<div class='gallery-icon landscape'>\n\t\t\t\t<a href='https:\/\/korsarger3500.de\/wp-content\/uploads\/2022\/05\/GN_2022_036.jpg'><img loading=\"lazy\" decoding=\"async\" width=\"150\" height=\"150\" src=\"https:\/\/korsarger3500.de\/wp-content\/uploads\/2022\/05\/GN_2022_036-150x150.jpg\" class=\"attachment-thumbnail size-thumbnail\" alt=\"wie die Gro\u00dfen ...\" \/><\/a>\n\t\t\t<\/div><\/figure><figure class='gallery-item'>\n\t\t\t<div class='gallery-icon landscape'>\n\t\t\t\t<a href='https:\/\/korsarger3500.de\/wp-content\/uploads\/2022\/05\/GN_2022_035.jpg'><img loading=\"lazy\" decoding=\"async\" width=\"150\" height=\"150\" src=\"https:\/\/korsarger3500.de\/wp-content\/uploads\/2022\/05\/GN_2022_035-150x150.jpg\" class=\"attachment-thumbnail size-thumbnail\" alt=\"\" \/><\/a>\n\t\t\t<\/div><\/figure><figure class='gallery-item'>\n\t\t\t<div class='gallery-icon landscape'>\n\t\t\t\t<a href='https:\/\/korsarger3500.de\/wp-content\/uploads\/2022\/05\/GN_2022_030.jpg'><img loading=\"lazy\" decoding=\"async\" width=\"150\" height=\"150\" src=\"https:\/\/korsarger3500.de\/wp-content\/uploads\/2022\/05\/GN_2022_030-150x150.jpg\" class=\"attachment-thumbnail size-thumbnail\" alt=\"\" \/><\/a>\n\t\t\t<\/div><\/figure><figure class='gallery-item'>\n\t\t\t<div class='gallery-icon landscape'>\n\t\t\t\t<a href='https:\/\/korsarger3500.de\/wp-content\/uploads\/2022\/05\/GN_2022_032.jpg'><img loading=\"lazy\" decoding=\"async\" width=\"150\" height=\"150\" src=\"https:\/\/korsarger3500.de\/wp-content\/uploads\/2022\/05\/GN_2022_032-150x150.jpg\" class=\"attachment-thumbnail size-thumbnail\" alt=\"\" \/><\/a>\n\t\t\t<\/div><\/figure><figure class='gallery-item'>\n\t\t\t<div class='gallery-icon landscape'>\n\t\t\t\t<a href='https:\/\/korsarger3500.de\/wp-content\/uploads\/2022\/05\/GN_2022_029.jpg'><img loading=\"lazy\" decoding=\"async\" width=\"150\" height=\"150\" src=\"https:\/\/korsarger3500.de\/wp-content\/uploads\/2022\/05\/GN_2022_029-150x150.jpg\" class=\"attachment-thumbnail size-thumbnail\" alt=\"\" \/><\/a>\n\t\t\t<\/div><\/figure><figure class='gallery-item'>\n\t\t\t<div class='gallery-icon landscape'>\n\t\t\t\t<a href='https:\/\/korsarger3500.de\/wp-content\/uploads\/2022\/05\/GN_2022_6002.jpg'><img loading=\"lazy\" decoding=\"async\" width=\"150\" height=\"150\" src=\"https:\/\/korsarger3500.de\/wp-content\/uploads\/2022\/05\/GN_2022_6002-150x150.jpg\" class=\"attachment-thumbnail size-thumbnail\" alt=\"\" \/><\/a>\n\t\t\t<\/div><\/figure><figure class='gallery-item'>\n\t\t\t<div class='gallery-icon landscape'>\n\t\t\t\t<a href='https:\/\/korsarger3500.de\/wp-content\/uploads\/2022\/05\/GN_2022_003.jpg'><img loading=\"lazy\" decoding=\"async\" width=\"150\" height=\"150\" src=\"https:\/\/korsarger3500.de\/wp-content\/uploads\/2022\/05\/GN_2022_003-150x150.jpg\" class=\"attachment-thumbnail size-thumbnail\" alt=\"\" \/><\/a>\n\t\t\t<\/div><\/figure><figure class='gallery-item'>\n\t\t\t<div class='gallery-icon landscape'>\n\t\t\t\t<a href='https:\/\/korsarger3500.de\/wp-content\/uploads\/2022\/05\/GN_2022_001.jpg'><img loading=\"lazy\" decoding=\"async\" width=\"150\" height=\"150\" src=\"https:\/\/korsarger3500.de\/wp-content\/uploads\/2022\/05\/GN_2022_001-150x150.jpg\" class=\"attachment-thumbnail size-thumbnail\" alt=\"\" \/><\/a>\n\t\t\t<\/div><\/figure><figure class='gallery-item'>\n\t\t\t<div class='gallery-icon landscape'>\n\t\t\t\t<a href='https:\/\/korsarger3500.de\/wp-content\/uploads\/2022\/05\/GN_2022_002.jpg'><img loading=\"lazy\" decoding=\"async\" width=\"150\" height=\"150\" src=\"https:\/\/korsarger3500.de\/wp-content\/uploads\/2022\/05\/GN_2022_002-150x150.jpg\" class=\"attachment-thumbnail size-thumbnail\" alt=\"\" \/><\/a>\n\t\t\t<\/div><\/figure><figure class='gallery-item'>\n\t\t\t<div class='gallery-icon landscape'>\n\t\t\t\t<a href='https:\/\/korsarger3500.de\/wp-content\/uploads\/2022\/05\/GN_2022_044.jpg'><img loading=\"lazy\" decoding=\"async\" width=\"150\" height=\"150\" src=\"https:\/\/korsarger3500.de\/wp-content\/uploads\/2022\/05\/GN_2022_044-150x150.jpg\" class=\"attachment-thumbnail size-thumbnail\" alt=\"\" \/><\/a>\n\t\t\t<\/div><\/figure><figure class='gallery-item'>\n\t\t\t<div class='gallery-icon landscape'>\n\t\t\t\t<a href='https:\/\/korsarger3500.de\/wp-content\/uploads\/2022\/05\/GN_2022_048.jpg'><img loading=\"lazy\" decoding=\"async\" width=\"150\" height=\"150\" src=\"https:\/\/korsarger3500.de\/wp-content\/uploads\/2022\/05\/GN_2022_048-150x150.jpg\" class=\"attachment-thumbnail size-thumbnail\" alt=\"\" \/><\/a>\n\t\t\t<\/div><\/figure><figure class='gallery-item'>\n\t\t\t<div class='gallery-icon landscape'>\n\t\t\t\t<a href='https:\/\/korsarger3500.de\/wp-content\/uploads\/2022\/05\/GN_2022_034.jpg'><img loading=\"lazy\" decoding=\"async\" width=\"150\" height=\"150\" src=\"https:\/\/korsarger3500.de\/wp-content\/uploads\/2022\/05\/GN_2022_034-150x150.jpg\" class=\"attachment-thumbnail size-thumbnail\" alt=\"\" \/><\/a>\n\t\t\t<\/div><\/figure>\n\t\t<\/div>\n\n<p>ah-so gewonnen haben alle die da waren &#8230;<\/p>\n<p><a href=\"https:\/\/korsarger3500.de\/index.php\/hufeisenpokal-eggenstein-2022\/\">weiter<\/a>\u00a0\u2026oder zur\u00a0<a href=\"http:\/\/korsarger3500.de\/\">Startseite<\/a><\/p>\n<p>&nbsp;<\/p>\n","protected":false},"excerpt":{"rendered":"<p>Ich komm grad gar nicht mehr an meinen See. Gerade noch war ich in Inheiden und schwupp geht es auch schon nach Graben-Neudorf. Skipper lies sich in der Zwischenzeit fast gar nicht bei mir sehen. Na ja es gab ja auch, abgesehen vom Handbremshebel am Trailer, nichts zu reparieren oder zu verbessern. Wir sind dann &hellip; <a href=\"https:\/\/korsarger3500.de\/index.php\/spargel-cup-graben-neudorf-2022\/\" class=\"more-link\"><span class=\"screen-reader-text\">Spargel-Cup Graben-Neudorf 2022<\/span> weiterlesen<\/a><\/p>\n","protected":false},"author":1,"featured_media":0,"parent":0,"menu_order":0,"comment_status":"closed","ping_status":"closed","template":"","meta":{"footnotes":""},"class_list":["post-7604","page","type-page","status-publish","hentry"],"_links":{"self":[{"href":"https:\/\/korsarger3500.de\/index.php\/wp-json\/wp\/v2\/pages\/7604","targetHints":{"allow":["GET"]}}],"collection":[{"href":"https:\/\/korsarger3500.de\/index.php\/wp-json\/wp\/v2\/pages"}],"about":[{"href":"https:\/\/korsarger3500.de\/index.php\/wp-json\/wp\/v2\/types\/page"}],"author":[{"embeddable":true,"href":"https:\/\/korsarger3500.de\/index.php\/wp-json\/wp\/v2\/users\/1"}],"replies":[{"embeddable":true,"href":"https:\/\/korsarger3500.de\/index.php\/wp-json\/wp\/v2\/comments?post=7604"}],"version-history":[{"count":17,"href":"https:\/\/korsarger3500.de\/index.php\/wp-json\/wp\/v2\/pages\/7604\/revisions"}],"predecessor-version":[{"id":7756,"href":"https:\/\/korsarger3500.de\/index.php\/wp-json\/wp\/v2\/pages\/7604\/revisions\/7756"}],"wp:attachment":[{"href":"https:\/\/korsarger3500.de\/index.php\/wp-json\/wp\/v2\/media?parent=7604"}],"curies":[{"name":"wp","href":"https:\/\/api.w.org\/{rel}","templated":true}]}}