{"id":7528,"date":"2022-03-30T13:20:04","date_gmt":"2022-03-30T11:20:04","guid":{"rendered":"https:\/\/korsarger3500.de\/?page_id=7528"},"modified":"2025-11-13T09:01:42","modified_gmt":"2025-11-13T08:01:42","slug":"regatta-2022","status":"publish","type":"page","link":"https:\/\/korsarger3500.de\/index.php\/regatta-2022\/","title":{"rendered":"Regatta 2022"},"content":{"rendered":"<p style=\"text-align: justify;\"><a href=\"https:\/\/korsarger3500.de\/wp-content\/uploads\/2022\/03\/Jouet.jpg\" data-lbwps-width=\"945\" data-lbwps-height=\"1260\" data-lbwps-srcsmall=\"https:\/\/korsarger3500.de\/wp-content\/uploads\/2022\/03\/Jouet-225x300.jpg\"><img loading=\"lazy\" decoding=\"async\" class=\"size-thumbnail wp-image-7533 alignleft\" src=\"https:\/\/korsarger3500.de\/wp-content\/uploads\/2022\/03\/Jouet-150x150.jpg\" alt=\"\" width=\"150\" height=\"150\" \/><\/a>Das gabs bislang aber noch gar nicht. Ich war nicht das erste Schiff auf meinem See nach der Winterpause. Da war doch glatt eine der, wie Skipper immer sagt, &#8222;Spei\u00dfb\u00fctten&#8220;\u00a0 vor mir auf dem Wasser. Und das beim sch\u00f6nsten Segelwetter. Was ist denn da blos mit der Crew los? Skipper hat doch \u00fcber Winter die lange Liste, die er sich letzten Herbst geschrieben hat, fast ganz abgearbeitet. Die Sache mit dem Deck \u00fcberarbeiten und Rumpf laminieren hat er sich wohl f\u00fcr n\u00e4chsten Winter aufgehoben. Es geht doch schon bald nach Liblar und er muss doch alle Verbesserungen vorher austesten. Vielleicht liegt es ja daran das die Crew seit ein paar Tagen auf dem Dickschiff herum turnt welches hier auch auf dem Platz seit l\u00e4ngerem vor sich hin gammelt. Die Turnerei hatte dann auch mal ein Ende und ich wurde zum segeln fertig gemacht. Wir sind dann zwei Nachmittage gesegelt und haben<a href=\"https:\/\/korsarger3500.de\/wp-content\/uploads\/2022\/03\/Jouet_Scheff.jpg\" data-lbwps-width=\"1680\" data-lbwps-height=\"945\" data-lbwps-srcsmall=\"https:\/\/korsarger3500.de\/wp-content\/uploads\/2022\/03\/Jouet_Scheff-300x169.jpg\"><img loading=\"lazy\" decoding=\"async\" class=\"size-thumbnail wp-image-7540 alignright\" src=\"https:\/\/korsarger3500.de\/wp-content\/uploads\/2022\/03\/Jouet_Scheff-150x150.jpg\" alt=\"\" width=\"150\" height=\"150\" \/><\/a> alles ausprobiert. Teilweise war sogar sch\u00f6ner Trapezwind. Es kann also jetzt losgehen. Was die beiden auf dem Dickschiff wollten und warum die das pikobello sauber gemacht haben w\u00fcrde mich schon noch interessieren. Die werden doch wohl nicht&#8230; Die Tour nach Liblar hat uns dann das schlechte Wetter in Kombination mit Corona vermasselt. Schade, und zum Training an den Goldkanal darf ich auch nicht mit. Da f\u00e4hrt Skipper alleine hin weil die Schottin was anderes vor hat. Aber bis zum Fr\u00fchjahrestreff in Inheiden ist ja nicht mehr lange hin.<\/p>\n<p><a href=\"https:\/\/korsarger3500.de\/index.php\/fruehjahrstreff-inheiden-2022\/\">Fr\u00fchjahrstreff Inheiden 2022<\/a><\/p>\n<p><a href=\"https:\/\/korsarger3500.de\/index.php\/fruehjahrstreff-inheiden-2022\/\"><img loading=\"lazy\" decoding=\"async\" class=\"alignnone wp-image-7603 size-medium\" src=\"https:\/\/korsarger3500.de\/wp-content\/uploads\/2022\/05\/Inheiden_2022_001-1-300x225.jpg\" alt=\"\" width=\"300\" height=\"225\" srcset=\"https:\/\/korsarger3500.de\/wp-content\/uploads\/2022\/05\/Inheiden_2022_001-1-300x225.jpg 300w, https:\/\/korsarger3500.de\/wp-content\/uploads\/2022\/05\/Inheiden_2022_001-1-1024x768.jpg 1024w, https:\/\/korsarger3500.de\/wp-content\/uploads\/2022\/05\/Inheiden_2022_001-1-768x576.jpg 768w, https:\/\/korsarger3500.de\/wp-content\/uploads\/2022\/05\/Inheiden_2022_001-1-1536x1152.jpg 1536w, https:\/\/korsarger3500.de\/wp-content\/uploads\/2022\/05\/Inheiden_2022_001-1.jpg 1680w\" sizes=\"auto, (max-width: 300px) 100vw, 300px\" \/><\/a><\/p>\n<p><a href=\"https:\/\/korsarger3500.de\/index.php\/spargel-cup-graben-neudorf-2022\/\">Spargelcup Graben-Neudorf 2022<\/a><\/p>\n<p><a href=\"https:\/\/korsarger3500.de\/index.php\/spargel-cup-graben-neudorf-2022\/\"><img loading=\"lazy\" decoding=\"async\" class=\"alignnone wp-image-7607 size-medium\" src=\"https:\/\/korsarger3500.de\/wp-content\/uploads\/2022\/05\/GN_2022_6008-300x225.jpg\" alt=\"\" width=\"300\" height=\"225\" srcset=\"https:\/\/korsarger3500.de\/wp-content\/uploads\/2022\/05\/GN_2022_6008-300x225.jpg 300w, https:\/\/korsarger3500.de\/wp-content\/uploads\/2022\/05\/GN_2022_6008-1024x768.jpg 1024w, https:\/\/korsarger3500.de\/wp-content\/uploads\/2022\/05\/GN_2022_6008-768x576.jpg 768w, https:\/\/korsarger3500.de\/wp-content\/uploads\/2022\/05\/GN_2022_6008-1536x1152.jpg 1536w, https:\/\/korsarger3500.de\/wp-content\/uploads\/2022\/05\/GN_2022_6008.jpg 1680w\" sizes=\"auto, (max-width: 300px) 100vw, 300px\" \/><\/a><\/p>\n<p><a href=\"https:\/\/korsarger3500.de\/index.php\/hufeisenpokal-eggenstein-2022\/\">Hufeisenpokal Eggenstein 2022<\/a><\/p>\n<p><a href=\"https:\/\/korsarger3500.de\/index.php\/hufeisenpokal-eggenstein-2022\/\"><img loading=\"lazy\" decoding=\"async\" class=\"alignnone wp-image-7653 size-medium\" src=\"https:\/\/korsarger3500.de\/wp-content\/uploads\/2022\/05\/Eggenstein_2022_A01-300x200.jpg\" alt=\"\" width=\"300\" height=\"200\" srcset=\"https:\/\/korsarger3500.de\/wp-content\/uploads\/2022\/05\/Eggenstein_2022_A01-300x200.jpg 300w, https:\/\/korsarger3500.de\/wp-content\/uploads\/2022\/05\/Eggenstein_2022_A01-1024x683.jpg 1024w, https:\/\/korsarger3500.de\/wp-content\/uploads\/2022\/05\/Eggenstein_2022_A01-768x512.jpg 768w, https:\/\/korsarger3500.de\/wp-content\/uploads\/2022\/05\/Eggenstein_2022_A01-1536x1024.jpg 1536w, https:\/\/korsarger3500.de\/wp-content\/uploads\/2022\/05\/Eggenstein_2022_A01.jpg 1680w\" sizes=\"auto, (max-width: 300px) 100vw, 300px\" \/><\/a><\/p>\n<p><a href=\"https:\/\/korsarger3500.de\/index.php\/7-schwaben-regatta-am-alpsee-2022\/\">7-Schwaben am Alpsee 2022<\/a><\/p>\n<p><a href=\"https:\/\/korsarger3500.de\/index.php\/7-schwaben-regatta-am-alpsee-2022\/\"><img loading=\"lazy\" decoding=\"async\" class=\"alignnone size-medium wp-image-8074\" src=\"https:\/\/korsarger3500.de\/wp-content\/uploads\/2022\/09\/7_Schwaben_2022_34-300x225.jpg\" alt=\"\" width=\"300\" height=\"225\" srcset=\"https:\/\/korsarger3500.de\/wp-content\/uploads\/2022\/09\/7_Schwaben_2022_34-300x225.jpg 300w, https:\/\/korsarger3500.de\/wp-content\/uploads\/2022\/09\/7_Schwaben_2022_34-1024x768.jpg 1024w, https:\/\/korsarger3500.de\/wp-content\/uploads\/2022\/09\/7_Schwaben_2022_34-768x576.jpg 768w, https:\/\/korsarger3500.de\/wp-content\/uploads\/2022\/09\/7_Schwaben_2022_34-1536x1152.jpg 1536w, https:\/\/korsarger3500.de\/wp-content\/uploads\/2022\/09\/7_Schwaben_2022_34.jpg 1680w\" sizes=\"auto, (max-width: 300px) 100vw, 300px\" \/><\/a><\/p>\n<p><a href=\"https:\/\/korsarger3500.de\/index.php\/cremant-cup-am-langener-waldsee-2022\/\">Cremant-Cup am Langener Waldsee 2022<\/a><\/p>\n<p><a href=\"https:\/\/korsarger3500.de\/index.php\/cremant-cup-am-langener-waldsee-2022\/\"><img loading=\"lazy\" decoding=\"async\" class=\"wp-image-8668 size-medium alignnone\" src=\"https:\/\/korsarger3500.de\/wp-content\/uploads\/2023\/07\/CremantCup_2022-300x213.jpg\" alt=\"\" width=\"300\" height=\"213\" srcset=\"https:\/\/korsarger3500.de\/wp-content\/uploads\/2023\/07\/CremantCup_2022-300x213.jpg 300w, https:\/\/korsarger3500.de\/wp-content\/uploads\/2023\/07\/CremantCup_2022.jpg 551w\" sizes=\"auto, (max-width: 300px) 100vw, 300px\" \/><\/a><\/p>\n<p style=\"text-align: justify;\">Irgendwie hat das mit den Regattateilnahmen diese Jahr nicht klappen wollen. Zum RCR konnte ich nicht, die Kuhschelle die Auerhahn und der Trichter haben\u00a0 ohne mich stattgefunden. Und auch zum Cremant-Cup nach Langen hat Skipper mich nicht mitnehmen k\u00f6nnen. An eine Reise an den Comer- oder Gardasee war gar nicht zu denken. Hier zu Hause wurde ich viel fr\u00fcher als sonst in die Garagenwerft gebracht. Das lag dann aber an mir, da ein Refit von meinem Rumpf anstand. Skipper wollte die Risse in meinem Rumpf, die sich immer wieder auftun, beseitigen. Daf\u00fcr brauchte er einige Wochen Zeit und es sollte noch nicht so kalt sein. Ich hing dann bald in den Seilen und es ging mir an den Lack, aber das steht an <a href=\"https:\/\/korsarger3500.de\/index.php\/rumpf-laminieren\/\">anderer Stelle<\/a>.<\/p>\n<p><img loading=\"lazy\" decoding=\"async\" class=\"wp-image-8091 size-thumbnail alignnone\" style=\"text-align: justify;\" src=\"https:\/\/korsarger3500.de\/wp-content\/uploads\/2022\/09\/Rumpf_Laminieren_03-150x150.jpg\" alt=\"\" width=\"150\" height=\"150\" \/><\/p>\n<p><a href=\"https:\/\/korsarger3500.de\/index.php\/regatta-2023\/\">Weiter<\/a>\u2026 oder zur\u00a0<a href=\"https:\/\/korsarger3500.de\/\">Startseite<\/a><\/p>\n","protected":false},"excerpt":{"rendered":"<p>Das gabs bislang aber noch gar nicht. Ich war nicht das erste Schiff auf meinem See nach der Winterpause. Da war doch glatt eine der, wie Skipper immer sagt, &#8222;Spei\u00dfb\u00fctten&#8220;\u00a0 vor mir auf dem Wasser. Und das beim sch\u00f6nsten Segelwetter. Was ist denn da blos mit der Crew los? Skipper hat doch \u00fcber Winter die &hellip; <a href=\"https:\/\/korsarger3500.de\/index.php\/regatta-2022\/\" class=\"more-link\"><span class=\"screen-reader-text\">Regatta 2022<\/span> weiterlesen<\/a><\/p>\n","protected":false},"author":1,"featured_media":0,"parent":0,"menu_order":0,"comment_status":"closed","ping_status":"closed","template":"","meta":{"footnotes":""},"class_list":["post-7528","page","type-page","status-publish","hentry"],"_links":{"self":[{"href":"https:\/\/korsarger3500.de\/index.php\/wp-json\/wp\/v2\/pages\/7528","targetHints":{"allow":["GET"]}}],"collection":[{"href":"https:\/\/korsarger3500.de\/index.php\/wp-json\/wp\/v2\/pages"}],"about":[{"href":"https:\/\/korsarger3500.de\/index.php\/wp-json\/wp\/v2\/types\/page"}],"author":[{"embeddable":true,"href":"https:\/\/korsarger3500.de\/index.php\/wp-json\/wp\/v2\/users\/1"}],"replies":[{"embeddable":true,"href":"https:\/\/korsarger3500.de\/index.php\/wp-json\/wp\/v2\/comments?post=7528"}],"version-history":[{"count":33,"href":"https:\/\/korsarger3500.de\/index.php\/wp-json\/wp\/v2\/pages\/7528\/revisions"}],"predecessor-version":[{"id":9771,"href":"https:\/\/korsarger3500.de\/index.php\/wp-json\/wp\/v2\/pages\/7528\/revisions\/9771"}],"wp:attachment":[{"href":"https:\/\/korsarger3500.de\/index.php\/wp-json\/wp\/v2\/media?parent=7528"}],"curies":[{"name":"wp","href":"https:\/\/api.w.org\/{rel}","templated":true}]}}