{"id":751,"date":"2016-02-23T17:06:25","date_gmt":"2016-02-23T16:06:25","guid":{"rendered":"http:\/\/korsarger3500.de\/?page_id=751"},"modified":"2023-12-18T08:13:09","modified_gmt":"2023-12-18T07:13:09","slug":"sauertalsperre","status":"publish","type":"page","link":"https:\/\/korsarger3500.de\/index.php\/sauertalsperre\/","title":{"rendered":"Sauertalsperre"},"content":{"rendered":"<p style=\"text-align: justify;\">Meine erste Tour ging nach Luxemburg an die Sauertalsperre. <a href=\"https:\/\/korsarger3500.de\/wp-content\/uploads\/2016\/02\/Luxemburg_20.jpg\" rel=\"attachment wp-att-708\" data-lbwps-width=\"2048\" data-lbwps-height=\"1536\" data-lbwps-srcsmall=\"https:\/\/korsarger3500.de\/wp-content\/uploads\/2016\/02\/Luxemburg_20-300x225.jpg\"><img loading=\"lazy\" decoding=\"async\" class=\"alignright wp-image-708 size-medium\" src=\"https:\/\/korsarger3500.de\/wp-content\/uploads\/2016\/02\/Luxemburg_20-300x225.jpg\" alt=\"Luxemburg Staumauer\" width=\"300\" height=\"225\" srcset=\"https:\/\/korsarger3500.de\/wp-content\/uploads\/2016\/02\/Luxemburg_20-300x225.jpg 300w, https:\/\/korsarger3500.de\/wp-content\/uploads\/2016\/02\/Luxemburg_20-768x576.jpg 768w, https:\/\/korsarger3500.de\/wp-content\/uploads\/2016\/02\/Luxemburg_20-1024x768.jpg 1024w, https:\/\/korsarger3500.de\/wp-content\/uploads\/2016\/02\/Luxemburg_20.jpg 2048w\" sizes=\"auto, (max-width: 300px) 100vw, 300px\" \/><\/a>Auf dem Weg dorthin sind wir nat\u00fcrlich nicht \u00fcber die Autobahn geheizt, sondern durch das sch\u00f6ne Mullerthal immer an der Sauer vorbei bis nach Esch-sur-S\u00fbre an die Staumauer und dann weiter bis nach Liefrange. Da die Crew schon Jahrzehnte an diesen See zum Tauchen f\u00e4hrt und die verschieden Strecken dorthin gut kennt, konnte ich mich voll auf die sch\u00f6ne Landschaft konzentrieren und brauchte mir wegen der engen und kurvigen Stra\u00dfen keine Sorgen zu machen. Dort angekommen wurden wir von Serge, dem Vorsitzenden des <a href=\"http:\/\/www.ycl.lu\">Yacht Club du Grand-Duch\u00e9 de Luxembourg<\/a>, herzlich Willkommen gehei\u00dfen. Ich bekam sogar einen richtigen Liegeplatz zwischen den anderen Jollen. Da liegen einige\u00a0PONANTs, das sind Jollen die mit Spinnaker und Trapez gesegelt werden, also so wie ich. Allerdings haben die einen Knickspantrumpf und sehen daher bei weitem nicht so schnittig aus wie ich.\u00a0 Die Sauertalsperre ist ein Stausee der als Trinkwasserreservoir f\u00fcr das<a href=\"https:\/\/korsarger3500.de\/wp-content\/uploads\/2016\/02\/Karte-Liefrange.jpg\" rel=\"attachment wp-att-807\" data-lbwps-width=\"1104\" data-lbwps-height=\"764\" data-lbwps-srcsmall=\"https:\/\/korsarger3500.de\/wp-content\/uploads\/2016\/02\/Karte-Liefrange-300x208.jpg\"><img loading=\"lazy\" decoding=\"async\" class=\"alignleft wp-image-807 size-thumbnail\" src=\"https:\/\/korsarger3500.de\/wp-content\/uploads\/2016\/02\/Karte-Liefrange-150x150.jpg\" alt=\"Kartenauschnitt Liefrange\" width=\"150\" height=\"150\" \/><\/a> Land Luxemburg dient. Der See hat eine Fl\u00e4che von 3,8 Quadratkilometern und ist bis zu 43\u00a0Meter tief. Er schl\u00e4ngelt sich etliche Kilometer durchs Tal und hat einige Seitenarme. Auf dem gr\u00f6\u00dften Teil der Wasserfl\u00e4che ist jegliche Aktivit\u00e4t verboten wegen der Trinkwassergewinnung. Der Bereich auf dem Wassersport betrieben werden kann ist aber gro\u00df genug um dort mit Jollen zu segeln. Die Fl\u00e4che, auf der Regatten gesegelt werden, ist min. 500 m breit und<a href=\"https:\/\/korsarger3500.de\/wp-content\/uploads\/2016\/02\/Segelfl\u00e4che-1.jpg\" rel=\"attachment wp-att-813\" data-lbwps-width=\"1079\" data-lbwps-height=\"802\" data-lbwps-srcsmall=\"https:\/\/korsarger3500.de\/wp-content\/uploads\/2016\/02\/Segelfl\u00e4che-1-300x223.jpg\"><img loading=\"lazy\" decoding=\"async\" class=\"alignright wp-image-813 size-thumbnail\" src=\"https:\/\/korsarger3500.de\/wp-content\/uploads\/2016\/02\/Segelfl\u00e4che-1-150x150.jpg\" alt=\"besegelbare Fl\u00e4che\" width=\"150\" height=\"150\" \/><\/a> 2000 m lang.\u00a0Die PONANT-Flotte tr\u00e4gt dort regelm\u00e4\u00dfig Regatten aus. Da der Wind meist aus westlicher Richtung weht und sich auch durch das Tal schl\u00e4ngeln muss, kann es sehr turbulent werden. Bei meinem Besuch war Nieselregen und wenig Wind angesagt. Den See aber einmal von einer ganz anderen Seite (\u00fcber Wasser) kennenzulernen war f\u00fcr die Crew ein tolles Erlebnis, wir sind zu Stellen gesegelt die man von Land aus nicht erreichen kann.<\/p>\n<div id='gallery-1' class='gallery galleryid-751 gallery-columns-4 gallery-size-thumbnail'><figure class='gallery-item'>\n\t\t\t<div class='gallery-icon landscape'>\n\t\t\t\t<a href='https:\/\/korsarger3500.de\/wp-content\/uploads\/2016\/02\/Karte-Luxemburg.jpg'><img loading=\"lazy\" decoding=\"async\" width=\"150\" height=\"150\" src=\"https:\/\/korsarger3500.de\/wp-content\/uploads\/2016\/02\/Karte-Luxemburg-150x150.jpg\" class=\"attachment-thumbnail size-thumbnail\" alt=\"Karte Luxemburg\" \/><\/a>\n\t\t\t<\/div><\/figure><figure class='gallery-item'>\n\t\t\t<div class='gallery-icon landscape'>\n\t\t\t\t<a href='https:\/\/korsarger3500.de\/wp-content\/uploads\/2016\/02\/Luxemburg_18.jpg'><img loading=\"lazy\" decoding=\"async\" width=\"150\" height=\"150\" src=\"https:\/\/korsarger3500.de\/wp-content\/uploads\/2016\/02\/Luxemburg_18-150x150.jpg\" class=\"attachment-thumbnail size-thumbnail\" alt=\"Sauertal\" \/><\/a>\n\t\t\t<\/div><\/figure><figure class='gallery-item'>\n\t\t\t<div class='gallery-icon landscape'>\n\t\t\t\t<a href='https:\/\/korsarger3500.de\/wp-content\/uploads\/2016\/02\/Luxemburg_01.jpg'><img loading=\"lazy\" decoding=\"async\" width=\"150\" height=\"150\" src=\"https:\/\/korsarger3500.de\/wp-content\/uploads\/2016\/02\/Luxemburg_01-150x150.jpg\" class=\"attachment-thumbnail size-thumbnail\" alt=\"Fuchsfeld\" \/><\/a>\n\t\t\t<\/div><\/figure><figure class='gallery-item'>\n\t\t\t<div class='gallery-icon landscape'>\n\t\t\t\t<a href='https:\/\/korsarger3500.de\/wp-content\/uploads\/2016\/02\/Luxemburg_06.jpg'><img loading=\"lazy\" decoding=\"async\" width=\"150\" height=\"150\" src=\"https:\/\/korsarger3500.de\/wp-content\/uploads\/2016\/02\/Luxemburg_06-150x150.jpg\" class=\"attachment-thumbnail size-thumbnail\" alt=\"Liegeplatz Yacht Club du Grand-Duch\u00e9 de Luxembourg\" \/><\/a>\n\t\t\t<\/div><\/figure><figure class='gallery-item'>\n\t\t\t<div class='gallery-icon landscape'>\n\t\t\t\t<a href='https:\/\/korsarger3500.de\/wp-content\/uploads\/2016\/02\/Luxemburg_05.jpg'><img loading=\"lazy\" decoding=\"async\" width=\"150\" height=\"150\" src=\"https:\/\/korsarger3500.de\/wp-content\/uploads\/2016\/02\/Luxemburg_05-150x150.jpg\" class=\"attachment-thumbnail size-thumbnail\" alt=\"Liegeplatz Yacht Club du Grand-Duch\u00e9 de Luxembourg\" \/><\/a>\n\t\t\t<\/div><\/figure><figure class='gallery-item'>\n\t\t\t<div class='gallery-icon landscape'>\n\t\t\t\t<a href='https:\/\/korsarger3500.de\/wp-content\/uploads\/2016\/02\/Luxemburg_14.jpg'><img loading=\"lazy\" decoding=\"async\" width=\"150\" height=\"150\" src=\"https:\/\/korsarger3500.de\/wp-content\/uploads\/2016\/02\/Luxemburg_14-150x150.jpg\" class=\"attachment-thumbnail size-thumbnail\" alt=\"Rast bei den Tauchern\" \/><\/a>\n\t\t\t<\/div><\/figure><figure class='gallery-item'>\n\t\t\t<div class='gallery-icon landscape'>\n\t\t\t\t<a href='https:\/\/korsarger3500.de\/wp-content\/uploads\/2016\/02\/Luxemburg_12.jpg'><img loading=\"lazy\" decoding=\"async\" width=\"150\" height=\"150\" src=\"https:\/\/korsarger3500.de\/wp-content\/uploads\/2016\/02\/Luxemburg_12-150x150.jpg\" class=\"attachment-thumbnail size-thumbnail\" alt=\"Luxemburg Seeblick\" \/><\/a>\n\t\t\t<\/div><\/figure><figure class='gallery-item'>\n\t\t\t<div class='gallery-icon landscape'>\n\t\t\t\t<a href='https:\/\/korsarger3500.de\/wp-content\/uploads\/2016\/02\/Luxemburg_07.jpg'><img loading=\"lazy\" decoding=\"async\" width=\"150\" height=\"150\" src=\"https:\/\/korsarger3500.de\/wp-content\/uploads\/2016\/02\/Luxemburg_07-150x150.jpg\" class=\"attachment-thumbnail size-thumbnail\" alt=\"Slipanlage Steg\" \/><\/a>\n\t\t\t<\/div><\/figure><figure class='gallery-item'>\n\t\t\t<div class='gallery-icon landscape'>\n\t\t\t\t<a href='https:\/\/korsarger3500.de\/wp-content\/uploads\/2016\/02\/Luxemburg_08.jpg'><img loading=\"lazy\" decoding=\"async\" width=\"150\" height=\"150\" src=\"https:\/\/korsarger3500.de\/wp-content\/uploads\/2016\/02\/Luxemburg_08-150x150.jpg\" class=\"attachment-thumbnail size-thumbnail\" alt=\"Starthaus Yacht Club du Grand-Duch\u00e9 de Luxembourg\" \/><\/a>\n\t\t\t<\/div><\/figure><figure class='gallery-item'>\n\t\t\t<div class='gallery-icon landscape'>\n\t\t\t\t<a href='https:\/\/korsarger3500.de\/wp-content\/uploads\/2016\/02\/Luxemburg_02.jpg'><img loading=\"lazy\" decoding=\"async\" width=\"150\" height=\"150\" src=\"https:\/\/korsarger3500.de\/wp-content\/uploads\/2016\/02\/Luxemburg_02-150x150.jpg\" class=\"attachment-thumbnail size-thumbnail\" alt=\"Zeltplatz Heiderscheid\" \/><\/a>\n\t\t\t<\/div><\/figure><figure class='gallery-item'>\n\t\t\t<div class='gallery-icon landscape'>\n\t\t\t\t<a href='https:\/\/korsarger3500.de\/wp-content\/uploads\/2016\/02\/Luxemburg_17.jpg'><img loading=\"lazy\" decoding=\"async\" width=\"150\" height=\"150\" src=\"https:\/\/korsarger3500.de\/wp-content\/uploads\/2016\/02\/Luxemburg_17-150x150.jpg\" class=\"attachment-thumbnail size-thumbnail\" alt=\"Zeltplatz Heiderscheid\" \/><\/a>\n\t\t\t<\/div><\/figure><figure class='gallery-item'>\n\t\t\t<div class='gallery-icon landscape'>\n\t\t\t\t<a href='https:\/\/korsarger3500.de\/wp-content\/uploads\/2016\/02\/Luxemburg_see.jpg'><img loading=\"lazy\" decoding=\"async\" width=\"150\" height=\"150\" src=\"https:\/\/korsarger3500.de\/wp-content\/uploads\/2016\/02\/Luxemburg_see-150x150.jpg\" class=\"attachment-thumbnail size-thumbnail\" alt=\"See in Luxemburg\" \/><\/a>\n\t\t\t<\/div><\/figure><figure class='gallery-item'>\n\t\t\t<div class='gallery-icon landscape'>\n\t\t\t\t<a href='https:\/\/korsarger3500.de\/wp-content\/uploads\/2016\/02\/Ponant_1.jpg'><img loading=\"lazy\" decoding=\"async\" width=\"150\" height=\"150\" src=\"https:\/\/korsarger3500.de\/wp-content\/uploads\/2016\/02\/Ponant_1-150x150.jpg\" class=\"attachment-thumbnail size-thumbnail\" alt=\"Ponant Regatta\" \/><\/a>\n\t\t\t<\/div><\/figure><figure class='gallery-item'>\n\t\t\t<div class='gallery-icon landscape'>\n\t\t\t\t<a href='https:\/\/korsarger3500.de\/wp-content\/uploads\/2016\/02\/Ponant_2.jpg'><img loading=\"lazy\" decoding=\"async\" width=\"150\" height=\"150\" src=\"https:\/\/korsarger3500.de\/wp-content\/uploads\/2016\/02\/Ponant_2-150x150.jpg\" class=\"attachment-thumbnail size-thumbnail\" alt=\"Ponant Regatta\" \/><\/a>\n\t\t\t<\/div><\/figure><figure class='gallery-item'>\n\t\t\t<div class='gallery-icon landscape'>\n\t\t\t\t<a href='https:\/\/korsarger3500.de\/wp-content\/uploads\/2016\/02\/Ponant_3.jpg'><img loading=\"lazy\" decoding=\"async\" width=\"150\" height=\"150\" src=\"https:\/\/korsarger3500.de\/wp-content\/uploads\/2016\/02\/Ponant_3-150x150.jpg\" class=\"attachment-thumbnail size-thumbnail\" alt=\"Ponant Regatta\" \/><\/a>\n\t\t\t<\/div><\/figure>\n\t\t<\/div>\n\n<p><a href=\"http:\/\/korsarger3500.de\/index.php\/steinhuder-meer\/\">weiter &#8230;<\/a><\/p>\n","protected":false},"excerpt":{"rendered":"<p>Meine erste Tour ging nach Luxemburg an die Sauertalsperre. Auf dem Weg dorthin sind wir nat\u00fcrlich nicht \u00fcber die Autobahn geheizt, sondern durch das sch\u00f6ne Mullerthal immer an der Sauer vorbei bis nach Esch-sur-S\u00fbre an die Staumauer und dann weiter bis nach Liefrange. Da die Crew schon Jahrzehnte an diesen See zum Tauchen f\u00e4hrt und &hellip; <a href=\"https:\/\/korsarger3500.de\/index.php\/sauertalsperre\/\" class=\"more-link\"><span class=\"screen-reader-text\">Sauertalsperre<\/span> weiterlesen<\/a><\/p>\n","protected":false},"author":1,"featured_media":0,"parent":0,"menu_order":0,"comment_status":"closed","ping_status":"closed","template":"","meta":{"footnotes":""},"class_list":["post-751","page","type-page","status-publish","hentry"],"_links":{"self":[{"href":"https:\/\/korsarger3500.de\/index.php\/wp-json\/wp\/v2\/pages\/751","targetHints":{"allow":["GET"]}}],"collection":[{"href":"https:\/\/korsarger3500.de\/index.php\/wp-json\/wp\/v2\/pages"}],"about":[{"href":"https:\/\/korsarger3500.de\/index.php\/wp-json\/wp\/v2\/types\/page"}],"author":[{"embeddable":true,"href":"https:\/\/korsarger3500.de\/index.php\/wp-json\/wp\/v2\/users\/1"}],"replies":[{"embeddable":true,"href":"https:\/\/korsarger3500.de\/index.php\/wp-json\/wp\/v2\/comments?post=751"}],"version-history":[{"count":13,"href":"https:\/\/korsarger3500.de\/index.php\/wp-json\/wp\/v2\/pages\/751\/revisions"}],"predecessor-version":[{"id":810,"href":"https:\/\/korsarger3500.de\/index.php\/wp-json\/wp\/v2\/pages\/751\/revisions\/810"}],"wp:attachment":[{"href":"https:\/\/korsarger3500.de\/index.php\/wp-json\/wp\/v2\/media?parent=751"}],"curies":[{"name":"wp","href":"https:\/\/api.w.org\/{rel}","templated":true}]}}