{"id":7280,"date":"2021-11-13T11:19:49","date_gmt":"2021-11-13T10:19:49","guid":{"rendered":"https:\/\/korsarger3500.de\/?page_id=7280"},"modified":"2022-06-10T11:17:08","modified_gmt":"2022-06-10T09:17:08","slug":"trichterregatta-am-brombachsee-2021","status":"publish","type":"page","link":"https:\/\/korsarger3500.de\/index.php\/trichterregatta-am-brombachsee-2021\/","title":{"rendered":"Trichterregatta am Brombachsee 2021"},"content":{"rendered":"<p style=\"text-align: justify;\">Eine Regatta nach der anderen, Schlag auf Schlag, da kommt man ja gar nicht zum Ausruhen, aber ich mag ja auch nicht ruhen sondern segeln und deshalb war ich froh, als wir Freitags zur Trichter Regatta an den gro\u00dfen Brombachsee gefahren sind. Wir waren zeitig dort und ich wurde auch gleich aufgebaut. <em>vajra<\/em> und <em>Rennschnegge <\/em>waren auch schon da, <em>0815, Traumschiff, Destiny<\/em> und einige andere kamen kurze Zeit sp\u00e4ter dazu. Die Crew machte sich dann gleich auf den Weg ins Clubhaus des YCN, wo die Young Generation schon flei\u00dfig am Spaghetti kochen war. Auch sonst war einiges mehr auf jugendlichen Fortschritt getrimmt. Die Impfausweise wurden digital erfasst, die Anmeldung war digital, aber die <a href=\"https:\/\/korsarger3500.de\/wp-content\/uploads\/2021\/10\/Trichter_2021_02.jpg\" data-lbwps-width=\"1680\" data-lbwps-height=\"945\" data-lbwps-srcsmall=\"https:\/\/korsarger3500.de\/wp-content\/uploads\/2021\/10\/Trichter_2021_02-300x169.jpg\"><img loading=\"lazy\" decoding=\"async\" class=\"size-thumbnail wp-image-7350 alignleft\" src=\"https:\/\/korsarger3500.de\/wp-content\/uploads\/2021\/10\/Trichter_2021_02-150x150.jpg\" alt=\"\" width=\"150\" height=\"150\" \/><\/a>Bierstrichliste, die war noch wie immer klassisch analog und hervorragend vorbereitet auf Bl\u00e4ttern (Papier) in einer Mappe. Der Abend war wie immer sehr gesellig und die Crew ist dann irgendwann mal zu ihrer Pension aufgebrochen. Am Samstag hab ich dann zun\u00e4chst ein paar mir unbekannte Schiffe gesehen. Da waren zwei Schiffe mit dem Schriftzug www.redSALING.at wobei ich noch nicht herausgefunden<a href=\"https:\/\/korsarger3500.de\/wp-content\/uploads\/2021\/10\/Trichter_2021_45.jpg\" data-lbwps-width=\"1493\" data-lbwps-height=\"1120\" data-lbwps-srcsmall=\"https:\/\/korsarger3500.de\/wp-content\/uploads\/2021\/10\/Trichter_2021_45-300x225.jpg\"><img loading=\"lazy\" decoding=\"async\" class=\"size-thumbnail wp-image-7365 alignright\" src=\"https:\/\/korsarger3500.de\/wp-content\/uploads\/2021\/10\/Trichter_2021_45-150x150.jpg\" alt=\"\" width=\"150\" height=\"150\" \/><\/a> habe, wie die beiden hei\u00dfen und warum ein Schiff den Namen des Samurai <em>HATTORI HANZO <\/em>tr\u00e4gt werde ich bestimmt auch noch in Erfahrung bringen. Die Steuermannsbesprechung fand auf der Wiese zwischen den Clubh\u00e4usern statt. Der Wettfahrtleiter zog danach aber gleich auch die Startverschiebung hoch, denn der See war spiegelglatt. Dann hie\u00df es warten auf Wind. Das Wasser auf dem See kr\u00e4uselte sich immer mal wieder, aber nur an einzelnen Stellen. Am sp\u00e4ten Nachmittag wollte es die Wettfahrtleitung dann doch probieren, da auf der Westseite des Sees etwas Wind zu sehen war und schickte uns auf die Bahn. Diese lag ganz ungewohnt \u00fcber die kurze Seite des Sees. Es dauerte dann aber noch eine Weile, bis die Tonnen und die Startlinie lagen, denn der Wind drehte immer hin und her. Wir sind dann schlie\u00dflich doch gestartet und hatten mit dem 14 Platz ein gutes Ergebnis in diesem Feld erzielt. Beim zweiten Lauf waren die B\u00f6en irgendwie immer auf der Seite der Bahn, auf der wir gerade nicht waren, und auch die Dreher passten uns nicht. So kamen wir nur als 20. ins Ziel. Mit vereinten Kr\u00e4ften und helfenden H\u00e4nden wurde ich die steile Slipbahn hinaufgezogen und kam schlie\u00dflich bei meinem Stellplatz an. Nach einer kurzen Verschnaufpause baute die Crew mich ab und gesellte sich bald zu den anderen am Clubhaus. Diese Jahr gab es wieder den traditionellen H\u00e4hnchenwagen und auch lecker Schupfnudeln. Es konnte noch im Freien gegessen werden, denn die Temperaturen waren angenehm. Anschlie\u00dfend haben die Kids, so werden diejenigen die unter 30 sind genannt, noch die Segelbilder des Tages an die Leinwand geworfen. und zu sp\u00e4ter Stunde haben sie dann drau\u00dfen das Lagerfeuer angemacht. Meine Crew machte sich da gerade auf die Socken zur Pension. Es wurde am n\u00e4chsten Tag berichtet, dass die Kids nur U 30 in ihre Runde lie\u00dfen. Einzig der Skipper von Sgt.Peper durfte dazu, da er des Gitarrenspielens m\u00e4chtig ist. Sonntags, am fr\u00fchen Morgen, lag zun\u00e4chst Nebel \u00fcber dem See und es sah gar <a href=\"https:\/\/korsarger3500.de\/wp-content\/uploads\/2019\/09\/PrinzvonBaden_24.jpg\" data-lbwps-width=\"1680\" data-lbwps-height=\"1260\" data-lbwps-srcsmall=\"https:\/\/korsarger3500.de\/wp-content\/uploads\/2019\/09\/PrinzvonBaden_24-300x225.jpg\"><img loading=\"lazy\" decoding=\"async\" class=\"size-thumbnail wp-image-6258 alignleft\" src=\"https:\/\/korsarger3500.de\/wp-content\/uploads\/2019\/09\/PrinzvonBaden_24-150x150.jpg\" alt=\"\" width=\"150\" height=\"150\" \/><\/a>nicht danach aus, dass sich noch Wind einstellen sollte. Als Skipper so zwischen den Schiffen umher schlenderte<a href=\"https:\/\/korsarger3500.de\/wp-content\/uploads\/2021\/10\/Trichter_2021_38.jpg\" data-lbwps-width=\"1493\" data-lbwps-height=\"1120\" data-lbwps-srcsmall=\"https:\/\/korsarger3500.de\/wp-content\/uploads\/2021\/10\/Trichter_2021_38-300x225.jpg\"><img loading=\"lazy\" decoding=\"async\" class=\"size-thumbnail wp-image-7363 alignright\" src=\"https:\/\/korsarger3500.de\/wp-content\/uploads\/2021\/10\/Trichter_2021_38-150x150.jpg\" alt=\"\" width=\"150\" height=\"150\" \/><\/a> dachte er, er h\u00e4tte ein d\u00e9j\u00e0 vu, denn da stand doch <em>Prinz von Baden<\/em> mit dem selben Loch, das er im schon einmal letztes Jahr repariert hatte. Als er dann genauer nachschaute, sah er aber,\u00a0 dass es nur fast das selbe Loch war. Wie die Bilder sich doch gleichen. Wenigsten hat die Stelle, die er ausgebessert hatte, gehalten. Es sollte an diesem Vormittag ein weiterer Lauf gestartet werden und ich wurde segelfertig ins Wasser geschoben. Die Crew hatte fest vor sich noch ein paar Pl\u00e4tze zu verbessern, aber es sollte anders kommen. Anstatt nach vorne segelten sie mich im\u00a0 Feld weiter nach hinten, so dass wir schlie\u00dflich als 24. ins Ziel kamen. Damit waren die beiden nat\u00fcrlich gar nicht zufrieden und gr\u00fcbelten, w\u00e4hrend ich angebaut wurde, noch eine Weile dr\u00fcber nach, wo sie denn die Fehler gemacht hatten.\u00a0 Als ich verpackt war, ging es zur Siegerehrung und die Crew war dann doch sehr erstaunt, dass in der Summe noch ein 18.ter Platz herauskam. Das hie\u00df, dass viele andere auch schlechte Ergebnisse eingefahren hatten und so die Reihenfolge vom Vortag noch einmal m\u00e4chtig durch gew\u00fcrfelt wurde. Nach der Siegerehrung ging es dann schnell auf die Stra\u00dfe. Die Heimreise vom Brombachsee ist f\u00fcr uns doch sehr lang &#8211; aber es lohnt sich.<\/p>\n<p>Hier gibt es noch ein paar Bilder<\/p>\n<div id='gallery-1' class='gallery galleryid-7280 gallery-columns-4 gallery-size-thumbnail'><figure class='gallery-item'>\n\t\t\t<div class='gallery-icon landscape'>\n\t\t\t\t<a href='https:\/\/korsarger3500.de\/wp-content\/uploads\/2021\/10\/Trichter_2021_115.jpg'><img loading=\"lazy\" decoding=\"async\" width=\"150\" height=\"150\" src=\"https:\/\/korsarger3500.de\/wp-content\/uploads\/2021\/10\/Trichter_2021_115-150x150.jpg\" class=\"attachment-thumbnail size-thumbnail\" alt=\"\" \/><\/a>\n\t\t\t<\/div><\/figure><figure class='gallery-item'>\n\t\t\t<div class='gallery-icon landscape'>\n\t\t\t\t<a href='https:\/\/korsarger3500.de\/wp-content\/uploads\/2021\/10\/Trichter_2021_09.jpg'><img loading=\"lazy\" decoding=\"async\" width=\"150\" height=\"150\" src=\"https:\/\/korsarger3500.de\/wp-content\/uploads\/2021\/10\/Trichter_2021_09-150x150.jpg\" class=\"attachment-thumbnail size-thumbnail\" alt=\"\" \/><\/a>\n\t\t\t<\/div><\/figure><figure class='gallery-item'>\n\t\t\t<div class='gallery-icon landscape'>\n\t\t\t\t<a href='https:\/\/korsarger3500.de\/wp-content\/uploads\/2021\/10\/Trichter_2021_20.jpg'><img loading=\"lazy\" decoding=\"async\" width=\"150\" height=\"150\" src=\"https:\/\/korsarger3500.de\/wp-content\/uploads\/2021\/10\/Trichter_2021_20-150x150.jpg\" class=\"attachment-thumbnail size-thumbnail\" alt=\"\" \/><\/a>\n\t\t\t<\/div><\/figure><figure class='gallery-item'>\n\t\t\t<div class='gallery-icon landscape'>\n\t\t\t\t<a href='https:\/\/korsarger3500.de\/wp-content\/uploads\/2021\/10\/Trichter_2021_102.jpg'><img loading=\"lazy\" decoding=\"async\" width=\"150\" height=\"150\" src=\"https:\/\/korsarger3500.de\/wp-content\/uploads\/2021\/10\/Trichter_2021_102-150x150.jpg\" class=\"attachment-thumbnail size-thumbnail\" alt=\"\" \/><\/a>\n\t\t\t<\/div><\/figure><figure class='gallery-item'>\n\t\t\t<div class='gallery-icon landscape'>\n\t\t\t\t<a href='https:\/\/korsarger3500.de\/wp-content\/uploads\/2021\/10\/Trichter_2021_110.jpg'><img loading=\"lazy\" decoding=\"async\" width=\"150\" height=\"150\" src=\"https:\/\/korsarger3500.de\/wp-content\/uploads\/2021\/10\/Trichter_2021_110-150x150.jpg\" class=\"attachment-thumbnail size-thumbnail\" alt=\"\" \/><\/a>\n\t\t\t<\/div><\/figure><figure class='gallery-item'>\n\t\t\t<div class='gallery-icon landscape'>\n\t\t\t\t<a href='https:\/\/korsarger3500.de\/wp-content\/uploads\/2021\/10\/Trichter_2021_94.jpg'><img loading=\"lazy\" decoding=\"async\" width=\"150\" height=\"150\" src=\"https:\/\/korsarger3500.de\/wp-content\/uploads\/2021\/10\/Trichter_2021_94-150x150.jpg\" class=\"attachment-thumbnail size-thumbnail\" alt=\"\" \/><\/a>\n\t\t\t<\/div><\/figure><figure class='gallery-item'>\n\t\t\t<div class='gallery-icon landscape'>\n\t\t\t\t<a href='https:\/\/korsarger3500.de\/wp-content\/uploads\/2021\/10\/Trichter_2021_85.jpg'><img loading=\"lazy\" decoding=\"async\" width=\"150\" height=\"150\" src=\"https:\/\/korsarger3500.de\/wp-content\/uploads\/2021\/10\/Trichter_2021_85-150x150.jpg\" class=\"attachment-thumbnail size-thumbnail\" alt=\"\" \/><\/a>\n\t\t\t<\/div><\/figure><figure class='gallery-item'>\n\t\t\t<div class='gallery-icon landscape'>\n\t\t\t\t<a href='https:\/\/korsarger3500.de\/wp-content\/uploads\/2021\/10\/Trichter_2021_77.jpg'><img loading=\"lazy\" decoding=\"async\" width=\"150\" height=\"150\" src=\"https:\/\/korsarger3500.de\/wp-content\/uploads\/2021\/10\/Trichter_2021_77-150x150.jpg\" class=\"attachment-thumbnail size-thumbnail\" alt=\"\" \/><\/a>\n\t\t\t<\/div><\/figure><figure class='gallery-item'>\n\t\t\t<div class='gallery-icon landscape'>\n\t\t\t\t<a href='https:\/\/korsarger3500.de\/wp-content\/uploads\/2021\/10\/Trichter_2021_69.jpg'><img loading=\"lazy\" decoding=\"async\" width=\"150\" height=\"150\" src=\"https:\/\/korsarger3500.de\/wp-content\/uploads\/2021\/10\/Trichter_2021_69-150x150.jpg\" class=\"attachment-thumbnail size-thumbnail\" alt=\"\" \/><\/a>\n\t\t\t<\/div><\/figure><figure class='gallery-item'>\n\t\t\t<div class='gallery-icon landscape'>\n\t\t\t\t<a href='https:\/\/korsarger3500.de\/wp-content\/uploads\/2021\/10\/Trichter_2021_68.jpg'><img loading=\"lazy\" decoding=\"async\" width=\"150\" height=\"150\" src=\"https:\/\/korsarger3500.de\/wp-content\/uploads\/2021\/10\/Trichter_2021_68-150x150.jpg\" class=\"attachment-thumbnail size-thumbnail\" alt=\"\" \/><\/a>\n\t\t\t<\/div><\/figure><figure class='gallery-item'>\n\t\t\t<div class='gallery-icon landscape'>\n\t\t\t\t<a href='https:\/\/korsarger3500.de\/wp-content\/uploads\/2021\/10\/Trichter_2021_66.jpg'><img loading=\"lazy\" decoding=\"async\" width=\"150\" height=\"150\" src=\"https:\/\/korsarger3500.de\/wp-content\/uploads\/2021\/10\/Trichter_2021_66-150x150.jpg\" class=\"attachment-thumbnail size-thumbnail\" alt=\"\" \/><\/a>\n\t\t\t<\/div><\/figure><figure class='gallery-item'>\n\t\t\t<div class='gallery-icon landscape'>\n\t\t\t\t<a href='https:\/\/korsarger3500.de\/wp-content\/uploads\/2021\/10\/Trichter_2021_65.jpg'><img loading=\"lazy\" decoding=\"async\" width=\"150\" height=\"150\" src=\"https:\/\/korsarger3500.de\/wp-content\/uploads\/2021\/10\/Trichter_2021_65-150x150.jpg\" class=\"attachment-thumbnail size-thumbnail\" alt=\"\" \/><\/a>\n\t\t\t<\/div><\/figure><figure class='gallery-item'>\n\t\t\t<div class='gallery-icon landscape'>\n\t\t\t\t<a href='https:\/\/korsarger3500.de\/wp-content\/uploads\/2021\/10\/Trichter_2021_62.jpg'><img loading=\"lazy\" decoding=\"async\" width=\"150\" height=\"150\" src=\"https:\/\/korsarger3500.de\/wp-content\/uploads\/2021\/10\/Trichter_2021_62-150x150.jpg\" class=\"attachment-thumbnail size-thumbnail\" alt=\"\" \/><\/a>\n\t\t\t<\/div><\/figure><figure class='gallery-item'>\n\t\t\t<div class='gallery-icon landscape'>\n\t\t\t\t<a href='https:\/\/korsarger3500.de\/wp-content\/uploads\/2021\/10\/Trichter_2021_61.jpg'><img loading=\"lazy\" decoding=\"async\" width=\"150\" height=\"150\" src=\"https:\/\/korsarger3500.de\/wp-content\/uploads\/2021\/10\/Trichter_2021_61-150x150.jpg\" class=\"attachment-thumbnail size-thumbnail\" alt=\"\" \/><\/a>\n\t\t\t<\/div><\/figure><figure class='gallery-item'>\n\t\t\t<div class='gallery-icon landscape'>\n\t\t\t\t<a href='https:\/\/korsarger3500.de\/wp-content\/uploads\/2021\/10\/Trichter_2021_57.jpg'><img loading=\"lazy\" decoding=\"async\" width=\"150\" height=\"150\" src=\"https:\/\/korsarger3500.de\/wp-content\/uploads\/2021\/10\/Trichter_2021_57-150x150.jpg\" class=\"attachment-thumbnail size-thumbnail\" alt=\"\" \/><\/a>\n\t\t\t<\/div><\/figure><figure class='gallery-item'>\n\t\t\t<div class='gallery-icon landscape'>\n\t\t\t\t<a href='https:\/\/korsarger3500.de\/wp-content\/uploads\/2021\/10\/Trichter_2021_55.jpg'><img loading=\"lazy\" decoding=\"async\" width=\"150\" height=\"150\" src=\"https:\/\/korsarger3500.de\/wp-content\/uploads\/2021\/10\/Trichter_2021_55-150x150.jpg\" class=\"attachment-thumbnail size-thumbnail\" alt=\"\" \/><\/a>\n\t\t\t<\/div><\/figure><figure class='gallery-item'>\n\t\t\t<div class='gallery-icon landscape'>\n\t\t\t\t<a href='https:\/\/korsarger3500.de\/wp-content\/uploads\/2021\/10\/Trichter_2021_54.jpg'><img loading=\"lazy\" decoding=\"async\" width=\"150\" height=\"150\" src=\"https:\/\/korsarger3500.de\/wp-content\/uploads\/2021\/10\/Trichter_2021_54-150x150.jpg\" class=\"attachment-thumbnail size-thumbnail\" alt=\"\" \/><\/a>\n\t\t\t<\/div><\/figure><figure class='gallery-item'>\n\t\t\t<div class='gallery-icon landscape'>\n\t\t\t\t<a href='https:\/\/korsarger3500.de\/wp-content\/uploads\/2021\/10\/Trichter_2021_52.jpg'><img loading=\"lazy\" decoding=\"async\" width=\"150\" height=\"150\" src=\"https:\/\/korsarger3500.de\/wp-content\/uploads\/2021\/10\/Trichter_2021_52-150x150.jpg\" class=\"attachment-thumbnail size-thumbnail\" alt=\"\" \/><\/a>\n\t\t\t<\/div><\/figure><figure class='gallery-item'>\n\t\t\t<div class='gallery-icon landscape'>\n\t\t\t\t<a href='https:\/\/korsarger3500.de\/wp-content\/uploads\/2021\/10\/Trichter_2021_06.jpg'><img loading=\"lazy\" decoding=\"async\" width=\"150\" height=\"150\" src=\"https:\/\/korsarger3500.de\/wp-content\/uploads\/2021\/10\/Trichter_2021_06-150x150.jpg\" class=\"attachment-thumbnail size-thumbnail\" alt=\"\" \/><\/a>\n\t\t\t<\/div><\/figure><figure class='gallery-item'>\n\t\t\t<div class='gallery-icon landscape'>\n\t\t\t\t<a href='https:\/\/korsarger3500.de\/wp-content\/uploads\/2021\/10\/Trichter_2021_19.jpg'><img loading=\"lazy\" decoding=\"async\" width=\"150\" height=\"150\" src=\"https:\/\/korsarger3500.de\/wp-content\/uploads\/2021\/10\/Trichter_2021_19-150x150.jpg\" class=\"attachment-thumbnail size-thumbnail\" alt=\"\" \/><\/a>\n\t\t\t<\/div><\/figure><figure class='gallery-item'>\n\t\t\t<div class='gallery-icon landscape'>\n\t\t\t\t<a href='https:\/\/korsarger3500.de\/wp-content\/uploads\/2021\/10\/Trichter_2021_14.jpg'><img loading=\"lazy\" decoding=\"async\" width=\"150\" height=\"150\" src=\"https:\/\/korsarger3500.de\/wp-content\/uploads\/2021\/10\/Trichter_2021_14-150x150.jpg\" class=\"attachment-thumbnail size-thumbnail\" alt=\"\" \/><\/a>\n\t\t\t<\/div><\/figure><figure class='gallery-item'>\n\t\t\t<div class='gallery-icon landscape'>\n\t\t\t\t<a href='https:\/\/korsarger3500.de\/wp-content\/uploads\/2021\/10\/Trichter_2021_49.jpg'><img loading=\"lazy\" decoding=\"async\" width=\"150\" height=\"150\" src=\"https:\/\/korsarger3500.de\/wp-content\/uploads\/2021\/10\/Trichter_2021_49-150x150.jpg\" class=\"attachment-thumbnail size-thumbnail\" alt=\"\" \/><\/a>\n\t\t\t<\/div><\/figure><figure class='gallery-item'>\n\t\t\t<div class='gallery-icon landscape'>\n\t\t\t\t<a href='https:\/\/korsarger3500.de\/wp-content\/uploads\/2021\/10\/Trichter_2021_05.jpg'><img loading=\"lazy\" decoding=\"async\" width=\"150\" height=\"150\" src=\"https:\/\/korsarger3500.de\/wp-content\/uploads\/2021\/10\/Trichter_2021_05-150x150.jpg\" class=\"attachment-thumbnail size-thumbnail\" alt=\"\" \/><\/a>\n\t\t\t<\/div><\/figure><figure class='gallery-item'>\n\t\t\t<div class='gallery-icon landscape'>\n\t\t\t\t<a href='https:\/\/korsarger3500.de\/wp-content\/uploads\/2021\/10\/Trichter_2021_03.jpg'><img loading=\"lazy\" decoding=\"async\" width=\"150\" height=\"150\" src=\"https:\/\/korsarger3500.de\/wp-content\/uploads\/2021\/10\/Trichter_2021_03-150x150.jpg\" class=\"attachment-thumbnail size-thumbnail\" alt=\"\" \/><\/a>\n\t\t\t<\/div><\/figure><figure class='gallery-item'>\n\t\t\t<div class='gallery-icon portrait'>\n\t\t\t\t<a href='https:\/\/korsarger3500.de\/wp-content\/uploads\/2021\/10\/Trichter_2021_08.jpg'><img loading=\"lazy\" decoding=\"async\" width=\"150\" height=\"150\" src=\"https:\/\/korsarger3500.de\/wp-content\/uploads\/2021\/10\/Trichter_2021_08-150x150.jpg\" class=\"attachment-thumbnail size-thumbnail\" alt=\"\" \/><\/a>\n\t\t\t<\/div><\/figure><figure class='gallery-item'>\n\t\t\t<div class='gallery-icon landscape'>\n\t\t\t\t<a href='https:\/\/korsarger3500.de\/wp-content\/uploads\/2021\/10\/Trichter_2021_42.jpg'><img loading=\"lazy\" decoding=\"async\" width=\"150\" height=\"150\" src=\"https:\/\/korsarger3500.de\/wp-content\/uploads\/2021\/10\/Trichter_2021_42-150x150.jpg\" class=\"attachment-thumbnail size-thumbnail\" alt=\"\" \/><\/a>\n\t\t\t<\/div><\/figure><figure class='gallery-item'>\n\t\t\t<div class='gallery-icon landscape'>\n\t\t\t\t<a href='https:\/\/korsarger3500.de\/wp-content\/uploads\/2021\/10\/Trichter_2021_38.jpg'><img loading=\"lazy\" decoding=\"async\" width=\"150\" height=\"150\" src=\"https:\/\/korsarger3500.de\/wp-content\/uploads\/2021\/10\/Trichter_2021_38-150x150.jpg\" class=\"attachment-thumbnail size-thumbnail\" alt=\"\" \/><\/a>\n\t\t\t<\/div><\/figure><figure class='gallery-item'>\n\t\t\t<div class='gallery-icon landscape'>\n\t\t\t\t<a href='https:\/\/korsarger3500.de\/wp-content\/uploads\/2021\/10\/Trichter_2021_37.jpg'><img loading=\"lazy\" decoding=\"async\" width=\"150\" height=\"150\" src=\"https:\/\/korsarger3500.de\/wp-content\/uploads\/2021\/10\/Trichter_2021_37-150x150.jpg\" class=\"attachment-thumbnail size-thumbnail\" alt=\"\" \/><\/a>\n\t\t\t<\/div><\/figure><figure class='gallery-item'>\n\t\t\t<div class='gallery-icon landscape'>\n\t\t\t\t<a href='https:\/\/korsarger3500.de\/wp-content\/uploads\/2021\/10\/Trichter_2021_89.jpg'><img loading=\"lazy\" decoding=\"async\" width=\"150\" height=\"150\" src=\"https:\/\/korsarger3500.de\/wp-content\/uploads\/2021\/10\/Trichter_2021_89-150x150.jpg\" class=\"attachment-thumbnail size-thumbnail\" alt=\"\" \/><\/a>\n\t\t\t<\/div><\/figure><figure class='gallery-item'>\n\t\t\t<div class='gallery-icon landscape'>\n\t\t\t\t<a href='https:\/\/korsarger3500.de\/wp-content\/uploads\/2021\/10\/Trichter_2021_11.jpg'><img loading=\"lazy\" decoding=\"async\" width=\"150\" height=\"150\" src=\"https:\/\/korsarger3500.de\/wp-content\/uploads\/2021\/10\/Trichter_2021_11-150x150.jpg\" class=\"attachment-thumbnail size-thumbnail\" alt=\"\" \/><\/a>\n\t\t\t<\/div><\/figure><figure class='gallery-item'>\n\t\t\t<div class='gallery-icon landscape'>\n\t\t\t\t<a href='https:\/\/korsarger3500.de\/wp-content\/uploads\/2021\/10\/Trichter_2021_32.jpg'><img loading=\"lazy\" decoding=\"async\" width=\"150\" height=\"150\" src=\"https:\/\/korsarger3500.de\/wp-content\/uploads\/2021\/10\/Trichter_2021_32-150x150.jpg\" class=\"attachment-thumbnail size-thumbnail\" alt=\"\" \/><\/a>\n\t\t\t<\/div><\/figure><figure class='gallery-item'>\n\t\t\t<div class='gallery-icon landscape'>\n\t\t\t\t<a href='https:\/\/korsarger3500.de\/wp-content\/uploads\/2021\/10\/Trichter_2021_13.jpg'><img loading=\"lazy\" decoding=\"async\" width=\"150\" height=\"150\" src=\"https:\/\/korsarger3500.de\/wp-content\/uploads\/2021\/10\/Trichter_2021_13-150x150.jpg\" class=\"attachment-thumbnail size-thumbnail\" alt=\"\" \/><\/a>\n\t\t\t<\/div><\/figure>\n\t\t<\/div>\n\n<p>ah-so gewonnen hat <em>inteam <\/em>mit Jens und Birgit<\/p>\n<p><a href=\"https:\/\/korsarger3500.de\/wp-content\/uploads\/2022\/06\/2021_Trichter.jpg\" data-lbwps-width=\"925\" data-lbwps-height=\"786\" data-lbwps-srcsmall=\"https:\/\/korsarger3500.de\/wp-content\/uploads\/2022\/06\/2021_Trichter-300x255.jpg\">Ergebnis<\/a>\u00a0 \u00a0<a href=\"https:\/\/korsarger3500.de\/wp-content\/uploads\/2021\/10\/Korsar-Trichter-2021.pdf\">(PDF)<\/a><\/p>\n<p><a href=\"https:\/\/korsarger3500.de\/index.php\/cremant-cup-am-langener-waldsee-2021\/\">weiter<\/a> \u2026oder zur <a href=\"http:\/\/korsarger3500.de\/\">Startseite<\/a><\/p>\n","protected":false},"excerpt":{"rendered":"<p>Eine Regatta nach der anderen, Schlag auf Schlag, da kommt man ja gar nicht zum Ausruhen, aber ich mag ja auch nicht ruhen sondern segeln und deshalb war ich froh, als wir Freitags zur Trichter Regatta an den gro\u00dfen Brombachsee gefahren sind. Wir waren zeitig dort und ich wurde auch gleich aufgebaut. vajra und Rennschnegge &hellip; <a href=\"https:\/\/korsarger3500.de\/index.php\/trichterregatta-am-brombachsee-2021\/\" class=\"more-link\"><span class=\"screen-reader-text\">Trichterregatta am Brombachsee 2021<\/span> weiterlesen<\/a><\/p>\n","protected":false},"author":1,"featured_media":0,"parent":0,"menu_order":0,"comment_status":"closed","ping_status":"closed","template":"","meta":{"footnotes":""},"class_list":["post-7280","page","type-page","status-publish","hentry"],"_links":{"self":[{"href":"https:\/\/korsarger3500.de\/index.php\/wp-json\/wp\/v2\/pages\/7280","targetHints":{"allow":["GET"]}}],"collection":[{"href":"https:\/\/korsarger3500.de\/index.php\/wp-json\/wp\/v2\/pages"}],"about":[{"href":"https:\/\/korsarger3500.de\/index.php\/wp-json\/wp\/v2\/types\/page"}],"author":[{"embeddable":true,"href":"https:\/\/korsarger3500.de\/index.php\/wp-json\/wp\/v2\/users\/1"}],"replies":[{"embeddable":true,"href":"https:\/\/korsarger3500.de\/index.php\/wp-json\/wp\/v2\/comments?post=7280"}],"version-history":[{"count":26,"href":"https:\/\/korsarger3500.de\/index.php\/wp-json\/wp\/v2\/pages\/7280\/revisions"}],"predecessor-version":[{"id":7803,"href":"https:\/\/korsarger3500.de\/index.php\/wp-json\/wp\/v2\/pages\/7280\/revisions\/7803"}],"wp:attachment":[{"href":"https:\/\/korsarger3500.de\/index.php\/wp-json\/wp\/v2\/media?parent=7280"}],"curies":[{"name":"wp","href":"https:\/\/api.w.org\/{rel}","templated":true}]}}