{"id":7230,"date":"2021-11-13T11:20:05","date_gmt":"2021-11-13T10:20:05","guid":{"rendered":"https:\/\/korsarger3500.de\/?page_id=7230"},"modified":"2022-06-10T10:39:58","modified_gmt":"2022-06-10T08:39:58","slug":"7-schwaben-regatta-am-alpsee-2021","status":"publish","type":"page","link":"https:\/\/korsarger3500.de\/index.php\/7-schwaben-regatta-am-alpsee-2021\/","title":{"rendered":"7 Schwaben Regatta am Alpsee 2021"},"content":{"rendered":"<p style=\"text-align: justify;\">Als wir am Schluchsee losgefahren sind, hat es ja schon leicht geregnet, aber am Bodensee, auf der H\u00f6he von Meersburg, hat es dann so heftig gesch\u00fcttet, dass wir fast im Schritttempo fahren mussten. Mir macht das ja nichts und ich komme mit <span class=\"ILfuVd\"><span class=\"hgKElc\">Aquaplaning <\/span><\/span>hervorragend klar, aber der MX da vor mir bevorzugt dann doch die trockene Stra\u00dfe. So ging es dann nur sehr langsam voran und irgendwann gegen Abend trafen wir in B\u00fchl am Alpsee ein. Ich bekam einen Stellplatz auf dem Hof der Pension und wurde ordentlich schr\u00e4g gestellt, denn f\u00fcr die n\u00e4chsten Tage war weiterhin Regen angesagt. Jetzt bew\u00e4hrte sich auch die neue Persenning, die Skipper letzten Winter gen\u00e4ht hatte. Die Crew machte dann am Montag eine ausgiebige Shoppingrunde durch Immenstadt und am Dienstag einen Ausflug zum Zwuckel nach Stuttgart. Ab Mittwoch war dann endlich sch\u00f6nes Wetter und ich konnte auf das Gel\u00e4nde des SCAI um dort aufgebaut zu werden. Nachdem wir bei sch\u00f6nem Ostwind ausgiebig \u00fcber den See geheizt sind, musste die Crew mal eine Segelpause einlegen. Diese wurde dann kurzerhand genutzt, um mit dem Wettfahrtleiter zusammen das Gel\u00e4nde zu m\u00e4hen. Anschlie\u00dfend sind wir <a href=\"https:\/\/korsarger3500.de\/wp-content\/uploads\/2021\/10\/SiebenSchwaben_2021_13.jpg\" data-lbwps-width=\"1493\" data-lbwps-height=\"1120\" data-lbwps-srcsmall=\"https:\/\/korsarger3500.de\/wp-content\/uploads\/2021\/10\/SiebenSchwaben_2021_13-300x225.jpg\"><img loading=\"lazy\" decoding=\"async\" class=\"size-thumbnail wp-image-7319 alignright\" src=\"https:\/\/korsarger3500.de\/wp-content\/uploads\/2021\/10\/SiebenSchwaben_2021_13-150x150.jpg\" alt=\"\" width=\"150\" height=\"150\" \/><\/a>wieder der Abendsonne entgegen\u00a0 \u00fcber den Alpsee ged\u00fcst, bis der Hunger die Crew zu einer Vesper ans Land trieb. Donnerstags bekamen wir zwischen den Segelrunden noch Besuch von der Crew des alten Klassenclowns, der immer noch keinen neuen Namen tr\u00e4gt. Freitags war der Ostwind dann noch etwas b\u00f6iger als die Tage davor, aber wir hatten trotzdem jede Menge Spa\u00df. Irgendwann verdrillte sich aber der Fockwickler und die Genua lie\u00df sich weder auf noch zu wickeln. Die Schottin meinte noch, dass es besser w\u00e4re, zum den Steg zu fahren aber Skipper segelte mich in den Windschatten hinter die B\u00e4ume am Ostufer. Dort hat er dann die Genua gel\u00f6st und etwas herabgelassen, damit die Spannung vom Wickler genommen wird. Pl\u00f6tzlich kam eine B\u00f6 und erfasste die Genua und eh die Crew reagieren konnte, hatte ich sie komplett unter meinem Rumpf am Schwert h\u00e4ngen. Ich hatte gleichzeitig auch noch Fahrt aufgenommen und so bekam sie beim herausziehen aus dem Wasser etliche heftige Knicke ab. Jetzt ist sie endg\u00fcltig im Eimer, maulte Skipper mit sich selber. Also muss f\u00fcr n\u00e4chstes Jahr wohl eine neue angeschafft werden. Dann war auch dieser sonst so sch\u00f6ne Segeltag leider schon vor\u00fcber und w\u00e4hrend ich zum trocknen auf der Wiese stand trudelten einige Schiffe mit ihren Crews ein. Am Abend wurde dann ein Alpseelagerfeuer entfacht, um das sich die Crews versammelten. Samstags gingen dann, nach langem warten, 13 Schiffe bei ganz wenig Wind an den Start. W\u00e4hrend der Wettfahrt schlief der Wind immer mehr ein und war auch noch sehr unterschiedlich \u00fcber den See verteilt. <em>Balu<\/em> und wir rundeten die Leetonne fast gemeinsam und hatten nur noch die Zielkreuz vor uns. <em>Balu<\/em> segelte an den rechten Rand des Sees auf eine Stelle zu,\u00a0 wo sich gar kein Wasser kr\u00e4uselte und meine Crew blieb in der Mitte des Sees. Wir konnten beide einen Anlieger zur Zieltonne fahren, <em>Balu <\/em>aber dann pl\u00f6tzlich mit Wind und wir leider ohne. Zum Ende drehte schlie\u00dflich der Wind um fast 180 Grad, so dass man sogar mit Spi durch das Ziel fahren konnte. Und das war es dann auch schon mit den 7 Schwaben 2021, denn am darauf folgenden Sonntag war der Seen den ganzen Vormittag spiegelglatt. Da hatte ich aber diese Woche noch das meiste Gl\u00fcck, konnten ich doch zuvor drei tolle Segeltage am Alpsee erleben. Jetzt hie\u00df es gem\u00fctlich abriggen und einpacken, denn f\u00fcr den n\u00e4chsten Tag war die Heimreise geplant. Es wurde, bei sch\u00f6nstem Wetter, eine kurzweilige Fahrt \u00fcber Land und ging es zun\u00e4chst wieder nach Stuttgart um einen Kurzaufenthalt beim Zwuckel einzulegen.<\/p>\n<p>hier noch ein paar Eindr\u00fccke der Woche<\/p>\n<div id='gallery-1' class='gallery galleryid-7230 gallery-columns-4 gallery-size-thumbnail'><figure class='gallery-item'>\n\t\t\t<div class='gallery-icon landscape'>\n\t\t\t\t<a href='https:\/\/korsarger3500.de\/wp-content\/uploads\/2021\/10\/SiebenSchwaben_2021_05.jpg'><img loading=\"lazy\" decoding=\"async\" width=\"150\" height=\"150\" src=\"https:\/\/korsarger3500.de\/wp-content\/uploads\/2021\/10\/SiebenSchwaben_2021_05-150x150.jpg\" class=\"attachment-thumbnail size-thumbnail\" alt=\"\" \/><\/a>\n\t\t\t<\/div><\/figure><figure class='gallery-item'>\n\t\t\t<div class='gallery-icon landscape'>\n\t\t\t\t<a href='https:\/\/korsarger3500.de\/wp-content\/uploads\/2021\/10\/SiebenSchwaben_2021_18.jpg'><img loading=\"lazy\" decoding=\"async\" width=\"150\" height=\"150\" src=\"https:\/\/korsarger3500.de\/wp-content\/uploads\/2021\/10\/SiebenSchwaben_2021_18-150x150.jpg\" class=\"attachment-thumbnail size-thumbnail\" alt=\"\" \/><\/a>\n\t\t\t<\/div><\/figure><figure class='gallery-item'>\n\t\t\t<div class='gallery-icon landscape'>\n\t\t\t\t<a href='https:\/\/korsarger3500.de\/wp-content\/uploads\/2021\/10\/SiebenSchwaben_2021_13.jpg'><img loading=\"lazy\" decoding=\"async\" width=\"150\" height=\"150\" src=\"https:\/\/korsarger3500.de\/wp-content\/uploads\/2021\/10\/SiebenSchwaben_2021_13-150x150.jpg\" class=\"attachment-thumbnail size-thumbnail\" alt=\"\" \/><\/a>\n\t\t\t<\/div><\/figure><figure class='gallery-item'>\n\t\t\t<div class='gallery-icon landscape'>\n\t\t\t\t<a href='https:\/\/korsarger3500.de\/wp-content\/uploads\/2021\/10\/SiebenSchwaben_2021_22.jpg'><img loading=\"lazy\" decoding=\"async\" width=\"150\" height=\"150\" src=\"https:\/\/korsarger3500.de\/wp-content\/uploads\/2021\/10\/SiebenSchwaben_2021_22-150x150.jpg\" class=\"attachment-thumbnail size-thumbnail\" alt=\"\" \/><\/a>\n\t\t\t<\/div><\/figure><figure class='gallery-item'>\n\t\t\t<div class='gallery-icon landscape'>\n\t\t\t\t<a href='https:\/\/korsarger3500.de\/wp-content\/uploads\/2021\/10\/SiebenSchwaben_2021_21.jpg'><img loading=\"lazy\" decoding=\"async\" width=\"150\" height=\"150\" src=\"https:\/\/korsarger3500.de\/wp-content\/uploads\/2021\/10\/SiebenSchwaben_2021_21-150x150.jpg\" class=\"attachment-thumbnail size-thumbnail\" alt=\"\" \/><\/a>\n\t\t\t<\/div><\/figure><figure class='gallery-item'>\n\t\t\t<div class='gallery-icon landscape'>\n\t\t\t\t<a href='https:\/\/korsarger3500.de\/wp-content\/uploads\/2021\/10\/SiebenSchwaben_2021_20.jpg'><img loading=\"lazy\" decoding=\"async\" width=\"150\" height=\"150\" src=\"https:\/\/korsarger3500.de\/wp-content\/uploads\/2021\/10\/SiebenSchwaben_2021_20-150x150.jpg\" class=\"attachment-thumbnail size-thumbnail\" alt=\"\" \/><\/a>\n\t\t\t<\/div><\/figure><figure class='gallery-item'>\n\t\t\t<div class='gallery-icon landscape'>\n\t\t\t\t<a href='https:\/\/korsarger3500.de\/wp-content\/uploads\/2021\/10\/SiebenSchwaben_2021_29.jpg'><img loading=\"lazy\" decoding=\"async\" width=\"150\" height=\"150\" src=\"https:\/\/korsarger3500.de\/wp-content\/uploads\/2021\/10\/SiebenSchwaben_2021_29-150x150.jpg\" class=\"attachment-thumbnail size-thumbnail\" alt=\"\" \/><\/a>\n\t\t\t<\/div><\/figure><figure class='gallery-item'>\n\t\t\t<div class='gallery-icon landscape'>\n\t\t\t\t<a href='https:\/\/korsarger3500.de\/wp-content\/uploads\/2021\/10\/SiebenSchwaben_2021_39.jpg'><img loading=\"lazy\" decoding=\"async\" width=\"150\" height=\"150\" src=\"https:\/\/korsarger3500.de\/wp-content\/uploads\/2021\/10\/SiebenSchwaben_2021_39-150x150.jpg\" class=\"attachment-thumbnail size-thumbnail\" alt=\"\" \/><\/a>\n\t\t\t<\/div><\/figure><figure class='gallery-item'>\n\t\t\t<div class='gallery-icon landscape'>\n\t\t\t\t<a href='https:\/\/korsarger3500.de\/wp-content\/uploads\/2021\/10\/SiebenSchwaben_2021_38.jpg'><img loading=\"lazy\" decoding=\"async\" width=\"150\" height=\"150\" src=\"https:\/\/korsarger3500.de\/wp-content\/uploads\/2021\/10\/SiebenSchwaben_2021_38-150x150.jpg\" class=\"attachment-thumbnail size-thumbnail\" alt=\"\" \/><\/a>\n\t\t\t<\/div><\/figure><figure class='gallery-item'>\n\t\t\t<div class='gallery-icon landscape'>\n\t\t\t\t<a href='https:\/\/korsarger3500.de\/wp-content\/uploads\/2021\/10\/SiebenSchwaben_2021_02.jpg'><img loading=\"lazy\" decoding=\"async\" width=\"150\" height=\"150\" src=\"https:\/\/korsarger3500.de\/wp-content\/uploads\/2021\/10\/SiebenSchwaben_2021_02-150x150.jpg\" class=\"attachment-thumbnail size-thumbnail\" alt=\"\" \/><\/a>\n\t\t\t<\/div><\/figure><figure class='gallery-item'>\n\t\t\t<div class='gallery-icon landscape'>\n\t\t\t\t<a href='https:\/\/korsarger3500.de\/wp-content\/uploads\/2021\/10\/SiebenSchwaben_2021_35.jpg'><img loading=\"lazy\" decoding=\"async\" width=\"150\" height=\"150\" src=\"https:\/\/korsarger3500.de\/wp-content\/uploads\/2021\/10\/SiebenSchwaben_2021_35-150x150.jpg\" class=\"attachment-thumbnail size-thumbnail\" alt=\"\" \/><\/a>\n\t\t\t<\/div><\/figure><figure class='gallery-item'>\n\t\t\t<div class='gallery-icon landscape'>\n\t\t\t\t<a href='https:\/\/korsarger3500.de\/wp-content\/uploads\/2021\/10\/SiebenSchwaben_2021_30.jpg'><img loading=\"lazy\" decoding=\"async\" width=\"150\" height=\"150\" src=\"https:\/\/korsarger3500.de\/wp-content\/uploads\/2021\/10\/SiebenSchwaben_2021_30-150x150.jpg\" class=\"attachment-thumbnail size-thumbnail\" alt=\"\" \/><\/a>\n\t\t\t<\/div><\/figure><figure class='gallery-item'>\n\t\t\t<div class='gallery-icon landscape'>\n\t\t\t\t<a href='https:\/\/korsarger3500.de\/wp-content\/uploads\/2021\/10\/SiebenSchwaben_2021_08.jpg'><img loading=\"lazy\" decoding=\"async\" width=\"150\" height=\"150\" src=\"https:\/\/korsarger3500.de\/wp-content\/uploads\/2021\/10\/SiebenSchwaben_2021_08-150x150.jpg\" class=\"attachment-thumbnail size-thumbnail\" alt=\"\" \/><\/a>\n\t\t\t<\/div><\/figure><figure class='gallery-item'>\n\t\t\t<div class='gallery-icon landscape'>\n\t\t\t\t<a href='https:\/\/korsarger3500.de\/wp-content\/uploads\/2021\/10\/SiebenSchwaben_2021_09.jpg'><img loading=\"lazy\" decoding=\"async\" width=\"150\" height=\"150\" src=\"https:\/\/korsarger3500.de\/wp-content\/uploads\/2021\/10\/SiebenSchwaben_2021_09-150x150.jpg\" class=\"attachment-thumbnail size-thumbnail\" alt=\"\" \/><\/a>\n\t\t\t<\/div><\/figure><figure class='gallery-item'>\n\t\t\t<div class='gallery-icon landscape'>\n\t\t\t\t<a href='https:\/\/korsarger3500.de\/wp-content\/uploads\/2021\/10\/SiebenSchwaben_2021_46.jpg'><img loading=\"lazy\" decoding=\"async\" width=\"150\" height=\"150\" src=\"https:\/\/korsarger3500.de\/wp-content\/uploads\/2021\/10\/SiebenSchwaben_2021_46-150x150.jpg\" class=\"attachment-thumbnail size-thumbnail\" alt=\"\" \/><\/a>\n\t\t\t<\/div><\/figure><figure class='gallery-item'>\n\t\t\t<div class='gallery-icon landscape'>\n\t\t\t\t<a href='https:\/\/korsarger3500.de\/wp-content\/uploads\/2021\/10\/SiebenSchwaben_2021_45.jpg'><img loading=\"lazy\" decoding=\"async\" width=\"150\" height=\"150\" src=\"https:\/\/korsarger3500.de\/wp-content\/uploads\/2021\/10\/SiebenSchwaben_2021_45-150x150.jpg\" class=\"attachment-thumbnail size-thumbnail\" alt=\"\" \/><\/a>\n\t\t\t<\/div><\/figure>\n\t\t<\/div>\n\n<p>ah-so gewonnen hat <em>inteam <\/em>mit Jens und Birgit<\/p>\n<p><a href=\"https:\/\/korsarger3500.de\/wp-content\/uploads\/2022\/06\/2021_Schwaben.jpg\" data-lbwps-width=\"946\" data-lbwps-height=\"301\" data-lbwps-srcsmall=\"https:\/\/korsarger3500.de\/wp-content\/uploads\/2022\/06\/2021_Schwaben-300x95.jpg\">Ergebnis<\/a><\/p>\n<p><a href=\"https:\/\/korsarger3500.de\/index.php\/trichterregatta-am-brombachsee-2021\/\">weiter<\/a> \u2026oder zur <a href=\"http:\/\/korsarger3500.de\/\">Startseite<\/a><\/p>\n<p>&nbsp;<\/p>\n","protected":false},"excerpt":{"rendered":"<p>Als wir am Schluchsee losgefahren sind, hat es ja schon leicht geregnet, aber am Bodensee, auf der H\u00f6he von Meersburg, hat es dann so heftig gesch\u00fcttet, dass wir fast im Schritttempo fahren mussten. Mir macht das ja nichts und ich komme mit Aquaplaning hervorragend klar, aber der MX da vor mir bevorzugt dann doch die &hellip; <a href=\"https:\/\/korsarger3500.de\/index.php\/7-schwaben-regatta-am-alpsee-2021\/\" class=\"more-link\"><span class=\"screen-reader-text\">7 Schwaben Regatta am Alpsee 2021<\/span> weiterlesen<\/a><\/p>\n","protected":false},"author":1,"featured_media":0,"parent":0,"menu_order":0,"comment_status":"closed","ping_status":"closed","template":"","meta":{"footnotes":""},"class_list":["post-7230","page","type-page","status-publish","hentry"],"_links":{"self":[{"href":"https:\/\/korsarger3500.de\/index.php\/wp-json\/wp\/v2\/pages\/7230","targetHints":{"allow":["GET"]}}],"collection":[{"href":"https:\/\/korsarger3500.de\/index.php\/wp-json\/wp\/v2\/pages"}],"about":[{"href":"https:\/\/korsarger3500.de\/index.php\/wp-json\/wp\/v2\/types\/page"}],"author":[{"embeddable":true,"href":"https:\/\/korsarger3500.de\/index.php\/wp-json\/wp\/v2\/users\/1"}],"replies":[{"embeddable":true,"href":"https:\/\/korsarger3500.de\/index.php\/wp-json\/wp\/v2\/comments?post=7230"}],"version-history":[{"count":21,"href":"https:\/\/korsarger3500.de\/index.php\/wp-json\/wp\/v2\/pages\/7230\/revisions"}],"predecessor-version":[{"id":7775,"href":"https:\/\/korsarger3500.de\/index.php\/wp-json\/wp\/v2\/pages\/7230\/revisions\/7775"}],"wp:attachment":[{"href":"https:\/\/korsarger3500.de\/index.php\/wp-json\/wp\/v2\/media?parent=7230"}],"curies":[{"name":"wp","href":"https:\/\/api.w.org\/{rel}","templated":true}]}}