{"id":7228,"date":"2021-11-13T11:20:30","date_gmt":"2021-11-13T10:20:30","guid":{"rendered":"https:\/\/korsarger3500.de\/?page_id=7228"},"modified":"2022-06-10T11:14:32","modified_gmt":"2022-06-10T09:14:32","slug":"auerhahnregatta-2021","status":"publish","type":"page","link":"https:\/\/korsarger3500.de\/index.php\/auerhahnregatta-2021\/","title":{"rendered":"Auerhahnregatta 2021"},"content":{"rendered":"<p style=\"text-align: justify;\"><a href=\"https:\/\/korsarger3500.de\/wp-content\/uploads\/2021\/09\/Auerhahn2021_26.jpg\" data-lbwps-width=\"840\" data-lbwps-height=\"1120\" data-lbwps-srcsmall=\"https:\/\/korsarger3500.de\/wp-content\/uploads\/2021\/09\/Auerhahn2021_26-225x300.jpg\"><img loading=\"lazy\" decoding=\"async\" class=\"size-thumbnail wp-image-7251 alignleft\" src=\"https:\/\/korsarger3500.de\/wp-content\/uploads\/2021\/09\/Auerhahn2021_26-150x150.jpg\" alt=\"\" width=\"150\" height=\"150\" \/><\/a>Wieder einmal sollte es in den Schwarzwald zum Schluchsee gehen. Die Auerhahn Regatta beim SVS stand an und so sind wir an einem Freitag Mittag Richtung Frankreich aufgebrochen. Durch Frankreich geht es meist recht z\u00fcgig, da man dort ein bisschen schneller fahren darf als in Deutschland. Diesmal sind wir vor Freiburg links abgebogen und durchs Glottertal den Berg hinauf gekraxelt. Im Tal waren es noch mollige 21\u00b0, aber als wir oben auf dem Berg ankamen war das Thermometer auf frostige 11\u00b0 gefallen. So ist es halt im Schwarzwald &#8211; ein halbes Jahr Winter und ein halbes Jahr kalt. Beim Club angekommen wurde ich aufgebaut und neben <em>vajra <\/em>auf der Wiese abgestellt. Die eine oder andere Crew trudelte noch am Freitag ein und bis zum Samstagmittag waren alle 17 Schiffe da. Nach der obligatorischen Steuermanns-Besprechung ging es dann bei Nieselregen und leichtem Wind aufs Wasser. Wir Korsare hatten den See f\u00fcr uns alleine, denn die Monas und Dyas bekamen in diesem Jahr kein Feld zusammen. Auf dem Weg zur Startlinie meinte Skipper zur Schottin &#8222;eventuell w\u00e4ren die <a href=\"https:\/\/korsarger3500.de\/wp-content\/uploads\/2021\/09\/Auerhahn2021_09.jpg\" data-lbwps-width=\"1494\" data-lbwps-height=\"1120\" data-lbwps-srcsmall=\"https:\/\/korsarger3500.de\/wp-content\/uploads\/2021\/09\/Auerhahn2021_09-300x225.jpg\"><img loading=\"lazy\" decoding=\"async\" class=\"size-thumbnail wp-image-7239 alignright\" src=\"https:\/\/korsarger3500.de\/wp-content\/uploads\/2021\/09\/Auerhahn2021_09-150x150.jpg\" alt=\"\" width=\"150\" height=\"150\" \/><\/a>Trockys doch die bessere Wahl gewesen&#8220;. P\u00fcnktlich waren alle Schiffe an der Startlinie versammelt und das Startprozedere\u00a0 zum ersten Lauf begann. Die Wettfahrtleitung hatte eine sehr lange Startlinie gelegt und durch den pendelnden Wind war mal die rechte und mal die linke Seite bevorzugt. Die Crew startete in der Mitte der Linie und lie\u00df sich auf keinerlei Zweik\u00e4mpfe w\u00e4hrend des Laufes ein. Der f\u00fcnfte Platz zeigte dann auch, dass sie nicht viel falsch gemacht hatten. Im 2. Lauf sprang sogar ein vierter Platz heraus. Dann fuhren sie mit P13. einen Streicher und zum Abschluss des Tages noch einen achten Platz. Dass es lausig kalt war und zwischenzeitlich immer mal wieder geregnet hatte, konnte die gute Stimmung an Bord nicht tr\u00fcben. Mit vereinten Kr\u00e4ften wurden dann alle Schiffe den Hang hinauf geschleppt und auf der Wiese abgestellt. Da es wieder zu regnen anfing wurde ich schnell abgebaut, zugedeckt und die Crew verschwand im Seglerheim. Dort brutzelte der Koch im rustikalen Outdoorofen mehrere Braten im Brotmantel und\u00a0 lecker gef\u00fcllte Teigtaschen. Der Abend endete dann am Lagerfeuer und sp\u00e4ter in der warmen Stube. Am Sonntagmorgen hie\u00df es dann wieder zeitig Segel setzen und ab zur Startlinie. Skipper legte mich zum ersten Start etwas weit ins Lee und damit in die Abdeckung vom<em> Plan-B, Prinz von Baden<\/em> und <em>Rennschnegge<\/em>. Da die letzte Minute vor dem Startsignal schon angebrochen war konnte Skipper mich nur durch ein beherztes Anluven aus der Situation befreien. Die anderen drei in Luv mussten nat\u00fcrlich auch hochziehen und dr\u00fcckten sich gegenseitig \u00fcber die Startlinie. So kam es zu einem Gesamtr\u00fcckruf und der Lauf wurde abgebrochen. Der n\u00e4chste Start gl\u00fcckte dann ohne Probleme und die Crew segelte bei drehendem Wind so gut es ging. An der Leetonne kamen wir kurz hinter <em>Prinz von Baden<\/em> an. Der lie\u00df eine gro\u00dfe L\u00fccke und Skipper nahm die Tonne eng und luvte hinter ihr hoch. <em>Prinz von Baden<\/em> legte pl\u00f6tzlich um und kam mittig auf mich zu. Skipper schrie so laut er konnte und sah sich schon in der Garage stehen um den Schaden zu beheben. Schnell sprang er nach Lee um die Bugspitze von <em>Prinz von Baden<\/em> abzufangen, der drehte aber ab und kreuzte nur wenige Zentimeter hinter meinem Heck. Das ging gerade noch mal gut und wir kamen alle heil ins Ziel. Beim letzten Lauf lieferten wir uns noch etliche faire Duelle mit <em>\u00dcberholverboot,<\/em> die allen Spa\u00df machten. Danach beendete die Wettfahrtleitung die Regatta und wir machten uns auf den Weg zum Hafen. Ich musste leider nass eingepackt werden, da es wieder nieselte. Die Crew machte sich dann auf den Weg zur Siegerehrung. Die fand in der gro\u00dfen Tenne des Seglerheimes statt und begann mit der Vergabe der sogenannten <a href=\"https:\/\/korsarger3500.de\/wp-content\/uploads\/2021\/10\/20210829_150837.jpg\" data-lbwps-width=\"4032\" data-lbwps-height=\"2268\" data-lbwps-srcsmall=\"https:\/\/korsarger3500.de\/wp-content\/uploads\/2021\/10\/20210829_150837-300x169.jpg\"><img loading=\"lazy\" decoding=\"async\" class=\"alignleft wp-image-7308 size-thumbnail\" src=\"https:\/\/korsarger3500.de\/wp-content\/uploads\/2021\/10\/20210829_150837-150x150.jpg\" alt=\"kurzzeitiger Trottel-Tannen-Besitzer\" width=\"150\" height=\"150\" \/><\/a>Trotteltanne. In diesem Jahr ging die Tanne zun\u00e4chst an den Skipper von <em>vajra<\/em>. Er hatte sich erlaubt sein Schiff nicht richtig am Auto anzukoppeln und\u00a0 hatte es nach ein paar Metern Fahrt doch glatt verloren. <em>vajra<\/em> hatte wohl sehr viel Gl\u00fcck, dass ihm nichts passiert ist. Daf\u00fcr hatte sein Skipper die Tanne zu Recht\u00a0 verdient. Danach begann die Siegerehrung, die ganz normal mit der Ehrung der Crews von hinten nach vorne begann. Auf den vorderen Pl\u00e4tzen gab es dann aber einige Differenzen in der Reihenfolge und es musste zweimal nachgebessert und neu gerechnet werden. <em>vajra<\/em>&#8217;s Skipper reagierte schnell und so wechselte die Trotteltanne Ihren Besitzer hin zur Wettfahrleitung des SVS. Nach der \u00fcblichen Tsch\u00fcss Runde brachen wir dann bald Richtung Alpsee auf. Die Crew wollte dort ein paar Segeltage mit mir verbringen und dann an der 7 Schwaben Regatta teilnehmen. Da freu ich mich aber sehr, dass es gleich weiter um segeln geht.<\/p>\n<div id='gallery-1' class='gallery galleryid-7228 gallery-columns-4 gallery-size-thumbnail'><figure class='gallery-item'>\n\t\t\t<div class='gallery-icon landscape'>\n\t\t\t\t<a href='https:\/\/korsarger3500.de\/wp-content\/uploads\/2021\/09\/Auerhahn2021_33.jpg'><img loading=\"lazy\" decoding=\"async\" width=\"150\" height=\"150\" src=\"https:\/\/korsarger3500.de\/wp-content\/uploads\/2021\/09\/Auerhahn2021_33-150x150.jpg\" class=\"attachment-thumbnail size-thumbnail\" alt=\"\" \/><\/a>\n\t\t\t<\/div><\/figure><figure class='gallery-item'>\n\t\t\t<div class='gallery-icon landscape'>\n\t\t\t\t<a href='https:\/\/korsarger3500.de\/wp-content\/uploads\/2021\/09\/Auerhahn2021_02.jpg'><img loading=\"lazy\" decoding=\"async\" width=\"150\" height=\"150\" src=\"https:\/\/korsarger3500.de\/wp-content\/uploads\/2021\/09\/Auerhahn2021_02-150x150.jpg\" class=\"attachment-thumbnail size-thumbnail\" alt=\"\" \/><\/a>\n\t\t\t<\/div><\/figure><figure class='gallery-item'>\n\t\t\t<div class='gallery-icon landscape'>\n\t\t\t\t<a href='https:\/\/korsarger3500.de\/wp-content\/uploads\/2021\/09\/Auerhahn2021_32.jpg'><img loading=\"lazy\" decoding=\"async\" width=\"150\" height=\"150\" src=\"https:\/\/korsarger3500.de\/wp-content\/uploads\/2021\/09\/Auerhahn2021_32-150x150.jpg\" class=\"attachment-thumbnail size-thumbnail\" alt=\"\" \/><\/a>\n\t\t\t<\/div><\/figure><figure class='gallery-item'>\n\t\t\t<div class='gallery-icon landscape'>\n\t\t\t\t<a href='https:\/\/korsarger3500.de\/wp-content\/uploads\/2021\/09\/Auerhahn2021_28.jpg'><img loading=\"lazy\" decoding=\"async\" width=\"150\" height=\"150\" src=\"https:\/\/korsarger3500.de\/wp-content\/uploads\/2021\/09\/Auerhahn2021_28-150x150.jpg\" class=\"attachment-thumbnail size-thumbnail\" alt=\"\" \/><\/a>\n\t\t\t<\/div><\/figure><figure class='gallery-item'>\n\t\t\t<div class='gallery-icon landscape'>\n\t\t\t\t<a href='https:\/\/korsarger3500.de\/wp-content\/uploads\/2021\/09\/Auerhahn2021_31.jpg'><img loading=\"lazy\" decoding=\"async\" width=\"150\" height=\"150\" src=\"https:\/\/korsarger3500.de\/wp-content\/uploads\/2021\/09\/Auerhahn2021_31-150x150.jpg\" class=\"attachment-thumbnail size-thumbnail\" alt=\"\" \/><\/a>\n\t\t\t<\/div><\/figure><figure class='gallery-item'>\n\t\t\t<div class='gallery-icon landscape'>\n\t\t\t\t<a href='https:\/\/korsarger3500.de\/wp-content\/uploads\/2021\/09\/Auerhahn2021_27.jpg'><img loading=\"lazy\" decoding=\"async\" width=\"150\" height=\"150\" src=\"https:\/\/korsarger3500.de\/wp-content\/uploads\/2021\/09\/Auerhahn2021_27-150x150.jpg\" class=\"attachment-thumbnail size-thumbnail\" alt=\"\" \/><\/a>\n\t\t\t<\/div><\/figure><figure class='gallery-item'>\n\t\t\t<div class='gallery-icon portrait'>\n\t\t\t\t<a href='https:\/\/korsarger3500.de\/wp-content\/uploads\/2021\/09\/Auerhahn2021_26.jpg'><img loading=\"lazy\" decoding=\"async\" width=\"150\" height=\"150\" src=\"https:\/\/korsarger3500.de\/wp-content\/uploads\/2021\/09\/Auerhahn2021_26-150x150.jpg\" class=\"attachment-thumbnail size-thumbnail\" alt=\"\" \/><\/a>\n\t\t\t<\/div><\/figure><figure class='gallery-item'>\n\t\t\t<div class='gallery-icon landscape'>\n\t\t\t\t<a href='https:\/\/korsarger3500.de\/wp-content\/uploads\/2021\/09\/Auerhahn2021_24.jpg'><img loading=\"lazy\" decoding=\"async\" width=\"150\" height=\"150\" src=\"https:\/\/korsarger3500.de\/wp-content\/uploads\/2021\/09\/Auerhahn2021_24-150x150.jpg\" class=\"attachment-thumbnail size-thumbnail\" alt=\"\" \/><\/a>\n\t\t\t<\/div><\/figure><figure class='gallery-item'>\n\t\t\t<div class='gallery-icon landscape'>\n\t\t\t\t<a href='https:\/\/korsarger3500.de\/wp-content\/uploads\/2021\/09\/Auerhahn2021_21.jpg'><img loading=\"lazy\" decoding=\"async\" width=\"150\" height=\"150\" src=\"https:\/\/korsarger3500.de\/wp-content\/uploads\/2021\/09\/Auerhahn2021_21-150x150.jpg\" class=\"attachment-thumbnail size-thumbnail\" alt=\"\" \/><\/a>\n\t\t\t<\/div><\/figure><figure class='gallery-item'>\n\t\t\t<div class='gallery-icon landscape'>\n\t\t\t\t<a href='https:\/\/korsarger3500.de\/wp-content\/uploads\/2021\/09\/Auerhahn2021_23.jpg'><img loading=\"lazy\" decoding=\"async\" width=\"150\" height=\"150\" src=\"https:\/\/korsarger3500.de\/wp-content\/uploads\/2021\/09\/Auerhahn2021_23-150x150.jpg\" class=\"attachment-thumbnail size-thumbnail\" alt=\"\" \/><\/a>\n\t\t\t<\/div><\/figure><figure class='gallery-item'>\n\t\t\t<div class='gallery-icon landscape'>\n\t\t\t\t<a href='https:\/\/korsarger3500.de\/wp-content\/uploads\/2021\/09\/Auerhahn2021_20.jpg'><img loading=\"lazy\" decoding=\"async\" width=\"150\" height=\"150\" src=\"https:\/\/korsarger3500.de\/wp-content\/uploads\/2021\/09\/Auerhahn2021_20-150x150.jpg\" class=\"attachment-thumbnail size-thumbnail\" alt=\"\" \/><\/a>\n\t\t\t<\/div><\/figure><figure class='gallery-item'>\n\t\t\t<div class='gallery-icon landscape'>\n\t\t\t\t<a href='https:\/\/korsarger3500.de\/wp-content\/uploads\/2021\/09\/Auerhahn2021_17.jpg'><img loading=\"lazy\" decoding=\"async\" width=\"150\" height=\"150\" src=\"https:\/\/korsarger3500.de\/wp-content\/uploads\/2021\/09\/Auerhahn2021_17-150x150.jpg\" class=\"attachment-thumbnail size-thumbnail\" alt=\"\" \/><\/a>\n\t\t\t<\/div><\/figure><figure class='gallery-item'>\n\t\t\t<div class='gallery-icon landscape'>\n\t\t\t\t<a href='https:\/\/korsarger3500.de\/wp-content\/uploads\/2021\/09\/Auerhahn2021_19.jpg'><img loading=\"lazy\" decoding=\"async\" width=\"150\" height=\"150\" src=\"https:\/\/korsarger3500.de\/wp-content\/uploads\/2021\/09\/Auerhahn2021_19-150x150.jpg\" class=\"attachment-thumbnail size-thumbnail\" alt=\"\" \/><\/a>\n\t\t\t<\/div><\/figure><figure class='gallery-item'>\n\t\t\t<div class='gallery-icon portrait'>\n\t\t\t\t<a href='https:\/\/korsarger3500.de\/wp-content\/uploads\/2021\/09\/Auerhahn2021_15.jpg'><img loading=\"lazy\" decoding=\"async\" width=\"150\" height=\"150\" src=\"https:\/\/korsarger3500.de\/wp-content\/uploads\/2021\/09\/Auerhahn2021_15-150x150.jpg\" class=\"attachment-thumbnail size-thumbnail\" alt=\"\" \/><\/a>\n\t\t\t<\/div><\/figure><figure class='gallery-item'>\n\t\t\t<div class='gallery-icon landscape'>\n\t\t\t\t<a href='https:\/\/korsarger3500.de\/wp-content\/uploads\/2021\/09\/Auerhahn2021_14.jpg'><img loading=\"lazy\" decoding=\"async\" width=\"150\" height=\"150\" src=\"https:\/\/korsarger3500.de\/wp-content\/uploads\/2021\/09\/Auerhahn2021_14-150x150.jpg\" class=\"attachment-thumbnail size-thumbnail\" alt=\"\" \/><\/a>\n\t\t\t<\/div><\/figure><figure class='gallery-item'>\n\t\t\t<div class='gallery-icon landscape'>\n\t\t\t\t<a href='https:\/\/korsarger3500.de\/wp-content\/uploads\/2021\/09\/Auerhahn2021_13.jpg'><img loading=\"lazy\" decoding=\"async\" width=\"150\" height=\"150\" src=\"https:\/\/korsarger3500.de\/wp-content\/uploads\/2021\/09\/Auerhahn2021_13-150x150.jpg\" class=\"attachment-thumbnail size-thumbnail\" alt=\"\" \/><\/a>\n\t\t\t<\/div><\/figure><figure class='gallery-item'>\n\t\t\t<div class='gallery-icon landscape'>\n\t\t\t\t<a href='https:\/\/korsarger3500.de\/wp-content\/uploads\/2021\/09\/Auerhahn2021_11.jpg'><img loading=\"lazy\" decoding=\"async\" width=\"150\" height=\"150\" src=\"https:\/\/korsarger3500.de\/wp-content\/uploads\/2021\/09\/Auerhahn2021_11-150x150.jpg\" class=\"attachment-thumbnail size-thumbnail\" alt=\"\" \/><\/a>\n\t\t\t<\/div><\/figure><figure class='gallery-item'>\n\t\t\t<div class='gallery-icon landscape'>\n\t\t\t\t<a href='https:\/\/korsarger3500.de\/wp-content\/uploads\/2021\/09\/Auerhahn2021_09.jpg'><img loading=\"lazy\" decoding=\"async\" width=\"150\" height=\"150\" src=\"https:\/\/korsarger3500.de\/wp-content\/uploads\/2021\/09\/Auerhahn2021_09-150x150.jpg\" class=\"attachment-thumbnail size-thumbnail\" alt=\"\" \/><\/a>\n\t\t\t<\/div><\/figure><figure class='gallery-item'>\n\t\t\t<div class='gallery-icon landscape'>\n\t\t\t\t<a href='https:\/\/korsarger3500.de\/wp-content\/uploads\/2021\/09\/Auerhahn2021_08.jpg'><img loading=\"lazy\" decoding=\"async\" width=\"150\" height=\"150\" src=\"https:\/\/korsarger3500.de\/wp-content\/uploads\/2021\/09\/Auerhahn2021_08-150x150.jpg\" class=\"attachment-thumbnail size-thumbnail\" alt=\"\" \/><\/a>\n\t\t\t<\/div><\/figure><figure class='gallery-item'>\n\t\t\t<div class='gallery-icon landscape'>\n\t\t\t\t<a href='https:\/\/korsarger3500.de\/wp-content\/uploads\/2021\/09\/Auerhahn2021_05.jpg'><img loading=\"lazy\" decoding=\"async\" width=\"150\" height=\"150\" src=\"https:\/\/korsarger3500.de\/wp-content\/uploads\/2021\/09\/Auerhahn2021_05-150x150.jpg\" class=\"attachment-thumbnail size-thumbnail\" alt=\"\" \/><\/a>\n\t\t\t<\/div><\/figure>\n\t\t<\/div>\n\n<p>ah-so gewonnen hat\u00a0<em>vajra <\/em>mit Rainer und Sonja<\/p>\n<p><a href=\"https:\/\/korsarger3500.de\/wp-content\/uploads\/2022\/06\/2021_Auerhahn.jpg\" data-lbwps-width=\"949\" data-lbwps-height=\"443\" data-lbwps-srcsmall=\"https:\/\/korsarger3500.de\/wp-content\/uploads\/2022\/06\/2021_Auerhahn-300x140.jpg\">Ergebnis<\/a>\u00a0 \u00a0<a href=\"https:\/\/korsarger3500.de\/wp-content\/uploads\/2021\/10\/Ergebnis_Auerhahn2021.pdf\">(PDF)<\/a><\/p>\n<p><a href=\"https:\/\/korsarger3500.de\/index.php\/7-schwaben-regatta-am-alpsee-2021\/\">weiter<\/a> \u2026oder zur <a href=\"http:\/\/korsarger3500.de\/\">Startseite<\/a><\/p>\n","protected":false},"excerpt":{"rendered":"<p>Wieder einmal sollte es in den Schwarzwald zum Schluchsee gehen. Die Auerhahn Regatta beim SVS stand an und so sind wir an einem Freitag Mittag Richtung Frankreich aufgebrochen. Durch Frankreich geht es meist recht z\u00fcgig, da man dort ein bisschen schneller fahren darf als in Deutschland. Diesmal sind wir vor Freiburg links abgebogen und durchs &hellip; <a href=\"https:\/\/korsarger3500.de\/index.php\/auerhahnregatta-2021\/\" class=\"more-link\"><span class=\"screen-reader-text\">Auerhahnregatta 2021<\/span> weiterlesen<\/a><\/p>\n","protected":false},"author":1,"featured_media":0,"parent":0,"menu_order":0,"comment_status":"closed","ping_status":"closed","template":"","meta":{"footnotes":""},"class_list":["post-7228","page","type-page","status-publish","hentry"],"_links":{"self":[{"href":"https:\/\/korsarger3500.de\/index.php\/wp-json\/wp\/v2\/pages\/7228","targetHints":{"allow":["GET"]}}],"collection":[{"href":"https:\/\/korsarger3500.de\/index.php\/wp-json\/wp\/v2\/pages"}],"about":[{"href":"https:\/\/korsarger3500.de\/index.php\/wp-json\/wp\/v2\/types\/page"}],"author":[{"embeddable":true,"href":"https:\/\/korsarger3500.de\/index.php\/wp-json\/wp\/v2\/users\/1"}],"replies":[{"embeddable":true,"href":"https:\/\/korsarger3500.de\/index.php\/wp-json\/wp\/v2\/comments?post=7228"}],"version-history":[{"count":31,"href":"https:\/\/korsarger3500.de\/index.php\/wp-json\/wp\/v2\/pages\/7228\/revisions"}],"predecessor-version":[{"id":7802,"href":"https:\/\/korsarger3500.de\/index.php\/wp-json\/wp\/v2\/pages\/7228\/revisions\/7802"}],"wp:attachment":[{"href":"https:\/\/korsarger3500.de\/index.php\/wp-json\/wp\/v2\/media?parent=7228"}],"curies":[{"name":"wp","href":"https:\/\/api.w.org\/{rel}","templated":true}]}}