{"id":7083,"date":"2021-07-24T07:38:26","date_gmt":"2021-07-24T05:38:26","guid":{"rendered":"https:\/\/korsarger3500.de\/?page_id=7083"},"modified":"2022-06-10T11:03:47","modified_gmt":"2022-06-10T09:03:47","slug":"korsarenpreis-2021-am-goldkanal","status":"publish","type":"page","link":"https:\/\/korsarger3500.de\/index.php\/korsarenpreis-2021-am-goldkanal\/","title":{"rendered":"Korsarenpreis 2021 am Goldkanal"},"content":{"rendered":"<p style=\"text-align: justify;\">Drei Tage musste ich im Stuttgarter Starkregen ausharren und dort ausgiebig meine neue Persening auf Dichtigkeit testen. Den Test hat sie bestanden, kein Tropfen ist durch sie zu mir hindurch vorgedrungen. Von Stuttgart aus sind wir dann kurz nach Hause gefahren um anschlie\u00dfend gleich wieder an den Goldkanal zum RCR zu d\u00fcsen. Nach der <a href=\"https:\/\/korsarger3500.de\/wp-content\/uploads\/2021\/07\/Korsarenpreis_2021_8.jpg\" data-lbwps-width=\"1680\" data-lbwps-height=\"945\" data-lbwps-srcsmall=\"https:\/\/korsarger3500.de\/wp-content\/uploads\/2021\/07\/Korsarenpreis_2021_8-300x169.jpg\"><img loading=\"lazy\" decoding=\"async\" class=\"size-thumbnail wp-image-7147 alignleft\" src=\"https:\/\/korsarger3500.de\/wp-content\/uploads\/2021\/07\/Korsarenpreis_2021_8-150x150.jpg\" alt=\"\" width=\"150\" height=\"150\" \/><\/a>Ankunft wurde ich aufgebaut und stand zusammen mit den anderen Schiffen auf dem Gel\u00e4nde. Die Wettervorhersagen berichteten von wenig bis gar kein Wind, und so war es auch. Die Segler vertrieben sich die Zeit bis zum Abendessen mit Fachsimpelei und Kartenspielen. Am fr\u00fchen Abend kam dann doch noch eine leichte Brise auf und drei Crews nutzten die Gelegenheit um einige Testschl\u00e4ge zu absolvieren. Meine Crew hatte mich zu den Zeitpunkt schon l\u00e4ngst abgebaut und in den Windschatten der Hecke gestellt, sah es doch sehr nach Gewitter aus. Der Abend verlief gem\u00fctlich unter der gro\u00dfen \u00dcberdachung und endete auch nicht allzu sp\u00e4t. Die<a href=\"https:\/\/korsarger3500.de\/wp-content\/uploads\/2021\/07\/Korsarenpreis_2021_24.jpg\" data-lbwps-width=\"1680\" data-lbwps-height=\"945\" data-lbwps-srcsmall=\"https:\/\/korsarger3500.de\/wp-content\/uploads\/2021\/07\/Korsarenpreis_2021_24-300x169.jpg\"><img loading=\"lazy\" decoding=\"async\" class=\"size-thumbnail wp-image-7155 alignright\" src=\"https:\/\/korsarger3500.de\/wp-content\/uploads\/2021\/07\/Korsarenpreis_2021_24-150x150.jpg\" alt=\"\" width=\"150\" height=\"150\" \/><\/a> Wettfahrtleiterin hatte f\u00fcr den n\u00e4chsten Tag die Startbereitschaft auf dem Wasser f\u00fcr 10:00 angesetzt. Alle sind\u00a0 fr\u00fch morgens z\u00fcgig auf das Wasser und haben sich p\u00fcnktlich an der Startlinie eingefunden. Den ersten Start vertr\u00f6delte die Crew etwas und m\u00fchte sich dann im Mittelfeld mit dem schwachen und drehenden Wind ab. Bei zweiten Start passen sie auf, starteten gut und rundeten das Luvfass an zweiter Position. In Richtung Querabtonne schlief der Wind leider wieder ein und der Lauf wurde abgebrochen. Wir d\u00fcmpelten dann zun\u00e4chst in den Hafen und ich wurde geslippt. Kurze Zeit sp\u00e4ter ging es wieder\u00a0 aufs Wasser, denn die Wettfahrtleitung wollte noch einen Lauf versuchen. Als wieder etwas Wind aufkam, erfolgte der dritte Start. Auch hier verlief zun\u00e4chst alles gut. Wir lagen wieder im vorderen Feld, als es zu blitzen und zu donnern anfing. Auch dieses Rennen <a href=\"https:\/\/korsarger3500.de\/wp-content\/uploads\/2021\/07\/Korsarenpreis_2021_116-1.jpg\" data-lbwps-width=\"1493\" data-lbwps-height=\"1120\" data-lbwps-srcsmall=\"https:\/\/korsarger3500.de\/wp-content\/uploads\/2021\/07\/Korsarenpreis_2021_116-1-300x225.jpg\"><img loading=\"lazy\" decoding=\"async\" class=\"size-thumbnail wp-image-7170 alignleft\" src=\"https:\/\/korsarger3500.de\/wp-content\/uploads\/2021\/07\/Korsarenpreis_2021_116-1-150x150.jpg\" alt=\"\" width=\"150\" height=\"150\" \/><\/a>wurde daher abgeschossen\u00a0 und wir sind alle so schnell wie m\u00f6glich bei einsetzendem Regen Richtung Hafen gesegelt. Ich wurde wieder geslippt und diesmal war dann auch endg\u00fcltig Schluss. Zum Gl\u00fcck zog das Gewitter vorbei, aber es regnete beim Abbau so sehr, dass alles klatschnass eingepackt wurde. Bei der Siegerehrung war meine Crew dann leider wieder sehr fr\u00fch an der Reihe und sie durften sich je eine Tasse abholen. Weil wir zeitig dran waren und die Sonne auch wieder schien, suchte sich die Crew eine sch\u00f6ne Route durch Frankreich f\u00fcr die Heimreise aus. Bis zur deutschen Grenze konnte auch offen gecruised werden, dann setzte aber wieder der Regen ein. Mir war&#8217;s egal, war ich doch eh noch durch und durch nass. Morgen gibt es bestimmt mal wieder ne Dusche mit dem Hochdruckreiniger und dann geht es wieder an meinen See. Bis zur n\u00e4chsten Regatta, die wir besuchen wollen, sind ja noch einige Wochen Zeit.<\/p>\n<div id='gallery-1' class='gallery galleryid-7083 gallery-columns-4 gallery-size-thumbnail'><figure class='gallery-item'>\n\t\t\t<div class='gallery-icon portrait'>\n\t\t\t\t<a href='https:\/\/korsarger3500.de\/wp-content\/uploads\/2021\/07\/Korsarenpreis_2021_2.jpg'><img loading=\"lazy\" decoding=\"async\" width=\"150\" height=\"150\" src=\"https:\/\/korsarger3500.de\/wp-content\/uploads\/2021\/07\/Korsarenpreis_2021_2-150x150.jpg\" class=\"attachment-thumbnail size-thumbnail\" alt=\"\" \/><\/a>\n\t\t\t<\/div><\/figure><figure class='gallery-item'>\n\t\t\t<div class='gallery-icon portrait'>\n\t\t\t\t<a href='https:\/\/korsarger3500.de\/wp-content\/uploads\/2021\/07\/Korsarenpreis_2021_29.jpg'><img loading=\"lazy\" decoding=\"async\" width=\"150\" height=\"150\" src=\"https:\/\/korsarger3500.de\/wp-content\/uploads\/2021\/07\/Korsarenpreis_2021_29-150x150.jpg\" class=\"attachment-thumbnail size-thumbnail\" alt=\"\" \/><\/a>\n\t\t\t<\/div><\/figure><figure class='gallery-item'>\n\t\t\t<div class='gallery-icon landscape'>\n\t\t\t\t<a href='https:\/\/korsarger3500.de\/wp-content\/uploads\/2021\/07\/Korsarenpreis_2021_112.jpg'><img loading=\"lazy\" decoding=\"async\" width=\"150\" height=\"150\" src=\"https:\/\/korsarger3500.de\/wp-content\/uploads\/2021\/07\/Korsarenpreis_2021_112-150x150.jpg\" class=\"attachment-thumbnail size-thumbnail\" alt=\"\" \/><\/a>\n\t\t\t<\/div><\/figure><figure class='gallery-item'>\n\t\t\t<div class='gallery-icon landscape'>\n\t\t\t\t<a href='https:\/\/korsarger3500.de\/wp-content\/uploads\/2021\/07\/Korsarenpreis_2021_11.jpg'><img loading=\"lazy\" decoding=\"async\" width=\"150\" height=\"150\" src=\"https:\/\/korsarger3500.de\/wp-content\/uploads\/2021\/07\/Korsarenpreis_2021_11-150x150.jpg\" class=\"attachment-thumbnail size-thumbnail\" alt=\"\" \/><\/a>\n\t\t\t<\/div><\/figure><figure class='gallery-item'>\n\t\t\t<div class='gallery-icon landscape'>\n\t\t\t\t<a href='https:\/\/korsarger3500.de\/wp-content\/uploads\/2021\/07\/Korsarenpreis_2021_10.jpg'><img loading=\"lazy\" decoding=\"async\" width=\"150\" height=\"150\" src=\"https:\/\/korsarger3500.de\/wp-content\/uploads\/2021\/07\/Korsarenpreis_2021_10-150x150.jpg\" class=\"attachment-thumbnail size-thumbnail\" alt=\"\" \/><\/a>\n\t\t\t<\/div><\/figure><figure class='gallery-item'>\n\t\t\t<div class='gallery-icon landscape'>\n\t\t\t\t<a href='https:\/\/korsarger3500.de\/wp-content\/uploads\/2021\/07\/Korsarenpreis_2021_5.jpg'><img loading=\"lazy\" decoding=\"async\" width=\"150\" height=\"150\" src=\"https:\/\/korsarger3500.de\/wp-content\/uploads\/2021\/07\/Korsarenpreis_2021_5-150x150.jpg\" class=\"attachment-thumbnail size-thumbnail\" alt=\"\" \/><\/a>\n\t\t\t<\/div><\/figure><figure class='gallery-item'>\n\t\t\t<div class='gallery-icon landscape'>\n\t\t\t\t<a href='https:\/\/korsarger3500.de\/wp-content\/uploads\/2021\/07\/Korsarenpreis_2021_22.jpg'><img loading=\"lazy\" decoding=\"async\" width=\"150\" height=\"150\" src=\"https:\/\/korsarger3500.de\/wp-content\/uploads\/2021\/07\/Korsarenpreis_2021_22-150x150.jpg\" class=\"attachment-thumbnail size-thumbnail\" alt=\"\" \/><\/a>\n\t\t\t<\/div><\/figure><figure class='gallery-item'>\n\t\t\t<div class='gallery-icon landscape'>\n\t\t\t\t<a href='https:\/\/korsarger3500.de\/wp-content\/uploads\/2021\/07\/Korsarenpreis_2021_33.jpg'><img loading=\"lazy\" decoding=\"async\" width=\"150\" height=\"150\" src=\"https:\/\/korsarger3500.de\/wp-content\/uploads\/2021\/07\/Korsarenpreis_2021_33-150x150.jpg\" class=\"attachment-thumbnail size-thumbnail\" alt=\"\" \/><\/a>\n\t\t\t<\/div><\/figure><figure class='gallery-item'>\n\t\t\t<div class='gallery-icon landscape'>\n\t\t\t\t<a href='https:\/\/korsarger3500.de\/wp-content\/uploads\/2021\/07\/Korsarenpreis_2021_20.jpg'><img loading=\"lazy\" decoding=\"async\" width=\"150\" height=\"150\" src=\"https:\/\/korsarger3500.de\/wp-content\/uploads\/2021\/07\/Korsarenpreis_2021_20-150x150.jpg\" class=\"attachment-thumbnail size-thumbnail\" alt=\"\" \/><\/a>\n\t\t\t<\/div><\/figure><figure class='gallery-item'>\n\t\t\t<div class='gallery-icon landscape'>\n\t\t\t\t<a href='https:\/\/korsarger3500.de\/wp-content\/uploads\/2021\/07\/Korsarenpreis_2021_21.jpg'><img loading=\"lazy\" decoding=\"async\" width=\"150\" height=\"150\" src=\"https:\/\/korsarger3500.de\/wp-content\/uploads\/2021\/07\/Korsarenpreis_2021_21-150x150.jpg\" class=\"attachment-thumbnail size-thumbnail\" alt=\"\" \/><\/a>\n\t\t\t<\/div><\/figure><figure class='gallery-item'>\n\t\t\t<div class='gallery-icon portrait'>\n\t\t\t\t<a href='https:\/\/korsarger3500.de\/wp-content\/uploads\/2021\/07\/Korsarenpreis_2021_13.jpg'><img loading=\"lazy\" decoding=\"async\" width=\"150\" height=\"150\" src=\"https:\/\/korsarger3500.de\/wp-content\/uploads\/2021\/07\/Korsarenpreis_2021_13-150x150.jpg\" class=\"attachment-thumbnail size-thumbnail\" alt=\"\" \/><\/a>\n\t\t\t<\/div><\/figure><figure class='gallery-item'>\n\t\t\t<div class='gallery-icon portrait'>\n\t\t\t\t<a href='https:\/\/korsarger3500.de\/wp-content\/uploads\/2021\/07\/Korsarenpreis_2021_14.jpg'><img loading=\"lazy\" decoding=\"async\" width=\"150\" height=\"150\" src=\"https:\/\/korsarger3500.de\/wp-content\/uploads\/2021\/07\/Korsarenpreis_2021_14-150x150.jpg\" class=\"attachment-thumbnail size-thumbnail\" alt=\"\" \/><\/a>\n\t\t\t<\/div><\/figure><figure class='gallery-item'>\n\t\t\t<div class='gallery-icon portrait'>\n\t\t\t\t<a href='https:\/\/korsarger3500.de\/wp-content\/uploads\/2021\/07\/Korsarenpreis_2021_28.jpg'><img loading=\"lazy\" decoding=\"async\" width=\"150\" height=\"150\" src=\"https:\/\/korsarger3500.de\/wp-content\/uploads\/2021\/07\/Korsarenpreis_2021_28-150x150.jpg\" class=\"attachment-thumbnail size-thumbnail\" alt=\"\" \/><\/a>\n\t\t\t<\/div><\/figure><figure class='gallery-item'>\n\t\t\t<div class='gallery-icon landscape'>\n\t\t\t\t<a href='https:\/\/korsarger3500.de\/wp-content\/uploads\/2021\/07\/Korsarenpreis_2021_32.jpg'><img loading=\"lazy\" decoding=\"async\" width=\"150\" height=\"150\" src=\"https:\/\/korsarger3500.de\/wp-content\/uploads\/2021\/07\/Korsarenpreis_2021_32-150x150.jpg\" class=\"attachment-thumbnail size-thumbnail\" alt=\"\" \/><\/a>\n\t\t\t<\/div><\/figure><figure class='gallery-item'>\n\t\t\t<div class='gallery-icon landscape'>\n\t\t\t\t<a href='https:\/\/korsarger3500.de\/wp-content\/uploads\/2021\/07\/Korsarenpreis_2021_A21.jpg'><img loading=\"lazy\" decoding=\"async\" width=\"150\" height=\"150\" src=\"https:\/\/korsarger3500.de\/wp-content\/uploads\/2021\/07\/Korsarenpreis_2021_A21-150x150.jpg\" class=\"attachment-thumbnail size-thumbnail\" alt=\"\" \/><\/a>\n\t\t\t<\/div><\/figure><figure class='gallery-item'>\n\t\t\t<div class='gallery-icon landscape'>\n\t\t\t\t<a href='https:\/\/korsarger3500.de\/wp-content\/uploads\/2021\/07\/Korsarenpreis_2021_A14.jpg'><img loading=\"lazy\" decoding=\"async\" width=\"150\" height=\"150\" src=\"https:\/\/korsarger3500.de\/wp-content\/uploads\/2021\/07\/Korsarenpreis_2021_A14-150x150.jpg\" class=\"attachment-thumbnail size-thumbnail\" alt=\"\" \/><\/a>\n\t\t\t<\/div><\/figure><figure class='gallery-item'>\n\t\t\t<div class='gallery-icon landscape'>\n\t\t\t\t<a href='https:\/\/korsarger3500.de\/wp-content\/uploads\/2021\/07\/Korsarenpreis_2021_A13.jpg'><img loading=\"lazy\" decoding=\"async\" width=\"150\" height=\"150\" src=\"https:\/\/korsarger3500.de\/wp-content\/uploads\/2021\/07\/Korsarenpreis_2021_A13-150x150.jpg\" class=\"attachment-thumbnail size-thumbnail\" alt=\"\" \/><\/a>\n\t\t\t<\/div><\/figure><figure class='gallery-item'>\n\t\t\t<div class='gallery-icon landscape'>\n\t\t\t\t<a href='https:\/\/korsarger3500.de\/wp-content\/uploads\/2021\/07\/Korsarenpreis_2021_A11.jpg'><img loading=\"lazy\" decoding=\"async\" width=\"150\" height=\"150\" src=\"https:\/\/korsarger3500.de\/wp-content\/uploads\/2021\/07\/Korsarenpreis_2021_A11-150x150.jpg\" class=\"attachment-thumbnail size-thumbnail\" alt=\"\" \/><\/a>\n\t\t\t<\/div><\/figure><figure class='gallery-item'>\n\t\t\t<div class='gallery-icon landscape'>\n\t\t\t\t<a href='https:\/\/korsarger3500.de\/wp-content\/uploads\/2021\/07\/Korsarenpreis_2021_A9.jpg'><img loading=\"lazy\" decoding=\"async\" width=\"150\" height=\"150\" src=\"https:\/\/korsarger3500.de\/wp-content\/uploads\/2021\/07\/Korsarenpreis_2021_A9-150x150.jpg\" class=\"attachment-thumbnail size-thumbnail\" alt=\"\" \/><\/a>\n\t\t\t<\/div><\/figure><figure class='gallery-item'>\n\t\t\t<div class='gallery-icon landscape'>\n\t\t\t\t<a href='https:\/\/korsarger3500.de\/wp-content\/uploads\/2021\/07\/Korsarenpreis_2021_A8.jpg'><img loading=\"lazy\" decoding=\"async\" width=\"150\" height=\"150\" src=\"https:\/\/korsarger3500.de\/wp-content\/uploads\/2021\/07\/Korsarenpreis_2021_A8-150x150.jpg\" class=\"attachment-thumbnail size-thumbnail\" alt=\"\" \/><\/a>\n\t\t\t<\/div><\/figure><figure class='gallery-item'>\n\t\t\t<div class='gallery-icon landscape'>\n\t\t\t\t<a href='https:\/\/korsarger3500.de\/wp-content\/uploads\/2021\/07\/Korsarenpreis_2021_A6.jpg'><img loading=\"lazy\" decoding=\"async\" width=\"150\" height=\"150\" src=\"https:\/\/korsarger3500.de\/wp-content\/uploads\/2021\/07\/Korsarenpreis_2021_A6-150x150.jpg\" class=\"attachment-thumbnail size-thumbnail\" alt=\"\" \/><\/a>\n\t\t\t<\/div><\/figure><figure class='gallery-item'>\n\t\t\t<div class='gallery-icon landscape'>\n\t\t\t\t<a href='https:\/\/korsarger3500.de\/wp-content\/uploads\/2021\/07\/Korsarenpreis_2021_A5.jpg'><img loading=\"lazy\" decoding=\"async\" width=\"150\" height=\"150\" src=\"https:\/\/korsarger3500.de\/wp-content\/uploads\/2021\/07\/Korsarenpreis_2021_A5-150x150.jpg\" class=\"attachment-thumbnail size-thumbnail\" alt=\"\" \/><\/a>\n\t\t\t<\/div><\/figure><figure class='gallery-item'>\n\t\t\t<div class='gallery-icon landscape'>\n\t\t\t\t<a href='https:\/\/korsarger3500.de\/wp-content\/uploads\/2021\/07\/Korsarenpreis_2021_A4.jpg'><img loading=\"lazy\" decoding=\"async\" width=\"150\" height=\"150\" src=\"https:\/\/korsarger3500.de\/wp-content\/uploads\/2021\/07\/Korsarenpreis_2021_A4-150x150.jpg\" class=\"attachment-thumbnail size-thumbnail\" alt=\"\" \/><\/a>\n\t\t\t<\/div><\/figure><figure class='gallery-item'>\n\t\t\t<div class='gallery-icon landscape'>\n\t\t\t\t<a href='https:\/\/korsarger3500.de\/wp-content\/uploads\/2021\/07\/Korsarenpreis_2021_A3.jpg'><img loading=\"lazy\" decoding=\"async\" width=\"150\" height=\"150\" src=\"https:\/\/korsarger3500.de\/wp-content\/uploads\/2021\/07\/Korsarenpreis_2021_A3-150x150.jpg\" class=\"attachment-thumbnail size-thumbnail\" alt=\"\" \/><\/a>\n\t\t\t<\/div><\/figure><figure class='gallery-item'>\n\t\t\t<div class='gallery-icon landscape'>\n\t\t\t\t<a href='https:\/\/korsarger3500.de\/wp-content\/uploads\/2021\/07\/Korsarenpreis_2021_A2.jpg'><img loading=\"lazy\" decoding=\"async\" width=\"150\" height=\"150\" src=\"https:\/\/korsarger3500.de\/wp-content\/uploads\/2021\/07\/Korsarenpreis_2021_A2-150x150.jpg\" class=\"attachment-thumbnail size-thumbnail\" alt=\"\" \/><\/a>\n\t\t\t<\/div><\/figure><figure class='gallery-item'>\n\t\t\t<div class='gallery-icon landscape'>\n\t\t\t\t<a href='https:\/\/korsarger3500.de\/wp-content\/uploads\/2021\/07\/Korsarenpreis_2021_A1.jpg'><img loading=\"lazy\" decoding=\"async\" width=\"150\" height=\"150\" src=\"https:\/\/korsarger3500.de\/wp-content\/uploads\/2021\/07\/Korsarenpreis_2021_A1-150x150.jpg\" class=\"attachment-thumbnail size-thumbnail\" alt=\"\" \/><\/a>\n\t\t\t<\/div><\/figure><figure class='gallery-item'>\n\t\t\t<div class='gallery-icon landscape'>\n\t\t\t\t<a href='https:\/\/korsarger3500.de\/wp-content\/uploads\/2021\/07\/Korsarenpreis_2021_150.jpg'><img loading=\"lazy\" decoding=\"async\" width=\"150\" height=\"150\" src=\"https:\/\/korsarger3500.de\/wp-content\/uploads\/2021\/07\/Korsarenpreis_2021_150-150x150.jpg\" class=\"attachment-thumbnail size-thumbnail\" alt=\"\" \/><\/a>\n\t\t\t<\/div><\/figure><figure class='gallery-item'>\n\t\t\t<div class='gallery-icon portrait'>\n\t\t\t\t<a href='https:\/\/korsarger3500.de\/wp-content\/uploads\/2021\/07\/Korsarenpreis_2021_157.jpg'><img loading=\"lazy\" decoding=\"async\" width=\"150\" height=\"150\" src=\"https:\/\/korsarger3500.de\/wp-content\/uploads\/2021\/07\/Korsarenpreis_2021_157-150x150.jpg\" class=\"attachment-thumbnail size-thumbnail\" alt=\"\" \/><\/a>\n\t\t\t<\/div><\/figure><figure class='gallery-item'>\n\t\t\t<div class='gallery-icon landscape'>\n\t\t\t\t<a href='https:\/\/korsarger3500.de\/wp-content\/uploads\/2021\/07\/Korsarenpreis_2021_148.jpg'><img loading=\"lazy\" decoding=\"async\" width=\"150\" height=\"150\" src=\"https:\/\/korsarger3500.de\/wp-content\/uploads\/2021\/07\/Korsarenpreis_2021_148-150x150.jpg\" class=\"attachment-thumbnail size-thumbnail\" alt=\"\" \/><\/a>\n\t\t\t<\/div><\/figure><figure class='gallery-item'>\n\t\t\t<div class='gallery-icon landscape'>\n\t\t\t\t<a href='https:\/\/korsarger3500.de\/wp-content\/uploads\/2021\/07\/Korsarenpreis_2021_55.jpg'><img loading=\"lazy\" decoding=\"async\" width=\"150\" height=\"150\" src=\"https:\/\/korsarger3500.de\/wp-content\/uploads\/2021\/07\/Korsarenpreis_2021_55-150x150.jpg\" class=\"attachment-thumbnail size-thumbnail\" alt=\"\" \/><\/a>\n\t\t\t<\/div><\/figure><figure class='gallery-item'>\n\t\t\t<div class='gallery-icon landscape'>\n\t\t\t\t<a href='https:\/\/korsarger3500.de\/wp-content\/uploads\/2021\/07\/Korsarenpreis_2021_137.jpg'><img loading=\"lazy\" decoding=\"async\" width=\"150\" height=\"150\" src=\"https:\/\/korsarger3500.de\/wp-content\/uploads\/2021\/07\/Korsarenpreis_2021_137-150x150.jpg\" class=\"attachment-thumbnail size-thumbnail\" alt=\"\" \/><\/a>\n\t\t\t<\/div><\/figure><figure class='gallery-item'>\n\t\t\t<div class='gallery-icon landscape'>\n\t\t\t\t<a href='https:\/\/korsarger3500.de\/wp-content\/uploads\/2021\/07\/Korsarenpreis_2021_130.jpg'><img loading=\"lazy\" decoding=\"async\" width=\"150\" height=\"150\" src=\"https:\/\/korsarger3500.de\/wp-content\/uploads\/2021\/07\/Korsarenpreis_2021_130-150x150.jpg\" class=\"attachment-thumbnail size-thumbnail\" alt=\"\" \/><\/a>\n\t\t\t<\/div><\/figure><figure class='gallery-item'>\n\t\t\t<div class='gallery-icon landscape'>\n\t\t\t\t<a href='https:\/\/korsarger3500.de\/wp-content\/uploads\/2021\/07\/Korsarenpreis_2021_125.jpg'><img loading=\"lazy\" decoding=\"async\" width=\"150\" height=\"150\" src=\"https:\/\/korsarger3500.de\/wp-content\/uploads\/2021\/07\/Korsarenpreis_2021_125-150x150.jpg\" class=\"attachment-thumbnail size-thumbnail\" alt=\"\" \/><\/a>\n\t\t\t<\/div><\/figure><figure class='gallery-item'>\n\t\t\t<div class='gallery-icon landscape'>\n\t\t\t\t<a href='https:\/\/korsarger3500.de\/wp-content\/uploads\/2021\/07\/Korsarenpreis_2021_117.jpg'><img loading=\"lazy\" decoding=\"async\" width=\"150\" height=\"150\" src=\"https:\/\/korsarger3500.de\/wp-content\/uploads\/2021\/07\/Korsarenpreis_2021_117-150x150.jpg\" class=\"attachment-thumbnail size-thumbnail\" alt=\"\" \/><\/a>\n\t\t\t<\/div><\/figure><figure class='gallery-item'>\n\t\t\t<div class='gallery-icon landscape'>\n\t\t\t\t<a href='https:\/\/korsarger3500.de\/wp-content\/uploads\/2021\/07\/Korsarenpreis_2021_107.jpg'><img loading=\"lazy\" decoding=\"async\" width=\"150\" height=\"150\" src=\"https:\/\/korsarger3500.de\/wp-content\/uploads\/2021\/07\/Korsarenpreis_2021_107-150x150.jpg\" class=\"attachment-thumbnail size-thumbnail\" alt=\"\" \/><\/a>\n\t\t\t<\/div><\/figure><figure class='gallery-item'>\n\t\t\t<div class='gallery-icon landscape'>\n\t\t\t\t<a href='https:\/\/korsarger3500.de\/wp-content\/uploads\/2021\/07\/Korsarenpreis_2021_99.jpg'><img loading=\"lazy\" decoding=\"async\" width=\"150\" height=\"150\" src=\"https:\/\/korsarger3500.de\/wp-content\/uploads\/2021\/07\/Korsarenpreis_2021_99-150x150.jpg\" class=\"attachment-thumbnail size-thumbnail\" alt=\"\" \/><\/a>\n\t\t\t<\/div><\/figure><figure class='gallery-item'>\n\t\t\t<div class='gallery-icon landscape'>\n\t\t\t\t<a href='https:\/\/korsarger3500.de\/wp-content\/uploads\/2021\/07\/Korsarenpreis_2021_94.jpg'><img loading=\"lazy\" decoding=\"async\" width=\"150\" height=\"150\" src=\"https:\/\/korsarger3500.de\/wp-content\/uploads\/2021\/07\/Korsarenpreis_2021_94-150x150.jpg\" class=\"attachment-thumbnail size-thumbnail\" alt=\"\" \/><\/a>\n\t\t\t<\/div><\/figure><figure class='gallery-item'>\n\t\t\t<div class='gallery-icon landscape'>\n\t\t\t\t<a href='https:\/\/korsarger3500.de\/wp-content\/uploads\/2021\/07\/Korsarenpreis_2021_90.jpg'><img loading=\"lazy\" decoding=\"async\" width=\"150\" height=\"150\" src=\"https:\/\/korsarger3500.de\/wp-content\/uploads\/2021\/07\/Korsarenpreis_2021_90-150x150.jpg\" class=\"attachment-thumbnail size-thumbnail\" alt=\"\" \/><\/a>\n\t\t\t<\/div><\/figure><figure class='gallery-item'>\n\t\t\t<div class='gallery-icon landscape'>\n\t\t\t\t<a href='https:\/\/korsarger3500.de\/wp-content\/uploads\/2021\/07\/Korsarenpreis_2021_87.jpg'><img loading=\"lazy\" decoding=\"async\" width=\"150\" height=\"150\" src=\"https:\/\/korsarger3500.de\/wp-content\/uploads\/2021\/07\/Korsarenpreis_2021_87-150x150.jpg\" class=\"attachment-thumbnail size-thumbnail\" alt=\"\" \/><\/a>\n\t\t\t<\/div><\/figure><figure class='gallery-item'>\n\t\t\t<div class='gallery-icon landscape'>\n\t\t\t\t<a href='https:\/\/korsarger3500.de\/wp-content\/uploads\/2021\/07\/Korsarenpreis_2021_79.jpg'><img loading=\"lazy\" decoding=\"async\" width=\"150\" height=\"150\" src=\"https:\/\/korsarger3500.de\/wp-content\/uploads\/2021\/07\/Korsarenpreis_2021_79-150x150.jpg\" class=\"attachment-thumbnail size-thumbnail\" alt=\"\" \/><\/a>\n\t\t\t<\/div><\/figure><figure class='gallery-item'>\n\t\t\t<div class='gallery-icon landscape'>\n\t\t\t\t<a href='https:\/\/korsarger3500.de\/wp-content\/uploads\/2021\/07\/Korsarenpreis_2021_69.jpg'><img loading=\"lazy\" decoding=\"async\" width=\"150\" height=\"150\" src=\"https:\/\/korsarger3500.de\/wp-content\/uploads\/2021\/07\/Korsarenpreis_2021_69-150x150.jpg\" class=\"attachment-thumbnail size-thumbnail\" alt=\"\" \/><\/a>\n\t\t\t<\/div><\/figure><figure class='gallery-item'>\n\t\t\t<div class='gallery-icon portrait'>\n\t\t\t\t<a href='https:\/\/korsarger3500.de\/wp-content\/uploads\/2021\/07\/Korsarenpreis_2021_61.jpg'><img loading=\"lazy\" decoding=\"async\" width=\"150\" height=\"150\" src=\"https:\/\/korsarger3500.de\/wp-content\/uploads\/2021\/07\/Korsarenpreis_2021_61-150x150.jpg\" class=\"attachment-thumbnail size-thumbnail\" alt=\"\" \/><\/a>\n\t\t\t<\/div><\/figure><figure class='gallery-item'>\n\t\t\t<div class='gallery-icon landscape'>\n\t\t\t\t<a href='https:\/\/korsarger3500.de\/wp-content\/uploads\/2021\/07\/Korsarenpreis_2021_A22.jpg'><img loading=\"lazy\" decoding=\"async\" width=\"150\" height=\"150\" src=\"https:\/\/korsarger3500.de\/wp-content\/uploads\/2021\/07\/Korsarenpreis_2021_A22-150x150.jpg\" class=\"attachment-thumbnail size-thumbnail\" alt=\"\" \/><\/a>\n\t\t\t<\/div><\/figure>\n\t\t<\/div>\n\n<p style=\"text-align: justify;\">ah-so gewonnen hat <em>vajra<\/em> mit Rainer und Marie<\/p>\n<p style=\"text-align: justify;\"><a href=\"https:\/\/korsarger3500.de\/wp-content\/uploads\/2022\/06\/2021_Goldkanal.jpg\" data-lbwps-width=\"941\" data-lbwps-height=\"443\" data-lbwps-srcsmall=\"https:\/\/korsarger3500.de\/wp-content\/uploads\/2022\/06\/2021_Goldkanal-300x141.jpg\">Ergebnis<\/a><\/p>\n<p style=\"text-align: justify;\"><a href=\"https:\/\/korsarger3500.de\/index.php\/auerhahnregatta-2021\/\">weiter<\/a> \u2026oder zur <a href=\"http:\/\/korsarger3500.de\/\">Startseite<\/a><\/p>\n","protected":false},"excerpt":{"rendered":"<p>Drei Tage musste ich im Stuttgarter Starkregen ausharren und dort ausgiebig meine neue Persening auf Dichtigkeit testen. Den Test hat sie bestanden, kein Tropfen ist durch sie zu mir hindurch vorgedrungen. Von Stuttgart aus sind wir dann kurz nach Hause gefahren um anschlie\u00dfend gleich wieder an den Goldkanal zum RCR zu d\u00fcsen. Nach der Ankunft &hellip; <a href=\"https:\/\/korsarger3500.de\/index.php\/korsarenpreis-2021-am-goldkanal\/\" class=\"more-link\"><span class=\"screen-reader-text\">Korsarenpreis 2021 am Goldkanal<\/span> weiterlesen<\/a><\/p>\n","protected":false},"author":1,"featured_media":0,"parent":0,"menu_order":0,"comment_status":"closed","ping_status":"closed","template":"","meta":{"footnotes":""},"class_list":["post-7083","page","type-page","status-publish","hentry"],"_links":{"self":[{"href":"https:\/\/korsarger3500.de\/index.php\/wp-json\/wp\/v2\/pages\/7083","targetHints":{"allow":["GET"]}}],"collection":[{"href":"https:\/\/korsarger3500.de\/index.php\/wp-json\/wp\/v2\/pages"}],"about":[{"href":"https:\/\/korsarger3500.de\/index.php\/wp-json\/wp\/v2\/types\/page"}],"author":[{"embeddable":true,"href":"https:\/\/korsarger3500.de\/index.php\/wp-json\/wp\/v2\/users\/1"}],"replies":[{"embeddable":true,"href":"https:\/\/korsarger3500.de\/index.php\/wp-json\/wp\/v2\/comments?post=7083"}],"version-history":[{"count":22,"href":"https:\/\/korsarger3500.de\/index.php\/wp-json\/wp\/v2\/pages\/7083\/revisions"}],"predecessor-version":[{"id":7793,"href":"https:\/\/korsarger3500.de\/index.php\/wp-json\/wp\/v2\/pages\/7083\/revisions\/7793"}],"wp:attachment":[{"href":"https:\/\/korsarger3500.de\/index.php\/wp-json\/wp\/v2\/media?parent=7083"}],"curies":[{"name":"wp","href":"https:\/\/api.w.org\/{rel}","templated":true}]}}