{"id":7081,"date":"2021-07-22T07:20:06","date_gmt":"2021-07-22T05:20:06","guid":{"rendered":"https:\/\/korsarger3500.de\/?page_id=7081"},"modified":"2022-06-10T11:03:24","modified_gmt":"2022-06-10T09:03:24","slug":"kuhschellenregatta-2021","status":"publish","type":"page","link":"https:\/\/korsarger3500.de\/index.php\/kuhschellenregatta-2021\/","title":{"rendered":"Kuhschellenregatta 2021"},"content":{"rendered":"<p style=\"text-align: justify;\">Endlich wieder zu einer Regatta fahren, da hab ich dieses Jahr lange darauf warten m\u00fcssen. Aber jetzt, Ende Juni, ging es dann endlich zum SCAI an den Alpsee. Ich hatte mich schon auf eine lange Fahrt eingestellt und die wurde dann wegen Staus und Umleitungen noch l\u00e4nger als geplant. Da wir aber schon zur Mittagszeit zu Hause loskamen, erreichten wir den Alpsee noch bevor es dunkel wurde. Nach der Begr\u00fc\u00dfungsrunde bei den schon anwesenden Seglern konnte ich sogar noch aufgebaut werden, nur meinen Stammplatz vor dem Clubhaus konnte ich <a href=\"https:\/\/korsarger3500.de\/wp-content\/uploads\/2021\/07\/Kuhschelle_2021_48.jpg\" data-lbwps-width=\"1493\" data-lbwps-height=\"1120\" data-lbwps-srcsmall=\"https:\/\/korsarger3500.de\/wp-content\/uploads\/2021\/07\/Kuhschelle_2021_48-300x225.jpg\"><img loading=\"lazy\" decoding=\"async\" class=\"size-thumbnail wp-image-7135 alignleft\" src=\"https:\/\/korsarger3500.de\/wp-content\/uploads\/2021\/07\/Kuhschelle_2021_48-150x150.jpg\" alt=\"\" width=\"150\" height=\"150\" \/><\/a>nicht einnehmen. Nein &#8211; <em>New beetle<\/em> stand dort nicht, es standen jede Menge St\u00fchle an der Stelle. Das war schon die Vorbereitung zur Steuermannsbesprechung am Samstag. Da sollten die Crewmitglieder sch\u00f6n mit Abstand zueinander sitzen. Wie gut, dass das f\u00fcr uns Schiffe nicht gilt. Wir standen wie immer kuschelig und dicht beieinander. Nach und nach trudelten immer mehr Schiffe ein und das Austauschen von Neuigkeiten schien kein Ende zu nehmen. Kein Wunder, denn die Crews hatten sich lange nicht mehr gesehen. Am Abend wurde dann, wie es hier Tradition ist, ein Lagerfeuer angez\u00fcndet und irgendwann verschwand die Crew zu Ihrer Pension. Am Samstag konnten es die Segler ruhig angehen lassen, es war wenig Wind angesagt und der dann auch noch aus der<a href=\"https:\/\/korsarger3500.de\/wp-content\/uploads\/2021\/07\/Kuhschelle_2021_44.jpg\" data-lbwps-width=\"1493\" data-lbwps-height=\"1120\" data-lbwps-srcsmall=\"https:\/\/korsarger3500.de\/wp-content\/uploads\/2021\/07\/Kuhschelle_2021_44-300x225.jpg\"><img loading=\"lazy\" decoding=\"async\" class=\"size-thumbnail wp-image-7132 alignright\" src=\"https:\/\/korsarger3500.de\/wp-content\/uploads\/2021\/07\/Kuhschelle_2021_44-150x150.jpg\" alt=\"\" width=\"150\" height=\"150\" \/><\/a> falschen Richtung. Skipper machte zun\u00e4chst einmal eine Runde \u00fcber den Platz, schaute sich die Schiffe an, die er noch nicht kannte oder begutachtet die eine oder andere Ver\u00e4nderung. Die <em>redSALING.at<\/em> sorgte u.a. daf\u00fcr das die Kuhschelle wieder den Zusatz international tragen durfte. Dann war da noch ein unbekanntes <a href=\"https:\/\/korsarger3500.de\/wp-content\/uploads\/2021\/07\/Kuhschelle_2021_1-1.jpg\" data-lbwps-width=\"935\" data-lbwps-height=\"858\" data-lbwps-srcsmall=\"https:\/\/korsarger3500.de\/wp-content\/uploads\/2021\/07\/Kuhschelle_2021_1-1-300x275.jpg\"><img loading=\"lazy\" decoding=\"async\" class=\"size-thumbnail wp-image-7117 alignleft\" src=\"https:\/\/korsarger3500.de\/wp-content\/uploads\/2021\/07\/Kuhschelle_2021_1-1-150x150.jpg\" alt=\"\" width=\"150\" height=\"150\" \/><\/a>Schiff mit Segelnummer <em>SIU 469<\/em> (ja Ihr lest richtig). Es wird ab sofort von Peter gesegelt und ich bin gespannt welchen Namen es bekommt. Ich bin ja f\u00fcr <em>see you <\/em>das w\u00fcrde sch\u00f6n passen &#8211; ich werde es ab jetzt bestimmt regelm\u00e4\u00dfig sehen. Es wurde gleich mal auf die Seite gelegt und poliert. Das scheint hier am Alpsee schon Peters Tradition zu sein. Ein alter Bekannte mit neuem Namen wurde auch aufgebaut. <em>Br\u00fcllk\u00e4fer<\/em> war da, der nach einem kurzen Intermezzo als <em>Sister Ac<\/em>t, jetzt hier als <em>Segel-flow <\/em>auftauchte. Ich habe so eine Ahnung, dass<a href=\"https:\/\/korsarger3500.de\/wp-content\/uploads\/2021\/07\/Kuhschelle_2021_59.jpg\" data-lbwps-width=\"1680\" data-lbwps-height=\"945\" data-lbwps-srcsmall=\"https:\/\/korsarger3500.de\/wp-content\/uploads\/2021\/07\/Kuhschelle_2021_59-300x169.jpg\"><img loading=\"lazy\" decoding=\"async\" class=\"size-thumbnail wp-image-7142 alignright\" src=\"https:\/\/korsarger3500.de\/wp-content\/uploads\/2021\/07\/Kuhschelle_2021_59-150x150.jpg\" alt=\"\" width=\"150\" height=\"150\" \/><\/a> er jetzt angekommen ist und noch lange unter diesem Namen zu sehen sein wird. Dann fand die offizielle Begr\u00fc\u00dfung und die\u00a0 Steuermannsbesprechung statt, bei der auf die Besonderheiten wegen der Corona Pandemie hingewiesen wurde. Ali erkl\u00e4rte auch noch ein mal allen die verschiedenen Kursvarianten, die es an diesem Wochenende geben k\u00f6nnte. Scheinbar hat meine Crew da nicht gut aufgepasst, wie sich sp\u00e4ter herausstellen sollte. Gegen sp\u00e4ten Nachmittag stellte sich ein laues L\u00fcftchen aus Nord-Ost ein und es ging raus auf die Bahn. Am Start waren alle irgendwie sehr nerv\u00f6s und Skipper fand nur eine enge L\u00fccke zwischen den Booten an der Linie. Die <em>3560<\/em> in Lee verlangte Raum und stellte mich in den Wind. Als dann der Startschuss fiel, ging ein paar ewig dauernde Sekunden lang gar nichts mehr und wir mussten hinter dem Feld her- segeln. Wenn die Crew aufgepasst h\u00e4tte, w\u00e4re Ihr auch nicht entgangen, dass die Bahnverk\u00fcrzungsflagge schon beim Start auf dem Startboot hing. Wir segelten das erste Dreieck ab und arbeiteten uns langsam vor.\u00a0 Auf der zweiten Kreuz sah Skipper eine Tonne mit blauer Flagge in Lee vor uns. Das Startschiff bildete mit dieser Tonne eine (Ziel?)-Linie. <em>s\u00e4ckn\u00b4d Strietzer<\/em> steuerte vor uns auf diese Linie zu. &#8222;Das muss also das Ziel sein &#8211; &#8222;Die fahren dahin&#8220; sagte Skipper zur Schottin und fiel ab in Richtung dieser Linie. Dass die Schottin anderer Meinung war und damit Recht hatte, stellte sich dann aber schnell heraus. Am Alpsee ist das Ziel immer am Clubhaus und nie an einer anderen Stelle im See. Das m\u00fcsste Skipper eigentlich wissen. Also sind wir dann noch den haben See hinauf zum Clubhaus und durch das richtige Ziel gesegelt. Dass der Lokalmatador <em>s\u00e4ckn\u00b4d Strietzer<\/em> auch zuerst das falsche Ziel anpeilte, war dann nur ein m\u00e4\u00dfiger Trost. Danach folgten drei Start\u00fcbungen mit jeweiligem Gesamtr\u00fcckruf. Beim f\u00fcnften Start sah Skipper das der Wind von Nord auf die Starttonne zu lief und steuerte darauf zu. Mit dem Schuss drehte der Wind dann auch noch zu unseren Gunsten, so dass wir umlegen konnten und einen guten Winkel zum Luvfass hatten. Hier kamen wir dann auch an vierter Position an, aber damit war es dann auch schon vorbei. Der Wind schlief ein und \u00fcber den Bergen braute sich ein Gewitter zusammen. Als die ersten Blitze zu sehen und das Grollen zu h\u00f6ren war, paddelte die Crew mich \u00fcber den Alpsee zur\u00fcck zum Clubgel\u00e4nde. Das Gewitter zog dann aber zum Gl\u00fcck vorbei. Slippen und Abbauen wurden so nebenbei erledigt <a href=\"https:\/\/korsarger3500.de\/wp-content\/uploads\/2021\/07\/Kuhschelle_2021_26.jpg\" data-lbwps-width=\"630\" data-lbwps-height=\"1120\" data-lbwps-srcsmall=\"https:\/\/korsarger3500.de\/wp-content\/uploads\/2021\/07\/Kuhschelle_2021_26-169x300.jpg\"><img loading=\"lazy\" decoding=\"async\" class=\"size-thumbnail wp-image-7126 alignleft\" src=\"https:\/\/korsarger3500.de\/wp-content\/uploads\/2021\/07\/Kuhschelle_2021_26-150x150.jpg\" alt=\"\" width=\"150\" height=\"150\" \/><\/a>w\u00e4hrend die Crew sich mit dem guten Start \u00fcber den verpatzten ersten Lauf tr\u00f6stete. F\u00fcr Sonntag war um 9:00 Uhr Startbereitschaft angesagt, sodass es auch kein zu langer Abend am Lagerfeuer wurde. Die Crew war morgens zeitig auf dem Gel\u00e4nde und ich stand bald segelfertig da. Das blieb auch den ganzen Tags so, denn es stellte sich kein L\u00fcftchen ein. Also wurde ausgiebig gefachsimpelt und manche schraubte auch an Ihren Schiffen. <em>0815&#8242;<\/em>s Skipper erz\u00e4hlte vom richtigen Trimmen und wie immer<a href=\"https:\/\/korsarger3500.de\/wp-content\/uploads\/2021\/07\/Kuhschelle_2021_42.jpg\" data-lbwps-width=\"1493\" data-lbwps-height=\"1120\" data-lbwps-srcsmall=\"https:\/\/korsarger3500.de\/wp-content\/uploads\/2021\/07\/Kuhschelle_2021_42-300x225.jpg\"><img loading=\"lazy\" decoding=\"async\" class=\"size-thumbnail wp-image-7131 alignright\" src=\"https:\/\/korsarger3500.de\/wp-content\/uploads\/2021\/07\/Kuhschelle_2021_42-150x150.jpg\" alt=\"\" width=\"150\" height=\"150\" \/><\/a> h\u00f6rten viele gespannt seinen Ausf\u00fchrungen zu. Irgendwann wollte Ali es dann doch noch wissen und schickte uns auf das Wasser. Wir d\u00fcmpelten gem\u00fctlich zur Startlinie um dann bald wieder mangels Wind zur\u00fcck zum Clubhaus zu treiben. Es kam dann auch kein Wind mehr auf, sodass die Siegerehrung bald stattfinden konnte. Zum abbauen konnte die Crew sich viel Zeit lassen, da die Heimreise erst f\u00fcr den n\u00e4chsten Tag geplant war. Die Reise ging dann Montags gem\u00fctlich \u00fcber Land und zun\u00e4chst bis zum Zwischenstopp in Stuttgart. Dort hatte die Crew ein Treffen mit Enkel Julius (Zwuckel) und <img loading=\"lazy\" decoding=\"async\" class=\"alignleft wp-image-7450 size-thumbnail\" src=\"https:\/\/korsarger3500.de\/wp-content\/uploads\/2021\/11\/Zwuckel-150x150.jpg\" alt=\"\" width=\"150\" height=\"150\" \/>seien Eltern. Ups &#8211; muss ich die beiden ab jetzt Oma und Opa rufen? &#8211; Ich denke ich bleibe bei Skipper und Schottin und bin mit Ihnen zusammen sehr gespannt was die Zukunft bringt.<\/p>\n<p>&nbsp;<\/p>\n<p>Hier noch ein paar Bilder<\/p>\n<div id='gallery-1' class='gallery galleryid-7081 gallery-columns-4 gallery-size-thumbnail'><figure class='gallery-item'>\n\t\t\t<div class='gallery-icon landscape'>\n\t\t\t\t<a href='https:\/\/korsarger3500.de\/wp-content\/uploads\/2021\/07\/Kuhschelle_2021_55.jpg'><img loading=\"lazy\" decoding=\"async\" width=\"150\" height=\"150\" src=\"https:\/\/korsarger3500.de\/wp-content\/uploads\/2021\/07\/Kuhschelle_2021_55-150x150.jpg\" class=\"attachment-thumbnail size-thumbnail\" alt=\"\" \/><\/a>\n\t\t\t<\/div><\/figure><figure class='gallery-item'>\n\t\t\t<div class='gallery-icon landscape'>\n\t\t\t\t<a href='https:\/\/korsarger3500.de\/wp-content\/uploads\/2021\/07\/Kuhschelle_2021_10.jpg'><img loading=\"lazy\" decoding=\"async\" width=\"150\" height=\"150\" src=\"https:\/\/korsarger3500.de\/wp-content\/uploads\/2021\/07\/Kuhschelle_2021_10-150x150.jpg\" class=\"attachment-thumbnail size-thumbnail\" alt=\"\" \/><\/a>\n\t\t\t<\/div><\/figure><figure class='gallery-item'>\n\t\t\t<div class='gallery-icon landscape'>\n\t\t\t\t<a href='https:\/\/korsarger3500.de\/wp-content\/uploads\/2021\/07\/Kuhschelle_2021_34.jpg'><img loading=\"lazy\" decoding=\"async\" width=\"150\" height=\"150\" src=\"https:\/\/korsarger3500.de\/wp-content\/uploads\/2021\/07\/Kuhschelle_2021_34-150x150.jpg\" class=\"attachment-thumbnail size-thumbnail\" alt=\"\" \/><\/a>\n\t\t\t<\/div><\/figure><figure class='gallery-item'>\n\t\t\t<div class='gallery-icon landscape'>\n\t\t\t\t<a href='https:\/\/korsarger3500.de\/wp-content\/uploads\/2021\/07\/Kuhschelle_2021_3.jpg'><img loading=\"lazy\" decoding=\"async\" width=\"150\" height=\"150\" src=\"https:\/\/korsarger3500.de\/wp-content\/uploads\/2021\/07\/Kuhschelle_2021_3-150x150.jpg\" class=\"attachment-thumbnail size-thumbnail\" alt=\"\" \/><\/a>\n\t\t\t<\/div><\/figure><figure class='gallery-item'>\n\t\t\t<div class='gallery-icon landscape'>\n\t\t\t\t<a href='https:\/\/korsarger3500.de\/wp-content\/uploads\/2021\/07\/Kuhschelle_2021_6.jpg'><img loading=\"lazy\" decoding=\"async\" width=\"150\" height=\"150\" src=\"https:\/\/korsarger3500.de\/wp-content\/uploads\/2021\/07\/Kuhschelle_2021_6-150x150.jpg\" class=\"attachment-thumbnail size-thumbnail\" alt=\"\" \/><\/a>\n\t\t\t<\/div><\/figure><figure class='gallery-item'>\n\t\t\t<div class='gallery-icon landscape'>\n\t\t\t\t<a href='https:\/\/korsarger3500.de\/wp-content\/uploads\/2021\/07\/Kuhschelle_2021_2.jpg'><img loading=\"lazy\" decoding=\"async\" width=\"150\" height=\"150\" src=\"https:\/\/korsarger3500.de\/wp-content\/uploads\/2021\/07\/Kuhschelle_2021_2-150x150.jpg\" class=\"attachment-thumbnail size-thumbnail\" alt=\"\" \/><\/a>\n\t\t\t<\/div><\/figure><figure class='gallery-item'>\n\t\t\t<div class='gallery-icon landscape'>\n\t\t\t\t<a href='https:\/\/korsarger3500.de\/wp-content\/uploads\/2021\/07\/Kuhschelle_2021_58.jpg'><img loading=\"lazy\" decoding=\"async\" width=\"150\" height=\"150\" src=\"https:\/\/korsarger3500.de\/wp-content\/uploads\/2021\/07\/Kuhschelle_2021_58-150x150.jpg\" class=\"attachment-thumbnail size-thumbnail\" alt=\"\" \/><\/a>\n\t\t\t<\/div><\/figure><figure class='gallery-item'>\n\t\t\t<div class='gallery-icon landscape'>\n\t\t\t\t<a href='https:\/\/korsarger3500.de\/wp-content\/uploads\/2021\/07\/Kuhschelle_2021_45.jpg'><img loading=\"lazy\" decoding=\"async\" width=\"150\" height=\"150\" src=\"https:\/\/korsarger3500.de\/wp-content\/uploads\/2021\/07\/Kuhschelle_2021_45-150x150.jpg\" class=\"attachment-thumbnail size-thumbnail\" alt=\"\" \/><\/a>\n\t\t\t<\/div><\/figure><figure class='gallery-item'>\n\t\t\t<div class='gallery-icon landscape'>\n\t\t\t\t<a href='https:\/\/korsarger3500.de\/wp-content\/uploads\/2021\/07\/Kuhschelle_2021_40.jpg'><img loading=\"lazy\" decoding=\"async\" width=\"150\" height=\"150\" src=\"https:\/\/korsarger3500.de\/wp-content\/uploads\/2021\/07\/Kuhschelle_2021_40-150x150.jpg\" class=\"attachment-thumbnail size-thumbnail\" alt=\"\" \/><\/a>\n\t\t\t<\/div><\/figure><figure class='gallery-item'>\n\t\t\t<div class='gallery-icon portrait'>\n\t\t\t\t<a href='https:\/\/korsarger3500.de\/wp-content\/uploads\/2021\/07\/Kuhschelle_2021_30.jpg'><img loading=\"lazy\" decoding=\"async\" width=\"150\" height=\"150\" src=\"https:\/\/korsarger3500.de\/wp-content\/uploads\/2021\/07\/Kuhschelle_2021_30-150x150.jpg\" class=\"attachment-thumbnail size-thumbnail\" alt=\"\" \/><\/a>\n\t\t\t<\/div><\/figure><figure class='gallery-item'>\n\t\t\t<div class='gallery-icon portrait'>\n\t\t\t\t<a href='https:\/\/korsarger3500.de\/wp-content\/uploads\/2021\/07\/Kuhschelle_2021_18.jpg'><img loading=\"lazy\" decoding=\"async\" width=\"150\" height=\"150\" src=\"https:\/\/korsarger3500.de\/wp-content\/uploads\/2021\/07\/Kuhschelle_2021_18-150x150.jpg\" class=\"attachment-thumbnail size-thumbnail\" alt=\"\" \/><\/a>\n\t\t\t<\/div><\/figure><figure class='gallery-item'>\n\t\t\t<div class='gallery-icon portrait'>\n\t\t\t\t<a href='https:\/\/korsarger3500.de\/wp-content\/uploads\/2021\/07\/Kuhschelle_2021_20.jpg'><img loading=\"lazy\" decoding=\"async\" width=\"150\" height=\"150\" src=\"https:\/\/korsarger3500.de\/wp-content\/uploads\/2021\/07\/Kuhschelle_2021_20-150x150.jpg\" class=\"attachment-thumbnail size-thumbnail\" alt=\"\" \/><\/a>\n\t\t\t<\/div><\/figure><figure class='gallery-item'>\n\t\t\t<div class='gallery-icon landscape'>\n\t\t\t\t<a href='https:\/\/korsarger3500.de\/wp-content\/uploads\/2021\/07\/Kuhschelle_2021_12.jpg'><img loading=\"lazy\" decoding=\"async\" width=\"150\" height=\"150\" src=\"https:\/\/korsarger3500.de\/wp-content\/uploads\/2021\/07\/Kuhschelle_2021_12-150x150.jpg\" class=\"attachment-thumbnail size-thumbnail\" alt=\"\" \/><\/a>\n\t\t\t<\/div><\/figure><figure class='gallery-item'>\n\t\t\t<div class='gallery-icon landscape'>\n\t\t\t\t<a href='https:\/\/korsarger3500.de\/wp-content\/uploads\/2021\/07\/Kuhschelle_2021_9.jpg'><img loading=\"lazy\" decoding=\"async\" width=\"150\" height=\"150\" src=\"https:\/\/korsarger3500.de\/wp-content\/uploads\/2021\/07\/Kuhschelle_2021_9-150x150.jpg\" class=\"attachment-thumbnail size-thumbnail\" alt=\"\" \/><\/a>\n\t\t\t<\/div><\/figure><figure class='gallery-item'>\n\t\t\t<div class='gallery-icon landscape'>\n\t\t\t\t<a href='https:\/\/korsarger3500.de\/wp-content\/uploads\/2021\/07\/Kuhschelle_2021_35.jpg'><img loading=\"lazy\" decoding=\"async\" width=\"150\" height=\"150\" src=\"https:\/\/korsarger3500.de\/wp-content\/uploads\/2021\/07\/Kuhschelle_2021_35-150x150.jpg\" class=\"attachment-thumbnail size-thumbnail\" alt=\"\" \/><\/a>\n\t\t\t<\/div><\/figure><figure class='gallery-item'>\n\t\t\t<div class='gallery-icon landscape'>\n\t\t\t\t<a href='https:\/\/korsarger3500.de\/wp-content\/uploads\/2021\/07\/Kuhschelle_2021_47.jpg'><img loading=\"lazy\" decoding=\"async\" width=\"150\" height=\"150\" src=\"https:\/\/korsarger3500.de\/wp-content\/uploads\/2021\/07\/Kuhschelle_2021_47-150x150.jpg\" class=\"attachment-thumbnail size-thumbnail\" alt=\"\" \/><\/a>\n\t\t\t<\/div><\/figure><figure class='gallery-item'>\n\t\t\t<div class='gallery-icon landscape'>\n\t\t\t\t<a href='https:\/\/korsarger3500.de\/wp-content\/uploads\/2021\/07\/Kuhschelle_2021_50.jpg'><img loading=\"lazy\" decoding=\"async\" width=\"150\" height=\"150\" src=\"https:\/\/korsarger3500.de\/wp-content\/uploads\/2021\/07\/Kuhschelle_2021_50-150x150.jpg\" class=\"attachment-thumbnail size-thumbnail\" alt=\"\" \/><\/a>\n\t\t\t<\/div><\/figure><figure class='gallery-item'>\n\t\t\t<div class='gallery-icon landscape'>\n\t\t\t\t<a href='https:\/\/korsarger3500.de\/wp-content\/uploads\/2021\/07\/Kuhschelle_2021_53.jpg'><img loading=\"lazy\" decoding=\"async\" width=\"150\" height=\"150\" src=\"https:\/\/korsarger3500.de\/wp-content\/uploads\/2021\/07\/Kuhschelle_2021_53-150x150.jpg\" class=\"attachment-thumbnail size-thumbnail\" alt=\"\" \/><\/a>\n\t\t\t<\/div><\/figure><figure class='gallery-item'>\n\t\t\t<div class='gallery-icon landscape'>\n\t\t\t\t<a href='https:\/\/korsarger3500.de\/wp-content\/uploads\/2021\/07\/Kuhschelle_2021_51.jpg'><img loading=\"lazy\" decoding=\"async\" width=\"150\" height=\"150\" src=\"https:\/\/korsarger3500.de\/wp-content\/uploads\/2021\/07\/Kuhschelle_2021_51-150x150.jpg\" class=\"attachment-thumbnail size-thumbnail\" alt=\"\" \/><\/a>\n\t\t\t<\/div><\/figure><figure class='gallery-item'>\n\t\t\t<div class='gallery-icon landscape'>\n\t\t\t\t<a href='https:\/\/korsarger3500.de\/wp-content\/uploads\/2021\/07\/Kuhschelle_2021_54.jpg'><img loading=\"lazy\" decoding=\"async\" width=\"150\" height=\"150\" src=\"https:\/\/korsarger3500.de\/wp-content\/uploads\/2021\/07\/Kuhschelle_2021_54-150x150.jpg\" class=\"attachment-thumbnail size-thumbnail\" alt=\"\" \/><\/a>\n\t\t\t<\/div><\/figure>\n\t\t<\/div>\n\n<p style=\"text-align: justify;\">ah-so gewonnen hat <em>vajra<\/em> mit Rainer und Carla<\/p>\n<p style=\"text-align: justify;\"><a href=\"https:\/\/korsarger3500.de\/wp-content\/uploads\/2022\/06\/2021_Kuhschelle.jpg\" data-lbwps-width=\"931\" data-lbwps-height=\"650\" data-lbwps-srcsmall=\"https:\/\/korsarger3500.de\/wp-content\/uploads\/2022\/06\/2021_Kuhschelle-300x209.jpg\">Ergebnis<\/a><\/p>\n<p style=\"text-align: justify;\"><a href=\"https:\/\/korsarger3500.de\/index.php\/korsarenpreis-2021-am-goldkanal\/\">weiter<\/a> \u2026oder zur <a href=\"http:\/\/korsarger3500.de\/\">Startseite<\/a><\/p>\n","protected":false},"excerpt":{"rendered":"<p>Endlich wieder zu einer Regatta fahren, da hab ich dieses Jahr lange darauf warten m\u00fcssen. Aber jetzt, Ende Juni, ging es dann endlich zum SCAI an den Alpsee. Ich hatte mich schon auf eine lange Fahrt eingestellt und die wurde dann wegen Staus und Umleitungen noch l\u00e4nger als geplant. Da wir aber schon zur Mittagszeit &hellip; <a href=\"https:\/\/korsarger3500.de\/index.php\/kuhschellenregatta-2021\/\" class=\"more-link\"><span class=\"screen-reader-text\">Kuhschellenregatta 2021<\/span> weiterlesen<\/a><\/p>\n","protected":false},"author":1,"featured_media":0,"parent":0,"menu_order":0,"comment_status":"closed","ping_status":"closed","template":"","meta":{"footnotes":""},"class_list":["post-7081","page","type-page","status-publish","hentry"],"_links":{"self":[{"href":"https:\/\/korsarger3500.de\/index.php\/wp-json\/wp\/v2\/pages\/7081","targetHints":{"allow":["GET"]}}],"collection":[{"href":"https:\/\/korsarger3500.de\/index.php\/wp-json\/wp\/v2\/pages"}],"about":[{"href":"https:\/\/korsarger3500.de\/index.php\/wp-json\/wp\/v2\/types\/page"}],"author":[{"embeddable":true,"href":"https:\/\/korsarger3500.de\/index.php\/wp-json\/wp\/v2\/users\/1"}],"replies":[{"embeddable":true,"href":"https:\/\/korsarger3500.de\/index.php\/wp-json\/wp\/v2\/comments?post=7081"}],"version-history":[{"count":29,"href":"https:\/\/korsarger3500.de\/index.php\/wp-json\/wp\/v2\/pages\/7081\/revisions"}],"predecessor-version":[{"id":7792,"href":"https:\/\/korsarger3500.de\/index.php\/wp-json\/wp\/v2\/pages\/7081\/revisions\/7792"}],"wp:attachment":[{"href":"https:\/\/korsarger3500.de\/index.php\/wp-json\/wp\/v2\/media?parent=7081"}],"curies":[{"name":"wp","href":"https:\/\/api.w.org\/{rel}","templated":true}]}}