{"id":7070,"date":"2021-07-05T10:09:02","date_gmt":"2021-07-05T08:09:02","guid":{"rendered":"https:\/\/korsarger3500.de\/?page_id=7070"},"modified":"2022-06-10T10:06:17","modified_gmt":"2022-06-10T08:06:17","slug":"regatta-2021","status":"publish","type":"page","link":"https:\/\/korsarger3500.de\/index.php\/regatta-2021\/","title":{"rendered":"Regatta 2021"},"content":{"rendered":"<p style=\"text-align: justify;\"><a href=\"https:\/\/korsarger3500.de\/wp-content\/uploads\/2021\/07\/Winter_2021_4.jpg\" data-lbwps-width=\"840\" data-lbwps-height=\"1120\" data-lbwps-srcsmall=\"https:\/\/korsarger3500.de\/wp-content\/uploads\/2021\/07\/Winter_2021_4-225x300.jpg\"><img loading=\"lazy\" decoding=\"async\" class=\"alignleft wp-image-7077 size-thumbnail\" src=\"https:\/\/korsarger3500.de\/wp-content\/uploads\/2021\/07\/Winter_2021_4-150x150.jpg\" alt=\"Platz satt\" width=\"150\" height=\"150\" \/><\/a>Mit den ersten warmen Tagen Ende M\u00e4rz durfte ich meine Wintergarage verlassen und die Crew baute mich am See auf. Ich war, wie sollte es auch anders sein, mal wieder die einzige Jolle, die auf unserem Segelgel\u00e4nde lag. Lediglich unser altes\u00a0 Startschiff, welches dort \u00fcberwintert hatte, leistete mir Gesellschaft. An Regattasegeln war nicht zu denken, hatte doch die Corona Pandemie die Republik noch fest im Griff. Schottin und Skipper machten das Beste daraus und kamen wann immer Wind und Wetter es zulie\u00dfen bei mir vorbei um zu segeln. Es waren gem\u00fctliche Fahrten dabei aber auch Tage mit\u00a0 Starkwind, der hier am See immer recht bockig ist. Wie letzten Herbst auch schon mussten wir sogar einmal im Strandbad anlanden und dort die Segel bergen weil zu starker Wind war um am Steg anzulegen. Den einen oder anderen Hagelschauer musste ich auch ab wettern, wobei ich Gl\u00fcck hatte, <a href=\"https:\/\/korsarger3500.de\/wp-content\/uploads\/2021\/07\/Winter_2021_6.jpg\" data-lbwps-width=\"1493\" data-lbwps-height=\"1120\" data-lbwps-srcsmall=\"https:\/\/korsarger3500.de\/wp-content\/uploads\/2021\/07\/Winter_2021_6-300x225.jpg\"><img loading=\"lazy\" decoding=\"async\" class=\"alignright wp-image-7078 size-thumbnail\" src=\"https:\/\/korsarger3500.de\/wp-content\/uploads\/2021\/07\/Winter_2021_6-150x150.jpg\" alt=\"ne Zelt-Persenning w\u00e4r nicht schlecht\" width=\"150\" height=\"150\" \/><\/a>die Hagelk\u00f6rner waren nie sehr gro\u00df. Im Laufe des Fr\u00fchsommers f\u00fcllte sich dann so nach und nach das Clubgel\u00e4nde und es kam wieder etwas Leben an den See. Auch das Regatta Leben nahm langsam Fahrt auf und die erste Regatta zu der wir hin wollten war die Kuhschellen Regatta am Alpsee.<\/p>\n<p style=\"text-align: justify;\"><a href=\"https:\/\/korsarger3500.de\/index.php\/kuhschellenregatta-2021\/\">Kuhschellenregatta 2021<\/a><\/p>\n<p style=\"text-align: justify;\"><a href=\"https:\/\/korsarger3500.de\/index.php\/kuhschellenregatta-2021\/\"><img loading=\"lazy\" decoding=\"async\" class=\"alignnone wp-image-7096 size-medium\" src=\"https:\/\/korsarger3500.de\/wp-content\/uploads\/2021\/07\/Kuhschelle_2021_1-300x169.jpg\" alt=\"\" width=\"300\" height=\"169\" srcset=\"https:\/\/korsarger3500.de\/wp-content\/uploads\/2021\/07\/Kuhschelle_2021_1-300x169.jpg 300w, https:\/\/korsarger3500.de\/wp-content\/uploads\/2021\/07\/Kuhschelle_2021_1-1024x576.jpg 1024w, https:\/\/korsarger3500.de\/wp-content\/uploads\/2021\/07\/Kuhschelle_2021_1-768x432.jpg 768w, https:\/\/korsarger3500.de\/wp-content\/uploads\/2021\/07\/Kuhschelle_2021_1-1536x864.jpg 1536w, https:\/\/korsarger3500.de\/wp-content\/uploads\/2021\/07\/Kuhschelle_2021_1.jpg 1680w\" sizes=\"auto, (max-width: 300px) 100vw, 300px\" \/><\/a><\/p>\n<p style=\"text-align: justify;\"><a href=\"https:\/\/korsarger3500.de\/index.php\/korsarenpreis-2021-am-goldkanal\/\">Korsarenpreis 2021 Am Goldkanal<\/a><\/p>\n<p style=\"text-align: justify;\"><a href=\"https:\/\/korsarger3500.de\/index.php\/korsarenpreis-2021-am-goldkanal\/\"><img loading=\"lazy\" decoding=\"async\" class=\"alignnone wp-image-7097 size-medium\" src=\"https:\/\/korsarger3500.de\/wp-content\/uploads\/2021\/07\/Korsarenpreis_2021_116-300x225.jpg\" alt=\"\" width=\"300\" height=\"225\" srcset=\"https:\/\/korsarger3500.de\/wp-content\/uploads\/2021\/07\/Korsarenpreis_2021_116-300x225.jpg 300w, https:\/\/korsarger3500.de\/wp-content\/uploads\/2021\/07\/Korsarenpreis_2021_116-1024x768.jpg 1024w, https:\/\/korsarger3500.de\/wp-content\/uploads\/2021\/07\/Korsarenpreis_2021_116-768x576.jpg 768w, https:\/\/korsarger3500.de\/wp-content\/uploads\/2021\/07\/Korsarenpreis_2021_116.jpg 1493w\" sizes=\"auto, (max-width: 300px) 100vw, 300px\" \/><\/a><\/p>\n<p style=\"text-align: justify;\"><a href=\"https:\/\/korsarger3500.de\/index.php\/auerhahnregatta-2021\/\">Auerhahn Regatta am Schluchsee 2021<\/a><\/p>\n<p style=\"text-align: justify;\"><a href=\"https:\/\/korsarger3500.de\/index.php\/auerhahnregatta-2021\/\"><img loading=\"lazy\" decoding=\"async\" class=\"alignnone wp-image-7249 size-medium\" src=\"https:\/\/korsarger3500.de\/wp-content\/uploads\/2021\/09\/Auerhahn2021_24-300x225.jpg\" alt=\"\" width=\"300\" height=\"225\" srcset=\"https:\/\/korsarger3500.de\/wp-content\/uploads\/2021\/09\/Auerhahn2021_24-300x225.jpg 300w, https:\/\/korsarger3500.de\/wp-content\/uploads\/2021\/09\/Auerhahn2021_24-1024x768.jpg 1024w, https:\/\/korsarger3500.de\/wp-content\/uploads\/2021\/09\/Auerhahn2021_24-768x576.jpg 768w, https:\/\/korsarger3500.de\/wp-content\/uploads\/2021\/09\/Auerhahn2021_24.jpg 1493w\" sizes=\"auto, (max-width: 300px) 100vw, 300px\" \/><\/a><\/p>\n<p style=\"text-align: justify;\"><a href=\"https:\/\/korsarger3500.de\/index.php\/7-schwaben-regatta-am-alpsee-2021\/\">7 Schwaben Regatta am Alpsee 2021<\/a><\/p>\n<p style=\"text-align: justify;\"><a href=\"https:\/\/korsarger3500.de\/index.php\/7-schwaben-regatta-am-alpsee-2021\/\"><img loading=\"lazy\" decoding=\"async\" class=\"alignnone wp-image-7331 size-medium\" src=\"https:\/\/korsarger3500.de\/wp-content\/uploads\/2021\/10\/SiebenSchwaben_2021_41-300x225.jpg\" alt=\"\" width=\"300\" height=\"225\" srcset=\"https:\/\/korsarger3500.de\/wp-content\/uploads\/2021\/10\/SiebenSchwaben_2021_41-300x225.jpg 300w, https:\/\/korsarger3500.de\/wp-content\/uploads\/2021\/10\/SiebenSchwaben_2021_41-1024x768.jpg 1024w, https:\/\/korsarger3500.de\/wp-content\/uploads\/2021\/10\/SiebenSchwaben_2021_41-768x576.jpg 768w, https:\/\/korsarger3500.de\/wp-content\/uploads\/2021\/10\/SiebenSchwaben_2021_41.jpg 1493w\" sizes=\"auto, (max-width: 300px) 100vw, 300px\" \/><\/a><\/p>\n<p style=\"text-align: justify;\"><a href=\"https:\/\/korsarger3500.de\/index.php\/trichterregatta-am-brombachsee-2021\/\">Korsarentrichter am Brombachsee 2021<\/a><\/p>\n<p style=\"text-align: justify;\"><a href=\"https:\/\/korsarger3500.de\/index.php\/trichterregatta-am-brombachsee-2021\/\"><img loading=\"lazy\" decoding=\"async\" class=\"alignnone size-medium wp-image-7371\" src=\"https:\/\/korsarger3500.de\/wp-content\/uploads\/2021\/10\/Trichter_2021_61-300x225.jpg\" alt=\"\" width=\"300\" height=\"225\" srcset=\"https:\/\/korsarger3500.de\/wp-content\/uploads\/2021\/10\/Trichter_2021_61-300x225.jpg 300w, https:\/\/korsarger3500.de\/wp-content\/uploads\/2021\/10\/Trichter_2021_61-1024x768.jpg 1024w, https:\/\/korsarger3500.de\/wp-content\/uploads\/2021\/10\/Trichter_2021_61-768x576.jpg 768w, https:\/\/korsarger3500.de\/wp-content\/uploads\/2021\/10\/Trichter_2021_61.jpg 1493w\" sizes=\"auto, (max-width: 300px) 100vw, 300px\" \/><\/a><\/p>\n<p style=\"text-align: justify;\"><a href=\"https:\/\/korsarger3500.de\/index.php\/cremant-cup-am-langener-waldsee-2021\/\">Cremant-Cup am Langener Waldsee 2021<\/a><\/p>\n<p style=\"text-align: justify;\"><a href=\"https:\/\/korsarger3500.de\/index.php\/cremant-cup-am-langener-waldsee-2021\/\"><img loading=\"lazy\" decoding=\"async\" class=\"alignnone size-medium wp-image-7402\" src=\"https:\/\/korsarger3500.de\/wp-content\/uploads\/2021\/10\/Cremant_Cup_2021_33-300x225.jpg\" alt=\"\" width=\"300\" height=\"225\" srcset=\"https:\/\/korsarger3500.de\/wp-content\/uploads\/2021\/10\/Cremant_Cup_2021_33-300x225.jpg 300w, https:\/\/korsarger3500.de\/wp-content\/uploads\/2021\/10\/Cremant_Cup_2021_33-1024x768.jpg 1024w, https:\/\/korsarger3500.de\/wp-content\/uploads\/2021\/10\/Cremant_Cup_2021_33-768x576.jpg 768w, https:\/\/korsarger3500.de\/wp-content\/uploads\/2021\/10\/Cremant_Cup_2021_33.jpg 1493w\" sizes=\"auto, (max-width: 300px) 100vw, 300px\" \/><\/a><\/p>\n<p style=\"text-align: justify;\">Ratsfatz ist das Jahr vorbeigegangenen, und nun geht es zun\u00e4chst mal in die Garage zum Insten.\u00a0 Skipper hat mal kurz \u00fcber mich dr\u00fcber geschaut und ne kleine Liste aufgeschrieben. Sonst vergisst er auf einmal noch was&#8230;<\/p>\n<ul style=\"text-align: justify;\">\n<li>Persening Klettverschl\u00fcsse n\u00e4hen, da sind zum Teil die N\u00e4hte auf<\/li>\n<li>Spibaum Maul ist zu scharfkantig, die Schot ist angegriffen<\/li>\n<li>Gro\u00dfbaum Unterliek Strecker ist schwerg\u00e4ngig<\/li>\n<li>Spischleuder Shot erneuern, 4 Meter<\/li>\n<li>Strecker f\u00fcr Fockholepunkte erneuern<\/li>\n<li>Schwert hat Macken und ist schwerg\u00e4ngig<\/li>\n<li>B\u00fcgel ist nach jeder Regatta lose,\u00a0 Schrauben sind doll<\/li>\n<li>Cuningham ist zu kurz beim neuen Gro\u00df<\/li>\n<li>Baumrutscher hackt, eventuell ist Sand drin<\/li>\n<li>Fockroller Klemme ist fertig und sie muss versetzt werden<\/li>\n<li>Wantenspanner Strecker umlegen die scheuert am Holz<\/li>\n<li>Vorstag Befestigung neue Position aust\u00fcfteln und etwas verl\u00e4ngern<\/li>\n<li>Wasser im Y Schot ? , Leck suchen, trocknen<\/li>\n<li>Revisionsdeckel ins Y Schot einbauen<\/li>\n<li>Slipwagenhalterung am Trailer schwei\u00dfen<\/li>\n<li>Trailer Lichtleiste Kupplung defekt, erneuern<\/li>\n<li>Fockl\u00e4ppchen ist ausgerissen, neu n\u00e4hen<\/li>\n<li>Slipwagen Bremse locker<\/li>\n<li>Fockschot neu<\/li>\n<li>Gro\u00dfschot neu<\/li>\n<li>&#8212;&#8212;&#8212;&#8212;&#8212;<\/li>\n<li>Deck einmal \u00fcberlackieren<\/li>\n<li>Rumpf laminieren<\/li>\n<li><\/li>\n<\/ul>\n<p style=\"text-align: justify;\">Na ja da hat er sich ja einiges vorgenommen, bin gespannt was er davon alles hin bekommt. Das er meinen Rumpf komplett abschleift und laminiert glaub ich fast nicht das ist sau viel Arbeit, aber abwarten der Winter kommt ja erst.<\/p>\n<p><a href=\"https:\/\/korsarger3500.de\/index.php\/regatta-2022\/\">Weiter<\/a>\u2026 oder zur <a href=\"https:\/\/korsarger3500.de\/\">Startseite<\/a><\/p>\n","protected":false},"excerpt":{"rendered":"<p>Mit den ersten warmen Tagen Ende M\u00e4rz durfte ich meine Wintergarage verlassen und die Crew baute mich am See auf. Ich war, wie sollte es auch anders sein, mal wieder die einzige Jolle, die auf unserem Segelgel\u00e4nde lag. Lediglich unser altes\u00a0 Startschiff, welches dort \u00fcberwintert hatte, leistete mir Gesellschaft. An Regattasegeln war nicht zu denken, &hellip; <a href=\"https:\/\/korsarger3500.de\/index.php\/regatta-2021\/\" class=\"more-link\"><span class=\"screen-reader-text\">Regatta 2021<\/span> weiterlesen<\/a><\/p>\n","protected":false},"author":1,"featured_media":0,"parent":0,"menu_order":0,"comment_status":"closed","ping_status":"closed","template":"","meta":{"footnotes":""},"class_list":["post-7070","page","type-page","status-publish","hentry"],"_links":{"self":[{"href":"https:\/\/korsarger3500.de\/index.php\/wp-json\/wp\/v2\/pages\/7070","targetHints":{"allow":["GET"]}}],"collection":[{"href":"https:\/\/korsarger3500.de\/index.php\/wp-json\/wp\/v2\/pages"}],"about":[{"href":"https:\/\/korsarger3500.de\/index.php\/wp-json\/wp\/v2\/types\/page"}],"author":[{"embeddable":true,"href":"https:\/\/korsarger3500.de\/index.php\/wp-json\/wp\/v2\/users\/1"}],"replies":[{"embeddable":true,"href":"https:\/\/korsarger3500.de\/index.php\/wp-json\/wp\/v2\/comments?post=7070"}],"version-history":[{"count":43,"href":"https:\/\/korsarger3500.de\/index.php\/wp-json\/wp\/v2\/pages\/7070\/revisions"}],"predecessor-version":[{"id":7759,"href":"https:\/\/korsarger3500.de\/index.php\/wp-json\/wp\/v2\/pages\/7070\/revisions\/7759"}],"wp:attachment":[{"href":"https:\/\/korsarger3500.de\/index.php\/wp-json\/wp\/v2\/media?parent=7070"}],"curies":[{"name":"wp","href":"https:\/\/api.w.org\/{rel}","templated":true}]}}