{"id":6930,"date":"2020-11-04T17:28:04","date_gmt":"2020-11-04T16:28:04","guid":{"rendered":"https:\/\/korsarger3500.de\/?page_id=6930"},"modified":"2020-11-04T17:33:15","modified_gmt":"2020-11-04T16:33:15","slug":"kuhschelle-2020-ausgefallen","status":"publish","type":"page","link":"https:\/\/korsarger3500.de\/index.php\/kuhschelle-2020-ausgefallen\/","title":{"rendered":"Kuhschelle 2020 Part 1"},"content":{"rendered":"<p style=\"text-align: justify;\">Leider fiel die traditionelle Kuhschellenregatta am Alpsse auch der Coronakriese zum Opfer. Meine Crew hat mich aber trotzdem Freitags zum Alpsee gezogen wo wir am sp\u00e4ten Nachmittag ankamen. Da es zum Aufbauen schon etwas zu sp\u00e4t war wurde ich nur auf die Wiese gestellt und entspannt. Die Crew verschwand in Clubheim und traf sich dort mit ein paar anderen Seglern. Am n\u00e4chsten Morgen trudelte unter anderem auch noch <em>old Klassenclown<\/em> mit seiner Crew ein. Bald waren wir mit drei andern Korsaren auf dem Wasser und sausten den ganzen Tag \u00fcber den Alpsee. Auch am Sonntag spielte das Wetter und der Wind mit und wir konnten toll zusammen segeln.<\/p>\n<div id='gallery-1' class='gallery galleryid-6930 gallery-columns-4 gallery-size-thumbnail'><figure class='gallery-item'>\n\t\t\t<div class='gallery-icon landscape'>\n\t\t\t\t<a href='https:\/\/korsarger3500.de\/wp-content\/uploads\/2020\/11\/Alpsee_2020_4.jpg'><img loading=\"lazy\" decoding=\"async\" width=\"150\" height=\"150\" src=\"https:\/\/korsarger3500.de\/wp-content\/uploads\/2020\/11\/Alpsee_2020_4-150x150.jpg\" class=\"attachment-thumbnail size-thumbnail\" alt=\"\" \/><\/a>\n\t\t\t<\/div><\/figure><figure class='gallery-item'>\n\t\t\t<div class='gallery-icon landscape'>\n\t\t\t\t<a href='https:\/\/korsarger3500.de\/wp-content\/uploads\/2020\/11\/Alpsee_2020_11.jpg'><img loading=\"lazy\" decoding=\"async\" width=\"150\" height=\"150\" src=\"https:\/\/korsarger3500.de\/wp-content\/uploads\/2020\/11\/Alpsee_2020_11-150x150.jpg\" class=\"attachment-thumbnail size-thumbnail\" alt=\"\" \/><\/a>\n\t\t\t<\/div><\/figure><figure class='gallery-item'>\n\t\t\t<div class='gallery-icon landscape'>\n\t\t\t\t<a href='https:\/\/korsarger3500.de\/wp-content\/uploads\/2020\/11\/Alpsee_2020_12.jpg'><img loading=\"lazy\" decoding=\"async\" width=\"150\" height=\"150\" src=\"https:\/\/korsarger3500.de\/wp-content\/uploads\/2020\/11\/Alpsee_2020_12-150x150.jpg\" class=\"attachment-thumbnail size-thumbnail\" alt=\"\" \/><\/a>\n\t\t\t<\/div><\/figure><figure class='gallery-item'>\n\t\t\t<div class='gallery-icon landscape'>\n\t\t\t\t<a href='https:\/\/korsarger3500.de\/wp-content\/uploads\/2020\/11\/Alpsee_2020_9.jpg'><img loading=\"lazy\" decoding=\"async\" width=\"150\" height=\"150\" src=\"https:\/\/korsarger3500.de\/wp-content\/uploads\/2020\/11\/Alpsee_2020_9-150x150.jpg\" class=\"attachment-thumbnail size-thumbnail\" alt=\"\" \/><\/a>\n\t\t\t<\/div><\/figure><figure class='gallery-item'>\n\t\t\t<div class='gallery-icon landscape'>\n\t\t\t\t<a href='https:\/\/korsarger3500.de\/wp-content\/uploads\/2020\/11\/Alpsee_2020_7.jpg'><img loading=\"lazy\" decoding=\"async\" width=\"150\" height=\"150\" src=\"https:\/\/korsarger3500.de\/wp-content\/uploads\/2020\/11\/Alpsee_2020_7-150x150.jpg\" class=\"attachment-thumbnail size-thumbnail\" alt=\"\" \/><\/a>\n\t\t\t<\/div><\/figure><figure class='gallery-item'>\n\t\t\t<div class='gallery-icon landscape'>\n\t\t\t\t<a href='https:\/\/korsarger3500.de\/wp-content\/uploads\/2020\/11\/Alpsee_2020_5.jpg'><img loading=\"lazy\" decoding=\"async\" width=\"150\" height=\"150\" src=\"https:\/\/korsarger3500.de\/wp-content\/uploads\/2020\/11\/Alpsee_2020_5-150x150.jpg\" class=\"attachment-thumbnail size-thumbnail\" alt=\"\" \/><\/a>\n\t\t\t<\/div><\/figure><figure class='gallery-item'>\n\t\t\t<div class='gallery-icon landscape'>\n\t\t\t\t<a href='https:\/\/korsarger3500.de\/wp-content\/uploads\/2020\/11\/Alpsee_2020_2.jpg'><img loading=\"lazy\" decoding=\"async\" width=\"150\" height=\"150\" src=\"https:\/\/korsarger3500.de\/wp-content\/uploads\/2020\/11\/Alpsee_2020_2-150x150.jpg\" class=\"attachment-thumbnail size-thumbnail\" alt=\"\" \/><\/a>\n\t\t\t<\/div><\/figure><figure class='gallery-item'>\n\t\t\t<div class='gallery-icon landscape'>\n\t\t\t\t<a href='https:\/\/korsarger3500.de\/wp-content\/uploads\/2020\/11\/Alpsee_2020_14.jpg'><img loading=\"lazy\" decoding=\"async\" width=\"150\" height=\"150\" src=\"https:\/\/korsarger3500.de\/wp-content\/uploads\/2020\/11\/Alpsee_2020_14-150x150.jpg\" class=\"attachment-thumbnail size-thumbnail\" alt=\"\" \/><\/a>\n\t\t\t<\/div><\/figure>\n\t\t<\/div>\n\n<p style=\"text-align: justify;\">Jetzt habe ich geh\u00f6rt dass diese Regatta in den Sp\u00e4tsommer verschoben wurde. Vielleicht habe ich ja Gl\u00fcck und kann noch mal dahin.<\/p>\n<p><a href=\"https:\/\/korsarger3500.de\/index.php\/rsc-vereinsmeisterschaft-2020\/\">weiter <\/a>\u2026oder zur <a href=\"http:\/\/korsarger3500.de\/\">Startseite<\/a><\/p>\n","protected":false},"excerpt":{"rendered":"<p>Leider fiel die traditionelle Kuhschellenregatta am Alpsse auch der Coronakriese zum Opfer. Meine Crew hat mich aber trotzdem Freitags zum Alpsee gezogen wo wir am sp\u00e4ten Nachmittag ankamen. Da es zum Aufbauen schon etwas zu sp\u00e4t war wurde ich nur auf die Wiese gestellt und entspannt. Die Crew verschwand in Clubheim und traf sich dort &hellip; <a href=\"https:\/\/korsarger3500.de\/index.php\/kuhschelle-2020-ausgefallen\/\" class=\"more-link\"><span class=\"screen-reader-text\">Kuhschelle 2020 Part 1<\/span> weiterlesen<\/a><\/p>\n","protected":false},"author":1,"featured_media":0,"parent":0,"menu_order":0,"comment_status":"closed","ping_status":"closed","template":"","meta":{"footnotes":""},"class_list":["post-6930","page","type-page","status-publish","hentry"],"_links":{"self":[{"href":"https:\/\/korsarger3500.de\/index.php\/wp-json\/wp\/v2\/pages\/6930","targetHints":{"allow":["GET"]}}],"collection":[{"href":"https:\/\/korsarger3500.de\/index.php\/wp-json\/wp\/v2\/pages"}],"about":[{"href":"https:\/\/korsarger3500.de\/index.php\/wp-json\/wp\/v2\/types\/page"}],"author":[{"embeddable":true,"href":"https:\/\/korsarger3500.de\/index.php\/wp-json\/wp\/v2\/users\/1"}],"replies":[{"embeddable":true,"href":"https:\/\/korsarger3500.de\/index.php\/wp-json\/wp\/v2\/comments?post=6930"}],"version-history":[{"count":7,"href":"https:\/\/korsarger3500.de\/index.php\/wp-json\/wp\/v2\/pages\/6930\/revisions"}],"predecessor-version":[{"id":6950,"href":"https:\/\/korsarger3500.de\/index.php\/wp-json\/wp\/v2\/pages\/6930\/revisions\/6950"}],"wp:attachment":[{"href":"https:\/\/korsarger3500.de\/index.php\/wp-json\/wp\/v2\/media?parent=6930"}],"curies":[{"name":"wp","href":"https:\/\/api.w.org\/{rel}","templated":true}]}}