{"id":684,"date":"2016-02-22T22:10:34","date_gmt":"2016-02-22T21:10:34","guid":{"rendered":"http:\/\/korsarger3500.de\/?page_id=684"},"modified":"2016-04-12T19:50:43","modified_gmt":"2016-04-12T17:50:43","slug":"on-tour","status":"publish","type":"page","link":"https:\/\/korsarger3500.de\/index.php\/on-tour\/","title":{"rendered":"on Tour"},"content":{"rendered":"<p style=\"text-align: justify;\">Zum Spa\u00df Autofahren &#8211; so ein Quatsch &#8211; was soll das den?<\/p>\n<p style=\"text-align: justify;\">Das einzige was ich vom Autofahren kenne, ist das man von zu Hause zur Regatta hechelt und zur\u00fcck. Am besten so schnell wie es irgendwie geht und das hinter einem Bully her &#8211; da siehst du nix aber auch gar nix.<\/p>\n<p style=\"text-align: justify;\">Aber es scheint auch anders zu gehen. Die Crew ist schon seit langem mit meinem Zugpferdchen auf den Stra\u00dfen unterwegs und erkundet das Land. Dabei ist der Weg das Ziel, sonst nichts. Da kommt es vor, das zu Beginn der Tour noch gar nicht feststeht wohin es geht und sich von Kreuzung zu Kreuzung der Weg \u00e4ndert. Jetzt ist der Crew doch glatt eingefallen das Sie das Cruisen und das Segeln miteinander verbinden k\u00f6nnte und Trailern mich seither \u00f6fter mal mit. Damit ist das Ende des Weges schon mal festgelegt, es ist immer am Wasser. Es ist sch\u00f6n hinter dem Cabrio her zu surfen und sich durch die Kurven tragen zu lassen. Das ist so wie segeln ohne Regatta, einfach sich treiben lassen. Sehr interessant, so komme ich durch Gegenden die ich sonst nie im Leben gesehen h\u00e4tte.<\/p>\n<p style=\"text-align: justify;\">Es ging zur <a href=\"http:\/\/korsarger3500.de\/index.php\/sauertalsperre\/\">Sauertalsperre<\/a>.<\/p>\n<p style=\"text-align: justify;\"><a href=\"http:\/\/korsarger3500.de\/index.php\/sauertalsperre\/\" rel=\"attachment wp-att-829\"><img loading=\"lazy\" decoding=\"async\" class=\"alignnone wp-image-829 size-medium\" src=\"http:\/\/korsarger3500.de\/wp-content\/uploads\/2016\/02\/Heiderscheid-300x227.jpg\" alt=\"Sauer im Heiderscheider Grund\" width=\"300\" height=\"227\" srcset=\"https:\/\/korsarger3500.de\/wp-content\/uploads\/2016\/02\/Heiderscheid-300x227.jpg 300w, https:\/\/korsarger3500.de\/wp-content\/uploads\/2016\/02\/Heiderscheid-768x581.jpg 768w, https:\/\/korsarger3500.de\/wp-content\/uploads\/2016\/02\/Heiderscheid-1024x775.jpg 1024w, https:\/\/korsarger3500.de\/wp-content\/uploads\/2016\/02\/Heiderscheid.jpg 1159w\" sizes=\"auto, (max-width: 300px) 100vw, 300px\" \/><\/a><\/p>\n<p style=\"text-align: justify;\">Ein ander mal &#8211; Das Meer von <a href=\"http:\/\/korsarger3500.de\/index.php\/steinhuder-meer\/\">Steinhude<\/a><\/p>\n<p style=\"text-align: justify;\"><a href=\"http:\/\/korsarger3500.de\/index.php\/steinhuder-meer\/\" rel=\"attachment wp-att-821\"><img loading=\"lazy\" decoding=\"async\" class=\"alignnone wp-image-821 size-medium\" src=\"http:\/\/korsarger3500.de\/wp-content\/uploads\/2016\/02\/Steinhude_000-300x210.jpg\" alt=\"Steinhuder Meer\" width=\"300\" height=\"210\" srcset=\"https:\/\/korsarger3500.de\/wp-content\/uploads\/2016\/02\/Steinhude_000-300x210.jpg 300w, https:\/\/korsarger3500.de\/wp-content\/uploads\/2016\/02\/Steinhude_000.jpg 632w\" sizes=\"auto, (max-width: 300px) 100vw, 300px\" \/><\/a><\/p>\n<p style=\"text-align: justify;\">Kurz nach <a href=\"http:\/\/korsarger3500.de\/index.php\/bostalsee\/\">Bosen <\/a>und wieder zur\u00fcck<\/p>\n<p style=\"text-align: justify;\"><a href=\"http:\/\/korsarger3500.de\/index.php\/bostalsee\/\" rel=\"attachment wp-att-1013\"><img loading=\"lazy\" decoding=\"async\" class=\"alignnone size-medium wp-image-1013\" src=\"http:\/\/korsarger3500.de\/wp-content\/uploads\/2016\/03\/Bostalsee-300x191.jpg\" alt=\"Bostalsee\" width=\"300\" height=\"191\" srcset=\"https:\/\/korsarger3500.de\/wp-content\/uploads\/2016\/03\/Bostalsee-300x191.jpg 300w, https:\/\/korsarger3500.de\/wp-content\/uploads\/2016\/03\/Bostalsee-768x489.jpg 768w, https:\/\/korsarger3500.de\/wp-content\/uploads\/2016\/03\/Bostalsee-1024x652.jpg 1024w, https:\/\/korsarger3500.de\/wp-content\/uploads\/2016\/03\/Bostalsee.jpg 1316w\" sizes=\"auto, (max-width: 300px) 100vw, 300px\" \/><\/a><\/p>\n<p style=\"text-align: justify;\">Alpenp\u00e4sse und der <a href=\"http:\/\/korsarger3500.de\/index.php\/zum-gardasee-und-wieder-zurueck\/\">Gardasee<\/a><\/p>\n<p style=\"text-align: justify;\"><a href=\"http:\/\/korsarger3500.de\/index.php\/zum-gardasee-und-wieder-zurueck\/\" rel=\"attachment wp-att-1294\"><img loading=\"lazy\" decoding=\"async\" class=\"alignnone size-medium wp-image-1294\" src=\"http:\/\/korsarger3500.de\/wp-content\/uploads\/2016\/03\/Gardasee_2014_02-300x225.jpg\" alt=\"Gardasee_2014_02\" width=\"300\" height=\"225\" srcset=\"https:\/\/korsarger3500.de\/wp-content\/uploads\/2016\/03\/Gardasee_2014_02-300x225.jpg 300w, https:\/\/korsarger3500.de\/wp-content\/uploads\/2016\/03\/Gardasee_2014_02-768x576.jpg 768w, https:\/\/korsarger3500.de\/wp-content\/uploads\/2016\/03\/Gardasee_2014_02-1024x768.jpg 1024w\" sizes=\"auto, (max-width: 300px) 100vw, 300px\" \/><\/a><\/p>\n<p style=\"text-align: justify;\">Ich habe die Schottin und den Skipper nun endg\u00fcltig mit dem Regattavirus infiziert. Das hei\u00dft, dass die Touren nun meistens mit Regatten kombiniert werden. Sie suchen sich immer einen sch\u00f6nen Weg ohne Autobahnen heraus, auf dem wir dann zum Regattarevier cruisen. So kam ich schon in den Genuss die Eifel, die Schwarzwaldhochstra\u00dfe, den Pf\u00e4lzer Wald und die schw\u00e4bische Alp kennenzulernen. Auch in den Vogesen bin ich schon gewesen. Ein Trip ans Meer, also an ein richtiges Meer nat\u00fcrlich, das w\u00fcrde mir mal gefallen. Ich denke das bekomme ich den Beiden auch noch schmackhaft gemacht. &#8211; Mal sehn &#8211; Belgien ist ja gar nicht so weit weg.<\/p>\n<p style=\"text-align: justify;\"><a href=\"http:\/\/korsarger3500.de\/index.php\/regattaleben\/\">Weiter \u2026<\/a>oder zur <a href=\"http:\/\/korsarger3500.de\/\">Startseite<\/a><\/p>\n","protected":false},"excerpt":{"rendered":"<p>Zum Spa\u00df Autofahren &#8211; so ein Quatsch &#8211; was soll das den? Das einzige was ich vom Autofahren kenne, ist das man von zu Hause zur Regatta hechelt und zur\u00fcck. Am besten so schnell wie es irgendwie geht und das hinter einem Bully her &#8211; da siehst du nix aber auch gar nix. Aber es &hellip; <a href=\"https:\/\/korsarger3500.de\/index.php\/on-tour\/\" class=\"more-link\"><span class=\"screen-reader-text\">on Tour<\/span> weiterlesen<\/a><\/p>\n","protected":false},"author":1,"featured_media":0,"parent":0,"menu_order":0,"comment_status":"closed","ping_status":"closed","template":"","meta":{"footnotes":""},"class_list":["post-684","page","type-page","status-publish","hentry"],"_links":{"self":[{"href":"https:\/\/korsarger3500.de\/index.php\/wp-json\/wp\/v2\/pages\/684","targetHints":{"allow":["GET"]}}],"collection":[{"href":"https:\/\/korsarger3500.de\/index.php\/wp-json\/wp\/v2\/pages"}],"about":[{"href":"https:\/\/korsarger3500.de\/index.php\/wp-json\/wp\/v2\/types\/page"}],"author":[{"embeddable":true,"href":"https:\/\/korsarger3500.de\/index.php\/wp-json\/wp\/v2\/users\/1"}],"replies":[{"embeddable":true,"href":"https:\/\/korsarger3500.de\/index.php\/wp-json\/wp\/v2\/comments?post=684"}],"version-history":[{"count":54,"href":"https:\/\/korsarger3500.de\/index.php\/wp-json\/wp\/v2\/pages\/684\/revisions"}],"predecessor-version":[{"id":2037,"href":"https:\/\/korsarger3500.de\/index.php\/wp-json\/wp\/v2\/pages\/684\/revisions\/2037"}],"wp:attachment":[{"href":"https:\/\/korsarger3500.de\/index.php\/wp-json\/wp\/v2\/media?parent=684"}],"curies":[{"name":"wp","href":"https:\/\/api.w.org\/{rel}","templated":true}]}}