{"id":6744,"date":"2020-09-19T20:23:42","date_gmt":"2020-09-19T18:23:42","guid":{"rendered":"https:\/\/korsarger3500.de\/?page_id=6744"},"modified":"2020-11-04T17:36:37","modified_gmt":"2020-11-04T16:36:37","slug":"kuhschelle-2020","status":"publish","type":"page","link":"https:\/\/korsarger3500.de\/index.php\/kuhschelle-2020\/","title":{"rendered":"Kuhschelle 2020 Part 2"},"content":{"rendered":"<p style=\"text-align: justify;\"><a href=\"https:\/\/korsarger3500.de\/wp-content\/uploads\/2020\/09\/Alpsee2020_47.jpg\" data-lbwps-width=\"1493\" data-lbwps-height=\"1120\" data-lbwps-srcsmall=\"https:\/\/korsarger3500.de\/wp-content\/uploads\/2020\/09\/Alpsee2020_47-300x225.jpg\"><img loading=\"lazy\" decoding=\"async\" class=\"size-thumbnail wp-image-6758 alignleft\" src=\"https:\/\/korsarger3500.de\/wp-content\/uploads\/2020\/09\/Alpsee2020_47-150x150.jpg\" alt=\"\" width=\"150\" height=\"150\" \/><\/a>Direkt nach dem Schluchsee Wochenende sollte die verschobenen Kuhschelle am Alpsee stattfinden. Leider musste der SCAI auch diese kurzfristig absagen. Ich wurde trotzdem Donnerstags abgeriggt, eingepackt und verladen, schlie\u00dflich hatte die Crew Urlaub und Zimmer gebucht. Freitags am fr\u00fchen Nachmittag ging es bei sch\u00f6nsten Cabrio Wetter dann los in Richtung\u00a0 Immenstadt, wo wir noch bei Tageslicht ankamen. Ich wurde auf meinen Lieblingspla<a href=\"https:\/\/korsarger3500.de\/wp-content\/uploads\/2020\/09\/Alpsee2020_22.jpg\" data-lbwps-width=\"1493\" data-lbwps-height=\"1120\" data-lbwps-srcsmall=\"https:\/\/korsarger3500.de\/wp-content\/uploads\/2020\/09\/Alpsee2020_22-300x225.jpg\"><img loading=\"lazy\" decoding=\"async\" class=\"size-thumbnail wp-image-6759 alignright\" src=\"https:\/\/korsarger3500.de\/wp-content\/uploads\/2020\/09\/Alpsee2020_22-150x150.jpg\" alt=\"\" width=\"150\" height=\"150\" \/><\/a>tz mit freier Sicht auf den See abgestellt. Einige SCAI Clubmitglieder waren da und der Grill war auch schon vorgeheizt. Es war lauschig warm und so konnten\u00a0 alle einen wundersch\u00f6nen Abend am Lagerfeuer erleben. Am Samstagmorgen wurde ich in aller Gem\u00fctsruhe aufgebaut und p\u00fcnktlich um 11 Uhr setzte der Westwind ein. 100er Mastfall, Genua ins dritte Loch und raus auf den See. Sonnenschein, warmes Wasser, und ein Wind so, dass sich gelegentlich Schaumkronen bildeten. Nach der dritten Wende rief Skipper zur Schottin im Trapez &#8222;Alleine f\u00fcr die drei Schl\u00e4ge hat sich die Fahrt schon gelohnt&#8220;. Dann nach zweieinhalb Stunden heizen \u00fcber den See musste die Crew eine Pause einlegen und mich f\u00fcr eine Weile hinter dem Clubheim <a href=\"https:\/\/korsarger3500.de\/wp-content\/uploads\/2020\/09\/Alpsee2020_70.jpg\" data-lbwps-width=\"840\" data-lbwps-height=\"1120\" data-lbwps-srcsmall=\"https:\/\/korsarger3500.de\/wp-content\/uploads\/2020\/09\/Alpsee2020_70-225x300.jpg\"><img loading=\"lazy\" decoding=\"async\" class=\"size-thumbnail wp-image-6786 alignleft\" src=\"https:\/\/korsarger3500.de\/wp-content\/uploads\/2020\/09\/Alpsee2020_70-150x150.jpg\" alt=\"\" width=\"150\" height=\"150\" \/><\/a>im Windschatten parken. Bald darauf ging es zur zweiten Runde raus aufs Wasser bis die Crew mit ihren Kr\u00e4ften endg\u00fcltig am Ende war. Ich h\u00e4tte ja noch gekonnt aber die Beiden waren fertig. Was f\u00fcr ein Spa\u00df war dieser Segeltag. Der SCAI hatte ein Optitraining angesetzt und auch dort waren die Kids begeistert vom Segeln und auch die vielen Kiter und Surfer kamen voll auf ihre Kosten. Nach einer ausgiebigen Trockenphase wurde ich fertig zugedeckt und die Crew verschwand im Clubheim. Der n\u00e4chste Morgen begann mit Nieselregen und die Crew schaute sich im Clubheim viele alte Bilder vom SCAI Segeln, die Philipp auf der Leinwand projizierte, an. Als der Regen etwas aufgeh\u00f6rt hatte brachen sie zu einer Rundwanderung um den See auf. <a href=\"https:\/\/korsarger3500.de\/wp-content\/uploads\/2020\/09\/Alpsee2020_40.jpg\" data-lbwps-width=\"840\" data-lbwps-height=\"1120\" data-lbwps-srcsmall=\"https:\/\/korsarger3500.de\/wp-content\/uploads\/2020\/09\/Alpsee2020_40-225x300.jpg\"><img loading=\"lazy\" decoding=\"async\" class=\"size-thumbnail wp-image-6774 alignright\" src=\"https:\/\/korsarger3500.de\/wp-content\/uploads\/2020\/09\/Alpsee2020_40-150x150.jpg\" alt=\"\" width=\"150\" height=\"150\" \/><\/a> Gegen Ende der Wanderung als es gerade das Zappenpetschi hinauf ging fing es wieder an zu sch\u00fctten (Zappenpetschi ist saarl\u00e4ndisch und bedeutet schwer begehbarer Trampelpfad). So kamen sie alle pitsche patsche nass nach drei Stunden wieder am Clubheim an und beendeten diesen Tag ohne zu segeln. Am Montag war ich mit meiner Crew\u00a0 zun\u00e4chst mutterseelenallein auf dem Wasser. Wir hatten den See bei einem leichten Ostwind f\u00fcr uns. So konnten wir die Uferbereiche des Sees genau in Augenschein nehmen. Am Westufer, da wo meistens die Luvtonne liegt, ist eine Bojenkette die ein Schutzgebiet abgrenzt und in der Ostecke sind wir auch in den kleinen Hafenbereich hinein gesegelt. Sp\u00e4ter war dann noch die L\u00e4dine auf dem Wasser, die wir ein paar Schl\u00e4ge lang begleiteten. Der gem\u00fctliche Segeltag endete mit Trocknen, Abbau und Verpacken. Die Crew genoss bei Kaltgetr\u00e4nk und Vesper noch die Sonnenstrahlen der Sp\u00e4tnachmittagssonne und plante die Reise f\u00fcr den n\u00e4chsten Tag. Sollte es morgen doch schon an den W\u00f6rthsee gehen.<\/p>\n<div id='gallery-1' class='gallery galleryid-6744 gallery-columns-4 gallery-size-thumbnail'><figure class='gallery-item'>\n\t\t\t<div class='gallery-icon landscape'>\n\t\t\t\t<a href='https:\/\/korsarger3500.de\/wp-content\/uploads\/2020\/09\/Alpsee2020_50.jpg'><img loading=\"lazy\" decoding=\"async\" width=\"150\" height=\"150\" src=\"https:\/\/korsarger3500.de\/wp-content\/uploads\/2020\/09\/Alpsee2020_50-150x150.jpg\" class=\"attachment-thumbnail size-thumbnail\" alt=\"\" \/><\/a>\n\t\t\t<\/div><\/figure><figure class='gallery-item'>\n\t\t\t<div class='gallery-icon portrait'>\n\t\t\t\t<a href='https:\/\/korsarger3500.de\/wp-content\/uploads\/2020\/09\/Alpsee2020_70.jpg'><img loading=\"lazy\" decoding=\"async\" width=\"150\" height=\"150\" src=\"https:\/\/korsarger3500.de\/wp-content\/uploads\/2020\/09\/Alpsee2020_70-150x150.jpg\" class=\"attachment-thumbnail size-thumbnail\" alt=\"\" \/><\/a>\n\t\t\t<\/div><\/figure><figure class='gallery-item'>\n\t\t\t<div class='gallery-icon landscape'>\n\t\t\t\t<a href='https:\/\/korsarger3500.de\/wp-content\/uploads\/2020\/09\/Alpsee2020_75.jpg'><img loading=\"lazy\" decoding=\"async\" width=\"150\" height=\"150\" src=\"https:\/\/korsarger3500.de\/wp-content\/uploads\/2020\/09\/Alpsee2020_75-150x150.jpg\" class=\"attachment-thumbnail size-thumbnail\" alt=\"\" \/><\/a>\n\t\t\t<\/div><\/figure><figure class='gallery-item'>\n\t\t\t<div class='gallery-icon portrait'>\n\t\t\t\t<a href='https:\/\/korsarger3500.de\/wp-content\/uploads\/2020\/09\/Alpsee2020_5.jpg'><img loading=\"lazy\" decoding=\"async\" width=\"150\" height=\"150\" src=\"https:\/\/korsarger3500.de\/wp-content\/uploads\/2020\/09\/Alpsee2020_5-150x150.jpg\" class=\"attachment-thumbnail size-thumbnail\" alt=\"\" \/><\/a>\n\t\t\t<\/div><\/figure><figure class='gallery-item'>\n\t\t\t<div class='gallery-icon landscape'>\n\t\t\t\t<a href='https:\/\/korsarger3500.de\/wp-content\/uploads\/2020\/09\/Alpsee2020_20.jpg'><img loading=\"lazy\" decoding=\"async\" width=\"150\" height=\"150\" src=\"https:\/\/korsarger3500.de\/wp-content\/uploads\/2020\/09\/Alpsee2020_20-150x150.jpg\" class=\"attachment-thumbnail size-thumbnail\" alt=\"\" \/><\/a>\n\t\t\t<\/div><\/figure><figure class='gallery-item'>\n\t\t\t<div class='gallery-icon portrait'>\n\t\t\t\t<a href='https:\/\/korsarger3500.de\/wp-content\/uploads\/2020\/09\/Alpsee2020_72.jpg'><img loading=\"lazy\" decoding=\"async\" width=\"150\" height=\"150\" src=\"https:\/\/korsarger3500.de\/wp-content\/uploads\/2020\/09\/Alpsee2020_72-150x150.jpg\" class=\"attachment-thumbnail size-thumbnail\" alt=\"\" \/><\/a>\n\t\t\t<\/div><\/figure><figure class='gallery-item'>\n\t\t\t<div class='gallery-icon landscape'>\n\t\t\t\t<a href='https:\/\/korsarger3500.de\/wp-content\/uploads\/2020\/09\/Alpsee2020_68.jpg'><img loading=\"lazy\" decoding=\"async\" width=\"150\" height=\"150\" src=\"https:\/\/korsarger3500.de\/wp-content\/uploads\/2020\/09\/Alpsee2020_68-150x150.jpg\" class=\"attachment-thumbnail size-thumbnail\" alt=\"\" \/><\/a>\n\t\t\t<\/div><\/figure><figure class='gallery-item'>\n\t\t\t<div class='gallery-icon landscape'>\n\t\t\t\t<a href='https:\/\/korsarger3500.de\/wp-content\/uploads\/2020\/09\/Alpsee2020_25.jpg'><img loading=\"lazy\" decoding=\"async\" width=\"150\" height=\"150\" src=\"https:\/\/korsarger3500.de\/wp-content\/uploads\/2020\/09\/Alpsee2020_25-150x150.jpg\" class=\"attachment-thumbnail size-thumbnail\" alt=\"\" \/><\/a>\n\t\t\t<\/div><\/figure><figure class='gallery-item'>\n\t\t\t<div class='gallery-icon landscape'>\n\t\t\t\t<a href='https:\/\/korsarger3500.de\/wp-content\/uploads\/2020\/09\/Alpsee2020_64.jpg'><img loading=\"lazy\" decoding=\"async\" width=\"150\" height=\"150\" src=\"https:\/\/korsarger3500.de\/wp-content\/uploads\/2020\/09\/Alpsee2020_64-150x150.jpg\" class=\"attachment-thumbnail size-thumbnail\" alt=\"\" \/><\/a>\n\t\t\t<\/div><\/figure><figure class='gallery-item'>\n\t\t\t<div class='gallery-icon landscape'>\n\t\t\t\t<a href='https:\/\/korsarger3500.de\/wp-content\/uploads\/2020\/09\/Alpsee2020_63.jpg'><img loading=\"lazy\" decoding=\"async\" width=\"150\" height=\"150\" src=\"https:\/\/korsarger3500.de\/wp-content\/uploads\/2020\/09\/Alpsee2020_63-150x150.jpg\" class=\"attachment-thumbnail size-thumbnail\" alt=\"\" \/><\/a>\n\t\t\t<\/div><\/figure><figure class='gallery-item'>\n\t\t\t<div class='gallery-icon landscape'>\n\t\t\t\t<a href='https:\/\/korsarger3500.de\/wp-content\/uploads\/2020\/09\/Alpsee2020_62.jpg'><img loading=\"lazy\" decoding=\"async\" width=\"150\" height=\"150\" src=\"https:\/\/korsarger3500.de\/wp-content\/uploads\/2020\/09\/Alpsee2020_62-150x150.jpg\" class=\"attachment-thumbnail size-thumbnail\" alt=\"\" \/><\/a>\n\t\t\t<\/div><\/figure><figure class='gallery-item'>\n\t\t\t<div class='gallery-icon landscape'>\n\t\t\t\t<a href='https:\/\/korsarger3500.de\/wp-content\/uploads\/2020\/09\/Alpsee2020_61.jpg'><img loading=\"lazy\" decoding=\"async\" width=\"150\" height=\"150\" src=\"https:\/\/korsarger3500.de\/wp-content\/uploads\/2020\/09\/Alpsee2020_61-150x150.jpg\" class=\"attachment-thumbnail size-thumbnail\" alt=\"\" \/><\/a>\n\t\t\t<\/div><\/figure><figure class='gallery-item'>\n\t\t\t<div class='gallery-icon landscape'>\n\t\t\t\t<a href='https:\/\/korsarger3500.de\/wp-content\/uploads\/2020\/09\/Alpsee2020_31.jpg'><img loading=\"lazy\" decoding=\"async\" width=\"150\" height=\"150\" src=\"https:\/\/korsarger3500.de\/wp-content\/uploads\/2020\/09\/Alpsee2020_31-150x150.jpg\" class=\"attachment-thumbnail size-thumbnail\" alt=\"\" \/><\/a>\n\t\t\t<\/div><\/figure><figure class='gallery-item'>\n\t\t\t<div class='gallery-icon landscape'>\n\t\t\t\t<a href='https:\/\/korsarger3500.de\/wp-content\/uploads\/2020\/09\/Alpsee2020_57.jpg'><img loading=\"lazy\" decoding=\"async\" width=\"150\" height=\"150\" src=\"https:\/\/korsarger3500.de\/wp-content\/uploads\/2020\/09\/Alpsee2020_57-150x150.jpg\" class=\"attachment-thumbnail size-thumbnail\" alt=\"\" \/><\/a>\n\t\t\t<\/div><\/figure><figure class='gallery-item'>\n\t\t\t<div class='gallery-icon landscape'>\n\t\t\t\t<a href='https:\/\/korsarger3500.de\/wp-content\/uploads\/2020\/09\/Alpsee2020_59.jpg'><img loading=\"lazy\" decoding=\"async\" width=\"150\" height=\"150\" src=\"https:\/\/korsarger3500.de\/wp-content\/uploads\/2020\/09\/Alpsee2020_59-150x150.jpg\" class=\"attachment-thumbnail size-thumbnail\" alt=\"\" \/><\/a>\n\t\t\t<\/div><\/figure><figure class='gallery-item'>\n\t\t\t<div class='gallery-icon landscape'>\n\t\t\t\t<a href='https:\/\/korsarger3500.de\/wp-content\/uploads\/2020\/09\/Alpsee2020_56.jpg'><img loading=\"lazy\" decoding=\"async\" width=\"150\" height=\"150\" src=\"https:\/\/korsarger3500.de\/wp-content\/uploads\/2020\/09\/Alpsee2020_56-150x150.jpg\" class=\"attachment-thumbnail size-thumbnail\" alt=\"\" \/><\/a>\n\t\t\t<\/div><\/figure><figure class='gallery-item'>\n\t\t\t<div class='gallery-icon landscape'>\n\t\t\t\t<a href='https:\/\/korsarger3500.de\/wp-content\/uploads\/2020\/09\/Alpsee2020_19.jpg'><img loading=\"lazy\" decoding=\"async\" width=\"150\" height=\"150\" src=\"https:\/\/korsarger3500.de\/wp-content\/uploads\/2020\/09\/Alpsee2020_19-150x150.jpg\" class=\"attachment-thumbnail size-thumbnail\" alt=\"\" \/><\/a>\n\t\t\t<\/div><\/figure><figure class='gallery-item'>\n\t\t\t<div class='gallery-icon landscape'>\n\t\t\t\t<a href='https:\/\/korsarger3500.de\/wp-content\/uploads\/2020\/09\/Alpsee2020_55.jpg'><img loading=\"lazy\" decoding=\"async\" width=\"150\" height=\"150\" src=\"https:\/\/korsarger3500.de\/wp-content\/uploads\/2020\/09\/Alpsee2020_55-150x150.jpg\" class=\"attachment-thumbnail size-thumbnail\" alt=\"\" \/><\/a>\n\t\t\t<\/div><\/figure><figure class='gallery-item'>\n\t\t\t<div class='gallery-icon portrait'>\n\t\t\t\t<a href='https:\/\/korsarger3500.de\/wp-content\/uploads\/2020\/09\/Alpsee2020_30.jpg'><img loading=\"lazy\" decoding=\"async\" width=\"150\" height=\"150\" src=\"https:\/\/korsarger3500.de\/wp-content\/uploads\/2020\/09\/Alpsee2020_30-150x150.jpg\" class=\"attachment-thumbnail size-thumbnail\" alt=\"\" \/><\/a>\n\t\t\t<\/div><\/figure><figure class='gallery-item'>\n\t\t\t<div class='gallery-icon portrait'>\n\t\t\t\t<a href='https:\/\/korsarger3500.de\/wp-content\/uploads\/2020\/09\/Alpsee2020_32.jpg'><img loading=\"lazy\" decoding=\"async\" width=\"150\" height=\"150\" src=\"https:\/\/korsarger3500.de\/wp-content\/uploads\/2020\/09\/Alpsee2020_32-150x150.jpg\" class=\"attachment-thumbnail size-thumbnail\" alt=\"\" \/><\/a>\n\t\t\t<\/div><\/figure><figure class='gallery-item'>\n\t\t\t<div class='gallery-icon portrait'>\n\t\t\t\t<a href='https:\/\/korsarger3500.de\/wp-content\/uploads\/2020\/09\/Alpsee2020_39.jpg'><img loading=\"lazy\" decoding=\"async\" width=\"150\" height=\"150\" src=\"https:\/\/korsarger3500.de\/wp-content\/uploads\/2020\/09\/Alpsee2020_39-150x150.jpg\" class=\"attachment-thumbnail size-thumbnail\" alt=\"\" \/><\/a>\n\t\t\t<\/div><\/figure><figure class='gallery-item'>\n\t\t\t<div class='gallery-icon portrait'>\n\t\t\t\t<a href='https:\/\/korsarger3500.de\/wp-content\/uploads\/2020\/09\/Alpsee2020_33.jpg'><img loading=\"lazy\" decoding=\"async\" width=\"150\" height=\"150\" src=\"https:\/\/korsarger3500.de\/wp-content\/uploads\/2020\/09\/Alpsee2020_33-150x150.jpg\" class=\"attachment-thumbnail size-thumbnail\" alt=\"\" \/><\/a>\n\t\t\t<\/div><\/figure><figure class='gallery-item'>\n\t\t\t<div class='gallery-icon landscape'>\n\t\t\t\t<a href='https:\/\/korsarger3500.de\/wp-content\/uploads\/2020\/09\/Alpsee2020_14.jpg'><img loading=\"lazy\" decoding=\"async\" width=\"150\" height=\"150\" src=\"https:\/\/korsarger3500.de\/wp-content\/uploads\/2020\/09\/Alpsee2020_14-150x150.jpg\" class=\"attachment-thumbnail size-thumbnail\" alt=\"\" \/><\/a>\n\t\t\t<\/div><\/figure><figure class='gallery-item'>\n\t\t\t<div class='gallery-icon landscape'>\n\t\t\t\t<a href='https:\/\/korsarger3500.de\/wp-content\/uploads\/2020\/09\/Alpsee2020_16.jpg'><img loading=\"lazy\" decoding=\"async\" width=\"150\" height=\"150\" src=\"https:\/\/korsarger3500.de\/wp-content\/uploads\/2020\/09\/Alpsee2020_16-150x150.jpg\" class=\"attachment-thumbnail size-thumbnail\" alt=\"\" \/><\/a>\n\t\t\t<\/div><\/figure><figure class='gallery-item'>\n\t\t\t<div class='gallery-icon landscape'>\n\t\t\t\t<a href='https:\/\/korsarger3500.de\/wp-content\/uploads\/2020\/09\/Alpsee2020_7.jpg'><img loading=\"lazy\" decoding=\"async\" width=\"150\" height=\"150\" src=\"https:\/\/korsarger3500.de\/wp-content\/uploads\/2020\/09\/Alpsee2020_7-150x150.jpg\" class=\"attachment-thumbnail size-thumbnail\" alt=\"\" \/><\/a>\n\t\t\t<\/div><\/figure><figure class='gallery-item'>\n\t\t\t<div class='gallery-icon landscape'>\n\t\t\t\t<a href='https:\/\/korsarger3500.de\/wp-content\/uploads\/2020\/09\/Alpsee2020_6.jpg'><img loading=\"lazy\" decoding=\"async\" width=\"150\" height=\"150\" src=\"https:\/\/korsarger3500.de\/wp-content\/uploads\/2020\/09\/Alpsee2020_6-150x150.jpg\" class=\"attachment-thumbnail size-thumbnail\" alt=\"\" \/><\/a>\n\t\t\t<\/div><\/figure><figure class='gallery-item'>\n\t\t\t<div class='gallery-icon landscape'>\n\t\t\t\t<a href='https:\/\/korsarger3500.de\/wp-content\/uploads\/2020\/09\/Alpsee2020_9.jpg'><img loading=\"lazy\" decoding=\"async\" width=\"150\" height=\"150\" src=\"https:\/\/korsarger3500.de\/wp-content\/uploads\/2020\/09\/Alpsee2020_9-150x150.jpg\" class=\"attachment-thumbnail size-thumbnail\" alt=\"\" \/><\/a>\n\t\t\t<\/div><\/figure><figure class='gallery-item'>\n\t\t\t<div class='gallery-icon portrait'>\n\t\t\t\t<a href='https:\/\/korsarger3500.de\/wp-content\/uploads\/2020\/09\/Alpsee2020_46.jpg'><img loading=\"lazy\" decoding=\"async\" width=\"150\" height=\"150\" src=\"https:\/\/korsarger3500.de\/wp-content\/uploads\/2020\/09\/Alpsee2020_46-150x150.jpg\" class=\"attachment-thumbnail size-thumbnail\" alt=\"\" \/><\/a>\n\t\t\t<\/div><\/figure>\n\t\t<\/div>\n\n<p>ah-so gewonnen haben alle die da waren<\/p>\n<p><a href=\"https:\/\/korsarger3500.de\/index.php\/korsar-pokal-woerthsee-2020\/\">weiter <\/a>\u2026oder zur <a href=\"http:\/\/korsarger3500.de\/\">Startseite<\/a><\/p>\n","protected":false},"excerpt":{"rendered":"<p>Direkt nach dem Schluchsee Wochenende sollte die verschobenen Kuhschelle am Alpsee stattfinden. Leider musste der SCAI auch diese kurzfristig absagen. Ich wurde trotzdem Donnerstags abgeriggt, eingepackt und verladen, schlie\u00dflich hatte die Crew Urlaub und Zimmer gebucht. Freitags am fr\u00fchen Nachmittag ging es bei sch\u00f6nsten Cabrio Wetter dann los in Richtung\u00a0 Immenstadt, wo wir noch bei &hellip; <a href=\"https:\/\/korsarger3500.de\/index.php\/kuhschelle-2020\/\" class=\"more-link\"><span class=\"screen-reader-text\">Kuhschelle 2020 Part 2<\/span> weiterlesen<\/a><\/p>\n","protected":false},"author":1,"featured_media":0,"parent":0,"menu_order":0,"comment_status":"closed","ping_status":"closed","template":"","meta":{"footnotes":""},"class_list":["post-6744","page","type-page","status-publish","hentry"],"_links":{"self":[{"href":"https:\/\/korsarger3500.de\/index.php\/wp-json\/wp\/v2\/pages\/6744","targetHints":{"allow":["GET"]}}],"collection":[{"href":"https:\/\/korsarger3500.de\/index.php\/wp-json\/wp\/v2\/pages"}],"about":[{"href":"https:\/\/korsarger3500.de\/index.php\/wp-json\/wp\/v2\/types\/page"}],"author":[{"embeddable":true,"href":"https:\/\/korsarger3500.de\/index.php\/wp-json\/wp\/v2\/users\/1"}],"replies":[{"embeddable":true,"href":"https:\/\/korsarger3500.de\/index.php\/wp-json\/wp\/v2\/comments?post=6744"}],"version-history":[{"count":19,"href":"https:\/\/korsarger3500.de\/index.php\/wp-json\/wp\/v2\/pages\/6744\/revisions"}],"predecessor-version":[{"id":6953,"href":"https:\/\/korsarger3500.de\/index.php\/wp-json\/wp\/v2\/pages\/6744\/revisions\/6953"}],"wp:attachment":[{"href":"https:\/\/korsarger3500.de\/index.php\/wp-json\/wp\/v2\/media?parent=6744"}],"curies":[{"name":"wp","href":"https:\/\/api.w.org\/{rel}","templated":true}]}}