{"id":6687,"date":"2020-09-19T20:23:22","date_gmt":"2020-09-19T18:23:22","guid":{"rendered":"https:\/\/korsarger3500.de\/?page_id=6687"},"modified":"2022-06-10T10:52:11","modified_gmt":"2022-06-10T08:52:11","slug":"auerhahnregatta-2020","status":"publish","type":"page","link":"https:\/\/korsarger3500.de\/index.php\/auerhahnregatta-2020\/","title":{"rendered":"Auerhahnregatta 2020"},"content":{"rendered":"<p style=\"text-align: justify;\">Lange habe ich dieses Jahr warten m\u00fcssen, bis wir zur ersten Korsarregatta aufgebrochen sind. Hat doch dieses bl\u00f6de Virus uns alle ausgebremst. Aber nun ging es endlich los in Richtung Schluchsee. Wir sind freitags gestartet und die Crew suchte und fand tats\u00e4chlich alle Umwege und Umleitungen, die es auf der Strecke zu finden gab. So kamen wir erst am sp\u00e4ten Nachmittag beim Seglerverein an. Weil es stark regnete wurde ich auf den Vorplatz des Clubgel\u00e4ndes abgestellt. Die Crew verschwand schnell im Seglerheim und traf sich dort mit den anderen Seglern. Bald traf auch <em>Prinz von Baden<\/em> ein und sp\u00e4ter am Abend gesellten sich dann auch <em>new beetle<\/em> und <em>vajra<\/em> dazu. Am n\u00e4chsten Morgen lagen tiefe Nebelschwaden \u00fcber dem See und es nieselte leicht. Es half aber alles nichts &#8211; ich musste aufgebaut werden, denn es sollte ja schlie\u00dflich gesegelt werden. Ein mir bisher unbekanntes Schiff mit Namen <em>Sturmvogel<\/em> wurde auch gerade aufgebaut. Es stellte sich heraus, dass er der neue Klassenclown ist und noch nach einem passenden Namen sucht. Klassen Clown 2 oder new Clown sind hoffentlich nicht in der engeren Auswahl. Ich finde ja korsarlino gar nicht so \u00fcbel, da er ja f\u00fcr die neuen und jungen Crews zur Verf\u00fcgung steht. Am sp\u00e4ten Vormittag trafen auch noch <em>Destiny<\/em> und <em>BeGeHenni<\/em> ein. <em>BeGeHenni<\/em> freut sich sicherlich \u00fcber seinen neuen Namen. Nach der obligatorischen Steuermannsbesprechung ging es dann endlich aufs Wasser. Der Weg dorthin war etwas l\u00e4nger als sonst, da gute drei Meter Wasser im See fehlten. <em>vajra<\/em> stand wie gewohnt unten am Wasser und wartete. Wir segelten langsam Richtung Kaiserbucht, zu der Stelle an der die Wettfahrtleitung die Startlinie legen wollte. Der Tonnenleger hatte gro\u00dfe Probleme einen Kurs zu legen, da der Wind immer wieder drehte. Irgendwann war es dann aber doch soweit, der erste Start f\u00fcr dieses Jahr stand bevor.\u00a0 Skipper legte mich bl\u00f6derweise in Luv neben <em>vajra,<\/em> der uns dann auch kurz vor dem Start \u00fcber die Linie luvte. Zum Gl\u00fcck\u00a0 waren wir nicht die Einzigen, die\u00a0 zu fr\u00fch gestartet waren und es gab einen Gesammtr\u00fcckruf. Toller Saisonauftakt. Beim zweiten Start passte Skipper besser auf und startet weiter weg von\u00a0 allen im Lee an der Tonne. Den ganzen Lauf \u00fcber waren wir im vorderen Drittel und beendeten den Lauf als F\u00fcnfter. Beim n\u00e4chsten Start legte die Crew mich auch wieder nahe an die Tonne, da diese Seite der Linie sehr bevorzugt erschien. 10 Sekunden vor Start drehte der Wind noch weiter zur Tonne sodass wir diese beim \u00dcberqueren der Linie ber\u00fchrten. Schnell eine Runde um die Tonne und dann hinter dem ganzen Feld auf Steuerbord Bug hinterher. Nach ein paar gegl\u00fcckten Schl\u00e4gen und zwei Runden um\u00a0 den Up-Downkurs waren wir kurz vor <em>Destiny<\/em> wieder als F\u00fcnfter im Ziel. Mittlerweile fror die Crew schon sehr. Der Troki w\u00e4re wohl die bessere Wahl gewesen. Beim letzten Start war wieder die linke Seite der Linie sehr bevorzugt und wir lagen auch als unterstes Schiff vor der Tonne. <em>new beetle<\/em> war in Luv hinter uns als der Startschuss fiel. Skipper war ganz auf ihn konzentriert und \u00fcbersah <em>Prinz von Baden,<\/em> der sich auf steuerbord hinter uns durch mogelte. Am Luffass waren wir dann an Position drei. Da der Wind nun fast einschlief,\u00a0 verk\u00fcrzte der Wettfahrtleiter die Bahn. Wir brauchen also nur noch den Spikus herunter zu segeln, die Leetonne zu runden und ins Ziel zu segeln. Aber es sollte anders kommen. Die Schiffe hinter uns bekamen einen Dr\u00fccker und zogen allesamt an uns vorbei, so dass wir letztendlich als Achter ins Ziel kam. Dann wurde der Wind wieder ein klein wenig st\u00e4rker und wir konnten zur\u00fcck zum Steg segeln. Als die Crew und helfende H\u00e4nde mich dann wieder auf den Stellplatz gezogen hatten, war allen auch wieder warm. Schnell wurde ich abgeriggt und verpackt, regnete es doch schon wieder etwas. Die Crew machte sich gleich auf zum Seglerhock und Abendessen. Das fand nicht wie sonst drau\u00dfen am Lagerfeuer statt, sondern in der gro\u00dfen Trockentenne des Clubs.\u00a0 Die Stimmung war trotz Coronaregeln gut und die anwesenden Segler waren bester Laune. Am n\u00e4chsten Morgen prasselte, so wie fast die ganze Nacht, der Regen auf meine Persening. Es wollte nicht aufh\u00f6ren zu sch\u00fctten und die Wettfahrtleitung beendeten die Regatta dann auch zeitig. Die Crew zog sich die Trockis an, baute mich im str\u00f6menden Regen ab und verstaute mich auf meinen Trailer. Die Siegerehrung war dieses mal viel k\u00fcrzer als sonst, weil wir Korsare die einzigen Schiffe waren. Das Ausloben der Trotteltanne gestaltet sich schwierig, da sich keine Crew so richtig doof dran gestellt hatte. F\u00fcr das kleine Vergehen bei Leichtwind mit einem Starkwindtrimm gefahren zu sein, bekam die Crew von xxxx diesen Pokal. Nach der Verabshiedungsrunde machen wir uns bei immer noch str\u00f6menden Regen Richtung Heimat auf. &#8222;Zwei mal F\u00fcnfter und nur ein mal Bericht f\u00fcr die KV schreiben&#8220; h\u00f6rte ich die Schottin vor mir im MX sagen. Das nenne ich doch mal effizient. Nach fast vier Stunden Regen riss der Himmel endlich auf und ich konnte die letzten Kilometer doch noch etwas Sonne tanken.<\/p>\n<div id='gallery-1' class='gallery galleryid-6687 gallery-columns-4 gallery-size-thumbnail'><figure class='gallery-item'>\n\t\t\t<div class='gallery-icon landscape'>\n\t\t\t\t<a href='https:\/\/korsarger3500.de\/wp-content\/uploads\/2020\/09\/Schluchsee_2020_37.jpg'><img loading=\"lazy\" decoding=\"async\" width=\"150\" height=\"150\" src=\"https:\/\/korsarger3500.de\/wp-content\/uploads\/2020\/09\/Schluchsee_2020_37-150x150.jpg\" class=\"attachment-thumbnail size-thumbnail\" alt=\"\" \/><\/a>\n\t\t\t<\/div><\/figure><figure class='gallery-item'>\n\t\t\t<div class='gallery-icon landscape'>\n\t\t\t\t<a href='https:\/\/korsarger3500.de\/wp-content\/uploads\/2020\/09\/Schluchsee_2020_36.jpg'><img loading=\"lazy\" decoding=\"async\" width=\"150\" height=\"150\" src=\"https:\/\/korsarger3500.de\/wp-content\/uploads\/2020\/09\/Schluchsee_2020_36-150x150.jpg\" class=\"attachment-thumbnail size-thumbnail\" alt=\"\" \/><\/a>\n\t\t\t<\/div><\/figure><figure class='gallery-item'>\n\t\t\t<div class='gallery-icon landscape'>\n\t\t\t\t<a href='https:\/\/korsarger3500.de\/wp-content\/uploads\/2020\/09\/Schluchsee_2020_34.jpg'><img loading=\"lazy\" decoding=\"async\" width=\"150\" height=\"150\" src=\"https:\/\/korsarger3500.de\/wp-content\/uploads\/2020\/09\/Schluchsee_2020_34-150x150.jpg\" class=\"attachment-thumbnail size-thumbnail\" alt=\"\" \/><\/a>\n\t\t\t<\/div><\/figure><figure class='gallery-item'>\n\t\t\t<div class='gallery-icon landscape'>\n\t\t\t\t<a href='https:\/\/korsarger3500.de\/wp-content\/uploads\/2020\/09\/Schluchsee_2020_33.jpg'><img loading=\"lazy\" decoding=\"async\" width=\"150\" height=\"150\" src=\"https:\/\/korsarger3500.de\/wp-content\/uploads\/2020\/09\/Schluchsee_2020_33-150x150.jpg\" class=\"attachment-thumbnail size-thumbnail\" alt=\"\" \/><\/a>\n\t\t\t<\/div><\/figure><figure class='gallery-item'>\n\t\t\t<div class='gallery-icon landscape'>\n\t\t\t\t<a href='https:\/\/korsarger3500.de\/wp-content\/uploads\/2020\/09\/Schluchsee_2020_30.jpg'><img loading=\"lazy\" decoding=\"async\" width=\"150\" height=\"150\" src=\"https:\/\/korsarger3500.de\/wp-content\/uploads\/2020\/09\/Schluchsee_2020_30-150x150.jpg\" class=\"attachment-thumbnail size-thumbnail\" alt=\"\" \/><\/a>\n\t\t\t<\/div><\/figure><figure class='gallery-item'>\n\t\t\t<div class='gallery-icon landscape'>\n\t\t\t\t<a href='https:\/\/korsarger3500.de\/wp-content\/uploads\/2020\/09\/Schluchsee_2020_29.jpg'><img loading=\"lazy\" decoding=\"async\" width=\"150\" height=\"150\" src=\"https:\/\/korsarger3500.de\/wp-content\/uploads\/2020\/09\/Schluchsee_2020_29-150x150.jpg\" class=\"attachment-thumbnail size-thumbnail\" alt=\"\" \/><\/a>\n\t\t\t<\/div><\/figure><figure class='gallery-item'>\n\t\t\t<div class='gallery-icon landscape'>\n\t\t\t\t<a href='https:\/\/korsarger3500.de\/wp-content\/uploads\/2020\/09\/Schluchsee_2020_26.jpg'><img loading=\"lazy\" decoding=\"async\" width=\"150\" height=\"150\" src=\"https:\/\/korsarger3500.de\/wp-content\/uploads\/2020\/09\/Schluchsee_2020_26-150x150.jpg\" class=\"attachment-thumbnail size-thumbnail\" alt=\"\" \/><\/a>\n\t\t\t<\/div><\/figure><figure class='gallery-item'>\n\t\t\t<div class='gallery-icon landscape'>\n\t\t\t\t<a href='https:\/\/korsarger3500.de\/wp-content\/uploads\/2020\/09\/Schluchsee_2020_25.jpg'><img loading=\"lazy\" decoding=\"async\" width=\"150\" height=\"150\" src=\"https:\/\/korsarger3500.de\/wp-content\/uploads\/2020\/09\/Schluchsee_2020_25-150x150.jpg\" class=\"attachment-thumbnail size-thumbnail\" alt=\"\" \/><\/a>\n\t\t\t<\/div><\/figure><figure class='gallery-item'>\n\t\t\t<div class='gallery-icon landscape'>\n\t\t\t\t<a href='https:\/\/korsarger3500.de\/wp-content\/uploads\/2020\/09\/Schluchsee_2020_24.jpg'><img loading=\"lazy\" decoding=\"async\" width=\"150\" height=\"150\" src=\"https:\/\/korsarger3500.de\/wp-content\/uploads\/2020\/09\/Schluchsee_2020_24-150x150.jpg\" class=\"attachment-thumbnail size-thumbnail\" alt=\"\" \/><\/a>\n\t\t\t<\/div><\/figure><figure class='gallery-item'>\n\t\t\t<div class='gallery-icon landscape'>\n\t\t\t\t<a href='https:\/\/korsarger3500.de\/wp-content\/uploads\/2020\/09\/Schluchsee_2020_23.jpg'><img loading=\"lazy\" decoding=\"async\" width=\"150\" height=\"150\" src=\"https:\/\/korsarger3500.de\/wp-content\/uploads\/2020\/09\/Schluchsee_2020_23-150x150.jpg\" class=\"attachment-thumbnail size-thumbnail\" alt=\"\" \/><\/a>\n\t\t\t<\/div><\/figure><figure class='gallery-item'>\n\t\t\t<div class='gallery-icon landscape'>\n\t\t\t\t<a href='https:\/\/korsarger3500.de\/wp-content\/uploads\/2020\/09\/Schluchsee_2020_20.jpg'><img loading=\"lazy\" decoding=\"async\" width=\"150\" height=\"150\" src=\"https:\/\/korsarger3500.de\/wp-content\/uploads\/2020\/09\/Schluchsee_2020_20-150x150.jpg\" class=\"attachment-thumbnail size-thumbnail\" alt=\"\" \/><\/a>\n\t\t\t<\/div><\/figure><figure class='gallery-item'>\n\t\t\t<div class='gallery-icon landscape'>\n\t\t\t\t<a href='https:\/\/korsarger3500.de\/wp-content\/uploads\/2020\/09\/Schluchsee_2020_18.jpg'><img loading=\"lazy\" decoding=\"async\" width=\"150\" height=\"150\" src=\"https:\/\/korsarger3500.de\/wp-content\/uploads\/2020\/09\/Schluchsee_2020_18-150x150.jpg\" class=\"attachment-thumbnail size-thumbnail\" alt=\"\" \/><\/a>\n\t\t\t<\/div><\/figure><figure class='gallery-item'>\n\t\t\t<div class='gallery-icon landscape'>\n\t\t\t\t<a href='https:\/\/korsarger3500.de\/wp-content\/uploads\/2020\/09\/Schluchsee_2020_13.jpg'><img loading=\"lazy\" decoding=\"async\" width=\"150\" height=\"150\" src=\"https:\/\/korsarger3500.de\/wp-content\/uploads\/2020\/09\/Schluchsee_2020_13-150x150.jpg\" class=\"attachment-thumbnail size-thumbnail\" alt=\"\" \/><\/a>\n\t\t\t<\/div><\/figure><figure class='gallery-item'>\n\t\t\t<div class='gallery-icon landscape'>\n\t\t\t\t<a href='https:\/\/korsarger3500.de\/wp-content\/uploads\/2020\/09\/Schluchsee_2020_11.jpg'><img loading=\"lazy\" decoding=\"async\" width=\"150\" height=\"150\" src=\"https:\/\/korsarger3500.de\/wp-content\/uploads\/2020\/09\/Schluchsee_2020_11-150x150.jpg\" class=\"attachment-thumbnail size-thumbnail\" alt=\"\" \/><\/a>\n\t\t\t<\/div><\/figure><figure class='gallery-item'>\n\t\t\t<div class='gallery-icon landscape'>\n\t\t\t\t<a href='https:\/\/korsarger3500.de\/wp-content\/uploads\/2020\/09\/Schluchsee_2020_9.jpg'><img loading=\"lazy\" decoding=\"async\" width=\"150\" height=\"150\" src=\"https:\/\/korsarger3500.de\/wp-content\/uploads\/2020\/09\/Schluchsee_2020_9-150x150.jpg\" class=\"attachment-thumbnail size-thumbnail\" alt=\"\" \/><\/a>\n\t\t\t<\/div><\/figure><figure class='gallery-item'>\n\t\t\t<div class='gallery-icon landscape'>\n\t\t\t\t<a href='https:\/\/korsarger3500.de\/wp-content\/uploads\/2020\/09\/Schluchsee_2020_7.jpg'><img loading=\"lazy\" decoding=\"async\" width=\"150\" height=\"150\" src=\"https:\/\/korsarger3500.de\/wp-content\/uploads\/2020\/09\/Schluchsee_2020_7-150x150.jpg\" class=\"attachment-thumbnail size-thumbnail\" alt=\"\" \/><\/a>\n\t\t\t<\/div><\/figure><figure class='gallery-item'>\n\t\t\t<div class='gallery-icon landscape'>\n\t\t\t\t<a href='https:\/\/korsarger3500.de\/wp-content\/uploads\/2020\/09\/Schluchsee_2020_5.jpg'><img loading=\"lazy\" decoding=\"async\" width=\"150\" height=\"150\" src=\"https:\/\/korsarger3500.de\/wp-content\/uploads\/2020\/09\/Schluchsee_2020_5-150x150.jpg\" class=\"attachment-thumbnail size-thumbnail\" alt=\"\" \/><\/a>\n\t\t\t<\/div><\/figure><figure class='gallery-item'>\n\t\t\t<div class='gallery-icon landscape'>\n\t\t\t\t<a href='https:\/\/korsarger3500.de\/wp-content\/uploads\/2020\/09\/Schluchsee_2020_4.jpg'><img loading=\"lazy\" decoding=\"async\" width=\"150\" height=\"150\" src=\"https:\/\/korsarger3500.de\/wp-content\/uploads\/2020\/09\/Schluchsee_2020_4-150x150.jpg\" class=\"attachment-thumbnail size-thumbnail\" alt=\"\" \/><\/a>\n\t\t\t<\/div><\/figure><figure class='gallery-item'>\n\t\t\t<div class='gallery-icon landscape'>\n\t\t\t\t<a href='https:\/\/korsarger3500.de\/wp-content\/uploads\/2020\/09\/Schluchsee_2020_2.jpg'><img loading=\"lazy\" decoding=\"async\" width=\"150\" height=\"150\" src=\"https:\/\/korsarger3500.de\/wp-content\/uploads\/2020\/09\/Schluchsee_2020_2-150x150.jpg\" class=\"attachment-thumbnail size-thumbnail\" alt=\"\" \/><\/a>\n\t\t\t<\/div><\/figure><figure class='gallery-item'>\n\t\t\t<div class='gallery-icon landscape'>\n\t\t\t\t<a href='https:\/\/korsarger3500.de\/wp-content\/uploads\/2020\/09\/Schluchsee_2020_1.jpg'><img loading=\"lazy\" decoding=\"async\" width=\"150\" height=\"150\" src=\"https:\/\/korsarger3500.de\/wp-content\/uploads\/2020\/09\/Schluchsee_2020_1-150x150.jpg\" class=\"attachment-thumbnail size-thumbnail\" alt=\"\" \/><\/a>\n\t\t\t<\/div><\/figure>\n\t\t<\/div>\n\n<p>ah-so gewonnen hat <em>new beetle <\/em>mit Daniel und Chris<\/p>\n<p><a href=\"https:\/\/korsarger3500.de\/wp-content\/uploads\/2022\/06\/2020_Auerhahn.jpg\" data-lbwps-width=\"944\" data-lbwps-height=\"373\" data-lbwps-srcsmall=\"https:\/\/korsarger3500.de\/wp-content\/uploads\/2022\/06\/2020_Auerhahn-300x119.jpg\">Ergebnis<\/a>\u00a0<a href=\"https:\/\/korsarger3500.de\/wp-content\/uploads\/2020\/09\/Ergebnisse-Korsar_Auerhahn_2020.pdf\">(PDF)<\/a><\/p>\n<p><a href=\"https:\/\/korsarger3500.de\/index.php\/kuhschelle-2020\/\">weiter<\/a> \u2026oder zur <a href=\"http:\/\/korsarger3500.de\/\">Startseite<\/a><\/p>\n","protected":false},"excerpt":{"rendered":"<p>Lange habe ich dieses Jahr warten m\u00fcssen, bis wir zur ersten Korsarregatta aufgebrochen sind. Hat doch dieses bl\u00f6de Virus uns alle ausgebremst. Aber nun ging es endlich los in Richtung Schluchsee. Wir sind freitags gestartet und die Crew suchte und fand tats\u00e4chlich alle Umwege und Umleitungen, die es auf der Strecke zu finden gab. So &hellip; <a href=\"https:\/\/korsarger3500.de\/index.php\/auerhahnregatta-2020\/\" class=\"more-link\"><span class=\"screen-reader-text\">Auerhahnregatta 2020<\/span> weiterlesen<\/a><\/p>\n","protected":false},"author":1,"featured_media":0,"parent":0,"menu_order":0,"comment_status":"closed","ping_status":"closed","template":"","meta":{"footnotes":""},"class_list":["post-6687","page","type-page","status-publish","hentry"],"_links":{"self":[{"href":"https:\/\/korsarger3500.de\/index.php\/wp-json\/wp\/v2\/pages\/6687","targetHints":{"allow":["GET"]}}],"collection":[{"href":"https:\/\/korsarger3500.de\/index.php\/wp-json\/wp\/v2\/pages"}],"about":[{"href":"https:\/\/korsarger3500.de\/index.php\/wp-json\/wp\/v2\/types\/page"}],"author":[{"embeddable":true,"href":"https:\/\/korsarger3500.de\/index.php\/wp-json\/wp\/v2\/users\/1"}],"replies":[{"embeddable":true,"href":"https:\/\/korsarger3500.de\/index.php\/wp-json\/wp\/v2\/comments?post=6687"}],"version-history":[{"count":33,"href":"https:\/\/korsarger3500.de\/index.php\/wp-json\/wp\/v2\/pages\/6687\/revisions"}],"predecessor-version":[{"id":7784,"href":"https:\/\/korsarger3500.de\/index.php\/wp-json\/wp\/v2\/pages\/6687\/revisions\/7784"}],"wp:attachment":[{"href":"https:\/\/korsarger3500.de\/index.php\/wp-json\/wp\/v2\/media?parent=6687"}],"curies":[{"name":"wp","href":"https:\/\/api.w.org\/{rel}","templated":true}]}}