{"id":6636,"date":"2020-05-12T15:46:11","date_gmt":"2020-05-12T13:46:11","guid":{"rendered":"https:\/\/korsarger3500.de\/?page_id=6636"},"modified":"2021-07-09T06:16:18","modified_gmt":"2021-07-09T04:16:18","slug":"regatta-2020","status":"publish","type":"page","link":"https:\/\/korsarger3500.de\/index.php\/regatta-2020\/","title":{"rendered":"Regatta 2020"},"content":{"rendered":"<p style=\"text-align: justify;\"><a href=\"https:\/\/korsarger3500.de\/wp-content\/uploads\/2020\/05\/Deck_2010.jpg\" data-lbwps-width=\"1680\" data-lbwps-height=\"1260\" data-lbwps-srcsmall=\"https:\/\/korsarger3500.de\/wp-content\/uploads\/2020\/05\/Deck_2010-300x225.jpg\"><img loading=\"lazy\" decoding=\"async\" class=\"wp-image-6643 size-thumbnail alignright\" src=\"https:\/\/korsarger3500.de\/wp-content\/uploads\/2020\/05\/Deck_2010-150x150.jpg\" alt=\"\" width=\"150\" height=\"150\" \/><\/a>Irgendwie ist in diesem Jahr alles anders. Es fing damit an das mein neuer Deckaufbau nicht so perfekt geworden ist wie Skipper sich das vorgestellt hatte. Als mein Deck im Februar fertig war sah es aus wie frisch aus der Werft. Nicht der kleinste Makel war zu sehen als ich im M\u00e4rz an den See gebracht und aufgebaut wurde. Nach zwei Wochen an der frischen Luft zeigte sich dann aber an\u00a0 einigen Stellen das Glasgewebe unter dem Klarlack und es ergaben sich raue Stellen. Also baute die Crew mich nach 2 Trainingstagen wieder ab und es ging zur\u00fcck in die Garage. Dort brachte Skipper 2 weitere Lagen Klarlack auf wodurch die meisten <a href=\"https:\/\/korsarger3500.de\/wp-content\/uploads\/2020\/05\/Deck_2020_1.jpg\" data-lbwps-width=\"1493\" data-lbwps-height=\"1120\" data-lbwps-srcsmall=\"https:\/\/korsarger3500.de\/wp-content\/uploads\/2020\/05\/Deck_2020_1-300x225.jpg\"><img loading=\"lazy\" decoding=\"async\" class=\"size-thumbnail wp-image-6645 alignleft\" src=\"https:\/\/korsarger3500.de\/wp-content\/uploads\/2020\/05\/Deck_2020_1-150x150.jpg\" alt=\"\" width=\"150\" height=\"150\" \/><\/a>unansehnlichen Stellen verschwanden. Mittlerweile war es April. Aber warum ging es nicht wie gewohnt nach Liblar sondern wieder an meinen See. Und auch hier war es ungew\u00f6hnlich ruhig f\u00fcr die Jahreszeit. Es waren au\u00dfer mir keine Schiffe auf dem See und wenn meiner Crew nicht andauernd vorbei geschaut h\u00e4tte w\u00e4re ich hier glatt &#8222;verlangweilt&#8220;. Corona war das Zauberwort. Es war immer mal wieder zu h\u00f6ren und muss daf\u00fcr gesorgt haben das wir nicht zu den Regatten gefahren sind. An der Crew oder mir hat es jedenfalls nicht gelegen. Wir waren jede Woche auf dem <a href=\"https:\/\/korsarger3500.de\/wp-content\/uploads\/2020\/05\/Ansegeln2020.jpg\" data-lbwps-width=\"840\" data-lbwps-height=\"1120\" data-lbwps-srcsmall=\"https:\/\/korsarger3500.de\/wp-content\/uploads\/2020\/05\/Ansegeln2020-225x300.jpg\"><img loading=\"lazy\" decoding=\"async\" class=\"size-thumbnail wp-image-6646 alignright\" src=\"https:\/\/korsarger3500.de\/wp-content\/uploads\/2020\/05\/Ansegeln2020-150x150.jpg\" alt=\"\" width=\"150\" height=\"150\" \/><\/a>Wasser und haben zusammen auch schon die obligatorische Jahresanfangs-Kenterung hingelegt. So wie ich die Sache sehe wird das auch so schnell nichts mit dem Regatta segeln. Aber vielleicht habe ich ja Gl\u00fcck und es kommt mich mal jemand besuchen.<\/p>\n<p style=\"text-align: justify;\">Der Besuch lie\u00df gar nicht so lange auf sich warten. Irgend jemand hatte das Korsar-Eigent\u00fcmer-Wechsel-Karussell angeworfen und so kam es, dass <em>Klassenclown<\/em> zu mir an den See kam. Er hat die Besitzer gewechselt und war ein paa<a href=\"https:\/\/korsarger3500.de\/wp-content\/uploads\/2020\/07\/Klassenclown.jpg\" data-lbwps-width=\"840\" data-lbwps-height=\"1120\" data-lbwps-srcsmall=\"https:\/\/korsarger3500.de\/wp-content\/uploads\/2020\/07\/Klassenclown-225x300.jpg\"><img loading=\"lazy\" decoding=\"async\" class=\"size-thumbnail wp-image-6655 alignleft\" src=\"https:\/\/korsarger3500.de\/wp-content\/uploads\/2020\/07\/Klassenclown-150x150.jpg\" alt=\"\" width=\"150\" height=\"150\" \/><\/a>r Wochen bei mir zu Gast. Er wurde hier von allen Abziehbildern befreit, poliert und bekam auch eine neue Ruderanlage. Er absolvierte mit seiner neuen Crew ein paar Probeschl\u00e4ge und wurde anschlie\u00dfend an den Alpsee umgesiedelt. Dort bekommt er bestimmt auch bald einen neuen Namen.<\/p>\n<p><a href=\"https:\/\/korsarger3500.de\/index.php\/kuhschelle-2020-ausgefallen\/\">Kuhschelle 2020 Part 1<\/a><\/p>\n<p><a href=\"https:\/\/korsarger3500.de\/index.php\/kuhschelle-2020-ausgefallen\/\"><img loading=\"lazy\" decoding=\"async\" class=\"alignnone wp-image-6936 size-medium\" src=\"https:\/\/korsarger3500.de\/wp-content\/uploads\/2020\/11\/Alpsee_2020_1-300x169.jpg\" alt=\"\" width=\"300\" height=\"169\" srcset=\"https:\/\/korsarger3500.de\/wp-content\/uploads\/2020\/11\/Alpsee_2020_1-300x169.jpg 300w, https:\/\/korsarger3500.de\/wp-content\/uploads\/2020\/11\/Alpsee_2020_1-1024x576.jpg 1024w, https:\/\/korsarger3500.de\/wp-content\/uploads\/2020\/11\/Alpsee_2020_1-768x432.jpg 768w, https:\/\/korsarger3500.de\/wp-content\/uploads\/2020\/11\/Alpsee_2020_1-1536x864.jpg 1536w, https:\/\/korsarger3500.de\/wp-content\/uploads\/2020\/11\/Alpsee_2020_1.jpg 1680w\" sizes=\"auto, (max-width: 300px) 100vw, 300px\" \/><\/a><\/p>\n<p><a href=\"https:\/\/korsarger3500.de\/index.php\/rsc-vereinsmeisterschaft-2020\/\">RSC\u00a0 Clubmeisterschaft 2020<\/a><\/p>\n<p><a href=\"https:\/\/korsarger3500.de\/index.php\/rsc-vereinsmeisterschaft-2020\/\"><img loading=\"lazy\" decoding=\"async\" class=\"alignnone wp-image-6666 size-medium\" src=\"https:\/\/korsarger3500.de\/wp-content\/uploads\/2020\/08\/RSC_2020_01-300x146.jpg\" alt=\"\" width=\"300\" height=\"146\" srcset=\"https:\/\/korsarger3500.de\/wp-content\/uploads\/2020\/08\/RSC_2020_01-300x146.jpg 300w, https:\/\/korsarger3500.de\/wp-content\/uploads\/2020\/08\/RSC_2020_01-1024x497.jpg 1024w, https:\/\/korsarger3500.de\/wp-content\/uploads\/2020\/08\/RSC_2020_01-768x373.jpg 768w, https:\/\/korsarger3500.de\/wp-content\/uploads\/2020\/08\/RSC_2020_01-1536x746.jpg 1536w, https:\/\/korsarger3500.de\/wp-content\/uploads\/2020\/08\/RSC_2020_01.jpg 1680w\" sizes=\"auto, (max-width: 300px) 100vw, 300px\" \/><\/a><\/p>\n<p><a href=\"https:\/\/korsarger3500.de\/index.php\/auerhahnregatta-2020\/\">Auerhahn Regatta 2020<\/a><\/p>\n<p><a href=\"https:\/\/korsarger3500.de\/index.php\/auerhahnregatta-2020\/\"><img loading=\"lazy\" decoding=\"async\" class=\"alignnone wp-image-6696 size-medium\" src=\"https:\/\/korsarger3500.de\/wp-content\/uploads\/2020\/09\/Schluchsee_2020_9-300x225.jpg\" alt=\"\" width=\"300\" height=\"225\" srcset=\"https:\/\/korsarger3500.de\/wp-content\/uploads\/2020\/09\/Schluchsee_2020_9-300x225.jpg 300w, https:\/\/korsarger3500.de\/wp-content\/uploads\/2020\/09\/Schluchsee_2020_9-1024x768.jpg 1024w, https:\/\/korsarger3500.de\/wp-content\/uploads\/2020\/09\/Schluchsee_2020_9-768x576.jpg 768w, https:\/\/korsarger3500.de\/wp-content\/uploads\/2020\/09\/Schluchsee_2020_9-1536x1152.jpg 1536w, https:\/\/korsarger3500.de\/wp-content\/uploads\/2020\/09\/Schluchsee_2020_9.jpg 1680w\" sizes=\"auto, (max-width: 300px) 100vw, 300px\" \/><\/a><\/p>\n<p><a href=\"https:\/\/korsarger3500.de\/index.php\/kuhschelle-2020\/\">Kuhschelle 2020 Part 2<\/a><\/p>\n<p><a href=\"https:\/\/korsarger3500.de\/index.php\/kuhschelle-2020\/\"><img loading=\"lazy\" decoding=\"async\" class=\"alignnone wp-image-6788 size-medium\" src=\"https:\/\/korsarger3500.de\/wp-content\/uploads\/2020\/09\/Alpsee2020_75-300x225.jpg\" alt=\"\" width=\"300\" height=\"225\" srcset=\"https:\/\/korsarger3500.de\/wp-content\/uploads\/2020\/09\/Alpsee2020_75-300x225.jpg 300w, https:\/\/korsarger3500.de\/wp-content\/uploads\/2020\/09\/Alpsee2020_75-1024x768.jpg 1024w, https:\/\/korsarger3500.de\/wp-content\/uploads\/2020\/09\/Alpsee2020_75-768x576.jpg 768w, https:\/\/korsarger3500.de\/wp-content\/uploads\/2020\/09\/Alpsee2020_75.jpg 1493w\" sizes=\"auto, (max-width: 300px) 100vw, 300px\" \/><\/a><\/p>\n<p><a href=\"https:\/\/korsarger3500.de\/index.php\/korsar-pokal-woerthsee-2020\/\">Korsarenpokal W\u00f6rthsee 2020<\/a><\/p>\n<p><a href=\"https:\/\/korsarger3500.de\/index.php\/korsar-pokal-woerthsee-2020\/\"><img loading=\"lazy\" decoding=\"async\" class=\"alignnone wp-image-6813 size-medium\" src=\"https:\/\/korsarger3500.de\/wp-content\/uploads\/2020\/09\/Woerthsee_2020_17-300x225.jpg\" alt=\"\" width=\"300\" height=\"225\" srcset=\"https:\/\/korsarger3500.de\/wp-content\/uploads\/2020\/09\/Woerthsee_2020_17-300x225.jpg 300w, https:\/\/korsarger3500.de\/wp-content\/uploads\/2020\/09\/Woerthsee_2020_17-1024x768.jpg 1024w, https:\/\/korsarger3500.de\/wp-content\/uploads\/2020\/09\/Woerthsee_2020_17-768x576.jpg 768w, https:\/\/korsarger3500.de\/wp-content\/uploads\/2020\/09\/Woerthsee_2020_17-1536x1152.jpg 1536w, https:\/\/korsarger3500.de\/wp-content\/uploads\/2020\/09\/Woerthsee_2020_17.jpg 1680w\" sizes=\"auto, (max-width: 300px) 100vw, 300px\" \/><\/a><\/p>\n<p><a href=\"https:\/\/korsarger3500.de\/index.php\/dscl-wap-cremant-cup-in-langen-2020\/\">Langener Waldsee 2020<\/a><\/p>\n<p><a href=\"https:\/\/korsarger3500.de\/index.php\/dscl-wap-cremant-cup-in-langen-2020\/\"><img loading=\"lazy\" decoding=\"async\" class=\"alignnone wp-image-6842 size-medium\" src=\"https:\/\/korsarger3500.de\/wp-content\/uploads\/2020\/10\/DSCL_Cremant_2020_46-300x225.jpg\" alt=\"\" width=\"300\" height=\"225\" srcset=\"https:\/\/korsarger3500.de\/wp-content\/uploads\/2020\/10\/DSCL_Cremant_2020_46-300x225.jpg 300w, https:\/\/korsarger3500.de\/wp-content\/uploads\/2020\/10\/DSCL_Cremant_2020_46-1024x768.jpg 1024w, https:\/\/korsarger3500.de\/wp-content\/uploads\/2020\/10\/DSCL_Cremant_2020_46-768x576.jpg 768w, https:\/\/korsarger3500.de\/wp-content\/uploads\/2020\/10\/DSCL_Cremant_2020_46-1536x1152.jpg 1536w, https:\/\/korsarger3500.de\/wp-content\/uploads\/2020\/10\/DSCL_Cremant_2020_46.jpg 1680w\" sizes=\"auto, (max-width: 300px) 100vw, 300px\" \/><\/a><\/p>\n<p style=\"text-align: justify;\">Ups, schon wieder Herbst und die Saison ist fast zu Ende. Ein paar sch\u00f6ne Segeltage gab es noch. Es waren Tage dabei, da musste die Crew mich im Strandbad anlanden und die Segel streichen, weil es zu st\u00fcrmisch war. Es waren aber auch gem\u00fctliche Trips dabei mit warmen Herbstwind und tollen Wolken.<\/p>\n<div id='gallery-1' class='gallery galleryid-6636 gallery-columns-4 gallery-size-thumbnail'><figure class='gallery-item'>\n\t\t\t<div class='gallery-icon landscape'>\n\t\t\t\t<a href='https:\/\/korsarger3500.de\/wp-content\/uploads\/2020\/11\/Absegeln_2020_11.jpg'><img loading=\"lazy\" decoding=\"async\" width=\"150\" height=\"150\" src=\"https:\/\/korsarger3500.de\/wp-content\/uploads\/2020\/11\/Absegeln_2020_11-150x150.jpg\" class=\"attachment-thumbnail size-thumbnail\" alt=\"\" \/><\/a>\n\t\t\t<\/div><\/figure><figure class='gallery-item'>\n\t\t\t<div class='gallery-icon landscape'>\n\t\t\t\t<a href='https:\/\/korsarger3500.de\/wp-content\/uploads\/2020\/11\/Absegeln_2020_8.jpg'><img loading=\"lazy\" decoding=\"async\" width=\"150\" height=\"150\" src=\"https:\/\/korsarger3500.de\/wp-content\/uploads\/2020\/11\/Absegeln_2020_8-150x150.jpg\" class=\"attachment-thumbnail size-thumbnail\" alt=\"\" \/><\/a>\n\t\t\t<\/div><\/figure><figure class='gallery-item'>\n\t\t\t<div class='gallery-icon landscape'>\n\t\t\t\t<a href='https:\/\/korsarger3500.de\/wp-content\/uploads\/2020\/11\/Absegeln_2020_3.jpg'><img loading=\"lazy\" decoding=\"async\" width=\"150\" height=\"150\" src=\"https:\/\/korsarger3500.de\/wp-content\/uploads\/2020\/11\/Absegeln_2020_3-150x150.jpg\" class=\"attachment-thumbnail size-thumbnail\" alt=\"\" \/><\/a>\n\t\t\t<\/div><\/figure><figure class='gallery-item'>\n\t\t\t<div class='gallery-icon landscape'>\n\t\t\t\t<a href='https:\/\/korsarger3500.de\/wp-content\/uploads\/2020\/11\/Absegeln_2020_7.jpg'><img loading=\"lazy\" decoding=\"async\" width=\"150\" height=\"150\" src=\"https:\/\/korsarger3500.de\/wp-content\/uploads\/2020\/11\/Absegeln_2020_7-150x150.jpg\" class=\"attachment-thumbnail size-thumbnail\" alt=\"\" \/><\/a>\n\t\t\t<\/div><\/figure><figure class='gallery-item'>\n\t\t\t<div class='gallery-icon portrait'>\n\t\t\t\t<a href='https:\/\/korsarger3500.de\/wp-content\/uploads\/2020\/11\/Absegeln_2020_12.jpg'><img loading=\"lazy\" decoding=\"async\" width=\"150\" height=\"150\" src=\"https:\/\/korsarger3500.de\/wp-content\/uploads\/2020\/11\/Absegeln_2020_12-150x150.jpg\" class=\"attachment-thumbnail size-thumbnail\" alt=\"\" \/><\/a>\n\t\t\t<\/div><\/figure><figure class='gallery-item'>\n\t\t\t<div class='gallery-icon portrait'>\n\t\t\t\t<a href='https:\/\/korsarger3500.de\/wp-content\/uploads\/2020\/11\/Absegeln_2020_10.jpg'><img loading=\"lazy\" decoding=\"async\" width=\"150\" height=\"150\" src=\"https:\/\/korsarger3500.de\/wp-content\/uploads\/2020\/11\/Absegeln_2020_10-150x150.jpg\" class=\"attachment-thumbnail size-thumbnail\" alt=\"\" \/><\/a>\n\t\t\t<\/div><\/figure><figure class='gallery-item'>\n\t\t\t<div class='gallery-icon landscape'>\n\t\t\t\t<a href='https:\/\/korsarger3500.de\/wp-content\/uploads\/2020\/12\/Einpacken2020.jpg'><img loading=\"lazy\" decoding=\"async\" width=\"150\" height=\"150\" src=\"https:\/\/korsarger3500.de\/wp-content\/uploads\/2020\/12\/Einpacken2020-150x150.jpg\" class=\"attachment-thumbnail size-thumbnail\" alt=\"\" \/><\/a>\n\t\t\t<\/div><\/figure><figure class='gallery-item'>\n\t\t\t<div class='gallery-icon landscape'>\n\t\t\t\t<a href='https:\/\/korsarger3500.de\/wp-content\/uploads\/2020\/12\/Scheff_Trocknen.jpg'><img loading=\"lazy\" decoding=\"async\" width=\"150\" height=\"150\" src=\"https:\/\/korsarger3500.de\/wp-content\/uploads\/2020\/12\/Scheff_Trocknen-150x150.jpg\" class=\"attachment-thumbnail size-thumbnail\" alt=\"\" \/><\/a>\n\t\t\t<\/div><\/figure>\n\t\t<\/div>\n\n<p style=\"text-align: justify;\">Ende November war es dann soweit, ab nach Hause in die Garage. Zuvor wurde ich aber von Skipper schr\u00e4g gestellt damit er sehen kann ob Wasser aus meinem Mittelschot l\u00e4uft. Das war zum Gl\u00fcck nicht der Fall. Anschlie\u00dfend beseitigte er die kleinen Macken am Rumpf die ich mir im Laufe der Saison geholt hatte. Die Kollision mit <em>0815<\/em> hatte auch bei mir Spuren hinterlassen. Mein Bug musste verspachtelt und lackiert werden. Der 5mm Draht der die Wanten spannt hatte Splis da er irgendwie neben die Umlenkrolle gerutscht war. Das hie\u00df die komplette Verspannung der Wanten musste neu hergestellt werden. Damit ist nun jeder einzelne Draht, jede Fall, jeder Strecker und auch jede Schot durch etwas Neues ersetzt und somit nicht mehr Original. Jetzt ist es aber endg\u00fcltig Zeit f\u00fcr die Wintergarage, es ist ja schon bald Weihnachten.<\/p>\n<p><a href=\"https:\/\/korsarger3500.de\/index.php\/regatta-2021\/\">Weiter<\/a>\u2026 oder zur <a href=\"https:\/\/korsarger3500.de\/\">Startseite<\/a><\/p>\n","protected":false},"excerpt":{"rendered":"<p>Irgendwie ist in diesem Jahr alles anders. Es fing damit an das mein neuer Deckaufbau nicht so perfekt geworden ist wie Skipper sich das vorgestellt hatte. Als mein Deck im Februar fertig war sah es aus wie frisch aus der Werft. Nicht der kleinste Makel war zu sehen als ich im M\u00e4rz an den See &hellip; <a href=\"https:\/\/korsarger3500.de\/index.php\/regatta-2020\/\" class=\"more-link\"><span class=\"screen-reader-text\">Regatta 2020<\/span> weiterlesen<\/a><\/p>\n","protected":false},"author":1,"featured_media":0,"parent":0,"menu_order":0,"comment_status":"closed","ping_status":"closed","template":"","meta":{"footnotes":""},"class_list":["post-6636","page","type-page","status-publish","hentry"],"_links":{"self":[{"href":"https:\/\/korsarger3500.de\/index.php\/wp-json\/wp\/v2\/pages\/6636","targetHints":{"allow":["GET"]}}],"collection":[{"href":"https:\/\/korsarger3500.de\/index.php\/wp-json\/wp\/v2\/pages"}],"about":[{"href":"https:\/\/korsarger3500.de\/index.php\/wp-json\/wp\/v2\/types\/page"}],"author":[{"embeddable":true,"href":"https:\/\/korsarger3500.de\/index.php\/wp-json\/wp\/v2\/users\/1"}],"replies":[{"embeddable":true,"href":"https:\/\/korsarger3500.de\/index.php\/wp-json\/wp\/v2\/comments?post=6636"}],"version-history":[{"count":36,"href":"https:\/\/korsarger3500.de\/index.php\/wp-json\/wp\/v2\/pages\/6636\/revisions"}],"predecessor-version":[{"id":7094,"href":"https:\/\/korsarger3500.de\/index.php\/wp-json\/wp\/v2\/pages\/6636\/revisions\/7094"}],"wp:attachment":[{"href":"https:\/\/korsarger3500.de\/index.php\/wp-json\/wp\/v2\/media?parent=6636"}],"curies":[{"name":"wp","href":"https:\/\/api.w.org\/{rel}","templated":true}]}}