{"id":6538,"date":"2019-12-20T09:13:13","date_gmt":"2019-12-20T08:13:13","guid":{"rendered":"https:\/\/korsarger3500.de\/?page_id=6538"},"modified":"2024-08-21T05:47:09","modified_gmt":"2024-08-21T03:47:09","slug":"rumpf-neu-streichen","status":"publish","type":"page","link":"https:\/\/korsarger3500.de\/index.php\/rumpf-neu-streichen\/","title":{"rendered":"Rumpf neu streichen"},"content":{"rendered":"<p style=\"text-align: justify;\"><a href=\"https:\/\/korsarger3500.de\/wp-content\/uploads\/2019\/12\/Rumpf_2019_streichen_11.jpg\" data-lbwps-width=\"1680\" data-lbwps-height=\"1260\" data-lbwps-srcsmall=\"https:\/\/korsarger3500.de\/wp-content\/uploads\/2019\/12\/Rumpf_2019_streichen_11-300x225.jpg\"><img loading=\"lazy\" decoding=\"async\" class=\"alignleft wp-image-6525 size-thumbnail\" src=\"https:\/\/korsarger3500.de\/wp-content\/uploads\/2019\/12\/Rumpf_2019_streichen_11-150x150.jpg\" alt=\"h\u00f6chste Zeit was zu tun \" width=\"150\" height=\"150\" \/><\/a>Das war schon lange f\u00e4llig und nun dringend n\u00f6tig. An meinem Rumpf haben sich so viele Macken, Kratzer und Risse angesammelt das es mit den kleinen Sch\u00f6nheitsreparaturen die Skipper immer mal wieder durchf\u00fchrt nicht mehr getan war. Der MX musste also seine Garage r\u00e4umen und diese f\u00fcr mich zur Werft werden lassen. Ich wurde auf den R\u00fccken gedreht, von meinen Schwertlippen befreit, und mit 80er Korn kr\u00e4ftig abgerutscht. Anschlie\u00dfend wurden alle marode Stellen mehrmals mit Epoxid verspachtelt und geschliffen. Meine Lenzer sitzen auch nicht b\u00fcndig im Rumpf sondern ca 3mm zu hoch. Das ist nat\u00fcrlich alles andere als str\u00f6mungsg\u00fcnstig. Skipper hat jetzt die Kanten gebrochen und glatt verspachtelt. Dann wurde ich von der Crew solange mit 400er Papier geschliffen bis ich wieder sch\u00f6n glatt war. Es folgten drei Anstriche mit wei\u00dfem zwei Komponenten Lack. Dazwischen war immer eine Woche Pause damit der Lack richtig austrocknen konnte. Vor jedem Anstrich wurde jede Lackschicht nat\u00fcrlich von den Beiden sorgf\u00e4ltig angeschliffen. Da es zeitweise in der Garage unter 10 Grad kalt wurde hat Skipper eine W\u00e4rmehaube gebastelt. Unter der Haube war es dann mollige 20 Grad warm. Als der letzte Anstrich trocken war wurde ich zun\u00e4chst mit 1000er und dann mit 2000er Nassschleifpapier solange von Hand geschliffen bis ich absolut glatt war. Dann kam die Poliermaschiene zum Einsatz die den Lack noch auf Hochglanz gebracht hat. Zum Schluss hat Skipper das verbeulte Kielband wieder gerade gedengelt und neue Schwertlippen montiert. Jetzt fehlt nur noch ein makelloses Schwert damit die Lippen auch wieder lange halten. Das gibt es aber auch bestimmt bald noch.<\/p>\n<div id='gallery-1' class='gallery galleryid-6538 gallery-columns-4 gallery-size-thumbnail'><figure class='gallery-item'>\n\t\t\t<div class='gallery-icon landscape'>\n\t\t\t\t<a href='https:\/\/korsarger3500.de\/wp-content\/uploads\/2019\/12\/Rumpf_2019_streichen_16.jpg'><img loading=\"lazy\" decoding=\"async\" width=\"150\" height=\"150\" src=\"https:\/\/korsarger3500.de\/wp-content\/uploads\/2019\/12\/Rumpf_2019_streichen_16-150x150.jpg\" class=\"attachment-thumbnail size-thumbnail\" alt=\"so viele Stellen\" \/><\/a>\n\t\t\t<\/div><\/figure><figure class='gallery-item'>\n\t\t\t<div class='gallery-icon landscape'>\n\t\t\t\t<a href='https:\/\/korsarger3500.de\/wp-content\/uploads\/2019\/12\/Rumpf_2019_streichen_17.jpg'><img loading=\"lazy\" decoding=\"async\" width=\"150\" height=\"150\" src=\"https:\/\/korsarger3500.de\/wp-content\/uploads\/2019\/12\/Rumpf_2019_streichen_17-150x150.jpg\" class=\"attachment-thumbnail size-thumbnail\" alt=\"lange Haarrisse\" \/><\/a>\n\t\t\t<\/div><\/figure><figure class='gallery-item'>\n\t\t\t<div class='gallery-icon landscape'>\n\t\t\t\t<a href='https:\/\/korsarger3500.de\/wp-content\/uploads\/2019\/12\/Rumpf_2019_streichen_21.jpg'><img loading=\"lazy\" decoding=\"async\" width=\"150\" height=\"150\" src=\"https:\/\/korsarger3500.de\/wp-content\/uploads\/2019\/12\/Rumpf_2019_streichen_21-150x150.jpg\" class=\"attachment-thumbnail size-thumbnail\" alt=\"die Lenzer sind zu tief\" \/><\/a>\n\t\t\t<\/div><\/figure><figure class='gallery-item'>\n\t\t\t<div class='gallery-icon landscape'>\n\t\t\t\t<a href='https:\/\/korsarger3500.de\/wp-content\/uploads\/2019\/12\/Rumpf_2019_streichen_15.jpg'><img loading=\"lazy\" decoding=\"async\" width=\"150\" height=\"150\" src=\"https:\/\/korsarger3500.de\/wp-content\/uploads\/2019\/12\/Rumpf_2019_streichen_15-150x150.jpg\" class=\"attachment-thumbnail size-thumbnail\" alt=\"auch der Spiegel hat&#039;s n\u00f6tig\" \/><\/a>\n\t\t\t<\/div><\/figure><figure class='gallery-item'>\n\t\t\t<div class='gallery-icon landscape'>\n\t\t\t\t<a href='https:\/\/korsarger3500.de\/wp-content\/uploads\/2019\/12\/Rumpf_2019_streichen_13.jpg'><img loading=\"lazy\" decoding=\"async\" width=\"150\" height=\"150\" src=\"https:\/\/korsarger3500.de\/wp-content\/uploads\/2019\/12\/Rumpf_2019_streichen_13-150x150.jpg\" class=\"attachment-thumbnail size-thumbnail\" alt=\"schleifen, schleifen und nochmals schleifen\" \/><\/a>\n\t\t\t<\/div><\/figure><figure class='gallery-item'>\n\t\t\t<div class='gallery-icon landscape'>\n\t\t\t\t<a href='https:\/\/korsarger3500.de\/wp-content\/uploads\/2019\/12\/Rumpf_2019_streichen_26.jpg'><img loading=\"lazy\" decoding=\"async\" width=\"150\" height=\"150\" src=\"https:\/\/korsarger3500.de\/wp-content\/uploads\/2019\/12\/Rumpf_2019_streichen_26-150x150.jpg\" class=\"attachment-thumbnail size-thumbnail\" alt=\"auch der Spritzschutz will gestrichen sein\" \/><\/a>\n\t\t\t<\/div><\/figure><figure class='gallery-item'>\n\t\t\t<div class='gallery-icon landscape'>\n\t\t\t\t<a href='https:\/\/korsarger3500.de\/wp-content\/uploads\/2019\/12\/Rumpf_2019_streichen_19.jpg'><img loading=\"lazy\" decoding=\"async\" width=\"150\" height=\"150\" src=\"https:\/\/korsarger3500.de\/wp-content\/uploads\/2019\/12\/Rumpf_2019_streichen_19-150x150.jpg\" class=\"attachment-thumbnail size-thumbnail\" alt=\"W\u00e4rmebehandlung auf nostalgischer Art\" \/><\/a>\n\t\t\t<\/div><\/figure><figure class='gallery-item'>\n\t\t\t<div class='gallery-icon landscape'>\n\t\t\t\t<a href='https:\/\/korsarger3500.de\/wp-content\/uploads\/2019\/12\/Rumpf_2019_streichen_28.jpg'><img loading=\"lazy\" decoding=\"async\" width=\"150\" height=\"150\" src=\"https:\/\/korsarger3500.de\/wp-content\/uploads\/2019\/12\/Rumpf_2019_streichen_28-150x150.jpg\" class=\"attachment-thumbnail size-thumbnail\" alt=\"Trockenhaube a la &quot;Einhand Saugbl\u00e4ser Modell Heinzelmann&quot;\" \/><\/a>\n\t\t\t<\/div><\/figure><figure class='gallery-item'>\n\t\t\t<div class='gallery-icon landscape'>\n\t\t\t\t<a href='https:\/\/korsarger3500.de\/wp-content\/uploads\/2019\/12\/Rumpf_2019_streichen_37.jpg'><img loading=\"lazy\" decoding=\"async\" width=\"150\" height=\"150\" src=\"https:\/\/korsarger3500.de\/wp-content\/uploads\/2019\/12\/Rumpf_2019_streichen_37-150x150.jpg\" class=\"attachment-thumbnail size-thumbnail\" alt=\"schleifen, schleifen, schleifen\" \/><\/a>\n\t\t\t<\/div><\/figure><figure class='gallery-item'>\n\t\t\t<div class='gallery-icon landscape'>\n\t\t\t\t<a href='https:\/\/korsarger3500.de\/wp-content\/uploads\/2019\/12\/Rumpf_2019_streichen_4.jpg'><img loading=\"lazy\" decoding=\"async\" width=\"150\" height=\"150\" src=\"https:\/\/korsarger3500.de\/wp-content\/uploads\/2019\/12\/Rumpf_2019_streichen_4-150x150.jpg\" class=\"attachment-thumbnail size-thumbnail\" alt=\"verspachtelte Lenzer\" \/><\/a>\n\t\t\t<\/div><\/figure><figure class='gallery-item'>\n\t\t\t<div class='gallery-icon portrait'>\n\t\t\t\t<a href='https:\/\/korsarger3500.de\/wp-content\/uploads\/2019\/12\/Rumpf_2019_streichen_32.jpg'><img loading=\"lazy\" decoding=\"async\" width=\"150\" height=\"150\" src=\"https:\/\/korsarger3500.de\/wp-content\/uploads\/2019\/12\/Rumpf_2019_streichen_32-150x150.jpg\" class=\"attachment-thumbnail size-thumbnail\" alt=\"Schwertlippen zuschneiden\" \/><\/a>\n\t\t\t<\/div><\/figure><figure class='gallery-item'>\n\t\t\t<div class='gallery-icon landscape'>\n\t\t\t\t<a href='https:\/\/korsarger3500.de\/wp-content\/uploads\/2019\/12\/Rumpf_2019_streichen_3.jpg'><img loading=\"lazy\" decoding=\"async\" width=\"150\" height=\"150\" src=\"https:\/\/korsarger3500.de\/wp-content\/uploads\/2019\/12\/Rumpf_2019_streichen_3-150x150.jpg\" class=\"attachment-thumbnail size-thumbnail\" alt=\"ferdisch\" \/><\/a>\n\t\t\t<\/div><\/figure>\n\t\t<\/div>\n\n<p><a href=\"https:\/\/korsarger3500.de\/index.php\/deck-laminieren\/\">Weiter<\/a><\/p>\n","protected":false},"excerpt":{"rendered":"<p>Das war schon lange f\u00e4llig und nun dringend n\u00f6tig. An meinem Rumpf haben sich so viele Macken, Kratzer und Risse angesammelt das es mit den kleinen Sch\u00f6nheitsreparaturen die Skipper immer mal wieder durchf\u00fchrt nicht mehr getan war. Der MX musste also seine Garage r\u00e4umen und diese f\u00fcr mich zur Werft werden lassen. Ich wurde auf &hellip; <a href=\"https:\/\/korsarger3500.de\/index.php\/rumpf-neu-streichen\/\" class=\"more-link\"><span class=\"screen-reader-text\">Rumpf neu streichen<\/span> weiterlesen<\/a><\/p>\n","protected":false},"author":1,"featured_media":0,"parent":0,"menu_order":0,"comment_status":"closed","ping_status":"closed","template":"","meta":{"footnotes":""},"class_list":["post-6538","page","type-page","status-publish","hentry"],"_links":{"self":[{"href":"https:\/\/korsarger3500.de\/index.php\/wp-json\/wp\/v2\/pages\/6538","targetHints":{"allow":["GET"]}}],"collection":[{"href":"https:\/\/korsarger3500.de\/index.php\/wp-json\/wp\/v2\/pages"}],"about":[{"href":"https:\/\/korsarger3500.de\/index.php\/wp-json\/wp\/v2\/types\/page"}],"author":[{"embeddable":true,"href":"https:\/\/korsarger3500.de\/index.php\/wp-json\/wp\/v2\/users\/1"}],"replies":[{"embeddable":true,"href":"https:\/\/korsarger3500.de\/index.php\/wp-json\/wp\/v2\/comments?post=6538"}],"version-history":[{"count":15,"href":"https:\/\/korsarger3500.de\/index.php\/wp-json\/wp\/v2\/pages\/6538\/revisions"}],"predecessor-version":[{"id":9215,"href":"https:\/\/korsarger3500.de\/index.php\/wp-json\/wp\/v2\/pages\/6538\/revisions\/9215"}],"wp:attachment":[{"href":"https:\/\/korsarger3500.de\/index.php\/wp-json\/wp\/v2\/media?parent=6538"}],"curies":[{"name":"wp","href":"https:\/\/api.w.org\/{rel}","templated":true}]}}