{"id":6264,"date":"2019-09-25T13:47:24","date_gmt":"2019-09-25T11:47:24","guid":{"rendered":"https:\/\/korsarger3500.de\/?page_id=6264"},"modified":"2019-09-30T20:45:41","modified_gmt":"2019-09-30T18:45:41","slug":"ich-war-das-nicht","status":"publish","type":"page","link":"https:\/\/korsarger3500.de\/index.php\/ich-war-das-nicht\/","title":{"rendered":"Ich war das nicht !"},"content":{"rendered":"<p style=\"text-align: justify;\"><a href=\"https:\/\/korsarger3500.de\/wp-content\/uploads\/2019\/09\/PrinzvonBaden_27.jpg\" data-lbwps-width=\"1680\" data-lbwps-height=\"1260\" data-lbwps-srcsmall=\"https:\/\/korsarger3500.de\/wp-content\/uploads\/2019\/09\/PrinzvonBaden_27-300x225.jpg\"><img loading=\"lazy\" decoding=\"async\" class=\"size-thumbnail wp-image-6260 alignleft\" src=\"https:\/\/korsarger3500.de\/wp-content\/uploads\/2019\/09\/PrinzvonBaden_27-150x150.jpg\" alt=\"\" width=\"150\" height=\"150\" \/><\/a>Was ist den hier los? Das gibt&#8217;s doch wohl nicht. In meiner Garage steht ein anderes Schiff. Mir wird ganz mulmig, die Crew wird doch wohl nicht &#8230; Nach dem ersten Schreck hab ich dann gesehen das es <em>Prinz von Baden<\/em> ist der da auf meinem Platz steht. Der wird die Woche vom Skipper repariert weil seine Crew sich am Trichter auch mal dumm dran gestellt hat und selber keine Zeit dazu hat. Sie haben versucht <em>wendefix<\/em> zu versenken und dabei haben sie Ihm ganz sch\u00f6n die Schnauze demoliert. Im Bug ist ein Loch da kann man glatt ne Kinderfaust hindurch stecken. Kommt mir irgendwie bekannt vor.\u00a0 <a href=\"https:\/\/korsarger3500.de\/wp-content\/uploads\/2019\/09\/Kollision_wf_pvb.jpg\" data-lbwps-width=\"1493\" data-lbwps-height=\"1120\" data-lbwps-srcsmall=\"https:\/\/korsarger3500.de\/wp-content\/uploads\/2019\/09\/Kollision_wf_pvb-300x225.jpg\"><img loading=\"lazy\" decoding=\"async\" class=\"size-thumbnail wp-image-6357 alignright\" src=\"https:\/\/korsarger3500.de\/wp-content\/uploads\/2019\/09\/Kollision_wf_pvb-150x150.jpg\" alt=\"\" width=\"150\" height=\"150\" \/><\/a>Mir ging es <a href=\"https:\/\/korsarger3500.de\/index.php\/das-loch\/\">schlie\u00dflich auch mal so \u00e4hnlich.<\/a> Jetzt hat der Prinz noch Gl\u00fcck das er ne Plastiksch\u00fcssel ist und nicht etwa aus Holz. Skipper hat sich dann auch gleich an die Arbeit gemacht. Zun\u00e4chst hat er die losen zerborstenen Teile beseitigt und die R\u00e4nder des Lochs etwas begradigt. Damit der Bug auch wieder stabil wird hat er einen Kohlestab von einem &#8222;Lenkdrachen&#8220; (Das Wortspiel hat aber nix mit dem Schotten vom Prinz zu tun) eingepasst und zusammen mit einem St\u00fcck Multiplexplatte aus Pappelholz eingeklebt.<\/p>\n<div id='gallery-1' class='gallery galleryid-6264 gallery-columns-4 gallery-size-thumbnail'><figure class='gallery-item'>\n\t\t\t<div class='gallery-icon landscape'>\n\t\t\t\t<a href='https:\/\/korsarger3500.de\/wp-content\/uploads\/2019\/09\/PrinzvonBaden_4.jpg'><img loading=\"lazy\" decoding=\"async\" width=\"150\" height=\"150\" src=\"https:\/\/korsarger3500.de\/wp-content\/uploads\/2019\/09\/PrinzvonBaden_4-150x150.jpg\" class=\"attachment-thumbnail size-thumbnail\" alt=\"\" \/><\/a>\n\t\t\t<\/div><\/figure><figure class='gallery-item'>\n\t\t\t<div class='gallery-icon landscape'>\n\t\t\t\t<a href='https:\/\/korsarger3500.de\/wp-content\/uploads\/2019\/09\/PrinzvonBaden_5.jpg'><img loading=\"lazy\" decoding=\"async\" width=\"150\" height=\"150\" src=\"https:\/\/korsarger3500.de\/wp-content\/uploads\/2019\/09\/PrinzvonBaden_5-150x150.jpg\" class=\"attachment-thumbnail size-thumbnail\" alt=\"\" \/><\/a>\n\t\t\t<\/div><\/figure><figure class='gallery-item'>\n\t\t\t<div class='gallery-icon landscape'>\n\t\t\t\t<a href='https:\/\/korsarger3500.de\/wp-content\/uploads\/2019\/09\/PrinzvonBaden_6.jpg'><img loading=\"lazy\" decoding=\"async\" width=\"150\" height=\"150\" src=\"https:\/\/korsarger3500.de\/wp-content\/uploads\/2019\/09\/PrinzvonBaden_6-150x150.jpg\" class=\"attachment-thumbnail size-thumbnail\" alt=\"\" \/><\/a>\n\t\t\t<\/div><\/figure><figure class='gallery-item'>\n\t\t\t<div class='gallery-icon landscape'>\n\t\t\t\t<a href='https:\/\/korsarger3500.de\/wp-content\/uploads\/2019\/09\/PrinzvonBaden_10.jpg'><img loading=\"lazy\" decoding=\"async\" width=\"150\" height=\"150\" src=\"https:\/\/korsarger3500.de\/wp-content\/uploads\/2019\/09\/PrinzvonBaden_10-150x150.jpg\" class=\"attachment-thumbnail size-thumbnail\" alt=\"\" \/><\/a>\n\t\t\t<\/div><\/figure>\n\t\t<\/div>\n\n<p style=\"text-align: justify;\">Anschlie\u00dfend hat er Innen aus Pappe, die er zuvor mit Frischhaltefolie beschichtet hat, eine Schalung gebastelt. Gegen die wurde dann die Innenwand mit Glasfaserharz aufgebaut. Als das Harz ausgeh\u00e4rtet und entformt war musste die Fl\u00e4che vor dem weiteren Verspachteln erst wieder gr\u00fcndlich aufgeraut werden. Nach zwei Lagen Epoxidfeinspachtel war die Innenseite schon wieder fast wie neu. Die Au\u00dfenhaut war aber in dieser Lage nicht wieder ordentlich herzustellen. Der Prinz musste auf&#8217;s Kreuz gelegt werden. Also Ausr\u00e4umen, runter vom Trailer und \u00fcber die gro\u00dfe Luftmatratze auf den Kopf gestellt. Damit haben die Schottin und Skipper ja Erfahrung. Talien, B\u00e4nder und Gurte sind mittlerweile immer bereit. Ich lag schlie\u00dflich schon auch mehrere male in der Garage auf dem Deck.<\/p>\n<div id='gallery-2' class='gallery galleryid-6264 gallery-columns-4 gallery-size-thumbnail'><figure class='gallery-item'>\n\t\t\t<div class='gallery-icon landscape'>\n\t\t\t\t<a href='https:\/\/korsarger3500.de\/wp-content\/uploads\/2019\/09\/PrinzvonBaden_12.jpg'><img loading=\"lazy\" decoding=\"async\" width=\"150\" height=\"150\" src=\"https:\/\/korsarger3500.de\/wp-content\/uploads\/2019\/09\/PrinzvonBaden_12-150x150.jpg\" class=\"attachment-thumbnail size-thumbnail\" alt=\"\" \/><\/a>\n\t\t\t<\/div><\/figure><figure class='gallery-item'>\n\t\t\t<div class='gallery-icon portrait'>\n\t\t\t\t<a href='https:\/\/korsarger3500.de\/wp-content\/uploads\/2019\/09\/PrinzvonBaden_13.jpg'><img loading=\"lazy\" decoding=\"async\" width=\"150\" height=\"150\" src=\"https:\/\/korsarger3500.de\/wp-content\/uploads\/2019\/09\/PrinzvonBaden_13-150x150.jpg\" class=\"attachment-thumbnail size-thumbnail\" alt=\"\" \/><\/a>\n\t\t\t<\/div><\/figure><figure class='gallery-item'>\n\t\t\t<div class='gallery-icon landscape'>\n\t\t\t\t<a href='https:\/\/korsarger3500.de\/wp-content\/uploads\/2019\/09\/PrinzvonBaden_17.jpg'><img loading=\"lazy\" decoding=\"async\" width=\"150\" height=\"150\" src=\"https:\/\/korsarger3500.de\/wp-content\/uploads\/2019\/09\/PrinzvonBaden_17-150x150.jpg\" class=\"attachment-thumbnail size-thumbnail\" alt=\"\" \/><\/a>\n\t\t\t<\/div><\/figure><figure class='gallery-item'>\n\t\t\t<div class='gallery-icon portrait'>\n\t\t\t\t<a href='https:\/\/korsarger3500.de\/wp-content\/uploads\/2019\/09\/PrinzvonBaden_18.jpg'><img loading=\"lazy\" decoding=\"async\" width=\"150\" height=\"150\" src=\"https:\/\/korsarger3500.de\/wp-content\/uploads\/2019\/09\/PrinzvonBaden_18-150x150.jpg\" class=\"attachment-thumbnail size-thumbnail\" alt=\"\" \/><\/a>\n\t\t\t<\/div><\/figure>\n\t\t<\/div>\n\n<p style=\"text-align: justify;\">Zuerst wollte Skipper nun die beiden Hohlr\u00e4ume mit Styrodur auspolstern, aber die waren dazu viel zu verwinkelt. Er mischte dann 3mm Glasfaserschnipsel mit Harz und stellte damit die F\u00fcllmasse her mit denen die Hohlr\u00e4ume ausgef\u00fcllt wurden. Nachdem auch dieses Harz ausgetrocknet war musste die entstandene Fl\u00e4che angeschliffen werden. Nun war Feinarbeit angesagt. Der gute Teil des Rumpfes musste ca 3 mm breit auf die H\u00e4lfte der Au\u00dfenhautdicke gesch\u00e4ftet werden. Mit dem Dremelchen und einer guten Portion Geduld war das dann auch irgendwann geschafft. Das Laminieren der Au\u00dfenhaut war jetzt der n\u00e4chste Schritt. Dazu hat er zun\u00e4chst eine Lage Carbon und dann vier Lagen Glasfasermatte in verschiedener Ausrichtung aufgebracht. Anschlie\u00dfend war war dann erst mal Ruhe und trocknen angesagt. Einen Temperofen w\u00e4re jetzt gut gewesen. Aber die ganze Garage mit dem Prinzen drin auf 50 Grad heizen geht nicht mal im Hochsommer. Aber ein bisschen getempert hat der den Prinzen mit der Gl\u00fchlampenmethode dann doch.<\/p>\n<div id='gallery-3' class='gallery galleryid-6264 gallery-columns-4 gallery-size-thumbnail'><figure class='gallery-item'>\n\t\t\t<div class='gallery-icon landscape'>\n\t\t\t\t<a href='https:\/\/korsarger3500.de\/wp-content\/uploads\/2019\/09\/PrinzvonBaden_21.jpg'><img loading=\"lazy\" decoding=\"async\" width=\"150\" height=\"150\" src=\"https:\/\/korsarger3500.de\/wp-content\/uploads\/2019\/09\/PrinzvonBaden_21-150x150.jpg\" class=\"attachment-thumbnail size-thumbnail\" alt=\"\" \/><\/a>\n\t\t\t<\/div><\/figure><figure class='gallery-item'>\n\t\t\t<div class='gallery-icon landscape'>\n\t\t\t\t<a href='https:\/\/korsarger3500.de\/wp-content\/uploads\/2019\/09\/PrinzvonBaden_22.jpg'><img loading=\"lazy\" decoding=\"async\" width=\"150\" height=\"150\" src=\"https:\/\/korsarger3500.de\/wp-content\/uploads\/2019\/09\/PrinzvonBaden_22-150x150.jpg\" class=\"attachment-thumbnail size-thumbnail\" alt=\"\" \/><\/a>\n\t\t\t<\/div><\/figure><figure class='gallery-item'>\n\t\t\t<div class='gallery-icon landscape'>\n\t\t\t\t<a href='https:\/\/korsarger3500.de\/wp-content\/uploads\/2019\/09\/PrinzvonBaden_20.jpg'><img loading=\"lazy\" decoding=\"async\" width=\"150\" height=\"150\" src=\"https:\/\/korsarger3500.de\/wp-content\/uploads\/2019\/09\/PrinzvonBaden_20-150x150.jpg\" class=\"attachment-thumbnail size-thumbnail\" alt=\"\" \/><\/a>\n\t\t\t<\/div><\/figure><figure class='gallery-item'>\n\t\t\t<div class='gallery-icon landscape'>\n\t\t\t\t<a href='https:\/\/korsarger3500.de\/wp-content\/uploads\/2019\/09\/Prinz_Tempern.jpg'><img loading=\"lazy\" decoding=\"async\" width=\"150\" height=\"150\" src=\"https:\/\/korsarger3500.de\/wp-content\/uploads\/2019\/09\/Prinz_Tempern-150x150.jpg\" class=\"attachment-thumbnail size-thumbnail\" alt=\"\" \/><\/a>\n\t\t\t<\/div><\/figure>\n\t\t<\/div>\n\n<p style=\"text-align: justify;\">Technisch war <em>Prinz von Baden<\/em> jetzt schon wieder regattatauglich. Aber so kann ein Prinz nat\u00fcrlich nicht umher segeln, wie sieht das den aus! Skipper hat die ausgeh\u00e4rteten Fl\u00e4chen gr\u00fcndlich plan geschliffen und dann mehrfach mit Epoxidfeinspachtel \u00fcberarbeitet. Danach hat er ein paar d\u00fcnne Schichten Lack aufgetragen.<\/p>\n<div id='gallery-4' class='gallery galleryid-6264 gallery-columns-4 gallery-size-thumbnail'><figure class='gallery-item'>\n\t\t\t<div class='gallery-icon landscape'>\n\t\t\t\t<a href='https:\/\/korsarger3500.de\/wp-content\/uploads\/2019\/09\/PrinzVonBaden_1.jpg'><img loading=\"lazy\" decoding=\"async\" width=\"150\" height=\"150\" src=\"https:\/\/korsarger3500.de\/wp-content\/uploads\/2019\/09\/PrinzVonBaden_1-150x150.jpg\" class=\"attachment-thumbnail size-thumbnail\" alt=\"\" \/><\/a>\n\t\t\t<\/div><\/figure><figure class='gallery-item'>\n\t\t\t<div class='gallery-icon landscape'>\n\t\t\t\t<a href='https:\/\/korsarger3500.de\/wp-content\/uploads\/2019\/09\/PrinzVonBaden_4.jpg'><img loading=\"lazy\" decoding=\"async\" width=\"150\" height=\"150\" src=\"https:\/\/korsarger3500.de\/wp-content\/uploads\/2019\/09\/PrinzVonBaden_4-150x150.jpg\" class=\"attachment-thumbnail size-thumbnail\" alt=\"\" \/><\/a>\n\t\t\t<\/div><\/figure><figure class='gallery-item'>\n\t\t\t<div class='gallery-icon landscape'>\n\t\t\t\t<a href='https:\/\/korsarger3500.de\/wp-content\/uploads\/2019\/09\/PrinzVonBaden_7.jpg'><img loading=\"lazy\" decoding=\"async\" width=\"150\" height=\"150\" src=\"https:\/\/korsarger3500.de\/wp-content\/uploads\/2019\/09\/PrinzVonBaden_7-150x150.jpg\" class=\"attachment-thumbnail size-thumbnail\" alt=\"\" \/><\/a>\n\t\t\t<\/div><\/figure><figure class='gallery-item'>\n\t\t\t<div class='gallery-icon landscape'>\n\t\t\t\t<a href='https:\/\/korsarger3500.de\/wp-content\/uploads\/2019\/09\/PrinzVonBaden_5.jpg'><img loading=\"lazy\" decoding=\"async\" width=\"150\" height=\"150\" src=\"https:\/\/korsarger3500.de\/wp-content\/uploads\/2019\/09\/PrinzVonBaden_5-150x150.jpg\" class=\"attachment-thumbnail size-thumbnail\" alt=\"\" \/><\/a>\n\t\t\t<\/div><\/figure>\n\t\t<\/div>\n\n<p style=\"text-align: justify;\">Als der Prinz trocken war konnte er wieder umgedreht und auf den Trailer gelegt werden. Der letzte Arbeitsschritt stand nun noch an. Schleifen und Lackieren der Innenwandung. Auch das war bald erledigt und <em>Prinz von Baden<\/em> ist jetzt wieder sch\u00f6n. Jetzt aber raus aus meiner Garage ich will schlie\u00dflich auch noch etwas gepflegt werden vor der n\u00e4chsten Regatta. Und trichtere deiner Crew ein das sie in Zukunft besser aufpassen sollen. <a href=\"https:\/\/korsarger3500.de\/wp-content\/uploads\/2019\/09\/PrinzVonBaden_9.jpg\" data-lbwps-width=\"1680\" data-lbwps-height=\"1260\" data-lbwps-srcsmall=\"https:\/\/korsarger3500.de\/wp-content\/uploads\/2019\/09\/PrinzVonBaden_9-300x225.jpg\"><img loading=\"lazy\" decoding=\"async\" class=\"size-thumbnail wp-image-6298 aligncenter\" src=\"https:\/\/korsarger3500.de\/wp-content\/uploads\/2019\/09\/PrinzVonBaden_9-150x150.jpg\" alt=\"\" width=\"150\" height=\"150\" \/><\/a><\/p>\n","protected":false},"excerpt":{"rendered":"<p>Was ist den hier los? Das gibt&#8217;s doch wohl nicht. In meiner Garage steht ein anderes Schiff. Mir wird ganz mulmig, die Crew wird doch wohl nicht &#8230; Nach dem ersten Schreck hab ich dann gesehen das es Prinz von Baden ist der da auf meinem Platz steht. Der wird die Woche vom Skipper repariert &hellip; <a href=\"https:\/\/korsarger3500.de\/index.php\/ich-war-das-nicht\/\" class=\"more-link\"><span class=\"screen-reader-text\">Ich war das nicht !<\/span> weiterlesen<\/a><\/p>\n","protected":false},"author":1,"featured_media":0,"parent":0,"menu_order":0,"comment_status":"closed","ping_status":"closed","template":"","meta":{"footnotes":""},"class_list":["post-6264","page","type-page","status-publish","hentry"],"_links":{"self":[{"href":"https:\/\/korsarger3500.de\/index.php\/wp-json\/wp\/v2\/pages\/6264","targetHints":{"allow":["GET"]}}],"collection":[{"href":"https:\/\/korsarger3500.de\/index.php\/wp-json\/wp\/v2\/pages"}],"about":[{"href":"https:\/\/korsarger3500.de\/index.php\/wp-json\/wp\/v2\/types\/page"}],"author":[{"embeddable":true,"href":"https:\/\/korsarger3500.de\/index.php\/wp-json\/wp\/v2\/users\/1"}],"replies":[{"embeddable":true,"href":"https:\/\/korsarger3500.de\/index.php\/wp-json\/wp\/v2\/comments?post=6264"}],"version-history":[{"count":13,"href":"https:\/\/korsarger3500.de\/index.php\/wp-json\/wp\/v2\/pages\/6264\/revisions"}],"predecessor-version":[{"id":6358,"href":"https:\/\/korsarger3500.de\/index.php\/wp-json\/wp\/v2\/pages\/6264\/revisions\/6358"}],"wp:attachment":[{"href":"https:\/\/korsarger3500.de\/index.php\/wp-json\/wp\/v2\/media?parent=6264"}],"curies":[{"name":"wp","href":"https:\/\/api.w.org\/{rel}","templated":true}]}}