{"id":5612,"date":"2018-12-11T19:40:31","date_gmt":"2018-12-11T18:40:31","guid":{"rendered":"https:\/\/korsarger3500.de\/?page_id=5612"},"modified":"2024-08-21T05:23:18","modified_gmt":"2024-08-21T03:23:18","slug":"teleskopierbarer-pinnenausleger","status":"publish","type":"page","link":"https:\/\/korsarger3500.de\/index.php\/teleskopierbarer-pinnenausleger\/","title":{"rendered":"Teleskopierbarer Pinnenausleger"},"content":{"rendered":"<p style=\"text-align: justify;\"><a href=\"https:\/\/korsarger3500.de\/wp-content\/uploads\/2018\/11\/Welty3500.jpg\" data-lbwps-width=\"684\" data-lbwps-height=\"566\" data-lbwps-srcsmall=\"https:\/\/korsarger3500.de\/wp-content\/uploads\/2018\/11\/Welty3500-300x248.jpg\"><img loading=\"lazy\" decoding=\"async\" class=\"alignleft wp-image-5611 size-thumbnail\" src=\"https:\/\/korsarger3500.de\/wp-content\/uploads\/2018\/11\/Welty3500-150x150.jpg\" alt=\"eine lange Pinne ist erforderlich\" width=\"150\" height=\"150\" \/><\/a>Wenn die Schottin mal keine Zeit zum segeln hat ist Skipper auch schon mal mit mir alleine auf dem See. Bei leichtem Wind ist das auch gar kein Problem, Er braucht nur einen Pinnenausleger, der lang genug ist damit er auch mit mir trapezen kann. Dazu nutzt er einen alten Aluausleger, den er mit einem weiteren Alurohr verl\u00e4ngert hat. Das nervige Umbauen des Auslegers hatte er nun satt. Au\u00dferdem war er viel zu schwer und hinterlie\u00df immer kleine Dellen im Deck wenn Skipper ihn mal fallen lie\u00df. Es musste also etwas leichtes her. Da wir mit dem Carbon <a href=\"https:\/\/korsarger3500.de\/wp-content\/uploads\/2018\/11\/Pinnenausleger_2.jpg\" data-lbwps-width=\"906\" data-lbwps-height=\"573\" data-lbwps-srcsmall=\"https:\/\/korsarger3500.de\/wp-content\/uploads\/2018\/11\/Pinnenausleger_2-300x190.jpg\"><img loading=\"lazy\" decoding=\"async\" class=\"alignright wp-image-5610 size-thumbnail\" src=\"https:\/\/korsarger3500.de\/wp-content\/uploads\/2018\/11\/Pinnenausleger_2-150x150.jpg\" alt=\"Einzelteile\" width=\"150\" height=\"150\" \/><\/a>Spibaum und\u00a0 dem Mastcontroler sehr gute Erfahrungen gemacht haben,\u00a0 lag es nahe, dass zwei ineinander steckbare Carbonrohre die L\u00f6sung sein k\u00f6nnten. Gedacht, gebaut. Zwei Rohre waren schnell gefunden und bestellt. Den Klemmmechanismus hat er dann aus dem Aluausleger geklaut und um 1mm d\u00fcnner gefeilt, damit er in die Carbonrohre passt und hat ihn dann in das d\u00fcnnere Rohr eingeklebt. Damit die Rohre sich nicht komplett auseinander ziehen lassen musste, noch eine Begrenzung erdacht werden. Hierzu hat er mit einer 2mm Leine die beiden Rohre innen miteinander verbunden. Die Rohre wurden dann ineinander gesteckt. \u00dcber das eine Ende kam noch ein neuer Moosgummi Griff und an das andere Ende das alte Gummigelenk des Aluauslegers. Jetzt hab ich einen neuen Ausleger der von 1 Meter bis 1,8 Meter stufenlos verstellbaren ist. Au\u00dferdem ist er auch noch leichter ist als der alte Ausleger. Was nun noch fehlt ist ein neues Rohr f\u00fcr die Pinne selbst welches das schwere und verkratzte Alu abl\u00f6st. Ich glaub die Bestellung l\u00e4uft schon.<\/p>\n<div id='gallery-1' class='gallery galleryid-5612 gallery-columns-2 gallery-size-thumbnail'><figure class='gallery-item'>\n\t\t\t<div class='gallery-icon landscape'>\n\t\t\t\t<a href='https:\/\/korsarger3500.de\/wp-content\/uploads\/2018\/12\/Auslegerlang.jpg'><img loading=\"lazy\" decoding=\"async\" width=\"150\" height=\"150\" src=\"https:\/\/korsarger3500.de\/wp-content\/uploads\/2018\/12\/Auslegerlang-150x150.jpg\" class=\"attachment-thumbnail size-thumbnail\" alt=\"Ausleger ausgezogen - lang\" \/><\/a>\n\t\t\t<\/div><\/figure><figure class='gallery-item'>\n\t\t\t<div class='gallery-icon landscape'>\n\t\t\t\t<a href='https:\/\/korsarger3500.de\/wp-content\/uploads\/2018\/12\/Auslegerkurz.jpg'><img loading=\"lazy\" decoding=\"async\" width=\"150\" height=\"150\" src=\"https:\/\/korsarger3500.de\/wp-content\/uploads\/2018\/12\/Auslegerkurz-150x150.jpg\" class=\"attachment-thumbnail size-thumbnail\" alt=\"Ausleger gesteckt - kurz\" \/><\/a>\n\t\t\t<\/div><\/figure>\n\t\t<\/div>\n\n<p style=\"text-align: justify;\">Jetzt hie\u00df es ab aufs Wasser und ausprobieren. Das Ausziehen und Festklemmen funktionierte zun\u00e4chst einmal ganz gut und die L\u00e4nge des Auslegers war auch perfekt. Und dann kam die erste Wende. Skipper drehte im Trapez stehend etwas zu stark an dem Ausleger und dies l\u00f6ste die Verbindung zwischen den Rohren. Diese rutschten ineinander, ich wurde man\u00f6vrierunf\u00e4hig und legte mich einfach mal auf die Seite. Skipper konnte sich gerade noch schnell genug aus dem Trapez ausklinken und auf das Schwert steigen. Er musste sich also etwas anderes Einfallen lassen. Es reicht doch wenn der Ausleger zwei verschiedene Stellungen aufweist. Er muss nicht unbedingt stufenlos einstellbar sein. Da k\u00f6nnte es ein Mechanismus tun wie er an Zeltstangen verwendet wird. Eine Feder dr\u00fcckt einen Dorn aus dem inneren Rohr durch ein Loch im \u00e4u\u00dferen Rohr. Dadurch sind die beiden Rohre verbunden. Als Dorn dienten die K\u00f6pfe zweier Edelstahlschrauben, als Feder je ein St\u00fcck Neopren. Um die Druckfl\u00e4che auf die Schraube etwas zu erh\u00f6hen hat er noch einen PVC Streifen auf das Neopren geklebt. Die Schraubenk\u00f6pfe hat er mit der Feile bearbeitet so dass sie sich an den Innenradius des Rohres anschmiegen. Dadurch verkannten sie auch beim Eindr\u00fccken nicht. Es war etwas T\u00fcftelei bis er die richtige Gr\u00f6\u00dfe f\u00fcr das Neoprenst\u00fcck gefunden hatte damit sich ein geeigneter Federdruck einstellte. Dann hat er diesen Mechanismuss an beiden Enden des inneren Rohres eingebaut und die entsprechenden L\u00f6cher im \u00e4u\u00dferen Rohr gebohrt. Bin gespannt ob das nun besser funktioniert, es besteht ja immer hin das Risiko das die beiden Rohe sich komplett voneinander l\u00f6sen. Da muss bestimmt noch ein wenig Nachgebessert werden.<\/p>\n<div id='gallery-2' class='gallery galleryid-5612 gallery-columns-4 gallery-size-thumbnail'><figure class='gallery-item'>\n\t\t\t<div class='gallery-icon landscape'>\n\t\t\t\t<a href='https:\/\/korsarger3500.de\/wp-content\/uploads\/2021\/01\/Pinnenausleger-Schema.jpg'><img loading=\"lazy\" decoding=\"async\" width=\"150\" height=\"150\" src=\"https:\/\/korsarger3500.de\/wp-content\/uploads\/2021\/01\/Pinnenausleger-Schema-150x150.jpg\" class=\"attachment-thumbnail size-thumbnail\" alt=\"Schema Auslegerbefestigung\" \/><\/a>\n\t\t\t<\/div><\/figure><figure class='gallery-item'>\n\t\t\t<div class='gallery-icon landscape'>\n\t\t\t\t<a href='https:\/\/korsarger3500.de\/wp-content\/uploads\/2021\/01\/Pinnenausleger_2020_5.jpg'><img loading=\"lazy\" decoding=\"async\" width=\"150\" height=\"150\" src=\"https:\/\/korsarger3500.de\/wp-content\/uploads\/2021\/01\/Pinnenausleger_2020_5-150x150.jpg\" class=\"attachment-thumbnail size-thumbnail\" alt=\"\" \/><\/a>\n\t\t\t<\/div><\/figure><figure class='gallery-item'>\n\t\t\t<div class='gallery-icon landscape'>\n\t\t\t\t<a href='https:\/\/korsarger3500.de\/wp-content\/uploads\/2021\/01\/Pinnenausleger_2020_6.jpg'><img loading=\"lazy\" decoding=\"async\" width=\"150\" height=\"150\" src=\"https:\/\/korsarger3500.de\/wp-content\/uploads\/2021\/01\/Pinnenausleger_2020_6-150x150.jpg\" class=\"attachment-thumbnail size-thumbnail\" alt=\"\" \/><\/a>\n\t\t\t<\/div><\/figure><figure class='gallery-item'>\n\t\t\t<div class='gallery-icon landscape'>\n\t\t\t\t<a href='https:\/\/korsarger3500.de\/wp-content\/uploads\/2021\/01\/Pinnenausleger_2020_7.jpg'><img loading=\"lazy\" decoding=\"async\" width=\"150\" height=\"150\" src=\"https:\/\/korsarger3500.de\/wp-content\/uploads\/2021\/01\/Pinnenausleger_2020_7-150x150.jpg\" class=\"attachment-thumbnail size-thumbnail\" alt=\"\" \/><\/a>\n\t\t\t<\/div><\/figure><figure class='gallery-item'>\n\t\t\t<div class='gallery-icon landscape'>\n\t\t\t\t<a href='https:\/\/korsarger3500.de\/wp-content\/uploads\/2021\/01\/Pinnenausleger_2020_2.jpg'><img loading=\"lazy\" decoding=\"async\" width=\"150\" height=\"150\" src=\"https:\/\/korsarger3500.de\/wp-content\/uploads\/2021\/01\/Pinnenausleger_2020_2-150x150.jpg\" class=\"attachment-thumbnail size-thumbnail\" alt=\"\" \/><\/a>\n\t\t\t<\/div><\/figure><figure class='gallery-item'>\n\t\t\t<div class='gallery-icon landscape'>\n\t\t\t\t<a href='https:\/\/korsarger3500.de\/wp-content\/uploads\/2021\/01\/Pinnenausleger_2020_9.jpg'><img loading=\"lazy\" decoding=\"async\" width=\"150\" height=\"150\" src=\"https:\/\/korsarger3500.de\/wp-content\/uploads\/2021\/01\/Pinnenausleger_2020_9-150x150.jpg\" class=\"attachment-thumbnail size-thumbnail\" alt=\"\" \/><\/a>\n\t\t\t<\/div><\/figure><figure class='gallery-item'>\n\t\t\t<div class='gallery-icon landscape'>\n\t\t\t\t<a href='https:\/\/korsarger3500.de\/wp-content\/uploads\/2021\/01\/Pinnenausleger_2020_8.jpg'><img loading=\"lazy\" decoding=\"async\" width=\"150\" height=\"150\" src=\"https:\/\/korsarger3500.de\/wp-content\/uploads\/2021\/01\/Pinnenausleger_2020_8-150x150.jpg\" class=\"attachment-thumbnail size-thumbnail\" alt=\"\" \/><\/a>\n\t\t\t<\/div><\/figure><figure class='gallery-item'>\n\t\t\t<div class='gallery-icon portrait'>\n\t\t\t\t<a href='https:\/\/korsarger3500.de\/wp-content\/uploads\/2021\/01\/Pinnenausleger_2020_4.jpg'><img loading=\"lazy\" decoding=\"async\" width=\"150\" height=\"150\" src=\"https:\/\/korsarger3500.de\/wp-content\/uploads\/2021\/01\/Pinnenausleger_2020_4-150x150.jpg\" class=\"attachment-thumbnail size-thumbnail\" alt=\"\" \/><\/a>\n\t\t\t<\/div><\/figure>\n\t\t<\/div>\n\n<p>&nbsp;<\/p>\n<p><a href=\"https:\/\/korsarger3500.de\/index.php\/grossschotfuehrung\/\">Weiter<\/a><\/p>\n","protected":false},"excerpt":{"rendered":"<p>Wenn die Schottin mal keine Zeit zum segeln hat ist Skipper auch schon mal mit mir alleine auf dem See. Bei leichtem Wind ist das auch gar kein Problem, Er braucht nur einen Pinnenausleger, der lang genug ist damit er auch mit mir trapezen kann. Dazu nutzt er einen alten Aluausleger, den er mit einem &hellip; <a href=\"https:\/\/korsarger3500.de\/index.php\/teleskopierbarer-pinnenausleger\/\" class=\"more-link\"><span class=\"screen-reader-text\">Teleskopierbarer Pinnenausleger<\/span> weiterlesen<\/a><\/p>\n","protected":false},"author":1,"featured_media":0,"parent":0,"menu_order":0,"comment_status":"closed","ping_status":"closed","template":"","meta":{"footnotes":""},"class_list":["post-5612","page","type-page","status-publish","hentry"],"_links":{"self":[{"href":"https:\/\/korsarger3500.de\/index.php\/wp-json\/wp\/v2\/pages\/5612","targetHints":{"allow":["GET"]}}],"collection":[{"href":"https:\/\/korsarger3500.de\/index.php\/wp-json\/wp\/v2\/pages"}],"about":[{"href":"https:\/\/korsarger3500.de\/index.php\/wp-json\/wp\/v2\/types\/page"}],"author":[{"embeddable":true,"href":"https:\/\/korsarger3500.de\/index.php\/wp-json\/wp\/v2\/users\/1"}],"replies":[{"embeddable":true,"href":"https:\/\/korsarger3500.de\/index.php\/wp-json\/wp\/v2\/comments?post=5612"}],"version-history":[{"count":23,"href":"https:\/\/korsarger3500.de\/index.php\/wp-json\/wp\/v2\/pages\/5612\/revisions"}],"predecessor-version":[{"id":9209,"href":"https:\/\/korsarger3500.de\/index.php\/wp-json\/wp\/v2\/pages\/5612\/revisions\/9209"}],"wp:attachment":[{"href":"https:\/\/korsarger3500.de\/index.php\/wp-json\/wp\/v2\/media?parent=5612"}],"curies":[{"name":"wp","href":"https:\/\/api.w.org\/{rel}","templated":true}]}}