{"id":5368,"date":"2018-09-04T23:03:26","date_gmt":"2018-09-04T21:03:26","guid":{"rendered":"https:\/\/korsarger3500.de\/?page_id=5368"},"modified":"2018-09-04T23:17:48","modified_gmt":"2018-09-04T21:17:48","slug":"rsc-clubmeisterschaft-2018","status":"publish","type":"page","link":"https:\/\/korsarger3500.de\/index.php\/rsc-clubmeisterschaft-2018\/","title":{"rendered":"RSC Clubmeisterschaft 2018"},"content":{"rendered":"<p style=\"text-align: justify;\">Diese Jahr konnte ich mit meiner Crew, da keine Korsaren Regatta stattfand, an der Clubmeisterschaft des RSC teilnehmen. Das Event bei dem es auch ein Clubfest gibt findet immer im Hochsommer statt. Leider ist dann die Wetterlage meist hei\u00df und es weht fast kein Wind. So war es auch dieses Jahr. Bei\u00a0 wenig Wind wurde Samstag der erste Lauf gestartet. Mit 13 Schiffen der unterschiedlichsten Klassen war das Feld dennoch nicht schlecht besetzt. Den ersten Lauf gewannen wir vor dem 470er des Gastseglers Horst aus Frankreich. Dieser entschied dann den zweiten Lauf f\u00fcr sich in dem wir zweiter wurden. Damit endete der Wettfahrttag auch schon obwohl der Wind nun f\u00fcr einen dritten Lauf gerade recht war. Beim Clubfest sa\u00dfen die Crews lange zusammen und kl\u00f6nten ausgiebig den \u00fcblichen Segelschnack. Am Sonntag starte die Wettfahrtleitung noch einen Lauf. Wir f\u00fchrten wieder das Feld an und hatten fast ein Dreieck Vorsprung als der Wind komplett einschlief und die Wettfahrt<a href=\"https:\/\/korsarger3500.de\/wp-content\/uploads\/2018\/09\/RSC_2018_1.jpg\" data-lbwps-width=\"480\" data-lbwps-height=\"443\" data-lbwps-srcsmall=\"https:\/\/korsarger3500.de\/wp-content\/uploads\/2018\/09\/RSC_2018_1-300x277.jpg\"><img loading=\"lazy\" decoding=\"async\" class=\"size-thumbnail wp-image-5439 alignright\" src=\"https:\/\/korsarger3500.de\/wp-content\/uploads\/2018\/09\/RSC_2018_1-150x150.jpg\" alt=\"\" width=\"150\" height=\"150\" \/><\/a> abgeschossen wurde. Damit war der Wettfahrttag zu Ende. Die Crew sa\u00df noch nach der Siegerehrung mit den anderen beim Freibier zusammen, ich musste ja nicht abgebaut werden. Beim Gruppenbild auf dem neuen Steg ist doch glatt er Schotte vom Gastsegler 470er \u00fcber die F\u00fc\u00dfe vom Skipper gestolpert und ins Wasser gefallen. War aber nicht schlimm, es ist ja Sommer.<\/p>\n<p>Einige wenige Bilder gibts auch &#8230;<\/p>\n<div id='gallery-1' class='gallery galleryid-5368 gallery-columns-4 gallery-size-thumbnail'><figure class='gallery-item'>\n\t\t\t<div class='gallery-icon landscape'>\n\t\t\t\t<a href='https:\/\/korsarger3500.de\/wp-content\/uploads\/2018\/09\/RSC_2018_40.jpg'><img loading=\"lazy\" decoding=\"async\" width=\"150\" height=\"150\" src=\"https:\/\/korsarger3500.de\/wp-content\/uploads\/2018\/09\/RSC_2018_40-150x150.jpg\" class=\"attachment-thumbnail size-thumbnail\" alt=\"\" \/><\/a>\n\t\t\t<\/div><\/figure><figure class='gallery-item'>\n\t\t\t<div class='gallery-icon landscape'>\n\t\t\t\t<a href='https:\/\/korsarger3500.de\/wp-content\/uploads\/2018\/09\/RSC_2018_37.jpg'><img loading=\"lazy\" decoding=\"async\" width=\"150\" height=\"150\" src=\"https:\/\/korsarger3500.de\/wp-content\/uploads\/2018\/09\/RSC_2018_37-150x150.jpg\" class=\"attachment-thumbnail size-thumbnail\" alt=\"\" \/><\/a>\n\t\t\t<\/div><\/figure><figure class='gallery-item'>\n\t\t\t<div class='gallery-icon landscape'>\n\t\t\t\t<a href='https:\/\/korsarger3500.de\/wp-content\/uploads\/2018\/09\/RSC_2018_29.jpg'><img loading=\"lazy\" decoding=\"async\" width=\"150\" height=\"150\" src=\"https:\/\/korsarger3500.de\/wp-content\/uploads\/2018\/09\/RSC_2018_29-150x150.jpg\" class=\"attachment-thumbnail size-thumbnail\" alt=\"\" \/><\/a>\n\t\t\t<\/div><\/figure><figure class='gallery-item'>\n\t\t\t<div class='gallery-icon landscape'>\n\t\t\t\t<a href='https:\/\/korsarger3500.de\/wp-content\/uploads\/2018\/09\/RSC_2018_27.jpg'><img loading=\"lazy\" decoding=\"async\" width=\"150\" height=\"150\" src=\"https:\/\/korsarger3500.de\/wp-content\/uploads\/2018\/09\/RSC_2018_27-150x150.jpg\" class=\"attachment-thumbnail size-thumbnail\" alt=\"\" \/><\/a>\n\t\t\t<\/div><\/figure><figure class='gallery-item'>\n\t\t\t<div class='gallery-icon landscape'>\n\t\t\t\t<a href='https:\/\/korsarger3500.de\/wp-content\/uploads\/2018\/09\/RSC_2018_18.jpg'><img loading=\"lazy\" decoding=\"async\" width=\"150\" height=\"150\" src=\"https:\/\/korsarger3500.de\/wp-content\/uploads\/2018\/09\/RSC_2018_18-150x150.jpg\" class=\"attachment-thumbnail size-thumbnail\" alt=\"\" \/><\/a>\n\t\t\t<\/div><\/figure><figure class='gallery-item'>\n\t\t\t<div class='gallery-icon landscape'>\n\t\t\t\t<a href='https:\/\/korsarger3500.de\/wp-content\/uploads\/2018\/09\/RSC_2018_17.jpg'><img loading=\"lazy\" decoding=\"async\" width=\"150\" height=\"150\" src=\"https:\/\/korsarger3500.de\/wp-content\/uploads\/2018\/09\/RSC_2018_17-150x150.jpg\" class=\"attachment-thumbnail size-thumbnail\" alt=\"\" \/><\/a>\n\t\t\t<\/div><\/figure><figure class='gallery-item'>\n\t\t\t<div class='gallery-icon landscape'>\n\t\t\t\t<a href='https:\/\/korsarger3500.de\/wp-content\/uploads\/2018\/09\/RSC_2018_12.jpg'><img loading=\"lazy\" decoding=\"async\" width=\"150\" height=\"150\" src=\"https:\/\/korsarger3500.de\/wp-content\/uploads\/2018\/09\/RSC_2018_12-150x150.jpg\" class=\"attachment-thumbnail size-thumbnail\" alt=\"\" \/><\/a>\n\t\t\t<\/div><\/figure><figure class='gallery-item'>\n\t\t\t<div class='gallery-icon landscape'>\n\t\t\t\t<a href='https:\/\/korsarger3500.de\/wp-content\/uploads\/2018\/09\/RSC_2018_9.jpg'><img loading=\"lazy\" decoding=\"async\" width=\"150\" height=\"150\" src=\"https:\/\/korsarger3500.de\/wp-content\/uploads\/2018\/09\/RSC_2018_9-150x150.jpg\" class=\"attachment-thumbnail size-thumbnail\" alt=\"\" \/><\/a>\n\t\t\t<\/div><\/figure>\n\t\t<\/div>\n\n<p>Ah so &#8230; gewonnen hat der Gast &#8211; 470er, da er den zweiten Lauf f\u00fcr sich entschieden hat. Den dritten Platz belegte der Jeton <em>Bayern.<\/em><\/p>\n<p><a href=\"https:\/\/korsarger3500.de\/index.php\/auerhahnregatta-schluchsee-2018\/\">Weiter<\/a>\u2026oder zur <a href=\"http:\/\/korsarger3500.de\/\">Startseite<\/a><\/p>\n","protected":false},"excerpt":{"rendered":"<p>Diese Jahr konnte ich mit meiner Crew, da keine Korsaren Regatta stattfand, an der Clubmeisterschaft des RSC teilnehmen. Das Event bei dem es auch ein Clubfest gibt findet immer im Hochsommer statt. Leider ist dann die Wetterlage meist hei\u00df und es weht fast kein Wind. So war es auch dieses Jahr. Bei\u00a0 wenig Wind wurde &hellip; <a href=\"https:\/\/korsarger3500.de\/index.php\/rsc-clubmeisterschaft-2018\/\" class=\"more-link\"><span class=\"screen-reader-text\">RSC Clubmeisterschaft 2018<\/span> weiterlesen<\/a><\/p>\n","protected":false},"author":1,"featured_media":0,"parent":0,"menu_order":0,"comment_status":"closed","ping_status":"closed","template":"","meta":{"footnotes":""},"class_list":["post-5368","page","type-page","status-publish","hentry"],"_links":{"self":[{"href":"https:\/\/korsarger3500.de\/index.php\/wp-json\/wp\/v2\/pages\/5368","targetHints":{"allow":["GET"]}}],"collection":[{"href":"https:\/\/korsarger3500.de\/index.php\/wp-json\/wp\/v2\/pages"}],"about":[{"href":"https:\/\/korsarger3500.de\/index.php\/wp-json\/wp\/v2\/types\/page"}],"author":[{"embeddable":true,"href":"https:\/\/korsarger3500.de\/index.php\/wp-json\/wp\/v2\/users\/1"}],"replies":[{"embeddable":true,"href":"https:\/\/korsarger3500.de\/index.php\/wp-json\/wp\/v2\/comments?post=5368"}],"version-history":[{"count":7,"href":"https:\/\/korsarger3500.de\/index.php\/wp-json\/wp\/v2\/pages\/5368\/revisions"}],"predecessor-version":[{"id":5441,"href":"https:\/\/korsarger3500.de\/index.php\/wp-json\/wp\/v2\/pages\/5368\/revisions\/5441"}],"wp:attachment":[{"href":"https:\/\/korsarger3500.de\/index.php\/wp-json\/wp\/v2\/media?parent=5368"}],"curies":[{"name":"wp","href":"https:\/\/api.w.org\/{rel}","templated":true}]}}