{"id":5324,"date":"2018-07-09T13:53:50","date_gmt":"2018-07-09T11:53:50","guid":{"rendered":"https:\/\/korsarger3500.de\/?page_id=5324"},"modified":"2024-08-21T05:19:39","modified_gmt":"2024-08-21T03:19:39","slug":"endlos-niederholer","status":"publish","type":"page","link":"https:\/\/korsarger3500.de\/index.php\/endlos-niederholer\/","title":{"rendered":"Endlos Niederholer"},"content":{"rendered":"<p style=\"text-align: justify;\"><a href=\"https:\/\/korsarger3500.de\/wp-content\/uploads\/2018\/07\/Endlos__4.jpg\" data-lbwps-width=\"1680\" data-lbwps-height=\"1260\" data-lbwps-srcsmall=\"https:\/\/korsarger3500.de\/wp-content\/uploads\/2018\/07\/Endlos__4-300x225.jpg\"><img loading=\"lazy\" decoding=\"async\" class=\"alignleft wp-image-5312 size-thumbnail\" src=\"https:\/\/korsarger3500.de\/wp-content\/uploads\/2018\/07\/Endlos__4-150x150.jpg\" alt=\"Klavier ?\" width=\"150\" height=\"150\" \/><\/a>So sieht beim mir das Klavier aus, das aber gar keine T\u00f6ne produziert. Warum die Anordnung der Zug- und Streck- leinen \u00fcberhaupt Klavier hei\u00dft, muss ich auch erst noch herausbekommen, aber das ist ein anderes Thema. Hier wollte Skipper nur wieder einmal eine Verbesserung bei meinem Innenausbau erreichen. Die Leinen f\u00fcr Mastcontroller, Baumniederholer, Unterliek und Genuaholepunkt\u00a0 liegen bei mir rechts und links neben dem Schwertkasten. Wenn also z.B. eine Leine in Luv\u00a0 &#8222;am Ende&#8220; ist, muss Skipper immer nach Lee greifen um sie dort entweder zu l\u00f6sen oder ein St\u00fcck nachsetzen. Das ist \u00e4u\u00dferst umst\u00e4ndlich und musste endlich mal ge\u00e4ndert werden. Bei den modernen <a href=\"https:\/\/korsarger3500.de\/wp-content\/uploads\/2018\/07\/Endlos_Plan.jpg\" data-lbwps-width=\"1167\" data-lbwps-height=\"892\" data-lbwps-srcsmall=\"https:\/\/korsarger3500.de\/wp-content\/uploads\/2018\/07\/Endlos_Plan-300x229.jpg\"><img loading=\"lazy\" decoding=\"async\" class=\"alignright wp-image-5328 size-thumbnail\" src=\"https:\/\/korsarger3500.de\/wp-content\/uploads\/2018\/07\/Endlos_Plan-150x150.jpg\" alt=\"das Prinzip\" width=\"150\" height=\"150\" \/><\/a>Schiffen ist entweder so viel &#8222;Seil&#8220; auf jeder Seite vorhanden, dass es f\u00fcr die Durchf\u00fchrung einer Wettfahrt reicht, oder die Strecker sind endlos ausgef\u00fchrt. Skipper entschied sich f\u00fcr die Variante endlos und bestellte zun\u00e4chst mal ein paar Umlenkrollen f\u00fcr den Baumniederholer und das Unterliek. Als n\u00e4chstes hat er die Auftriebsk\u00f6rper ausgebaut, damit er unter dem Deck arbeiten konnte. Da bei mir keinerlei Befestigungspunkte f\u00fcr diese Leinenf\u00fchrung vorgesehen sind, musste er entsprechende Halterungen bauen und an die Spanten und Leisten anpassen. Die Umlenkrollen sollten einigerma\u00dfen gut waagerecht stehen <a href=\"https:\/\/korsarger3500.de\/wp-content\/uploads\/2018\/07\/Endlos__5.jpg\" data-lbwps-width=\"1680\" data-lbwps-height=\"1260\" data-lbwps-srcsmall=\"https:\/\/korsarger3500.de\/wp-content\/uploads\/2018\/07\/Endlos__5-300x225.jpg\"><img loading=\"lazy\" decoding=\"async\" class=\"alignleft wp-image-5313 size-thumbnail\" src=\"https:\/\/korsarger3500.de\/wp-content\/uploads\/2018\/07\/Endlos__5-150x150.jpg\" alt=\"fliegende Rollen\" width=\"150\" height=\"150\" \/><\/a>bleiben. Er k\u00f6nnte B\u00fcgel mit Federn einbauen, hat sich aber f\u00fcr die lowkost Variante mit Gummizug entschieden. Hier die Prototypen der Halterungen. Diese Brettchen hat er dann gestrichen und zum Tel eingeklebt und an die Spanten geschraubt. Damit die Leinen unter Deck frei laufen und nicht an den Spanten oder Auftriebsk\u00f6rpern schleifen, hat er sie in Kunststoffrohre &#8222;eingepackt&#8220;. Dazu musste er 2 cm dicke L\u00f6cher durch meine Spanten bohren und die Rohre durchf\u00fchren. Das rohe Holz wurde nat\u00fcrlich mit Klarlack versiegelt. Als n\u00e4chstes mussten die alten Leinen durch neue, viel l\u00e4ngere, ersetzt werden. Zwei alte Spifallen, die in der Mitte &#8222;noch gut&#8220; waren, fanden hier eine neue Verwendung und wurden durch die neuen Rohre und Umlenkrollen gef\u00e4delt. Eigentlich h\u00e4tte er jetzt im Splei\u00dfbuch die richtige Technik f\u00fcr den Endlossplei\u00df nachsehen und \u00fcben m\u00fcssen, aber das war Ihm zu aufw\u00e4ndig. Er hat einfach die innere Seele der Schot miteinander vern\u00e4ht, den Mantel \u00fcber die Nahtstelle gemolken und dann diesen Bereich<a href=\"https:\/\/korsarger3500.de\/wp-content\/uploads\/2018\/07\/Endlos__9.jpg\" data-lbwps-width=\"1680\" data-lbwps-height=\"1260\" data-lbwps-srcsmall=\"https:\/\/korsarger3500.de\/wp-content\/uploads\/2018\/07\/Endlos__9-300x225.jpg\"><img loading=\"lazy\" decoding=\"async\" class=\"alignright wp-image-5317 size-thumbnail\" src=\"https:\/\/korsarger3500.de\/wp-content\/uploads\/2018\/07\/Endlos__9-150x150.jpg\" alt=\"Endlos-Spleis - Na Ja\" width=\"150\" height=\"150\" \/><\/a> nochmals vern\u00e4ht. Fertig ist der primitive Endlossplei\u00df. \u00a0 F\u00fcr das Aufwickeln des \u00fcbersch\u00fcssigen Materials ist auf jeder Seite eine Talje mit Gummizug zust\u00e4ndig. Es war nat\u00fcrlich zu bef\u00fcrchten, dass die Auftriebsk\u00f6rper jetzt nicht mehr passen, weil die Rohre im Weg sind und so wurden diese dann auch neu zurechtgeschnitten, eingepasst und befestigt. Jetzt sind wir alle gespannt, wie sich das neue System bedienen l\u00e4sst. Da das Wetter im Moment sehr sch\u00f6n und warm ist und ich eh in der Garage stehe, hat er die Gunst der Stunde genutzt um mein Deck nochmal zu lackieren. Schnell ist er einmal mit 320er Papier auf dem Rutscher dr\u00fcber und hat eine d\u00fcnne Schicht\u00a0 Lack aufgetragen. Jetzt trockne ich noch etwas in der Sonne und dann geht&#8217;s\u00a0 morgen wieder auf den See zum ausprobieren. Hier noch einige Bilder der Aktion.<\/p>\n<div id='gallery-1' class='gallery galleryid-5324 gallery-columns-4 gallery-size-thumbnail'><figure class='gallery-item'>\n\t\t\t<div class='gallery-icon landscape'>\n\t\t\t\t<a href='https:\/\/korsarger3500.de\/wp-content\/uploads\/2018\/07\/Endlos__7.jpg'><img loading=\"lazy\" decoding=\"async\" width=\"150\" height=\"150\" src=\"https:\/\/korsarger3500.de\/wp-content\/uploads\/2018\/07\/Endlos__7-150x150.jpg\" class=\"attachment-thumbnail size-thumbnail\" alt=\"\" \/><\/a>\n\t\t\t<\/div><\/figure><figure class='gallery-item'>\n\t\t\t<div class='gallery-icon landscape'>\n\t\t\t\t<a href='https:\/\/korsarger3500.de\/wp-content\/uploads\/2018\/07\/Endlos__6.jpg'><img loading=\"lazy\" decoding=\"async\" width=\"150\" height=\"150\" src=\"https:\/\/korsarger3500.de\/wp-content\/uploads\/2018\/07\/Endlos__6-150x150.jpg\" class=\"attachment-thumbnail size-thumbnail\" alt=\"\" \/><\/a>\n\t\t\t<\/div><\/figure><figure class='gallery-item'>\n\t\t\t<div class='gallery-icon landscape'>\n\t\t\t\t<a href='https:\/\/korsarger3500.de\/wp-content\/uploads\/2018\/07\/Endlos__8.jpg'><img loading=\"lazy\" decoding=\"async\" width=\"150\" height=\"150\" src=\"https:\/\/korsarger3500.de\/wp-content\/uploads\/2018\/07\/Endlos__8-150x150.jpg\" class=\"attachment-thumbnail size-thumbnail\" alt=\"\" \/><\/a>\n\t\t\t<\/div><\/figure><figure class='gallery-item'>\n\t\t\t<div class='gallery-icon landscape'>\n\t\t\t\t<a href='https:\/\/korsarger3500.de\/wp-content\/uploads\/2018\/07\/Endlos__10.jpg'><img loading=\"lazy\" decoding=\"async\" width=\"150\" height=\"150\" src=\"https:\/\/korsarger3500.de\/wp-content\/uploads\/2018\/07\/Endlos__10-150x150.jpg\" class=\"attachment-thumbnail size-thumbnail\" alt=\"\" \/><\/a>\n\t\t\t<\/div><\/figure><figure class='gallery-item'>\n\t\t\t<div class='gallery-icon landscape'>\n\t\t\t\t<a href='https:\/\/korsarger3500.de\/wp-content\/uploads\/2018\/07\/Endlos__9.jpg'><img loading=\"lazy\" decoding=\"async\" width=\"150\" height=\"150\" src=\"https:\/\/korsarger3500.de\/wp-content\/uploads\/2018\/07\/Endlos__9-150x150.jpg\" class=\"attachment-thumbnail size-thumbnail\" alt=\"\" \/><\/a>\n\t\t\t<\/div><\/figure><figure class='gallery-item'>\n\t\t\t<div class='gallery-icon landscape'>\n\t\t\t\t<a href='https:\/\/korsarger3500.de\/wp-content\/uploads\/2018\/07\/Endlos__13.jpg'><img loading=\"lazy\" decoding=\"async\" width=\"150\" height=\"150\" src=\"https:\/\/korsarger3500.de\/wp-content\/uploads\/2018\/07\/Endlos__13-150x150.jpg\" class=\"attachment-thumbnail size-thumbnail\" alt=\"\" \/><\/a>\n\t\t\t<\/div><\/figure><figure class='gallery-item'>\n\t\t\t<div class='gallery-icon landscape'>\n\t\t\t\t<a href='https:\/\/korsarger3500.de\/wp-content\/uploads\/2018\/07\/Endlos__12.jpg'><img loading=\"lazy\" decoding=\"async\" width=\"150\" height=\"150\" src=\"https:\/\/korsarger3500.de\/wp-content\/uploads\/2018\/07\/Endlos__12-150x150.jpg\" class=\"attachment-thumbnail size-thumbnail\" alt=\"\" \/><\/a>\n\t\t\t<\/div><\/figure><figure class='gallery-item'>\n\t\t\t<div class='gallery-icon landscape'>\n\t\t\t\t<a href='https:\/\/korsarger3500.de\/wp-content\/uploads\/2018\/07\/Endlos__11.jpg'><img loading=\"lazy\" decoding=\"async\" width=\"150\" height=\"150\" src=\"https:\/\/korsarger3500.de\/wp-content\/uploads\/2018\/07\/Endlos__11-150x150.jpg\" class=\"attachment-thumbnail size-thumbnail\" alt=\"\" \/><\/a>\n\t\t\t<\/div><\/figure><figure class='gallery-item'>\n\t\t\t<div class='gallery-icon landscape'>\n\t\t\t\t<a href='https:\/\/korsarger3500.de\/wp-content\/uploads\/2018\/07\/Endlos__14.jpg'><img loading=\"lazy\" decoding=\"async\" width=\"150\" height=\"150\" src=\"https:\/\/korsarger3500.de\/wp-content\/uploads\/2018\/07\/Endlos__14-150x150.jpg\" class=\"attachment-thumbnail size-thumbnail\" alt=\"\" \/><\/a>\n\t\t\t<\/div><\/figure><figure class='gallery-item'>\n\t\t\t<div class='gallery-icon landscape'>\n\t\t\t\t<a href='https:\/\/korsarger3500.de\/wp-content\/uploads\/2018\/07\/Endlos__16.jpg'><img loading=\"lazy\" decoding=\"async\" width=\"150\" height=\"150\" src=\"https:\/\/korsarger3500.de\/wp-content\/uploads\/2018\/07\/Endlos__16-150x150.jpg\" class=\"attachment-thumbnail size-thumbnail\" alt=\"\" \/><\/a>\n\t\t\t<\/div><\/figure>\n\t\t<\/div>\n\n<p><a href=\"https:\/\/korsarger3500.de\/index.php\/teleskopierbarer-pinnenausleger\/\">Weiter<\/a><\/p>\n","protected":false},"excerpt":{"rendered":"<p>So sieht beim mir das Klavier aus, das aber gar keine T\u00f6ne produziert. Warum die Anordnung der Zug- und Streck- leinen \u00fcberhaupt Klavier hei\u00dft, muss ich auch erst noch herausbekommen, aber das ist ein anderes Thema. Hier wollte Skipper nur wieder einmal eine Verbesserung bei meinem Innenausbau erreichen. Die Leinen f\u00fcr Mastcontroller, Baumniederholer, Unterliek und &hellip; <a href=\"https:\/\/korsarger3500.de\/index.php\/endlos-niederholer\/\" class=\"more-link\"><span class=\"screen-reader-text\">Endlos Niederholer<\/span> weiterlesen<\/a><\/p>\n","protected":false},"author":1,"featured_media":0,"parent":0,"menu_order":0,"comment_status":"closed","ping_status":"closed","template":"","meta":{"footnotes":""},"class_list":["post-5324","page","type-page","status-publish","hentry"],"_links":{"self":[{"href":"https:\/\/korsarger3500.de\/index.php\/wp-json\/wp\/v2\/pages\/5324","targetHints":{"allow":["GET"]}}],"collection":[{"href":"https:\/\/korsarger3500.de\/index.php\/wp-json\/wp\/v2\/pages"}],"about":[{"href":"https:\/\/korsarger3500.de\/index.php\/wp-json\/wp\/v2\/types\/page"}],"author":[{"embeddable":true,"href":"https:\/\/korsarger3500.de\/index.php\/wp-json\/wp\/v2\/users\/1"}],"replies":[{"embeddable":true,"href":"https:\/\/korsarger3500.de\/index.php\/wp-json\/wp\/v2\/comments?post=5324"}],"version-history":[{"count":13,"href":"https:\/\/korsarger3500.de\/index.php\/wp-json\/wp\/v2\/pages\/5324\/revisions"}],"predecessor-version":[{"id":9208,"href":"https:\/\/korsarger3500.de\/index.php\/wp-json\/wp\/v2\/pages\/5324\/revisions\/9208"}],"wp:attachment":[{"href":"https:\/\/korsarger3500.de\/index.php\/wp-json\/wp\/v2\/media?parent=5324"}],"curies":[{"name":"wp","href":"https:\/\/api.w.org\/{rel}","templated":true}]}}