{"id":4978,"date":"2018-05-02T20:53:58","date_gmt":"2018-05-02T18:53:58","guid":{"rendered":"https:\/\/korsarger3500.de\/?page_id=4978"},"modified":"2022-06-13T07:54:49","modified_gmt":"2022-06-13T05:54:49","slug":"fruehjahrstreff-inheiden-2018","status":"publish","type":"page","link":"https:\/\/korsarger3500.de\/index.php\/fruehjahrstreff-inheiden-2018\/","title":{"rendered":"Fr\u00fchjahrstreff Inheiden 2018"},"content":{"rendered":"<p style=\"text-align: justify;\">Gaanz viel Neues sollte es dieses Jahr in Inheiden geben. Viele Schiffe bekamen neue Segel, so auch ich. Das ist toll, denn jetzt hat die Crew wenigstens auch noch einen einigerma\u00dfen brauchbaren Segelsatz zum \u00fcben. Die neuen Segel hat <a href=\"https:\/\/korsarger3500.de\/wp-content\/uploads\/2018\/04\/Segel_2018_Vorliek.jpg\" data-lbwps-width=\"4000\" data-lbwps-height=\"3000\" data-lbwps-srcsmall=\"https:\/\/korsarger3500.de\/wp-content\/uploads\/2018\/04\/Segel_2018_Vorliek-300x225.jpg\"><img loading=\"lazy\" decoding=\"async\" class=\"size-thumbnail wp-image-4935 alignleft\" src=\"https:\/\/korsarger3500.de\/wp-content\/uploads\/2018\/04\/Segel_2018_Vorliek-150x150.jpg\" alt=\"\" width=\"150\" height=\"150\" \/><\/a>Skipper schon mal am Vortag auf der Wiese ausgebreitet, mit den alten verglichen und festgestellt dass durch die kleinen \u00c4nderungen des Segelmachers auch am meinem Rigg wieder was gebastelt werden muss. Aber die \u00c4nderungen halten sich in Grenzen. Das neue Ruderblatt wurde, wie auch schon in Liblar, von vielen Crews begutachtet und teilweise sogar bestaunt. Das wichtigste aber war die Vermessung des Ruders durch den technischen Obmann der Korsarenklassse. Der legte mein neues Blatt auf eine Schablone, in die es hineinpassen musste und \u00fcberpr\u00fcfte anschlie\u00dfend die L\u00e4nge des Blattes am <a href=\"https:\/\/korsarger3500.de\/wp-content\/uploads\/2018\/05\/newbeetle.jpg\" data-lbwps-width=\"511\" data-lbwps-height=\"411\" data-lbwps-srcsmall=\"https:\/\/korsarger3500.de\/wp-content\/uploads\/2018\/05\/newbeetle-300x241.jpg\"><img loading=\"lazy\" decoding=\"async\" class=\"size-thumbnail wp-image-5023 alignright\" src=\"https:\/\/korsarger3500.de\/wp-content\/uploads\/2018\/05\/newbeetle-150x150.jpg\" alt=\"\" width=\"150\" height=\"150\" \/><\/a>Spiegel. Auch der Neigungswinkel wurden kontrolliert und alles wurde f\u00fcr regelkonform befunden. Die Br\u00fcllk\u00e4fer Jungs sorgten\u00a0 dann f\u00fcr reichlichen Aufruhr, denn sie brachten Ihr nagelneues Schiff mit. Darauf waren die Crew und ich nat\u00fcrlich sehr gespannt. Was f\u00fcr ein tolles Schiff. Es ist ganz aus Plastik &#8211; OK das Zeug hei\u00dft heute Epoxyd und Carbon und mein neues Ruderblatt ist schlie\u00dflich auch aus diesem Zeug &#8211;\u00a0 aber wenn man sich diesen tollen Innenausbau anschaut, <a href=\"https:\/\/korsarger3500.de\/wp-content\/uploads\/2018\/05\/Inheiden_2018_3.jpg\" data-lbwps-width=\"945\" data-lbwps-height=\"1260\" data-lbwps-srcsmall=\"https:\/\/korsarger3500.de\/wp-content\/uploads\/2018\/05\/Inheiden_2018_3-225x300.jpg\"><img loading=\"lazy\" decoding=\"async\" class=\"size-thumbnail wp-image-4988 alignleft\" src=\"https:\/\/korsarger3500.de\/wp-content\/uploads\/2018\/05\/Inheiden_2018_3-150x150.jpg\" alt=\"\" width=\"150\" height=\"150\" \/><\/a>k\u00f6nnte man glatt neidisch werden. Ein klasse Traveler mit verstellbarem B\u00fcgel ist nur eins von vielen Highlights in dies Schiff. \u00c4h Schiff, wie hei\u00dft es den, ich konnte keinen Namen sehen. Br\u00fcllk\u00e4ker 2 oder zweiter Br\u00fcllk\u00e4fer oder neuer Br\u00fcllk\u00e4fer. Ist eigentlich alles viel zu lang. Bin gespannt wie es dann nach der Taufe gerufen wird. Egal ich nenn ihn solange mal <em>no name.<\/em> Und noch was Neues war zu bestaunen. <em>die li tannten am start<a href=\"https:\/\/korsarger3500.de\/wp-content\/uploads\/2018\/05\/Inheiden_2018_17.jpg\" data-lbwps-width=\"1680\" data-lbwps-height=\"1260\" data-lbwps-srcsmall=\"https:\/\/korsarger3500.de\/wp-content\/uploads\/2018\/05\/Inheiden_2018_17-300x225.jpg\"><img loading=\"lazy\" decoding=\"async\" class=\"size-thumbnail wp-image-4996 alignright\" src=\"https:\/\/korsarger3500.de\/wp-content\/uploads\/2018\/05\/Inheiden_2018_17-150x150.jpg\" alt=\"\" width=\"150\" height=\"150\" \/><\/a><\/em> bekam einen neuen Mast. Leider hat der Mastbauer wohl ein zu langes Lineal verwendet, der Mast ist am unteren Ende 12cm zu lang. Welch ein Gl\u00fcck das sein Skipper den alten, leicht verbogenen Mast auch noch dabei hatte. Damit konnten sie noch segeln und gar nicht so schlecht wie sich am Ende noch zeigen sollte. Achja das ist ja alles schon am Freitag passiert, wir sind ja schon Freitag Mittags bei sch\u00f6nsten Wetter \u00fcber bekannte Routen nach Inheiden gefahren. So konnte die Crew am Samstag ausschlafen und sich in aller Ruhe auf die Wettfahrten vorbereiten. Der Wind war heftig und sehr b\u00f6ig und so entschied sich die Crwe nochmal mit den alten Segeln zu fahren. Sie wollten die neuen Segel nicht gleich beim ersten Einsatz zerknittern. Der Start der ersten Wettfahrt war p\u00fcnktlich und die Crew versuchte alles beim Training gelernte umzusetzen. Das klappte <a href=\"https:\/\/korsarger3500.de\/wp-content\/uploads\/2018\/05\/Leetonne.jpg\" data-lbwps-width=\"741\" data-lbwps-height=\"444\" data-lbwps-srcsmall=\"https:\/\/korsarger3500.de\/wp-content\/uploads\/2018\/05\/Leetonne-300x180.jpg\"><img loading=\"lazy\" decoding=\"async\" class=\"size-thumbnail wp-image-5028 alignleft\" src=\"https:\/\/korsarger3500.de\/wp-content\/uploads\/2018\/05\/Leetonne-150x150.jpg\" alt=\"\" width=\"150\" height=\"150\" \/><\/a>auch sehr gut und wir sind weit vorne im Feld um das erste Dreieck gesegelt. Was dann passiert ist wei\u00df weder die Crew noch ich genau zu sagen, auf jeden Fall wurden wir bis ins hintere Drittel des Feldes zur\u00fcck gesp\u00fclt. Bei zweiten Lauf sollte es besser werden. Der Start gl\u00fcckte wieder perfekt und so ging es wieder weit vorne im Feld um die Luvtonne. Dann aber fing der Wind an etliche Dreher und Flautenl\u00f6cher \u00fcber den See zu schicken und die anderen Crews kamen damit besser zu Recht. Meine Crew k\u00e4mpfte immer wieder mit dem einfallenden Spi und auch auf der Kreuz wollte es nicht mehr laufen. Als sie dann auch noch die Bahnverk\u00fcrzung zu sp\u00e4t mitbekommen hatten, war da Rennen gelaufen. Skipper war schon ein wenig sauer, wei\u00df er doch, dass wir das mittlerweile eigentlich besser k\u00f6nnen. Der Wind war mittlerweile ganz eingeschlafen und es konnte keine weitere Wettfahrt mehr gesegelt werden. Der Abend war, wie immer in Inheiden, feucht fr\u00f6hlich und die Crews am\u00fcsierten sich im Clubheim. Ich stand mit meinen neuen Segeln im Bauch sch\u00f6n zugedeckt zwischen all den anderen Korsaren und f\u00fchle mich pudelwohl. Die Crew ging fr\u00fch zu Bett um f\u00fcr den n\u00e4chsten Tag fit und ausgeschlafenen zu sein. Die gute Musik, die die halbe Nacht laut \u00fcber uns hinweg hallte, machte mir gar nichts,-<a href=\"https:\/\/korsarger3500.de\/wp-content\/uploads\/2018\/05\/Inheiden_2018_1.jpg\" data-lbwps-width=\"945\" data-lbwps-height=\"1260\" data-lbwps-srcsmall=\"https:\/\/korsarger3500.de\/wp-content\/uploads\/2018\/05\/Inheiden_2018_1-225x300.jpg\"><img loading=\"lazy\" decoding=\"async\" class=\"size-thumbnail wp-image-4986 alignright\" src=\"https:\/\/korsarger3500.de\/wp-content\/uploads\/2018\/05\/Inheiden_2018_1-150x150.jpg\" alt=\"\" width=\"150\" height=\"150\" \/><\/a> im Gegenteil &#8211; gute Musik darf immer auch mal laut sein. Das der Maulwurf neben mir flei\u00dfig am graben war st\u00f6rte mich auch nicht, zumal es nicht meine Segel waren auf die er seinen Aushub ab lud. Am Morgen wurde ich dann durch die Sonne geweckt und von der Crew aufgedeckt. Da f\u00fcr heute nur m\u00e4\u00dfiger Wind angesagt war, hisste Skipper zun\u00e4chst die neuen Segel um zu sehen ob auch alles passt. Prima alles stimmt soweit, nur die Vorliekspannung von Genua und Gro\u00df m\u00fcssen zu Hause etwas angepasst werden. Der Wind lie\u00df leider auf sich warten, daf\u00fcr fing es an zu regnen. Als der Regen zu Ende war setzte ein leichter Ostwind <a href=\"https:\/\/korsarger3500.de\/wp-content\/uploads\/2018\/05\/Inheiden_2018_2.jpg\" data-lbwps-width=\"945\" data-lbwps-height=\"1260\" data-lbwps-srcsmall=\"https:\/\/korsarger3500.de\/wp-content\/uploads\/2018\/05\/Inheiden_2018_2-225x300.jpg\"><img loading=\"lazy\" decoding=\"async\" class=\"size-thumbnail wp-image-4987 alignleft\" src=\"https:\/\/korsarger3500.de\/wp-content\/uploads\/2018\/05\/Inheiden_2018_2-150x150.jpg\" alt=\"\" width=\"150\" height=\"150\" \/><\/a>ein. Skipper wollte unbedingt die neuen Segel ausprobieren und so sind wir ein paar Runden gem\u00fctlich \u00fcber den See geschippert. <em>aye aye sir<\/em> , <em>rennschnegge<\/em> und ein paar andere Segler waren auch noch auf den Wasser. So waren wir wenigstens nicht allein. Die Segel gefallen der Crew, aber mit einschlafendem Wind sind wir dann wieder zur\u00fcck an Land gefahren. Die Wettfahrleitung entschied dann, in Absprache mit den Seglern,\u00a0 die Regatta f\u00fcr beendet\u00a0 zu erkl\u00e4ren weil keine Aussicht auf besseren Wind bestand. Alle Schiffe wurden abgebaut und verladen. Nach der Siegerehrung wurde dann noch die Siegescrew &#8222;gew\u00e4ssert&#8220;. Warum die sich so dagegen\u00a0 gewehrt haben, ist mir unbegreiflich,<a href=\"https:\/\/korsarger3500.de\/wp-content\/uploads\/2018\/05\/Inheiden_2018_10.jpg\" data-lbwps-width=\"945\" data-lbwps-height=\"1260\" data-lbwps-srcsmall=\"https:\/\/korsarger3500.de\/wp-content\/uploads\/2018\/05\/Inheiden_2018_10-225x300.jpg\"><img loading=\"lazy\" decoding=\"async\" class=\"size-thumbnail wp-image-4991 alignright\" src=\"https:\/\/korsarger3500.de\/wp-content\/uploads\/2018\/05\/Inheiden_2018_10-150x150.jpg\" alt=\"\" width=\"150\" height=\"150\" \/><\/a> sonst wollen die doch immer aufs Wasser. Nach der obligatorischen Verabschiedungsrunde wurde ich angekuppelt und schon ging es wieder Richtung Heimat. Der mittlerweile strahlende Sonnenschein und die sommerlichen Temperaturen auf dem Heimweg entsch\u00e4digten etwas f\u00fcr die ausgefallene Wettfahrt.<\/p>\n<p style=\"text-align: justify;\">wie immer noch ein paar Eindr\u00fccke der beiden TAge<\/p>\n<div id='gallery-1' class='gallery galleryid-4978 gallery-columns-4 gallery-size-thumbnail'><figure class='gallery-item'>\n\t\t\t<div class='gallery-icon landscape'>\n\t\t\t\t<a href='https:\/\/korsarger3500.de\/wp-content\/uploads\/2018\/05\/Inheiden_2018_31.jpg'><img loading=\"lazy\" decoding=\"async\" width=\"150\" height=\"150\" src=\"https:\/\/korsarger3500.de\/wp-content\/uploads\/2018\/05\/Inheiden_2018_31-150x150.jpg\" class=\"attachment-thumbnail size-thumbnail\" alt=\"\" \/><\/a>\n\t\t\t<\/div><\/figure><figure class='gallery-item'>\n\t\t\t<div class='gallery-icon landscape'>\n\t\t\t\t<a href='https:\/\/korsarger3500.de\/wp-content\/uploads\/2018\/05\/Inheiden_2018_39.jpg'><img loading=\"lazy\" decoding=\"async\" width=\"150\" height=\"150\" src=\"https:\/\/korsarger3500.de\/wp-content\/uploads\/2018\/05\/Inheiden_2018_39-150x150.jpg\" class=\"attachment-thumbnail size-thumbnail\" alt=\"\" \/><\/a>\n\t\t\t<\/div><\/figure><figure class='gallery-item'>\n\t\t\t<div class='gallery-icon landscape'>\n\t\t\t\t<a href='https:\/\/korsarger3500.de\/wp-content\/uploads\/2018\/05\/Inheiden_2018_16.jpg'><img loading=\"lazy\" decoding=\"async\" width=\"150\" height=\"150\" src=\"https:\/\/korsarger3500.de\/wp-content\/uploads\/2018\/05\/Inheiden_2018_16-150x150.jpg\" class=\"attachment-thumbnail size-thumbnail\" alt=\"\" \/><\/a>\n\t\t\t<\/div><\/figure><figure class='gallery-item'>\n\t\t\t<div class='gallery-icon landscape'>\n\t\t\t\t<a href='https:\/\/korsarger3500.de\/wp-content\/uploads\/2018\/05\/Inheiden_2018_13.jpg'><img loading=\"lazy\" decoding=\"async\" width=\"150\" height=\"150\" src=\"https:\/\/korsarger3500.de\/wp-content\/uploads\/2018\/05\/Inheiden_2018_13-150x150.jpg\" class=\"attachment-thumbnail size-thumbnail\" alt=\"\" \/><\/a>\n\t\t\t<\/div><\/figure><figure class='gallery-item'>\n\t\t\t<div class='gallery-icon landscape'>\n\t\t\t\t<a href='https:\/\/korsarger3500.de\/wp-content\/uploads\/2018\/05\/Inheiden_2018_15.jpg'><img loading=\"lazy\" decoding=\"async\" width=\"150\" height=\"150\" src=\"https:\/\/korsarger3500.de\/wp-content\/uploads\/2018\/05\/Inheiden_2018_15-150x150.jpg\" class=\"attachment-thumbnail size-thumbnail\" alt=\"\" \/><\/a>\n\t\t\t<\/div><\/figure><figure class='gallery-item'>\n\t\t\t<div class='gallery-icon landscape'>\n\t\t\t\t<a href='https:\/\/korsarger3500.de\/wp-content\/uploads\/2018\/05\/Inheiden_2018_37.jpg'><img loading=\"lazy\" decoding=\"async\" width=\"150\" height=\"150\" src=\"https:\/\/korsarger3500.de\/wp-content\/uploads\/2018\/05\/Inheiden_2018_37-150x150.jpg\" class=\"attachment-thumbnail size-thumbnail\" alt=\"\" \/><\/a>\n\t\t\t<\/div><\/figure><figure class='gallery-item'>\n\t\t\t<div class='gallery-icon landscape'>\n\t\t\t\t<a href='https:\/\/korsarger3500.de\/wp-content\/uploads\/2018\/05\/Inheiden_2018_25.jpg'><img loading=\"lazy\" decoding=\"async\" width=\"150\" height=\"150\" src=\"https:\/\/korsarger3500.de\/wp-content\/uploads\/2018\/05\/Inheiden_2018_25-150x150.jpg\" class=\"attachment-thumbnail size-thumbnail\" alt=\"\" \/><\/a>\n\t\t\t<\/div><\/figure><figure class='gallery-item'>\n\t\t\t<div class='gallery-icon portrait'>\n\t\t\t\t<a href='https:\/\/korsarger3500.de\/wp-content\/uploads\/2018\/05\/Inheiden_2018_3.jpg'><img loading=\"lazy\" decoding=\"async\" width=\"150\" height=\"150\" src=\"https:\/\/korsarger3500.de\/wp-content\/uploads\/2018\/05\/Inheiden_2018_3-150x150.jpg\" class=\"attachment-thumbnail size-thumbnail\" alt=\"\" \/><\/a>\n\t\t\t<\/div><\/figure><figure class='gallery-item'>\n\t\t\t<div class='gallery-icon landscape'>\n\t\t\t\t<a href='https:\/\/korsarger3500.de\/wp-content\/uploads\/2018\/05\/Inheiden_2018_22.jpg'><img loading=\"lazy\" decoding=\"async\" width=\"150\" height=\"150\" src=\"https:\/\/korsarger3500.de\/wp-content\/uploads\/2018\/05\/Inheiden_2018_22-150x150.jpg\" class=\"attachment-thumbnail size-thumbnail\" alt=\"\" \/><\/a>\n\t\t\t<\/div><\/figure><figure class='gallery-item'>\n\t\t\t<div class='gallery-icon portrait'>\n\t\t\t\t<a href='https:\/\/korsarger3500.de\/wp-content\/uploads\/2018\/05\/Inheiden_2018_8.jpg'><img loading=\"lazy\" decoding=\"async\" width=\"150\" height=\"150\" src=\"https:\/\/korsarger3500.de\/wp-content\/uploads\/2018\/05\/Inheiden_2018_8-150x150.jpg\" class=\"attachment-thumbnail size-thumbnail\" alt=\"\" \/><\/a>\n\t\t\t<\/div><\/figure><figure class='gallery-item'>\n\t\t\t<div class='gallery-icon landscape'>\n\t\t\t\t<a href='https:\/\/korsarger3500.de\/wp-content\/uploads\/2018\/05\/Inheiden_2018_12.jpg'><img loading=\"lazy\" decoding=\"async\" width=\"150\" height=\"150\" src=\"https:\/\/korsarger3500.de\/wp-content\/uploads\/2018\/05\/Inheiden_2018_12-150x150.jpg\" class=\"attachment-thumbnail size-thumbnail\" alt=\"\" \/><\/a>\n\t\t\t<\/div><\/figure><figure class='gallery-item'>\n\t\t\t<div class='gallery-icon portrait'>\n\t\t\t\t<a href='https:\/\/korsarger3500.de\/wp-content\/uploads\/2018\/05\/Inheiden_2018_5.jpg'><img loading=\"lazy\" decoding=\"async\" width=\"150\" height=\"150\" src=\"https:\/\/korsarger3500.de\/wp-content\/uploads\/2018\/05\/Inheiden_2018_5-150x150.jpg\" class=\"attachment-thumbnail size-thumbnail\" alt=\"\" \/><\/a>\n\t\t\t<\/div><\/figure>\n\t\t<\/div>\n\n<p>Bernd G. hat auch noch Bilder zur Verf\u00fcgung gestellt. Hier eine Auswahl.<\/p>\n<div id='gallery-2' class='gallery galleryid-4978 gallery-columns-4 gallery-size-thumbnail'><figure class='gallery-item'>\n\t\t\t<div class='gallery-icon landscape'>\n\t\t\t\t<a href='https:\/\/korsarger3500.de\/wp-content\/uploads\/2018\/05\/Inheiden_2018_Bernd_6.jpg'><img loading=\"lazy\" decoding=\"async\" width=\"150\" height=\"150\" src=\"https:\/\/korsarger3500.de\/wp-content\/uploads\/2018\/05\/Inheiden_2018_Bernd_6-150x150.jpg\" class=\"attachment-thumbnail size-thumbnail\" alt=\"\" \/><\/a>\n\t\t\t<\/div><\/figure><figure class='gallery-item'>\n\t\t\t<div class='gallery-icon landscape'>\n\t\t\t\t<a href='https:\/\/korsarger3500.de\/wp-content\/uploads\/2018\/05\/Inheiden_2018_Bernd_8.jpg'><img loading=\"lazy\" decoding=\"async\" width=\"150\" height=\"150\" src=\"https:\/\/korsarger3500.de\/wp-content\/uploads\/2018\/05\/Inheiden_2018_Bernd_8-150x150.jpg\" class=\"attachment-thumbnail size-thumbnail\" alt=\"\" \/><\/a>\n\t\t\t<\/div><\/figure><figure class='gallery-item'>\n\t\t\t<div class='gallery-icon landscape'>\n\t\t\t\t<a href='https:\/\/korsarger3500.de\/wp-content\/uploads\/2018\/05\/Inheiden_2018_Bernd_2.jpg'><img loading=\"lazy\" decoding=\"async\" width=\"150\" height=\"150\" src=\"https:\/\/korsarger3500.de\/wp-content\/uploads\/2018\/05\/Inheiden_2018_Bernd_2-150x150.jpg\" class=\"attachment-thumbnail size-thumbnail\" alt=\"\" \/><\/a>\n\t\t\t<\/div><\/figure><figure class='gallery-item'>\n\t\t\t<div class='gallery-icon landscape'>\n\t\t\t\t<a href='https:\/\/korsarger3500.de\/wp-content\/uploads\/2018\/05\/Inheiden_2018_Bernd_10.jpg'><img loading=\"lazy\" decoding=\"async\" width=\"150\" height=\"150\" src=\"https:\/\/korsarger3500.de\/wp-content\/uploads\/2018\/05\/Inheiden_2018_Bernd_10-150x150.jpg\" class=\"attachment-thumbnail size-thumbnail\" alt=\"\" \/><\/a>\n\t\t\t<\/div><\/figure><figure class='gallery-item'>\n\t\t\t<div class='gallery-icon landscape'>\n\t\t\t\t<a href='https:\/\/korsarger3500.de\/wp-content\/uploads\/2018\/05\/Inheiden_2018_Bernd_9.jpg'><img loading=\"lazy\" decoding=\"async\" width=\"150\" height=\"150\" src=\"https:\/\/korsarger3500.de\/wp-content\/uploads\/2018\/05\/Inheiden_2018_Bernd_9-150x150.jpg\" class=\"attachment-thumbnail size-thumbnail\" alt=\"\" \/><\/a>\n\t\t\t<\/div><\/figure><figure class='gallery-item'>\n\t\t\t<div class='gallery-icon landscape'>\n\t\t\t\t<a href='https:\/\/korsarger3500.de\/wp-content\/uploads\/2018\/05\/Leetonne.jpg'><img loading=\"lazy\" decoding=\"async\" width=\"150\" height=\"150\" src=\"https:\/\/korsarger3500.de\/wp-content\/uploads\/2018\/05\/Leetonne-150x150.jpg\" class=\"attachment-thumbnail size-thumbnail\" alt=\"\" \/><\/a>\n\t\t\t<\/div><\/figure><figure class='gallery-item'>\n\t\t\t<div class='gallery-icon landscape'>\n\t\t\t\t<a href='https:\/\/korsarger3500.de\/wp-content\/uploads\/2018\/05\/Inheiden_2018_Bernd_14.jpg'><img loading=\"lazy\" decoding=\"async\" width=\"150\" height=\"150\" src=\"https:\/\/korsarger3500.de\/wp-content\/uploads\/2018\/05\/Inheiden_2018_Bernd_14-150x150.jpg\" class=\"attachment-thumbnail size-thumbnail\" alt=\"\" \/><\/a>\n\t\t\t<\/div><\/figure><figure class='gallery-item'>\n\t\t\t<div class='gallery-icon landscape'>\n\t\t\t\t<a href='https:\/\/korsarger3500.de\/wp-content\/uploads\/2018\/05\/Inheiden_2018_Bernd_13.jpg'><img loading=\"lazy\" decoding=\"async\" width=\"150\" height=\"150\" src=\"https:\/\/korsarger3500.de\/wp-content\/uploads\/2018\/05\/Inheiden_2018_Bernd_13-150x150.jpg\" class=\"attachment-thumbnail size-thumbnail\" alt=\"\" \/><\/a>\n\t\t\t<\/div><\/figure><figure class='gallery-item'>\n\t\t\t<div class='gallery-icon portrait'>\n\t\t\t\t<a href='https:\/\/korsarger3500.de\/wp-content\/uploads\/2018\/05\/Inheiden_2018_Bernd_12.jpg'><img loading=\"lazy\" decoding=\"async\" width=\"150\" height=\"150\" src=\"https:\/\/korsarger3500.de\/wp-content\/uploads\/2018\/05\/Inheiden_2018_Bernd_12-150x150.jpg\" class=\"attachment-thumbnail size-thumbnail\" alt=\"\" \/><\/a>\n\t\t\t<\/div><\/figure><figure class='gallery-item'>\n\t\t\t<div class='gallery-icon landscape'>\n\t\t\t\t<a href='https:\/\/korsarger3500.de\/wp-content\/uploads\/2018\/05\/Inheiden_2018_Bernd_11.jpg'><img loading=\"lazy\" decoding=\"async\" width=\"150\" height=\"150\" src=\"https:\/\/korsarger3500.de\/wp-content\/uploads\/2018\/05\/Inheiden_2018_Bernd_11-150x150.jpg\" class=\"attachment-thumbnail size-thumbnail\" alt=\"\" \/><\/a>\n\t\t\t<\/div><\/figure><figure class='gallery-item'>\n\t\t\t<div class='gallery-icon landscape'>\n\t\t\t\t<a href='https:\/\/korsarger3500.de\/wp-content\/uploads\/2018\/05\/Inheiden_2018_Bernd_5.jpg'><img loading=\"lazy\" decoding=\"async\" width=\"150\" height=\"150\" src=\"https:\/\/korsarger3500.de\/wp-content\/uploads\/2018\/05\/Inheiden_2018_Bernd_5-150x150.jpg\" class=\"attachment-thumbnail size-thumbnail\" alt=\"\" \/><\/a>\n\t\t\t<\/div><\/figure><figure class='gallery-item'>\n\t\t\t<div class='gallery-icon landscape'>\n\t\t\t\t<a href='https:\/\/korsarger3500.de\/wp-content\/uploads\/2018\/05\/Inheiden_2018_Bernd_4.jpg'><img loading=\"lazy\" decoding=\"async\" width=\"150\" height=\"150\" src=\"https:\/\/korsarger3500.de\/wp-content\/uploads\/2018\/05\/Inheiden_2018_Bernd_4-150x150.jpg\" class=\"attachment-thumbnail size-thumbnail\" alt=\"\" \/><\/a>\n\t\t\t<\/div><\/figure><figure class='gallery-item'>\n\t\t\t<div class='gallery-icon landscape'>\n\t\t\t\t<a href='https:\/\/korsarger3500.de\/wp-content\/uploads\/2018\/05\/Inheiden_2018_Bernd_3.jpg'><img loading=\"lazy\" decoding=\"async\" width=\"150\" height=\"150\" src=\"https:\/\/korsarger3500.de\/wp-content\/uploads\/2018\/05\/Inheiden_2018_Bernd_3-150x150.jpg\" class=\"attachment-thumbnail size-thumbnail\" alt=\"\" \/><\/a>\n\t\t\t<\/div><\/figure><figure class='gallery-item'>\n\t\t\t<div class='gallery-icon landscape'>\n\t\t\t\t<a href='https:\/\/korsarger3500.de\/wp-content\/uploads\/2018\/05\/Inheiden_2018_Bernd_1.jpg'><img loading=\"lazy\" decoding=\"async\" width=\"150\" height=\"150\" src=\"https:\/\/korsarger3500.de\/wp-content\/uploads\/2018\/05\/Inheiden_2018_Bernd_1-150x150.jpg\" class=\"attachment-thumbnail size-thumbnail\" alt=\"\" \/><\/a>\n\t\t\t<\/div><\/figure><figure class='gallery-item'>\n\t\t\t<div class='gallery-icon landscape'>\n\t\t\t\t<a href='https:\/\/korsarger3500.de\/wp-content\/uploads\/2018\/05\/Inheiden_2018_Bernd_17.jpg'><img loading=\"lazy\" decoding=\"async\" width=\"150\" height=\"150\" src=\"https:\/\/korsarger3500.de\/wp-content\/uploads\/2018\/05\/Inheiden_2018_Bernd_17-150x150.jpg\" class=\"attachment-thumbnail size-thumbnail\" alt=\"\" \/><\/a>\n\t\t\t<\/div><\/figure><figure class='gallery-item'>\n\t\t\t<div class='gallery-icon landscape'>\n\t\t\t\t<a href='https:\/\/korsarger3500.de\/wp-content\/uploads\/2018\/05\/Inheiden_2018_Bernd_16.jpg'><img loading=\"lazy\" decoding=\"async\" width=\"150\" height=\"150\" src=\"https:\/\/korsarger3500.de\/wp-content\/uploads\/2018\/05\/Inheiden_2018_Bernd_16-150x150.jpg\" class=\"attachment-thumbnail size-thumbnail\" alt=\"\" \/><\/a>\n\t\t\t<\/div><\/figure>\n\t\t<\/div>\n\n<p>ah- so gewonnen hat <em>di li tanten am start <\/em>mit Dirk und Christian an Bord, trotz oder gerade wegen dem alten Mast.<\/p>\n<p><a href=\"https:\/\/korsarger3500.de\/wp-content\/uploads\/2022\/06\/2018_Inheiden.jpg\" data-lbwps-width=\"931\" data-lbwps-height=\"834\" data-lbwps-srcsmall=\"https:\/\/korsarger3500.de\/wp-content\/uploads\/2022\/06\/2018_Inheiden-300x269.jpg\">Ergebnis<\/a><\/p>\n<p><a href=\"https:\/\/korsarger3500.de\/index.php\/spargel-cup-graben-neudorf-2018\/\">weiter <\/a>\u2026oder zur <a href=\"http:\/\/korsarger3500.de\/\">Startseite<\/a><\/p>\n","protected":false},"excerpt":{"rendered":"<p>Gaanz viel Neues sollte es dieses Jahr in Inheiden geben. Viele Schiffe bekamen neue Segel, so auch ich. Das ist toll, denn jetzt hat die Crew wenigstens auch noch einen einigerma\u00dfen brauchbaren Segelsatz zum \u00fcben. Die neuen Segel hat Skipper schon mal am Vortag auf der Wiese ausgebreitet, mit den alten verglichen und festgestellt dass &hellip; <a href=\"https:\/\/korsarger3500.de\/index.php\/fruehjahrstreff-inheiden-2018\/\" class=\"more-link\"><span class=\"screen-reader-text\">Fr\u00fchjahrstreff Inheiden 2018<\/span> weiterlesen<\/a><\/p>\n","protected":false},"author":1,"featured_media":0,"parent":0,"menu_order":0,"comment_status":"closed","ping_status":"closed","template":"","meta":{"footnotes":""},"class_list":["post-4978","page","type-page","status-publish","hentry"],"_links":{"self":[{"href":"https:\/\/korsarger3500.de\/index.php\/wp-json\/wp\/v2\/pages\/4978","targetHints":{"allow":["GET"]}}],"collection":[{"href":"https:\/\/korsarger3500.de\/index.php\/wp-json\/wp\/v2\/pages"}],"about":[{"href":"https:\/\/korsarger3500.de\/index.php\/wp-json\/wp\/v2\/types\/page"}],"author":[{"embeddable":true,"href":"https:\/\/korsarger3500.de\/index.php\/wp-json\/wp\/v2\/users\/1"}],"replies":[{"embeddable":true,"href":"https:\/\/korsarger3500.de\/index.php\/wp-json\/wp\/v2\/comments?post=4978"}],"version-history":[{"count":18,"href":"https:\/\/korsarger3500.de\/index.php\/wp-json\/wp\/v2\/pages\/4978\/revisions"}],"predecessor-version":[{"id":7847,"href":"https:\/\/korsarger3500.de\/index.php\/wp-json\/wp\/v2\/pages\/4978\/revisions\/7847"}],"wp:attachment":[{"href":"https:\/\/korsarger3500.de\/index.php\/wp-json\/wp\/v2\/media?parent=4978"}],"curies":[{"name":"wp","href":"https:\/\/api.w.org\/{rel}","templated":true}]}}