{"id":4948,"date":"2018-05-02T19:52:50","date_gmt":"2018-05-02T17:52:50","guid":{"rendered":"https:\/\/korsarger3500.de\/?page_id=4948"},"modified":"2018-05-02T21:23:11","modified_gmt":"2018-05-02T19:23:11","slug":"training-am-goldkanal-beim-rcr-2018","status":"publish","type":"page","link":"https:\/\/korsarger3500.de\/index.php\/training-am-goldkanal-beim-rcr-2018\/","title":{"rendered":"Training am Goldkanal beim RCR 2018"},"content":{"rendered":"<p style=\"text-align: justify;\">Ich durfte mal wieder an einem Training teilnehmen. Es war Samstag Morgen Ende April, sieben Uhr und schon herrliches Cabrio-Wetter. So sind\u00a0 wir in aller Fr\u00fche durch Frankreich Richtung Goldkanal gefahren. Die Crew war in guter Stimmung und hoffte an diesem Wochenende etwas zu lernen. Unter uns &#8211; nach dem Saisonstart in Liblar haben die beiden das auch bitter n\u00f6tig . Am Kanal angekommen waren wir nicht die ersten, es waren schon einige Schiffe und Mannschaften da.<a href=\"https:\/\/korsarger3500.de\/wp-content\/uploads\/2018\/04\/Training_2018_RCR_0.jpg\" data-lbwps-width=\"675\" data-lbwps-height=\"462\" data-lbwps-srcsmall=\"https:\/\/korsarger3500.de\/wp-content\/uploads\/2018\/04\/Training_2018_RCR_0-300x205.jpg\"><img loading=\"lazy\" decoding=\"async\" class=\"size-thumbnail wp-image-4967 alignleft\" src=\"https:\/\/korsarger3500.de\/wp-content\/uploads\/2018\/04\/Training_2018_RCR_0-150x150.jpg\" alt=\"\" width=\"150\" height=\"150\" \/><\/a> Es wurden bis zum Nachmittag insgesamt 11 Schiffe und damit eine sch\u00f6ne Truppe. Ein neues Schiff, was ich bislang noch nicht gesehen hatte, war auch dabei. <em>au scho do<\/em> ist sein Name und sein Skipper hat sich witzige Beschriftungen f\u00fcr die Schiffsseiten einfallen lassen. Na der wei\u00df wenigsten immer wann er &#8222;Raum&#8220; rufen muss. Bald war auch ich aufgebaut und der<a href=\"https:\/\/korsarger3500.de\/wp-content\/uploads\/2018\/04\/Training_2018_RCR_10.jpg\" data-lbwps-width=\"4000\" data-lbwps-height=\"3000\" data-lbwps-srcsmall=\"https:\/\/korsarger3500.de\/wp-content\/uploads\/2018\/04\/Training_2018_RCR_10-300x225.jpg\"><img loading=\"lazy\" decoding=\"async\" class=\"size-thumbnail wp-image-4959 alignright\" src=\"https:\/\/korsarger3500.de\/wp-content\/uploads\/2018\/04\/Training_2018_RCR_10-150x150.jpg\" alt=\"\" width=\"150\" height=\"150\" \/><\/a> offizielle Teil des Trainings konnte beginnen. Der Skipper von <em>bernd das boot<\/em> hatte zwei erfolgreiche 470er Segler als Trainer gewinnen k\u00f6nnen. Lutz und Martin stellten sich kurz vor und mangels Wind hatte man sich schnell geeinigt eine Trockenlehrstunde abzuhalten. Die Crews sammelten sich um verschieden Schiffe und die Trainer erkl\u00e4rten zun\u00e4chst einmal wie wichtig es ist, dass die Crew ganz genau wei\u00df, wie die Grundeinstellung des Riggs auf ihrem Schiff f\u00fcr verschiedene Winde und Wellenbedingungen ist. Von dieser Grundeinstellung aus kann man immer etwas variieren und austesten wie das Schiff schneller wird. Dass es dabei verschiedene Meinungen und viel Diskussionsstoff gab ist ja wohl klar. Auch Skipper lies sich von den Trainern einige Feinheiten betreffend des Riggtrimms erkl\u00e4ren. Anschlie\u00dfend sind dann alle im RCR Raum verschwunden und <a href=\"https:\/\/korsarger3500.de\/wp-content\/uploads\/2018\/04\/Training_2018_RCR_9.jpg\" data-lbwps-width=\"4000\" data-lbwps-height=\"3000\" data-lbwps-srcsmall=\"https:\/\/korsarger3500.de\/wp-content\/uploads\/2018\/04\/Training_2018_RCR_9-300x225.jpg\"><img loading=\"lazy\" decoding=\"async\" class=\"size-thumbnail wp-image-4958 alignleft\" src=\"https:\/\/korsarger3500.de\/wp-content\/uploads\/2018\/04\/Training_2018_RCR_9-150x150.jpg\" alt=\"\" width=\"150\" height=\"150\" \/><\/a>haben sich von Lutz einiges \u00fcber die Strategie des Regattasegelns zeigen lassen. Meine Strategie ist einfach. &#8222;Immer vor allen andern Schiffen&#8220;. Leider bekommt die Crew das noch nicht so gut hin wie ich mir das vorstelle, aber sie \u00fcben flei\u00dfig und das ist ja auch schon was. Am Nachmittag kam dann doch noch ein Hauch von Wind auf und wir sind alle aufs Wasser. Die Start\u00fcbungen dauerten aber nicht lange, da der Wind wieder komplett einschlief. Den Weg zur\u00fcck paddelten die meisten und eine Crew machte sogar noch ne Kenter\u00fcbung. Zum Gl\u00fcck kam Skipper nicht auf die <a href=\"https:\/\/korsarger3500.de\/wp-content\/uploads\/2018\/04\/Training_2018_RCR_13.jpg\" data-lbwps-width=\"4000\" data-lbwps-height=\"3000\" data-lbwps-srcsmall=\"https:\/\/korsarger3500.de\/wp-content\/uploads\/2018\/04\/Training_2018_RCR_13-300x225.jpg\"><img loading=\"lazy\" decoding=\"async\" class=\"size-thumbnail wp-image-4962 alignright\" src=\"https:\/\/korsarger3500.de\/wp-content\/uploads\/2018\/04\/Training_2018_RCR_13-150x150.jpg\" alt=\"\" width=\"150\" height=\"150\" \/><\/a>gleiche Idee. <em>Fietes<\/em> Schotte testete schon mal die Wassertemperatur und zog Ihn ein sch\u00f6nes St\u00fcck zur\u00fcck zum Hafen. Ich wurde abgebaut und zugedeckt und Skipper vergraulte anschlie\u00dfend die kleine Merle,\u00a0 das j\u00fcngste Crew Mitglied von <em>bernd das boot, a<\/em>ber ich glaube sie ist noch nicht nachtragend. Den Rest des Abends waren alle um und am Grill versammelt und fachsimpelten bis gegen Mitternacht. Die Nacht war ruhig und am Morgen wurden wir wieder von der Sonne geweckt. Da ein wenig Wind zu erwarten war, hat das Trainerteam, das heute aus Martin und Daniel bestand, uns bald aufs Wasser geschickt. Auf dem Programm standen u.a. Start\u00fcbungen, Tonnenrundungen und dabei den Spi schnell setzen, schifften und das Ausf\u00fchren von Doppel -Strafkringeln unter Spi. Zwei der Starts absolvierte die Crew sehr gut, so das wir einmal als Erste und <a href=\"https:\/\/korsarger3500.de\/wp-content\/uploads\/2018\/05\/Rollwende.jpg\" data-lbwps-width=\"630\" data-lbwps-height=\"563\" data-lbwps-srcsmall=\"https:\/\/korsarger3500.de\/wp-content\/uploads\/2018\/05\/Rollwende-300x268.jpg\"><img loading=\"lazy\" decoding=\"async\" class=\"size-thumbnail wp-image-5010 alignleft\" src=\"https:\/\/korsarger3500.de\/wp-content\/uploads\/2018\/05\/Rollwende-150x150.jpg\" alt=\"\" width=\"150\" height=\"150\" \/><\/a>einmal als Dritte am Luvfass waren. Beim dritten Start war Skipper etwas zu forsch und war zu fr\u00fch \u00fcber der Linie. Das langsame Schifften unter Spi klappt auch sehr gut nur wenn es schnell gehen muss, entsteht noch zu viel Hektik an Bord. Was die gelbe Fahne und der lange Pfiff vom Richterboot bedeutet wissen die beiden jetzt auch und die beiden Strafkringel unter Spi klappten anschlie\u00dfend auch sehr gut. Da Trainer Martin alle Man\u00f6ver flott hintereinander ausf\u00fchren lies, war die Crew nach 4 Stunden Training richtig platt, sie haben aber auch viel gelernt. Beim anschlie\u00dfenden Slippen der Schiffe half man sich wie gewohnt gegenseitig und so standen wir alle schnell auf dem Riggplatz. Ich wurde fluggs abgeriggt und eingepackt. Alle Crews versammelten sich dann noch im RCR <a href=\"https:\/\/korsarger3500.de\/wp-content\/uploads\/2018\/05\/Leestart.jpg\" data-lbwps-width=\"1016\" data-lbwps-height=\"557\" data-lbwps-srcsmall=\"https:\/\/korsarger3500.de\/wp-content\/uploads\/2018\/05\/Leestart-300x164.jpg\"><img loading=\"lazy\" decoding=\"async\" class=\"size-thumbnail wp-image-5009 alignright\" src=\"https:\/\/korsarger3500.de\/wp-content\/uploads\/2018\/05\/Leestart-150x150.jpg\" alt=\"\" width=\"150\" height=\"150\" \/><\/a>Raum zur Nachbesprechung. Das Trainerteam hatte etliche Videos gefilmt und die wurden dann zum gr\u00f6\u00dften Teil angeschaut und besprochenen. Irgendwann waren dann auch alle satt des Lernens und die Crews verabschiedeten sich bzw. verabredeten sich gleich f\u00fcr das n\u00e4chste Wochenende in Inheiden. Wir sind dann auch bald losgefahren. Die Strecke ging wieder durch Frankreich und bei sch\u00f6nstem Cabriowetter lie\u00df die Crew nochmal die gemachten Erfahrungen Revue passieren. Ich lie\u00df mich so ganz sanft durch die viele Kurven ziehen und genoss dabei die Abendstimmung.<\/p>\n<div id='gallery-1' class='gallery galleryid-4948 gallery-columns-4 gallery-size-thumbnail'><figure class='gallery-item'>\n\t\t\t<div class='gallery-icon landscape'>\n\t\t\t\t<a href='https:\/\/korsarger3500.de\/wp-content\/uploads\/2018\/04\/Training_2018_RCR_5.jpg'><img loading=\"lazy\" decoding=\"async\" width=\"150\" height=\"150\" src=\"https:\/\/korsarger3500.de\/wp-content\/uploads\/2018\/04\/Training_2018_RCR_5-150x150.jpg\" class=\"attachment-thumbnail size-thumbnail\" alt=\"\" \/><\/a>\n\t\t\t<\/div><\/figure><figure class='gallery-item'>\n\t\t\t<div class='gallery-icon landscape'>\n\t\t\t\t<a href='https:\/\/korsarger3500.de\/wp-content\/uploads\/2018\/04\/Training_2018_RCR_2.jpg'><img loading=\"lazy\" decoding=\"async\" width=\"150\" height=\"150\" src=\"https:\/\/korsarger3500.de\/wp-content\/uploads\/2018\/04\/Training_2018_RCR_2-150x150.jpg\" class=\"attachment-thumbnail size-thumbnail\" alt=\"\" \/><\/a>\n\t\t\t<\/div><\/figure><figure class='gallery-item'>\n\t\t\t<div class='gallery-icon landscape'>\n\t\t\t\t<a href='https:\/\/korsarger3500.de\/wp-content\/uploads\/2018\/04\/Training_2018_RCR_1.jpg'><img loading=\"lazy\" decoding=\"async\" width=\"150\" height=\"150\" src=\"https:\/\/korsarger3500.de\/wp-content\/uploads\/2018\/04\/Training_2018_RCR_1-150x150.jpg\" class=\"attachment-thumbnail size-thumbnail\" alt=\"\" \/><\/a>\n\t\t\t<\/div><\/figure><figure class='gallery-item'>\n\t\t\t<div class='gallery-icon landscape'>\n\t\t\t\t<a href='https:\/\/korsarger3500.de\/wp-content\/uploads\/2018\/04\/Training_2018_RCR_4.jpg'><img loading=\"lazy\" decoding=\"async\" width=\"150\" height=\"150\" src=\"https:\/\/korsarger3500.de\/wp-content\/uploads\/2018\/04\/Training_2018_RCR_4-150x150.jpg\" class=\"attachment-thumbnail size-thumbnail\" alt=\"\" \/><\/a>\n\t\t\t<\/div><\/figure><figure class='gallery-item'>\n\t\t\t<div class='gallery-icon landscape'>\n\t\t\t\t<a href='https:\/\/korsarger3500.de\/wp-content\/uploads\/2018\/04\/Training_2018_RCR_10.jpg'><img loading=\"lazy\" decoding=\"async\" width=\"150\" height=\"150\" src=\"https:\/\/korsarger3500.de\/wp-content\/uploads\/2018\/04\/Training_2018_RCR_10-150x150.jpg\" class=\"attachment-thumbnail size-thumbnail\" alt=\"\" \/><\/a>\n\t\t\t<\/div><\/figure><figure class='gallery-item'>\n\t\t\t<div class='gallery-icon landscape'>\n\t\t\t\t<a href='https:\/\/korsarger3500.de\/wp-content\/uploads\/2018\/04\/Training_2018_RCR_8.jpg'><img loading=\"lazy\" decoding=\"async\" width=\"150\" height=\"150\" src=\"https:\/\/korsarger3500.de\/wp-content\/uploads\/2018\/04\/Training_2018_RCR_8-150x150.jpg\" class=\"attachment-thumbnail size-thumbnail\" alt=\"\" \/><\/a>\n\t\t\t<\/div><\/figure><figure class='gallery-item'>\n\t\t\t<div class='gallery-icon landscape'>\n\t\t\t\t<a href='https:\/\/korsarger3500.de\/wp-content\/uploads\/2018\/04\/Training_2018_RCR_14.jpg'><img loading=\"lazy\" decoding=\"async\" width=\"150\" height=\"150\" src=\"https:\/\/korsarger3500.de\/wp-content\/uploads\/2018\/04\/Training_2018_RCR_14-150x150.jpg\" class=\"attachment-thumbnail size-thumbnail\" alt=\"\" \/><\/a>\n\t\t\t<\/div><\/figure><figure class='gallery-item'>\n\t\t\t<div class='gallery-icon landscape'>\n\t\t\t\t<a href='https:\/\/korsarger3500.de\/wp-content\/uploads\/2018\/04\/Training_2018_RCR_12.jpg'><img loading=\"lazy\" decoding=\"async\" width=\"150\" height=\"150\" src=\"https:\/\/korsarger3500.de\/wp-content\/uploads\/2018\/04\/Training_2018_RCR_12-150x150.jpg\" class=\"attachment-thumbnail size-thumbnail\" alt=\"\" \/><\/a>\n\t\t\t<\/div><\/figure>\n\t\t<\/div>\n\n<p><a href=\"https:\/\/korsarger3500.de\/index.php\/fruehjahrstreff-inheiden-2018\/\">weiter <\/a>\u2026oder zur <a href=\"http:\/\/korsarger3500.de\/\">Startseite<\/a><\/p>\n<p>&nbsp;<\/p>\n","protected":false},"excerpt":{"rendered":"<p>Ich durfte mal wieder an einem Training teilnehmen. Es war Samstag Morgen Ende April, sieben Uhr und schon herrliches Cabrio-Wetter. So sind\u00a0 wir in aller Fr\u00fche durch Frankreich Richtung Goldkanal gefahren. Die Crew war in guter Stimmung und hoffte an diesem Wochenende etwas zu lernen. Unter uns &#8211; nach dem Saisonstart in Liblar haben die &hellip; <a href=\"https:\/\/korsarger3500.de\/index.php\/training-am-goldkanal-beim-rcr-2018\/\" class=\"more-link\"><span class=\"screen-reader-text\">Training am Goldkanal beim RCR 2018<\/span> weiterlesen<\/a><\/p>\n","protected":false},"author":1,"featured_media":0,"parent":0,"menu_order":0,"comment_status":"closed","ping_status":"closed","template":"","meta":{"footnotes":""},"class_list":["post-4948","page","type-page","status-publish","hentry"],"_links":{"self":[{"href":"https:\/\/korsarger3500.de\/index.php\/wp-json\/wp\/v2\/pages\/4948","targetHints":{"allow":["GET"]}}],"collection":[{"href":"https:\/\/korsarger3500.de\/index.php\/wp-json\/wp\/v2\/pages"}],"about":[{"href":"https:\/\/korsarger3500.de\/index.php\/wp-json\/wp\/v2\/types\/page"}],"author":[{"embeddable":true,"href":"https:\/\/korsarger3500.de\/index.php\/wp-json\/wp\/v2\/users\/1"}],"replies":[{"embeddable":true,"href":"https:\/\/korsarger3500.de\/index.php\/wp-json\/wp\/v2\/comments?post=4948"}],"version-history":[{"count":18,"href":"https:\/\/korsarger3500.de\/index.php\/wp-json\/wp\/v2\/pages\/4948\/revisions"}],"predecessor-version":[{"id":5032,"href":"https:\/\/korsarger3500.de\/index.php\/wp-json\/wp\/v2\/pages\/4948\/revisions\/5032"}],"wp:attachment":[{"href":"https:\/\/korsarger3500.de\/index.php\/wp-json\/wp\/v2\/media?parent=4948"}],"curies":[{"name":"wp","href":"https:\/\/api.w.org\/{rel}","templated":true}]}}