{"id":4898,"date":"2018-04-03T13:00:37","date_gmt":"2018-04-03T11:00:37","guid":{"rendered":"https:\/\/korsarger3500.de\/?page_id=4898"},"modified":"2019-03-21T18:45:02","modified_gmt":"2019-03-21T17:45:02","slug":"regatta-2018","status":"publish","type":"page","link":"https:\/\/korsarger3500.de\/index.php\/regatta-2018\/","title":{"rendered":"Regatta 2018"},"content":{"rendered":"<p style=\"text-align: justify;\"><a href=\"https:\/\/korsarger3500.de\/wp-content\/uploads\/2018\/02\/RuderblattLaminierenB_04.jpg\" data-lbwps-width=\"3000\" data-lbwps-height=\"4000\" data-lbwps-srcsmall=\"https:\/\/korsarger3500.de\/wp-content\/uploads\/2018\/02\/RuderblattLaminierenB_04-225x300.jpg\"><img loading=\"lazy\" decoding=\"async\" class=\"wp-image-4863 size-thumbnail alignleft\" src=\"https:\/\/korsarger3500.de\/wp-content\/uploads\/2018\/02\/RuderblattLaminierenB_04-150x150.jpg\" alt=\"\" width=\"150\" height=\"150\" \/><\/a>Mann ist der Winter schnell vor\u00fcber gegangen. Kaum hatte\u00a0 ich Winterpause, wurde auch schon wieder an mir gebastelt. Ein neues Ruder sollte an meinen Spiegel, eine Vorliekverstellung f\u00fcr das Gro\u00dfsegel, auch Cunningham genannt, musste gebaut werden damit die neuen und die alten Segel sich beide schnell befestigen lassen und auch f\u00fcr das Vorsegel wollte Skipper so etwas in der Art bauen, weil Ihm das &#8222;Geb\u00e4nsele&#8220; immer zu fummelig ist. So wurde es mir auch nicht langweilig, da ich die meiste Zeit bei der Crew in der Garage verbrachte. Und schwups- stand schon die erste Regatta in Liblar auf dem Kalender.<\/p>\n<p style=\"text-align: justify;\"><a href=\"https:\/\/korsarger3500.de\/index.php\/korsarenschwert-liblar-2018\/\">Silbernes Korsarenschwert Liblar 2018<\/a><\/p>\n<p style=\"text-align: justify;\"><a href=\"https:\/\/korsarger3500.de\/index.php\/korsarenschwert-liblar-2018\/\"><img loading=\"lazy\" decoding=\"async\" class=\"alignnone wp-image-4890 size-medium\" src=\"https:\/\/korsarger3500.de\/wp-content\/uploads\/2018\/04\/Liblar_2018_8-300x225.jpg\" alt=\"\" width=\"300\" height=\"225\" srcset=\"https:\/\/korsarger3500.de\/wp-content\/uploads\/2018\/04\/Liblar_2018_8-300x225.jpg 300w, https:\/\/korsarger3500.de\/wp-content\/uploads\/2018\/04\/Liblar_2018_8-768x576.jpg 768w, https:\/\/korsarger3500.de\/wp-content\/uploads\/2018\/04\/Liblar_2018_8-1024x768.jpg 1024w\" sizes=\"auto, (max-width: 300px) 100vw, 300px\" \/><\/a><\/p>\n<p style=\"text-align: justify;\"><a href=\"https:\/\/korsarger3500.de\/index.php\/training-am-goldkanal-beim-rcr-2018\/\">Training am Goldkanal<\/a><\/p>\n<p style=\"text-align: justify;\"><a href=\"https:\/\/korsarger3500.de\/index.php\/training-am-goldkanal-beim-rcr-2018\/\"><img loading=\"lazy\" decoding=\"async\" class=\"alignnone wp-image-5010 size-medium\" src=\"https:\/\/korsarger3500.de\/wp-content\/uploads\/2018\/05\/Rollwende-300x268.jpg\" alt=\"\" width=\"300\" height=\"268\" srcset=\"https:\/\/korsarger3500.de\/wp-content\/uploads\/2018\/05\/Rollwende-300x268.jpg 300w, https:\/\/korsarger3500.de\/wp-content\/uploads\/2018\/05\/Rollwende.jpg 630w\" sizes=\"auto, (max-width: 300px) 100vw, 300px\" \/><\/a><\/p>\n<p style=\"text-align: justify;\"><a href=\"https:\/\/korsarger3500.de\/index.php\/fruehjahrstreff-inheiden-2018\/\">Fr\u00fchjahrstreffen in Inheiden 2018<\/a><\/p>\n<p style=\"text-align: justify;\"><a href=\"https:\/\/korsarger3500.de\/index.php\/fruehjahrstreff-inheiden-2018\/\"><img loading=\"lazy\" decoding=\"async\" class=\"alignnone wp-image-5052 size-medium\" src=\"https:\/\/korsarger3500.de\/wp-content\/uploads\/2018\/04\/N\u00fcchterngesehen-300x297.jpg\" alt=\"\" width=\"300\" height=\"297\" srcset=\"https:\/\/korsarger3500.de\/wp-content\/uploads\/2018\/04\/N\u00fcchterngesehen-300x297.jpg 300w, https:\/\/korsarger3500.de\/wp-content\/uploads\/2018\/04\/N\u00fcchterngesehen-150x150.jpg 150w, https:\/\/korsarger3500.de\/wp-content\/uploads\/2018\/04\/N\u00fcchterngesehen.jpg 518w\" sizes=\"auto, (max-width: 300px) 100vw, 300px\" \/><\/a><\/p>\n<p style=\"text-align: justify;\"><a href=\"https:\/\/korsarger3500.de\/index.php\/spargel-cup-graben-neudorf-2018\/\">Spargelcup 2018 in Graben-Neudorf<\/a><\/p>\n<p style=\"text-align: justify;\"><a href=\"https:\/\/korsarger3500.de\/index.php\/spargel-cup-graben-neudorf-2018\/\"><img loading=\"lazy\" decoding=\"async\" class=\"alignnone wp-image-5055 size-medium\" src=\"https:\/\/korsarger3500.de\/wp-content\/uploads\/2018\/04\/GN_2018_2-300x225.jpg\" alt=\"\" width=\"300\" height=\"225\" srcset=\"https:\/\/korsarger3500.de\/wp-content\/uploads\/2018\/04\/GN_2018_2-300x225.jpg 300w, https:\/\/korsarger3500.de\/wp-content\/uploads\/2018\/04\/GN_2018_2-768x576.jpg 768w, https:\/\/korsarger3500.de\/wp-content\/uploads\/2018\/04\/GN_2018_2-1024x768.jpg 1024w, https:\/\/korsarger3500.de\/wp-content\/uploads\/2018\/04\/GN_2018_2.jpg 1680w\" sizes=\"auto, (max-width: 300px) 100vw, 300px\" \/><\/a><\/p>\n<p><a href=\"https:\/\/korsarger3500.de\/index.php\/bever-woche-2018\/\">Bever Woche 2018<\/a><\/p>\n<p><a href=\"https:\/\/korsarger3500.de\/index.php\/bever-woche-2018\/\"><img loading=\"lazy\" decoding=\"async\" class=\"wp-image-5164 size-medium alignnone\" src=\"https:\/\/korsarger3500.de\/wp-content\/uploads\/2018\/06\/Bever_2018_14-300x225.jpg\" alt=\"\" width=\"300\" height=\"225\" srcset=\"https:\/\/korsarger3500.de\/wp-content\/uploads\/2018\/06\/Bever_2018_14-300x225.jpg 300w, https:\/\/korsarger3500.de\/wp-content\/uploads\/2018\/06\/Bever_2018_14-768x576.jpg 768w, https:\/\/korsarger3500.de\/wp-content\/uploads\/2018\/06\/Bever_2018_14-1024x768.jpg 1024w, https:\/\/korsarger3500.de\/wp-content\/uploads\/2018\/06\/Bever_2018_14.jpg 1680w\" sizes=\"auto, (max-width: 300px) 100vw, 300px\" \/><\/a><\/p>\n<p><a href=\"https:\/\/korsarger3500.de\/index.php\/sandhasenregatta-kahl-2018\/\">Sandhasenregatta Kahl 2018<\/a><\/p>\n<p><a href=\"https:\/\/korsarger3500.de\/index.php\/sandhasenregatta-kahl-2018\/\"><img loading=\"lazy\" decoding=\"async\" class=\"wp-image-5175 size-medium alignnone\" src=\"https:\/\/korsarger3500.de\/wp-content\/uploads\/2018\/06\/Kahl_2018_20-300x225.jpg\" alt=\"\" width=\"300\" height=\"225\" srcset=\"https:\/\/korsarger3500.de\/wp-content\/uploads\/2018\/06\/Kahl_2018_20-300x225.jpg 300w, https:\/\/korsarger3500.de\/wp-content\/uploads\/2018\/06\/Kahl_2018_20-768x576.jpg 768w, https:\/\/korsarger3500.de\/wp-content\/uploads\/2018\/06\/Kahl_2018_20-1024x768.jpg 1024w, https:\/\/korsarger3500.de\/wp-content\/uploads\/2018\/06\/Kahl_2018_20.jpg 1680w\" sizes=\"auto, (max-width: 300px) 100vw, 300px\" \/><\/a><\/p>\n<p><a href=\"https:\/\/korsarger3500.de\/index.php\/kuhschellen-regatta-2018\/\">Kuhschelle 2018<\/a><\/p>\n<p><a href=\"https:\/\/korsarger3500.de\/index.php\/kuhschellen-regatta-2018\/\"><img loading=\"lazy\" decoding=\"async\" class=\"alignnone wp-image-5243 size-medium\" src=\"https:\/\/korsarger3500.de\/wp-content\/uploads\/2018\/06\/Alpsee_2018_19-300x225.jpg\" alt=\"\" width=\"300\" height=\"225\" srcset=\"https:\/\/korsarger3500.de\/wp-content\/uploads\/2018\/06\/Alpsee_2018_19-300x225.jpg 300w, https:\/\/korsarger3500.de\/wp-content\/uploads\/2018\/06\/Alpsee_2018_19-768x576.jpg 768w, https:\/\/korsarger3500.de\/wp-content\/uploads\/2018\/06\/Alpsee_2018_19-1024x768.jpg 1024w, https:\/\/korsarger3500.de\/wp-content\/uploads\/2018\/06\/Alpsee_2018_19.jpg 1680w\" sizes=\"auto, (max-width: 300px) 100vw, 300px\" \/><\/a><\/p>\n<p><a href=\"https:\/\/korsarger3500.de\/index.php\/korsarpreis-goldkanal-2018\/\">Korsarenpreis 2018 am Goldkanal<\/a><\/p>\n<p><a href=\"https:\/\/korsarger3500.de\/index.php\/korsarpreis-goldkanal-2018\/\"><img loading=\"lazy\" decoding=\"async\" class=\"alignnone wp-image-5310 size-medium\" src=\"https:\/\/korsarger3500.de\/wp-content\/uploads\/2018\/07\/Goldkanal_2018_16-300x225.jpg\" alt=\"\" width=\"300\" height=\"225\" srcset=\"https:\/\/korsarger3500.de\/wp-content\/uploads\/2018\/07\/Goldkanal_2018_16-300x225.jpg 300w, https:\/\/korsarger3500.de\/wp-content\/uploads\/2018\/07\/Goldkanal_2018_16-768x576.jpg 768w, https:\/\/korsarger3500.de\/wp-content\/uploads\/2018\/07\/Goldkanal_2018_16-1024x768.jpg 1024w, https:\/\/korsarger3500.de\/wp-content\/uploads\/2018\/07\/Goldkanal_2018_16.jpg 1680w\" sizes=\"auto, (max-width: 300px) 100vw, 300px\" \/><\/a><\/p>\n<p><a href=\"https:\/\/korsarger3500.de\/index.php\/rsc-clubmeisterschaft-2018\/\">RSC Clubmeisterschft 2018<\/a><\/p>\n<p><a href=\"https:\/\/korsarger3500.de\/index.php\/rsc-clubmeisterschaft-2018\/\"><img loading=\"lazy\" decoding=\"async\" class=\"alignnone wp-image-5424 size-medium\" src=\"https:\/\/korsarger3500.de\/wp-content\/uploads\/2018\/09\/RSC_2018_5-300x225.jpg\" alt=\"\" width=\"300\" height=\"225\" srcset=\"https:\/\/korsarger3500.de\/wp-content\/uploads\/2018\/09\/RSC_2018_5-300x225.jpg 300w, https:\/\/korsarger3500.de\/wp-content\/uploads\/2018\/09\/RSC_2018_5-768x576.jpg 768w, https:\/\/korsarger3500.de\/wp-content\/uploads\/2018\/09\/RSC_2018_5-1024x768.jpg 1024w, https:\/\/korsarger3500.de\/wp-content\/uploads\/2018\/09\/RSC_2018_5.jpg 1493w\" sizes=\"auto, (max-width: 300px) 100vw, 300px\" \/><\/a><\/p>\n<p><a href=\"https:\/\/korsarger3500.de\/index.php\/auerhahnregatta-schluchsee-2018\/\">Auerhahn Regatta 2018 am Schluchsee<\/a><\/p>\n<p><a href=\"https:\/\/korsarger3500.de\/index.php\/auerhahnregatta-schluchsee-2018\/\"><img loading=\"lazy\" decoding=\"async\" class=\"alignnone wp-image-5378 size-medium\" src=\"https:\/\/korsarger3500.de\/wp-content\/uploads\/2018\/09\/Auerhahn_2018__6-300x225.jpg\" alt=\"\" width=\"300\" height=\"225\" srcset=\"https:\/\/korsarger3500.de\/wp-content\/uploads\/2018\/09\/Auerhahn_2018__6-300x225.jpg 300w, https:\/\/korsarger3500.de\/wp-content\/uploads\/2018\/09\/Auerhahn_2018__6-768x576.jpg 768w, https:\/\/korsarger3500.de\/wp-content\/uploads\/2018\/09\/Auerhahn_2018__6-1024x768.jpg 1024w, https:\/\/korsarger3500.de\/wp-content\/uploads\/2018\/09\/Auerhahn_2018__6.jpg 1680w\" sizes=\"auto, (max-width: 300px) 100vw, 300px\" \/><\/a><\/p>\n<p><a href=\"https:\/\/korsarger3500.de\/index.php\/korsaren-trichter-2018\/\">Trichter 2018 am Brombachsee<\/a><\/p>\n<p><a href=\"https:\/\/korsarger3500.de\/index.php\/korsaren-trichter-2018\/\"><img loading=\"lazy\" decoding=\"async\" class=\"alignnone wp-image-5461 size-medium\" src=\"https:\/\/korsarger3500.de\/wp-content\/uploads\/2018\/09\/Trichter_2018_10-300x225.jpg\" alt=\"\" width=\"300\" height=\"225\" srcset=\"https:\/\/korsarger3500.de\/wp-content\/uploads\/2018\/09\/Trichter_2018_10-300x225.jpg 300w, https:\/\/korsarger3500.de\/wp-content\/uploads\/2018\/09\/Trichter_2018_10-768x576.jpg 768w, https:\/\/korsarger3500.de\/wp-content\/uploads\/2018\/09\/Trichter_2018_10-1024x768.jpg 1024w, https:\/\/korsarger3500.de\/wp-content\/uploads\/2018\/09\/Trichter_2018_10.jpg 1680w\" sizes=\"auto, (max-width: 300px) 100vw, 300px\" \/><\/a><\/p>\n<p><a href=\"https:\/\/korsarger3500.de\/index.php\/langener-waldsee-2018\/\">Langen 2018<\/a><\/p>\n<p><a href=\"https:\/\/korsarger3500.de\/index.php\/langener-waldsee-2018\/\"><img loading=\"lazy\" decoding=\"async\" class=\"alignnone wp-image-5538 size-medium\" src=\"https:\/\/korsarger3500.de\/wp-content\/uploads\/2018\/10\/Langen_2018-300x242.jpg\" alt=\"\" width=\"300\" height=\"242\" srcset=\"https:\/\/korsarger3500.de\/wp-content\/uploads\/2018\/10\/Langen_2018-300x242.jpg 300w, https:\/\/korsarger3500.de\/wp-content\/uploads\/2018\/10\/Langen_2018.jpg 755w\" sizes=\"auto, (max-width: 300px) 100vw, 300px\" \/><\/a><\/p>\n<p style=\"text-align: justify;\">Schwupp &#8211; das Regatta Jahr ist f\u00fcr mich vorbei. 11 mal wurde ich vom MX durch die Lande zu einem See gezogen- Sch\u00f6n wars, und das Beste, nix ist kaputt gegangen. Das das Eine oder Andre \u00fcber Winter ausgebessert werden muss ist ja klar, aber das ist normaler Verschlei\u00df, das ist bei der Crew auch nicht anders. Jetzt noch ein paar sch\u00f6ne Segelabende an meinem See und dann geht es auch schon in die Wintergarage. Was die Crew im Winter so treibt? Na Ja, Skipper hat noch Material \u00fcbrig f\u00fcr ein Ruderblatt, mein Nase hat ein paar Risse abbekommen und eine noch bessere Konstruktion der Gro\u00dfschotf\u00fchrung w\u00e4re auch nicht schlecht.<\/p>\n<p><a href=\"https:\/\/korsarger3500.de\/index.php\/regatta-2019\/\">Weiter\u2026<\/a> oder zur <a href=\"https:\/\/korsarger3500.de\/\">Startseite<\/a><\/p>\n","protected":false},"excerpt":{"rendered":"<p>Mann ist der Winter schnell vor\u00fcber gegangen. Kaum hatte\u00a0 ich Winterpause, wurde auch schon wieder an mir gebastelt. Ein neues Ruder sollte an meinen Spiegel, eine Vorliekverstellung f\u00fcr das Gro\u00dfsegel, auch Cunningham genannt, musste gebaut werden damit die neuen und die alten Segel sich beide schnell befestigen lassen und auch f\u00fcr das Vorsegel wollte Skipper &hellip; <a href=\"https:\/\/korsarger3500.de\/index.php\/regatta-2018\/\" class=\"more-link\"><span class=\"screen-reader-text\">Regatta 2018<\/span> weiterlesen<\/a><\/p>\n","protected":false},"author":1,"featured_media":0,"parent":0,"menu_order":0,"comment_status":"closed","ping_status":"closed","template":"","meta":{"footnotes":""},"class_list":["post-4898","page","type-page","status-publish","hentry"],"_links":{"self":[{"href":"https:\/\/korsarger3500.de\/index.php\/wp-json\/wp\/v2\/pages\/4898","targetHints":{"allow":["GET"]}}],"collection":[{"href":"https:\/\/korsarger3500.de\/index.php\/wp-json\/wp\/v2\/pages"}],"about":[{"href":"https:\/\/korsarger3500.de\/index.php\/wp-json\/wp\/v2\/types\/page"}],"author":[{"embeddable":true,"href":"https:\/\/korsarger3500.de\/index.php\/wp-json\/wp\/v2\/users\/1"}],"replies":[{"embeddable":true,"href":"https:\/\/korsarger3500.de\/index.php\/wp-json\/wp\/v2\/comments?post=4898"}],"version-history":[{"count":38,"href":"https:\/\/korsarger3500.de\/index.php\/wp-json\/wp\/v2\/pages\/4898\/revisions"}],"predecessor-version":[{"id":5714,"href":"https:\/\/korsarger3500.de\/index.php\/wp-json\/wp\/v2\/pages\/4898\/revisions\/5714"}],"wp:attachment":[{"href":"https:\/\/korsarger3500.de\/index.php\/wp-json\/wp\/v2\/media?parent=4898"}],"curies":[{"name":"wp","href":"https:\/\/api.w.org\/{rel}","templated":true}]}}