{"id":4880,"date":"2018-04-05T15:27:23","date_gmt":"2018-04-05T13:27:23","guid":{"rendered":"https:\/\/korsarger3500.de\/?page_id=4880"},"modified":"2022-06-13T07:53:15","modified_gmt":"2022-06-13T05:53:15","slug":"korsarenschwert-liblar-2018","status":"publish","type":"page","link":"https:\/\/korsarger3500.de\/index.php\/korsarenschwert-liblar-2018\/","title":{"rendered":"Korsarenschwert Liblar 2018"},"content":{"rendered":"<p style=\"text-align: justify;\"><a href=\"https:\/\/korsarger3500.de\/wp-content\/uploads\/2018\/04\/Liblar_2018_11.jpg\" data-lbwps-width=\"4000\" data-lbwps-height=\"3000\" data-lbwps-srcsmall=\"https:\/\/korsarger3500.de\/wp-content\/uploads\/2018\/04\/Liblar_2018_11-300x225.jpg\"><img loading=\"lazy\" decoding=\"async\" class=\"size-thumbnail wp-image-4893 alignleft\" src=\"https:\/\/korsarger3500.de\/wp-content\/uploads\/2018\/04\/Liblar_2018_11-150x150.jpg\" alt=\"\" width=\"150\" height=\"150\" \/><\/a>Neue Saison, neues Ruder? Voller Spannung sind wir Ende M\u00e4rz zur ersten Regatta nach Liblar ged\u00fcst. In meinem Bauch hatte ich das neue Ruderblatt dabei. Am See angekommen wollten die Br\u00fcllk\u00e4fer-Jungs das neue Blatt auch gleich nach dem Auspacken sehen. Apropos: Die Br\u00fcllk\u00e4fer-Jungs gibt es ja nicht mehr. Das hei\u00dft die Jungs gibts nat\u00fcrlich schon noch und auch<em> Br\u00fcllk\u00e4fer<\/em>. Aber nicht mehr als Team, die Jungs und er segeln ab jetzt getrennte Schl\u00e4ge. Mal sehen, ob ich <em>Br\u00fcllk\u00e4fer<\/em> wiedersehe und ob er dann noch seinen Namen hat. Naja ich bin ja auch neu getauft worden. Die Jungs hatten sich f\u00fcr diese Regatta <em>bernd das Boot<\/em> ausgeliehen. Hauptsache segeln ist da das Korsaren-Motto, aber zur\u00fcck zum Ruder. Es wurde vom technischen Obmann in Augenschein genommen und f\u00fcr segelbar befunden. Dann wurde ich aufgebaut und nach der Steuermannsbesprechung ging es flugs aufs Wasser. Skipper war sofort begeistert. Das Steuern mit dem neuen Blatt geht super leicht und ich wende damit blitzschnell. Das hat dann auch die Schottin in der dritten Wende gemerkt. Skipper lenkte nach dem REE wie gewohnt ein, ich drehte so schnell dass es der Schottin die Planken unter den F\u00fc\u00dfen wegzog und sie schlug prompt mit dem Schienbein\u00a0 aufs Deck. Aua &#8211; das hat gleich mal weh getan. Dann \u00fcbten wir noch ein paar Schl\u00e4ge und bereiteten uns auf den Start vor. Zu den vier gesegelten L\u00e4ufen ist nicht allzuviel zu berichten. Die Starts waren m\u00e4\u00dfig und die Runden hat die Crew auch nicht besonders gut hingelegt. Wenn es mal als dritter um das Luvfass ging, versemmelte die Crew die Platzierung auf dem Rest des Kurses wieder. Eins haben die beiden aber gelernt: Mit dem neuen Ruder kann man zwar schnell und pr\u00e4zise lenken, aber wenn ich mal zum stehen komme, hat Skipper mit diesem Blatt keine Chance mehr mich auch nur einen Zentimeter vorw\u00e4rts zu wriggen. So hat er mich dann auch gleich zweimal vor der Luvtonne abgestellt und das schon mehr als bl\u00f6d. Mit guten Vors\u00e4tzen f\u00fcr den n\u00e4chsten Tag wurde der Regattasamstag beendet. Meine Crew war ziemlich groggy und so sind die beiden dann auch bald nach dem Abendessen in Ihre Unterkunft verschwunden. Im Clubheim brannte das Licht noch bis lange nach Mitternacht. Das<a href=\"https:\/\/korsarger3500.de\/wp-content\/uploads\/2018\/04\/Liblar_2018_1.jpg\" data-lbwps-width=\"4000\" data-lbwps-height=\"3000\" data-lbwps-srcsmall=\"https:\/\/korsarger3500.de\/wp-content\/uploads\/2018\/04\/Liblar_2018_1-300x225.jpg\"><img loading=\"lazy\" decoding=\"async\" class=\"size-thumbnail wp-image-4883 alignright\" src=\"https:\/\/korsarger3500.de\/wp-content\/uploads\/2018\/04\/Liblar_2018_1-150x150.jpg\" alt=\"\" width=\"150\" height=\"150\" \/><\/a> Kickerturnier dauerte wohl sehr lange. In den fr\u00fchen Morgenstunden fiel die Temperatur dann unter Null Grad und die Pf\u00fctzen in meinem Rumpf und meine nassen Schoten froren sogar ein. Es dauerte eine ganze Weile bis die Sonnenstrahlen es schafften mich wieder zu enteisen. Nun ja, da \u00fcberhaupt kein Wind in Aussicht war, hatte war auch keine Eile geboten und so verging der Morgen mit auftauen und abwarten. Gegen 13:00 entschied die Wettfahrtleitung, die Regatta zu beenden. Ich wurde, wie alle anderen auch, abgebaut und reisefertig verpackt. Nach der Siegerehrung und der allgemeinen Verabschiedung ging es dann ab nach Hause. Da es ein sonniger Nachmittag war, konnte die Crew wenigstens im <a href=\"https:\/\/korsarger3500.de\/wp-content\/uploads\/2018\/04\/Liblar_2018_6.jpg\" data-lbwps-width=\"3888\" data-lbwps-height=\"2592\" data-lbwps-srcsmall=\"https:\/\/korsarger3500.de\/wp-content\/uploads\/2018\/04\/Liblar_2018_6-300x200.jpg\"><img loading=\"lazy\" decoding=\"async\" class=\"size-thumbnail wp-image-4888 alignleft\" src=\"https:\/\/korsarger3500.de\/wp-content\/uploads\/2018\/04\/Liblar_2018_6-150x150.jpg\" alt=\"\" width=\"150\" height=\"150\" \/><\/a>offenen Cabrio die Fahrt durch die Eifel genie\u00dfen. Aber mit dem neuen Ruder muss bis zur n\u00e4chsten Regatta noch flei\u00dfig ge\u00fcbt werden &#8211; so geht das ja nicht. Ach ja- \u00fcber eine Kenterung bei Leichtwind gibt es auch noch zu berichten. <em>bernd das boot<\/em> musste mit seinen Segeln ins kalte Wasser.<\/p>\n<p style=\"text-align: justify;\">Hier noch ein paar Bilder, unter andrem auch von <em>Mega Perle<\/em> die ich zum ersten mal gesehen habe.<\/p>\n<div id='gallery-1' class='gallery galleryid-4880 gallery-columns-4 gallery-size-thumbnail'><figure class='gallery-item'>\n\t\t\t<div class='gallery-icon landscape'>\n\t\t\t\t<a href='https:\/\/korsarger3500.de\/wp-content\/uploads\/2018\/04\/Liblar_2018_12.jpg'><img loading=\"lazy\" decoding=\"async\" width=\"150\" height=\"150\" src=\"https:\/\/korsarger3500.de\/wp-content\/uploads\/2018\/04\/Liblar_2018_12-150x150.jpg\" class=\"attachment-thumbnail size-thumbnail\" alt=\"\" \/><\/a>\n\t\t\t<\/div><\/figure><figure class='gallery-item'>\n\t\t\t<div class='gallery-icon landscape'>\n\t\t\t\t<a href='https:\/\/korsarger3500.de\/wp-content\/uploads\/2018\/04\/Liblar_2018_10.jpg'><img loading=\"lazy\" decoding=\"async\" width=\"150\" height=\"150\" src=\"https:\/\/korsarger3500.de\/wp-content\/uploads\/2018\/04\/Liblar_2018_10-150x150.jpg\" class=\"attachment-thumbnail size-thumbnail\" alt=\"\" \/><\/a>\n\t\t\t<\/div><\/figure><figure class='gallery-item'>\n\t\t\t<div class='gallery-icon landscape'>\n\t\t\t\t<a href='https:\/\/korsarger3500.de\/wp-content\/uploads\/2018\/04\/Liblar_2018_9.jpg'><img loading=\"lazy\" decoding=\"async\" width=\"150\" height=\"150\" src=\"https:\/\/korsarger3500.de\/wp-content\/uploads\/2018\/04\/Liblar_2018_9-150x150.jpg\" class=\"attachment-thumbnail size-thumbnail\" alt=\"\" \/><\/a>\n\t\t\t<\/div><\/figure><figure class='gallery-item'>\n\t\t\t<div class='gallery-icon landscape'>\n\t\t\t\t<a href='https:\/\/korsarger3500.de\/wp-content\/uploads\/2018\/04\/Liblar_2018_3.jpg'><img loading=\"lazy\" decoding=\"async\" width=\"150\" height=\"150\" src=\"https:\/\/korsarger3500.de\/wp-content\/uploads\/2018\/04\/Liblar_2018_3-150x150.jpg\" class=\"attachment-thumbnail size-thumbnail\" alt=\"\" \/><\/a>\n\t\t\t<\/div><\/figure><figure class='gallery-item'>\n\t\t\t<div class='gallery-icon landscape'>\n\t\t\t\t<a href='https:\/\/korsarger3500.de\/wp-content\/uploads\/2018\/04\/Liblar_2018_7.jpg'><img loading=\"lazy\" decoding=\"async\" width=\"150\" height=\"150\" src=\"https:\/\/korsarger3500.de\/wp-content\/uploads\/2018\/04\/Liblar_2018_7-150x150.jpg\" class=\"attachment-thumbnail size-thumbnail\" alt=\"\" \/><\/a>\n\t\t\t<\/div><\/figure><figure class='gallery-item'>\n\t\t\t<div class='gallery-icon landscape'>\n\t\t\t\t<a href='https:\/\/korsarger3500.de\/wp-content\/uploads\/2018\/04\/Liblar_2018_2.jpg'><img loading=\"lazy\" decoding=\"async\" width=\"150\" height=\"150\" src=\"https:\/\/korsarger3500.de\/wp-content\/uploads\/2018\/04\/Liblar_2018_2-150x150.jpg\" class=\"attachment-thumbnail size-thumbnail\" alt=\"\" \/><\/a>\n\t\t\t<\/div><\/figure><figure class='gallery-item'>\n\t\t\t<div class='gallery-icon portrait'>\n\t\t\t\t<a href='https:\/\/korsarger3500.de\/wp-content\/uploads\/2018\/04\/Liblar_2018_5.jpg'><img loading=\"lazy\" decoding=\"async\" width=\"150\" height=\"150\" src=\"https:\/\/korsarger3500.de\/wp-content\/uploads\/2018\/04\/Liblar_2018_5-150x150.jpg\" class=\"attachment-thumbnail size-thumbnail\" alt=\"\" \/><\/a>\n\t\t\t<\/div><\/figure><figure class='gallery-item'>\n\t\t\t<div class='gallery-icon landscape'>\n\t\t\t\t<a href='https:\/\/korsarger3500.de\/wp-content\/uploads\/2018\/04\/Liblar_2018_4.jpg'><img loading=\"lazy\" decoding=\"async\" width=\"150\" height=\"150\" src=\"https:\/\/korsarger3500.de\/wp-content\/uploads\/2018\/04\/Liblar_2018_4-150x150.jpg\" class=\"attachment-thumbnail size-thumbnail\" alt=\"\" \/><\/a>\n\t\t\t<\/div><\/figure>\n\t\t<\/div>\n\n<p>ah-so gewonnen hat <em>Sportsocke<\/em> mit Axel und Gerd<\/p>\n<p><a href=\"https:\/\/korsarger3500.de\/wp-content\/uploads\/2022\/06\/2018_Lieblar.jpg\" data-lbwps-width=\"936\" data-lbwps-height=\"401\" data-lbwps-srcsmall=\"https:\/\/korsarger3500.de\/wp-content\/uploads\/2022\/06\/2018_Lieblar-300x129.jpg\">Ergebnis<\/a><\/p>\n<p><a href=\"https:\/\/korsarger3500.de\/index.php\/training-am-goldkanal-beim-rcr-2018\/\">weiter <\/a>\u2026oder zur <a href=\"http:\/\/korsarger3500.de\/\">Startseite<\/a><\/p>\n","protected":false},"excerpt":{"rendered":"<p>Neue Saison, neues Ruder? Voller Spannung sind wir Ende M\u00e4rz zur ersten Regatta nach Liblar ged\u00fcst. In meinem Bauch hatte ich das neue Ruderblatt dabei. Am See angekommen wollten die Br\u00fcllk\u00e4fer-Jungs das neue Blatt auch gleich nach dem Auspacken sehen. Apropos: Die Br\u00fcllk\u00e4fer-Jungs gibt es ja nicht mehr. Das hei\u00dft die Jungs gibts nat\u00fcrlich schon &hellip; <a href=\"https:\/\/korsarger3500.de\/index.php\/korsarenschwert-liblar-2018\/\" class=\"more-link\"><span class=\"screen-reader-text\">Korsarenschwert Liblar 2018<\/span> weiterlesen<\/a><\/p>\n","protected":false},"author":1,"featured_media":0,"parent":0,"menu_order":0,"comment_status":"closed","ping_status":"closed","template":"","meta":{"footnotes":""},"class_list":["post-4880","page","type-page","status-publish","hentry"],"_links":{"self":[{"href":"https:\/\/korsarger3500.de\/index.php\/wp-json\/wp\/v2\/pages\/4880","targetHints":{"allow":["GET"]}}],"collection":[{"href":"https:\/\/korsarger3500.de\/index.php\/wp-json\/wp\/v2\/pages"}],"about":[{"href":"https:\/\/korsarger3500.de\/index.php\/wp-json\/wp\/v2\/types\/page"}],"author":[{"embeddable":true,"href":"https:\/\/korsarger3500.de\/index.php\/wp-json\/wp\/v2\/users\/1"}],"replies":[{"embeddable":true,"href":"https:\/\/korsarger3500.de\/index.php\/wp-json\/wp\/v2\/comments?post=4880"}],"version-history":[{"count":19,"href":"https:\/\/korsarger3500.de\/index.php\/wp-json\/wp\/v2\/pages\/4880\/revisions"}],"predecessor-version":[{"id":7846,"href":"https:\/\/korsarger3500.de\/index.php\/wp-json\/wp\/v2\/pages\/4880\/revisions\/7846"}],"wp:attachment":[{"href":"https:\/\/korsarger3500.de\/index.php\/wp-json\/wp\/v2\/media?parent=4880"}],"curies":[{"name":"wp","href":"https:\/\/api.w.org\/{rel}","templated":true}]}}