{"id":4872,"date":"2018-03-01T12:32:03","date_gmt":"2018-03-01T11:32:03","guid":{"rendered":"https:\/\/korsarger3500.de\/?page_id=4872"},"modified":"2018-04-20T09:25:22","modified_gmt":"2018-04-20T07:25:22","slug":"ein-neuer-segelsatz","status":"publish","type":"page","link":"https:\/\/korsarger3500.de\/index.php\/ein-neuer-segelsatz\/","title":{"rendered":"Ein neuer Segelsatz"},"content":{"rendered":"<p style=\"text-align: justify;\">Da die Crew meine noch fast neuen Segel aus Mai 2015 bei der Regatta am Comersee durch unn\u00f6tiges Flattern bei 30 Knoten Wind zerst\u00f6rt hat, m\u00fcssen halt neue Segel her. Sie h\u00e4tten die B\u00f6en auch ausreiten k\u00f6nnen &#8212; vielleicht. Egal, die Genua ist auf alle F\u00e4lle hin\u00fcber und Skipper wollte auch im Herbst nur eine Neue bestellen. Die Schottin war&#8217;s die dann meinte das auch ein neues Gro\u00df nicht schlecht w\u00e4re.\u00a0 Dann h\u00e4tten man wenigstens zum Training und zur <a href=\"https:\/\/korsarger3500.de\/wp-content\/uploads\/2018\/03\/Segeltransporter.jpg\" data-lbwps-width=\"566\" data-lbwps-height=\"552\" data-lbwps-srcsmall=\"https:\/\/korsarger3500.de\/wp-content\/uploads\/2018\/03\/Segeltransporter-300x293.jpg\"><img loading=\"lazy\" decoding=\"async\" class=\"alignleft wp-image-4874 size-thumbnail\" src=\"https:\/\/korsarger3500.de\/wp-content\/uploads\/2018\/03\/Segeltransporter-150x150.jpg\" alt=\"\" width=\"150\" height=\"150\" \/><\/a>Regatta je einen Satz gleicher Segel. Die \u00dcberlegung dauerte beim Skipper dann auch nur ein paar Zehntel Sekunden. Da die Br\u00fcllk\u00e4fer Jungs eh eine Sammelbestellung planten schloss meine Crew sich Ihnen gerne an. Nach ein paar Wochen kam dann auch ein Bild vom Segeltransporter zu uns. Sehr sch\u00f6n, meine Segel sind da mittendrin. Ein paar Tage sp\u00e4ter ist die Crew sie dann zu Ihnen abholen gefahren. Zu Hause angekommen wurden die Segel gleich<a href=\"https:\/\/korsarger3500.de\/wp-content\/uploads\/2018\/03\/NeueBlaueSegel.jpg\" data-lbwps-width=\"4000\" data-lbwps-height=\"3000\" data-lbwps-srcsmall=\"https:\/\/korsarger3500.de\/wp-content\/uploads\/2018\/03\/NeueBlaueSegel-300x225.jpg\"><img loading=\"lazy\" decoding=\"async\" class=\"size-thumbnail wp-image-4873 alignright\" src=\"https:\/\/korsarger3500.de\/wp-content\/uploads\/2018\/03\/NeueBlaueSegel-150x150.jpg\" alt=\"\" width=\"150\" height=\"150\" \/><\/a>ausgepackt und in Augenschein genommen. Hmm-, da ist wohl was schief gelaufen. Leider sind die Buchstaben in der falschen Farbe aufgebracht worden. Die Crew wollte nat\u00fcrlich wieder rote Lettern, so wie ich sie schon seit Eh und Je trage. Na ja &#8211; dann muss wohl ein Umbau stattfinden, es ist ja noch etwas Zeit bis zu Regattasaison.\u00a0 Die Crew hatte kurz \u00fcberlegt es so zu belassen aber ein Anruf beim Hersteller hatte das Missverst\u00e4ndnis gleich gekl\u00e4rt und der Umbau ist auch schon organisiert.<\/p>\n<p style=\"text-align: justify;\">Gott sei Dank &#8211; in Echt &#8211; ich segle doch nicht Blau durch die Gegend.<\/p>\n<p style=\"text-align: justify;\">Das neue Gro\u00dfsegel hat ein wenig mehr Bauch und das Vorliek ist etwas l\u00e4nger. Die Genua hat eine Spannklemme im Vorliek und 5 statt 4 L\u00f6cher.<\/p>\n<div id='gallery-1' class='gallery galleryid-4872 gallery-columns-4 gallery-size-thumbnail'><figure class='gallery-item'>\n\t\t\t<div class='gallery-icon landscape'>\n\t\t\t\t<a href='https:\/\/korsarger3500.de\/wp-content\/uploads\/2018\/04\/Segel_2018_Vorliek.jpg'><img loading=\"lazy\" decoding=\"async\" width=\"150\" height=\"150\" src=\"https:\/\/korsarger3500.de\/wp-content\/uploads\/2018\/04\/Segel_2018_Vorliek-150x150.jpg\" class=\"attachment-thumbnail size-thumbnail\" alt=\"\" \/><\/a>\n\t\t\t<\/div><\/figure><figure class='gallery-item'>\n\t\t\t<div class='gallery-icon portrait'>\n\t\t\t\t<a href='https:\/\/korsarger3500.de\/wp-content\/uploads\/2018\/04\/Segel_2018_Bauch.jpg'><img loading=\"lazy\" decoding=\"async\" width=\"150\" height=\"150\" src=\"https:\/\/korsarger3500.de\/wp-content\/uploads\/2018\/04\/Segel_2018_Bauch-150x150.jpg\" class=\"attachment-thumbnail size-thumbnail\" alt=\"\" \/><\/a>\n\t\t\t<\/div><\/figure><figure class='gallery-item'>\n\t\t\t<div class='gallery-icon portrait'>\n\t\t\t\t<a href='https:\/\/korsarger3500.de\/wp-content\/uploads\/2018\/04\/Segel_2014_Bauch.jpg'><img loading=\"lazy\" decoding=\"async\" width=\"150\" height=\"150\" src=\"https:\/\/korsarger3500.de\/wp-content\/uploads\/2018\/04\/Segel_2014_Bauch-150x150.jpg\" class=\"attachment-thumbnail size-thumbnail\" alt=\"\" \/><\/a>\n\t\t\t<\/div><\/figure><figure class='gallery-item'>\n\t\t\t<div class='gallery-icon landscape'>\n\t\t\t\t<a href='https:\/\/korsarger3500.de\/wp-content\/uploads\/2018\/04\/Segel_2018_Vorliek_Fock.jpg'><img loading=\"lazy\" decoding=\"async\" width=\"150\" height=\"150\" src=\"https:\/\/korsarger3500.de\/wp-content\/uploads\/2018\/04\/Segel_2018_Vorliek_Fock-150x150.jpg\" class=\"attachment-thumbnail size-thumbnail\" alt=\"\" \/><\/a>\n\t\t\t<\/div><\/figure><figure class='gallery-item'>\n\t\t\t<div class='gallery-icon landscape'>\n\t\t\t\t<a href='https:\/\/korsarger3500.de\/wp-content\/uploads\/2018\/04\/Segel_2018_Achterliek_Fock.jpg'><img loading=\"lazy\" decoding=\"async\" width=\"150\" height=\"150\" src=\"https:\/\/korsarger3500.de\/wp-content\/uploads\/2018\/04\/Segel_2018_Achterliek_Fock-150x150.jpg\" class=\"attachment-thumbnail size-thumbnail\" alt=\"\" \/><\/a>\n\t\t\t<\/div><\/figure>\n\t\t<\/div>\n\n","protected":false},"excerpt":{"rendered":"<p>Da die Crew meine noch fast neuen Segel aus Mai 2015 bei der Regatta am Comersee durch unn\u00f6tiges Flattern bei 30 Knoten Wind zerst\u00f6rt hat, m\u00fcssen halt neue Segel her. Sie h\u00e4tten die B\u00f6en auch ausreiten k\u00f6nnen &#8212; vielleicht. Egal, die Genua ist auf alle F\u00e4lle hin\u00fcber und Skipper wollte auch im Herbst nur eine &hellip; <a href=\"https:\/\/korsarger3500.de\/index.php\/ein-neuer-segelsatz\/\" class=\"more-link\"><span class=\"screen-reader-text\">Ein neuer Segelsatz<\/span> weiterlesen<\/a><\/p>\n","protected":false},"author":1,"featured_media":0,"parent":0,"menu_order":0,"comment_status":"closed","ping_status":"closed","template":"","meta":{"footnotes":""},"class_list":["post-4872","page","type-page","status-publish","hentry"],"_links":{"self":[{"href":"https:\/\/korsarger3500.de\/index.php\/wp-json\/wp\/v2\/pages\/4872","targetHints":{"allow":["GET"]}}],"collection":[{"href":"https:\/\/korsarger3500.de\/index.php\/wp-json\/wp\/v2\/pages"}],"about":[{"href":"https:\/\/korsarger3500.de\/index.php\/wp-json\/wp\/v2\/types\/page"}],"author":[{"embeddable":true,"href":"https:\/\/korsarger3500.de\/index.php\/wp-json\/wp\/v2\/users\/1"}],"replies":[{"embeddable":true,"href":"https:\/\/korsarger3500.de\/index.php\/wp-json\/wp\/v2\/comments?post=4872"}],"version-history":[{"count":6,"href":"https:\/\/korsarger3500.de\/index.php\/wp-json\/wp\/v2\/pages\/4872\/revisions"}],"predecessor-version":[{"id":4939,"href":"https:\/\/korsarger3500.de\/index.php\/wp-json\/wp\/v2\/pages\/4872\/revisions\/4939"}],"wp:attachment":[{"href":"https:\/\/korsarger3500.de\/index.php\/wp-json\/wp\/v2\/media?parent=4872"}],"curies":[{"name":"wp","href":"https:\/\/api.w.org\/{rel}","templated":true}]}}