{"id":4441,"date":"2017-09-02T09:55:50","date_gmt":"2017-09-02T07:55:50","guid":{"rendered":"https:\/\/korsarger3500.de\/?page_id=4441"},"modified":"2024-08-21T04:45:54","modified_gmt":"2024-08-21T02:45:54","slug":"ein-weiteres-schluchsee-andenken","status":"publish","type":"page","link":"https:\/\/korsarger3500.de\/index.php\/ein-weiteres-schluchsee-andenken\/","title":{"rendered":"Schluchsee Andenken Part 2"},"content":{"rendered":"<p style=\"text-align: justify;\"><a href=\"https:\/\/korsarger3500.de\/wp-content\/uploads\/2017\/08\/Scheuerleiste.jpg\" data-lbwps-width=\"720\" data-lbwps-height=\"574\" data-lbwps-srcsmall=\"https:\/\/korsarger3500.de\/wp-content\/uploads\/2017\/08\/Scheuerleiste-300x239.jpg\"><img loading=\"lazy\" decoding=\"async\" class=\"alignleft wp-image-4409 size-thumbnail\" src=\"https:\/\/korsarger3500.de\/wp-content\/uploads\/2017\/08\/Scheuerleiste-150x150.jpg\" alt=\"Leiste kaputt\" width=\"150\" height=\"150\" \/><\/a>Irgendwie bekomme ich am Schluchsee immer was auf die Leisten bzw. Scheuerleisten, so auch dieses Jahr. Die Crew hat aber diesmal nicht wirklich Schuld, man muss es als Rennunfall bezeichnen. Der erste Gedanke von Skipper war, die Leiste einfach glatt zu schleifen, dann etwas Klarlack dr\u00fcber &#8211; fertig. Ich bin aber doch froh, dass er es sich nochmal anders \u00fcberlegt hat und die Leiste ordentlich ausgebessert hat. Die Kerben f\u00fcr die Spischot in der Leiste hatte ich eh nie gemocht. Da er diese Arbeit ja schon letztes Jahr auf der Steuerbordseite erledigen musste,\u00a0 wusste er auch ziemlich genau welche Arbeitsschritte anstanden. Zun\u00e4chst musste wieder ein passendes St\u00fcck Holz f\u00fcr die Leiste gesucht werden. Das war einfach, es stehen noch gen\u00fcgend Gartenst\u00fchle auf der<a href=\"https:\/\/korsarger3500.de\/wp-content\/uploads\/2017\/09\/Scheuerleiste_10.jpg\" data-lbwps-width=\"4000\" data-lbwps-height=\"3000\" data-lbwps-srcsmall=\"https:\/\/korsarger3500.de\/wp-content\/uploads\/2017\/09\/Scheuerleiste_10-300x225.jpg\"><img loading=\"lazy\" decoding=\"async\" class=\"alignright wp-image-4426 size-thumbnail\" src=\"https:\/\/korsarger3500.de\/wp-content\/uploads\/2017\/09\/Scheuerleiste_10-150x150.jpg\" alt=\"Auss\u00e4gen\" width=\"150\" height=\"150\" \/><\/a> Terrasse. Anschlie\u00dfend musste das Deck abgeklebt und der Ausschnitt genau angezeichneten werden. Mit der Stichs\u00e4ge wurde die Leiste grob ausges\u00e4gt und dann mit der Oberfr\u00e4se die Feinarbeiten am Ausschnitt erledigt. Ein auf das Deck geklebter Anschlagwinkel sorgt daf\u00fcr, dass der Schnitt absolut gerade verl\u00e4uft. Der n\u00e4chste Arbeitsschritt ist der langwierigste: Stundenlanges Schleifen der Leiste um sie genau in die \u00d6ffnung anzupassen. Aber auch das war irgendwann mal geschafft und die Leiste konnte eingeklebt und verschraubt werden. Die Schrauben wurden selbstverst\u00e4ndlich in Sackl\u00f6cher versenkt, die dann sp\u00e4ter mit D\u00fcbeln verschlossen wurden. Am n\u00e4chste Tag konnte dann schon mit der Profilierung der Leiste begonnen werden. Zun\u00e4chst hat er sich den einfachen Part, den sichtbare Teil, vorgenommen. Mit Schwingschleifer, Multitool und Schleifklotz war diese Arbeit z\u00fcgig erledigt und die Leiste sah dann auch schon richtig gut aus. Die Hohlkehle auf der Unterseite einzuschleifen war da schon etwas aufw\u00e4ndiger. Hier war nun auch wieder stundenlanges Arbeiten angesagt. Damals,\u00a0 bei der Arbeit an der Steuerbordseite, hat er mich einfach auf den R\u00fccken gedreht um besser arbeiten zu k\u00f6nnen. Warum er das diesmal nicht gemacht hat wei\u00df ich nicht. Er hat sich einfach ein St\u00fcck Besenstiel genommen, mit doppelseitigem Klebeband grobes Schleifpapier draufgeklebt und lange geschliffen. Dann war die Form komplett fertig. Jetzt fehlten nur noch mehrere Lackiervorg\u00e4nge mit Klarlack auf Deck und mit wei\u00dfem Lack unter der Leiste am Rumpf. Noch ein paar Tage richtig austrocknen und es kann wieder an den See gehen &#8230; ich freu mich. Die einzelnen Arbeitsschritte sind hier in Bildern festgehalten.<\/p>\n<div id='gallery-1' class='gallery galleryid-4441 gallery-columns-4 gallery-size-thumbnail'><figure class='gallery-item'>\n\t\t\t<div class='gallery-icon landscape'>\n\t\t\t\t<a href='https:\/\/korsarger3500.de\/wp-content\/uploads\/2017\/09\/Scheuerleiste_01.jpg'><img loading=\"lazy\" decoding=\"async\" width=\"150\" height=\"150\" src=\"https:\/\/korsarger3500.de\/wp-content\/uploads\/2017\/09\/Scheuerleiste_01-150x150.jpg\" class=\"attachment-thumbnail size-thumbnail\" alt=\"alte Scheuerleiste\" \/><\/a>\n\t\t\t<\/div><\/figure><figure class='gallery-item'>\n\t\t\t<div class='gallery-icon landscape'>\n\t\t\t\t<a href='https:\/\/korsarger3500.de\/wp-content\/uploads\/2017\/09\/Scheuerleiste_03.jpg'><img loading=\"lazy\" decoding=\"async\" width=\"150\" height=\"150\" src=\"https:\/\/korsarger3500.de\/wp-content\/uploads\/2017\/09\/Scheuerleiste_03-150x150.jpg\" class=\"attachment-thumbnail size-thumbnail\" alt=\"die Kerbe hab ich nie gemocht\" \/><\/a>\n\t\t\t<\/div><\/figure><figure class='gallery-item'>\n\t\t\t<div class='gallery-icon landscape'>\n\t\t\t\t<a href='https:\/\/korsarger3500.de\/wp-content\/uploads\/2017\/09\/Scheuerleiste_08.jpg'><img loading=\"lazy\" decoding=\"async\" width=\"150\" height=\"150\" src=\"https:\/\/korsarger3500.de\/wp-content\/uploads\/2017\/09\/Scheuerleiste_08-150x150.jpg\" class=\"attachment-thumbnail size-thumbnail\" alt=\"anzeichen\" \/><\/a>\n\t\t\t<\/div><\/figure><figure class='gallery-item'>\n\t\t\t<div class='gallery-icon landscape'>\n\t\t\t\t<a href='https:\/\/korsarger3500.de\/wp-content\/uploads\/2017\/09\/Scheuerleiste_06.jpg'><img loading=\"lazy\" decoding=\"async\" width=\"150\" height=\"150\" src=\"https:\/\/korsarger3500.de\/wp-content\/uploads\/2017\/09\/Scheuerleiste_06-150x150.jpg\" class=\"attachment-thumbnail size-thumbnail\" alt=\"Plan machen\" \/><\/a>\n\t\t\t<\/div><\/figure><figure class='gallery-item'>\n\t\t\t<div class='gallery-icon landscape'>\n\t\t\t\t<a href='https:\/\/korsarger3500.de\/wp-content\/uploads\/2017\/09\/Scheuerleiste_07.jpg'><img loading=\"lazy\" decoding=\"async\" width=\"150\" height=\"150\" src=\"https:\/\/korsarger3500.de\/wp-content\/uploads\/2017\/09\/Scheuerleiste_07-150x150.jpg\" class=\"attachment-thumbnail size-thumbnail\" alt=\"Winkel anbringen\" \/><\/a>\n\t\t\t<\/div><\/figure><figure class='gallery-item'>\n\t\t\t<div class='gallery-icon landscape'>\n\t\t\t\t<a href='https:\/\/korsarger3500.de\/wp-content\/uploads\/2017\/09\/Scheuerleiste_09.jpg'><img loading=\"lazy\" decoding=\"async\" width=\"150\" height=\"150\" src=\"https:\/\/korsarger3500.de\/wp-content\/uploads\/2017\/09\/Scheuerleiste_09-150x150.jpg\" class=\"attachment-thumbnail size-thumbnail\" alt=\"fr\u00e4sen\" \/><\/a>\n\t\t\t<\/div><\/figure><figure class='gallery-item'>\n\t\t\t<div class='gallery-icon landscape'>\n\t\t\t\t<a href='https:\/\/korsarger3500.de\/wp-content\/uploads\/2017\/09\/Scheuerleiste_10.jpg'><img loading=\"lazy\" decoding=\"async\" width=\"150\" height=\"150\" src=\"https:\/\/korsarger3500.de\/wp-content\/uploads\/2017\/09\/Scheuerleiste_10-150x150.jpg\" class=\"attachment-thumbnail size-thumbnail\" alt=\"grob weg s\u00e4gen\" \/><\/a>\n\t\t\t<\/div><\/figure><figure class='gallery-item'>\n\t\t\t<div class='gallery-icon landscape'>\n\t\t\t\t<a href='https:\/\/korsarger3500.de\/wp-content\/uploads\/2017\/09\/Scheuerleiste_11.jpg'><img loading=\"lazy\" decoding=\"async\" width=\"150\" height=\"150\" src=\"https:\/\/korsarger3500.de\/wp-content\/uploads\/2017\/09\/Scheuerleiste_11-150x150.jpg\" class=\"attachment-thumbnail size-thumbnail\" alt=\"grob weg s\u00e4gen\" \/><\/a>\n\t\t\t<\/div><\/figure><figure class='gallery-item'>\n\t\t\t<div class='gallery-icon landscape'>\n\t\t\t\t<a href='https:\/\/korsarger3500.de\/wp-content\/uploads\/2017\/09\/Scheuerleiste_13.jpg'><img loading=\"lazy\" decoding=\"async\" width=\"150\" height=\"150\" src=\"https:\/\/korsarger3500.de\/wp-content\/uploads\/2017\/09\/Scheuerleiste_13-150x150.jpg\" class=\"attachment-thumbnail size-thumbnail\" alt=\"Ausschnitt\" \/><\/a>\n\t\t\t<\/div><\/figure><figure class='gallery-item'>\n\t\t\t<div class='gallery-icon landscape'>\n\t\t\t\t<a href='https:\/\/korsarger3500.de\/wp-content\/uploads\/2017\/09\/Scheuerleiste_15.jpg'><img loading=\"lazy\" decoding=\"async\" width=\"150\" height=\"150\" src=\"https:\/\/korsarger3500.de\/wp-content\/uploads\/2017\/09\/Scheuerleiste_15-150x150.jpg\" class=\"attachment-thumbnail size-thumbnail\" alt=\"Ausschnitt\" \/><\/a>\n\t\t\t<\/div><\/figure><figure class='gallery-item'>\n\t\t\t<div class='gallery-icon landscape'>\n\t\t\t\t<a href='https:\/\/korsarger3500.de\/wp-content\/uploads\/2017\/09\/Scheuerleiste_16.jpg'><img loading=\"lazy\" decoding=\"async\" width=\"150\" height=\"150\" src=\"https:\/\/korsarger3500.de\/wp-content\/uploads\/2017\/09\/Scheuerleiste_16-150x150.jpg\" class=\"attachment-thumbnail size-thumbnail\" alt=\"Ausschnitt\" \/><\/a>\n\t\t\t<\/div><\/figure><figure class='gallery-item'>\n\t\t\t<div class='gallery-icon landscape'>\n\t\t\t\t<a href='https:\/\/korsarger3500.de\/wp-content\/uploads\/2017\/09\/Scheuerleiste_17.jpg'><img loading=\"lazy\" decoding=\"async\" width=\"150\" height=\"150\" src=\"https:\/\/korsarger3500.de\/wp-content\/uploads\/2017\/09\/Scheuerleiste_17-150x150.jpg\" class=\"attachment-thumbnail size-thumbnail\" alt=\"schleifen\" \/><\/a>\n\t\t\t<\/div><\/figure><figure class='gallery-item'>\n\t\t\t<div class='gallery-icon landscape'>\n\t\t\t\t<a href='https:\/\/korsarger3500.de\/wp-content\/uploads\/2017\/09\/Scheuerleiste_18.jpg'><img loading=\"lazy\" decoding=\"async\" width=\"150\" height=\"150\" src=\"https:\/\/korsarger3500.de\/wp-content\/uploads\/2017\/09\/Scheuerleiste_18-150x150.jpg\" class=\"attachment-thumbnail size-thumbnail\" alt=\"Scheuerleiste\" \/><\/a>\n\t\t\t<\/div><\/figure><figure class='gallery-item'>\n\t\t\t<div class='gallery-icon landscape'>\n\t\t\t\t<a href='https:\/\/korsarger3500.de\/wp-content\/uploads\/2017\/09\/Scheuerleiste_19.jpg'><img loading=\"lazy\" decoding=\"async\" width=\"150\" height=\"150\" src=\"https:\/\/korsarger3500.de\/wp-content\/uploads\/2017\/09\/Scheuerleiste_19-150x150.jpg\" class=\"attachment-thumbnail size-thumbnail\" alt=\"verschrauben\" \/><\/a>\n\t\t\t<\/div><\/figure><figure class='gallery-item'>\n\t\t\t<div class='gallery-icon landscape'>\n\t\t\t\t<a href='https:\/\/korsarger3500.de\/wp-content\/uploads\/2017\/09\/Scheuerleiste_20.jpg'><img loading=\"lazy\" decoding=\"async\" width=\"150\" height=\"150\" src=\"https:\/\/korsarger3500.de\/wp-content\/uploads\/2017\/09\/Scheuerleiste_20-150x150.jpg\" class=\"attachment-thumbnail size-thumbnail\" alt=\"einpassen\" \/><\/a>\n\t\t\t<\/div><\/figure><figure class='gallery-item'>\n\t\t\t<div class='gallery-icon landscape'>\n\t\t\t\t<a href='https:\/\/korsarger3500.de\/wp-content\/uploads\/2017\/09\/Scheuerleiste_22.jpg'><img loading=\"lazy\" decoding=\"async\" width=\"150\" height=\"150\" src=\"https:\/\/korsarger3500.de\/wp-content\/uploads\/2017\/09\/Scheuerleiste_22-150x150.jpg\" class=\"attachment-thumbnail size-thumbnail\" alt=\"Lakieren\" \/><\/a>\n\t\t\t<\/div><\/figure><figure class='gallery-item'>\n\t\t\t<div class='gallery-icon landscape'>\n\t\t\t\t<a href='https:\/\/korsarger3500.de\/wp-content\/uploads\/2017\/09\/Scheuerleiste_24.jpg'><img loading=\"lazy\" decoding=\"async\" width=\"150\" height=\"150\" src=\"https:\/\/korsarger3500.de\/wp-content\/uploads\/2017\/09\/Scheuerleiste_24-150x150.jpg\" class=\"attachment-thumbnail size-thumbnail\" alt=\"fertig\" \/><\/a>\n\t\t\t<\/div><\/figure><figure class='gallery-item'>\n\t\t\t<div class='gallery-icon landscape'>\n\t\t\t\t<a href='https:\/\/korsarger3500.de\/wp-content\/uploads\/2017\/09\/Scheuerleiste_25.jpg'><img loading=\"lazy\" decoding=\"async\" width=\"150\" height=\"150\" src=\"https:\/\/korsarger3500.de\/wp-content\/uploads\/2017\/09\/Scheuerleiste_25-150x150.jpg\" class=\"attachment-thumbnail size-thumbnail\" alt=\"fertig\" \/><\/a>\n\t\t\t<\/div><\/figure>\n\t\t<\/div>\n\n<p><a href=\"https:\/\/korsarger3500.de\/index.php\/das-neue-ruder\/\">weiter &#8230;<\/a><\/p>\n","protected":false},"excerpt":{"rendered":"<p>Irgendwie bekomme ich am Schluchsee immer was auf die Leisten bzw. Scheuerleisten, so auch dieses Jahr. Die Crew hat aber diesmal nicht wirklich Schuld, man muss es als Rennunfall bezeichnen. Der erste Gedanke von Skipper war, die Leiste einfach glatt zu schleifen, dann etwas Klarlack dr\u00fcber &#8211; fertig. Ich bin aber doch froh, dass er &hellip; <a href=\"https:\/\/korsarger3500.de\/index.php\/ein-weiteres-schluchsee-andenken\/\" class=\"more-link\"><span class=\"screen-reader-text\">Schluchsee Andenken Part 2<\/span> weiterlesen<\/a><\/p>\n","protected":false},"author":1,"featured_media":0,"parent":0,"menu_order":0,"comment_status":"closed","ping_status":"closed","template":"","meta":{"footnotes":""},"class_list":["post-4441","page","type-page","status-publish","hentry"],"_links":{"self":[{"href":"https:\/\/korsarger3500.de\/index.php\/wp-json\/wp\/v2\/pages\/4441","targetHints":{"allow":["GET"]}}],"collection":[{"href":"https:\/\/korsarger3500.de\/index.php\/wp-json\/wp\/v2\/pages"}],"about":[{"href":"https:\/\/korsarger3500.de\/index.php\/wp-json\/wp\/v2\/types\/page"}],"author":[{"embeddable":true,"href":"https:\/\/korsarger3500.de\/index.php\/wp-json\/wp\/v2\/users\/1"}],"replies":[{"embeddable":true,"href":"https:\/\/korsarger3500.de\/index.php\/wp-json\/wp\/v2\/comments?post=4441"}],"version-history":[{"count":14,"href":"https:\/\/korsarger3500.de\/index.php\/wp-json\/wp\/v2\/pages\/4441\/revisions"}],"predecessor-version":[{"id":9205,"href":"https:\/\/korsarger3500.de\/index.php\/wp-json\/wp\/v2\/pages\/4441\/revisions\/9205"}],"wp:attachment":[{"href":"https:\/\/korsarger3500.de\/index.php\/wp-json\/wp\/v2\/media?parent=4441"}],"curies":[{"name":"wp","href":"https:\/\/api.w.org\/{rel}","templated":true}]}}