{"id":4267,"date":"2017-07-26T22:31:06","date_gmt":"2017-07-26T20:31:06","guid":{"rendered":"https:\/\/korsarger3500.de\/?page_id=4267"},"modified":"2022-06-13T08:30:52","modified_gmt":"2022-06-13T06:30:52","slug":"korsarenpreis-goldkanal-2017","status":"publish","type":"page","link":"https:\/\/korsarger3500.de\/index.php\/korsarenpreis-goldkanal-2017\/","title":{"rendered":"Korsarenpreis Goldkanal 2017"},"content":{"rendered":"<p style=\"text-align: justify;\">Sehr fr\u00fch am Morgen wurde ich an den MX gekoppelt und wir sind Richtung Goldkanal zum Korsarenpreis gestartet. Es sollte hei\u00df werden an dem Tag und die Crew wollte noch die k\u00fchlen Morgenstunden im offenen Wagen genie\u00dfen. So ging es \u00fcber die bestens bekannte Strecke ganz gem\u00fctlich bis nach Karlsruhe und\u00a0 dort allerdings nur noch im Schneckentempo \u00fcber die Stadtautobahn. Wir sind aber trotzdem sehr fr\u00fch beim RCR angekommen und es waren noch nicht viele Korsarsegeler da. Aufgebaut war ich dann auch ruckzuck damit die Crew sich schnell in den Schatten verdr\u00fccken konnte. Nach und nach trudelten die restlichen <a href=\"https:\/\/korsarger3500.de\/wp-content\/uploads\/2017\/07\/GK05.jpg\" data-lbwps-width=\"3096\" data-lbwps-height=\"4128\" data-lbwps-srcsmall=\"https:\/\/korsarger3500.de\/wp-content\/uploads\/2017\/07\/GK05-225x300.jpg\"><img loading=\"lazy\" decoding=\"async\" class=\"size-thumbnail wp-image-4278 alignleft\" src=\"https:\/\/korsarger3500.de\/wp-content\/uploads\/2017\/07\/GK05-150x150.jpg\" alt=\"\" width=\"150\" height=\"150\" \/><\/a>gemeldeten Mannschaften ein und komplettierten die Startliste.\u00a0Die <em>Br\u00fcllk\u00e4fer-<\/em>Jungs waren auch zeitig angereist und nutzen die Zeit um ihr Schiff mal wieder so richtig zu putzen. Nach der Begr\u00fc\u00dfung und der Steuermannsbesprechung durch den Wettfahrtleiter ging es auch schon z\u00fcgig aufs Wasser zum ersten Start. Als das erste Signal ert\u00f6nte und eine japanische Flagge gehisst wurde, war die Crew etwas verdutzt. Ich sags ja immer wieder. Lest gef\u00e4lligst die Segelanweisung genauer und schaut auf den Aushang. Da stand n\u00e4mlich, dass dies die Ersatzflagge f\u00fcr die Korsaren Klassenflagge ist. So war dann gleich mal Unruhe im Schiff, weil den beiden der Countdown nicht bekannt war. Das zog sich dann so durch die ganze erste Wettfahrt und die Crew wurde mit einem Platz 14 nicht<a href=\"https:\/\/korsarger3500.de\/wp-content\/uploads\/2017\/07\/p1070657.jpeg\" data-lbwps-width=\"640\" data-lbwps-height=\"480\" data-lbwps-srcsmall=\"https:\/\/korsarger3500.de\/wp-content\/uploads\/2017\/07\/p1070657-300x225.jpeg\"><img loading=\"lazy\" decoding=\"async\" class=\"size-thumbnail wp-image-4286 alignright\" src=\"https:\/\/korsarger3500.de\/wp-content\/uploads\/2017\/07\/p1070657-150x150.jpeg\" alt=\"\" width=\"150\" height=\"150\" \/><\/a> gerade belohnt. Der Weg hinter <em>Plan-B,<\/em> links an der Insel vorbei, war keine gute Idee gewesen; Aber hatte die Schottin das nicht auch schon letzte Jahr gesagt? <em>vajra&#8217;s<\/em> Skipper hat uns dann aufgekl\u00e4rt was es mit der Japanflagge auf sich hat und so war die Crew dann bei n\u00e4chsten Start voll motiviert und konzentriert. Der zweite Start war dann aber leider ein Massenfr\u00fchstart, bei dem wir allerdings optimal am Startschiff los gekommen waren. Dies wurde auch gleich mit einem &#8222;Schade das w\u00e4r gut gewesen&#8220; vom Startschiff aus best\u00e4tigt. Aber auch beim n\u00e4chste Start hatte Skipper ein gutes H\u00e4ndchen, fand die L\u00fccke am Startschiff und wir waren wieder das oberste Schiff an der Linie. Mit freiem Wind und somit guter Sicht auf die B\u00f6en und Dreher f\u00fchrten wir das Feld der 18 Schiffe bis zur Luvtonne an.\u00a0 Nach der Tonnenrundung hat uns dann aber <em>Br\u00fcllk\u00e4fer<\/em> unter Spi \u00fcberholt, obwohl die Crew schon sehr gut mit dem neuen Spirosystem klar kommt. Dann <a href=\"https:\/\/korsarger3500.de\/wp-content\/uploads\/2017\/07\/bild025.jpg\" data-lbwps-width=\"1166\" data-lbwps-height=\"772\" data-lbwps-srcsmall=\"https:\/\/korsarger3500.de\/wp-content\/uploads\/2017\/07\/bild025-300x199.jpg\"><img loading=\"lazy\" decoding=\"async\" class=\"size-thumbnail wp-image-4275 alignleft\" src=\"https:\/\/korsarger3500.de\/wp-content\/uploads\/2017\/07\/bild025-150x150.jpg\" alt=\"\" width=\"150\" height=\"150\" \/><\/a>k\u00e4mpften wir mit drehendem Wind und kurzen Flautenl\u00f6chern. Mal kamen die anderen Schiffe n\u00e4her, mal segelten wir wieder einen kleinen Vorsprung heraus. Den Lauf\u00a0beendeten wir knapp vor <em>Fiete<\/em> und <em>vajra<\/em> am Position zwei. Na also &#8211; es geht doch! Damit war der erste Regattatag gelaufen, da der Wind mehr und mehr einzuschlief. Alle Schiffe wurden, dank der vielen helfenden H\u00e4nde, z\u00fcgig \u00fcber die sehr steile Slipbahn hoch auf den Platz gezogen. Jetzt war Taufe angesagt. T<em>he fantastic Fiete<\/em> wurde getauft und ordentlich mit Prickelwasser \u00fcbergossen. Alle Crews standen noch eine Zeitlang im Segelschatten von <em>Fiete <\/em>(wie er nur gerufen wird) und lie\u00dfen sich die Melonen und die Getr\u00e4nke schmecken. Dann war Abendessen angesagt und im Anschluss<a href=\"https:\/\/korsarger3500.de\/wp-content\/uploads\/2017\/07\/GK14.jpg\" data-lbwps-width=\"3096\" data-lbwps-height=\"4128\" data-lbwps-srcsmall=\"https:\/\/korsarger3500.de\/wp-content\/uploads\/2017\/07\/GK14-225x300.jpg\"><img loading=\"lazy\" decoding=\"async\" class=\"size-thumbnail wp-image-4280 alignright\" src=\"https:\/\/korsarger3500.de\/wp-content\/uploads\/2017\/07\/GK14-150x150.jpg\" alt=\"\" width=\"150\" height=\"150\" \/><\/a> daran sa\u00dfen viele noch lange auf der offen Terrasse des Clubhauses. Mir wurde derweil etwas mulmig, denn auf dem Nachbargel\u00e4nde entz\u00fcndete ne Gruppe Jugendlicher ein Lagerfeuer, das sich zunehmend zu einem gr\u00f6\u00dferen Guckfeuer mauserte. Der Funkenflug, der dadurch entstand wurde zunehmend h\u00f6her. Aber Schottin und Skipper sahen das auch und stellten mich f\u00fcr die Nacht weit weg vom Nachbargrundst\u00fcck. Das war auch gut so, denn das Feuer wurde im Laufe der Nacht immer h\u00f6her gebaut. Aber soweit ich wei\u00df, sind in keiner Persenning gr\u00f6\u00dfere Brandl\u00f6cher vermeldet worden. Am n\u00e4chsten Morgen ging es dann wieder sehr zeitig los, den der Wettfahrtleiter wollte gerne noch drei L\u00e4ufe &#8222;durchziehen&#8220;. Der Wind hatte \u00fcber Nacht etwas auf West gedreht und auch kr\u00e4ftig zugelegt. Den ersten Lauf des Tages beendeten wir, dank einem guten Start, mit einem sehr guten 5 Platz.\u00a0 Beim n\u00e4chsten Lauf verstrickte die Crew sich in mehrere kleine Gerangel mit andern Schiffen, die aber allesamt nicht gut f\u00fcr uns ausgingen. So endete dieser Lauf auch nur mit Platz 13, \u00fcber den sich die Crew vor 2 Jahren noch sehr gefreut h\u00e4tte. Der n\u00e4chste Start gelang wieder hervorragend, meinte Skipper. Die Schottin war sich da nicht so sicher\u00a0 weil die Einzelr\u00fcckrufflagge schon wieder am Startschiff hing. Aber Skipper beruhigte &#8222;Das hat bestimmt gepasst&#8220;. Wir waren in der ersten Runde mit an der Spitze des Feldes. Es ging einmal links an der Insel vorbei und ein andermal rechts. Der Umstand, dass man hier am Goldkanal um eine bewaldete Insel herum segeln und Abdeckung und Winddreher beachten muss, macht das Segeln hier besonders spannend, aber auch anstrengend. Die Hitze die die Sonne zwischen den <a href=\"https:\/\/korsarger3500.de\/wp-content\/uploads\/2017\/07\/bild033.jpg\" data-lbwps-width=\"1166\" data-lbwps-height=\"772\" data-lbwps-srcsmall=\"https:\/\/korsarger3500.de\/wp-content\/uploads\/2017\/07\/bild033-300x199.jpg\"><img loading=\"lazy\" decoding=\"async\" class=\"size-thumbnail wp-image-4276 alignleft\" src=\"https:\/\/korsarger3500.de\/wp-content\/uploads\/2017\/07\/bild033-150x150.jpg\" alt=\"\" width=\"150\" height=\"150\" \/><\/a>Wolkenb\u00e4nken verbreitet war nicht zu untersch\u00e4tzen und kostet zus\u00e4tzliche Kraft. Aber die Crew blieb konzentriert, segelte gut und beendete diesen Lauf auf Platz 6. Es stellte sich dann noch heraus, dass die beiden Fehlstarter die\u00a0 vor uns liegenden Schiffe <em>Br\u00fcllk\u00e4fer<\/em> und <em>BARBARELLA<\/em> waren. Also wurde unsere Platzierung in diesem Lauf noch auf P 4 korrigiert. Damit war der Segeltag beendet und mit vereinten Kr\u00e4ften waren alle Schiffe bald geslippt und die meisten wurden, wie auch ich, gleich abgebaut. Fest verpackt wartete ich dann schon in der Pole Position w\u00e4hrend die Crew bei der Siegerehrung war. Nach der wie immer herzlichen Verabschiedung machten wir uns hinter dem <em>Br\u00fcllk\u00e4fer-<\/em>Gespann auf in Richtung Heimat. Der Weg f\u00fchrte<a href=\"https:\/\/korsarger3500.de\/wp-content\/uploads\/2017\/07\/GK18.jpg\" data-lbwps-width=\"3096\" data-lbwps-height=\"4128\" data-lbwps-srcsmall=\"https:\/\/korsarger3500.de\/wp-content\/uploads\/2017\/07\/GK18-225x300.jpg\"><img loading=\"lazy\" decoding=\"async\" class=\"size-thumbnail wp-image-4283 alignright\" src=\"https:\/\/korsarger3500.de\/wp-content\/uploads\/2017\/07\/GK18-150x150.jpg\" alt=\"\" width=\"150\" height=\"150\" \/><\/a> dieses Mal durch das malerische B\u00e4rental im Osten von Frankreich.\u00a0 Zu Hause angekommen wurde ich noch rasch ausgepackt, abgeduscht und zum trocknen in die Sonne gestellt. Das sieht mir\u00a0 nach einer arbeitsreichen Zeit aus. Skipper hat schon ne Menge Material, Werkzeug und Farbe bereitgelegt. Ich bin gespannt was er so alles vor hat. Wie immer hier noch ein paar Bilder.<\/p>\n<div id='gallery-1' class='gallery galleryid-4267 gallery-columns-3 gallery-size-thumbnail'><figure class='gallery-item'>\n\t\t\t<div class='gallery-icon portrait'>\n\t\t\t\t<a href='https:\/\/korsarger3500.de\/wp-content\/uploads\/2017\/07\/GK03.jpg'><img loading=\"lazy\" decoding=\"async\" width=\"150\" height=\"150\" src=\"https:\/\/korsarger3500.de\/wp-content\/uploads\/2017\/07\/GK03-150x150.jpg\" class=\"attachment-thumbnail size-thumbnail\" alt=\"\" \/><\/a>\n\t\t\t<\/div><\/figure><figure class='gallery-item'>\n\t\t\t<div class='gallery-icon landscape'>\n\t\t\t\t<a href='https:\/\/korsarger3500.de\/wp-content\/uploads\/2017\/07\/GK17.jpg'><img loading=\"lazy\" decoding=\"async\" width=\"150\" height=\"150\" src=\"https:\/\/korsarger3500.de\/wp-content\/uploads\/2017\/07\/GK17-150x150.jpg\" class=\"attachment-thumbnail size-thumbnail\" alt=\"\" \/><\/a>\n\t\t\t<\/div><\/figure><figure class='gallery-item'>\n\t\t\t<div class='gallery-icon landscape'>\n\t\t\t\t<a href='https:\/\/korsarger3500.de\/wp-content\/uploads\/2017\/07\/GK16.jpg'><img loading=\"lazy\" decoding=\"async\" width=\"150\" height=\"150\" src=\"https:\/\/korsarger3500.de\/wp-content\/uploads\/2017\/07\/GK16-150x150.jpg\" class=\"attachment-thumbnail size-thumbnail\" alt=\"\" \/><\/a>\n\t\t\t<\/div><\/figure><figure class='gallery-item'>\n\t\t\t<div class='gallery-icon landscape'>\n\t\t\t\t<a href='https:\/\/korsarger3500.de\/wp-content\/uploads\/2017\/07\/GK24.jpg'><img loading=\"lazy\" decoding=\"async\" width=\"150\" height=\"150\" src=\"https:\/\/korsarger3500.de\/wp-content\/uploads\/2017\/07\/GK24-150x150.jpg\" class=\"attachment-thumbnail size-thumbnail\" alt=\"\" \/><\/a>\n\t\t\t<\/div><\/figure><figure class='gallery-item'>\n\t\t\t<div class='gallery-icon landscape'>\n\t\t\t\t<a href='https:\/\/korsarger3500.de\/wp-content\/uploads\/2017\/07\/GK25.jpg'><img loading=\"lazy\" decoding=\"async\" width=\"150\" height=\"150\" src=\"https:\/\/korsarger3500.de\/wp-content\/uploads\/2017\/07\/GK25-150x150.jpg\" class=\"attachment-thumbnail size-thumbnail\" alt=\"\" \/><\/a>\n\t\t\t<\/div><\/figure><figure class='gallery-item'>\n\t\t\t<div class='gallery-icon landscape'>\n\t\t\t\t<a href='https:\/\/korsarger3500.de\/wp-content\/uploads\/2017\/07\/Goldkanal-201701.jpg'><img loading=\"lazy\" decoding=\"async\" width=\"150\" height=\"150\" src=\"https:\/\/korsarger3500.de\/wp-content\/uploads\/2017\/07\/Goldkanal-201701-150x150.jpg\" class=\"attachment-thumbnail size-thumbnail\" alt=\"\" \/><\/a>\n\t\t\t<\/div><\/figure>\n\t\t<\/div>\n\n<p>Ah so, gewonnen hat <em>Br\u00fcllk\u00e4fer<\/em> mit Daniel und Christian.<\/p>\n<p><a href=\"https:\/\/korsarger3500.de\/wp-content\/uploads\/2022\/06\/2017_Goldkanal.jpg\" data-lbwps-width=\"944\" data-lbwps-height=\"419\" data-lbwps-srcsmall=\"https:\/\/korsarger3500.de\/wp-content\/uploads\/2022\/06\/2017_Goldkanal-300x133.jpg\">Ergebnis<\/a><\/p>\n<p><a href=\"https:\/\/korsarger3500.de\/index.php\/auerhahn-regatta-2017\/\">Weiter<\/a>&#8230;oder zur <a href=\"http:\/\/korsarger3500.de\/\">Startseite<\/a><\/p>\n","protected":false},"excerpt":{"rendered":"<p>Sehr fr\u00fch am Morgen wurde ich an den MX gekoppelt und wir sind Richtung Goldkanal zum Korsarenpreis gestartet. Es sollte hei\u00df werden an dem Tag und die Crew wollte noch die k\u00fchlen Morgenstunden im offenen Wagen genie\u00dfen. So ging es \u00fcber die bestens bekannte Strecke ganz gem\u00fctlich bis nach Karlsruhe und\u00a0 dort allerdings nur noch &hellip; <a href=\"https:\/\/korsarger3500.de\/index.php\/korsarenpreis-goldkanal-2017\/\" class=\"more-link\"><span class=\"screen-reader-text\">Korsarenpreis Goldkanal 2017<\/span> weiterlesen<\/a><\/p>\n","protected":false},"author":1,"featured_media":0,"parent":0,"menu_order":0,"comment_status":"closed","ping_status":"closed","template":"","meta":{"footnotes":""},"class_list":["post-4267","page","type-page","status-publish","hentry"],"_links":{"self":[{"href":"https:\/\/korsarger3500.de\/index.php\/wp-json\/wp\/v2\/pages\/4267","targetHints":{"allow":["GET"]}}],"collection":[{"href":"https:\/\/korsarger3500.de\/index.php\/wp-json\/wp\/v2\/pages"}],"about":[{"href":"https:\/\/korsarger3500.de\/index.php\/wp-json\/wp\/v2\/types\/page"}],"author":[{"embeddable":true,"href":"https:\/\/korsarger3500.de\/index.php\/wp-json\/wp\/v2\/users\/1"}],"replies":[{"embeddable":true,"href":"https:\/\/korsarger3500.de\/index.php\/wp-json\/wp\/v2\/comments?post=4267"}],"version-history":[{"count":13,"href":"https:\/\/korsarger3500.de\/index.php\/wp-json\/wp\/v2\/pages\/4267\/revisions"}],"predecessor-version":[{"id":7872,"href":"https:\/\/korsarger3500.de\/index.php\/wp-json\/wp\/v2\/pages\/4267\/revisions\/7872"}],"wp:attachment":[{"href":"https:\/\/korsarger3500.de\/index.php\/wp-json\/wp\/v2\/media?parent=4267"}],"curies":[{"name":"wp","href":"https:\/\/api.w.org\/{rel}","templated":true}]}}