{"id":410,"date":"2016-02-11T13:34:18","date_gmt":"2016-02-11T12:34:18","guid":{"rendered":"http:\/\/korsarger3500.de\/?page_id=410"},"modified":"2024-08-19T06:39:37","modified_gmt":"2024-08-19T04:39:37","slug":"deck-streichen","status":"publish","type":"page","link":"https:\/\/korsarger3500.de\/index.php\/deck-streichen\/","title":{"rendered":"Deck streichen"},"content":{"rendered":"<p><a href=\"http:\/\/korsarger3500.de\/wp-content\/uploads\/2016\/02\/Deck_Blasen.jpg\" rel=\"attachment wp-att-430\" data-lbwps-width=\"926\" data-lbwps-height=\"579\" data-lbwps-srcsmall=\"https:\/\/korsarger3500.de\/wp-content\/uploads\/2016\/02\/Deck_Blasen-300x188.jpg\"><img loading=\"lazy\" decoding=\"async\" class=\"aligncenter wp-image-430 size-medium\" src=\"https:\/\/korsarger3500.de\/wp-content\/uploads\/2016\/02\/Deck_Blasen-300x188.jpg\" alt=\"Pickel im Gegenlicht\" width=\"300\" height=\"188\" srcset=\"https:\/\/korsarger3500.de\/wp-content\/uploads\/2016\/02\/Deck_Blasen-300x188.jpg 300w, https:\/\/korsarger3500.de\/wp-content\/uploads\/2016\/02\/Deck_Blasen-768x480.jpg 768w, https:\/\/korsarger3500.de\/wp-content\/uploads\/2016\/02\/Deck_Blasen.jpg 926w\" sizes=\"auto, (max-width: 300px) 100vw, 300px\" \/><\/a><\/p>\n<p style=\"text-align: justify;\">Hilfe !!! ich hab Blasen im Deck und das geht gar nicht. Irgendwie vertrage ich dieses neue Leben hier am See nicht so richtig. Immer frische Luft, Sonne, Regen, Wind und Wetter machen mir zu schaffen. Obwohl ich eine gut impr\u00e4gnierte Baumwoll-Zelt-Persening habe und immer sch\u00f6n trocken stehe, bilden sich auf meinem Deck im Lack kleine Pickel. Auch kleine Haarrisse sind auf einmal da, in die auch schon mal etwas Wasser eindringt. Schei\u00dfe &#8211; ich werde doch nicht etwa alt? Aber keine Bange, Skipper meint das kriegen wir schon wieder hin. Zuerst telefoniert er mit der V\u00f6tterl-Werft. Und tats\u00e4chlich der alten Herr V\u00f6tterl, der mich gebaut hat, ist am Telefon und der sagt ihm dann was zu tun ist. Der alte Lack soll angeschliffen werden bis alle Pickel weg sind. Dann mit Zweikomponenten Lack mehrfach d\u00fcnn dr\u00fcber lackieren und zwischendurch den Lack immer wieder fein anschleifen.<\/p>\n<p style=\"text-align: justify;\">Nach dem ersten Anstrich sieht das Ganze schon ganz gut aus. W\u00e4ren da nicht die Staubteilchen die sich w\u00e4hrend des Trocknens\u00a0 immer auf dem frischen Lack absetzen. Aber auch hierf\u00fcr gibt&#8217;s ne L\u00f6sung. Der Skipper baut einfach ein Zelt in die Garage und schiebt mich darunter. Das kann dann gleich auch noch beheizt werden, so dass ich sch\u00f6n kuschelig trocknen kann. Das der Skipper das gleich wieder \u00fcbertreiben muss und mich 6 mal durch die Abschleif &#8211; Streich &#8211; Tortur vibriert, ist zwar nicht so toll aber daf\u00fcr ist mein Deck jetzt wieder wie neu. Die Haarrisse konnten zwar geschlossen werden aber d\u00fcnne dunkle Linien haben sich dann doch schon in meinem Furnier verewigt.<\/p>\n<p style=\"text-align: justify;\">Aber wie sagt die Crew:\u00a0 <em>&#8222;Macht nix &#8211; Jede Falte \/ Macke ist gelebt&#8220;<\/em><\/p>\n<div id='gallery-1' class='gallery galleryid-410 gallery-columns-4 gallery-size-thumbnail'><figure class='gallery-item'>\n\t\t\t<div class='gallery-icon landscape'>\n\t\t\t\t<a href='https:\/\/korsarger3500.de\/wp-content\/uploads\/2016\/02\/Deck_01.jpg'><img loading=\"lazy\" decoding=\"async\" width=\"150\" height=\"150\" src=\"https:\/\/korsarger3500.de\/wp-content\/uploads\/2016\/02\/Deck_01-150x150.jpg\" class=\"attachment-thumbnail size-thumbnail\" alt=\"wirklich alles abschleifen?\" \/><\/a>\n\t\t\t<\/div><\/figure><figure class='gallery-item'>\n\t\t\t<div class='gallery-icon landscape'>\n\t\t\t\t<a href='https:\/\/korsarger3500.de\/wp-content\/uploads\/2016\/02\/Deck_02.jpg'><img loading=\"lazy\" decoding=\"async\" width=\"150\" height=\"150\" src=\"https:\/\/korsarger3500.de\/wp-content\/uploads\/2016\/02\/Deck_02-150x150.jpg\" class=\"attachment-thumbnail size-thumbnail\" alt=\"los gehts mit dem Schleifen\" \/><\/a>\n\t\t\t<\/div><\/figure><figure class='gallery-item'>\n\t\t\t<div class='gallery-icon landscape'>\n\t\t\t\t<a href='https:\/\/korsarger3500.de\/wp-content\/uploads\/2016\/02\/Deck_03.jpg'><img loading=\"lazy\" decoding=\"async\" width=\"150\" height=\"150\" src=\"https:\/\/korsarger3500.de\/wp-content\/uploads\/2016\/02\/Deck_03-150x150.jpg\" class=\"attachment-thumbnail size-thumbnail\" alt=\"Der Spiegel wurde auch gleich mit gemacht\" \/><\/a>\n\t\t\t<\/div><\/figure><figure class='gallery-item'>\n\t\t\t<div class='gallery-icon landscape'>\n\t\t\t\t<a href='https:\/\/korsarger3500.de\/wp-content\/uploads\/2016\/02\/Deck_08.jpg'><img loading=\"lazy\" decoding=\"async\" width=\"150\" height=\"150\" src=\"https:\/\/korsarger3500.de\/wp-content\/uploads\/2016\/02\/Deck_08-150x150.jpg\" class=\"attachment-thumbnail size-thumbnail\" alt=\"unter den Rissen im Deck ist das Furnier schon verf\u00e4rbt\" \/><\/a>\n\t\t\t<\/div><\/figure><figure class='gallery-item'>\n\t\t\t<div class='gallery-icon landscape'>\n\t\t\t\t<a href='https:\/\/korsarger3500.de\/wp-content\/uploads\/2016\/02\/Deck_12.jpg'><img loading=\"lazy\" decoding=\"async\" width=\"150\" height=\"150\" src=\"https:\/\/korsarger3500.de\/wp-content\/uploads\/2016\/02\/Deck_12-150x150.jpg\" class=\"attachment-thumbnail size-thumbnail\" alt=\"Ein Arbeitszelt als Staubschutz\" \/><\/a>\n\t\t\t<\/div><\/figure><figure class='gallery-item'>\n\t\t\t<div class='gallery-icon landscape'>\n\t\t\t\t<a href='https:\/\/korsarger3500.de\/wp-content\/uploads\/2016\/02\/Deck_19.jpg'><img loading=\"lazy\" decoding=\"async\" width=\"150\" height=\"150\" src=\"https:\/\/korsarger3500.de\/wp-content\/uploads\/2016\/02\/Deck_19-150x150.jpg\" class=\"attachment-thumbnail size-thumbnail\" alt=\"Anschlie\u00dfend eine Trockenkabine\" \/><\/a>\n\t\t\t<\/div><\/figure><figure class='gallery-item'>\n\t\t\t<div class='gallery-icon landscape'>\n\t\t\t\t<a href='https:\/\/korsarger3500.de\/wp-content\/uploads\/2016\/02\/Deck_14.jpg'><img loading=\"lazy\" decoding=\"async\" width=\"150\" height=\"150\" src=\"https:\/\/korsarger3500.de\/wp-content\/uploads\/2016\/02\/Deck_14-150x150.jpg\" class=\"attachment-thumbnail size-thumbnail\" alt=\"Trockenkabine\" \/><\/a>\n\t\t\t<\/div><\/figure><figure class='gallery-item'>\n\t\t\t<div class='gallery-icon landscape'>\n\t\t\t\t<a href='https:\/\/korsarger3500.de\/wp-content\/uploads\/2016\/02\/Deck_23.jpg'><img loading=\"lazy\" decoding=\"async\" width=\"150\" height=\"150\" src=\"https:\/\/korsarger3500.de\/wp-content\/uploads\/2016\/02\/Deck_23-150x150.jpg\" class=\"attachment-thumbnail size-thumbnail\" alt=\"Innenansicht Trockenkabine\" \/><\/a>\n\t\t\t<\/div><\/figure><figure class='gallery-item'>\n\t\t\t<div class='gallery-icon landscape'>\n\t\t\t\t<a href='https:\/\/korsarger3500.de\/wp-content\/uploads\/2016\/02\/Deck_15.jpg'><img loading=\"lazy\" decoding=\"async\" width=\"150\" height=\"150\" src=\"https:\/\/korsarger3500.de\/wp-content\/uploads\/2016\/02\/Deck_15-150x150.jpg\" class=\"attachment-thumbnail size-thumbnail\" alt=\"Trockenkabine mit Heizung\" \/><\/a>\n\t\t\t<\/div><\/figure><figure class='gallery-item'>\n\t\t\t<div class='gallery-icon landscape'>\n\t\t\t\t<a href='https:\/\/korsarger3500.de\/wp-content\/uploads\/2016\/02\/Deck_24.jpg'><img loading=\"lazy\" decoding=\"async\" width=\"150\" height=\"150\" src=\"https:\/\/korsarger3500.de\/wp-content\/uploads\/2016\/02\/Deck_24-150x150.jpg\" class=\"attachment-thumbnail size-thumbnail\" alt=\"Ausgepackt\" \/><\/a>\n\t\t\t<\/div><\/figure><figure class='gallery-item'>\n\t\t\t<div class='gallery-icon landscape'>\n\t\t\t\t<a href='https:\/\/korsarger3500.de\/wp-content\/uploads\/2016\/02\/Deck_06.jpg'><img loading=\"lazy\" decoding=\"async\" width=\"150\" height=\"150\" src=\"https:\/\/korsarger3500.de\/wp-content\/uploads\/2016\/02\/Deck_06-150x150.jpg\" class=\"attachment-thumbnail size-thumbnail\" alt=\"Fertig\" \/><\/a>\n\t\t\t<\/div><\/figure><figure class='gallery-item'>\n\t\t\t<div class='gallery-icon landscape'>\n\t\t\t\t<a href='https:\/\/korsarger3500.de\/wp-content\/uploads\/2016\/02\/Deck_29.jpg'><img loading=\"lazy\" decoding=\"async\" width=\"150\" height=\"150\" src=\"https:\/\/korsarger3500.de\/wp-content\/uploads\/2016\/02\/Deck_29-150x150.jpg\" class=\"attachment-thumbnail size-thumbnail\" alt=\"Fertig gestrichen\" \/><\/a>\n\t\t\t<\/div><\/figure><figure class='gallery-item'>\n\t\t\t<div class='gallery-icon landscape'>\n\t\t\t\t<a href='https:\/\/korsarger3500.de\/wp-content\/uploads\/2016\/02\/Deck_05.jpg'><img loading=\"lazy\" decoding=\"async\" width=\"150\" height=\"150\" src=\"https:\/\/korsarger3500.de\/wp-content\/uploads\/2016\/02\/Deck_05-150x150.jpg\" class=\"attachment-thumbnail size-thumbnail\" alt=\"Fertig\" \/><\/a>\n\t\t\t<\/div><\/figure>\n\t\t<\/div>\n\n<p style=\"text-align: justify;\">Jetzt kann ich erst mal den ganzen Winter \u00fcber trocknen und ausspannen und freue mich auf den Fr\u00fchling wenn&#8217;s wieder an den See geht.<\/p>\n<p style=\"text-align: justify;\"><a href=\"http:\/\/korsarger3500.de\/index.php\/neue-segel\/\">weiter &#8230;<\/a><\/p>\n","protected":false},"excerpt":{"rendered":"<p>Hilfe !!! ich hab Blasen im Deck und das geht gar nicht. Irgendwie vertrage ich dieses neue Leben hier am See nicht so richtig. Immer frische Luft, Sonne, Regen, Wind und Wetter machen mir zu schaffen. Obwohl ich eine gut impr\u00e4gnierte Baumwoll-Zelt-Persening habe und immer sch\u00f6n trocken stehe, bilden sich auf meinem Deck im Lack &hellip; <a href=\"https:\/\/korsarger3500.de\/index.php\/deck-streichen\/\" class=\"more-link\"><span class=\"screen-reader-text\">Deck streichen<\/span> weiterlesen<\/a><\/p>\n","protected":false},"author":1,"featured_media":0,"parent":0,"menu_order":0,"comment_status":"closed","ping_status":"closed","template":"","meta":{"footnotes":""},"class_list":["post-410","page","type-page","status-publish","hentry"],"_links":{"self":[{"href":"https:\/\/korsarger3500.de\/index.php\/wp-json\/wp\/v2\/pages\/410","targetHints":{"allow":["GET"]}}],"collection":[{"href":"https:\/\/korsarger3500.de\/index.php\/wp-json\/wp\/v2\/pages"}],"about":[{"href":"https:\/\/korsarger3500.de\/index.php\/wp-json\/wp\/v2\/types\/page"}],"author":[{"embeddable":true,"href":"https:\/\/korsarger3500.de\/index.php\/wp-json\/wp\/v2\/users\/1"}],"replies":[{"embeddable":true,"href":"https:\/\/korsarger3500.de\/index.php\/wp-json\/wp\/v2\/comments?post=410"}],"version-history":[{"count":34,"href":"https:\/\/korsarger3500.de\/index.php\/wp-json\/wp\/v2\/pages\/410\/revisions"}],"predecessor-version":[{"id":9193,"href":"https:\/\/korsarger3500.de\/index.php\/wp-json\/wp\/v2\/pages\/410\/revisions\/9193"}],"wp:attachment":[{"href":"https:\/\/korsarger3500.de\/index.php\/wp-json\/wp\/v2\/media?parent=410"}],"curies":[{"name":"wp","href":"https:\/\/api.w.org\/{rel}","templated":true}]}}