{"id":3847,"date":"2017-06-04T06:44:29","date_gmt":"2017-06-04T04:44:29","guid":{"rendered":"https:\/\/korsarger3500.de\/?page_id=3847"},"modified":"2022-06-13T08:19:17","modified_gmt":"2022-06-13T06:19:17","slug":"spargel-cup-graben-neudorf-2017","status":"publish","type":"page","link":"https:\/\/korsarger3500.de\/index.php\/spargel-cup-graben-neudorf-2017\/","title":{"rendered":"Spargel-Cup Graben-Neudorf 2017"},"content":{"rendered":"<p style=\"text-align: justify;\"><a href=\"https:\/\/korsarger3500.de\/wp-content\/uploads\/2017\/06\/GN001.jpg\" data-lbwps-width=\"3096\" data-lbwps-height=\"4128\" data-lbwps-srcsmall=\"https:\/\/korsarger3500.de\/wp-content\/uploads\/2017\/06\/GN001-225x300.jpg\"><img loading=\"lazy\" decoding=\"async\" class=\"wp-image-3879 size-thumbnail alignleft\" src=\"https:\/\/korsarger3500.de\/wp-content\/uploads\/2017\/06\/GN001-150x150.jpg\" alt=\"\" width=\"150\" height=\"150\" \/><\/a>Mit geliehenem Spibaum vom Club-420er\u00a0ging die Reise an den Hardsee nach Graben-Neudorf. Die Crew und auch ich freuten uns sehr auf dieses Wochenende, treffen wir doch dort immer sehr viele Bekannte. Ich musste schon wieder Cremant in meinem Bauch transportieren, weil im MX zu wenig Platz ist. Der musste daf\u00fcr die gro\u00dfe Kiste Korsaren-News in seinem Kofferraum mitnehmen. Aber was macht man nicht alles f\u00fcr\u00a0 die gute Stimmung. Der bekannte Weg durch die Pfalz war wie immer kurzweilig und so waren wir ruck zuck auf dem Clubgel\u00e4nde des <a href=\"http:\/\/www.scgn.de\/\">SCGN <\/a>angekommen. Dort stand dieses Mal ein Einweiser bereit, der uns genau sagte wo Trailer, Auto und auch ich zu stehen hatten. So kam alles schnell an seinen Platz <a href=\"https:\/\/korsarger3500.de\/wp-content\/uploads\/2017\/06\/GN037.jpg\" data-lbwps-width=\"4000\" data-lbwps-height=\"3000\" data-lbwps-srcsmall=\"https:\/\/korsarger3500.de\/wp-content\/uploads\/2017\/06\/GN037-300x225.jpg\"><img loading=\"lazy\" decoding=\"async\" class=\"size-thumbnail wp-image-3892 alignright\" src=\"https:\/\/korsarger3500.de\/wp-content\/uploads\/2017\/06\/GN037-150x150.jpg\" alt=\"\" width=\"150\" height=\"150\" \/><\/a>und die Crew begr\u00fc\u00dfte die anderen Segler. Vom <em>wendefix<\/em> Skipper Gebhard bekam die Crew dann noch einen Spibaum zum Testen \u00fcberreicht. Ich sah dann noch mir zwei bis dahin unbekannte Schiffe: <em>mojo<\/em> und <em>Kermit,<\/em> der seinen Frosch immer mit nimmt. Dann wurde ich flugs aufgebaut und auch der Cremant fand seinen Weg zum neuen Besitzer. Nach der Steuermannsbesprechung, an der nat\u00fcrlich auch die Schotten teilnahmen, ging es auf das Wasser. Es sah zwar nicht nach viel Wind aus, aber der Wettfahrtleiter J\u00fcrgen wollte doch den einen oder anderen Lauf durchf\u00fchren. Nach einer betr\u00e4chtlichen Wartezeit\u00a0 konnte endlich ein Start durchgef\u00fchrt werden. Wir starteten nicht schlecht und <a href=\"https:\/\/korsarger3500.de\/wp-content\/uploads\/2017\/06\/GN018.jpg\" data-lbwps-width=\"4000\" data-lbwps-height=\"3000\" data-lbwps-srcsmall=\"https:\/\/korsarger3500.de\/wp-content\/uploads\/2017\/06\/GN018-300x225.jpg\"><img loading=\"lazy\" decoding=\"async\" class=\"wp-image-3887 size-thumbnail alignleft\" src=\"https:\/\/korsarger3500.de\/wp-content\/uploads\/2017\/06\/GN018-150x150.jpg\" alt=\"\" width=\"150\" height=\"150\" \/><\/a>segelten im vorderen Mittelfeld. Der drehende und unstetige Wind machte allen zu schaffen und so kam es, dass wir zur Leetonne mit dichten Segeln und mit der Schottin im Trapez fast kreuzen mussten. Dann zwei Minuten sp\u00e4ter schlief der Wind pl\u00f6tzlich ein und die Wettfahrtleitung beendete dieses Rennen. Wir lagen zu der Zeit an Platz sieben. Der <em>wendefix<\/em> Spibaum hat sich nicht bew\u00e4hrt, da er sich dank seines alten Kopfbeschlages immer von selbst in die Streben meines B\u00fcgels einhakte. Also wurde sp\u00e4ter wieder der 420er Baum benutzt.\u00a0 Eine weitere Wettfahrt konnte an diesem Tag nicht mehr gestartet werden. Wir Schiffe wurden abgeriggt und zugedeckt und die Crews machten sich auf den Weg zum Abendessen. Das feucht fr\u00f6hliche Gelage mit Gesangseinlagen der sogenannten Fischerch\u00f6re ging bis sp\u00e4t in die Nacht und endete wie immer hier, mit einem Lagerfeuer. Am Sonntag sah es auch nicht nach viel Wind aus aber alle Schiffe machten sich auf den Weg zur Regattabahn. Die Wettfahrtleitung gab sich wieder alle M\u00fche einen halbwegs guten Kurs auf dem kleine See zu platzieren. Der Start gelang wieder gut und die Crew segelte hinter <em>Bernd das Boot<\/em> und <em>Br\u00fcllk\u00e4fer<\/em> den kompletten Kurs ab. An der vorletzten Leetonne scherte <em>Br\u00fcllk\u00e4fer<\/em> aus und rollte die Genua. Die Crew dachten schon das Rennen w\u00e4re wieder abgebrochen, aber das galt<a href=\"https:\/\/korsarger3500.de\/wp-content\/uploads\/2017\/06\/GN066.jpg\" data-lbwps-width=\"1036\" data-lbwps-height=\"908\" data-lbwps-srcsmall=\"https:\/\/korsarger3500.de\/wp-content\/uploads\/2017\/06\/GN066-300x263.jpg\"><img loading=\"lazy\" decoding=\"async\" class=\"size-thumbnail wp-image-3903 alignright\" src=\"https:\/\/korsarger3500.de\/wp-content\/uploads\/2017\/06\/GN066-150x150.jpg\" alt=\"\" width=\"150\" height=\"150\" \/><\/a> nur <em>Br\u00fcllk\u00e4fer<\/em>. Seine Crew hatte Ihn mal wieder einen Tick vor dem Startschuss \u00fcber die Linie bugsiert und wurde von der Wettfahrtleitung aus dem Rennen genommen. So rundete wir die Luftonne an Position zwei dicht gefolgt von <em>Barbarella<\/em>. Auf dem folgenden Spikurs zog meine Crew zu sp\u00e4t den Spi und lies sich noch von <em>Barbarella<\/em> \u00fcberholen. So beendete wir diesen Lauf als Dritte. Von <em>Br\u00fcllk\u00e4fer,<\/em> der an der Ziellinie mit seine Crew wartete und sich den Ausgang des Rennens ansah, kam auch gleich die Schelte f\u00fcr dieses ungeschickte Verhalten. Den n\u00e4chsten Start verhaute Skipper komplett und startete am falschen Ende der Linie. Das f\u00fchrte dazu, dass wir als vorletzte die Luvtonne umrundeten. Aber die Crew konzentrierte sich und segelte sich wieder vor bis ins Mittelfeld. Der Wind drehte immer wieder hin und her so das <em>Br\u00fcllk\u00e4fer<\/em> sogar ein St\u00fcck zur letzten Luvtonne unter Spi zur\u00fccklegte. Den als &#8222;Schweinerennen&#8220; bezeichneten Lauf beendeten wir dann auf Platz acht. Dann war der Segeltag auch schon zu Ende und ich wurde eingepackt. Bei der folgenden Siegerehrung staunte die Crew nicht schlecht \u00fcber der zweiten Platz im<a href=\"https:\/\/korsarger3500.de\/wp-content\/uploads\/2017\/06\/GN065.jpg\" data-lbwps-width=\"4000\" data-lbwps-height=\"3000\" data-lbwps-srcsmall=\"https:\/\/korsarger3500.de\/wp-content\/uploads\/2017\/06\/GN065-300x225.jpg\"><img loading=\"lazy\" decoding=\"async\" class=\"size-thumbnail wp-image-3902 alignleft\" src=\"https:\/\/korsarger3500.de\/wp-content\/uploads\/2017\/06\/GN065-150x150.jpg\" alt=\"\" width=\"150\" height=\"150\" \/><\/a> Gesamtergebnis. Einen der drei gro\u00dfen Spargelk\u00f6rbe durfte ich dann in meinem Bauch an Stelle des Cremant mit nach Hause transportieren. Viel Zeit zum verputzen der Leckerei kann die Crew sich nicht lasen, geht es doch schon in ein paar Tagen nach Colico an den Comer See. Ich freu mich riesig.<\/p>\n<p style=\"text-align: justify;\">wie immer hier noch ein paar Schnappsch\u00fcsse&#8230;<\/p>\n<div id='gallery-1' class='gallery galleryid-3847 gallery-columns-4 gallery-size-thumbnail'><figure class='gallery-item'>\n\t\t\t<div class='gallery-icon landscape'>\n\t\t\t\t<a href='https:\/\/korsarger3500.de\/wp-content\/uploads\/2017\/06\/GN042.jpg'><img loading=\"lazy\" decoding=\"async\" width=\"150\" height=\"150\" src=\"https:\/\/korsarger3500.de\/wp-content\/uploads\/2017\/06\/GN042-150x150.jpg\" class=\"attachment-thumbnail size-thumbnail\" alt=\"\" \/><\/a>\n\t\t\t<\/div><\/figure><figure class='gallery-item'>\n\t\t\t<div class='gallery-icon landscape'>\n\t\t\t\t<a href='https:\/\/korsarger3500.de\/wp-content\/uploads\/2017\/06\/GN039.jpg'><img loading=\"lazy\" decoding=\"async\" width=\"150\" height=\"150\" src=\"https:\/\/korsarger3500.de\/wp-content\/uploads\/2017\/06\/GN039-150x150.jpg\" class=\"attachment-thumbnail size-thumbnail\" alt=\"\" \/><\/a>\n\t\t\t<\/div><\/figure><figure class='gallery-item'>\n\t\t\t<div class='gallery-icon landscape'>\n\t\t\t\t<a href='https:\/\/korsarger3500.de\/wp-content\/uploads\/2017\/06\/GN037.jpg'><img loading=\"lazy\" decoding=\"async\" width=\"150\" height=\"150\" src=\"https:\/\/korsarger3500.de\/wp-content\/uploads\/2017\/06\/GN037-150x150.jpg\" class=\"attachment-thumbnail size-thumbnail\" alt=\"\" \/><\/a>\n\t\t\t<\/div><\/figure><figure class='gallery-item'>\n\t\t\t<div class='gallery-icon landscape'>\n\t\t\t\t<a href='https:\/\/korsarger3500.de\/wp-content\/uploads\/2017\/06\/GN038.jpg'><img loading=\"lazy\" decoding=\"async\" width=\"150\" height=\"150\" src=\"https:\/\/korsarger3500.de\/wp-content\/uploads\/2017\/06\/GN038-150x150.jpg\" class=\"attachment-thumbnail size-thumbnail\" alt=\"\" \/><\/a>\n\t\t\t<\/div><\/figure><figure class='gallery-item'>\n\t\t\t<div class='gallery-icon landscape'>\n\t\t\t\t<a href='https:\/\/korsarger3500.de\/wp-content\/uploads\/2017\/06\/GN047.jpg'><img loading=\"lazy\" decoding=\"async\" width=\"150\" height=\"150\" src=\"https:\/\/korsarger3500.de\/wp-content\/uploads\/2017\/06\/GN047-150x150.jpg\" class=\"attachment-thumbnail size-thumbnail\" alt=\"\" \/><\/a>\n\t\t\t<\/div><\/figure><figure class='gallery-item'>\n\t\t\t<div class='gallery-icon landscape'>\n\t\t\t\t<a href='https:\/\/korsarger3500.de\/wp-content\/uploads\/2017\/06\/GN021.jpg'><img loading=\"lazy\" decoding=\"async\" width=\"150\" height=\"150\" src=\"https:\/\/korsarger3500.de\/wp-content\/uploads\/2017\/06\/GN021-150x150.jpg\" class=\"attachment-thumbnail size-thumbnail\" alt=\"\" \/><\/a>\n\t\t\t<\/div><\/figure><figure class='gallery-item'>\n\t\t\t<div class='gallery-icon landscape'>\n\t\t\t\t<a href='https:\/\/korsarger3500.de\/wp-content\/uploads\/2017\/06\/GN003.jpg'><img loading=\"lazy\" decoding=\"async\" width=\"150\" height=\"150\" src=\"https:\/\/korsarger3500.de\/wp-content\/uploads\/2017\/06\/GN003-150x150.jpg\" class=\"attachment-thumbnail size-thumbnail\" alt=\"\" \/><\/a>\n\t\t\t<\/div><\/figure><figure class='gallery-item'>\n\t\t\t<div class='gallery-icon landscape'>\n\t\t\t\t<a href='https:\/\/korsarger3500.de\/wp-content\/uploads\/2017\/06\/GN016.jpg'><img loading=\"lazy\" decoding=\"async\" width=\"150\" height=\"150\" src=\"https:\/\/korsarger3500.de\/wp-content\/uploads\/2017\/06\/GN016-150x150.jpg\" class=\"attachment-thumbnail size-thumbnail\" alt=\"\" \/><\/a>\n\t\t\t<\/div><\/figure><figure class='gallery-item'>\n\t\t\t<div class='gallery-icon landscape'>\n\t\t\t\t<a href='https:\/\/korsarger3500.de\/wp-content\/uploads\/2017\/06\/GN031.jpg'><img loading=\"lazy\" decoding=\"async\" width=\"150\" height=\"150\" src=\"https:\/\/korsarger3500.de\/wp-content\/uploads\/2017\/06\/GN031-150x150.jpg\" class=\"attachment-thumbnail size-thumbnail\" alt=\"\" \/><\/a>\n\t\t\t<\/div><\/figure><figure class='gallery-item'>\n\t\t\t<div class='gallery-icon portrait'>\n\t\t\t\t<a href='https:\/\/korsarger3500.de\/wp-content\/uploads\/2017\/06\/GN029.jpg'><img loading=\"lazy\" decoding=\"async\" width=\"150\" height=\"150\" src=\"https:\/\/korsarger3500.de\/wp-content\/uploads\/2017\/06\/GN029-150x150.jpg\" class=\"attachment-thumbnail size-thumbnail\" alt=\"\" \/><\/a>\n\t\t\t<\/div><\/figure><figure class='gallery-item'>\n\t\t\t<div class='gallery-icon landscape'>\n\t\t\t\t<a href='https:\/\/korsarger3500.de\/wp-content\/uploads\/2017\/06\/GN024.jpg'><img loading=\"lazy\" decoding=\"async\" width=\"150\" height=\"150\" src=\"https:\/\/korsarger3500.de\/wp-content\/uploads\/2017\/06\/GN024-150x150.jpg\" class=\"attachment-thumbnail size-thumbnail\" alt=\"\" \/><\/a>\n\t\t\t<\/div><\/figure><figure class='gallery-item'>\n\t\t\t<div class='gallery-icon landscape'>\n\t\t\t\t<a href='https:\/\/korsarger3500.de\/wp-content\/uploads\/2017\/06\/GN012.jpg'><img loading=\"lazy\" decoding=\"async\" width=\"150\" height=\"150\" src=\"https:\/\/korsarger3500.de\/wp-content\/uploads\/2017\/06\/GN012-150x150.jpg\" class=\"attachment-thumbnail size-thumbnail\" alt=\"\" \/><\/a>\n\t\t\t<\/div><\/figure><figure class='gallery-item'>\n\t\t\t<div class='gallery-icon landscape'>\n\t\t\t\t<a href='https:\/\/korsarger3500.de\/wp-content\/uploads\/2017\/06\/GN011.jpg'><img loading=\"lazy\" decoding=\"async\" width=\"150\" height=\"150\" src=\"https:\/\/korsarger3500.de\/wp-content\/uploads\/2017\/06\/GN011-150x150.jpg\" class=\"attachment-thumbnail size-thumbnail\" alt=\"\" \/><\/a>\n\t\t\t<\/div><\/figure><figure class='gallery-item'>\n\t\t\t<div class='gallery-icon landscape'>\n\t\t\t\t<a href='https:\/\/korsarger3500.de\/wp-content\/uploads\/2017\/06\/GN006.jpg'><img loading=\"lazy\" decoding=\"async\" width=\"150\" height=\"150\" src=\"https:\/\/korsarger3500.de\/wp-content\/uploads\/2017\/06\/GN006-150x150.jpg\" class=\"attachment-thumbnail size-thumbnail\" alt=\"\" \/><\/a>\n\t\t\t<\/div><\/figure><figure class='gallery-item'>\n\t\t\t<div class='gallery-icon landscape'>\n\t\t\t\t<a href='https:\/\/korsarger3500.de\/wp-content\/uploads\/2017\/06\/GN013.jpg'><img loading=\"lazy\" decoding=\"async\" width=\"150\" height=\"150\" src=\"https:\/\/korsarger3500.de\/wp-content\/uploads\/2017\/06\/GN013-150x150.jpg\" class=\"attachment-thumbnail size-thumbnail\" alt=\"\" \/><\/a>\n\t\t\t<\/div><\/figure><figure class='gallery-item'>\n\t\t\t<div class='gallery-icon landscape'>\n\t\t\t\t<a href='https:\/\/korsarger3500.de\/wp-content\/uploads\/2017\/06\/GN040.jpg'><img loading=\"lazy\" decoding=\"async\" width=\"150\" height=\"150\" src=\"https:\/\/korsarger3500.de\/wp-content\/uploads\/2017\/06\/GN040-150x150.jpg\" class=\"attachment-thumbnail size-thumbnail\" alt=\"\" \/><\/a>\n\t\t\t<\/div><\/figure><figure class='gallery-item'>\n\t\t\t<div class='gallery-icon landscape'>\n\t\t\t\t<a href='https:\/\/korsarger3500.de\/wp-content\/uploads\/2017\/06\/GN061.jpg'><img loading=\"lazy\" decoding=\"async\" width=\"150\" height=\"150\" src=\"https:\/\/korsarger3500.de\/wp-content\/uploads\/2017\/06\/GN061-150x150.jpg\" class=\"attachment-thumbnail size-thumbnail\" alt=\"\" \/><\/a>\n\t\t\t<\/div><\/figure><figure class='gallery-item'>\n\t\t\t<div class='gallery-icon landscape'>\n\t\t\t\t<a href='https:\/\/korsarger3500.de\/wp-content\/uploads\/2017\/06\/GN058.jpg'><img loading=\"lazy\" decoding=\"async\" width=\"150\" height=\"150\" src=\"https:\/\/korsarger3500.de\/wp-content\/uploads\/2017\/06\/GN058-150x150.jpg\" class=\"attachment-thumbnail size-thumbnail\" alt=\"\" \/><\/a>\n\t\t\t<\/div><\/figure><figure class='gallery-item'>\n\t\t\t<div class='gallery-icon landscape'>\n\t\t\t\t<a href='https:\/\/korsarger3500.de\/wp-content\/uploads\/2017\/06\/GN056.jpg'><img loading=\"lazy\" decoding=\"async\" width=\"150\" height=\"150\" src=\"https:\/\/korsarger3500.de\/wp-content\/uploads\/2017\/06\/GN056-150x150.jpg\" class=\"attachment-thumbnail size-thumbnail\" alt=\"\" \/><\/a>\n\t\t\t<\/div><\/figure><figure class='gallery-item'>\n\t\t\t<div class='gallery-icon landscape'>\n\t\t\t\t<a href='https:\/\/korsarger3500.de\/wp-content\/uploads\/2017\/06\/GN052.jpg'><img loading=\"lazy\" decoding=\"async\" width=\"150\" height=\"150\" src=\"https:\/\/korsarger3500.de\/wp-content\/uploads\/2017\/06\/GN052-150x150.jpg\" class=\"attachment-thumbnail size-thumbnail\" alt=\"\" \/><\/a>\n\t\t\t<\/div><\/figure>\n\t\t<\/div>\n\n<p style=\"text-align: justify;\">ah- so gewonnen hat\u00a0<em>Bernd das Boot<\/em> mit Lisa und Tim an Bord &#8230; vor mir<\/p>\n<p style=\"text-align: justify;\"><a href=\"https:\/\/korsarger3500.de\/wp-content\/uploads\/2022\/06\/2017_GrabenNeudorf.jpg\" data-lbwps-width=\"951\" data-lbwps-height=\"520\" data-lbwps-srcsmall=\"https:\/\/korsarger3500.de\/wp-content\/uploads\/2022\/06\/2017_GrabenNeudorf-300x164.jpg\">Ergebnis<\/a><\/p>\n<p style=\"text-align: justify;\"><a href=\"https:\/\/korsarger3500.de\/index.php\/euro-cup-am-comer-see\/\">weiter <\/a>\u2026oder zur <a href=\"http:\/\/korsarger3500.de\/\">Startseite<\/a><\/p>\n<p>&nbsp;<\/p>\n","protected":false},"excerpt":{"rendered":"<p>Mit geliehenem Spibaum vom Club-420er\u00a0ging die Reise an den Hardsee nach Graben-Neudorf. Die Crew und auch ich freuten uns sehr auf dieses Wochenende, treffen wir doch dort immer sehr viele Bekannte. Ich musste schon wieder Cremant in meinem Bauch transportieren, weil im MX zu wenig Platz ist. Der musste daf\u00fcr die gro\u00dfe Kiste Korsaren-News in &hellip; <a href=\"https:\/\/korsarger3500.de\/index.php\/spargel-cup-graben-neudorf-2017\/\" class=\"more-link\"><span class=\"screen-reader-text\">Spargel-Cup Graben-Neudorf 2017<\/span> weiterlesen<\/a><\/p>\n","protected":false},"author":1,"featured_media":0,"parent":0,"menu_order":0,"comment_status":"closed","ping_status":"closed","template":"","meta":{"footnotes":""},"class_list":["post-3847","page","type-page","status-publish","hentry"],"_links":{"self":[{"href":"https:\/\/korsarger3500.de\/index.php\/wp-json\/wp\/v2\/pages\/3847","targetHints":{"allow":["GET"]}}],"collection":[{"href":"https:\/\/korsarger3500.de\/index.php\/wp-json\/wp\/v2\/pages"}],"about":[{"href":"https:\/\/korsarger3500.de\/index.php\/wp-json\/wp\/v2\/types\/page"}],"author":[{"embeddable":true,"href":"https:\/\/korsarger3500.de\/index.php\/wp-json\/wp\/v2\/users\/1"}],"replies":[{"embeddable":true,"href":"https:\/\/korsarger3500.de\/index.php\/wp-json\/wp\/v2\/comments?post=3847"}],"version-history":[{"count":22,"href":"https:\/\/korsarger3500.de\/index.php\/wp-json\/wp\/v2\/pages\/3847\/revisions"}],"predecessor-version":[{"id":7867,"href":"https:\/\/korsarger3500.de\/index.php\/wp-json\/wp\/v2\/pages\/3847\/revisions\/7867"}],"wp:attachment":[{"href":"https:\/\/korsarger3500.de\/index.php\/wp-json\/wp\/v2\/media?parent=3847"}],"curies":[{"name":"wp","href":"https:\/\/api.w.org\/{rel}","templated":true}]}}