{"id":3787,"date":"2017-05-10T08:53:09","date_gmt":"2017-05-10T06:53:09","guid":{"rendered":"https:\/\/korsarger3500.de\/?page_id=3787"},"modified":"2017-10-10T10:38:10","modified_gmt":"2017-10-10T08:38:10","slug":"inheiden-mitbringsel","status":"publish","type":"page","link":"https:\/\/korsarger3500.de\/index.php\/inheiden-mitbringsel\/","title":{"rendered":"Inheiden Mitbringsel"},"content":{"rendered":"<p style=\"text-align: justify;\">Oder auch nicht mehr mehr mitgebracht. In Ineiden sind wir nicht ganz ohne Blessuren davon gekommen. Die Finger der Crew hatten einiges abbekommen. Aber das geht ja von alleine wieder weg.<\/p>\n<p style=\"text-align: justify;\"><a href=\"https:\/\/korsarger3500.de\/wp-content\/uploads\/2017\/05\/H_079.jpg\" data-lbwps-width=\"4000\" data-lbwps-height=\"3000\" data-lbwps-srcsmall=\"https:\/\/korsarger3500.de\/wp-content\/uploads\/2017\/05\/H_079-300x225.jpg\"><img loading=\"lazy\" decoding=\"async\" class=\"alignnone size-thumbnail wp-image-3699\" src=\"https:\/\/korsarger3500.de\/wp-content\/uploads\/2017\/05\/H_079-150x150.jpg\" alt=\"\" width=\"150\" height=\"150\" \/><\/a><\/p>\n<p style=\"text-align: justify;\">Apropos weg, mein sch\u00f6ner Spibaum der extra einen angeschmiegten Topnantbeschlag hatte ist weg. Der ist der Crew beim Kentern abhanden gekommen ohne das Sie es gemerkt hat.<\/p>\n<p style=\"text-align: justify;\"><a href=\"https:\/\/korsarger3500.de\/wp-content\/uploads\/2016\/03\/Spibaum_Topnantbeschlag.jpg\" data-lbwps-width=\"4000\" data-lbwps-height=\"3000\" data-lbwps-srcsmall=\"https:\/\/korsarger3500.de\/wp-content\/uploads\/2016\/03\/Spibaum_Topnantbeschlag-300x225.jpg\"><img loading=\"lazy\" decoding=\"async\" class=\"alignnone size-thumbnail wp-image-974\" src=\"https:\/\/korsarger3500.de\/wp-content\/uploads\/2016\/03\/Spibaum_Topnantbeschlag-150x150.jpg\" alt=\"Spibaum Topnantbeschlag\" width=\"150\" height=\"150\" \/><\/a><\/p>\n<p style=\"text-align: justify;\">Bei der Kenterung ist Skipper dann auch gerade mal auf die Verstrebungen des Gro\u00dfschotb\u00fcgels\u00a0 getreten und hat den arg verbogen. Das darf er dann wieder gerade biegen.<\/p>\n<p style=\"text-align: justify;\"><a href=\"https:\/\/korsarger3500.de\/wp-content\/uploads\/2017\/05\/ih07-1.jpg\" data-lbwps-width=\"4000\" data-lbwps-height=\"3000\" data-lbwps-srcsmall=\"https:\/\/korsarger3500.de\/wp-content\/uploads\/2017\/05\/ih07-1-300x225.jpg\"><img loading=\"lazy\" decoding=\"async\" class=\"alignnone size-thumbnail wp-image-3790\" src=\"https:\/\/korsarger3500.de\/wp-content\/uploads\/2017\/05\/ih07-1-150x150.jpg\" alt=\"\" width=\"150\" height=\"150\" \/><\/a><\/p>\n<p style=\"text-align: justify;\">Beim letzten Start hab ich mich (mal wieder) am Schwert verletzt. Das muss auch gespachtelt werden sonst zieht das Holz gleich Wasser.<\/p>\n<p style=\"text-align: justify;\"><a href=\"https:\/\/korsarger3500.de\/wp-content\/uploads\/2017\/05\/ih11-1.jpg\" data-lbwps-width=\"4000\" data-lbwps-height=\"3000\" data-lbwps-srcsmall=\"https:\/\/korsarger3500.de\/wp-content\/uploads\/2017\/05\/ih11-1-300x225.jpg\"><img loading=\"lazy\" decoding=\"async\" class=\"alignnone size-thumbnail wp-image-3792\" src=\"https:\/\/korsarger3500.de\/wp-content\/uploads\/2017\/05\/ih11-1-150x150.jpg\" alt=\"\" width=\"150\" height=\"150\" \/><\/a><\/p>\n<p style=\"text-align: justify;\">Dann ist durch das h\u00e4ufige Eintreten und Abrei\u00dfen der Heckfolie ein Teil der Farbe am Heck abgegangen und auch dort blitzt rohes Holz hervor. Auch hier muss ausgebessert werden. Zun\u00e4chst schleifen, dann zweimal Klarlack drauf und anschlie\u00dfend den wei\u00dfen Rand wieder herstellen.<\/p>\n<div id='gallery-1' class='gallery galleryid-3787 gallery-columns-4 gallery-size-thumbnail'><figure class='gallery-item'>\n\t\t\t<div class='gallery-icon landscape'>\n\t\t\t\t<a href='https:\/\/korsarger3500.de\/wp-content\/uploads\/2017\/05\/ih12-1.jpg'><img loading=\"lazy\" decoding=\"async\" width=\"150\" height=\"150\" src=\"https:\/\/korsarger3500.de\/wp-content\/uploads\/2017\/05\/ih12-1-150x150.jpg\" class=\"attachment-thumbnail size-thumbnail\" alt=\"\" \/><\/a>\n\t\t\t<\/div><\/figure><figure class='gallery-item'>\n\t\t\t<div class='gallery-icon landscape'>\n\t\t\t\t<a href='https:\/\/korsarger3500.de\/wp-content\/uploads\/2017\/05\/ih15-1.jpg'><img loading=\"lazy\" decoding=\"async\" width=\"150\" height=\"150\" src=\"https:\/\/korsarger3500.de\/wp-content\/uploads\/2017\/05\/ih15-1-150x150.jpg\" class=\"attachment-thumbnail size-thumbnail\" alt=\"\" \/><\/a>\n\t\t\t<\/div><\/figure>\n\t\t<\/div>\n\n<p style=\"text-align: justify;\">Die Folien auf das Heck aufkleben ist auf Dauer keine so gute Idee. Bei manchen Folien ist der Kleber so stark das er den Lack abl\u00f6st, bei anderen h\u00e4lt die Folie nicht lange und ich bin undicht am Heck. Das geht gar nicht! Da musste also eine bessere L\u00f6sung her. Skipper versuchte es jetzt mal mit 4 mm dickem Plexiglas welches er passend ausgeschnitten hat. Drei Fixierungsschrauben in den Ecken halten die Scheiben in Position und zwei Gummis ziehen sie stramm auf mein Heck. Die Scheiben k\u00f6nnen einfach weg geklappt und in meine Rumpf gelegt werden. So kann ich auch viel schneller trocknen und l\u00fcften wenn ich bei uns am See stehe. Eventuell m\u00fcssen da noch d\u00fcnne Dichtlippen darunter, das werden wir sehen wenn ich wider schwimmen darf.<\/p>\n<div id='gallery-2' class='gallery galleryid-3787 gallery-columns-4 gallery-size-thumbnail'><figure class='gallery-item'>\n\t\t\t<div class='gallery-icon landscape'>\n\t\t\t\t<a href='https:\/\/korsarger3500.de\/wp-content\/uploads\/2017\/05\/ih14-1.jpg'><img loading=\"lazy\" decoding=\"async\" width=\"150\" height=\"150\" src=\"https:\/\/korsarger3500.de\/wp-content\/uploads\/2017\/05\/ih14-1-150x150.jpg\" class=\"attachment-thumbnail size-thumbnail\" alt=\"\" \/><\/a>\n\t\t\t<\/div><\/figure><figure class='gallery-item'>\n\t\t\t<div class='gallery-icon landscape'>\n\t\t\t\t<a href='https:\/\/korsarger3500.de\/wp-content\/uploads\/2017\/05\/ih18-1.jpg'><img loading=\"lazy\" decoding=\"async\" width=\"150\" height=\"150\" src=\"https:\/\/korsarger3500.de\/wp-content\/uploads\/2017\/05\/ih18-1-150x150.jpg\" class=\"attachment-thumbnail size-thumbnail\" alt=\"\" \/><\/a>\n\t\t\t<\/div><\/figure><figure class='gallery-item'>\n\t\t\t<div class='gallery-icon landscape'>\n\t\t\t\t<a href='https:\/\/korsarger3500.de\/wp-content\/uploads\/2017\/05\/ih16-1.jpg'><img loading=\"lazy\" decoding=\"async\" width=\"150\" height=\"150\" src=\"https:\/\/korsarger3500.de\/wp-content\/uploads\/2017\/05\/ih16-1-150x150.jpg\" class=\"attachment-thumbnail size-thumbnail\" alt=\"\" \/><\/a>\n\t\t\t<\/div><\/figure><figure class='gallery-item'>\n\t\t\t<div class='gallery-icon landscape'>\n\t\t\t\t<a href='https:\/\/korsarger3500.de\/wp-content\/uploads\/2017\/05\/ih19-1.jpg'><img loading=\"lazy\" decoding=\"async\" width=\"150\" height=\"150\" src=\"https:\/\/korsarger3500.de\/wp-content\/uploads\/2017\/05\/ih19-1-150x150.jpg\" class=\"attachment-thumbnail size-thumbnail\" alt=\"\" \/><\/a>\n\t\t\t<\/div><\/figure>\n\t\t<\/div>\n\n<p style=\"text-align: justify;\">Und da sind dann noch zwei von diesen Deckel die dann auf den Weizenbiergl\u00e4sern im Garten ruhen. Aber erst wenn Skipper mit dem flicken fertigt ist und Schottin meine Fehlerchen im Text beseitigt hat.<\/p>\n<p style=\"text-align: justify;\"><a href=\"https:\/\/korsarger3500.de\/wp-content\/uploads\/2017\/05\/H_073.jpg\" data-lbwps-width=\"4000\" data-lbwps-height=\"3000\" data-lbwps-srcsmall=\"https:\/\/korsarger3500.de\/wp-content\/uploads\/2017\/05\/H_073-300x225.jpg\"><img loading=\"lazy\" decoding=\"async\" class=\"size-thumbnail wp-image-3693 aligncenter\" src=\"https:\/\/korsarger3500.de\/wp-content\/uploads\/2017\/05\/H_073-150x150.jpg\" alt=\"\" width=\"150\" height=\"150\" \/><\/a>zur <a href=\"http:\/\/korsarger3500.de\/\">Startseite<\/a><\/p>\n<p style=\"text-align: justify;\">\n","protected":false},"excerpt":{"rendered":"<p>Oder auch nicht mehr mehr mitgebracht. In Ineiden sind wir nicht ganz ohne Blessuren davon gekommen. Die Finger der Crew hatten einiges abbekommen. Aber das geht ja von alleine wieder weg. Apropos weg, mein sch\u00f6ner Spibaum der extra einen angeschmiegten Topnantbeschlag hatte ist weg. Der ist der Crew beim Kentern abhanden gekommen ohne das Sie &hellip; <a href=\"https:\/\/korsarger3500.de\/index.php\/inheiden-mitbringsel\/\" class=\"more-link\"><span class=\"screen-reader-text\">Inheiden Mitbringsel<\/span> weiterlesen<\/a><\/p>\n","protected":false},"author":1,"featured_media":0,"parent":0,"menu_order":0,"comment_status":"closed","ping_status":"closed","template":"","meta":{"footnotes":""},"class_list":["post-3787","page","type-page","status-publish","hentry"],"_links":{"self":[{"href":"https:\/\/korsarger3500.de\/index.php\/wp-json\/wp\/v2\/pages\/3787","targetHints":{"allow":["GET"]}}],"collection":[{"href":"https:\/\/korsarger3500.de\/index.php\/wp-json\/wp\/v2\/pages"}],"about":[{"href":"https:\/\/korsarger3500.de\/index.php\/wp-json\/wp\/v2\/types\/page"}],"author":[{"embeddable":true,"href":"https:\/\/korsarger3500.de\/index.php\/wp-json\/wp\/v2\/users\/1"}],"replies":[{"embeddable":true,"href":"https:\/\/korsarger3500.de\/index.php\/wp-json\/wp\/v2\/comments?post=3787"}],"version-history":[{"count":10,"href":"https:\/\/korsarger3500.de\/index.php\/wp-json\/wp\/v2\/pages\/3787\/revisions"}],"predecessor-version":[{"id":4611,"href":"https:\/\/korsarger3500.de\/index.php\/wp-json\/wp\/v2\/pages\/3787\/revisions\/4611"}],"wp:attachment":[{"href":"https:\/\/korsarger3500.de\/index.php\/wp-json\/wp\/v2\/media?parent=3787"}],"curies":[{"name":"wp","href":"https:\/\/api.w.org\/{rel}","templated":true}]}}