{"id":366,"date":"2016-02-10T11:32:57","date_gmt":"2016-02-10T10:32:57","guid":{"rendered":"http:\/\/korsarger3500.de\/?page_id=366"},"modified":"2024-08-19T06:27:58","modified_gmt":"2024-08-19T04:27:58","slug":"spi-barber-einbauen","status":"publish","type":"page","link":"https:\/\/korsarger3500.de\/index.php\/spi-barber-einbauen\/","title":{"rendered":"Spi Barber einbauen"},"content":{"rendered":"<p style=\"text-align: justify;\">Zu der Zeit als ich gebaut wurde waren Spinnaker-Barberholer wohl noch nicht &#8222;IN&#8220;. Bei mir wird die Luv-Spishot einfach durch einen Schlitz in der Scheuerleiste am Rumpf gef\u00fchrt und damit basta!<a href=\"http:\/\/korsarger3500.de\/wp-content\/uploads\/2016\/02\/Schlitz.jpg\" data-lbwps-width=\"1176\" data-lbwps-height=\"812\" data-lbwps-srcsmall=\"https:\/\/korsarger3500.de\/wp-content\/uploads\/2016\/02\/Schlitz-300x207.jpg\"><img loading=\"lazy\" decoding=\"async\" class=\"aligncenter wp-image-381 size-medium\" src=\"http:\/\/korsarger3500.de\/wp-content\/uploads\/2016\/02\/Schlitz-300x207.jpg\" alt=\"Schlitz\" width=\"300\" height=\"207\" srcset=\"https:\/\/korsarger3500.de\/wp-content\/uploads\/2016\/02\/Schlitz-300x207.jpg 300w, https:\/\/korsarger3500.de\/wp-content\/uploads\/2016\/02\/Schlitz-768x530.jpg 768w, https:\/\/korsarger3500.de\/wp-content\/uploads\/2016\/02\/Schlitz-1024x707.jpg 1024w, https:\/\/korsarger3500.de\/wp-content\/uploads\/2016\/02\/Schlitz.jpg 1176w\" sizes=\"auto, (max-width: 300px) 100vw, 300px\" \/><\/a>Wie die fr\u00fcheren Schotten damit klar gekommen sind, kann ich nicht berichten. Die neue Crew will aber so nicht segeln. Da f\u00e4llt manchmal die Luvschot aus dem Schlitz und dann haut der Spi nach oben ab.\u00a0 Die Folge war, das ich meinem Schwert beinahe, wie ein\u00a0Orka, den Himmel zeigten musste.\u00a0Also musste ein Umbau auf ein regattataugliches Spinnaker-Barberholer System her. Es wurden mehrere Varianten Betracht gezogen. Eine Kammklemme auf das Deck zu montieren w\u00e4re die einfachste L\u00f6sung gewesen, aber das wollte der Skipper nicht, weil er sich selbst mal als Vorschoter an dem Teil verletzt hatte. Wahrscheinlich hat er zu viel im Trapez rum geturnt und ist dann darauf gefallen. Es sollte ein verstellbarer Barber her wie bei den neuen Regattabooten auch. So wurden also L\u00f6cher in mein Deck gebohrt, das Deck darunter verst\u00e4rkt und Decksdurchf\u00fchrungen eingeklebt.<a href=\"http:\/\/korsarger3500.de\/wp-content\/uploads\/2016\/02\/Decksdurchf\u00fchrung.jpg\" data-lbwps-width=\"4000\" data-lbwps-height=\"3000\" data-lbwps-srcsmall=\"https:\/\/korsarger3500.de\/wp-content\/uploads\/2016\/02\/Decksdurchf\u00fchrung-300x225.jpg\"><img loading=\"lazy\" decoding=\"async\" class=\"aligncenter wp-image-374 size-medium\" src=\"http:\/\/korsarger3500.de\/wp-content\/uploads\/2016\/02\/Decksdurchf\u00fchrung-300x225.jpg\" alt=\"Decksdurchf\u00fchrung\" width=\"300\" height=\"225\" srcset=\"https:\/\/korsarger3500.de\/wp-content\/uploads\/2016\/02\/Decksdurchf\u00fchrung-300x225.jpg 300w, https:\/\/korsarger3500.de\/wp-content\/uploads\/2016\/02\/Decksdurchf\u00fchrung-768x576.jpg 768w, https:\/\/korsarger3500.de\/wp-content\/uploads\/2016\/02\/Decksdurchf\u00fchrung-1024x768.jpg 1024w\" sizes=\"auto, (max-width: 300px) 100vw, 300px\" \/><\/a>Am Spant wurden neue Kammklemmen mit integrieter Umlenkrolle\u00a0 angeschraubt, um dort die Schot zu belegen.<\/p>\n<p style=\"text-align: justify;\"><a href=\"http:\/\/korsarger3500.de\/wp-content\/uploads\/2016\/02\/Kammklemme.jpg\" data-lbwps-width=\"295\" data-lbwps-height=\"140\" data-lbwps-srcsmall=\"https:\/\/korsarger3500.de\/wp-content\/uploads\/2016\/02\/Kammklemme.jpg\"><img loading=\"lazy\" decoding=\"async\" class=\"alignleft wp-image-376 size-full\" src=\"http:\/\/korsarger3500.de\/wp-content\/uploads\/2016\/02\/Kammklemme.jpg\" alt=\"Kammklemme\" width=\"295\" height=\"140\" \/><\/a><a href=\"http:\/\/korsarger3500.de\/wp-content\/uploads\/2016\/02\/Kammklemme-eingebaut.jpg\" data-lbwps-width=\"4000\" data-lbwps-height=\"3000\" data-lbwps-srcsmall=\"https:\/\/korsarger3500.de\/wp-content\/uploads\/2016\/02\/Kammklemme-eingebaut-300x225.jpg\"><img loading=\"lazy\" decoding=\"async\" class=\"alignnone wp-image-375 size-medium\" src=\"http:\/\/korsarger3500.de\/wp-content\/uploads\/2016\/02\/Kammklemme-eingebaut-300x225.jpg\" alt=\"Kammklemme eingebaut\" width=\"300\" height=\"225\" srcset=\"https:\/\/korsarger3500.de\/wp-content\/uploads\/2016\/02\/Kammklemme-eingebaut-300x225.jpg 300w, https:\/\/korsarger3500.de\/wp-content\/uploads\/2016\/02\/Kammklemme-eingebaut-768x576.jpg 768w, https:\/\/korsarger3500.de\/wp-content\/uploads\/2016\/02\/Kammklemme-eingebaut-1024x768.jpg 1024w\" sizes=\"auto, (max-width: 300px) 100vw, 300px\" \/><\/a><\/p>\n<p style=\"text-align: justify;\">Was nun noch fehlte waren die Klotjes aus Hartholz um Spischot und Barber miteinder zu verbinden. Anstatt gleich hochwertige Teile aus ALU zu kaufen wollte der Skipper unbedingt die Dinger selber aus Hartholz drechseln. Weil&#8217;s sch\u00f6ner aussieht und besser zu mir passt. <a href=\"http:\/\/korsarger3500.de\/wp-content\/uploads\/2016\/02\/Klotjes-Holz.jpg\" data-lbwps-width=\"4000\" data-lbwps-height=\"3000\" data-lbwps-srcsmall=\"https:\/\/korsarger3500.de\/wp-content\/uploads\/2016\/02\/Klotjes-Holz-300x225.jpg\"><img loading=\"lazy\" decoding=\"async\" class=\"aligncenter wp-image-380 size-medium\" src=\"https:\/\/korsarger3500.de\/wp-content\/uploads\/2016\/02\/Klotjes-Holz-300x225.jpg\" alt=\"Klotjes aus Holz\" width=\"300\" height=\"225\" srcset=\"https:\/\/korsarger3500.de\/wp-content\/uploads\/2016\/02\/Klotjes-Holz-300x225.jpg 300w, https:\/\/korsarger3500.de\/wp-content\/uploads\/2016\/02\/Klotjes-Holz-768x576.jpg 768w, https:\/\/korsarger3500.de\/wp-content\/uploads\/2016\/02\/Klotjes-Holz-1024x768.jpg 1024w\" sizes=\"auto, (max-width: 300px) 100vw, 300px\" \/><\/a> Hat er auch gemacht &#8211; sah auch sch\u00f6n aus und hat dann bis zur ersten 5-er Windb\u00f6e gehalten. Dann sind die Teile auseinander gebrochen und wurden durch hochfeste Aluminium Gleitkauschen ersetzt.<a href=\"http:\/\/korsarger3500.de\/wp-content\/uploads\/2016\/02\/Klotjes-Alu.jpg\" data-lbwps-width=\"821\" data-lbwps-height=\"158\" data-lbwps-srcsmall=\"https:\/\/korsarger3500.de\/wp-content\/uploads\/2016\/02\/Klotjes-Alu-300x58.jpg\"><img loading=\"lazy\" decoding=\"async\" class=\"aligncenter wp-image-379 size-full\" src=\"http:\/\/korsarger3500.de\/wp-content\/uploads\/2016\/02\/Klotjes-Alu.jpg\" alt=\"Klotjes Alu\" width=\"821\" height=\"158\" srcset=\"https:\/\/korsarger3500.de\/wp-content\/uploads\/2016\/02\/Klotjes-Alu.jpg 821w, https:\/\/korsarger3500.de\/wp-content\/uploads\/2016\/02\/Klotjes-Alu-300x58.jpg 300w, https:\/\/korsarger3500.de\/wp-content\/uploads\/2016\/02\/Klotjes-Alu-768x148.jpg 768w\" sizes=\"auto, (max-width: 821px) 100vw, 821px\" \/><\/a>Die halten jetzt und die Bedienung l\u00e4uft besser. Apropos Bedienung: Die Schottin fand das man die Barber an dieser Stelle schlecht bedienen kann weil man sie dort nicht einsieht und das die Kammklemme eh Schei\u00dfe ist weil sich der Barber da immer selber belegt. Das sah dann auch der Skipper so und baute an Stelle der Kammklemmen Curryklemmen ein.<a href=\"http:\/\/korsarger3500.de\/wp-content\/uploads\/2016\/02\/Klemme.jpg\" data-lbwps-width=\"4000\" data-lbwps-height=\"3000\" data-lbwps-srcsmall=\"https:\/\/korsarger3500.de\/wp-content\/uploads\/2016\/02\/Klemme-300x225.jpg\"><img loading=\"lazy\" decoding=\"async\" class=\"aligncenter wp-image-378 size-medium\" src=\"http:\/\/korsarger3500.de\/wp-content\/uploads\/2016\/02\/Klemme-300x225.jpg\" alt=\"Klemme\" width=\"300\" height=\"225\" srcset=\"https:\/\/korsarger3500.de\/wp-content\/uploads\/2016\/02\/Klemme-300x225.jpg 300w, https:\/\/korsarger3500.de\/wp-content\/uploads\/2016\/02\/Klemme-768x576.jpg 768w, https:\/\/korsarger3500.de\/wp-content\/uploads\/2016\/02\/Klemme-1024x768.jpg 1024w\" sizes=\"auto, (max-width: 300px) 100vw, 300px\" \/><\/a>Das war aber auch noch nicht gut, weil die Schottin \u00f6fter mal auf den Barber trat und somit die Schot freigab. Jetzt hat der Skipper dann die Klemmen \u00fcber Kopf montiert und die Zukunft wird zeigen ob das nun gut ist oder weiter daran gebastelt werden muss. <a href=\"http:\/\/korsarger3500.de\/wp-content\/uploads\/2016\/02\/Klemme-\u00dcberkopf.jpg\" rel=\"attachment wp-att-377\" data-lbwps-width=\"4000\" data-lbwps-height=\"3000\" data-lbwps-srcsmall=\"https:\/\/korsarger3500.de\/wp-content\/uploads\/2016\/02\/Klemme-\u00dcberkopf-300x225.jpg\"><img loading=\"lazy\" decoding=\"async\" class=\"size-medium wp-image-377 aligncenter\" src=\"http:\/\/korsarger3500.de\/wp-content\/uploads\/2016\/02\/Klemme-\u00dcberkopf-300x225.jpg\" alt=\"Klemme \u00dcberkopf\" width=\"300\" height=\"225\" srcset=\"https:\/\/korsarger3500.de\/wp-content\/uploads\/2016\/02\/Klemme-\u00dcberkopf-300x225.jpg 300w, https:\/\/korsarger3500.de\/wp-content\/uploads\/2016\/02\/Klemme-\u00dcberkopf-768x576.jpg 768w, https:\/\/korsarger3500.de\/wp-content\/uploads\/2016\/02\/Klemme-\u00dcberkopf-1024x768.jpg 1024w\" sizes=\"auto, (max-width: 300px) 100vw, 300px\" \/><\/a><\/p>\n<p id=\"Okt_2017\" style=\"text-align: justify;\"><strong>Umbau Part 3:<\/strong> Die alte Anordnung hatte zwei Jahre Bestand. Aber nach dem Einbau des neuen Spirosystems \u00e4nderten sich die Abl\u00e4ufe beim Schifften. Das Bedienen der Klemmen war jetzt nicht mehr so einfach. Die Crew war bei weitem nicht mehr so schnell ums Querabfass herum als mit dem alten System. Also musste Skipper sich wieder etwas Neues \u00fcberlegen bzw. abschauen. Er hat sich bei vielen Schiffen die verschiedenen F\u00fchrungen der Barber angesehen. Beim <em>wendefix<\/em> sind die Klemmen hinten durch den Steuermann zu bedienen. <em>Rock and Roll<\/em> hat seine Klemmen Seiten vertauscht angeordnet, das hei\u00dft der Lee-Barber kann von Luv aus gel\u00f6st werden. <em>Bernd das Boot<\/em> hat eine Mittenf\u00fchrung bei der Schotte und Steuermann beide die Barber bedienen k\u00f6nnen und bei <em>Br\u00fcllk\u00e4fer<\/em> ist die F\u00fchrung vorne am Scharndeck. Nachdem er viel gegr\u00fcbelt hatte entschied er sich f\u00fcr die F\u00fchrung vorne am Scharndeck vorbei. Dadurch ist der k\u00fcrzeste Weg der Schot gew\u00e4hrleistet, die Schottin kann mit einem Zug die Barber beider Seiten gleichzeitig dicht holen und die Klemmen sind jetzt im Sichtbereich und nicht mehr unter Deck. Der Umbau war dann nicht ganz so leicht zu realisieren. Zun\u00e4chst hat er L\u00f6cher schr\u00e4g durch die Ducht gebohrt damit die Schot sch\u00f6n parallel zum Deck l\u00e4uft. Da mein Bootsbauer an dieser Stelle unter Deck nicht mit Leim gespart hatte wurde dies eine langwierige Prozedur. Dann musste ein ganz flacher Block her mit dem der Barber umgelenkt werden konnte. Aber es war kein passender zu finden. Also baute er aus einem 8mm Edelstahlr\u00f6hrchen, einer passenden Schraube und einer alten Schotdurchf\u00fchrung selbst eine flache Umlenkung. Die wurde dann am Y-Schott und unter Deck verschraubt. Das Anbringen und Justieren der Klemmen selbst war dann ein Kinderspiel. Die weitere F\u00fchrung endet vor dem Kompass an einer Umlenkrolle. Jetzt muss nur noch die richtige L\u00e4nge der Schot eingestellt werden. Das passiert dann die Tage bei gestelltem Rigg am See. Wir sind alle gespannt wie sich diese System dann bew\u00e4hrt.<\/p>\n<div id='gallery-1' class='gallery galleryid-366 gallery-columns-4 gallery-size-thumbnail'><figure class='gallery-item'>\n\t\t\t<div class='gallery-icon landscape'>\n\t\t\t\t<a href='https:\/\/korsarger3500.de\/wp-content\/uploads\/2017\/10\/Barber_06.jpg'><img loading=\"lazy\" decoding=\"async\" width=\"150\" height=\"150\" src=\"https:\/\/korsarger3500.de\/wp-content\/uploads\/2017\/10\/Barber_06-150x150.jpg\" class=\"attachment-thumbnail size-thumbnail\" alt=\"Das allgemeine Bastelchaos\" \/><\/a>\n\t\t\t<\/div><\/figure><figure class='gallery-item'>\n\t\t\t<div class='gallery-icon landscape'>\n\t\t\t\t<a href='https:\/\/korsarger3500.de\/wp-content\/uploads\/2017\/10\/Barber_05.jpg'><img loading=\"lazy\" decoding=\"async\" width=\"150\" height=\"150\" src=\"https:\/\/korsarger3500.de\/wp-content\/uploads\/2017\/10\/Barber_05-150x150.jpg\" class=\"attachment-thumbnail size-thumbnail\" alt=\"Die flache Umlenkung\" \/><\/a>\n\t\t\t<\/div><\/figure><figure class='gallery-item'>\n\t\t\t<div class='gallery-icon landscape'>\n\t\t\t\t<a href='https:\/\/korsarger3500.de\/wp-content\/uploads\/2017\/10\/Barber_04.jpg'><img loading=\"lazy\" decoding=\"async\" width=\"150\" height=\"150\" src=\"https:\/\/korsarger3500.de\/wp-content\/uploads\/2017\/10\/Barber_04-150x150.jpg\" class=\"attachment-thumbnail size-thumbnail\" alt=\"neue Position der Klemme\" \/><\/a>\n\t\t\t<\/div><\/figure><figure class='gallery-item'>\n\t\t\t<div class='gallery-icon landscape'>\n\t\t\t\t<a href='https:\/\/korsarger3500.de\/wp-content\/uploads\/2017\/10\/Barber_02.jpg'><img loading=\"lazy\" decoding=\"async\" width=\"150\" height=\"150\" src=\"https:\/\/korsarger3500.de\/wp-content\/uploads\/2017\/10\/Barber_02-150x150.jpg\" class=\"attachment-thumbnail size-thumbnail\" alt=\"Barberf\u00fchrung\" \/><\/a>\n\t\t\t<\/div><\/figure>\n\t\t<\/div>\n\n<p style=\"text-align: justify;\">Und ich hoffe das dies jetzt die endg\u00fcltige Version der Barberf\u00fchrung ist, sicher bin ich mir da aber nicht &#8230; Ein kleines Update hab ich schon nach ein paar Wochen bekommen. Die Halterungen der Umlenkrollen mit 3mm Gummi war zu schwach. Jetzt ist da ein 4 mm Gummi.<\/p>\n<p><strong>Umbau Part 4: Oder den Spi Barber wieder ausbauen<\/strong><\/p>\n<p style=\"text-align: justify;\">Das Barber System hat richtig lange Bestand in meinem Rumpf gefunden und die Funktion klappt eigentlich hervorragend. Lediglich ab und zu ist mal der Lee oder Luv Barber nach der Schifte noch belegt oder auch mal nicht dichtgesetzt. K\u00fcrzlich hat Skipper beim Fr\u00fchjahrestreffen in Inheiden an verschiedenen Schiffen gesehen, dass die gar keinen Barber im herk\u00f6mmliche Sinn mehr haben. Wenn ich es richtig mitbekommen habe, hat die Nordflotte bei der 505er Klasse gespickt, deren System abgeschaut und es in einige Korsare eingebaut. Der Barber wird durch eine zweite kurze Spischot ersetzt, die hinten beim Skipper das Schiff kreuzt. Wie geht das nun? Also, man nehme dem Vorschoter die Barber Bedienung komplett weg, dann hat er bei der Schifte viel mehr Zeit. Das Umsetzen des Spi hat ja eh der Skipper mit den Spischoten gemacht und jetzt macht er es halt mit der neunen Schot. Die Begrenzungskugeln, die den Spi in Luv nur bis zum Vorstag lassen, werden von der langen Schot in die kurze eingebaut. Alles klar? Wenn nicht, hier ein Bild. <a href=\"https:\/\/korsarger3500.de\/wp-content\/uploads\/2024\/05\/2024_BBH.jpg\" data-lbwps-width=\"945\" data-lbwps-height=\"1260\" data-lbwps-srcsmall=\"https:\/\/korsarger3500.de\/wp-content\/uploads\/2024\/05\/2024_BBH-225x300.jpg\"><img loading=\"lazy\" decoding=\"async\" class=\"aligncenter wp-image-9064 size-medium\" src=\"https:\/\/korsarger3500.de\/wp-content\/uploads\/2024\/05\/2024_BBH-225x300.jpg\" alt=\"Das Prinzip ohne Barberholer der gewechselt werden muss\" width=\"225\" height=\"300\" srcset=\"https:\/\/korsarger3500.de\/wp-content\/uploads\/2024\/05\/2024_BBH-225x300.jpg 225w, https:\/\/korsarger3500.de\/wp-content\/uploads\/2024\/05\/2024_BBH-768x1024.jpg 768w, https:\/\/korsarger3500.de\/wp-content\/uploads\/2024\/05\/2024_BBH.jpg 945w\" sizes=\"auto, (max-width: 225px) 100vw, 225px\" \/><\/a><\/p>\n<p style=\"text-align: justify;\">Die alte Spischot l\u00e4uft wie gehabt, nur ohne Kugeln. Ihre Funktion ist nur noch auf der Leeseite interessant. In Luv \u00fcbernimmt die neue Schot (rot) die Funktion der alten Schot, inklusive die des Barbers. Die Schot, die durch das Deck l\u00e4uft, hat nun aber einen sehr spitzen Winkel, deshalb mussten die Durchf\u00fchrungen ausgebaut werden. Die vorhandenen Antal Augen hat Skipper durchges\u00e4gt und an gleicher Stelle eingeklebt. Bei der Wantenhalterung kam eine neue Umlenkrolle hin und die alten Servoklemmen wurden auf das Mittelbrett verlagert. Das wars dann auch schon. Die Bilder sagen sicher mehr als die Beschreibung.<\/p>\n<div id='gallery-2' class='gallery galleryid-366 gallery-columns-4 gallery-size-thumbnail'><figure class='gallery-item'>\n\t\t\t<div class='gallery-icon portrait'>\n\t\t\t\t<a href='https:\/\/korsarger3500.de\/wp-content\/uploads\/2024\/06\/Barber_Umbau_2024_05.jpg'><img loading=\"lazy\" decoding=\"async\" width=\"150\" height=\"150\" src=\"https:\/\/korsarger3500.de\/wp-content\/uploads\/2024\/06\/Barber_Umbau_2024_05-150x150.jpg\" class=\"attachment-thumbnail size-thumbnail\" alt=\"Die alten Durchf\u00fchrungen m\u00fcssen raus\" \/><\/a>\n\t\t\t<\/div><\/figure><figure class='gallery-item'>\n\t\t\t<div class='gallery-icon portrait'>\n\t\t\t\t<a href='https:\/\/korsarger3500.de\/wp-content\/uploads\/2024\/06\/Barber_Umbau_2024_07.jpg'><img loading=\"lazy\" decoding=\"async\" width=\"150\" height=\"150\" src=\"https:\/\/korsarger3500.de\/wp-content\/uploads\/2024\/06\/Barber_Umbau_2024_07-150x150.jpg\" class=\"attachment-thumbnail size-thumbnail\" alt=\"Ein Teil der Antal H\u00fclse muss rein\" \/><\/a>\n\t\t\t<\/div><\/figure><figure class='gallery-item'>\n\t\t\t<div class='gallery-icon landscape'>\n\t\t\t\t<a href='https:\/\/korsarger3500.de\/wp-content\/uploads\/2024\/06\/Barber_Umbau_2024_03.jpg'><img loading=\"lazy\" decoding=\"async\" width=\"150\" height=\"150\" src=\"https:\/\/korsarger3500.de\/wp-content\/uploads\/2024\/06\/Barber_Umbau_2024_03-150x150.jpg\" class=\"attachment-thumbnail size-thumbnail\" alt=\"eine neue Umlenkrolle\" \/><\/a>\n\t\t\t<\/div><\/figure><figure class='gallery-item'>\n\t\t\t<div class='gallery-icon landscape'>\n\t\t\t\t<a href='https:\/\/korsarger3500.de\/wp-content\/uploads\/2024\/06\/Barber_Umbau_2024_12.jpg'><img loading=\"lazy\" decoding=\"async\" width=\"150\" height=\"150\" src=\"https:\/\/korsarger3500.de\/wp-content\/uploads\/2024\/06\/Barber_Umbau_2024_12-150x150.jpg\" class=\"attachment-thumbnail size-thumbnail\" alt=\"die Schot kann jetzt rechtwinklig austreten\" \/><\/a>\n\t\t\t<\/div><\/figure><figure class='gallery-item'>\n\t\t\t<div class='gallery-icon landscape'>\n\t\t\t\t<a href='https:\/\/korsarger3500.de\/wp-content\/uploads\/2024\/06\/Barber_Umbau_2024_11.jpg'><img loading=\"lazy\" decoding=\"async\" width=\"150\" height=\"150\" src=\"https:\/\/korsarger3500.de\/wp-content\/uploads\/2024\/06\/Barber_Umbau_2024_11-150x150.jpg\" class=\"attachment-thumbnail size-thumbnail\" alt=\"Skipper hat jetzt die Barberkontrolle\" \/><\/a>\n\t\t\t<\/div><\/figure><figure class='gallery-item'>\n\t\t\t<div class='gallery-icon landscape'>\n\t\t\t\t<a href='https:\/\/korsarger3500.de\/wp-content\/uploads\/2024\/06\/Barber_Umbau_2024_02.jpg'><img loading=\"lazy\" decoding=\"async\" width=\"150\" height=\"150\" src=\"https:\/\/korsarger3500.de\/wp-content\/uploads\/2024\/06\/Barber_Umbau_2024_02-150x150.jpg\" class=\"attachment-thumbnail size-thumbnail\" alt=\"beide Schoten in den Spibaum?\" \/><\/a>\n\t\t\t<\/div><\/figure><figure class='gallery-item'>\n\t\t\t<div class='gallery-icon landscape'>\n\t\t\t\t<a href='https:\/\/korsarger3500.de\/wp-content\/uploads\/2024\/06\/Barber_Umbau_2024_01.jpg'><img loading=\"lazy\" decoding=\"async\" width=\"150\" height=\"150\" src=\"https:\/\/korsarger3500.de\/wp-content\/uploads\/2024\/06\/Barber_Umbau_2024_01-150x150.jpg\" class=\"attachment-thumbnail size-thumbnail\" alt=\"nur noch die kurze Schot darf in den Spibaum\" \/><\/a>\n\t\t\t<\/div><\/figure>\n\t\t<\/div>\n\n<p style=\"text-align: justify;\">Naja- da bin ich mal gespannt wie die beiden das bei der Schiffte hinkriegen.<\/p>\n<p style=\"text-align: justify;\">Ich war gespannt. Und nach einigen Schifften bei verschiedenen Windst\u00e4rken kann ich sagen das System prima funktioniert und die beiden es wohl beibehalten werden. Es geht einfach schneller in der Halse da die Handgriffe f\u00fcr das Umsetzen des Barbers durch die Schottin entfallen. Als Nachteil stellt sich heraus das die lange Spishot nicht mehr so gut aufger\u00e4umt ist. Fr\u00fcher wurde sie mit dem Barber aus dem Wasser gehoben und war damit automatisch fixiert. Jetzt schwimmts sie immer im Wasser und muss m\u00fchsam von Hand gehoben werden.<\/p>\n<p>&nbsp;<\/p>\n<p><a href=\"http:\/\/korsarger3500.de\/index.php\/deck-streichen\/\">weiter &#8230;<\/a><\/p>\n","protected":false},"excerpt":{"rendered":"<p>Zu der Zeit als ich gebaut wurde waren Spinnaker-Barberholer wohl noch nicht &#8222;IN&#8220;. Bei mir wird die Luv-Spishot einfach durch einen Schlitz in der Scheuerleiste am Rumpf gef\u00fchrt und damit basta!Wie die fr\u00fcheren Schotten damit klar gekommen sind, kann ich nicht berichten. Die neue Crew will aber so nicht segeln. Da f\u00e4llt manchmal die Luvschot &hellip; <a href=\"https:\/\/korsarger3500.de\/index.php\/spi-barber-einbauen\/\" class=\"more-link\"><span class=\"screen-reader-text\">Spi Barber einbauen<\/span> weiterlesen<\/a><\/p>\n","protected":false},"author":1,"featured_media":0,"parent":0,"menu_order":0,"comment_status":"closed","ping_status":"closed","template":"","meta":{"footnotes":""},"class_list":["post-366","page","type-page","status-publish","hentry"],"_links":{"self":[{"href":"https:\/\/korsarger3500.de\/index.php\/wp-json\/wp\/v2\/pages\/366","targetHints":{"allow":["GET"]}}],"collection":[{"href":"https:\/\/korsarger3500.de\/index.php\/wp-json\/wp\/v2\/pages"}],"about":[{"href":"https:\/\/korsarger3500.de\/index.php\/wp-json\/wp\/v2\/types\/page"}],"author":[{"embeddable":true,"href":"https:\/\/korsarger3500.de\/index.php\/wp-json\/wp\/v2\/users\/1"}],"replies":[{"embeddable":true,"href":"https:\/\/korsarger3500.de\/index.php\/wp-json\/wp\/v2\/comments?post=366"}],"version-history":[{"count":38,"href":"https:\/\/korsarger3500.de\/index.php\/wp-json\/wp\/v2\/pages\/366\/revisions"}],"predecessor-version":[{"id":9192,"href":"https:\/\/korsarger3500.de\/index.php\/wp-json\/wp\/v2\/pages\/366\/revisions\/9192"}],"wp:attachment":[{"href":"https:\/\/korsarger3500.de\/index.php\/wp-json\/wp\/v2\/media?parent=366"}],"curies":[{"name":"wp","href":"https:\/\/api.w.org\/{rel}","templated":true}]}}