{"id":3379,"date":"2017-03-17T11:47:27","date_gmt":"2017-03-17T10:47:27","guid":{"rendered":"http:\/\/korsarger3500.de\/?page_id=3379"},"modified":"2017-04-16T15:42:24","modified_gmt":"2017-04-16T13:42:24","slug":"training-bostalsee-2017","status":"publish","type":"page","link":"https:\/\/korsarger3500.de\/index.php\/training-bostalsee-2017\/","title":{"rendered":"Fr\u00fchlings Erwachen 2017"},"content":{"rendered":"<p style=\"text-align: justify;\">Oh Leck &#8211; wie sch\u00f6n war das denn.<\/p>\n<p style=\"text-align: justify;\">Kaum von der Bastel-Garage in die Wintergarage umgezogen und ein paar wenige Wochen ausgespannt, schon ging das Tor\u00a0 wieder auf und Skipper holte mich ab. Es ging zur K\u00dcS, den bei meinem Trailer und meinem Zugpferdchen war ne neue HU f\u00e4llig. Das war schnell erledigt und anschlie\u00dfend wurde ich auch gleich noch mit Segeln best\u00fcckt und reisefertig verpackt. Am n\u00e4chsten Morgen brachen wir auf. Es war Anfang M\u00e4rz und ein wundersch\u00f6ner Samstagmorgen. Die Fahrt zum Bostalsee dauert gerade mal eine halbe Stunde. Als wir auf dem Gel\u00e4nde des <span class=\"head\">LVSS (Landesverband Saarl\u00e4ndischer Segler e.V.)<a href=\"http:\/\/korsarger3500.de\/wp-content\/uploads\/2017\/03\/P055.jpg\" rel=\"attachment wp-att-3404\" data-lbwps-width=\"4000\" data-lbwps-height=\"3000\" data-lbwps-srcsmall=\"https:\/\/korsarger3500.de\/wp-content\/uploads\/2017\/03\/P055-300x225.jpg\"><img loading=\"lazy\" decoding=\"async\" class=\"size-thumbnail wp-image-3404 alignleft\" src=\"http:\/\/korsarger3500.de\/wp-content\/uploads\/2017\/03\/P055-150x150.jpg\" alt=\"Die Korsare sind da\" width=\"150\" height=\"150\" \/><\/a><\/span> ankamen, war <em>Br\u00fcllk\u00e4fer<\/em> mit seiner Crew schon da und auch die Korsarenflagge wehte schon hoch oben am Mast.\u00a0 Die Crews hatten sich zum gemeinsamen &#8222;Saisoner\u00f6ffnungssegeln&#8220; verabredet und wollten gleichzeitig auch ein wenig trainieren. Schnell wurden wir Schiffe ausgepackt und aufgebaut und es wurden die Neuerungen, die Skipper \u00fcber Winter gebastelt hatte, begutachtet. Der neue B\u00fcgel mit Minitraveller fand dabei die<a href=\"http:\/\/korsarger3500.de\/wp-content\/uploads\/2017\/03\/P007.jpg\" rel=\"attachment wp-att-3385\" data-lbwps-width=\"4000\" data-lbwps-height=\"3000\" data-lbwps-srcsmall=\"https:\/\/korsarger3500.de\/wp-content\/uploads\/2017\/03\/P007-300x225.jpg\"><img loading=\"lazy\" decoding=\"async\" class=\"size-thumbnail wp-image-3385 alignright\" src=\"http:\/\/korsarger3500.de\/wp-content\/uploads\/2017\/03\/P007-150x150.jpg\" alt=\"der neue Mini Traveler\" width=\"150\" height=\"150\" \/><\/a> meiste Aufmerksamkeit. Vor dem slippen g\u00f6nnten sich die vier in der Fr\u00fchlingssonne noch ein gem\u00fctliches Fr\u00fchst\u00fcck und dann ging es endlich aufs Wasser. Es ging uns allen \u00e4hnlich, wir waren super happy, dass wir auf dem Wasser waren und endlich wieder segeln konnten. Wir gruften uns ein paar Schl\u00e4ge gem\u00fctlich ein und fuhren dann unter Spi zum Ende des Sees. Alle \u00c4nderungen, die Skipper \u00fcber Winter vorgenommen hatte, funktionierten prima. Dann packte die vier <a href=\"http:\/\/korsarger3500.de\/wp-content\/uploads\/2017\/03\/P013.jpg\" rel=\"attachment wp-att-3388\" data-lbwps-width=\"4000\" data-lbwps-height=\"3000\" data-lbwps-srcsmall=\"https:\/\/korsarger3500.de\/wp-content\/uploads\/2017\/03\/P013-300x225.jpg\"><img loading=\"lazy\" decoding=\"async\" class=\"size-thumbnail wp-image-3388 alignleft\" src=\"http:\/\/korsarger3500.de\/wp-content\/uploads\/2017\/03\/P013-150x150.jpg\" alt=\"Fr\u00fchst\u00fcck\" width=\"150\" height=\"150\" \/><\/a>aber schon das Racingfieber. Es ist halt so &#8211; sind zwei Korsare auf einem Wasser dann ist einfach Regatta. Es wurde eine imagin\u00e4re Startlinie zwischen zwei Stegen festgelegt und eine Boje n\u00e4he Staudamm musste als Luvtonne herhalten. Die Startsequenz wurde mit einer Minute vereinbart und schon konnte es losgehen. Wir startete meistens recht gut aber am Ende der Runde hatte Br\u00fcllk\u00e4fer immer die Nase vorn, was auch bez\u00fcglich des Altersunterschiedes zwischen uns Schiffen und den Crews nicht so verwunderlich ist. Es hat aber allen sehr viel Spa\u00df gemacht und beim Abriggen wurde f\u00fcr den n\u00e4chsten Morgen gleich eine Uhrzeit vereinbart, zu der man sich am Sonntag morgen wieder hier treffen wollte. Das Wetter am folgenden Tag war noch besser &#8211;\u00a0 Sonnenschein und eine Windst\u00e4rke mehr. Also gleich los und rauf aufs Wasser. Wieder wurden einige Runden gedreht und meine Crew bekam von den &#8222;Profis&#8220; wertvolle Segeltipps in Bezug auf\u00a0 Taktik und Segeltrimm. Dann wurde auf dem Wasser mal kurz ein Skippertausch vorgenommen. <em>Br\u00fcllk\u00e4fers<\/em> Skipper steuerte mich mit meiner Schottin und mein Skipper steuerte <em>Br\u00fcllk\u00e4fer<\/em>. Nach ein paar Schl\u00e4gen und einer Runde Spi wollten beide aber wieder wechseln. Mir war vollkommen klar, dass Skipper es nicht sehr lange auf dem hightech Boot aush\u00e4lt, &#8211; ich bin halt viel gem\u00fctlicher. Es zeigte sich aber auch, dass man sich\u00a0 von den Erfahrungen der jungen &#8222;alten Hasen&#8220; in jedem Fall was abschauen kann. Zum Abschluss wurde noch ein Race \u00fcber den ganzen See ausgelobt, bei dem als Luftonne ein Tretbootschwan herhalten musste. Dass dieser sich w\u00e4hrend der Kreuz bewegt und somit &#8222;gefangen&#8220; werden musste war ja klar. Auf der Kreuz hatten wir dann das etwas gl\u00fccklicher H\u00e4ndchen und waren vor <em>Br\u00fcllk\u00e4fer<\/em> um den Schwan. Dessen Besatzung, eine ganze Familie, schaute etwas verdutzt als zwei Korsare in kurzem Abstand auf sie zurasten und um sie herum Man\u00f6ver fuhren. Den Weg zur\u00fcck zum Hafen segelten wir Seite an Seite im Parallelflug \u00fcber den<a href=\"http:\/\/korsarger3500.de\/wp-content\/uploads\/2017\/03\/P017.jpg\" rel=\"attachment wp-att-3390\" data-lbwps-width=\"4000\" data-lbwps-height=\"3000\" data-lbwps-srcsmall=\"https:\/\/korsarger3500.de\/wp-content\/uploads\/2017\/03\/P017-300x225.jpg\"><img loading=\"lazy\" decoding=\"async\" class=\"size-thumbnail wp-image-3390 alignright\" src=\"http:\/\/korsarger3500.de\/wp-content\/uploads\/2017\/03\/P017-150x150.jpg\" alt=\"geschafft\" width=\"150\" height=\"150\" \/><\/a> ganzen See und gingen zusammen durchs Ziel. Danach wurde geslippt, getrocknet und abgeriggt. Bei einem Abschlussumtrunk haben sie sich auch gleich wieder verabredet. In zwei Wochen, wenn das Wetter gut, ist wollen wir uns wieder hier treffen. Die Heimfahrt in der Sp\u00e4tnachmittagssonne, hinter dem offenen MX war der Abschluss eines super sch\u00f6nen Segelwochenendes.\u00a0 So darf das Segeljahr 2017 gerne weitergehen.<\/p>\n<p style=\"text-align: justify;\">Hier noch ein paar Eindr\u00fccke &#8230;<\/p>\n<div id='gallery-1' class='gallery galleryid-3379 gallery-columns-4 gallery-size-thumbnail'><figure class='gallery-item'>\n\t\t\t<div class='gallery-icon landscape'>\n\t\t\t\t<a href='https:\/\/korsarger3500.de\/wp-content\/uploads\/2017\/03\/P053.jpg'><img loading=\"lazy\" decoding=\"async\" width=\"150\" height=\"150\" src=\"https:\/\/korsarger3500.de\/wp-content\/uploads\/2017\/03\/P053-150x150.jpg\" class=\"attachment-thumbnail size-thumbnail\" alt=\"\" \/><\/a>\n\t\t\t<\/div><\/figure><figure class='gallery-item'>\n\t\t\t<div class='gallery-icon landscape'>\n\t\t\t\t<a href='https:\/\/korsarger3500.de\/wp-content\/uploads\/2017\/03\/P009.jpg'><img loading=\"lazy\" decoding=\"async\" width=\"150\" height=\"150\" src=\"https:\/\/korsarger3500.de\/wp-content\/uploads\/2017\/03\/P009-150x150.jpg\" class=\"attachment-thumbnail size-thumbnail\" alt=\"\" \/><\/a>\n\t\t\t<\/div><\/figure><figure class='gallery-item'>\n\t\t\t<div class='gallery-icon landscape'>\n\t\t\t\t<a href='https:\/\/korsarger3500.de\/wp-content\/uploads\/2017\/03\/P006.jpg'><img loading=\"lazy\" decoding=\"async\" width=\"150\" height=\"150\" src=\"https:\/\/korsarger3500.de\/wp-content\/uploads\/2017\/03\/P006-150x150.jpg\" class=\"attachment-thumbnail size-thumbnail\" alt=\"\" \/><\/a>\n\t\t\t<\/div><\/figure><figure class='gallery-item'>\n\t\t\t<div class='gallery-icon landscape'>\n\t\t\t\t<a href='https:\/\/korsarger3500.de\/wp-content\/uploads\/2017\/03\/P048.jpg'><img loading=\"lazy\" decoding=\"async\" width=\"150\" height=\"150\" src=\"https:\/\/korsarger3500.de\/wp-content\/uploads\/2017\/03\/P048-150x150.jpg\" class=\"attachment-thumbnail size-thumbnail\" alt=\"\" \/><\/a>\n\t\t\t<\/div><\/figure><figure class='gallery-item'>\n\t\t\t<div class='gallery-icon landscape'>\n\t\t\t\t<a href='https:\/\/korsarger3500.de\/wp-content\/uploads\/2017\/03\/P049.jpg'><img loading=\"lazy\" decoding=\"async\" width=\"150\" height=\"150\" src=\"https:\/\/korsarger3500.de\/wp-content\/uploads\/2017\/03\/P049-150x150.jpg\" class=\"attachment-thumbnail size-thumbnail\" alt=\"\" \/><\/a>\n\t\t\t<\/div><\/figure><figure class='gallery-item'>\n\t\t\t<div class='gallery-icon landscape'>\n\t\t\t\t<a href='https:\/\/korsarger3500.de\/wp-content\/uploads\/2017\/03\/P040.jpg'><img loading=\"lazy\" decoding=\"async\" width=\"150\" height=\"150\" src=\"https:\/\/korsarger3500.de\/wp-content\/uploads\/2017\/03\/P040-150x150.jpg\" class=\"attachment-thumbnail size-thumbnail\" alt=\"\" \/><\/a>\n\t\t\t<\/div><\/figure><figure class='gallery-item'>\n\t\t\t<div class='gallery-icon landscape'>\n\t\t\t\t<a href='https:\/\/korsarger3500.de\/wp-content\/uploads\/2017\/03\/P034.jpg'><img loading=\"lazy\" decoding=\"async\" width=\"150\" height=\"150\" src=\"https:\/\/korsarger3500.de\/wp-content\/uploads\/2017\/03\/P034-150x150.jpg\" class=\"attachment-thumbnail size-thumbnail\" alt=\"\" \/><\/a>\n\t\t\t<\/div><\/figure><figure class='gallery-item'>\n\t\t\t<div class='gallery-icon portrait'>\n\t\t\t\t<a href='https:\/\/korsarger3500.de\/wp-content\/uploads\/2017\/03\/P031.jpg'><img loading=\"lazy\" decoding=\"async\" width=\"150\" height=\"150\" src=\"https:\/\/korsarger3500.de\/wp-content\/uploads\/2017\/03\/P031-150x150.jpg\" class=\"attachment-thumbnail size-thumbnail\" alt=\"\" \/><\/a>\n\t\t\t<\/div><\/figure><figure class='gallery-item'>\n\t\t\t<div class='gallery-icon landscape'>\n\t\t\t\t<a href='https:\/\/korsarger3500.de\/wp-content\/uploads\/2017\/03\/P027.jpg'><img loading=\"lazy\" decoding=\"async\" width=\"150\" height=\"150\" src=\"https:\/\/korsarger3500.de\/wp-content\/uploads\/2017\/03\/P027-150x150.jpg\" class=\"attachment-thumbnail size-thumbnail\" alt=\"\" \/><\/a>\n\t\t\t<\/div><\/figure><figure class='gallery-item'>\n\t\t\t<div class='gallery-icon landscape'>\n\t\t\t\t<a href='https:\/\/korsarger3500.de\/wp-content\/uploads\/2017\/03\/P022.jpg'><img loading=\"lazy\" decoding=\"async\" width=\"150\" height=\"150\" src=\"https:\/\/korsarger3500.de\/wp-content\/uploads\/2017\/03\/P022-150x150.jpg\" class=\"attachment-thumbnail size-thumbnail\" alt=\"\" \/><\/a>\n\t\t\t<\/div><\/figure><figure class='gallery-item'>\n\t\t\t<div class='gallery-icon landscape'>\n\t\t\t\t<a href='https:\/\/korsarger3500.de\/wp-content\/uploads\/2017\/03\/P015.jpg'><img loading=\"lazy\" decoding=\"async\" width=\"150\" height=\"150\" src=\"https:\/\/korsarger3500.de\/wp-content\/uploads\/2017\/03\/P015-150x150.jpg\" class=\"attachment-thumbnail size-thumbnail\" alt=\"\" \/><\/a>\n\t\t\t<\/div><\/figure><figure class='gallery-item'>\n\t\t\t<div class='gallery-icon landscape'>\n\t\t\t\t<a href='https:\/\/korsarger3500.de\/wp-content\/uploads\/2017\/03\/P018.jpg'><img loading=\"lazy\" decoding=\"async\" width=\"150\" height=\"150\" src=\"https:\/\/korsarger3500.de\/wp-content\/uploads\/2017\/03\/P018-150x150.jpg\" class=\"attachment-thumbnail size-thumbnail\" alt=\"\" \/><\/a>\n\t\t\t<\/div><\/figure>\n\t\t<\/div>\n\n<p>und ein kleiner Zusammenschnitt &#8230;<\/p>\n<div style=\"width: 660px;\" class=\"wp-video\"><video class=\"wp-video-shortcode\" id=\"video-3379-1\" width=\"660\" height=\"528\" preload=\"metadata\" controls=\"controls\"><source type=\"video\/mp4\" src=\"http:\/\/korsarger3500.de\/wp-content\/uploads\/2017\/03\/Training_Bosen.mp4?_=1\" \/><a href=\"http:\/\/korsarger3500.de\/wp-content\/uploads\/2017\/03\/Training_Bosen.mp4\">http:\/\/korsarger3500.de\/wp-content\/uploads\/2017\/03\/Training_Bosen.mp4<\/a><\/video><\/div>\n<p>zur <a href=\"http:\/\/korsarger3500.de\/\">Startseite<\/a><\/p>\n","protected":false},"excerpt":{"rendered":"<p>Oh Leck &#8211; wie sch\u00f6n war das denn. Kaum von der Bastel-Garage in die Wintergarage umgezogen und ein paar wenige Wochen ausgespannt, schon ging das Tor\u00a0 wieder auf und Skipper holte mich ab. Es ging zur K\u00dcS, den bei meinem Trailer und meinem Zugpferdchen war ne neue HU f\u00e4llig. Das war schnell erledigt und anschlie\u00dfend &hellip; <a href=\"https:\/\/korsarger3500.de\/index.php\/training-bostalsee-2017\/\" class=\"more-link\"><span class=\"screen-reader-text\">Fr\u00fchlings Erwachen 2017<\/span> weiterlesen<\/a><\/p>\n","protected":false},"author":1,"featured_media":0,"parent":0,"menu_order":0,"comment_status":"closed","ping_status":"closed","template":"","meta":{"footnotes":""},"class_list":["post-3379","page","type-page","status-publish","hentry"],"_links":{"self":[{"href":"https:\/\/korsarger3500.de\/index.php\/wp-json\/wp\/v2\/pages\/3379","targetHints":{"allow":["GET"]}}],"collection":[{"href":"https:\/\/korsarger3500.de\/index.php\/wp-json\/wp\/v2\/pages"}],"about":[{"href":"https:\/\/korsarger3500.de\/index.php\/wp-json\/wp\/v2\/types\/page"}],"author":[{"embeddable":true,"href":"https:\/\/korsarger3500.de\/index.php\/wp-json\/wp\/v2\/users\/1"}],"replies":[{"embeddable":true,"href":"https:\/\/korsarger3500.de\/index.php\/wp-json\/wp\/v2\/comments?post=3379"}],"version-history":[{"count":20,"href":"https:\/\/korsarger3500.de\/index.php\/wp-json\/wp\/v2\/pages\/3379\/revisions"}],"predecessor-version":[{"id":3597,"href":"https:\/\/korsarger3500.de\/index.php\/wp-json\/wp\/v2\/pages\/3379\/revisions\/3597"}],"wp:attachment":[{"href":"https:\/\/korsarger3500.de\/index.php\/wp-json\/wp\/v2\/media?parent=3379"}],"curies":[{"name":"wp","href":"https:\/\/api.w.org\/{rel}","templated":true}]}}