{"id":3346,"date":"2017-02-01T16:27:16","date_gmt":"2017-02-01T15:27:16","guid":{"rendered":"http:\/\/korsarger3500.de\/?page_id=3346"},"modified":"2017-04-15T14:43:37","modified_gmt":"2017-04-15T12:43:37","slug":"ich-bin-auf-der-windfinder-karte","status":"publish","type":"page","link":"https:\/\/korsarger3500.de\/index.php\/ich-bin-auf-der-windfinder-karte\/","title":{"rendered":"Ich bin auf der Windfinder Karte"},"content":{"rendered":"<p style=\"text-align: justify;\"><a href=\"http:\/\/korsarger3500.de\/wp-content\/uploads\/2017\/01\/Screenshot_2017-01-30-1.png\" rel=\"attachment wp-att-3339\" data-lbwps-width=\"480\" data-lbwps-height=\"800\" data-lbwps-srcsmall=\"https:\/\/korsarger3500.de\/wp-content\/uploads\/2017\/01\/Screenshot_2017-01-30-1-180x300.png\"><img loading=\"lazy\" decoding=\"async\" class=\"size-thumbnail wp-image-3339 alignleft\" src=\"http:\/\/korsarger3500.de\/wp-content\/uploads\/2017\/01\/Screenshot_2017-01-30-1-150x150.png\" alt=\"Mein See\" width=\"150\" height=\"150\" \/><\/a>Nie ist man unentdeckt. Da treffe ich mich mit meiner Crew zum Training auf meinem See und schon macht jemand Bilder von oben. Die hat der Skipper zuf\u00e4llig auf der Windfinder Karte entdeckt. Es ist schon interessant was darauf so alles zu erkennen ist, wenn man genau hinschaut. Das erste Bild zeigt meinen See, an dem ich den Sommer verbringe. \u00dcber den Staudamm l\u00e4uft die Bundesstra\u00dfe B268. Die Bucht des Standbades zeichnet ne Delle in den See. <a href=\"http:\/\/korsarger3500.de\/wp-content\/uploads\/2017\/01\/Screenshot_2017-01-30-2.png\" rel=\"attachment wp-att-3340\" data-lbwps-width=\"480\" data-lbwps-height=\"800\" data-lbwps-srcsmall=\"https:\/\/korsarger3500.de\/wp-content\/uploads\/2017\/01\/Screenshot_2017-01-30-2-180x300.png\"><img loading=\"lazy\" decoding=\"async\" class=\"size-thumbnail wp-image-3340 alignright\" src=\"http:\/\/korsarger3500.de\/wp-content\/uploads\/2017\/01\/Screenshot_2017-01-30-2-150x150.png\" alt=\"am PIN ist die Wetterstation\" width=\"150\" height=\"150\" \/><\/a>Der Campingplatz und auch die Vogelinsel sind zu sehen. Auf dem zweiten Bild ist das Clubgel\u00e4nde mit Liegepl\u00e4tzen und Steganlage zu sehen. Die eine H\u00e4lfte des Geb\u00e4udes ist zeitweise von der DLRG besetzt, die andere geh\u00f6rt dem RSC. Nach weiterem Heranzoomen sieht man sch\u00f6n meinen Liegplatz. Der ist da,wo die L\u00fccke in der Reihe der Jollen ist und die Segels\u00e4cke davor liegen. Mein Slipwagen ist neben der Slipanlage abgestellt und ich bin gerade vorne am Jollensteg <a href=\"http:\/\/korsarger3500.de\/wp-content\/uploads\/2017\/01\/Screenshot_2017-01-30-3.png\" rel=\"attachment wp-att-3341\" data-lbwps-width=\"480\" data-lbwps-height=\"800\" data-lbwps-srcsmall=\"https:\/\/korsarger3500.de\/wp-content\/uploads\/2017\/01\/Screenshot_2017-01-30-3-180x300.png\"><img loading=\"lazy\" decoding=\"async\" class=\"size-thumbnail wp-image-3341 alignleft\" src=\"http:\/\/korsarger3500.de\/wp-content\/uploads\/2017\/01\/Screenshot_2017-01-30-3-150x150.png\" alt=\"Auto\/Liegeplatz\/Slippwagen ...\" width=\"150\" height=\"150\" \/><\/a>festgebunden. Was gibt&#8217;s sonst noch zu erkennen und zu deuten? So wie ich da liege, war gerade Ostwind. Skipper oder Schottin, einer von Beiden, steht bei mir auf dem Steg. Der Schatten von Ihr oder Ihm ist deutlich zu sehen. Der Schatten und der Schatten von meinem Gro\u00df zeigen, das das Bild wohl am fr\u00fchen Nachmittag aufgenommen wurde, die Sonne <a href=\"http:\/\/korsarger3500.de\/wp-content\/uploads\/2017\/01\/Screenshot_2017-01-30-5.png\" rel=\"attachment wp-att-3343\" data-lbwps-width=\"480\" data-lbwps-height=\"800\" data-lbwps-srcsmall=\"https:\/\/korsarger3500.de\/wp-content\/uploads\/2017\/01\/Screenshot_2017-01-30-5-180x300.png\"><img loading=\"lazy\" decoding=\"async\" class=\"wp-image-3343 size-thumbnail alignright\" src=\"http:\/\/korsarger3500.de\/wp-content\/uploads\/2017\/01\/Screenshot_2017-01-30-5-150x150.png\" alt=\"Der Schattenman oder Frau\" width=\"150\" height=\"150\" \/><\/a>stand im S\u00fcdwesten. Es waren wahrscheinlich keine Ferien und auch kein Samstag oder Sonntag. Alle Tretboote liegen am Steg. Das Motorboot der Seeaufsicht liegt am Slipsteg und ist nich, wie sonst, im Strandbad stationiert. Es ist keine Menschenseele im Strandbad oder auf dem Wasser.<\/p>\n<p style=\"text-align: justify;\"><a href=\"http:\/\/korsarger3500.de\/wp-content\/uploads\/2017\/02\/RSC-Gel\u00e4nde.jpg\" rel=\"attachment wp-att-3358\" data-lbwps-width=\"666\" data-lbwps-height=\"430\" data-lbwps-srcsmall=\"https:\/\/korsarger3500.de\/wp-content\/uploads\/2017\/02\/RSC-Gel\u00e4nde-300x194.jpg\"><img loading=\"lazy\" decoding=\"async\" class=\"alignnone wp-image-3358 size-medium\" src=\"http:\/\/korsarger3500.de\/wp-content\/uploads\/2017\/02\/RSC-Gel\u00e4nde-300x194.jpg\" alt=\"RSC Gel\u00e4nde\" width=\"300\" height=\"194\" srcset=\"https:\/\/korsarger3500.de\/wp-content\/uploads\/2017\/02\/RSC-Gel\u00e4nde-300x194.jpg 300w, https:\/\/korsarger3500.de\/wp-content\/uploads\/2017\/02\/RSC-Gel\u00e4nde.jpg 666w\" sizes=\"auto, (max-width: 300px) 100vw, 300px\" \/><\/a><\/p>\n<p>zur <a href=\"http:\/\/korsarger3500.de\/\">Startseite<\/a><\/p>\n","protected":false},"excerpt":{"rendered":"<p>Nie ist man unentdeckt. Da treffe ich mich mit meiner Crew zum Training auf meinem See und schon macht jemand Bilder von oben. Die hat der Skipper zuf\u00e4llig auf der Windfinder Karte entdeckt. Es ist schon interessant was darauf so alles zu erkennen ist, wenn man genau hinschaut. Das erste Bild zeigt meinen See, an &hellip; <a href=\"https:\/\/korsarger3500.de\/index.php\/ich-bin-auf-der-windfinder-karte\/\" class=\"more-link\"><span class=\"screen-reader-text\">Ich bin auf der Windfinder Karte<\/span> weiterlesen<\/a><\/p>\n","protected":false},"author":1,"featured_media":0,"parent":0,"menu_order":0,"comment_status":"closed","ping_status":"closed","template":"","meta":{"footnotes":""},"class_list":["post-3346","page","type-page","status-publish","hentry"],"_links":{"self":[{"href":"https:\/\/korsarger3500.de\/index.php\/wp-json\/wp\/v2\/pages\/3346","targetHints":{"allow":["GET"]}}],"collection":[{"href":"https:\/\/korsarger3500.de\/index.php\/wp-json\/wp\/v2\/pages"}],"about":[{"href":"https:\/\/korsarger3500.de\/index.php\/wp-json\/wp\/v2\/types\/page"}],"author":[{"embeddable":true,"href":"https:\/\/korsarger3500.de\/index.php\/wp-json\/wp\/v2\/users\/1"}],"replies":[{"embeddable":true,"href":"https:\/\/korsarger3500.de\/index.php\/wp-json\/wp\/v2\/comments?post=3346"}],"version-history":[{"count":12,"href":"https:\/\/korsarger3500.de\/index.php\/wp-json\/wp\/v2\/pages\/3346\/revisions"}],"predecessor-version":[{"id":3592,"href":"https:\/\/korsarger3500.de\/index.php\/wp-json\/wp\/v2\/pages\/3346\/revisions\/3592"}],"wp:attachment":[{"href":"https:\/\/korsarger3500.de\/index.php\/wp-json\/wp\/v2\/media?parent=3346"}],"curies":[{"name":"wp","href":"https:\/\/api.w.org\/{rel}","templated":true}]}}