{"id":3298,"date":"2017-01-27T12:07:45","date_gmt":"2017-01-27T11:07:45","guid":{"rendered":"http:\/\/korsarger3500.de\/?page_id=3298"},"modified":"2017-04-15T13:43:16","modified_gmt":"2017-04-15T11:43:16","slug":"mein-vorleben","status":"publish","type":"page","link":"https:\/\/korsarger3500.de\/index.php\/mein-vorleben\/","title":{"rendered":"Mein Vorleben"},"content":{"rendered":"<p style=\"text-align: justify;\">\u00dcber mein Vorleben ist bei der Crew eigentlich nicht viel bekannt. Ich k\u00f6nnt es Ihr ja verraten aber sie h\u00f6rt immer noch nicht richtig hin wenn ich was mitzuteilen habe. Meistens wollen die beiden den Dingen anderweitig auf den Grund gehen. Zum <a href=\"http:\/\/korsarger3500.de\/wp-content\/uploads\/2017\/01\/R_006-2.jpg\" rel=\"attachment wp-att-3293\" data-lbwps-width=\"4000\" data-lbwps-height=\"3000\" data-lbwps-srcsmall=\"https:\/\/korsarger3500.de\/wp-content\/uploads\/2017\/01\/R_006-2-300x225.jpg\"><img loading=\"lazy\" decoding=\"async\" class=\"wp-image-3293 size-thumbnail alignleft\" src=\"http:\/\/korsarger3500.de\/wp-content\/uploads\/2017\/01\/R_006-2-150x150.jpg\" alt=\"KN sichten 1\" width=\"150\" height=\"150\" \/><\/a>Beispiel fragen sie die Crews andere Schiffe ob die was \u00fcber mich zu berichten wissen. Dabei kam nat\u00fcrlich auch schon die eine oder andere Anekdote zum Vorschein. Der Zufall bescherte Ihnen dann den Zugriff auf ne Menge alter Korsaren News. Vielleicht war ja dort auch etwas \u00fcber mich zu finden? Die Hefte hatte der Skipper vom GER3619 (heute GER3739) in seinem Keller gelagert und brachte sie zur Regatta an den Schluchsee mit. Das nach der Auerhahn Regatta zun\u00e4chst\u00a0 andere, viel\u00a0 wichtigere Arbeiten anstanden, brauch ich ja hier nicht mehr zu erw\u00e4hnen. So wurden die Hefte im Herbst nur einmal grob gesichtet und verschwanden bis zum Jahresende im Abstellraum. Jetzt da alle Schrauben angezogen, die Macken geflickt und ich<a href=\"http:\/\/korsarger3500.de\/wp-content\/uploads\/2017\/01\/R_007-1.jpg\" rel=\"attachment wp-att-3294\" data-lbwps-width=\"4000\" data-lbwps-height=\"3000\" data-lbwps-srcsmall=\"https:\/\/korsarger3500.de\/wp-content\/uploads\/2017\/01\/R_007-1-300x225.jpg\"><img loading=\"lazy\" decoding=\"async\" class=\"size-thumbnail wp-image-3294 alignright\" src=\"http:\/\/korsarger3500.de\/wp-content\/uploads\/2017\/01\/R_007-1-150x150.jpg\" alt=\"KN sichten 2\" width=\"150\" height=\"150\" \/><\/a> endlich in die Winterruhe verlegt worden bin, konnte die Crew sich um die Sichtung der vielen Korsaren News k\u00fcmmern.\u00a0 Der Wohnzimmertisch war schnell belegt und wurde f\u00fcr mehrere Tage in Beschlag genommen. Was es da alles zu lesen gab. Die Korsaren Historie der letzten 40 Jahre in geballter Form. Das manche Namen der Schiffe und deren Crews, mit denen ich schon vor 30 Jahren das Korsarenschwert auf dem Wasser gekreuzt habe, heute immer noch auf der Regattabahn zu finden sind war mir vollkommen klar. Ich wei\u00df schlie\u00dflich, dass wir Korsare nicht klein zu kriegen sind. Die Crew staunte nicht schlecht, \u00fcber manche Namen, die da zu lesen waren und die interessanterweise auch heute noch unter den ersten Pl\u00e4tzen der Ranglisten zu finden sind. Mein erster Eintrag ist in einem Heft von 1987 verzeichnet, also gleich nachdem ich gebaut worden bin. Dort bin ich erstmals in der Rangliste <a href=\"http:\/\/korsarger3500.de\/wp-content\/uploads\/2017\/01\/2002_Bodensee_Bild.jpg\" rel=\"attachment wp-att-3311\" data-lbwps-width=\"4000\" data-lbwps-height=\"3000\" data-lbwps-srcsmall=\"https:\/\/korsarger3500.de\/wp-content\/uploads\/2017\/01\/2002_Bodensee_Bild-300x225.jpg\"><img loading=\"lazy\" decoding=\"async\" class=\"size-thumbnail wp-image-3311 alignleft\" src=\"http:\/\/korsarger3500.de\/wp-content\/uploads\/2017\/01\/2002_Bodensee_Bild-150x150.jpg\" alt=\"2002 ein Bild von mir am Bodensee\" width=\"150\" height=\"150\" \/><\/a>gef\u00fchrt und dort steht auch, dass ich in diesem Jahr 3 Regatten gesegelt bin. Damals waren die Regattafelder sehr gut besucht, es ist von Korsarenfeldern mit \u00fcber 80 Schiffen die Rede. Die Ergebnislisten wurden leider oft nur bis zum ersten Drittel der teilnehmenden Schiffe gef\u00fchrt und aufgezeichnet, das hei\u00dft, ich bin dort meistens nicht verzeichnet. Aber in der Gesamtergebnisliste des einen oder anderen Heftes hat mich die Crew dann doch entdeckt. Die Recherche ergab das ich von 1987 bis zum Jahr 2002 einige Korsarenregatten mit gesegelt bin. Ich wurde in Liblar gesehen und bin auch schon auf dem Bodensee gesegelt.<\/p>\n<div id='gallery-1' class='gallery galleryid-3298 gallery-columns-4 gallery-size-thumbnail'><figure class='gallery-item'>\n\t\t\t<div class='gallery-icon landscape'>\n\t\t\t\t<a href='https:\/\/korsarger3500.de\/wp-content\/uploads\/2017\/01\/R_001-3.jpg'><img loading=\"lazy\" decoding=\"async\" width=\"150\" height=\"150\" src=\"https:\/\/korsarger3500.de\/wp-content\/uploads\/2017\/01\/R_001-3-150x150.jpg\" class=\"attachment-thumbnail size-thumbnail\" alt=\"\" \/><\/a>\n\t\t\t<\/div><\/figure><figure class='gallery-item'>\n\t\t\t<div class='gallery-icon landscape'>\n\t\t\t\t<a href='https:\/\/korsarger3500.de\/wp-content\/uploads\/2017\/01\/1989_Liblar.jpg'><img loading=\"lazy\" decoding=\"async\" width=\"150\" height=\"150\" src=\"https:\/\/korsarger3500.de\/wp-content\/uploads\/2017\/01\/1989_Liblar-150x150.jpg\" class=\"attachment-thumbnail size-thumbnail\" alt=\"\" \/><\/a>\n\t\t\t<\/div><\/figure><figure class='gallery-item'>\n\t\t\t<div class='gallery-icon landscape'>\n\t\t\t\t<a href='https:\/\/korsarger3500.de\/wp-content\/uploads\/2017\/01\/2002_Rangliste.jpg'><img loading=\"lazy\" decoding=\"async\" width=\"150\" height=\"150\" src=\"https:\/\/korsarger3500.de\/wp-content\/uploads\/2017\/01\/2002_Rangliste-150x150.jpg\" class=\"attachment-thumbnail size-thumbnail\" alt=\"\" \/><\/a>\n\t\t\t<\/div><\/figure><figure class='gallery-item'>\n\t\t\t<div class='gallery-icon landscape'>\n\t\t\t\t<a href='https:\/\/korsarger3500.de\/wp-content\/uploads\/2017\/01\/R_010.jpg'><img loading=\"lazy\" decoding=\"async\" width=\"150\" height=\"150\" src=\"https:\/\/korsarger3500.de\/wp-content\/uploads\/2017\/01\/R_010-150x150.jpg\" class=\"attachment-thumbnail size-thumbnail\" alt=\"\" \/><\/a>\n\t\t\t<\/div><\/figure>\n\t\t<\/div>\n\n<p style=\"text-align: justify;\">Nach 2002 verl\u00e4uft sich meine Spur. Es finden sich keine Eintr\u00e4ge mehr in den Ranglisten der Hefte. Auch in den elektronischen Aufzeichnungen, die die Korsarenvereinigung seit 2003 online zur Verf\u00fcgung stellt, ist nichts mehr \u00fcber mich zu finden. Klar, verschwand ich doch f\u00fcr 10 lange Jahre in einer Halle.<\/p>\n<p style=\"text-align: justify;\">2012 wurde ich durch Zufall wiederentdeckt. Eine neue Crew stand pl\u00f6tzlich vor mir in der Halle. Ich musste sie nur noch f\u00fcr mich gewinnen. Ich gab alles und wei\u00df es noch genau: Es war im Mai 2013, als ich beim Spargelcup in Graben Neudorf die neue Crew erfolgreich mit dem Korsarenvirus infiziert hatte. Einige Schiffe und deren Crews mit denen ich 10 Jahre zuvor das Bodenseewasser durchpfl\u00fcgt hatte. waren auch dabei. Ich glaube die haben mir heimlich bei diesem Unterfangen geholfen.<\/p>\n<p style=\"text-align: justify;\">Seit dem bin ich auch endlich wieder in den Regatta listen zu finden.<\/p>\n<div id='gallery-2' class='gallery galleryid-3298 gallery-columns-3 gallery-size-thumbnail'><figure class='gallery-item'>\n\t\t\t<div class='gallery-icon landscape'>\n\t\t\t\t<a href='https:\/\/korsarger3500.de\/wp-content\/uploads\/2017\/01\/Rangliste_2016.jpg'><img loading=\"lazy\" decoding=\"async\" width=\"150\" height=\"150\" src=\"https:\/\/korsarger3500.de\/wp-content\/uploads\/2017\/01\/Rangliste_2016-150x150.jpg\" class=\"attachment-thumbnail size-thumbnail\" alt=\"\" \/><\/a>\n\t\t\t<\/div><\/figure><figure class='gallery-item'>\n\t\t\t<div class='gallery-icon portrait'>\n\t\t\t\t<a href='https:\/\/korsarger3500.de\/wp-content\/uploads\/2017\/01\/2002_Boodensee.jpg'><img loading=\"lazy\" decoding=\"async\" width=\"150\" height=\"150\" src=\"https:\/\/korsarger3500.de\/wp-content\/uploads\/2017\/01\/2002_Boodensee-150x150.jpg\" class=\"attachment-thumbnail size-thumbnail\" alt=\"\" \/><\/a>\n\t\t\t<\/div><\/figure><figure class='gallery-item'>\n\t\t\t<div class='gallery-icon portrait'>\n\t\t\t\t<a href='https:\/\/korsarger3500.de\/wp-content\/uploads\/2017\/01\/SC.jpg'><img loading=\"lazy\" decoding=\"async\" width=\"150\" height=\"150\" src=\"https:\/\/korsarger3500.de\/wp-content\/uploads\/2017\/01\/SC-150x150.jpg\" class=\"attachment-thumbnail size-thumbnail\" alt=\"\" \/><\/a>\n\t\t\t<\/div><\/figure>\n\t\t<\/div>\n\n<p>zur <a href=\"http:\/\/korsarger3500.de\/\">Startseite<\/a><\/p>\n<p style=\"text-align: justify;\">\n","protected":false},"excerpt":{"rendered":"<p>\u00dcber mein Vorleben ist bei der Crew eigentlich nicht viel bekannt. Ich k\u00f6nnt es Ihr ja verraten aber sie h\u00f6rt immer noch nicht richtig hin wenn ich was mitzuteilen habe. Meistens wollen die beiden den Dingen anderweitig auf den Grund gehen. Zum Beispiel fragen sie die Crews andere Schiffe ob die was \u00fcber mich zu &hellip; <a href=\"https:\/\/korsarger3500.de\/index.php\/mein-vorleben\/\" class=\"more-link\"><span class=\"screen-reader-text\">Mein Vorleben<\/span> weiterlesen<\/a><\/p>\n","protected":false},"author":1,"featured_media":0,"parent":0,"menu_order":0,"comment_status":"closed","ping_status":"closed","template":"","meta":{"footnotes":""},"class_list":["post-3298","page","type-page","status-publish","hentry"],"_links":{"self":[{"href":"https:\/\/korsarger3500.de\/index.php\/wp-json\/wp\/v2\/pages\/3298","targetHints":{"allow":["GET"]}}],"collection":[{"href":"https:\/\/korsarger3500.de\/index.php\/wp-json\/wp\/v2\/pages"}],"about":[{"href":"https:\/\/korsarger3500.de\/index.php\/wp-json\/wp\/v2\/types\/page"}],"author":[{"embeddable":true,"href":"https:\/\/korsarger3500.de\/index.php\/wp-json\/wp\/v2\/users\/1"}],"replies":[{"embeddable":true,"href":"https:\/\/korsarger3500.de\/index.php\/wp-json\/wp\/v2\/comments?post=3298"}],"version-history":[{"count":24,"href":"https:\/\/korsarger3500.de\/index.php\/wp-json\/wp\/v2\/pages\/3298\/revisions"}],"predecessor-version":[{"id":3586,"href":"https:\/\/korsarger3500.de\/index.php\/wp-json\/wp\/v2\/pages\/3298\/revisions\/3586"}],"wp:attachment":[{"href":"https:\/\/korsarger3500.de\/index.php\/wp-json\/wp\/v2\/media?parent=3298"}],"curies":[{"name":"wp","href":"https:\/\/api.w.org\/{rel}","templated":true}]}}