{"id":3137,"date":"2016-12-28T08:47:34","date_gmt":"2016-12-28T07:47:34","guid":{"rendered":"http:\/\/korsarger3500.de\/?page_id=3137"},"modified":"2026-02-20T16:38:57","modified_gmt":"2026-02-20T15:38:57","slug":"was-gibts-neues","status":"publish","type":"page","link":"https:\/\/korsarger3500.de\/index.php\/was-gibts-neues\/","title":{"rendered":"Was gibt&#8217;s Neues"},"content":{"rendered":"<p>zum Einen &#8230; das letzte Regatta Event<\/p>\n<p>&#8230; oder abseits des Regatta &#8211; segelns.<\/p>\n<p data-wp-editing=\"1\"><a href=\"https:\/\/korsarger3500.de\/index.php\/forum-bauen\/\"><img loading=\"lazy\" decoding=\"async\" class=\"alignnone wp-image-3266\" src=\"https:\/\/korsarger3500.de\/wp-content\/uploads\/2017\/01\/KV-150x150.jpg\" alt=\"\" width=\"106\" height=\"100\" \/><\/a><\/p>\n<ul>\n<li>Feb 2026: <a href=\"https:\/\/korsarger3500.de\/index.php\/ankes-mast\/\">Antje\u2018s \u00a0Mast<\/a><\/li>\n<li>Dez 2025: <a href=\"https:\/\/korsarger3500.de\/index.php\/innen-refit\/\">Refit Cockpit<\/a><\/li>\n<li>Juni 2024: <a href=\"https:\/\/korsarger3500.de\/index.php\/das-piratenschiff\/\">Das Piratenschiff<\/a><\/li>\n<li>Juni 2024:<a href=\"https:\/\/korsarger3500.de\/index.php\/neue-strecker-fuer-mastfall-und-wantenspannung\/\"> Strecker f\u00fcr Mastfall und Wantenspannung<\/a><\/li>\n<li>Mai 2024: <a href=\"https:\/\/korsarger3500.de\/index.php\/spi-barber-einbauen\/\">Neue Spif\u00fchrung ohne Barber<\/a><\/li>\n<li>Dez 2023: <a href=\"https:\/\/korsarger3500.de\/wp-content\/uploads\/2024\/01\/Regatten_2024.jpg\" data-lbwps-width=\"496\" data-lbwps-height=\"743\" data-lbwps-srcsmall=\"https:\/\/korsarger3500.de\/wp-content\/uploads\/2024\/01\/Regatten_2024-200x300.jpg\">Regatta 2024<\/a><\/li>\n<li>Dez 2023: <a href=\"https:\/\/korsarger3500.de\/index.php\/testseite\/\">Bilderanzeige auf der Webseite verbessert<\/a><\/li>\n<li>Mai 2023: <a href=\"https:\/\/korsarger3500.de\/index.php\/fallenaufraeumer\/\">Fallenaufr\u00e4umer bauen<\/a><\/li>\n<li>Mai 2023: <a href=\"https:\/\/korsarger3500.de\/index.php\/regatta-2023\/\">Regatta 2023<\/a><\/li>\n<li>Sept 2022: <a href=\"https:\/\/korsarger3500.de\/index.php\/rumpf-laminieren\/\">Rumpf laminieren<\/a><\/li>\n<li>Juli 2022: <a href=\"https:\/\/korsarger3500.de\/index.php\/10-jahre-bei-der-crew-in-losheim\/\">Zum 10 J\u00e4hrigen<\/a><\/li>\n<li>Juli 2022: <a href=\"https:\/\/korsarger3500.de\/index.php\/zeltpersenning-naehen\/\">Zeltpersenning<\/a><\/li>\n<li>Juni 2022: <a href=\"https:\/\/korsarger3500.de\/index.php\/update-baumniederholer\/\">Update Baumniederholer<\/a><\/li>\n<li>M\u00e4rz 2022: <a href=\"https:\/\/korsarger3500.de\/index.php\/regatta-2022\/\">Regatta 2022<\/a><\/li>\n<li>Jan 2022: <a href=\"https:\/\/korsarger3500.de\/index.php\/kleinere-anpassungen-und-reparaturen\/#Dez_2021_2\">Neuer Vorstageinlass<\/a><\/li>\n<li>Dez 2021: <a href=\"https:\/\/korsarger3500.de\/index.php\/kleinere-anpassungen-und-reparaturen\/#Dez_2021_1\">Scheuerleiste\/Spischot<\/a><\/li>\n<li>Dez 2021: <a href=\"https:\/\/korsarger3500.de\/index.php\/mittelschott-oeffnen\/\">Mittelschott \u00f6ffnen<\/a><\/li>\n<li>Nov 2021: vorl\u00e4ufiger inoffizieller Plan 2022<\/li>\n<li>Juli 2021: Angemeldete Benutzer sehen im Forum die Regattabilder<\/li>\n<li>April 2021: <a href=\"https:\/\/korsarger3500.de\/index.php\/forum-bauen\/\">Ich hab ein Forum bekommen<\/a><\/li>\n<li>Dez 2020: <a href=\"https:\/\/korsarger3500.de\/wp-content\/uploads\/2020\/12\/Termine_Regatten_2021.pdf\">Termine_Regatten_2021<\/a><\/li>\n<li>Mai 2020: <a href=\"https:\/\/korsarger3500.de\/index.php\/regatta-2020\/\">Regatta 2020<\/a><\/li>\n<li>Dez 2019: <a href=\"https:\/\/korsarger3500.de\/index.php\/deck-laminieren\/\">Deck laminieren<\/a><\/li>\n<li>Dez 2019: <a href=\"https:\/\/korsarger3500.de\/index.php\/rumpf-neu-streichen\/\">Rumpf streichen<\/a><\/li>\n<li>Nov 2019: <a href=\"https:\/\/korsarger3500.de\/index.php\/technische-daten\/\">Ich bin zu schwer<\/a><\/li>\n<li>Nov 2019: <a href=\"https:\/\/korsarger3500.de\/wp-content\/uploads\/2019\/11\/Regattatermine_2020.png\" data-lbwps-width=\"1107\" data-lbwps-height=\"576\" data-lbwps-srcsmall=\"https:\/\/korsarger3500.de\/wp-content\/uploads\/2019\/11\/Regattatermine_2020-300x156.png\">Mein Regattakalender 2020<\/a><\/li>\n<li>Sept 2019: <a href=\"https:\/\/korsarger3500.de\/index.php\/ich-war-das-nicht\/\">Das war ich nicht<\/a><\/li>\n<li>Sept 2019: <a href=\"https:\/\/korsarger3500.de\/index.php\/kleinere-anpassungen-und-reparaturen\/#Sep_2019_2\">Neue\u00a0 Oberpersening<\/a><\/li>\n<li>Sept 2019: <a href=\"https:\/\/korsarger3500.de\/index.php\/kleinere-anpassungen-und-reparaturen\/#Sep_2019_1\">Spibaumenbeschlag bauen<\/a><\/li>\n<li>Juni 2019:\u00a0 <a href=\"https:\/\/korsarger3500.de\/index.php\/ich-bekomme-verstaerkung\/\">Ich bekomme Verst\u00e4rkung<\/a><\/li>\n<li>Juni 2019:\u00a0 <a href=\"https:\/\/korsarger3500.de\/index.php\/comer-see-bei-domaso\/\">Comer See Tour<\/a><\/li>\n<li>Mai 2019:\u00a0 <a href=\"https:\/\/korsarger3500.de\/index.php\/training-am-goldkanal-beim-rcr-2019\/\">Training am Goldkanal<\/a><\/li>\n<li>April 2019: wieder <a href=\"https:\/\/korsarger3500.de\/index.php\/kleinere-anpassungen-und-reparaturen\/#Jan_2017_2\">Spigalgen bauen<\/a><\/li>\n<li>M\u00e4rz 2019: <a href=\"https:\/\/korsarger3500.de\/index.php\/regatta-2019\/\">Saisoner\u00f6ffnung<\/a><\/li>\n<li>M\u00e4rz 2019: <a href=\"https:\/\/korsarger3500.de\/index.php\/kleinere-anpassungen-und-reparaturen\/#Mrz_2019_1\">neue Paddel<\/a><\/li>\n<li>Jan 2019: <a href=\"https:\/\/korsarger3500.de\/index.php\/kleinere-anpassungen-und-reparaturen\/#Jan_2019_1\">Ich h\u00e4ng dann mal ab<\/a><\/li>\n<li>Dez 2018: <a href=\"https:\/\/korsarger3500.de\/index.php\/grossschotfuehrung\/\">ge\u00e4nderte Gro\u00dfschotf\u00fchrung<\/a><\/li>\n<li>Dez 2018: <a href=\"https:\/\/korsarger3500.de\/index.php\/teleskopierbarer-pinnenausleger\/\">Eine neue Pinne<\/a><\/li>\n<li>Dez 2018: <a href=\"https:\/\/korsarger3500.de\/wp-content\/uploads\/2018\/12\/Regattatermine_2019.png\" data-lbwps-width=\"1039\" data-lbwps-height=\"464\" data-lbwps-srcsmall=\"https:\/\/korsarger3500.de\/wp-content\/uploads\/2018\/12\/Regattatermine_2019-300x134.png\">Der Regattakalender 2019 ist da<\/a><\/li>\n<li>Aug 2018: <a href=\"https:\/\/korsarger3500.de\/index.php\/kleinere-anpassungen-und-reparaturen\/#Aug_2018_1\">Neues Genuafall<\/a><\/li>\n<li>Juli 2018: <a href=\"https:\/\/korsarger3500.de\/index.php\/endlos-niederholer\/\">Endlos Baumniederholer<\/a><\/li>\n<li>Juni 2018: <a href=\"https:\/\/korsarger3500.de\/index.php\/kleinere-anpassungen-und-reparaturen\/#Juni_2018_1\">Wantenhalterung unsicher<\/a><\/li>\n<li style=\"text-align: justify;\">Apil 2018: <a href=\"https:\/\/korsarger3500.de\/index.php\/kleinere-anpassungen-und-reparaturen\/#April_2018_1\">Genua-Vorliek-Spanner<\/a><\/li>\n<li style=\"text-align: justify;\">Feb 2018: <a href=\"https:\/\/korsarger3500.de\/index.php\/ein-neuer-segelsatz\/\">Ein neuer Satz Segel<\/a><\/li>\n<li style=\"text-align: justify;\">Jan 2018: <a href=\"https:\/\/korsarger3500.de\/index.php\/das-neue-ruder\/\">bekomme ich etwa ein neues Ruder<\/a><\/li>\n<li style=\"text-align: justify;\">Dez 2017: <a href=\"https:\/\/korsarger3500.de\/index.php\/test-ruder\/\">Bilder Ruderblattbau<\/a><\/li>\n<li style=\"text-align: justify;\">Dez 2017: Mein <a href=\"https:\/\/korsarger3500.de\/wp-content\/uploads\/2017\/12\/RegattaKalender2018.jpg\" data-lbwps-width=\"1013\" data-lbwps-height=\"608\" data-lbwps-srcsmall=\"https:\/\/korsarger3500.de\/wp-content\/uploads\/2017\/12\/RegattaKalender2018-300x180.jpg\">Regattakalender 2018<\/a><\/li>\n<li style=\"text-align: justify;\">Nov 2017: <a href=\"https:\/\/korsarger3500.de\/index.php\/kleinere-anpassungen-und-reparaturen\/#Nov_2017_1\">Hab die Schnauze blank<\/a><\/li>\n<li style=\"text-align: justify;\">Okt 2017: <a href=\"https:\/\/korsarger3500.de\/index.php\/spi-barber-einbauen\/#Okt_2017\">Spibarberumbau Part 3<\/a><\/li>\n<li style=\"text-align: justify;\">Sep 2017: <a href=\"https:\/\/korsarger3500.de\/index.php\/ein-weiteres-schluchsee-andenken\/\">Schluchsee Andenken Part 2<\/a><\/li>\n<li style=\"text-align: justify;\">Aug 2017: <a href=\"https:\/\/korsarger3500.de\/index.php\/ich-trage-einen-namen\/\">ab jetzt trage ich meinen Namen<\/a><\/li>\n<li style=\"text-align: justify;\">Juli 2017: <a href=\"https:\/\/korsarger3500.de\/index.php\/mastcontroller\/#Aug_2017\">Mastcontroler die Zweite<\/a><\/li>\n<li style=\"text-align: justify;\">Juni 2017: <a href=\"https:\/\/korsarger3500.de\/index.php\/ich-bekomm-ein-spirosystem\/\">Spirosystem einbauen<\/a><\/li>\n<li style=\"text-align: justify;\">Juni 2017: <a href=\"https:\/\/korsarger3500.de\/index.php\/wunden-lecken\/\">Gardasee Wunden lecken &#8230;<\/a><\/li>\n<li style=\"text-align: justify;\">Mai 2017: <a href=\"https:\/\/korsarger3500.de\/index.php\/inheiden-mitbringsel\/\">Inheiden Mitbringsel<\/a><\/li>\n<li style=\"text-align: justify;\">M\u00e4rz 2017: <a href=\"https:\/\/korsarger3500.de\/index.php\/kleinere-anpassungen-und-reparaturen\/#Mrz_2017_3\">Mehr Auftrieb<\/a><\/li>\n<li style=\"text-align: justify;\">M\u00e4rz 2017: <a href=\"https:\/\/korsarger3500.de\/index.php\/badetag-im-maerz-2\/\">Badetag<\/a><\/li>\n<li style=\"text-align: justify;\">M\u00e4rz 2017: <a href=\"https:\/\/korsarger3500.de\/index.php\/training-bostalsee-2017\/\">Fr\u00fchlings Erwachen<\/a><\/li>\n<li style=\"text-align: justify;\">Jan 2017: <a href=\"https:\/\/korsarger3500.de\/index.php\/ich-bin-auf-der-windfinder-karte\/\">Auf der Windfinder Karte gefunden<\/a><\/li>\n<li style=\"text-align: justify;\">Jan 2017: <a href=\"https:\/\/korsarger3500.de\/index.php\/mein-vorleben\/\">\u00dcber mein Vorleben<\/a><\/li>\n<li style=\"text-align: justify;\">Jan 2017: <a href=\"https:\/\/korsarger3500.de\/index.php\/kleinere-anpassungen-und-reparaturen\/#Jan_2017_2\">Spigalgen bauen<\/a><\/li>\n<li style=\"text-align: justify;\">Jan 2017: <a href=\"https:\/\/korsarger3500.de\/index.php\/kleinere-anpassungen-und-reparaturen\/#Jan_2017_1\">Decksausschnitt reparieren<\/a>.<\/li>\n<li style=\"text-align: justify;\">Jan 2017: <a href=\"https:\/\/korsarger3500.de\/index.php\/die-buegelfrage\/#Dez_2016_3\">Der B\u00fcgel wird erneuert.<\/a><\/li>\n<li style=\"text-align: justify;\">Dez 2016: <a href=\"https:\/\/korsarger3500.de\/index.php\/kleinere-anpassungen-und-reparaturen\/#Dez_2016_2\">Ich bekomme ein Utensilien Netz<\/a><\/li>\n<li style=\"text-align: justify;\">Dez 2016: <a href=\"https:\/\/korsarger3500.de\/index.php\/steckruder\/#Dez_2016_1\">Das Ruderblatt war mal wieder f\u00e4llig<\/a><\/li>\n<li style=\"text-align: justify;\">Nov 2016: <a href=\"https:\/\/korsarger3500.de\/index.php\/kleinere-anpassungen-und-reparaturen\/#Nov_2016_1\">Die Trailer Lichtleiste ist kaputt<\/a><\/li>\n<li style=\"text-align: justify;\">Nov 2016: <a href=\"http:\/\/korsarger3500.de\/index.php\/regatta-2017\/\">Der Regattakalender 2017 ist da<\/a><\/li>\n<\/ul>\n","protected":false},"excerpt":{"rendered":"<p>zum Einen &#8230; das letzte Regatta Event &#8230; oder abseits des Regatta &#8211; segelns. Feb 2026: Antje\u2018s \u00a0Mast Dez 2025: Refit Cockpit Juni 2024: Das Piratenschiff Juni 2024: Strecker f\u00fcr Mastfall und Wantenspannung Mai 2024: Neue Spif\u00fchrung ohne Barber Dez 2023: Regatta 2024 Dez 2023: Bilderanzeige auf der Webseite verbessert Mai 2023: Fallenaufr\u00e4umer bauen Mai &hellip; <a href=\"https:\/\/korsarger3500.de\/index.php\/was-gibts-neues\/\" class=\"more-link\"><span class=\"screen-reader-text\">Was gibt&#8217;s Neues<\/span> weiterlesen<\/a><\/p>\n","protected":false},"author":1,"featured_media":0,"parent":0,"menu_order":0,"comment_status":"closed","ping_status":"closed","template":"","meta":{"footnotes":""},"class_list":["post-3137","page","type-page","status-publish","hentry"],"_links":{"self":[{"href":"https:\/\/korsarger3500.de\/index.php\/wp-json\/wp\/v2\/pages\/3137","targetHints":{"allow":["GET"]}}],"collection":[{"href":"https:\/\/korsarger3500.de\/index.php\/wp-json\/wp\/v2\/pages"}],"about":[{"href":"https:\/\/korsarger3500.de\/index.php\/wp-json\/wp\/v2\/types\/page"}],"author":[{"embeddable":true,"href":"https:\/\/korsarger3500.de\/index.php\/wp-json\/wp\/v2\/users\/1"}],"replies":[{"embeddable":true,"href":"https:\/\/korsarger3500.de\/index.php\/wp-json\/wp\/v2\/comments?post=3137"}],"version-history":[{"count":265,"href":"https:\/\/korsarger3500.de\/index.php\/wp-json\/wp\/v2\/pages\/3137\/revisions"}],"predecessor-version":[{"id":9954,"href":"https:\/\/korsarger3500.de\/index.php\/wp-json\/wp\/v2\/pages\/3137\/revisions\/9954"}],"wp:attachment":[{"href":"https:\/\/korsarger3500.de\/index.php\/wp-json\/wp\/v2\/media?parent=3137"}],"curies":[{"name":"wp","href":"https:\/\/api.w.org\/{rel}","templated":true}]}}