{"id":3099,"date":"2016-11-21T11:45:37","date_gmt":"2016-11-21T10:45:37","guid":{"rendered":"http:\/\/korsarger3500.de\/?page_id=3099"},"modified":"2018-04-03T13:23:56","modified_gmt":"2018-04-03T11:23:56","slug":"regatta-2017","status":"publish","type":"page","link":"https:\/\/korsarger3500.de\/index.php\/regatta-2017\/","title":{"rendered":"Regatta 2017"},"content":{"rendered":"<p style=\"text-align: justify;\"><a href=\"https:\/\/korsarger3500.de\/index.php\/mein-vorleben\/\">\u00dcber mein Vorleben<\/a>. Im Winter hat sich die Crew mal mit der Suche nach meiner Vergangenheit besch\u00e4ftigt. Was dabei herausgekommen ist steht <a href=\"https:\/\/korsarger3500.de\/index.php\/mein-vorleben\/\">hier<\/a>. <a href=\"https:\/\/korsarger3500.de\/index.php\/mein-vorleben\/\" rel=\"attachment wp-att-3311\"><img loading=\"lazy\" decoding=\"async\" class=\"size-thumbnail wp-image-3311 alignnone\" src=\"http:\/\/korsarger3500.de\/wp-content\/uploads\/2017\/01\/2002_Bodensee_Bild-150x150.jpg\" alt=\"2002 ein Bild von mir am Bodensee\" width=\"150\" height=\"150\" \/><\/a><\/p>\n<p style=\"text-align: justify;\"><a href=\"https:\/\/korsarger3500.de\/index.php\/training-bostalsee-2017\/\">Fr\u00fchlings Erwachen in Bosen:<\/a> Noch nicht wirklich eine Regatta, aber schon so ein bisschen Regattafeeling konnte ich k\u00fcrzlich in Bosen vor meiner Bugspitze schnuppern. Ein herrliches Segelwochenende war das.<\/p>\n<p style=\"text-align: justify;\"><a href=\"https:\/\/korsarger3500.de\/index.php\/training-bostalsee-2017\/\" rel=\"attachment wp-att-3384\"><img loading=\"lazy\" decoding=\"async\" class=\"wp-image-3384 size-thumbnail alignnone\" src=\"https:\/\/korsarger3500.de\/wp-content\/uploads\/2017\/03\/P006-150x150.jpg\" alt=\"fertig\" width=\"150\" height=\"150\" \/><\/a><\/p>\n<p style=\"text-align: justify;\">Und ein paar Tage darauf gleich mal das <a href=\"https:\/\/korsarger3500.de\/index.php\/badetag-im-maerz-2\/\">zweite Training<\/a>. Diesmal mit Wind satt und genug.<\/p>\n<p style=\"text-align: justify;\"><a href=\"https:\/\/korsarger3500.de\/index.php\/badetag-im-maerz-2\/\"><img loading=\"lazy\" decoding=\"async\" class=\"alignnone wp-image-3448 size-thumbnail\" src=\"https:\/\/korsarger3500.de\/wp-content\/uploads\/2017\/03\/P018-1-150x150.jpg\" width=\"150\" height=\"150\" \/><\/a><\/p>\n<p style=\"text-align: justify;\"><a href=\"https:\/\/korsarger3500.de\/index.php\/korsarenschwert-liblar-2017\/\">Silbernes Korsarenschwert Liblar 2017<\/a><\/p>\n<p style=\"text-align: justify;\"><a href=\"https:\/\/korsarger3500.de\/index.php\/korsarenschwert-liblar-2017\/\"><img loading=\"lazy\" decoding=\"async\" class=\"alignnone wp-image-3471 size-medium\" src=\"https:\/\/korsarger3500.de\/wp-content\/uploads\/2016\/11\/pP001-300x225.jpg\" width=\"300\" height=\"225\" srcset=\"https:\/\/korsarger3500.de\/wp-content\/uploads\/2016\/11\/pP001-300x225.jpg 300w, https:\/\/korsarger3500.de\/wp-content\/uploads\/2016\/11\/pP001-768x576.jpg 768w, https:\/\/korsarger3500.de\/wp-content\/uploads\/2016\/11\/pP001-1024x768.jpg 1024w\" sizes=\"auto, (max-width: 300px) 100vw, 300px\" \/><\/a><\/p>\n<p style=\"text-align: justify;\"><a href=\"https:\/\/korsarger3500.de\/index.php\/fruehjahrstreff-inheiden-2017\/\">Fr\u00fchjahrstreff\u00a0 Inheiden 2017<\/a><\/p>\n<p style=\"text-align: justify;\"><a href=\"https:\/\/korsarger3500.de\/index.php\/fruehjahrstreff-inheiden-2017\/\"><img loading=\"lazy\" decoding=\"async\" class=\"alignnone wp-image-3606 size-medium\" src=\"https:\/\/korsarger3500.de\/wp-content\/uploads\/2017\/05\/Ziellinie_1-300x162.jpg\" alt=\"\" width=\"300\" height=\"162\" srcset=\"https:\/\/korsarger3500.de\/wp-content\/uploads\/2017\/05\/Ziellinie_1-300x162.jpg 300w, https:\/\/korsarger3500.de\/wp-content\/uploads\/2017\/05\/Ziellinie_1-768x414.jpg 768w, https:\/\/korsarger3500.de\/wp-content\/uploads\/2017\/05\/Ziellinie_1-1024x552.jpg 1024w, https:\/\/korsarger3500.de\/wp-content\/uploads\/2017\/05\/Ziellinie_1.jpg 1111w\" sizes=\"auto, (max-width: 300px) 100vw, 300px\" \/><\/a><\/p>\n<p style=\"text-align: justify;\"><a href=\"https:\/\/korsarger3500.de\/index.php\/spargel-cup-graben-neudorf-2017\/\">Spargel-Cup Graben Neudorf 2017<\/a><\/p>\n<p style=\"text-align: justify;\"><a href=\"https:\/\/korsarger3500.de\/index.php\/spargel-cup-graben-neudorf-2017\/\"><img loading=\"lazy\" decoding=\"async\" class=\"alignnone wp-image-3900 size-medium\" src=\"https:\/\/korsarger3500.de\/wp-content\/uploads\/2017\/06\/GN058-300x225.jpg\" alt=\"\" width=\"300\" height=\"225\" srcset=\"https:\/\/korsarger3500.de\/wp-content\/uploads\/2017\/06\/GN058-300x225.jpg 300w, https:\/\/korsarger3500.de\/wp-content\/uploads\/2017\/06\/GN058-768x576.jpg 768w, https:\/\/korsarger3500.de\/wp-content\/uploads\/2017\/06\/GN058-1024x768.jpg 1024w\" sizes=\"auto, (max-width: 300px) 100vw, 300px\" \/><\/a><\/p>\n<p style=\"text-align: justify;\"><a href=\"https:\/\/korsarger3500.de\/index.php\/euro-cup-am-comer-see\/\">EURO Cup am Comer See 2017<\/a><\/p>\n<p style=\"text-align: justify;\"><a href=\"https:\/\/korsarger3500.de\/index.php\/euro-cup-am-comer-see\/\"><img loading=\"lazy\" decoding=\"async\" class=\"alignnone wp-image-3935 size-medium\" src=\"https:\/\/korsarger3500.de\/wp-content\/uploads\/2017\/06\/18620871_10213176764236714_2382320959722623539_o-300x169.jpg\" alt=\"\" width=\"300\" height=\"169\" srcset=\"https:\/\/korsarger3500.de\/wp-content\/uploads\/2017\/06\/18620871_10213176764236714_2382320959722623539_o-300x169.jpg 300w, https:\/\/korsarger3500.de\/wp-content\/uploads\/2017\/06\/18620871_10213176764236714_2382320959722623539_o-768x432.jpg 768w, https:\/\/korsarger3500.de\/wp-content\/uploads\/2017\/06\/18620871_10213176764236714_2382320959722623539_o-1024x576.jpg 1024w, https:\/\/korsarger3500.de\/wp-content\/uploads\/2017\/06\/18620871_10213176764236714_2382320959722623539_o.jpg 2048w\" sizes=\"auto, (max-width: 300px) 100vw, 300px\" \/><\/a><\/p>\n<p style=\"text-align: justify;\"><a href=\"https:\/\/korsarger3500.de\/index.php\/riva-cup-am-gardersee-2017\/\">Riva Cup am Gardasee 2017<\/a><\/p>\n<p style=\"text-align: justify;\"><a href=\"https:\/\/korsarger3500.de\/index.php\/riva-cup-am-gardersee-2017\/\"><img loading=\"lazy\" decoding=\"async\" class=\"alignnone size-medium wp-image-3851\" src=\"https:\/\/korsarger3500.de\/wp-content\/uploads\/2017\/06\/aaaa3-300x200.jpg\" alt=\"\" width=\"300\" height=\"200\" srcset=\"https:\/\/korsarger3500.de\/wp-content\/uploads\/2017\/06\/aaaa3-300x200.jpg 300w, https:\/\/korsarger3500.de\/wp-content\/uploads\/2017\/06\/aaaa3-768x512.jpg 768w, https:\/\/korsarger3500.de\/wp-content\/uploads\/2017\/06\/aaaa3.jpg 1024w\" sizes=\"auto, (max-width: 300px) 100vw, 300px\" \/><\/a><\/p>\n<p style=\"text-align: justify;\"><a href=\"https:\/\/korsarger3500.de\/index.php\/kuhschellen-regatta-2017\/\">Kuhschelle 2017<\/a><\/p>\n<p style=\"text-align: justify;\"><a href=\"https:\/\/korsarger3500.de\/index.php\/kuhschellen-regatta-2017\/\"><img loading=\"lazy\" decoding=\"async\" class=\"alignnone wp-image-4185 size-medium\" src=\"https:\/\/korsarger3500.de\/wp-content\/uploads\/2016\/11\/Alpsee-201701-300x225.jpg\" alt=\"\" width=\"300\" height=\"225\" srcset=\"https:\/\/korsarger3500.de\/wp-content\/uploads\/2016\/11\/Alpsee-201701-300x225.jpg 300w, https:\/\/korsarger3500.de\/wp-content\/uploads\/2016\/11\/Alpsee-201701-768x576.jpg 768w, https:\/\/korsarger3500.de\/wp-content\/uploads\/2016\/11\/Alpsee-201701-1024x768.jpg 1024w\" sizes=\"auto, (max-width: 300px) 100vw, 300px\" \/><\/a><\/p>\n<p style=\"text-align: justify;\"><a href=\"https:\/\/korsarger3500.de\/index.php\/korsarenpreis-goldkanal-2017\/\">Korsarenpreis Goldkanal 2017<\/a><\/p>\n<p style=\"text-align: justify;\"><a href=\"https:\/\/korsarger3500.de\/index.php\/korsarenpreis-goldkanal-2017\/\"><img loading=\"lazy\" decoding=\"async\" class=\"alignnone wp-image-4263 size-medium\" src=\"https:\/\/korsarger3500.de\/wp-content\/uploads\/2017\/07\/Goldkanal-201701-300x225.jpg\" alt=\"\" width=\"300\" height=\"225\" srcset=\"https:\/\/korsarger3500.de\/wp-content\/uploads\/2017\/07\/Goldkanal-201701-300x225.jpg 300w, https:\/\/korsarger3500.de\/wp-content\/uploads\/2017\/07\/Goldkanal-201701-768x576.jpg 768w, https:\/\/korsarger3500.de\/wp-content\/uploads\/2017\/07\/Goldkanal-201701-1024x768.jpg 1024w\" sizes=\"auto, (max-width: 300px) 100vw, 300px\" \/><\/a><\/p>\n<p style=\"text-align: justify;\"><a href=\"https:\/\/korsarger3500.de\/index.php\/auerhahn-regatta-2017\/\">Auerhahnregatta Schluchsee 2017<\/a><\/p>\n<p style=\"text-align: justify;\"><a href=\"https:\/\/korsarger3500.de\/index.php\/auerhahn-regatta-2017\/\"><img loading=\"lazy\" decoding=\"async\" class=\"alignnone wp-image-4397 size-medium\" src=\"https:\/\/korsarger3500.de\/wp-content\/uploads\/2017\/08\/Schluchsee2017c_05-300x225.jpg\" alt=\"\" width=\"300\" height=\"225\" srcset=\"https:\/\/korsarger3500.de\/wp-content\/uploads\/2017\/08\/Schluchsee2017c_05-300x225.jpg 300w, https:\/\/korsarger3500.de\/wp-content\/uploads\/2017\/08\/Schluchsee2017c_05-768x576.jpg 768w, https:\/\/korsarger3500.de\/wp-content\/uploads\/2017\/08\/Schluchsee2017c_05-1024x768.jpg 1024w\" sizes=\"auto, (max-width: 300px) 100vw, 300px\" \/><\/a><\/p>\n<p style=\"text-align: justify;\"><a href=\"https:\/\/korsarger3500.de\/index.php\/korsaren-trichter-2017\/\">Korsaren Trichter 2017<\/a><\/p>\n<p style=\"text-align: justify;\"><a href=\"https:\/\/korsarger3500.de\/index.php\/korsaren-trichter-2017\/\"><img loading=\"lazy\" decoding=\"async\" class=\"alignnone wp-image-4496 size-medium\" src=\"https:\/\/korsarger3500.de\/wp-content\/uploads\/2017\/09\/Trichter_2017_93-300x225.jpg\" alt=\"\" width=\"300\" height=\"225\" srcset=\"https:\/\/korsarger3500.de\/wp-content\/uploads\/2017\/09\/Trichter_2017_93-300x225.jpg 300w, https:\/\/korsarger3500.de\/wp-content\/uploads\/2017\/09\/Trichter_2017_93-768x576.jpg 768w, https:\/\/korsarger3500.de\/wp-content\/uploads\/2017\/09\/Trichter_2017_93-1024x768.jpg 1024w\" sizes=\"auto, (max-width: 300px) 100vw, 300px\" \/><\/a><\/p>\n<p style=\"text-align: justify;\"><a href=\"https:\/\/korsarger3500.de\/index.php\/langener-waldsee-2017\/\">Langener Waldsee 2017<\/a><\/p>\n<p style=\"text-align: justify;\"><a href=\"https:\/\/korsarger3500.de\/index.php\/langener-waldsee-2017\/\"><img loading=\"lazy\" decoding=\"async\" class=\"alignnone wp-image-4564 size-medium\" src=\"https:\/\/korsarger3500.de\/wp-content\/uploads\/2017\/10\/Langen2017_22-300x225.jpg\" alt=\"\" width=\"300\" height=\"225\" srcset=\"https:\/\/korsarger3500.de\/wp-content\/uploads\/2017\/10\/Langen2017_22-300x225.jpg 300w, https:\/\/korsarger3500.de\/wp-content\/uploads\/2017\/10\/Langen2017_22-768x576.jpg 768w, https:\/\/korsarger3500.de\/wp-content\/uploads\/2017\/10\/Langen2017_22-1024x768.jpg 1024w\" sizes=\"auto, (max-width: 300px) 100vw, 300px\" \/><\/a><\/p>\n<p style=\"text-align: justify;\">Nachdem nun alle Regatten abgesegelt sind beginnt bald die Winterruhe. Vorab bin ich mit meiner Crew noch ein paar mal auf meinem See rum geschippert um die neuen Spibarber auszuprobieren. Wenn es dann am sch\u00f6nsten ist soll man bekanntlich aufh\u00f6ren. So machen wir das jetzt auch. Ich freu mich schon auf das n\u00e4chste Fr\u00fchjahr.<\/p>\n<div id='gallery-1' class='gallery galleryid-3099 gallery-columns-4 gallery-size-thumbnail'><figure class='gallery-item'>\n\t\t\t<div class='gallery-icon landscape'>\n\t\t\t\t<a href='https:\/\/korsarger3500.de\/wp-content\/uploads\/2017\/10\/Absegeln_2017_10.jpg'><img loading=\"lazy\" decoding=\"async\" width=\"150\" height=\"150\" src=\"https:\/\/korsarger3500.de\/wp-content\/uploads\/2017\/10\/Absegeln_2017_10-150x150.jpg\" class=\"attachment-thumbnail size-thumbnail\" alt=\"\" \/><\/a>\n\t\t\t<\/div><\/figure><figure class='gallery-item'>\n\t\t\t<div class='gallery-icon landscape'>\n\t\t\t\t<a href='https:\/\/korsarger3500.de\/wp-content\/uploads\/2017\/10\/Absegeln_2017_17.jpg'><img loading=\"lazy\" decoding=\"async\" width=\"150\" height=\"150\" src=\"https:\/\/korsarger3500.de\/wp-content\/uploads\/2017\/10\/Absegeln_2017_17-150x150.jpg\" class=\"attachment-thumbnail size-thumbnail\" alt=\"\" \/><\/a>\n\t\t\t<\/div><\/figure><figure class='gallery-item'>\n\t\t\t<div class='gallery-icon landscape'>\n\t\t\t\t<a href='https:\/\/korsarger3500.de\/wp-content\/uploads\/2017\/10\/Absegeln_2017_22.jpg'><img loading=\"lazy\" decoding=\"async\" width=\"150\" height=\"150\" src=\"https:\/\/korsarger3500.de\/wp-content\/uploads\/2017\/10\/Absegeln_2017_22-150x150.jpg\" class=\"attachment-thumbnail size-thumbnail\" alt=\"\" \/><\/a>\n\t\t\t<\/div><\/figure><figure class='gallery-item'>\n\t\t\t<div class='gallery-icon landscape'>\n\t\t\t\t<a href='https:\/\/korsarger3500.de\/wp-content\/uploads\/2017\/10\/Absegeln_2017_18.jpg'><img loading=\"lazy\" decoding=\"async\" width=\"150\" height=\"150\" src=\"https:\/\/korsarger3500.de\/wp-content\/uploads\/2017\/10\/Absegeln_2017_18-150x150.jpg\" class=\"attachment-thumbnail size-thumbnail\" alt=\"\" \/><\/a>\n\t\t\t<\/div><\/figure>\n\t\t<\/div>\n\n<p style=\"text-align: justify;\">Nat\u00fcrlich geht es zuerst ab in die Garage, denn es sind einige Macken an mir zu reparieren. Und wenn Skipper Lust hat bekomm ich \u00fcber Winter ein neues Ruderblatt gebastelt.<\/p>\n<p style=\"text-align: justify;\"><a href=\"https:\/\/korsarger3500.de\/index.php\/regatta-2018\/\">Weiter\u2026<\/a> oder zur <a href=\"https:\/\/korsarger3500.de\/\">Startseite<\/a><\/p>\n","protected":false},"excerpt":{"rendered":"<p>\u00dcber mein Vorleben. Im Winter hat sich die Crew mal mit der Suche nach meiner Vergangenheit besch\u00e4ftigt. Was dabei herausgekommen ist steht hier. Fr\u00fchlings Erwachen in Bosen: Noch nicht wirklich eine Regatta, aber schon so ein bisschen Regattafeeling konnte ich k\u00fcrzlich in Bosen vor meiner Bugspitze schnuppern. Ein herrliches Segelwochenende war das. Und ein paar &hellip; <a href=\"https:\/\/korsarger3500.de\/index.php\/regatta-2017\/\" class=\"more-link\"><span class=\"screen-reader-text\">Regatta 2017<\/span> weiterlesen<\/a><\/p>\n","protected":false},"author":1,"featured_media":0,"parent":0,"menu_order":0,"comment_status":"closed","ping_status":"closed","template":"","meta":{"footnotes":""},"class_list":["post-3099","page","type-page","status-publish","hentry"],"_links":{"self":[{"href":"https:\/\/korsarger3500.de\/index.php\/wp-json\/wp\/v2\/pages\/3099","targetHints":{"allow":["GET"]}}],"collection":[{"href":"https:\/\/korsarger3500.de\/index.php\/wp-json\/wp\/v2\/pages"}],"about":[{"href":"https:\/\/korsarger3500.de\/index.php\/wp-json\/wp\/v2\/types\/page"}],"author":[{"embeddable":true,"href":"https:\/\/korsarger3500.de\/index.php\/wp-json\/wp\/v2\/users\/1"}],"replies":[{"embeddable":true,"href":"https:\/\/korsarger3500.de\/index.php\/wp-json\/wp\/v2\/comments?post=3099"}],"version-history":[{"count":46,"href":"https:\/\/korsarger3500.de\/index.php\/wp-json\/wp\/v2\/pages\/3099\/revisions"}],"predecessor-version":[{"id":4908,"href":"https:\/\/korsarger3500.de\/index.php\/wp-json\/wp\/v2\/pages\/3099\/revisions\/4908"}],"wp:attachment":[{"href":"https:\/\/korsarger3500.de\/index.php\/wp-json\/wp\/v2\/media?parent=3099"}],"curies":[{"name":"wp","href":"https:\/\/api.w.org\/{rel}","templated":true}]}}