{"id":302,"date":"2016-01-25T16:51:37","date_gmt":"2016-01-25T15:51:37","guid":{"rendered":"http:\/\/korsarger3500.de\/?page_id=302"},"modified":"2024-08-19T06:06:55","modified_gmt":"2024-08-19T04:06:55","slug":"slipwagen-tuning","status":"publish","type":"page","link":"https:\/\/korsarger3500.de\/index.php\/slipwagen-tuning\/","title":{"rendered":"Slipwagen Tuning"},"content":{"rendered":"<p style=\"text-align: justify;\">Meine Sipwagenauflager sind mir zu ungem\u00fctlich &#8211; viel zu schmal. Wenn man fr\u00fcher bei Regatten nur f\u00fcr ein paar Wochenenden mal drauf liegt geht\u2019s ja noch, aber jetzt soll ich den ganzen Sommer darauf ruhen. Das geht gar nicht &#8211; da bekomme ich ja Dellen in den Rumpf. Zu Gl\u00fcck hat die Crew das auch schnell eingesehen.<\/p>\n<p style=\"text-align: justify;\">Das einzig Bl\u00f6de war, dass sie mich dazu auf den Kopf gestellt haben. Sie wollten unbedingt das mir das neue Bett wie angegossen passt. Mit Glasfasermatten und ein paar Liter Kunstharz wurden mir die neue Auflager auf den Rumpf angepasst. Gut das Frischhaltefolie dazwischen war sonst m\u00fcsste ich immer damit rumsegeln. Darauf wurde dann einfach die alte Auflage laminiert und etwas verputzt und lackiert damit es auch sch\u00f6ner aussieht. Einen Streifen Teppich drauf geklebt und fertig war das neuen Sommerbett.<\/p>\n<div id='gallery-1' class='gallery galleryid-302 gallery-columns-4 gallery-size-thumbnail'><figure class='gallery-item'>\n\t\t\t<div class='gallery-icon landscape'>\n\t\t\t\t<a href='https:\/\/korsarger3500.de\/wp-content\/uploads\/2016\/01\/Slipwagen001.jpg'><img loading=\"lazy\" decoding=\"async\" width=\"150\" height=\"150\" src=\"https:\/\/korsarger3500.de\/wp-content\/uploads\/2016\/01\/Slipwagen001-150x150.jpg\" class=\"attachment-thumbnail size-thumbnail\" alt=\"Mattenzuschnitt\" \/><\/a>\n\t\t\t<\/div><\/figure><figure class='gallery-item'>\n\t\t\t<div class='gallery-icon landscape'>\n\t\t\t\t<a href='https:\/\/korsarger3500.de\/wp-content\/uploads\/2016\/01\/Slipwagen002.jpg'><img loading=\"lazy\" decoding=\"async\" width=\"150\" height=\"150\" src=\"https:\/\/korsarger3500.de\/wp-content\/uploads\/2016\/01\/Slipwagen002-150x150.jpg\" class=\"attachment-thumbnail size-thumbnail\" alt=\"Anpassen\" \/><\/a>\n\t\t\t<\/div><\/figure><figure class='gallery-item'>\n\t\t\t<div class='gallery-icon landscape'>\n\t\t\t\t<a href='https:\/\/korsarger3500.de\/wp-content\/uploads\/2016\/01\/Slipwagen003.jpg'><img loading=\"lazy\" decoding=\"async\" width=\"150\" height=\"150\" src=\"https:\/\/korsarger3500.de\/wp-content\/uploads\/2016\/01\/Slipwagen003-150x150.jpg\" class=\"attachment-thumbnail size-thumbnail\" alt=\"Anpassen\" \/><\/a>\n\t\t\t<\/div><\/figure><figure class='gallery-item'>\n\t\t\t<div class='gallery-icon landscape'>\n\t\t\t\t<a href='https:\/\/korsarger3500.de\/wp-content\/uploads\/2016\/01\/Slipwagen004.jpg'><img loading=\"lazy\" decoding=\"async\" width=\"150\" height=\"150\" src=\"https:\/\/korsarger3500.de\/wp-content\/uploads\/2016\/01\/Slipwagen004-150x150.jpg\" class=\"attachment-thumbnail size-thumbnail\" alt=\"Vorderes Auflager\" \/><\/a>\n\t\t\t<\/div><\/figure><figure class='gallery-item'>\n\t\t\t<div class='gallery-icon landscape'>\n\t\t\t\t<a href='https:\/\/korsarger3500.de\/wp-content\/uploads\/2016\/01\/Slipwagen005.jpg'><img loading=\"lazy\" decoding=\"async\" width=\"150\" height=\"150\" src=\"https:\/\/korsarger3500.de\/wp-content\/uploads\/2016\/01\/Slipwagen005-150x150.jpg\" class=\"attachment-thumbnail size-thumbnail\" alt=\"Ausrichten\" \/><\/a>\n\t\t\t<\/div><\/figure><figure class='gallery-item'>\n\t\t\t<div class='gallery-icon landscape'>\n\t\t\t\t<a href='https:\/\/korsarger3500.de\/wp-content\/uploads\/2016\/01\/Slipwagen006.jpg'><img loading=\"lazy\" decoding=\"async\" width=\"150\" height=\"150\" src=\"https:\/\/korsarger3500.de\/wp-content\/uploads\/2016\/01\/Slipwagen006-150x150.jpg\" class=\"attachment-thumbnail size-thumbnail\" alt=\"Anpassen\" \/><\/a>\n\t\t\t<\/div><\/figure><figure class='gallery-item'>\n\t\t\t<div class='gallery-icon landscape'>\n\t\t\t\t<a href='https:\/\/korsarger3500.de\/wp-content\/uploads\/2016\/01\/Slipwagen007.jpg'><img loading=\"lazy\" decoding=\"async\" width=\"150\" height=\"150\" src=\"https:\/\/korsarger3500.de\/wp-content\/uploads\/2016\/01\/Slipwagen007-150x150.jpg\" class=\"attachment-thumbnail size-thumbnail\" alt=\"Laminieren\" \/><\/a>\n\t\t\t<\/div><\/figure><figure class='gallery-item'>\n\t\t\t<div class='gallery-icon landscape'>\n\t\t\t\t<a href='https:\/\/korsarger3500.de\/wp-content\/uploads\/2016\/01\/Slipwagen008.jpg'><img loading=\"lazy\" decoding=\"async\" width=\"150\" height=\"150\" src=\"https:\/\/korsarger3500.de\/wp-content\/uploads\/2016\/01\/Slipwagen008-150x150.jpg\" class=\"attachment-thumbnail size-thumbnail\" alt=\"Laminieren\" \/><\/a>\n\t\t\t<\/div><\/figure><figure class='gallery-item'>\n\t\t\t<div class='gallery-icon landscape'>\n\t\t\t\t<a href='https:\/\/korsarger3500.de\/wp-content\/uploads\/2016\/01\/Slipwagen009.jpg'><img loading=\"lazy\" decoding=\"async\" width=\"150\" height=\"150\" src=\"https:\/\/korsarger3500.de\/wp-content\/uploads\/2016\/01\/Slipwagen009-150x150.jpg\" class=\"attachment-thumbnail size-thumbnail\" alt=\"vorne Laminieren\" \/><\/a>\n\t\t\t<\/div><\/figure><figure class='gallery-item'>\n\t\t\t<div class='gallery-icon landscape'>\n\t\t\t\t<a href='https:\/\/korsarger3500.de\/wp-content\/uploads\/2016\/01\/Slipwagen010.jpg'><img loading=\"lazy\" decoding=\"async\" width=\"150\" height=\"150\" src=\"https:\/\/korsarger3500.de\/wp-content\/uploads\/2016\/01\/Slipwagen010-150x150.jpg\" class=\"attachment-thumbnail size-thumbnail\" alt=\"Aufsetzen vorderes Auflager\" \/><\/a>\n\t\t\t<\/div><\/figure><figure class='gallery-item'>\n\t\t\t<div class='gallery-icon landscape'>\n\t\t\t\t<a href='https:\/\/korsarger3500.de\/wp-content\/uploads\/2016\/01\/Slipwagen011.jpg'><img loading=\"lazy\" decoding=\"async\" width=\"150\" height=\"150\" src=\"https:\/\/korsarger3500.de\/wp-content\/uploads\/2016\/01\/Slipwagen011-150x150.jpg\" class=\"attachment-thumbnail size-thumbnail\" alt=\"Aufsetzen hinteres Auflager\" \/><\/a>\n\t\t\t<\/div><\/figure><figure class='gallery-item'>\n\t\t\t<div class='gallery-icon landscape'>\n\t\t\t\t<a href='https:\/\/korsarger3500.de\/wp-content\/uploads\/2016\/01\/Slipwagen012.jpg'><img loading=\"lazy\" decoding=\"async\" width=\"150\" height=\"150\" src=\"https:\/\/korsarger3500.de\/wp-content\/uploads\/2016\/01\/Slipwagen012-150x150.jpg\" class=\"attachment-thumbnail size-thumbnail\" alt=\"trocknen\" \/><\/a>\n\t\t\t<\/div><\/figure><figure class='gallery-item'>\n\t\t\t<div class='gallery-icon landscape'>\n\t\t\t\t<a href='https:\/\/korsarger3500.de\/wp-content\/uploads\/2016\/01\/Slipwagen013.jpg'><img loading=\"lazy\" decoding=\"async\" width=\"150\" height=\"150\" src=\"https:\/\/korsarger3500.de\/wp-content\/uploads\/2016\/01\/Slipwagen013-150x150.jpg\" class=\"attachment-thumbnail size-thumbnail\" alt=\"\" \/><\/a>\n\t\t\t<\/div><\/figure><figure class='gallery-item'>\n\t\t\t<div class='gallery-icon landscape'>\n\t\t\t\t<a href='https:\/\/korsarger3500.de\/wp-content\/uploads\/2016\/01\/Slipwagen014.jpg'><img loading=\"lazy\" decoding=\"async\" width=\"150\" height=\"150\" src=\"https:\/\/korsarger3500.de\/wp-content\/uploads\/2016\/01\/Slipwagen014-150x150.jpg\" class=\"attachment-thumbnail size-thumbnail\" alt=\"Abheben\" \/><\/a>\n\t\t\t<\/div><\/figure><figure class='gallery-item'>\n\t\t\t<div class='gallery-icon landscape'>\n\t\t\t\t<a href='https:\/\/korsarger3500.de\/wp-content\/uploads\/2016\/01\/Slipwagen015.jpg'><img loading=\"lazy\" decoding=\"async\" width=\"150\" height=\"150\" src=\"https:\/\/korsarger3500.de\/wp-content\/uploads\/2016\/01\/Slipwagen015-150x150.jpg\" class=\"attachment-thumbnail size-thumbnail\" alt=\"\" \/><\/a>\n\t\t\t<\/div><\/figure><figure class='gallery-item'>\n\t\t\t<div class='gallery-icon landscape'>\n\t\t\t\t<a href='https:\/\/korsarger3500.de\/wp-content\/uploads\/2016\/01\/Slipwagen016.jpg'><img loading=\"lazy\" decoding=\"async\" width=\"150\" height=\"150\" src=\"https:\/\/korsarger3500.de\/wp-content\/uploads\/2016\/01\/Slipwagen016-150x150.jpg\" class=\"attachment-thumbnail size-thumbnail\" alt=\"\" \/><\/a>\n\t\t\t<\/div><\/figure><figure class='gallery-item'>\n\t\t\t<div class='gallery-icon landscape'>\n\t\t\t\t<a href='https:\/\/korsarger3500.de\/wp-content\/uploads\/2016\/01\/Slipwagen017.jpg'><img loading=\"lazy\" decoding=\"async\" width=\"150\" height=\"150\" src=\"https:\/\/korsarger3500.de\/wp-content\/uploads\/2016\/01\/Slipwagen017-150x150.jpg\" class=\"attachment-thumbnail size-thumbnail\" alt=\"\" \/><\/a>\n\t\t\t<\/div><\/figure><figure class='gallery-item'>\n\t\t\t<div class='gallery-icon landscape'>\n\t\t\t\t<a href='https:\/\/korsarger3500.de\/wp-content\/uploads\/2016\/01\/Slipwagen018.jpg'><img loading=\"lazy\" decoding=\"async\" width=\"150\" height=\"150\" src=\"https:\/\/korsarger3500.de\/wp-content\/uploads\/2016\/01\/Slipwagen018-150x150.jpg\" class=\"attachment-thumbnail size-thumbnail\" alt=\"Streichen\" \/><\/a>\n\t\t\t<\/div><\/figure><figure class='gallery-item'>\n\t\t\t<div class='gallery-icon landscape'>\n\t\t\t\t<a href='https:\/\/korsarger3500.de\/wp-content\/uploads\/2016\/01\/Slipwagen019.jpg'><img loading=\"lazy\" decoding=\"async\" width=\"150\" height=\"150\" src=\"https:\/\/korsarger3500.de\/wp-content\/uploads\/2016\/01\/Slipwagen019-150x150.jpg\" class=\"attachment-thumbnail size-thumbnail\" alt=\"Fertig\" \/><\/a>\n\t\t\t<\/div><\/figure><figure class='gallery-item'>\n\t\t\t<div class='gallery-icon landscape'>\n\t\t\t\t<a href='https:\/\/korsarger3500.de\/wp-content\/uploads\/2016\/01\/Slipwagen020.jpg'><img loading=\"lazy\" decoding=\"async\" width=\"150\" height=\"150\" src=\"https:\/\/korsarger3500.de\/wp-content\/uploads\/2016\/01\/Slipwagen020-150x150.jpg\" class=\"attachment-thumbnail size-thumbnail\" alt=\"Fertig\" \/><\/a>\n\t\t\t<\/div><\/figure>\n\t\t<\/div>\n\n<p style=\"text-align: justify;\">Jetzt liegt sich&#8217;s viel entspannter.<\/p>\n<p style=\"text-align: justify;\"><a href=\"http:\/\/korsarger3500.de\/wp-content\/uploads\/2016\/01\/Slipwagen023.jpg\" data-lbwps-width=\"913\" data-lbwps-height=\"518\" data-lbwps-srcsmall=\"https:\/\/korsarger3500.de\/wp-content\/uploads\/2016\/01\/Slipwagen023-300x170.jpg\"><img loading=\"lazy\" decoding=\"async\" class=\"aligncenter wp-image-332 size-medium\" src=\"https:\/\/korsarger3500.de\/wp-content\/uploads\/2016\/01\/Slipwagen023-300x170.jpg\" alt=\"Slipwagen mit breiten Auflagern im Plobsheim\" width=\"300\" height=\"170\" srcset=\"https:\/\/korsarger3500.de\/wp-content\/uploads\/2016\/01\/Slipwagen023-300x170.jpg 300w, https:\/\/korsarger3500.de\/wp-content\/uploads\/2016\/01\/Slipwagen023-768x436.jpg 768w, https:\/\/korsarger3500.de\/wp-content\/uploads\/2016\/01\/Slipwagen023.jpg 913w\" sizes=\"auto, (max-width: 300px) 100vw, 300px\" \/><\/a>Da ich aber mit meinem Schwerpunkt viel zu weit vor der Achse liege und dadurch ca. 35 KG an der Deichsel wiege hat die Crew auch das gleich modifiziert. Die Achse musste etwas nach vorne verlegt werden. Nachdem alles fertig war, sind vom alten Stahl-Untergestell nur noch die Auflager \u00fcbrig geblieben. Der Rest wurde neu aus Alu zusammengebaut. Zwei kleine Bugr\u00e4der wurden au\u00dferdem noch spendiert, sodass ich mich nun auch auf dem Land super leicht rangieren lasse.<\/p>\n<div id='gallery-2' class='gallery galleryid-302 gallery-columns-4 gallery-size-thumbnail'><figure class='gallery-item'>\n\t\t\t<div class='gallery-icon landscape'>\n\t\t\t\t<a href='https:\/\/korsarger3500.de\/wp-content\/uploads\/2016\/03\/GwK_12.jpg'><img loading=\"lazy\" decoding=\"async\" width=\"150\" height=\"150\" src=\"https:\/\/korsarger3500.de\/wp-content\/uploads\/2016\/03\/GwK_12-150x150.jpg\" class=\"attachment-thumbnail size-thumbnail\" alt=\"Alu Slipwagen steckbar\" \/><\/a>\n\t\t\t<\/div><\/figure><figure class='gallery-item'>\n\t\t\t<div class='gallery-icon landscape'>\n\t\t\t\t<a href='https:\/\/korsarger3500.de\/wp-content\/uploads\/2016\/03\/GwK_10.jpg'><img loading=\"lazy\" decoding=\"async\" width=\"150\" height=\"150\" src=\"https:\/\/korsarger3500.de\/wp-content\/uploads\/2016\/03\/GwK_10-150x150.jpg\" class=\"attachment-thumbnail size-thumbnail\" alt=\"\" \/><\/a>\n\t\t\t<\/div><\/figure><figure class='gallery-item'>\n\t\t\t<div class='gallery-icon landscape'>\n\t\t\t\t<a href='https:\/\/korsarger3500.de\/wp-content\/uploads\/2016\/01\/GwK_09.jpg'><img loading=\"lazy\" decoding=\"async\" width=\"150\" height=\"150\" src=\"https:\/\/korsarger3500.de\/wp-content\/uploads\/2016\/01\/GwK_09-150x150.jpg\" class=\"attachment-thumbnail size-thumbnail\" alt=\"\" \/><\/a>\n\t\t\t<\/div><\/figure><figure class='gallery-item'>\n\t\t\t<div class='gallery-icon landscape'>\n\t\t\t\t<a href='https:\/\/korsarger3500.de\/wp-content\/uploads\/2016\/01\/GwK_08.jpg'><img loading=\"lazy\" decoding=\"async\" width=\"150\" height=\"150\" src=\"https:\/\/korsarger3500.de\/wp-content\/uploads\/2016\/01\/GwK_08-150x150.jpg\" class=\"attachment-thumbnail size-thumbnail\" alt=\"Alu Slipwagen steckbar\" \/><\/a>\n\t\t\t<\/div><\/figure>\n\t\t<\/div>\n\n<p>So kann man mich locker mit einer Hand anheben und rangieren.<\/p>\n<p style=\"text-align: justify;\"><a href=\"http:\/\/korsarger3500.de\/wp-content\/uploads\/2016\/01\/Slipwagen022-1.jpg\" data-lbwps-width=\"972\" data-lbwps-height=\"427\" data-lbwps-srcsmall=\"https:\/\/korsarger3500.de\/wp-content\/uploads\/2016\/01\/Slipwagen022-1-300x132.jpg\"><img loading=\"lazy\" decoding=\"async\" class=\"aligncenter wp-image-334 size-medium\" src=\"https:\/\/korsarger3500.de\/wp-content\/uploads\/2016\/01\/Slipwagen022-1-300x132.jpg\" alt=\"Slipwagen mit vorverlegter Achse\" width=\"300\" height=\"132\" srcset=\"https:\/\/korsarger3500.de\/wp-content\/uploads\/2016\/01\/Slipwagen022-1-300x132.jpg 300w, https:\/\/korsarger3500.de\/wp-content\/uploads\/2016\/01\/Slipwagen022-1-768x337.jpg 768w, https:\/\/korsarger3500.de\/wp-content\/uploads\/2016\/01\/Slipwagen022-1.jpg 972w\" sizes=\"auto, (max-width: 300px) 100vw, 300px\" \/><\/a><\/p>\n<p style=\"text-align: justify;\"><a href=\"http:\/\/korsarger3500.de\/index.php\/spi-barber-einbauen\/\">weiter &#8230;<\/a><\/p>\n","protected":false},"excerpt":{"rendered":"<p>Meine Sipwagenauflager sind mir zu ungem\u00fctlich &#8211; viel zu schmal. Wenn man fr\u00fcher bei Regatten nur f\u00fcr ein paar Wochenenden mal drauf liegt geht\u2019s ja noch, aber jetzt soll ich den ganzen Sommer darauf ruhen. Das geht gar nicht &#8211; da bekomme ich ja Dellen in den Rumpf. Zu Gl\u00fcck hat die Crew das auch &hellip; <a href=\"https:\/\/korsarger3500.de\/index.php\/slipwagen-tuning\/\" class=\"more-link\"><span class=\"screen-reader-text\">Slipwagen Tuning<\/span> weiterlesen<\/a><\/p>\n","protected":false},"author":1,"featured_media":0,"parent":0,"menu_order":0,"comment_status":"closed","ping_status":"closed","template":"","meta":{"footnotes":""},"class_list":["post-302","page","type-page","status-publish","hentry"],"_links":{"self":[{"href":"https:\/\/korsarger3500.de\/index.php\/wp-json\/wp\/v2\/pages\/302","targetHints":{"allow":["GET"]}}],"collection":[{"href":"https:\/\/korsarger3500.de\/index.php\/wp-json\/wp\/v2\/pages"}],"about":[{"href":"https:\/\/korsarger3500.de\/index.php\/wp-json\/wp\/v2\/types\/page"}],"author":[{"embeddable":true,"href":"https:\/\/korsarger3500.de\/index.php\/wp-json\/wp\/v2\/users\/1"}],"replies":[{"embeddable":true,"href":"https:\/\/korsarger3500.de\/index.php\/wp-json\/wp\/v2\/comments?post=302"}],"version-history":[{"count":27,"href":"https:\/\/korsarger3500.de\/index.php\/wp-json\/wp\/v2\/pages\/302\/revisions"}],"predecessor-version":[{"id":9189,"href":"https:\/\/korsarger3500.de\/index.php\/wp-json\/wp\/v2\/pages\/302\/revisions\/9189"}],"wp:attachment":[{"href":"https:\/\/korsarger3500.de\/index.php\/wp-json\/wp\/v2\/media?parent=302"}],"curies":[{"name":"wp","href":"https:\/\/api.w.org\/{rel}","templated":true}]}}