{"id":2478,"date":"2016-07-20T12:47:08","date_gmt":"2016-07-20T10:47:08","guid":{"rendered":"http:\/\/korsarger3500.de\/?page_id=2478"},"modified":"2024-08-21T04:27:09","modified_gmt":"2024-08-21T02:27:09","slug":"deck-streichen-die-zweite","status":"publish","type":"page","link":"https:\/\/korsarger3500.de\/index.php\/deck-streichen-die-zweite\/","title":{"rendered":"Deck streichen die Zweite"},"content":{"rendered":"<p style=\"text-align: justify;\">H\u00e4tte nicht gedacht, dass dies so bald n\u00f6tig sein sollte. Die letzte Decksanierung ist doch erst 3 Jahre her. Na ja &#8211; ich bin auch viel auf Achse und da kommen im Eifer des Gefechtes schon mal ein paar Macken, Dellen und Kratzer ins Deck. Mal dutzt die Schottin mir den Spibaum aufs Deck oder schmei\u00dft Ihn in den Rumpf, ein anderes mal l\u00e4sst der Skipper den Gro\u00dfbaum einfach in mich <a href=\"http:\/\/korsarger3500.de\/wp-content\/uploads\/2016\/07\/ds007.jpg\" rel=\"attachment wp-att-2487\" data-lbwps-width=\"4000\" data-lbwps-height=\"3000\" data-lbwps-srcsmall=\"https:\/\/korsarger3500.de\/wp-content\/uploads\/2016\/07\/ds007-300x225.jpg\"><img loading=\"lazy\" decoding=\"async\" class=\"alignright wp-image-2487 size-thumbnail\" src=\"http:\/\/korsarger3500.de\/wp-content\/uploads\/2016\/07\/ds007-150x150.jpg\" alt=\"viele Kratzer\" width=\"150\" height=\"150\" \/><\/a>rein fallen. Das hat mir weh getan, &#8211; ihm aber auch und das Ihm auch schon mal das Ruderblatt aus der Hand gefallen ist will ich erst gar nicht gro\u00df ausschm\u00fccken. Nicht zu vergessen der viel zu hohe Steg beim RSC unter den ich immer mal drunter rutsche und wenn dann nur ne leichte Welle kommt sto\u00dfe ich mit das Deck an. Skipper meinte, die Zeit ist g\u00fcnstig. Es ist bis zur n\u00e4chsten Regatta etwas Zeit, es ist gerade hei\u00df drau\u00dfen und eh ist die n\u00e4chsten Tage kein Wind angesagt. Die Garage ist neu gestrichen und somit staubfrei. Also hat er mal schnell alles was im Weg war ausgebaut, im Innenschiff alle Macken von Hand angeschliffen und anschlie\u00dfend das Deck komplett mit einem Schwingschleifer abgerutscht. 320er und 400er Schleifpapier hat er verwendet, da der 3 Jahre alte Lack ja nur etwas angeschliffen werden musste. Dann hat er den ganzen Schleifstaub abgesaugt\u00a0 und dann war Nachtruhe angesagt. Er wollte nicht in den Abend hinein streichen, weil der Lack die Abendfeuchte nicht so gerne mag.\u00a0 Am n\u00e4chsten Morgen in aller Fr\u00fche kam der erste Anstrich. Zuerst ein paar Tropfen auf die Stellen im Cockpit und dann einmal d\u00fcnn \u00fcber mein ganzes Deck. Dazu brauchte er ca. 120 ml des fertig gemischten Perfection Plus Klarlacks. Die Sonne bretzelt\u00a0auf die Garage und ich konnte so richtig sch\u00f6n trocknen. Gegen Abend gab&#8217;s dann noch ein Bad in der Sonne. Am n\u00e4chsten Morgen kam dann die zweite Schleif &#8211; und Lackkur, diesmal mit 600er Papier und etwas mehr Lack. Die Schicht sollte etwas dicker werden. Dann die hohen Temperaturen nutzen und durchtrocknen. Alle Beschl\u00e4ge und Schoten wieder rein und ich sehe aus wie neu.<\/p>\n<p style=\"text-align: justify;\">Na &#8211; ja fast so &#8230;<\/p>\n<div id='gallery-1' class='gallery galleryid-2478 gallery-columns-4 gallery-size-thumbnail'><figure class='gallery-item'>\n\t\t\t<div class='gallery-icon landscape'>\n\t\t\t\t<a href='https:\/\/korsarger3500.de\/wp-content\/uploads\/2016\/07\/ds001.jpg'><img loading=\"lazy\" decoding=\"async\" width=\"150\" height=\"150\" src=\"https:\/\/korsarger3500.de\/wp-content\/uploads\/2016\/07\/ds001-150x150.jpg\" class=\"attachment-thumbnail size-thumbnail\" alt=\"Ich hab Macken\" \/><\/a>\n\t\t\t<\/div><\/figure><figure class='gallery-item'>\n\t\t\t<div class='gallery-icon landscape'>\n\t\t\t\t<a href='https:\/\/korsarger3500.de\/wp-content\/uploads\/2016\/07\/ds007.jpg'><img loading=\"lazy\" decoding=\"async\" width=\"150\" height=\"150\" src=\"https:\/\/korsarger3500.de\/wp-content\/uploads\/2016\/07\/ds007-150x150.jpg\" class=\"attachment-thumbnail size-thumbnail\" alt=\"und viele Kratzer\" \/><\/a>\n\t\t\t<\/div><\/figure><figure class='gallery-item'>\n\t\t\t<div class='gallery-icon landscape'>\n\t\t\t\t<a href='https:\/\/korsarger3500.de\/wp-content\/uploads\/2016\/07\/ds002.jpg'><img loading=\"lazy\" decoding=\"async\" width=\"150\" height=\"150\" src=\"https:\/\/korsarger3500.de\/wp-content\/uploads\/2016\/07\/ds002-150x150.jpg\" class=\"attachment-thumbnail size-thumbnail\" alt=\"alles muss raus\" \/><\/a>\n\t\t\t<\/div><\/figure><figure class='gallery-item'>\n\t\t\t<div class='gallery-icon landscape'>\n\t\t\t\t<a href='https:\/\/korsarger3500.de\/wp-content\/uploads\/2016\/07\/ds003.jpg'><img loading=\"lazy\" decoding=\"async\" width=\"150\" height=\"150\" src=\"https:\/\/korsarger3500.de\/wp-content\/uploads\/2016\/07\/ds003-150x150.jpg\" class=\"attachment-thumbnail size-thumbnail\" alt=\"Im Cockpit schleifen\" \/><\/a>\n\t\t\t<\/div><\/figure><figure class='gallery-item'>\n\t\t\t<div class='gallery-icon landscape'>\n\t\t\t\t<a href='https:\/\/korsarger3500.de\/wp-content\/uploads\/2016\/07\/ds006.jpg'><img loading=\"lazy\" decoding=\"async\" width=\"150\" height=\"150\" src=\"https:\/\/korsarger3500.de\/wp-content\/uploads\/2016\/07\/ds006-150x150.jpg\" class=\"attachment-thumbnail size-thumbnail\" alt=\"Halbzeit\" \/><\/a>\n\t\t\t<\/div><\/figure><figure class='gallery-item'>\n\t\t\t<div class='gallery-icon landscape'>\n\t\t\t\t<a href='https:\/\/korsarger3500.de\/wp-content\/uploads\/2016\/07\/ds004.jpg'><img loading=\"lazy\" decoding=\"async\" width=\"150\" height=\"150\" src=\"https:\/\/korsarger3500.de\/wp-content\/uploads\/2016\/07\/ds004-150x150.jpg\" class=\"attachment-thumbnail size-thumbnail\" alt=\"Halbzeit\" \/><\/a>\n\t\t\t<\/div><\/figure><figure class='gallery-item'>\n\t\t\t<div class='gallery-icon landscape'>\n\t\t\t\t<a href='https:\/\/korsarger3500.de\/wp-content\/uploads\/2016\/07\/ds008.jpg'><img loading=\"lazy\" decoding=\"async\" width=\"150\" height=\"150\" src=\"https:\/\/korsarger3500.de\/wp-content\/uploads\/2016\/07\/ds008-150x150.jpg\" class=\"attachment-thumbnail size-thumbnail\" alt=\"komplett geschliffen\" \/><\/a>\n\t\t\t<\/div><\/figure><figure class='gallery-item'>\n\t\t\t<div class='gallery-icon landscape'>\n\t\t\t\t<a href='https:\/\/korsarger3500.de\/wp-content\/uploads\/2016\/07\/ds009.jpg'><img loading=\"lazy\" decoding=\"async\" width=\"150\" height=\"150\" src=\"https:\/\/korsarger3500.de\/wp-content\/uploads\/2016\/07\/ds009-150x150.jpg\" class=\"attachment-thumbnail size-thumbnail\" alt=\"sauber gesaugt\" \/><\/a>\n\t\t\t<\/div><\/figure><figure class='gallery-item'>\n\t\t\t<div class='gallery-icon landscape'>\n\t\t\t\t<a href='https:\/\/korsarger3500.de\/wp-content\/uploads\/2016\/07\/ds010.jpg'><img loading=\"lazy\" decoding=\"async\" width=\"150\" height=\"150\" src=\"https:\/\/korsarger3500.de\/wp-content\/uploads\/2016\/07\/ds010-150x150.jpg\" class=\"attachment-thumbnail size-thumbnail\" alt=\"Das Material\" \/><\/a>\n\t\t\t<\/div><\/figure><figure class='gallery-item'>\n\t\t\t<div class='gallery-icon landscape'>\n\t\t\t\t<a href='https:\/\/korsarger3500.de\/wp-content\/uploads\/2016\/07\/ds012.jpg'><img loading=\"lazy\" decoding=\"async\" width=\"150\" height=\"150\" src=\"https:\/\/korsarger3500.de\/wp-content\/uploads\/2016\/07\/ds012-150x150.jpg\" class=\"attachment-thumbnail size-thumbnail\" alt=\"erster Anstrich\" \/><\/a>\n\t\t\t<\/div><\/figure><figure class='gallery-item'>\n\t\t\t<div class='gallery-icon landscape'>\n\t\t\t\t<a href='https:\/\/korsarger3500.de\/wp-content\/uploads\/2016\/07\/ds011.jpg'><img loading=\"lazy\" decoding=\"async\" width=\"150\" height=\"150\" src=\"https:\/\/korsarger3500.de\/wp-content\/uploads\/2016\/07\/ds011-150x150.jpg\" class=\"attachment-thumbnail size-thumbnail\" alt=\"erster Anstrich\" \/><\/a>\n\t\t\t<\/div><\/figure><figure class='gallery-item'>\n\t\t\t<div class='gallery-icon landscape'>\n\t\t\t\t<a href='https:\/\/korsarger3500.de\/wp-content\/uploads\/2016\/07\/dss001.jpg'><img loading=\"lazy\" decoding=\"async\" width=\"150\" height=\"150\" src=\"https:\/\/korsarger3500.de\/wp-content\/uploads\/2016\/07\/dss001-150x150.jpg\" class=\"attachment-thumbnail size-thumbnail\" alt=\"trocknen in der Sonne\" \/><\/a>\n\t\t\t<\/div><\/figure>\n\t\t<\/div>\n\n<p><a href=\"http:\/\/korsarger3500.de\/index.php\/genua-vorliekspannung\/\">weiter<\/a><\/p>\n","protected":false},"excerpt":{"rendered":"<p>H\u00e4tte nicht gedacht, dass dies so bald n\u00f6tig sein sollte. Die letzte Decksanierung ist doch erst 3 Jahre her. Na ja &#8211; ich bin auch viel auf Achse und da kommen im Eifer des Gefechtes schon mal ein paar Macken, Dellen und Kratzer ins Deck. Mal dutzt die Schottin mir den Spibaum aufs Deck oder &hellip; <a href=\"https:\/\/korsarger3500.de\/index.php\/deck-streichen-die-zweite\/\" class=\"more-link\"><span class=\"screen-reader-text\">Deck streichen die Zweite<\/span> weiterlesen<\/a><\/p>\n","protected":false},"author":1,"featured_media":0,"parent":0,"menu_order":0,"comment_status":"closed","ping_status":"closed","template":"","meta":{"footnotes":""},"class_list":["post-2478","page","type-page","status-publish","hentry"],"_links":{"self":[{"href":"https:\/\/korsarger3500.de\/index.php\/wp-json\/wp\/v2\/pages\/2478","targetHints":{"allow":["GET"]}}],"collection":[{"href":"https:\/\/korsarger3500.de\/index.php\/wp-json\/wp\/v2\/pages"}],"about":[{"href":"https:\/\/korsarger3500.de\/index.php\/wp-json\/wp\/v2\/types\/page"}],"author":[{"embeddable":true,"href":"https:\/\/korsarger3500.de\/index.php\/wp-json\/wp\/v2\/users\/1"}],"replies":[{"embeddable":true,"href":"https:\/\/korsarger3500.de\/index.php\/wp-json\/wp\/v2\/comments?post=2478"}],"version-history":[{"count":8,"href":"https:\/\/korsarger3500.de\/index.php\/wp-json\/wp\/v2\/pages\/2478\/revisions"}],"predecessor-version":[{"id":2543,"href":"https:\/\/korsarger3500.de\/index.php\/wp-json\/wp\/v2\/pages\/2478\/revisions\/2543"}],"wp:attachment":[{"href":"https:\/\/korsarger3500.de\/index.php\/wp-json\/wp\/v2\/media?parent=2478"}],"curies":[{"name":"wp","href":"https:\/\/api.w.org\/{rel}","templated":true}]}}